{"id":930,"date":"2022-11-29T15:20:47","date_gmt":"2022-11-29T13:20:47","guid":{"rendered":"https:\/\/binaturalproducts.com\/?post_type=product&#038;p=930"},"modified":"2025-12-02T11:11:30","modified_gmt":"2025-12-02T09:11:30","slug":"orvosi-aktiv-szenes-szappan","status":"publish","type":"product","link":"https:\/\/binaturalproducts.com\/ro\/produs\/orvosi-aktiv-szenes-szappan\/","title":{"rendered":"S\u0103pun cu C\u0103rbune Activ"},"content":{"rendered":"<p class=\"Norm_l tm5\"><span class=\"tm6\">S\u0103punul cu c\u0103rbune activat este un tratament eficient pentru pielea gras\u0103, cu tendin\u021b\u0103 acneic\u0103. Suprafa\u021ba sa activ\u0103 atrage excesul de ulei \u0219i murd\u0103rie, desfund\u00e2nd porii.<\/span><\/p>\n<p><span class=\"tm7\">Uleiul de arbore de ceai are propriet\u0103\u021bi puternice de cur\u0103\u021bare \u0219i dezinfectare pentru pielea gras\u0103 \u0219i mixt\u0103. <\/span><\/p>\n<p><span class=\"tm7\">Uleiul esen\u021bial de piper cubeba confer\u0103 o arom\u0103 proasp\u0103t\u0103 citric\u0103, ajut\u0103 la combaterea stresului \u0219i oboselii, totodat\u0103 av\u00e2nd \u0219i propriet\u0103\u021bi antifungice pentru dezinfectarea pielii.<\/span><\/p>\n<p>Recomandat pentru: ten problematic, acneic, gras, cu tendin\u021be acneice<\/p>\n<p>Ingrediente: ulei de cocos, ulei de rapi\u021b\u0103, ulei de m\u0103sline, c\u0103rbune activ, ulei esen\u021bial de arbore de ceai, ulei esen\u021bial de cubeba<\/p>\n<p>e 100 gr<\/p>","protected":false},"excerpt":{"rendered":"<p><span class=\"tm6\">S\u0103punul cu c\u0103rbune activat este un tratament eficient pentru pielea gras\u0103, cu tendin\u021b\u0103 acneic\u0103. Suprafa\u021ba sa activ\u0103 atrage excesul de ulei \u0219i murd\u0103rie, desfund\u00e2nd porii.<\/span><\/p>","protected":false},"featured_media":932,"comment_status":"open","ping_status":"closed","template":"","meta":[],"product_brand":[],"product_cat":[45,27],"product_tag":[],"class_list":{"0":"post-930","1":"product","2":"type-product","3":"status-publish","4":"has-post-thumbnail","6":"product_cat-osszes","7":"product_cat-higienia","9":"first","10":"instock","11":"shipping-taxable","12":"purchasable","13":"product-type-simple"},"yoast_head":"<!-- This site is optimized with the Yoast SEO plugin v27.4 - https:\/\/yoast.com\/product\/yoast-seo-wordpress\/ -->\n<title>Orvosi akt\u00edv szenes szappan - Binaturalproducts<\/title>\n<meta name=\"description\" content=\"Az akt\u00edv szenes szappan hat\u00e9konyan b\u00e1nik el a zs\u00edros, pattan\u00e1sos b\u0151r t\u00fcneteivel. Akt\u00edv fel\u00fclete mag\u00e1hoz vonzza a felesleges zs\u00edrt \u00e9s szennyez\u0151d\u00e9st, szabadd\u00e1 teszi a p\u00f3rusokat.\" \/>\n<meta name=\"robots\" content=\"index, follow, max-snippet:-1, max-image-preview:large, max-video-preview:-1\" \/>\n<link rel=\"canonical\" href=\"https:\/\/binaturalproducts.com\/ro\/produs\/orvosi-aktiv-szenes-szappan\/\" \/>\n<meta property=\"og:locale\" content=\"ro_RO\" \/>\n<meta property=\"og:type\" content=\"article\" \/>\n<meta property=\"og:title\" content=\"Orvosi akt\u00edv szenes szappan - Binaturalproducts\" \/>\n<meta property=\"og:description\" content=\"Az akt\u00edv szenes szappan hat\u00e9konyan b\u00e1nik el a zs\u00edros, pattan\u00e1sos b\u0151r t\u00fcneteivel. Akt\u00edv fel\u00fclete mag\u00e1hoz vonzza a felesleges zs\u00edrt \u00e9s szennyez\u0151d\u00e9st, szabadd\u00e1 teszi a p\u00f3rusokat.\" \/>\n<meta property=\"og:url\" content=\"https:\/\/binaturalproducts.com\/ro\/produs\/orvosi-aktiv-szenes-szappan\/\" \/>\n<meta property=\"og:site_name\" content=\"Binaturalproducts\" \/>\n<meta property=\"article:modified_time\" content=\"2025-12-02T09:11:30+00:00\" \/>\n<meta property=\"og:image\" content=\"https:\/\/binaturalproducts.com\/wp-content\/uploads\/2022\/11\/1668787889441-scaled.jpg\" \/>\n\t<meta property=\"og:image:width\" content=\"2560\" \/>\n\t<meta property=\"og:image:height\" content=\"1518\" \/>\n\t<meta property=\"og:image:type\" content=\"image\/jpeg\" \/>\n<meta name=\"twitter:card\" content=\"summary_large_image\" \/>\n<meta name=\"twitter:label1\" content=\"Timp estimat pentru citire\" \/>\n\t<meta name=\"twitter:data1\" content=\"1 minut\" \/>\n<script type=\"application\/ld+json\" class=\"yoast-schema-graph\">{\"@context\":\"https:\\\/\\\/schema.org\",\"@graph\":[{\"@type\":\"WebPage\",\"@id\":\"https:\\\/\\\/binaturalproducts.com\\\/termek\\\/orvosi-aktiv-szenes-szappan\\\/\",\"url\":\"https:\\\/\\\/binaturalproducts.com\\\/termek\\\/orvosi-aktiv-szenes-szappan\\\/\",\"name\":\"Orvosi akt\u00edv szenes szappan - Binaturalproducts\",\"isPartOf\":{\"@id\":\"https:\\\/\\\/binaturalproducts.com\\\/#website\"},\"primaryImageOfPage\":{\"@id\":\"https:\\\/\\\/binaturalproducts.com\\\/termek\\\/orvosi-aktiv-szenes-szappan\\\/#primaryimage\"},\"image\":{\"@id\":\"https:\\\/\\\/binaturalproducts.com\\\/termek\\\/orvosi-aktiv-szenes-szappan\\\/#primaryimage\"},\"thumbnailUrl\":\"https:\\\/\\\/binaturalproducts.com\\\/wp-content\\\/uploads\\\/2022\\\/11\\\/1668787889441-scaled.jpg\",\"datePublished\":\"2022-11-29T13:20:47+00:00\",\"dateModified\":\"2025-12-02T09:11:30+00:00\",\"description\":\"Az akt\u00edv szenes szappan hat\u00e9konyan b\u00e1nik el a zs\u00edros, pattan\u00e1sos b\u0151r t\u00fcneteivel. Akt\u00edv fel\u00fclete mag\u00e1hoz vonzza a felesleges zs\u00edrt \u00e9s szennyez\u0151d\u00e9st, szabadd\u00e1 teszi a p\u00f3rusokat.\",\"breadcrumb\":{\"@id\":\"https:\\\/\\\/binaturalproducts.com\\\/termek\\\/orvosi-aktiv-szenes-szappan\\\/#breadcrumb\"},\"inLanguage\":\"ro-RO\",\"potentialAction\":[{\"@type\":\"ReadAction\",\"target\":[\"https:\\\/\\\/binaturalproducts.com\\\/termek\\\/orvosi-aktiv-szenes-szappan\\\/\"]}]},{\"@type\":\"ImageObject\",\"inLanguage\":\"ro-RO\",\"@id\":\"https:\\\/\\\/binaturalproducts.com\\\/termek\\\/orvosi-aktiv-szenes-szappan\\\/#primaryimage\",\"url\":\"https:\\\/\\\/binaturalproducts.com\\\/wp-content\\\/uploads\\\/2022\\\/11\\\/1668787889441-scaled.jpg\",\"contentUrl\":\"https:\\\/\\\/binaturalproducts.com\\\/wp-content\\\/uploads\\\/2022\\\/11\\\/1668787889441-scaled.jpg\",\"width\":2560,\"height\":1518,\"caption\":\"Binatural Products - Orvosi akt\u00edv szenes szappan\"},{\"@type\":\"BreadcrumbList\",\"@id\":\"https:\\\/\\\/binaturalproducts.com\\\/termek\\\/orvosi-aktiv-szenes-szappan\\\/#breadcrumb\",\"itemListElement\":[{\"@type\":\"ListItem\",\"position\":1,\"name\":\"Kezd\u0151lap\",\"item\":\"https:\\\/\\\/binaturalproducts.com\\\/\"},{\"@type\":\"ListItem\",\"position\":2,\"name\":\"\u00dczlet\",\"item\":\"https:\\\/\\\/binaturalproducts.com\\\/uzlet\\\/\"},{\"@type\":\"ListItem\",\"position\":3,\"name\":\"Orvosi akt\u00edv szenes szappan\"}]},{\"@type\":\"WebSite\",\"@id\":\"https:\\\/\\\/binaturalproducts.com\\\/#website\",\"url\":\"https:\\\/\\\/binaturalproducts.com\\\/\",\"name\":\"Binaturalproducts\",\"description\":\"Nat\u00far term\u00e9kek Erd\u00e9ly sz\u00edv\u00e9b\u0151l\",\"potentialAction\":[{\"@type\":\"SearchAction\",\"target\":{\"@type\":\"EntryPoint\",\"urlTemplate\":\"https:\\\/\\\/binaturalproducts.com\\\/?s={search_term_string}\"},\"query-input\":{\"@type\":\"PropertyValueSpecification\",\"valueRequired\":true,\"valueName\":\"search_term_string\"}}],\"inLanguage\":\"ro-RO\"}]}<\/script>\n<!-- \/ Yoast SEO plugin. -->","yoast_head_json":{"title":"S\u0103pun cu C\u0103rbune Activ - Binaturalproducts","description":"S\u0103punul cu c\u0103rbune activat este un tratament eficient pentru pielea gras\u0103, cu tendin\u021b\u0103 acneic\u0103. Suprafa\u021ba sa activ\u0103 atrage excesul de ulei \u0219i murd\u0103rie, desfund\u00e2nd porii.","robots":{"index":"index","follow":"follow","max-snippet":"max-snippet:-1","max-image-preview":"max-image-preview:large","max-video-preview":"max-video-preview:-1"},"canonical":"https:\/\/binaturalproducts.com\/ro\/produs\/orvosi-aktiv-szenes-szappan\/","og_locale":"ro_RO","og_type":"article","og_title":"Orvosi akt\u00edv szenes szappan - Binaturalproducts","og_description":"Az akt\u00edv szenes szappan hat\u00e9konyan b\u00e1nik el a zs\u00edros, pattan\u00e1sos b\u0151r t\u00fcneteivel. Akt\u00edv fel\u00fclete mag\u00e1hoz vonzza a felesleges zs\u00edrt \u00e9s szennyez\u0151d\u00e9st, szabadd\u00e1 teszi a p\u00f3rusokat.","og_url":"https:\/\/binaturalproducts.com\/ro\/produs\/orvosi-aktiv-szenes-szappan\/","og_site_name":"Binaturalproducts","article_modified_time":"2025-12-02T09:11:30+00:00","og_image":[{"width":2560,"height":1518,"url":"https:\/\/binaturalproducts.com\/wp-content\/uploads\/2022\/11\/1668787889441-scaled.jpg","type":"image\/jpeg"}],"twitter_card":"summary_large_image","twitter_misc":{"Timp estimat pentru citire":"1 minut"},"schema":{"@context":"https:\/\/schema.org","@graph":[{"@type":"WebPage","@id":"https:\/\/binaturalproducts.com\/termek\/orvosi-aktiv-szenes-szappan\/","url":"https:\/\/binaturalproducts.com\/termek\/orvosi-aktiv-szenes-szappan\/","name":"S\u0103pun cu C\u0103rbune Activ - Binaturalproducts","isPartOf":{"@id":"https:\/\/binaturalproducts.com\/#website"},"primaryImageOfPage":{"@id":"https:\/\/binaturalproducts.com\/termek\/orvosi-aktiv-szenes-szappan\/#primaryimage"},"image":{"@id":"https:\/\/binaturalproducts.com\/termek\/orvosi-aktiv-szenes-szappan\/#primaryimage"},"thumbnailUrl":"https:\/\/binaturalproducts.com\/wp-content\/uploads\/2022\/11\/1668787889441-scaled.jpg","datePublished":"2022-11-29T13:20:47+00:00","dateModified":"2025-12-02T09:11:30+00:00","description":"S\u0103punul cu c\u0103rbune activat este un tratament eficient pentru pielea gras\u0103, cu tendin\u021b\u0103 acneic\u0103. Suprafa\u021ba sa activ\u0103 atrage excesul de ulei \u0219i murd\u0103rie, desfund\u00e2nd porii.","breadcrumb":{"@id":"https:\/\/binaturalproducts.com\/termek\/orvosi-aktiv-szenes-szappan\/#breadcrumb"},"inLanguage":"ro-RO","potentialAction":[{"@type":"ReadAction","target":["https:\/\/binaturalproducts.com\/termek\/orvosi-aktiv-szenes-szappan\/"]}]},{"@type":"ImageObject","inLanguage":"ro-RO","@id":"https:\/\/binaturalproducts.com\/termek\/orvosi-aktiv-szenes-szappan\/#primaryimage","url":"https:\/\/binaturalproducts.com\/wp-content\/uploads\/2022\/11\/1668787889441-scaled.jpg","contentUrl":"https:\/\/binaturalproducts.com\/wp-content\/uploads\/2022\/11\/1668787889441-scaled.jpg","width":2560,"height":1518,"caption":"Binatural Products - Orvosi akt\u00edv szenes szappan"},{"@type":"BreadcrumbList","@id":"https:\/\/binaturalproducts.com\/termek\/orvosi-aktiv-szenes-szappan\/#breadcrumb","itemListElement":[{"@type":"ListItem","position":1,"name":"Kezd\u0151lap","item":"https:\/\/binaturalproducts.com\/"},{"@type":"ListItem","position":2,"name":"\u00dczlet","item":"https:\/\/binaturalproducts.com\/uzlet\/"},{"@type":"ListItem","position":3,"name":"Orvosi akt\u00edv szenes szappan"}]},{"@type":"WebSite","@id":"https:\/\/binaturalproducts.com\/#website","url":"https:\/\/binaturalproducts.com\/","name":"Binaturalproducts","description":"PRODUSE NATURALE DIN INIMA TRANSILVANIEI","potentialAction":[{"@type":"SearchAction","target":{"@type":"EntryPoint","urlTemplate":"https:\/\/binaturalproducts.com\/?s={search_term_string}"},"query-input":{"@type":"PropertyValueSpecification","valueRequired":true,"valueName":"search_term_string"}}],"inLanguage":"ro-RO"}]}},"_links":{"self":[{"href":"https:\/\/binaturalproducts.com\/ro\/wp-json\/wp\/v2\/product\/930","targetHints":{"allow":["GET"]}}],"collection":[{"href":"https:\/\/binaturalproducts.com\/ro\/wp-json\/wp\/v2\/product"}],"about":[{"href":"https:\/\/binaturalproducts.com\/ro\/wp-json\/wp\/v2\/types\/product"}],"replies":[{"embeddable":true,"href":"https:\/\/binaturalproducts.com\/ro\/wp-json\/wp\/v2\/comments?post=930"}],"wp:featuredmedia":[{"embeddable":true,"href":"https:\/\/binaturalproducts.com\/ro\/wp-json\/wp\/v2\/media\/932"}],"wp:attachment":[{"href":"https:\/\/binaturalproducts.com\/ro\/wp-json\/wp\/v2\/media?parent=930"}],"wp:term":[{"taxonomy":"product_brand","embeddable":true,"href":"https:\/\/binaturalproducts.com\/ro\/wp-json\/wp\/v2\/product_brand?post=930"},{"taxonomy":"product_cat","embeddable":true,"href":"https:\/\/binaturalproducts.com\/ro\/wp-json\/wp\/v2\/product_cat?post=930"},{"taxonomy":"product_tag","embeddable":true,"href":"https:\/\/binaturalproducts.com\/ro\/wp-json\/wp\/v2\/product_tag?post=930"}],"curies":[{"name":"wp","href":"https:\/\/api.w.org\/{rel}","templated":true}]}}