{"id":919,"date":"2022-11-29T15:04:16","date_gmt":"2022-11-29T13:04:16","guid":{"rendered":"https:\/\/binaturalproducts.com\/?post_type=product&#038;p=919"},"modified":"2026-01-11T22:16:44","modified_gmt":"2026-01-11T20:16:44","slug":"ulei-de-barba","status":"publish","type":"product","link":"https:\/\/binaturalproducts.com\/ro\/produs\/ulei-de-barba\/","title":{"rendered":"Ulei de barb\u0103"},"content":{"rendered":"<p><strong>Previne m\u00e2nc\u0103rimile \u00een timpul cre\u0219terii barbiei, hr\u0103ne\u0219te \u0219i \u00eent\u0103re\u0219te firele de p\u0103r. Ajut\u0103 la hr\u0103nirea \u0219i regenerarea pielii, elimin\u00e2nd m\u00e2nc\u0103rimile \u0219i ro\u0219ea\u021ba cauzate de pielea uscat\u0103.<\/strong><\/p>\n<p>Utilizare: Cu ajutorul pipete, picura\u021bi c\u00e2teva pic\u0103turi \u00een palma m\u00e2inii, \u00een func\u021bie de m\u0103rimea b\u0103rbii, apoi \u00eentinde\u021bi-le pe barba proasp\u0103t sp\u0103lat\u0103 \u0219i uscat\u0103 sau pe pielea fe\u021bei.<\/p>\n<p>Ingrediente: ulei de cocos, ulei de jojoba, ulei de argan, ulei de avocado, silicon vegetal, vitamina E, uleiuri esen\u021biale de salvie, cubeba, lime, arbore de ceai.<\/p>\n<p>Depozitare: la temperatura camerei \u00eentre 10-25 C!<\/p>\n<p>Parfum proasp\u0103t, de citrice.<\/p>\n<p>e 30 ml<\/p>","protected":false},"excerpt":{"rendered":"<p>Previne m\u00e2nc\u0103rimile \u00een timpul cre\u0219terii barbiei, hr\u0103ne\u0219te \u0219i \u00eent\u0103re\u0219te firele de p\u0103r. Ajut\u0103 la hr\u0103nirea \u0219i regenerarea pielii, elimin\u00e2nd m\u00e2nc\u0103rimile \u0219i ro\u0219ea\u021ba cauzate de pielea uscat\u0103.<\/p>","protected":false},"featured_media":929,"comment_status":"open","ping_status":"closed","template":"","meta":[],"product_brand":[],"product_cat":[45,42],"product_tag":[],"class_list":{"0":"post-919","1":"product","2":"type-product","3":"status-publish","4":"has-post-thumbnail","6":"product_cat-osszes","7":"product_cat-ferfiaknak","9":"first","10":"instock","11":"sale","12":"shipping-taxable","13":"purchasable","14":"product-type-simple"},"yoast_head":"<!-- This site is optimized with the Yoast SEO plugin v27.4 - https:\/\/yoast.com\/product\/yoast-seo-wordpress\/ -->\n<title>Szak\u00e1llolaj - Binaturalproducts<\/title>\n<meta name=\"description\" content=\"Megakad\u00e1lyozza a szak\u00e1lln\u00f6veszt\u00e9s k\u00f6zben fell\u00e9p\u0151 viszket\u00e9st, t\u00e1pl\u00e1lja \u00e9s er\u0151s\u00edti a sz\u0151rsz\u00e1lakat. Seg\u00edti az arcb\u0151r t\u00e1pl\u00e1l\u00e1s\u00e1t, regener\u00e1l\u00f3d\u00e1s\u00e1t.\" \/>\n<meta name=\"robots\" content=\"index, follow, max-snippet:-1, max-image-preview:large, max-video-preview:-1\" \/>\n<link rel=\"canonical\" href=\"https:\/\/binaturalproducts.com\/ro\/produs\/ulei-de-barba\/\" \/>\n<meta property=\"og:locale\" content=\"ro_RO\" \/>\n<meta property=\"og:type\" content=\"article\" \/>\n<meta property=\"og:title\" content=\"Szak\u00e1llolaj - Binaturalproducts\" \/>\n<meta property=\"og:description\" content=\"Megakad\u00e1lyozza a szak\u00e1lln\u00f6veszt\u00e9s k\u00f6zben fell\u00e9p\u0151 viszket\u00e9st, t\u00e1pl\u00e1lja \u00e9s er\u0151s\u00edti a sz\u0151rsz\u00e1lakat. Seg\u00edti az arcb\u0151r t\u00e1pl\u00e1l\u00e1s\u00e1t, regener\u00e1l\u00f3d\u00e1s\u00e1t.\" \/>\n<meta property=\"og:url\" content=\"https:\/\/binaturalproducts.com\/ro\/produs\/ulei-de-barba\/\" \/>\n<meta property=\"og:site_name\" content=\"Binaturalproducts\" \/>\n<meta property=\"article:modified_time\" content=\"2026-01-11T20:16:44+00:00\" \/>\n<meta property=\"og:image\" content=\"https:\/\/binaturalproducts.com\/wp-content\/uploads\/2022\/11\/1668982419030-scaled.jpg\" \/>\n\t<meta property=\"og:image:width\" content=\"1440\" \/>\n\t<meta property=\"og:image:height\" content=\"2560\" \/>\n\t<meta property=\"og:image:type\" content=\"image\/jpeg\" \/>\n<meta name=\"twitter:card\" content=\"summary_large_image\" \/>\n<meta name=\"twitter:label1\" content=\"Timp estimat pentru citire\" \/>\n\t<meta name=\"twitter:data1\" content=\"1 minut\" \/>\n<script type=\"application\/ld+json\" class=\"yoast-schema-graph\">{\"@context\":\"https:\\\/\\\/schema.org\",\"@graph\":[{\"@type\":\"WebPage\",\"@id\":\"https:\\\/\\\/binaturalproducts.com\\\/termek\\\/szakallolaj\\\/\",\"url\":\"https:\\\/\\\/binaturalproducts.com\\\/termek\\\/szakallolaj\\\/\",\"name\":\"Szak\u00e1llolaj - Binaturalproducts\",\"isPartOf\":{\"@id\":\"https:\\\/\\\/binaturalproducts.com\\\/#website\"},\"primaryImageOfPage\":{\"@id\":\"https:\\\/\\\/binaturalproducts.com\\\/termek\\\/szakallolaj\\\/#primaryimage\"},\"image\":{\"@id\":\"https:\\\/\\\/binaturalproducts.com\\\/termek\\\/szakallolaj\\\/#primaryimage\"},\"thumbnailUrl\":\"https:\\\/\\\/binaturalproducts.com\\\/wp-content\\\/uploads\\\/2022\\\/11\\\/1668982419030-scaled.jpg\",\"datePublished\":\"2022-11-29T13:04:16+00:00\",\"dateModified\":\"2026-01-11T20:16:44+00:00\",\"description\":\"Megakad\u00e1lyozza a szak\u00e1lln\u00f6veszt\u00e9s k\u00f6zben fell\u00e9p\u0151 viszket\u00e9st, t\u00e1pl\u00e1lja \u00e9s er\u0151s\u00edti a sz\u0151rsz\u00e1lakat. Seg\u00edti az arcb\u0151r t\u00e1pl\u00e1l\u00e1s\u00e1t, regener\u00e1l\u00f3d\u00e1s\u00e1t.\",\"breadcrumb\":{\"@id\":\"https:\\\/\\\/binaturalproducts.com\\\/termek\\\/szakallolaj\\\/#breadcrumb\"},\"inLanguage\":\"ro-RO\",\"potentialAction\":[{\"@type\":\"ReadAction\",\"target\":[\"https:\\\/\\\/binaturalproducts.com\\\/termek\\\/szakallolaj\\\/\"]}]},{\"@type\":\"ImageObject\",\"inLanguage\":\"ro-RO\",\"@id\":\"https:\\\/\\\/binaturalproducts.com\\\/termek\\\/szakallolaj\\\/#primaryimage\",\"url\":\"https:\\\/\\\/binaturalproducts.com\\\/wp-content\\\/uploads\\\/2022\\\/11\\\/1668982419030-scaled.jpg\",\"contentUrl\":\"https:\\\/\\\/binaturalproducts.com\\\/wp-content\\\/uploads\\\/2022\\\/11\\\/1668982419030-scaled.jpg\",\"width\":1440,\"height\":2560,\"caption\":\"Binatural Products - Szak\u00e1llolaj\"},{\"@type\":\"BreadcrumbList\",\"@id\":\"https:\\\/\\\/binaturalproducts.com\\\/termek\\\/szakallolaj\\\/#breadcrumb\",\"itemListElement\":[{\"@type\":\"ListItem\",\"position\":1,\"name\":\"Kezd\u0151lap\",\"item\":\"https:\\\/\\\/binaturalproducts.com\\\/\"},{\"@type\":\"ListItem\",\"position\":2,\"name\":\"\u00dczlet\",\"item\":\"https:\\\/\\\/binaturalproducts.com\\\/uzlet\\\/\"},{\"@type\":\"ListItem\",\"position\":3,\"name\":\"Szak\u00e1llolaj\"}]},{\"@type\":\"WebSite\",\"@id\":\"https:\\\/\\\/binaturalproducts.com\\\/#website\",\"url\":\"https:\\\/\\\/binaturalproducts.com\\\/\",\"name\":\"Binaturalproducts\",\"description\":\"Nat\u00far term\u00e9kek Erd\u00e9ly sz\u00edv\u00e9b\u0151l\",\"potentialAction\":[{\"@type\":\"SearchAction\",\"target\":{\"@type\":\"EntryPoint\",\"urlTemplate\":\"https:\\\/\\\/binaturalproducts.com\\\/?s={search_term_string}\"},\"query-input\":{\"@type\":\"PropertyValueSpecification\",\"valueRequired\":true,\"valueName\":\"search_term_string\"}}],\"inLanguage\":\"ro-RO\"}]}<\/script>\n<!-- \/ Yoast SEO plugin. -->","yoast_head_json":{"title":"Ulei de barb\u0103 - Binaturalproducts","description":"Previne m\u00e2nc\u0103rimile \u00een timpul cre\u0219terii barbiei, hr\u0103ne\u0219te \u0219i \u00eent\u0103re\u0219te firele de p\u0103r. Ajut\u0103 la hr\u0103nirea \u0219i regenerarea pielii, elimin\u00e2nd m\u00e2nc\u0103rimile \u0219i ro\u0219ea\u021ba cauzate de pielea uscat\u0103.","robots":{"index":"index","follow":"follow","max-snippet":"max-snippet:-1","max-image-preview":"max-image-preview:large","max-video-preview":"max-video-preview:-1"},"canonical":"https:\/\/binaturalproducts.com\/ro\/produs\/ulei-de-barba\/","og_locale":"ro_RO","og_type":"article","og_title":"Szak\u00e1llolaj - Binaturalproducts","og_description":"Megakad\u00e1lyozza a szak\u00e1lln\u00f6veszt\u00e9s k\u00f6zben fell\u00e9p\u0151 viszket\u00e9st, t\u00e1pl\u00e1lja \u00e9s er\u0151s\u00edti a sz\u0151rsz\u00e1lakat. Seg\u00edti az arcb\u0151r t\u00e1pl\u00e1l\u00e1s\u00e1t, regener\u00e1l\u00f3d\u00e1s\u00e1t.","og_url":"https:\/\/binaturalproducts.com\/ro\/produs\/ulei-de-barba\/","og_site_name":"Binaturalproducts","article_modified_time":"2026-01-11T20:16:44+00:00","og_image":[{"width":1440,"height":2560,"url":"https:\/\/binaturalproducts.com\/wp-content\/uploads\/2022\/11\/1668982419030-scaled.jpg","type":"image\/jpeg"}],"twitter_card":"summary_large_image","twitter_misc":{"Timp estimat pentru citire":"1 minut"},"schema":{"@context":"https:\/\/schema.org","@graph":[{"@type":"WebPage","@id":"https:\/\/binaturalproducts.com\/termek\/szakallolaj\/","url":"https:\/\/binaturalproducts.com\/termek\/szakallolaj\/","name":"Ulei de barb\u0103 - Binaturalproducts","isPartOf":{"@id":"https:\/\/binaturalproducts.com\/#website"},"primaryImageOfPage":{"@id":"https:\/\/binaturalproducts.com\/termek\/szakallolaj\/#primaryimage"},"image":{"@id":"https:\/\/binaturalproducts.com\/termek\/szakallolaj\/#primaryimage"},"thumbnailUrl":"https:\/\/binaturalproducts.com\/wp-content\/uploads\/2022\/11\/1668982419030-scaled.jpg","datePublished":"2022-11-29T13:04:16+00:00","dateModified":"2026-01-11T20:16:44+00:00","description":"Previne m\u00e2nc\u0103rimile \u00een timpul cre\u0219terii barbiei, hr\u0103ne\u0219te \u0219i \u00eent\u0103re\u0219te firele de p\u0103r. Ajut\u0103 la hr\u0103nirea \u0219i regenerarea pielii, elimin\u00e2nd m\u00e2nc\u0103rimile \u0219i ro\u0219ea\u021ba cauzate de pielea uscat\u0103.","breadcrumb":{"@id":"https:\/\/binaturalproducts.com\/termek\/szakallolaj\/#breadcrumb"},"inLanguage":"ro-RO","potentialAction":[{"@type":"ReadAction","target":["https:\/\/binaturalproducts.com\/termek\/szakallolaj\/"]}]},{"@type":"ImageObject","inLanguage":"ro-RO","@id":"https:\/\/binaturalproducts.com\/termek\/szakallolaj\/#primaryimage","url":"https:\/\/binaturalproducts.com\/wp-content\/uploads\/2022\/11\/1668982419030-scaled.jpg","contentUrl":"https:\/\/binaturalproducts.com\/wp-content\/uploads\/2022\/11\/1668982419030-scaled.jpg","width":1440,"height":2560,"caption":"Binatural Products - Szak\u00e1llolaj"},{"@type":"BreadcrumbList","@id":"https:\/\/binaturalproducts.com\/termek\/szakallolaj\/#breadcrumb","itemListElement":[{"@type":"ListItem","position":1,"name":"Kezd\u0151lap","item":"https:\/\/binaturalproducts.com\/"},{"@type":"ListItem","position":2,"name":"\u00dczlet","item":"https:\/\/binaturalproducts.com\/uzlet\/"},{"@type":"ListItem","position":3,"name":"Szak\u00e1llolaj"}]},{"@type":"WebSite","@id":"https:\/\/binaturalproducts.com\/#website","url":"https:\/\/binaturalproducts.com\/","name":"Binaturalproducts","description":"PRODUSE NATURALE DIN INIMA TRANSILVANIEI","potentialAction":[{"@type":"SearchAction","target":{"@type":"EntryPoint","urlTemplate":"https:\/\/binaturalproducts.com\/?s={search_term_string}"},"query-input":{"@type":"PropertyValueSpecification","valueRequired":true,"valueName":"search_term_string"}}],"inLanguage":"ro-RO"}]}},"_links":{"self":[{"href":"https:\/\/binaturalproducts.com\/ro\/wp-json\/wp\/v2\/product\/919","targetHints":{"allow":["GET"]}}],"collection":[{"href":"https:\/\/binaturalproducts.com\/ro\/wp-json\/wp\/v2\/product"}],"about":[{"href":"https:\/\/binaturalproducts.com\/ro\/wp-json\/wp\/v2\/types\/product"}],"replies":[{"embeddable":true,"href":"https:\/\/binaturalproducts.com\/ro\/wp-json\/wp\/v2\/comments?post=919"}],"wp:featuredmedia":[{"embeddable":true,"href":"https:\/\/binaturalproducts.com\/ro\/wp-json\/wp\/v2\/media\/929"}],"wp:attachment":[{"href":"https:\/\/binaturalproducts.com\/ro\/wp-json\/wp\/v2\/media?parent=919"}],"wp:term":[{"taxonomy":"product_brand","embeddable":true,"href":"https:\/\/binaturalproducts.com\/ro\/wp-json\/wp\/v2\/product_brand?post=919"},{"taxonomy":"product_cat","embeddable":true,"href":"https:\/\/binaturalproducts.com\/ro\/wp-json\/wp\/v2\/product_cat?post=919"},{"taxonomy":"product_tag","embeddable":true,"href":"https:\/\/binaturalproducts.com\/ro\/wp-json\/wp\/v2\/product_tag?post=919"}],"curies":[{"name":"wp","href":"https:\/\/api.w.org\/{rel}","templated":true}]}}