{"id":875,"date":"2022-11-04T23:05:34","date_gmt":"2022-11-04T21:05:34","guid":{"rendered":"https:\/\/binaturalproducts.com\/?post_type=product&#038;p=875"},"modified":"2025-10-07T15:11:33","modified_gmt":"2025-10-07T13:11:33","slug":"pachet-cadou-pentru-mama","status":"publish","type":"product","link":"https:\/\/binaturalproducts.com\/ro\/produs\/pachet-cadou-pentru-mama\/","title":{"rendered":"Pachet cadou pentru mama mea"},"content":{"rendered":"<p>D\u0103ruie\u0219te un pachet de cosmetice naturale artizanale pentru orice ocazie, pentru cele mai dragi persoane, pentru mame!<\/p>\n<p>Oferta noastr\u0103 include produse hr\u0103nitoare pentru fa\u021b\u0103, buze \u0219i produse de igien\u0103 personal\u0103, realizate numai din ingrediente naturale.<\/p>\n<p>Pachetul nostru con\u021bine:<\/p>\n<ul>\n<li>1 buc sapun cu mace\u0219e<\/li>\n<li>1 buc balsam de buze<\/li>\n<li>1 buc ser de beauty<\/li>\n<li>1 crem\u0103 de fa\u021b\u0103 hr\u0103nitoare cu acid hialuronic<\/li>\n<li>1 buc ap\u0103 de trandafiri<\/li>\n<\/ul>\n<p>Produsele noastre sunt ambalate \u00eentr-o cutie de cadou natural\u0103 \u0219i \u00een l\u00e2n\u0103 de lemn fin\u0103.<\/p>\n<p>.<\/p>","protected":false},"excerpt":{"rendered":"<p>D\u0103ruie\u0219te un pachet de cosmetice naturale artizanale pentru orice ocazie, pentru cele mai dragi persoane, pentru mame!<\/p>","protected":false},"featured_media":6425,"comment_status":"open","ping_status":"closed","template":"","meta":[],"product_brand":[],"product_cat":[45,40],"product_tag":[],"class_list":{"0":"post-875","1":"product","2":"type-product","3":"status-publish","4":"has-post-thumbnail","6":"product_cat-osszes","7":"product_cat-ajandekcsomagok","9":"first","10":"instock","11":"sale","12":"shipping-taxable","13":"purchasable","14":"product-type-simple"},"yoast_head":"<!-- This site is optimized with the Yoast SEO plugin v27.4 - https:\/\/yoast.com\/product\/yoast-seo-wordpress\/ -->\n<title>Aj\u00e1nd\u00e9kcsomag \u00c9desany\u00e1mnak - Binaturalproducts<\/title>\n<meta name=\"robots\" content=\"index, follow, max-snippet:-1, max-image-preview:large, max-video-preview:-1\" \/>\n<link rel=\"canonical\" href=\"https:\/\/binaturalproducts.com\/ro\/produs\/pachet-cadou-pentru-mama\/\" \/>\n<meta property=\"og:locale\" content=\"ro_RO\" \/>\n<meta property=\"og:type\" content=\"article\" \/>\n<meta property=\"og:title\" content=\"Aj\u00e1nd\u00e9kcsomag \u00c9desany\u00e1mnak - Binaturalproducts\" \/>\n<meta property=\"og:description\" content=\"Aj\u00e1nd\u00e9kozzunk nat\u00far k\u00e9zm\u0171ves kozmetikum csomagot b\u00e1rmilyen alkalomra, a legkedvesebb szem\u00e9lynek, \u00e9desany\u00e1nknak!\" \/>\n<meta property=\"og:url\" content=\"https:\/\/binaturalproducts.com\/ro\/produs\/pachet-cadou-pentru-mama\/\" \/>\n<meta property=\"og:site_name\" content=\"Binaturalproducts\" \/>\n<meta property=\"article:modified_time\" content=\"2025-10-07T13:11:33+00:00\" \/>\n<meta property=\"og:image\" content=\"https:\/\/binaturalproducts.com\/wp-content\/uploads\/2022\/11\/IMG_20251007_160451-1.jpg\" \/>\n\t<meta property=\"og:image:width\" content=\"1920\" \/>\n\t<meta property=\"og:image:height\" content=\"1561\" \/>\n\t<meta property=\"og:image:type\" content=\"image\/jpeg\" \/>\n<meta name=\"twitter:card\" content=\"summary_large_image\" \/>\n<meta name=\"twitter:label1\" content=\"Timp estimat pentru citire\" \/>\n\t<meta name=\"twitter:data1\" content=\"1 minut\" \/>\n<script type=\"application\/ld+json\" class=\"yoast-schema-graph\">{\"@context\":\"https:\\\/\\\/schema.org\",\"@graph\":[{\"@type\":\"WebPage\",\"@id\":\"https:\\\/\\\/binaturalproducts.com\\\/termek\\\/ajandekcsomag-edesanyamnak\\\/\",\"url\":\"https:\\\/\\\/binaturalproducts.com\\\/termek\\\/ajandekcsomag-edesanyamnak\\\/\",\"name\":\"Aj\u00e1nd\u00e9kcsomag \u00c9desany\u00e1mnak - Binaturalproducts\",\"isPartOf\":{\"@id\":\"https:\\\/\\\/binaturalproducts.com\\\/#website\"},\"primaryImageOfPage\":{\"@id\":\"https:\\\/\\\/binaturalproducts.com\\\/termek\\\/ajandekcsomag-edesanyamnak\\\/#primaryimage\"},\"image\":{\"@id\":\"https:\\\/\\\/binaturalproducts.com\\\/termek\\\/ajandekcsomag-edesanyamnak\\\/#primaryimage\"},\"thumbnailUrl\":\"https:\\\/\\\/binaturalproducts.com\\\/wp-content\\\/uploads\\\/2022\\\/11\\\/IMG_20251007_160451-1.jpg\",\"datePublished\":\"2022-11-04T21:05:34+00:00\",\"dateModified\":\"2025-10-07T13:11:33+00:00\",\"breadcrumb\":{\"@id\":\"https:\\\/\\\/binaturalproducts.com\\\/termek\\\/ajandekcsomag-edesanyamnak\\\/#breadcrumb\"},\"inLanguage\":\"ro-RO\",\"potentialAction\":[{\"@type\":\"ReadAction\",\"target\":[\"https:\\\/\\\/binaturalproducts.com\\\/termek\\\/ajandekcsomag-edesanyamnak\\\/\"]}]},{\"@type\":\"ImageObject\",\"inLanguage\":\"ro-RO\",\"@id\":\"https:\\\/\\\/binaturalproducts.com\\\/termek\\\/ajandekcsomag-edesanyamnak\\\/#primaryimage\",\"url\":\"https:\\\/\\\/binaturalproducts.com\\\/wp-content\\\/uploads\\\/2022\\\/11\\\/IMG_20251007_160451-1.jpg\",\"contentUrl\":\"https:\\\/\\\/binaturalproducts.com\\\/wp-content\\\/uploads\\\/2022\\\/11\\\/IMG_20251007_160451-1.jpg\",\"width\":1920,\"height\":1561},{\"@type\":\"BreadcrumbList\",\"@id\":\"https:\\\/\\\/binaturalproducts.com\\\/termek\\\/ajandekcsomag-edesanyamnak\\\/#breadcrumb\",\"itemListElement\":[{\"@type\":\"ListItem\",\"position\":1,\"name\":\"Kezd\u0151lap\",\"item\":\"https:\\\/\\\/binaturalproducts.com\\\/\"},{\"@type\":\"ListItem\",\"position\":2,\"name\":\"\u00dczlet\",\"item\":\"https:\\\/\\\/binaturalproducts.com\\\/uzlet\\\/\"},{\"@type\":\"ListItem\",\"position\":3,\"name\":\"Aj\u00e1nd\u00e9kcsomag \u00c9desany\u00e1mnak\"}]},{\"@type\":\"WebSite\",\"@id\":\"https:\\\/\\\/binaturalproducts.com\\\/#website\",\"url\":\"https:\\\/\\\/binaturalproducts.com\\\/\",\"name\":\"Binaturalproducts\",\"description\":\"Nat\u00far term\u00e9kek Erd\u00e9ly sz\u00edv\u00e9b\u0151l\",\"potentialAction\":[{\"@type\":\"SearchAction\",\"target\":{\"@type\":\"EntryPoint\",\"urlTemplate\":\"https:\\\/\\\/binaturalproducts.com\\\/?s={search_term_string}\"},\"query-input\":{\"@type\":\"PropertyValueSpecification\",\"valueRequired\":true,\"valueName\":\"search_term_string\"}}],\"inLanguage\":\"ro-RO\"}]}<\/script>\n<!-- \/ Yoast SEO plugin. -->","yoast_head_json":{"title":"Pachet cadou pentru mama mea - Binaturalproducts","robots":{"index":"index","follow":"follow","max-snippet":"max-snippet:-1","max-image-preview":"max-image-preview:large","max-video-preview":"max-video-preview:-1"},"canonical":"https:\/\/binaturalproducts.com\/ro\/produs\/pachet-cadou-pentru-mama\/","og_locale":"ro_RO","og_type":"article","og_title":"Aj\u00e1nd\u00e9kcsomag \u00c9desany\u00e1mnak - Binaturalproducts","og_description":"Aj\u00e1nd\u00e9kozzunk nat\u00far k\u00e9zm\u0171ves kozmetikum csomagot b\u00e1rmilyen alkalomra, a legkedvesebb szem\u00e9lynek, \u00e9desany\u00e1nknak!","og_url":"https:\/\/binaturalproducts.com\/ro\/produs\/pachet-cadou-pentru-mama\/","og_site_name":"Binaturalproducts","article_modified_time":"2025-10-07T13:11:33+00:00","og_image":[{"width":1920,"height":1561,"url":"https:\/\/binaturalproducts.com\/wp-content\/uploads\/2022\/11\/IMG_20251007_160451-1.jpg","type":"image\/jpeg"}],"twitter_card":"summary_large_image","twitter_misc":{"Timp estimat pentru citire":"1 minut"},"schema":{"@context":"https:\/\/schema.org","@graph":[{"@type":"WebPage","@id":"https:\/\/binaturalproducts.com\/termek\/ajandekcsomag-edesanyamnak\/","url":"https:\/\/binaturalproducts.com\/termek\/ajandekcsomag-edesanyamnak\/","name":"Pachet cadou pentru mama mea - Binaturalproducts","isPartOf":{"@id":"https:\/\/binaturalproducts.com\/#website"},"primaryImageOfPage":{"@id":"https:\/\/binaturalproducts.com\/termek\/ajandekcsomag-edesanyamnak\/#primaryimage"},"image":{"@id":"https:\/\/binaturalproducts.com\/termek\/ajandekcsomag-edesanyamnak\/#primaryimage"},"thumbnailUrl":"https:\/\/binaturalproducts.com\/wp-content\/uploads\/2022\/11\/IMG_20251007_160451-1.jpg","datePublished":"2022-11-04T21:05:34+00:00","dateModified":"2025-10-07T13:11:33+00:00","breadcrumb":{"@id":"https:\/\/binaturalproducts.com\/termek\/ajandekcsomag-edesanyamnak\/#breadcrumb"},"inLanguage":"ro-RO","potentialAction":[{"@type":"ReadAction","target":["https:\/\/binaturalproducts.com\/termek\/ajandekcsomag-edesanyamnak\/"]}]},{"@type":"ImageObject","inLanguage":"ro-RO","@id":"https:\/\/binaturalproducts.com\/termek\/ajandekcsomag-edesanyamnak\/#primaryimage","url":"https:\/\/binaturalproducts.com\/wp-content\/uploads\/2022\/11\/IMG_20251007_160451-1.jpg","contentUrl":"https:\/\/binaturalproducts.com\/wp-content\/uploads\/2022\/11\/IMG_20251007_160451-1.jpg","width":1920,"height":1561},{"@type":"BreadcrumbList","@id":"https:\/\/binaturalproducts.com\/termek\/ajandekcsomag-edesanyamnak\/#breadcrumb","itemListElement":[{"@type":"ListItem","position":1,"name":"Kezd\u0151lap","item":"https:\/\/binaturalproducts.com\/"},{"@type":"ListItem","position":2,"name":"\u00dczlet","item":"https:\/\/binaturalproducts.com\/uzlet\/"},{"@type":"ListItem","position":3,"name":"Aj\u00e1nd\u00e9kcsomag \u00c9desany\u00e1mnak"}]},{"@type":"WebSite","@id":"https:\/\/binaturalproducts.com\/#website","url":"https:\/\/binaturalproducts.com\/","name":"Binaturalproducts","description":"PRODUSE NATURALE DIN INIMA TRANSILVANIEI","potentialAction":[{"@type":"SearchAction","target":{"@type":"EntryPoint","urlTemplate":"https:\/\/binaturalproducts.com\/?s={search_term_string}"},"query-input":{"@type":"PropertyValueSpecification","valueRequired":true,"valueName":"search_term_string"}}],"inLanguage":"ro-RO"}]}},"_links":{"self":[{"href":"https:\/\/binaturalproducts.com\/ro\/wp-json\/wp\/v2\/product\/875","targetHints":{"allow":["GET"]}}],"collection":[{"href":"https:\/\/binaturalproducts.com\/ro\/wp-json\/wp\/v2\/product"}],"about":[{"href":"https:\/\/binaturalproducts.com\/ro\/wp-json\/wp\/v2\/types\/product"}],"replies":[{"embeddable":true,"href":"https:\/\/binaturalproducts.com\/ro\/wp-json\/wp\/v2\/comments?post=875"}],"wp:featuredmedia":[{"embeddable":true,"href":"https:\/\/binaturalproducts.com\/ro\/wp-json\/wp\/v2\/media\/6425"}],"wp:attachment":[{"href":"https:\/\/binaturalproducts.com\/ro\/wp-json\/wp\/v2\/media?parent=875"}],"wp:term":[{"taxonomy":"product_brand","embeddable":true,"href":"https:\/\/binaturalproducts.com\/ro\/wp-json\/wp\/v2\/product_brand?post=875"},{"taxonomy":"product_cat","embeddable":true,"href":"https:\/\/binaturalproducts.com\/ro\/wp-json\/wp\/v2\/product_cat?post=875"},{"taxonomy":"product_tag","embeddable":true,"href":"https:\/\/binaturalproducts.com\/ro\/wp-json\/wp\/v2\/product_tag?post=875"}],"curies":[{"name":"wp","href":"https:\/\/api.w.org\/{rel}","templated":true}]}}