{"id":864,"date":"2022-11-01T17:20:51","date_gmt":"2022-11-01T15:20:51","guid":{"rendered":"https:\/\/binaturalproducts.com\/?post_type=product&#038;p=864"},"modified":"2026-02-23T19:38:02","modified_gmt":"2026-02-23T17:38:02","slug":"sampon-solid-cu-sulf-si-urzica","status":"publish","type":"product","link":"https:\/\/binaturalproducts.com\/ro\/produs\/sampon-solid-cu-sulf-si-urzica\/","title":{"rendered":"\u0218ampon solid cu sulf \u0219i urzic\u0103"},"content":{"rendered":"<p>Un \u0219amson solid bun spumant cu pudr\u0103 de urzic\u0103 si sulf.<\/p>\n<p>Recomandat: pentru tratamentul m\u0103tre\u021bii, pentru scalp problematic, gras, fungic cu m\u00e2nc\u0103rimi, scalp seboreic<\/p>\n<p>Ingrediente: tenside de cocos, pulbere de urzic\u0103, sulf, ulei de cocos, ulei de chimen negru, uleiuri esen\u021biale de salvie \u0219i arbore de ceai.<\/p>\n<p>Mod de folosire:<br \/>\nFreca\u021bi \u0219amponul solid pe p\u0103rul umed. Folosi\u021bi degetele pentru a face spum\u0103 pe p\u0103r, se va forma o spum\u0103 bogat\u0103, a\u0219tepta\u021bi c\u00e2teva minute \u0219i cl\u0103ti\u021bi bine. Repeta\u021bi dac\u0103 este necesar. Datorit\u0103 pH-ului s\u0103u prietenos cu pielea, nu este necesar  cl\u0103tirea cu o\u021bet.  Balsamul de p\u0103r poate fi aplicat ulterior, dup\u0103 caz.<\/p>\n<p>Depozitare:<br \/>\nP\u0103stra\u021bi \u0219amponul pe savoniera cu gr\u0103tar, pentru a prelungi durat\u0103 de viata a acestuia.<br \/>\nCantitatea \u0219amponului maxi  85 g+\/ -10g =  3-4 flacoane de 250 ml de \u0219ampon<\/p>\n<p>NU con\u021bine:<\/p>\n<p>parabeni, EDTA, coloran\u0163i, PEG sau al\u0163i deriva\u0163i din petrol<br \/>\nderiva\u021bi de silicon<br \/>\nconservan\u0163i<br \/>\ningrediente de origine animal\u0103,<br \/>\ningrediente care au fost testate pe animale,<br \/>\nSodium Laureth\/Lauryl Sulfate<\/p>\n<p>Ambalaje 100% compostabile<\/p>","protected":false},"excerpt":{"rendered":"<p>Un \u0219amson solid bun spumant cu pudr\u0103 de urzic\u0103 si sulf.<\/p>","protected":false},"featured_media":865,"comment_status":"open","ping_status":"closed","template":"","meta":[],"product_brand":[],"product_cat":[45,21],"product_tag":[],"class_list":{"0":"post-864","1":"product","2":"type-product","3":"status-publish","4":"has-post-thumbnail","6":"product_cat-osszes","7":"product_cat-hajapolas","9":"first","10":"instock","11":"shipping-taxable","12":"purchasable","13":"product-type-simple"},"yoast_head":"<!-- This site is optimized with the Yoast SEO plugin v27.4 - https:\/\/yoast.com\/product\/yoast-seo-wordpress\/ -->\n<title>K\u00e9nes-csal\u00e1nos sampont\u00f6mb - Binaturalproducts<\/title>\n<meta name=\"description\" content=\"J\u00f3l habz\u00f3 szil\u00e1rd sampon, csal\u00e1n \u0151rlem\u00e9nnyel, k\u00e9nnel, k\u00f3kusz tenziddel, k\u00f3kusz olajjal, fekete k\u00f6m\u00e9ny olajjal, zs\u00e1lya \u00e9s teafa ill\u00f3olajjal.\" \/>\n<meta name=\"robots\" content=\"index, follow, max-snippet:-1, max-image-preview:large, max-video-preview:-1\" \/>\n<link rel=\"canonical\" href=\"https:\/\/binaturalproducts.com\/ro\/produs\/sampon-solid-cu-sulf-si-urzica\/\" \/>\n<meta property=\"og:locale\" content=\"ro_RO\" \/>\n<meta property=\"og:type\" content=\"article\" \/>\n<meta property=\"og:title\" content=\"K\u00e9nes-csal\u00e1nos sampont\u00f6mb - Binaturalproducts\" \/>\n<meta property=\"og:description\" content=\"J\u00f3l habz\u00f3 szil\u00e1rd sampon, csal\u00e1n \u0151rlem\u00e9nnyel, k\u00e9nnel, k\u00f3kusz tenziddel, k\u00f3kusz olajjal, fekete k\u00f6m\u00e9ny olajjal, zs\u00e1lya \u00e9s teafa ill\u00f3olajjal.\" \/>\n<meta property=\"og:url\" content=\"https:\/\/binaturalproducts.com\/ro\/produs\/sampon-solid-cu-sulf-si-urzica\/\" \/>\n<meta property=\"og:site_name\" content=\"Binaturalproducts\" \/>\n<meta property=\"article:modified_time\" content=\"2026-02-23T17:38:02+00:00\" \/>\n<meta property=\"og:image\" content=\"https:\/\/binaturalproducts.com\/wp-content\/uploads\/2022\/11\/313350208_5899446070093458_4005134166984615962_n-1.jpg\" \/>\n\t<meta property=\"og:image:width\" content=\"1800\" \/>\n\t<meta property=\"og:image:height\" content=\"1805\" \/>\n\t<meta property=\"og:image:type\" content=\"image\/jpeg\" \/>\n<meta name=\"twitter:card\" content=\"summary_large_image\" \/>\n<meta name=\"twitter:label1\" content=\"Timp estimat pentru citire\" \/>\n\t<meta name=\"twitter:data1\" content=\"1 minut\" \/>\n<script type=\"application\/ld+json\" class=\"yoast-schema-graph\">{\"@context\":\"https:\\\/\\\/schema.org\",\"@graph\":[{\"@type\":\"WebPage\",\"@id\":\"https:\\\/\\\/binaturalproducts.com\\\/termek\\\/kenes-csalanos-sampontomb\\\/\",\"url\":\"https:\\\/\\\/binaturalproducts.com\\\/termek\\\/kenes-csalanos-sampontomb\\\/\",\"name\":\"K\u00e9nes-csal\u00e1nos sampont\u00f6mb - Binaturalproducts\",\"isPartOf\":{\"@id\":\"https:\\\/\\\/binaturalproducts.com\\\/#website\"},\"primaryImageOfPage\":{\"@id\":\"https:\\\/\\\/binaturalproducts.com\\\/termek\\\/kenes-csalanos-sampontomb\\\/#primaryimage\"},\"image\":{\"@id\":\"https:\\\/\\\/binaturalproducts.com\\\/termek\\\/kenes-csalanos-sampontomb\\\/#primaryimage\"},\"thumbnailUrl\":\"https:\\\/\\\/binaturalproducts.com\\\/wp-content\\\/uploads\\\/2022\\\/11\\\/313350208_5899446070093458_4005134166984615962_n-1.jpg\",\"datePublished\":\"2022-11-01T15:20:51+00:00\",\"dateModified\":\"2026-02-23T17:38:02+00:00\",\"description\":\"J\u00f3l habz\u00f3 szil\u00e1rd sampon, csal\u00e1n \u0151rlem\u00e9nnyel, k\u00e9nnel, k\u00f3kusz tenziddel, k\u00f3kusz olajjal, fekete k\u00f6m\u00e9ny olajjal, zs\u00e1lya \u00e9s teafa ill\u00f3olajjal.\",\"breadcrumb\":{\"@id\":\"https:\\\/\\\/binaturalproducts.com\\\/termek\\\/kenes-csalanos-sampontomb\\\/#breadcrumb\"},\"inLanguage\":\"ro-RO\",\"potentialAction\":[{\"@type\":\"ReadAction\",\"target\":[\"https:\\\/\\\/binaturalproducts.com\\\/termek\\\/kenes-csalanos-sampontomb\\\/\"]}]},{\"@type\":\"ImageObject\",\"inLanguage\":\"ro-RO\",\"@id\":\"https:\\\/\\\/binaturalproducts.com\\\/termek\\\/kenes-csalanos-sampontomb\\\/#primaryimage\",\"url\":\"https:\\\/\\\/binaturalproducts.com\\\/wp-content\\\/uploads\\\/2022\\\/11\\\/313350208_5899446070093458_4005134166984615962_n-1.jpg\",\"contentUrl\":\"https:\\\/\\\/binaturalproducts.com\\\/wp-content\\\/uploads\\\/2022\\\/11\\\/313350208_5899446070093458_4005134166984615962_n-1.jpg\",\"width\":1800,\"height\":1805,\"caption\":\"Binatural Products - K\u00e9nes-csal\u00e1nos sampont\u00f6mb\"},{\"@type\":\"BreadcrumbList\",\"@id\":\"https:\\\/\\\/binaturalproducts.com\\\/termek\\\/kenes-csalanos-sampontomb\\\/#breadcrumb\",\"itemListElement\":[{\"@type\":\"ListItem\",\"position\":1,\"name\":\"Kezd\u0151lap\",\"item\":\"https:\\\/\\\/binaturalproducts.com\\\/\"},{\"@type\":\"ListItem\",\"position\":2,\"name\":\"\u00dczlet\",\"item\":\"https:\\\/\\\/binaturalproducts.com\\\/uzlet\\\/\"},{\"@type\":\"ListItem\",\"position\":3,\"name\":\"K\u00e9nes-csal\u00e1nos sampont\u00f6mb\"}]},{\"@type\":\"WebSite\",\"@id\":\"https:\\\/\\\/binaturalproducts.com\\\/#website\",\"url\":\"https:\\\/\\\/binaturalproducts.com\\\/\",\"name\":\"Binaturalproducts\",\"description\":\"Nat\u00far term\u00e9kek Erd\u00e9ly sz\u00edv\u00e9b\u0151l\",\"potentialAction\":[{\"@type\":\"SearchAction\",\"target\":{\"@type\":\"EntryPoint\",\"urlTemplate\":\"https:\\\/\\\/binaturalproducts.com\\\/?s={search_term_string}\"},\"query-input\":{\"@type\":\"PropertyValueSpecification\",\"valueRequired\":true,\"valueName\":\"search_term_string\"}}],\"inLanguage\":\"ro-RO\"}]}<\/script>\n<!-- \/ Yoast SEO plugin. -->","yoast_head_json":{"title":"\u0218ampon solid cu sulf \u0219i urzic\u0103 - Binaturalproducts","description":"\u0218ampon solid cu putere mare de spumare, cu pulbere de urzic\u0103, sulf, tenside de cocos, ulei de cocos, ulei de chimen negru, uleiuri esen\u021biale de salvie \u0219i arbore de ceai.","robots":{"index":"index","follow":"follow","max-snippet":"max-snippet:-1","max-image-preview":"max-image-preview:large","max-video-preview":"max-video-preview:-1"},"canonical":"https:\/\/binaturalproducts.com\/ro\/produs\/sampon-solid-cu-sulf-si-urzica\/","og_locale":"ro_RO","og_type":"article","og_title":"K\u00e9nes-csal\u00e1nos sampont\u00f6mb - Binaturalproducts","og_description":"J\u00f3l habz\u00f3 szil\u00e1rd sampon, csal\u00e1n \u0151rlem\u00e9nnyel, k\u00e9nnel, k\u00f3kusz tenziddel, k\u00f3kusz olajjal, fekete k\u00f6m\u00e9ny olajjal, zs\u00e1lya \u00e9s teafa ill\u00f3olajjal.","og_url":"https:\/\/binaturalproducts.com\/ro\/produs\/sampon-solid-cu-sulf-si-urzica\/","og_site_name":"Binaturalproducts","article_modified_time":"2026-02-23T17:38:02+00:00","og_image":[{"width":1800,"height":1805,"url":"https:\/\/binaturalproducts.com\/wp-content\/uploads\/2022\/11\/313350208_5899446070093458_4005134166984615962_n-1.jpg","type":"image\/jpeg"}],"twitter_card":"summary_large_image","twitter_misc":{"Timp estimat pentru citire":"1 minut"},"schema":{"@context":"https:\/\/schema.org","@graph":[{"@type":"WebPage","@id":"https:\/\/binaturalproducts.com\/termek\/kenes-csalanos-sampontomb\/","url":"https:\/\/binaturalproducts.com\/termek\/kenes-csalanos-sampontomb\/","name":"\u0218ampon solid cu sulf \u0219i urzic\u0103 - Binaturalproducts","isPartOf":{"@id":"https:\/\/binaturalproducts.com\/#website"},"primaryImageOfPage":{"@id":"https:\/\/binaturalproducts.com\/termek\/kenes-csalanos-sampontomb\/#primaryimage"},"image":{"@id":"https:\/\/binaturalproducts.com\/termek\/kenes-csalanos-sampontomb\/#primaryimage"},"thumbnailUrl":"https:\/\/binaturalproducts.com\/wp-content\/uploads\/2022\/11\/313350208_5899446070093458_4005134166984615962_n-1.jpg","datePublished":"2022-11-01T15:20:51+00:00","dateModified":"2026-02-23T17:38:02+00:00","description":"\u0218ampon solid cu putere mare de spumare, cu pulbere de urzic\u0103, sulf, tenside de cocos, ulei de cocos, ulei de chimen negru, uleiuri esen\u021biale de salvie \u0219i arbore de ceai.","breadcrumb":{"@id":"https:\/\/binaturalproducts.com\/termek\/kenes-csalanos-sampontomb\/#breadcrumb"},"inLanguage":"ro-RO","potentialAction":[{"@type":"ReadAction","target":["https:\/\/binaturalproducts.com\/termek\/kenes-csalanos-sampontomb\/"]}]},{"@type":"ImageObject","inLanguage":"ro-RO","@id":"https:\/\/binaturalproducts.com\/termek\/kenes-csalanos-sampontomb\/#primaryimage","url":"https:\/\/binaturalproducts.com\/wp-content\/uploads\/2022\/11\/313350208_5899446070093458_4005134166984615962_n-1.jpg","contentUrl":"https:\/\/binaturalproducts.com\/wp-content\/uploads\/2022\/11\/313350208_5899446070093458_4005134166984615962_n-1.jpg","width":1800,"height":1805,"caption":"Binatural Products - K\u00e9nes-csal\u00e1nos sampont\u00f6mb"},{"@type":"BreadcrumbList","@id":"https:\/\/binaturalproducts.com\/termek\/kenes-csalanos-sampontomb\/#breadcrumb","itemListElement":[{"@type":"ListItem","position":1,"name":"Kezd\u0151lap","item":"https:\/\/binaturalproducts.com\/"},{"@type":"ListItem","position":2,"name":"\u00dczlet","item":"https:\/\/binaturalproducts.com\/uzlet\/"},{"@type":"ListItem","position":3,"name":"K\u00e9nes-csal\u00e1nos sampont\u00f6mb"}]},{"@type":"WebSite","@id":"https:\/\/binaturalproducts.com\/#website","url":"https:\/\/binaturalproducts.com\/","name":"Binaturalproducts","description":"PRODUSE NATURALE DIN INIMA TRANSILVANIEI","potentialAction":[{"@type":"SearchAction","target":{"@type":"EntryPoint","urlTemplate":"https:\/\/binaturalproducts.com\/?s={search_term_string}"},"query-input":{"@type":"PropertyValueSpecification","valueRequired":true,"valueName":"search_term_string"}}],"inLanguage":"ro-RO"}]}},"_links":{"self":[{"href":"https:\/\/binaturalproducts.com\/ro\/wp-json\/wp\/v2\/product\/864","targetHints":{"allow":["GET"]}}],"collection":[{"href":"https:\/\/binaturalproducts.com\/ro\/wp-json\/wp\/v2\/product"}],"about":[{"href":"https:\/\/binaturalproducts.com\/ro\/wp-json\/wp\/v2\/types\/product"}],"replies":[{"embeddable":true,"href":"https:\/\/binaturalproducts.com\/ro\/wp-json\/wp\/v2\/comments?post=864"}],"wp:featuredmedia":[{"embeddable":true,"href":"https:\/\/binaturalproducts.com\/ro\/wp-json\/wp\/v2\/media\/865"}],"wp:attachment":[{"href":"https:\/\/binaturalproducts.com\/ro\/wp-json\/wp\/v2\/media?parent=864"}],"wp:term":[{"taxonomy":"product_brand","embeddable":true,"href":"https:\/\/binaturalproducts.com\/ro\/wp-json\/wp\/v2\/product_brand?post=864"},{"taxonomy":"product_cat","embeddable":true,"href":"https:\/\/binaturalproducts.com\/ro\/wp-json\/wp\/v2\/product_cat?post=864"},{"taxonomy":"product_tag","embeddable":true,"href":"https:\/\/binaturalproducts.com\/ro\/wp-json\/wp\/v2\/product_tag?post=864"}],"curies":[{"name":"wp","href":"https:\/\/api.w.org\/{rel}","templated":true}]}}