{"id":833,"date":"2022-10-06T17:32:37","date_gmt":"2022-10-06T15:32:37","guid":{"rendered":"https:\/\/binaturalproducts.com\/?post_type=product&#038;p=833"},"modified":"2026-04-22T10:10:29","modified_gmt":"2026-04-22T08:10:29","slug":"deodorant-crema-solida-pe-baza-de-plante","status":"publish","type":"product","link":"https:\/\/binaturalproducts.com\/ro\/produs\/deodorant-crema-solida-pe-baza-de-plante\/","title":{"rendered":"Deodorant crem\u0103 solid\u0103 pe baz\u0103 de plante"},"content":{"rendered":"<div class=\"xdj266r x11i5rnm xat24cr x1mh8g0r x1vvkbs x126k92a\">\n<div dir=\"auto\">\n<p><strong><span class=\"x3nfvp2 x1j61x8r x1fcty0u xdj266r xhhsvwb xat24cr xgzva0m xxymvpz xlup9mm x1kky2od\"><img loading=\"lazy\" decoding=\"async\" src=\"https:\/\/static.xx.fbcdn.net\/images\/emoji.php\/v9\/tc2\/1.5\/16\/1f331.png\" alt=\"\ud83c\udf31\" width=\"16\" height=\"16\" \/> <\/span>Crem\u0103 deodorant solid\u0103 proasp\u0103t\u0103 cu plante medicinale<\/strong> <span class=\"x3nfvp2 x1j61x8r x1fcty0u xdj266r xhhsvwb xat24cr xgzva0m xxymvpz xlup9mm x1kky2od\"><img loading=\"lazy\" decoding=\"async\" src=\"https:\/\/static.xx.fbcdn.net\/images\/emoji.php\/v9\/ta5\/1.5\/16\/1f642.png\" alt=\"\ud83d\ude42\" width=\"16\" height=\"16\" \/><\/span><\/p>\n<\/div>\n<div dir=\"auto\">Nu con\u021bine bicarbonat de sodiu, astfel c\u0103 poate fi potrivit \u0219i pentru pielea sensibil\u0103.<span class=\"x3nfvp2 x1j61x8r x1fcty0u xdj266r xhhsvwb xat24cr xgzva0m xxymvpz xlup9mm x1kky2od\"><img loading=\"lazy\" decoding=\"async\" src=\"https:\/\/static.xx.fbcdn.net\/images\/emoji.php\/v9\/td8\/1.5\/16\/1f60a.png\" alt=\"\ud83d\ude0a\" width=\"16\" height=\"16\" \/><\/span><\/div>\n<\/div>\n<div class=\"x11i5rnm xat24cr x1mh8g0r x1vvkbs xtlvy1s x126k92a\">\n<div dir=\"auto\"><span class=\"x3nfvp2 x1j61x8r x1fcty0u xdj266r xhhsvwb xat24cr xgzva0m xxymvpz xlup9mm x1kky2od\"><img loading=\"lazy\" decoding=\"async\" src=\"https:\/\/static.xx.fbcdn.net\/images\/emoji.php\/v9\/ta4\/1.5\/16\/1f443.png\" alt=\"\ud83d\udc43\" width=\"16\" height=\"16\" \/><\/span><span class=\"x3nfvp2 x1j61x8r x1fcty0u xdj266r xhhsvwb xat24cr xgzva0m xxymvpz xlup9mm x1kky2od\"><img loading=\"lazy\" decoding=\"async\" src=\"https:\/\/static.xx.fbcdn.net\/images\/emoji.php\/v9\/t63\/1.5\/16\/1f343.png\" alt=\"\ud83c\udf43 Unt de kokum\" width=\"16\" height=\"16\" \/> <\/span>. <span class=\"x3nfvp2 x1j61x8r x1fcty0u xdj266r xhhsvwb xat24cr xgzva0m xxymvpz xlup9mm x1kky2od\"><img loading=\"lazy\" decoding=\"async\" src=\"https:\/\/static.xx.fbcdn.net\/images\/emoji.php\/v9\/t77\/1.5\/16\/1f33f.png\" alt=\"\ud83c\udf3f\" width=\"16\" height=\"16\" \/><\/span> . <span class=\"x3nfvp2 x1j61x8r x1fcty0u xdj266r xhhsvwb xat24cr xgzva0m xxymvpz xlup9mm x1kky2od\"><img loading=\"lazy\" decoding=\"async\" src=\"https:\/\/static.xx.fbcdn.net\/images\/emoji.php\/v9\/t12\/1.5\/16\/1f34b.png\" alt=\"\ud83c\udf4b\" width=\"16\" height=\"16\" \/> <\/span>Efectul deodorant se datoreaz\u0103 uleiurilor esen\u021biale \ud83c\udf3f \u0219i unui derivat al acidului citric \ud83c\udf4b care \u00eempiedic\u0103 degradarea bacterian\u0103 \ud83e\udda0 a componentelor transpira\u021biei responsabile de mirosurile nepl\u0103cute. <span class=\"x3nfvp2 x1j61x8r x1fcty0u xdj266r xhhsvwb xat24cr xgzva0m xxymvpz xlup9mm x1kky2od\"><img loading=\"lazy\" decoding=\"async\" src=\"https:\/\/static.xx.fbcdn.net\/images\/emoji.php\/v9\/t59\/1.5\/16\/1f9a0.png\" alt=\"\ud83e\udda0\" width=\"16\" height=\"16\" \/><\/span> .<\/div>\n<div dir=\"auto\">\n<p><img loading=\"lazy\" decoding=\"async\" class=\"alignnone size-medium wp-image-264\" src=\"https:\/\/binaturalproducts.com\/wp-content\/uploads\/2021\/08\/Nevtelen-terv-5-1-300x213.png\" alt=\"\" width=\"300\" height=\"213\" srcset=\"https:\/\/binaturalproducts.com\/wp-content\/uploads\/2021\/08\/Nevtelen-terv-5-1-300x213.png 300w, https:\/\/binaturalproducts.com\/wp-content\/uploads\/2021\/08\/Nevtelen-terv-5-1-1024x726.png 1024w, https:\/\/binaturalproducts.com\/wp-content\/uploads\/2021\/08\/Nevtelen-terv-5-1-768x545.png 768w, https:\/\/binaturalproducts.com\/wp-content\/uploads\/2021\/08\/Nevtelen-terv-5-1-1536x1090.png 1536w, https:\/\/binaturalproducts.com\/wp-content\/uploads\/2021\/08\/Nevtelen-terv-5-1-600x426.png 600w, https:\/\/binaturalproducts.com\/wp-content\/uploads\/2021\/08\/Nevtelen-terv-5-1.png 1748w\" sizes=\"auto, (max-width: 300px) 100vw, 300px\" \/><\/p>\n<p>Scopul deodoriz\u0103rii este ini\u021bial neutralizarea mirosurilor. \u00cen prezent, \u00eens\u0103, ni se ofer\u0103 \"antiperspirante\" pline de aditivi chimici. Este important c\u0103 pielea noastr\u0103 s\u0103 intre \u00een contact cu c\u00e2t mai pu\u021bine substan\u021be chimice, deoarece aceste substan\u021be se absorb prin piele.<\/p>\n<\/div>\n<div dir=\"auto\">Ingrediente: ulei de cocos <span class=\"x3nfvp2 x1j61x8r x1fcty0u xdj266r xhhsvwb xat24cr xgzva0m xxymvpz xlup9mm x1kky2od\"><img loading=\"lazy\" decoding=\"async\" src=\"https:\/\/static.xx.fbcdn.net\/images\/emoji.php\/v9\/t29\/1.5\/16\/1f965.png\" alt=\"\ud83e\udd65\" width=\"16\" height=\"16\" \/><\/span>, ulei de calendula <span class=\"x3nfvp2 x1j61x8r x1fcty0u xdj266r xhhsvwb xat24cr xgzva0m xxymvpz xlup9mm x1kky2od\"><img loading=\"lazy\" decoding=\"async\" src=\"https:\/\/static.xx.fbcdn.net\/images\/emoji.php\/v9\/tf4\/1.5\/16\/1f33c.png\" alt=\"\ud83c\udf3c\" width=\"16\" height=\"16\" \/><\/span>, ulei de orez <span class=\"x3nfvp2 x1j61x8r x1fcty0u xdj266r xhhsvwb xat24cr xgzva0m xxymvpz xlup9mm x1kky2od\"><img loading=\"lazy\" decoding=\"async\" src=\"https:\/\/static.xx.fbcdn.net\/images\/emoji.php\/v9\/t30\/1.5\/16\/1f35a.png\" alt=\"\ud83c\udf5a\" width=\"16\" height=\"16\" \/>, oxid de zinc, amidon de porumb, acid stearic, derivat de acid citric, ulei esen\u021bial de lemongrass, ulei esen\u021bial de ment\u0103, ulei esen\u021bial de arbore de ceai, ulei esen\u021bial de salvie, ulei esen\u021bial de trandafir de palmier.<\/span><\/div>\n<div dir=\"auto\"><\/div>\n<div dir=\"auto\">Poate fi utilizat de mai multe ori pe zi \u0219i are cel mai bun efect atunci c\u00e2nd este masat bine \u00een piele.<\/div>\n<div dir=\"auto\"><\/div>\n<div dir=\"auto\">\n<p>Parfumul citric-mentolat poate persista chiar \u0219i c\u00e2teva ore <span class=\"x3nfvp2 x1j61x8r x1fcty0u xdj266r xhhsvwb xat24cr xgzva0m xxymvpz xlup9mm x1kky2od\"><img loading=\"lazy\" decoding=\"async\" src=\"https:\/\/static.xx.fbcdn.net\/images\/emoji.php\/v9\/tb1\/1.5\/16\/1f929.png\" alt=\"\ud83e\udd29\" width=\"16\" height=\"16\" \/><\/span><\/p>\n<p>Datorit\u0103 parfumului s\u0103u unisex, este potrivit at\u00e2t pentru b\u0103rba\u021bi, c\u00e2t \u0219i pentru femei.<\/p>\n<\/div>\n<\/div>\n<div dir=\"auto\">\n<p>Dac\u0103 folose\u0219ti pentru prima dat\u0103 un deodorant f\u0103cut din ingrediente naturale, este posibil s\u0103 ai nevoie de c\u00e2teva s\u0103pt\u0103m\u00e2ni pentru a l\u0103sa corpul t\u0103u s\u0103 se obi\u0219nuiasc\u0103 cu el.<\/p>\n<p><strong>Depozitare<\/strong>: A se p\u0103stra la loc uscat \u0219i r\u0103coros.<\/p>\n<\/div>\n<div dir=\"auto\">e 50 g<\/div>","protected":false},"excerpt":{"rendered":"<p>Datorit\u0103 parfumului s\u0103u unisex, este potrivit at\u00e2t pentru b\u0103rba\u021bi, c\u00e2t \u0219i pentru femei.<\/p>","protected":false},"featured_media":834,"comment_status":"open","ping_status":"closed","template":"","meta":[],"product_brand":[],"product_cat":[45,27],"product_tag":[],"class_list":{"0":"post-833","1":"product","2":"type-product","3":"status-publish","4":"has-post-thumbnail","6":"product_cat-osszes","7":"product_cat-higienia","9":"first","10":"outofstock","11":"shipping-taxable","12":"purchasable","13":"product-type-simple"},"yoast_head":"<!-- This site is optimized with the Yoast SEO plugin v27.4 - https:\/\/yoast.com\/product\/yoast-seo-wordpress\/ -->\n<title>Herbal-kr\u00e9mdezodor - Binaturalproducts<\/title>\n<meta name=\"description\" content=\"Friss gy\u00f3gyf\u0171ves\u00a0szil\u00e1rd kr\u00e9mdezodor. Uniszex\u00a0illata miatt alkalmas\u00a0f\u00e9rfiak\u00a0\u00e9s\u00a0n\u0151k\u00a0sz\u00e1m\u00e1ra egyar\u00e1nt.\" \/>\n<meta name=\"robots\" content=\"index, follow, max-snippet:-1, max-image-preview:large, max-video-preview:-1\" \/>\n<link rel=\"canonical\" href=\"https:\/\/binaturalproducts.com\/ro\/produs\/deodorant-crema-solida-pe-baza-de-plante\/\" \/>\n<meta property=\"og:locale\" content=\"ro_RO\" \/>\n<meta property=\"og:type\" content=\"article\" \/>\n<meta property=\"og:title\" content=\"Herbal-kr\u00e9mdezodor - Binaturalproducts\" \/>\n<meta property=\"og:description\" content=\"Friss gy\u00f3gyf\u0171ves\u00a0szil\u00e1rd kr\u00e9mdezodor. Uniszex\u00a0illata miatt alkalmas\u00a0f\u00e9rfiak\u00a0\u00e9s\u00a0n\u0151k\u00a0sz\u00e1m\u00e1ra egyar\u00e1nt.\" \/>\n<meta property=\"og:url\" content=\"https:\/\/binaturalproducts.com\/ro\/produs\/deodorant-crema-solida-pe-baza-de-plante\/\" \/>\n<meta property=\"og:site_name\" content=\"Binaturalproducts\" \/>\n<meta property=\"article:modified_time\" content=\"2026-04-22T08:10:29+00:00\" \/>\n<meta property=\"og:image\" content=\"https:\/\/binaturalproducts.com\/wp-content\/uploads\/2022\/10\/1665069464479.jpg\" \/>\n\t<meta property=\"og:image:width\" content=\"1396\" \/>\n\t<meta property=\"og:image:height\" content=\"1600\" \/>\n\t<meta property=\"og:image:type\" content=\"image\/jpeg\" \/>\n<meta name=\"twitter:card\" content=\"summary_large_image\" \/>\n<meta name=\"twitter:label1\" content=\"Timp estimat pentru citire\" \/>\n\t<meta name=\"twitter:data1\" content=\"4 minute\" \/>\n<script type=\"application\/ld+json\" class=\"yoast-schema-graph\">{\"@context\":\"https:\\\/\\\/schema.org\",\"@graph\":[{\"@type\":\"WebPage\",\"@id\":\"https:\\\/\\\/binaturalproducts.com\\\/termek\\\/herbal-kremdezodor\\\/\",\"url\":\"https:\\\/\\\/binaturalproducts.com\\\/termek\\\/herbal-kremdezodor\\\/\",\"name\":\"Herbal-kr\u00e9mdezodor - Binaturalproducts\",\"isPartOf\":{\"@id\":\"https:\\\/\\\/binaturalproducts.com\\\/#website\"},\"primaryImageOfPage\":{\"@id\":\"https:\\\/\\\/binaturalproducts.com\\\/termek\\\/herbal-kremdezodor\\\/#primaryimage\"},\"image\":{\"@id\":\"https:\\\/\\\/binaturalproducts.com\\\/termek\\\/herbal-kremdezodor\\\/#primaryimage\"},\"thumbnailUrl\":\"https:\\\/\\\/binaturalproducts.com\\\/wp-content\\\/uploads\\\/2022\\\/10\\\/1665069464479.jpg\",\"datePublished\":\"2022-10-06T15:32:37+00:00\",\"dateModified\":\"2026-04-22T08:10:29+00:00\",\"description\":\"Friss gy\u00f3gyf\u0171ves\u00a0szil\u00e1rd kr\u00e9mdezodor. Uniszex\u00a0illata miatt alkalmas\u00a0f\u00e9rfiak\u00a0\u00e9s\u00a0n\u0151k\u00a0sz\u00e1m\u00e1ra egyar\u00e1nt.\",\"breadcrumb\":{\"@id\":\"https:\\\/\\\/binaturalproducts.com\\\/termek\\\/herbal-kremdezodor\\\/#breadcrumb\"},\"inLanguage\":\"ro-RO\",\"potentialAction\":[{\"@type\":\"ReadAction\",\"target\":[\"https:\\\/\\\/binaturalproducts.com\\\/termek\\\/herbal-kremdezodor\\\/\"]}]},{\"@type\":\"ImageObject\",\"inLanguage\":\"ro-RO\",\"@id\":\"https:\\\/\\\/binaturalproducts.com\\\/termek\\\/herbal-kremdezodor\\\/#primaryimage\",\"url\":\"https:\\\/\\\/binaturalproducts.com\\\/wp-content\\\/uploads\\\/2022\\\/10\\\/1665069464479.jpg\",\"contentUrl\":\"https:\\\/\\\/binaturalproducts.com\\\/wp-content\\\/uploads\\\/2022\\\/10\\\/1665069464479.jpg\",\"width\":1396,\"height\":1600,\"caption\":\"Binatural Products - Herbal-kr\u00e9mdezodor\"},{\"@type\":\"BreadcrumbList\",\"@id\":\"https:\\\/\\\/binaturalproducts.com\\\/termek\\\/herbal-kremdezodor\\\/#breadcrumb\",\"itemListElement\":[{\"@type\":\"ListItem\",\"position\":1,\"name\":\"Kezd\u0151lap\",\"item\":\"https:\\\/\\\/binaturalproducts.com\\\/\"},{\"@type\":\"ListItem\",\"position\":2,\"name\":\"\u00dczlet\",\"item\":\"https:\\\/\\\/binaturalproducts.com\\\/uzlet\\\/\"},{\"@type\":\"ListItem\",\"position\":3,\"name\":\"Herbal-kr\u00e9mdezodor\"}]},{\"@type\":\"WebSite\",\"@id\":\"https:\\\/\\\/binaturalproducts.com\\\/#website\",\"url\":\"https:\\\/\\\/binaturalproducts.com\\\/\",\"name\":\"Binaturalproducts\",\"description\":\"Nat\u00far term\u00e9kek Erd\u00e9ly sz\u00edv\u00e9b\u0151l\",\"potentialAction\":[{\"@type\":\"SearchAction\",\"target\":{\"@type\":\"EntryPoint\",\"urlTemplate\":\"https:\\\/\\\/binaturalproducts.com\\\/?s={search_term_string}\"},\"query-input\":{\"@type\":\"PropertyValueSpecification\",\"valueRequired\":true,\"valueName\":\"search_term_string\"}}],\"inLanguage\":\"ro-RO\"}]}<\/script>\n<!-- \/ Yoast SEO plugin. -->","yoast_head_json":{"title":"Deodorant crem\u0103 solid\u0103 pe baz\u0103 de plante - Binaturalproducts","description":"Datorit\u0103 parfumului s\u0103u unisex, este potrivit at\u00e2t pentru b\u0103rba\u021bi, c\u00e2t \u0219i pentru femei.","robots":{"index":"index","follow":"follow","max-snippet":"max-snippet:-1","max-image-preview":"max-image-preview:large","max-video-preview":"max-video-preview:-1"},"canonical":"https:\/\/binaturalproducts.com\/ro\/produs\/deodorant-crema-solida-pe-baza-de-plante\/","og_locale":"ro_RO","og_type":"article","og_title":"Herbal-kr\u00e9mdezodor - Binaturalproducts","og_description":"Friss gy\u00f3gyf\u0171ves\u00a0szil\u00e1rd kr\u00e9mdezodor. Uniszex\u00a0illata miatt alkalmas\u00a0f\u00e9rfiak\u00a0\u00e9s\u00a0n\u0151k\u00a0sz\u00e1m\u00e1ra egyar\u00e1nt.","og_url":"https:\/\/binaturalproducts.com\/ro\/produs\/deodorant-crema-solida-pe-baza-de-plante\/","og_site_name":"Binaturalproducts","article_modified_time":"2026-04-22T08:10:29+00:00","og_image":[{"width":1396,"height":1600,"url":"https:\/\/binaturalproducts.com\/wp-content\/uploads\/2022\/10\/1665069464479.jpg","type":"image\/jpeg"}],"twitter_card":"summary_large_image","twitter_misc":{"Timp estimat pentru citire":"4 minute"},"schema":{"@context":"https:\/\/schema.org","@graph":[{"@type":"WebPage","@id":"https:\/\/binaturalproducts.com\/termek\/herbal-kremdezodor\/","url":"https:\/\/binaturalproducts.com\/termek\/herbal-kremdezodor\/","name":"Deodorant crem\u0103 solid\u0103 pe baz\u0103 de plante - Binaturalproducts","isPartOf":{"@id":"https:\/\/binaturalproducts.com\/#website"},"primaryImageOfPage":{"@id":"https:\/\/binaturalproducts.com\/termek\/herbal-kremdezodor\/#primaryimage"},"image":{"@id":"https:\/\/binaturalproducts.com\/termek\/herbal-kremdezodor\/#primaryimage"},"thumbnailUrl":"https:\/\/binaturalproducts.com\/wp-content\/uploads\/2022\/10\/1665069464479.jpg","datePublished":"2022-10-06T15:32:37+00:00","dateModified":"2026-04-22T08:10:29+00:00","description":"Datorit\u0103 parfumului s\u0103u unisex, este potrivit at\u00e2t pentru b\u0103rba\u021bi, c\u00e2t \u0219i pentru femei.","breadcrumb":{"@id":"https:\/\/binaturalproducts.com\/termek\/herbal-kremdezodor\/#breadcrumb"},"inLanguage":"ro-RO","potentialAction":[{"@type":"ReadAction","target":["https:\/\/binaturalproducts.com\/termek\/herbal-kremdezodor\/"]}]},{"@type":"ImageObject","inLanguage":"ro-RO","@id":"https:\/\/binaturalproducts.com\/termek\/herbal-kremdezodor\/#primaryimage","url":"https:\/\/binaturalproducts.com\/wp-content\/uploads\/2022\/10\/1665069464479.jpg","contentUrl":"https:\/\/binaturalproducts.com\/wp-content\/uploads\/2022\/10\/1665069464479.jpg","width":1396,"height":1600,"caption":"Binatural Products - Herbal-kr\u00e9mdezodor"},{"@type":"BreadcrumbList","@id":"https:\/\/binaturalproducts.com\/termek\/herbal-kremdezodor\/#breadcrumb","itemListElement":[{"@type":"ListItem","position":1,"name":"Kezd\u0151lap","item":"https:\/\/binaturalproducts.com\/"},{"@type":"ListItem","position":2,"name":"\u00dczlet","item":"https:\/\/binaturalproducts.com\/uzlet\/"},{"@type":"ListItem","position":3,"name":"Herbal-kr\u00e9mdezodor"}]},{"@type":"WebSite","@id":"https:\/\/binaturalproducts.com\/#website","url":"https:\/\/binaturalproducts.com\/","name":"Binaturalproducts","description":"PRODUSE NATURALE DIN INIMA TRANSILVANIEI","potentialAction":[{"@type":"SearchAction","target":{"@type":"EntryPoint","urlTemplate":"https:\/\/binaturalproducts.com\/?s={search_term_string}"},"query-input":{"@type":"PropertyValueSpecification","valueRequired":true,"valueName":"search_term_string"}}],"inLanguage":"ro-RO"}]}},"_links":{"self":[{"href":"https:\/\/binaturalproducts.com\/ro\/wp-json\/wp\/v2\/product\/833","targetHints":{"allow":["GET"]}}],"collection":[{"href":"https:\/\/binaturalproducts.com\/ro\/wp-json\/wp\/v2\/product"}],"about":[{"href":"https:\/\/binaturalproducts.com\/ro\/wp-json\/wp\/v2\/types\/product"}],"replies":[{"embeddable":true,"href":"https:\/\/binaturalproducts.com\/ro\/wp-json\/wp\/v2\/comments?post=833"}],"wp:featuredmedia":[{"embeddable":true,"href":"https:\/\/binaturalproducts.com\/ro\/wp-json\/wp\/v2\/media\/834"}],"wp:attachment":[{"href":"https:\/\/binaturalproducts.com\/ro\/wp-json\/wp\/v2\/media?parent=833"}],"wp:term":[{"taxonomy":"product_brand","embeddable":true,"href":"https:\/\/binaturalproducts.com\/ro\/wp-json\/wp\/v2\/product_brand?post=833"},{"taxonomy":"product_cat","embeddable":true,"href":"https:\/\/binaturalproducts.com\/ro\/wp-json\/wp\/v2\/product_cat?post=833"},{"taxonomy":"product_tag","embeddable":true,"href":"https:\/\/binaturalproducts.com\/ro\/wp-json\/wp\/v2\/product_tag?post=833"}],"curies":[{"name":"wp","href":"https:\/\/api.w.org\/{rel}","templated":true}]}}