{"id":831,"date":"2022-09-30T22:57:57","date_gmt":"2022-09-30T20:57:57","guid":{"rendered":"https:\/\/binaturalproducts.com\/?post_type=product&#038;p=831"},"modified":"2026-04-21T17:44:51","modified_gmt":"2026-04-21T15:44:51","slug":"sapun-de-glicerina-cu-lufa","status":"publish","type":"product","link":"https:\/\/binaturalproducts.com\/ro\/produs\/sapun-de-glicerina-cu-lufa\/","title":{"rendered":"S\u0103pun de glicerin\u0103 cu lufa"},"content":{"rendered":"<p><span style=\"font-family: Arial, sans-serif;\"><span style=\"font-size: medium;\">Acest s\u0103pun v\u0103 va fermeca cu aroma sa proasp\u0103t\u0103 de citrice \u0219i, datorit\u0103 buretelui de luf\u0103 con\u021binut, va \u00eendep\u0103rta \u0219i celulele moarte ale pielii.<\/span><\/span><\/p>\n<p><span style=\"font-family: Arial, sans-serif;\"><span style=\"font-size: medium;\"><strong>Ingrediente<\/strong>: baz\u0103 de glicerin\u0103, pudr\u0103 de annatto, burete lufa, ulei de m\u0103sline extravirgin, ulei esen\u021bial de portocale, ulei esen\u021bial de litsea cubeba.<\/span><\/span><\/p>\n<p><span style=\"font-family: Arial, sans-serif;\"><span style=\"font-size: medium;\"><em>Pudra de anatto<\/em> este ob\u021binut\u0103 din semin\u021bele unui copac nativ din regiunea Amazonului, care sunt uscate \u0219i m\u0103cinate \u00eentr-o pudr\u0103 fin\u0103. Aceast\u0103 pudr\u0103 natural\u0103 de colorare confer\u0103 s\u0103punului nostru o nuan\u021b\u0103 portocalie plin\u0103 de antioxidan\u021bi, beta-caroten, cupru, zinc, magneziu \u0219i urme de seleniu. <\/span><\/span><\/p>\n<p><span style=\"font-family: Arial, sans-serif;\"><span style=\"font-size: medium;\">.<em> Aroma fructat\u0103 a uleiurilor esen\u021biale de piper kubeba \u0219i portocal\u0103 are un efect benefic asupra st\u0103rii noastre de spirit, ajut\u00e2nd la calmarea nervilor, la ridicarea moralului \u0219i la cre\u0219terea \u00eencrederii \u00een sine.<\/em> \u0219i <em>. <\/em>.<span style=\"color: #000000;\">\u00a0<\/span><span style=\"color: #000000;\">. <\/span>De asemenea, are un efect benefic asupra pielii grase \u0219i acneice, cur\u0103\u021b\u00e2nd pielea \u0219i regl\u00e2nd produc\u021bia de sebum.<\/span><\/span><\/p>\n<p><span style=\"font-family: Arial, sans-serif;\"><span style=\"font-size: medium;\"><strong>Efect:<\/strong> anti-\u00eemb\u0103tr\u00e2nire, revigorant, protec\u021bie celular\u0103, preg\u0103tirea pielii pentru bronzare, tonifiant, cur\u0103\u021bare, exfoliere, deodorizare, antifungic.<\/span><\/span><\/p>\n<p><span style=\"font-family: Arial, sans-serif;\"><span style=\"font-size: medium;\"><strong>Recomandat:<\/strong> stare de spirit negativ\u0103, iritabilitate, piele matur\u0103, piele acneic\u0103, piele gras\u0103, \u00eenainte sau \u00een timpul vacan\u021bei, probleme ale pielii.<\/span><\/span><\/p>\n<p><span style=\"font-family: Arial, sans-serif;\"><span style=\"font-size: medium;\"><span style=\"color: #393939;\">Cantitate: 90 +\/- 10g\n\n  Ambalajul este din celofan biodegradabil \u0219i \u0219nur de rafie.<\/span> <\/span><\/span><\/p>\n<p>.<\/p>","protected":false},"excerpt":{"rendered":"<p>Acest s\u0103pun v\u0103 va fermeca cu aroma sa proasp\u0103t\u0103 de citrice \u0219i, datorit\u0103 buretelui de luf\u0103 con\u021binut, va \u00eendep\u0103rta \u0219i celulele moarte ale pielii.<\/p>","protected":false},"featured_media":830,"comment_status":"open","ping_status":"closed","template":"","meta":[],"product_brand":[],"product_cat":[45,27],"product_tag":[],"class_list":{"0":"post-831","1":"product","2":"type-product","3":"status-publish","4":"has-post-thumbnail","6":"product_cat-osszes","7":"product_cat-higienia","9":"first","10":"instock","11":"shipping-taxable","12":"purchasable","13":"product-type-simple"},"yoast_head":"<!-- This site is optimized with the Yoast SEO plugin v27.4 - https:\/\/yoast.com\/product\/yoast-seo-wordpress\/ -->\n<title>Citrusos glicerines szappan luffa szivaccsal - Binaturalproducts<\/title>\n<meta name=\"description\" content=\"Ez a szappan friss\u00edt\u0151 citrusos illattal var\u00e1zsol el, a benne tal\u00e1lhat\u00f3 luffa szivacsnak k\u00f6sz\u00f6nhet\u0151en pedig az elhalt h\u00e1msejteket is elt\u00e1vol\u00edtja.\" \/>\n<meta name=\"robots\" content=\"index, follow, max-snippet:-1, max-image-preview:large, max-video-preview:-1\" \/>\n<link rel=\"canonical\" href=\"https:\/\/binaturalproducts.com\/ro\/produs\/sapun-de-glicerina-cu-lufa\/\" \/>\n<meta property=\"og:locale\" content=\"ro_RO\" \/>\n<meta property=\"og:type\" content=\"article\" \/>\n<meta property=\"og:title\" content=\"Citrusos glicerines szappan luffa szivaccsal - Binaturalproducts\" \/>\n<meta property=\"og:description\" content=\"Ez a szappan friss\u00edt\u0151 citrusos illattal var\u00e1zsol el, a benne tal\u00e1lhat\u00f3 luffa szivacsnak k\u00f6sz\u00f6nhet\u0151en pedig az elhalt h\u00e1msejteket is elt\u00e1vol\u00edtja.\" \/>\n<meta property=\"og:url\" content=\"https:\/\/binaturalproducts.com\/ro\/produs\/sapun-de-glicerina-cu-lufa\/\" \/>\n<meta property=\"og:site_name\" content=\"Binaturalproducts\" \/>\n<meta property=\"article:modified_time\" content=\"2026-04-21T15:44:51+00:00\" \/>\n<meta property=\"og:image\" content=\"https:\/\/binaturalproducts.com\/wp-content\/uploads\/2022\/09\/1664567294732-scaled.jpg\" \/>\n\t<meta property=\"og:image:width\" content=\"2216\" \/>\n\t<meta property=\"og:image:height\" content=\"2560\" \/>\n\t<meta property=\"og:image:type\" content=\"image\/jpeg\" \/>\n<meta name=\"twitter:card\" content=\"summary_large_image\" \/>\n<meta name=\"twitter:label1\" content=\"Timp estimat pentru citire\" \/>\n\t<meta name=\"twitter:data1\" content=\"2 minute\" \/>\n<script type=\"application\/ld+json\" class=\"yoast-schema-graph\">{\"@context\":\"https:\\\/\\\/schema.org\",\"@graph\":[{\"@type\":\"WebPage\",\"@id\":\"https:\\\/\\\/binaturalproducts.com\\\/termek\\\/citrusos-glicerines-szappan-luffa-szivaccsal\\\/\",\"url\":\"https:\\\/\\\/binaturalproducts.com\\\/termek\\\/citrusos-glicerines-szappan-luffa-szivaccsal\\\/\",\"name\":\"Citrusos glicerines szappan luffa szivaccsal - Binaturalproducts\",\"isPartOf\":{\"@id\":\"https:\\\/\\\/binaturalproducts.com\\\/#website\"},\"primaryImageOfPage\":{\"@id\":\"https:\\\/\\\/binaturalproducts.com\\\/termek\\\/citrusos-glicerines-szappan-luffa-szivaccsal\\\/#primaryimage\"},\"image\":{\"@id\":\"https:\\\/\\\/binaturalproducts.com\\\/termek\\\/citrusos-glicerines-szappan-luffa-szivaccsal\\\/#primaryimage\"},\"thumbnailUrl\":\"https:\\\/\\\/binaturalproducts.com\\\/wp-content\\\/uploads\\\/2022\\\/09\\\/1664567294732-scaled.jpg\",\"datePublished\":\"2022-09-30T20:57:57+00:00\",\"dateModified\":\"2026-04-21T15:44:51+00:00\",\"description\":\"Ez a szappan friss\u00edt\u0151 citrusos illattal var\u00e1zsol el, a benne tal\u00e1lhat\u00f3 luffa szivacsnak k\u00f6sz\u00f6nhet\u0151en pedig az elhalt h\u00e1msejteket is elt\u00e1vol\u00edtja.\",\"breadcrumb\":{\"@id\":\"https:\\\/\\\/binaturalproducts.com\\\/termek\\\/citrusos-glicerines-szappan-luffa-szivaccsal\\\/#breadcrumb\"},\"inLanguage\":\"ro-RO\",\"potentialAction\":[{\"@type\":\"ReadAction\",\"target\":[\"https:\\\/\\\/binaturalproducts.com\\\/termek\\\/citrusos-glicerines-szappan-luffa-szivaccsal\\\/\"]}]},{\"@type\":\"ImageObject\",\"inLanguage\":\"ro-RO\",\"@id\":\"https:\\\/\\\/binaturalproducts.com\\\/termek\\\/citrusos-glicerines-szappan-luffa-szivaccsal\\\/#primaryimage\",\"url\":\"https:\\\/\\\/binaturalproducts.com\\\/wp-content\\\/uploads\\\/2022\\\/09\\\/1664567294732-scaled.jpg\",\"contentUrl\":\"https:\\\/\\\/binaturalproducts.com\\\/wp-content\\\/uploads\\\/2022\\\/09\\\/1664567294732-scaled.jpg\",\"width\":2216,\"height\":2560,\"caption\":\"Binatural Products - Citrusos glicerines szappan luffa szivaccsal\"},{\"@type\":\"BreadcrumbList\",\"@id\":\"https:\\\/\\\/binaturalproducts.com\\\/termek\\\/citrusos-glicerines-szappan-luffa-szivaccsal\\\/#breadcrumb\",\"itemListElement\":[{\"@type\":\"ListItem\",\"position\":1,\"name\":\"Kezd\u0151lap\",\"item\":\"https:\\\/\\\/binaturalproducts.com\\\/\"},{\"@type\":\"ListItem\",\"position\":2,\"name\":\"\u00dczlet\",\"item\":\"https:\\\/\\\/binaturalproducts.com\\\/uzlet\\\/\"},{\"@type\":\"ListItem\",\"position\":3,\"name\":\"Citrusos glicerines szappan luffa szivaccsal\"}]},{\"@type\":\"WebSite\",\"@id\":\"https:\\\/\\\/binaturalproducts.com\\\/#website\",\"url\":\"https:\\\/\\\/binaturalproducts.com\\\/\",\"name\":\"Binaturalproducts\",\"description\":\"Nat\u00far term\u00e9kek Erd\u00e9ly sz\u00edv\u00e9b\u0151l\",\"potentialAction\":[{\"@type\":\"SearchAction\",\"target\":{\"@type\":\"EntryPoint\",\"urlTemplate\":\"https:\\\/\\\/binaturalproducts.com\\\/?s={search_term_string}\"},\"query-input\":{\"@type\":\"PropertyValueSpecification\",\"valueRequired\":true,\"valueName\":\"search_term_string\"}}],\"inLanguage\":\"ro-RO\"}]}<\/script>\n<!-- \/ Yoast SEO plugin. -->","yoast_head_json":{"title":"S\u0103pun de glicerin\u0103 cu lufa - Binaturalproducts","description":"Acest s\u0103pun v\u0103 va fermeca cu aroma sa proasp\u0103t\u0103 de citrice \u0219i, datorit\u0103 buretelui de luf\u0103 con\u021binut, va \u00eendep\u0103rta \u0219i celulele moarte ale pielii.","robots":{"index":"index","follow":"follow","max-snippet":"max-snippet:-1","max-image-preview":"max-image-preview:large","max-video-preview":"max-video-preview:-1"},"canonical":"https:\/\/binaturalproducts.com\/ro\/produs\/sapun-de-glicerina-cu-lufa\/","og_locale":"ro_RO","og_type":"article","og_title":"Citrusos glicerines szappan luffa szivaccsal - Binaturalproducts","og_description":"Ez a szappan friss\u00edt\u0151 citrusos illattal var\u00e1zsol el, a benne tal\u00e1lhat\u00f3 luffa szivacsnak k\u00f6sz\u00f6nhet\u0151en pedig az elhalt h\u00e1msejteket is elt\u00e1vol\u00edtja.","og_url":"https:\/\/binaturalproducts.com\/ro\/produs\/sapun-de-glicerina-cu-lufa\/","og_site_name":"Binaturalproducts","article_modified_time":"2026-04-21T15:44:51+00:00","og_image":[{"width":2216,"height":2560,"url":"https:\/\/binaturalproducts.com\/wp-content\/uploads\/2022\/09\/1664567294732-scaled.jpg","type":"image\/jpeg"}],"twitter_card":"summary_large_image","twitter_misc":{"Timp estimat pentru citire":"2 minute"},"schema":{"@context":"https:\/\/schema.org","@graph":[{"@type":"WebPage","@id":"https:\/\/binaturalproducts.com\/termek\/citrusos-glicerines-szappan-luffa-szivaccsal\/","url":"https:\/\/binaturalproducts.com\/termek\/citrusos-glicerines-szappan-luffa-szivaccsal\/","name":"S\u0103pun de glicerin\u0103 cu lufa - Binaturalproducts","isPartOf":{"@id":"https:\/\/binaturalproducts.com\/#website"},"primaryImageOfPage":{"@id":"https:\/\/binaturalproducts.com\/termek\/citrusos-glicerines-szappan-luffa-szivaccsal\/#primaryimage"},"image":{"@id":"https:\/\/binaturalproducts.com\/termek\/citrusos-glicerines-szappan-luffa-szivaccsal\/#primaryimage"},"thumbnailUrl":"https:\/\/binaturalproducts.com\/wp-content\/uploads\/2022\/09\/1664567294732-scaled.jpg","datePublished":"2022-09-30T20:57:57+00:00","dateModified":"2026-04-21T15:44:51+00:00","description":"Acest s\u0103pun v\u0103 va fermeca cu aroma sa proasp\u0103t\u0103 de citrice \u0219i, datorit\u0103 buretelui de luf\u0103 con\u021binut, va \u00eendep\u0103rta \u0219i celulele moarte ale pielii.","breadcrumb":{"@id":"https:\/\/binaturalproducts.com\/termek\/citrusos-glicerines-szappan-luffa-szivaccsal\/#breadcrumb"},"inLanguage":"ro-RO","potentialAction":[{"@type":"ReadAction","target":["https:\/\/binaturalproducts.com\/termek\/citrusos-glicerines-szappan-luffa-szivaccsal\/"]}]},{"@type":"ImageObject","inLanguage":"ro-RO","@id":"https:\/\/binaturalproducts.com\/termek\/citrusos-glicerines-szappan-luffa-szivaccsal\/#primaryimage","url":"https:\/\/binaturalproducts.com\/wp-content\/uploads\/2022\/09\/1664567294732-scaled.jpg","contentUrl":"https:\/\/binaturalproducts.com\/wp-content\/uploads\/2022\/09\/1664567294732-scaled.jpg","width":2216,"height":2560,"caption":"Binatural Products - Citrusos glicerines szappan luffa szivaccsal"},{"@type":"BreadcrumbList","@id":"https:\/\/binaturalproducts.com\/termek\/citrusos-glicerines-szappan-luffa-szivaccsal\/#breadcrumb","itemListElement":[{"@type":"ListItem","position":1,"name":"Kezd\u0151lap","item":"https:\/\/binaturalproducts.com\/"},{"@type":"ListItem","position":2,"name":"\u00dczlet","item":"https:\/\/binaturalproducts.com\/uzlet\/"},{"@type":"ListItem","position":3,"name":"Citrusos glicerines szappan luffa szivaccsal"}]},{"@type":"WebSite","@id":"https:\/\/binaturalproducts.com\/#website","url":"https:\/\/binaturalproducts.com\/","name":"Binaturalproducts","description":"PRODUSE NATURALE DIN INIMA TRANSILVANIEI","potentialAction":[{"@type":"SearchAction","target":{"@type":"EntryPoint","urlTemplate":"https:\/\/binaturalproducts.com\/?s={search_term_string}"},"query-input":{"@type":"PropertyValueSpecification","valueRequired":true,"valueName":"search_term_string"}}],"inLanguage":"ro-RO"}]}},"_links":{"self":[{"href":"https:\/\/binaturalproducts.com\/ro\/wp-json\/wp\/v2\/product\/831","targetHints":{"allow":["GET"]}}],"collection":[{"href":"https:\/\/binaturalproducts.com\/ro\/wp-json\/wp\/v2\/product"}],"about":[{"href":"https:\/\/binaturalproducts.com\/ro\/wp-json\/wp\/v2\/types\/product"}],"replies":[{"embeddable":true,"href":"https:\/\/binaturalproducts.com\/ro\/wp-json\/wp\/v2\/comments?post=831"}],"wp:featuredmedia":[{"embeddable":true,"href":"https:\/\/binaturalproducts.com\/ro\/wp-json\/wp\/v2\/media\/830"}],"wp:attachment":[{"href":"https:\/\/binaturalproducts.com\/ro\/wp-json\/wp\/v2\/media?parent=831"}],"wp:term":[{"taxonomy":"product_brand","embeddable":true,"href":"https:\/\/binaturalproducts.com\/ro\/wp-json\/wp\/v2\/product_brand?post=831"},{"taxonomy":"product_cat","embeddable":true,"href":"https:\/\/binaturalproducts.com\/ro\/wp-json\/wp\/v2\/product_cat?post=831"},{"taxonomy":"product_tag","embeddable":true,"href":"https:\/\/binaturalproducts.com\/ro\/wp-json\/wp\/v2\/product_tag?post=831"}],"curies":[{"name":"wp","href":"https:\/\/api.w.org\/{rel}","templated":true}]}}