{"id":816,"date":"2022-09-14T23:25:15","date_gmt":"2022-09-14T21:25:15","guid":{"rendered":"https:\/\/binaturalproducts.com\/?post_type=product&#038;p=816"},"modified":"2026-03-19T22:12:35","modified_gmt":"2026-03-19T20:12:35","slug":"crema-de-fata-hranitoare","status":"publish","type":"product","link":"https:\/\/binaturalproducts.com\/ro\/produs\/crema-de-fata-hranitoare\/","title":{"rendered":"Crem\u0103 de fa\u021b\u0103 hr\u0103nitoare"},"content":{"rendered":"<p>Crema noastr\u0103 hr\u0103nitoare de fa\u021b\u0103 con\u021bine ingrediente active foarte valoroase, uleiuri vegetale speciale precum: ulei de argan, ulei de orez \u0219i ulei de jojoba.<\/p>\n<p>Uleiul de argan ac\u021bioneaz\u0103 eficient \u00een lupta \u00eempotriva \u00eemb\u0103tr\u00e2nirii pielii, este un antioxidant puternic, ajut\u0103 la restabilirea elasticit\u0103\u021bii pielii, are efect regenerant \u0219i cicatrizant.<\/p>\n<p>Mirosul cremei este apa de trandafiri, ingredientele sale eficiente sunt: \u200b\u200bacid hialuronic, coenzima Q10, extract de acmella, vitamina E, lipide si extract de sange de dragon.<\/p>\n<p>O crem\u0103 anti-\u00eemb\u0103tr\u00e2nire grozav\u0103, recomandat\u0103 pentru utilizare \u00eencep\u00e2nd cu v\u00e2rsta de 25 de ani<\/p>\n<p>Ajut\u0103 la prevenirea form\u0103rii ridurilor \u0219i estompeaz\u0103 liniile fine care au ap\u0103rut deja, ne hidrateaz\u0103 pielea, \u00eei furnizeaz\u0103 ingrediente active valoroase, o hr\u0103ne\u0219te \u0219i o regenereaz\u0103.<\/p>\n<p>Poate fi folosit si in jurul ochilor, deoarece nu contine substante iritante.<\/p>\n<p><strong>Recomandat:<\/strong> pentru ten mixt, ten matur, piele pigmentat\u0103, sensibil\u0103, ten gras, ten normal.<\/p>\n<p>Este disponibil \u00een ambalaj ermetic, care este complet igienic, astfel \u00eenc\u00e2t bacteriile din aer \u0219i de pe m\u00e2inile noastre nu pot p\u0103trunde, datorit\u0103 acestui lucru perioada de garan\u021bie a cremei dureaz\u0103 mai mult \u0219i, nu \u00een ultimul r\u00e2nd, vidul ajut\u0103 la stoarcerea ultima pic\u0103tur\u0103 de unguent din sticl\u0103.<\/p>\n<p>Po\u021bi lua cu u\u0219urin\u021b\u0103 crema de fa\u021b\u0103 cu tine \u00een geant\u0103, deoarece \u00eencape \u00eentr-un spa\u021biu mic \u0219i o po\u021bi folosi oriunde!<\/p>\n<p><strong>e<\/strong> 30 ml<\/p>","protected":false},"excerpt":{"rendered":"<p>Crema noastr\u0103 hr\u0103nitoare de fa\u021b\u0103 con\u021bine ingrediente active foarte valoroase, uleiuri vegetale speciale precum: ulei de argan, ulei de orez \u0219i ulei de jojoba.<\/p>","protected":false},"featured_media":5793,"comment_status":"open","ping_status":"closed","template":"","meta":[],"product_brand":[],"product_cat":[45,41],"product_tag":[],"class_list":{"0":"post-816","1":"product","2":"type-product","3":"status-publish","4":"has-post-thumbnail","6":"product_cat-osszes","7":"product_cat-arcapolas","9":"first","10":"instock","11":"sale","12":"shipping-taxable","13":"purchasable","14":"product-type-simple"},"yoast_head":"<!-- This site is optimized with the Yoast SEO plugin v27.4 - https:\/\/yoast.com\/product\/yoast-seo-wordpress\/ -->\n<title>T\u00e1pl\u00e1l\u00f3 arckr\u00e9m - Binaturalproducts<\/title>\n<meta name=\"description\" content=\"A t\u00e1pl\u00e1l\u00f3 arckr\u00e9m\u00fcnk nagyon \u00e9rt\u00e9kes hat\u00f3anyagokat tartalmaz, k\u00fcl\u00f6nleges n\u00f6v\u00e9nyi olajokat mint p\u00e9ld\u00e1ul: az arg\u00e1n olaj, a rizs olaj, valamint a jojoba olaj.\" \/>\n<meta name=\"robots\" content=\"index, follow, max-snippet:-1, max-image-preview:large, max-video-preview:-1\" \/>\n<link rel=\"canonical\" href=\"https:\/\/binaturalproducts.com\/ro\/produs\/crema-de-fata-hranitoare\/\" \/>\n<meta property=\"og:locale\" content=\"ro_RO\" \/>\n<meta property=\"og:type\" content=\"article\" \/>\n<meta property=\"og:title\" content=\"T\u00e1pl\u00e1l\u00f3 arckr\u00e9m - Binaturalproducts\" \/>\n<meta property=\"og:description\" content=\"A t\u00e1pl\u00e1l\u00f3 arckr\u00e9m\u00fcnk nagyon \u00e9rt\u00e9kes hat\u00f3anyagokat tartalmaz, k\u00fcl\u00f6nleges n\u00f6v\u00e9nyi olajokat mint p\u00e9ld\u00e1ul: az arg\u00e1n olaj, a rizs olaj, valamint a jojoba olaj.\" \/>\n<meta property=\"og:url\" content=\"https:\/\/binaturalproducts.com\/ro\/produs\/crema-de-fata-hranitoare\/\" \/>\n<meta property=\"og:site_name\" content=\"Binaturalproducts\" \/>\n<meta property=\"article:modified_time\" content=\"2026-03-19T20:12:35+00:00\" \/>\n<meta property=\"og:image\" content=\"https:\/\/binaturalproducts.com\/wp-content\/uploads\/2022\/09\/IMG_20250301_125655-1-scaled.jpg\" \/>\n\t<meta property=\"og:image:width\" content=\"2373\" \/>\n\t<meta property=\"og:image:height\" content=\"2560\" \/>\n\t<meta property=\"og:image:type\" content=\"image\/jpeg\" \/>\n<meta name=\"twitter:card\" content=\"summary_large_image\" \/>\n<meta name=\"twitter:label1\" content=\"Timp estimat pentru citire\" \/>\n\t<meta name=\"twitter:data1\" content=\"2 minute\" \/>\n<script type=\"application\/ld+json\" class=\"yoast-schema-graph\">{\"@context\":\"https:\\\/\\\/schema.org\",\"@graph\":[{\"@type\":\"WebPage\",\"@id\":\"https:\\\/\\\/binaturalproducts.com\\\/termek\\\/taplalo-arckrem\\\/\",\"url\":\"https:\\\/\\\/binaturalproducts.com\\\/termek\\\/taplalo-arckrem\\\/\",\"name\":\"T\u00e1pl\u00e1l\u00f3 arckr\u00e9m - Binaturalproducts\",\"isPartOf\":{\"@id\":\"https:\\\/\\\/binaturalproducts.com\\\/#website\"},\"primaryImageOfPage\":{\"@id\":\"https:\\\/\\\/binaturalproducts.com\\\/termek\\\/taplalo-arckrem\\\/#primaryimage\"},\"image\":{\"@id\":\"https:\\\/\\\/binaturalproducts.com\\\/termek\\\/taplalo-arckrem\\\/#primaryimage\"},\"thumbnailUrl\":\"https:\\\/\\\/binaturalproducts.com\\\/wp-content\\\/uploads\\\/2022\\\/09\\\/IMG_20250301_125655-1-scaled.jpg\",\"datePublished\":\"2022-09-14T21:25:15+00:00\",\"dateModified\":\"2026-03-19T20:12:35+00:00\",\"description\":\"A t\u00e1pl\u00e1l\u00f3 arckr\u00e9m\u00fcnk nagyon \u00e9rt\u00e9kes hat\u00f3anyagokat tartalmaz, k\u00fcl\u00f6nleges n\u00f6v\u00e9nyi olajokat mint p\u00e9ld\u00e1ul: az arg\u00e1n olaj, a rizs olaj, valamint a jojoba olaj.\",\"breadcrumb\":{\"@id\":\"https:\\\/\\\/binaturalproducts.com\\\/termek\\\/taplalo-arckrem\\\/#breadcrumb\"},\"inLanguage\":\"ro-RO\",\"potentialAction\":[{\"@type\":\"ReadAction\",\"target\":[\"https:\\\/\\\/binaturalproducts.com\\\/termek\\\/taplalo-arckrem\\\/\"]}]},{\"@type\":\"ImageObject\",\"inLanguage\":\"ro-RO\",\"@id\":\"https:\\\/\\\/binaturalproducts.com\\\/termek\\\/taplalo-arckrem\\\/#primaryimage\",\"url\":\"https:\\\/\\\/binaturalproducts.com\\\/wp-content\\\/uploads\\\/2022\\\/09\\\/IMG_20250301_125655-1-scaled.jpg\",\"contentUrl\":\"https:\\\/\\\/binaturalproducts.com\\\/wp-content\\\/uploads\\\/2022\\\/09\\\/IMG_20250301_125655-1-scaled.jpg\",\"width\":2373,\"height\":2560},{\"@type\":\"BreadcrumbList\",\"@id\":\"https:\\\/\\\/binaturalproducts.com\\\/termek\\\/taplalo-arckrem\\\/#breadcrumb\",\"itemListElement\":[{\"@type\":\"ListItem\",\"position\":1,\"name\":\"Kezd\u0151lap\",\"item\":\"https:\\\/\\\/binaturalproducts.com\\\/\"},{\"@type\":\"ListItem\",\"position\":2,\"name\":\"\u00dczlet\",\"item\":\"https:\\\/\\\/binaturalproducts.com\\\/uzlet\\\/\"},{\"@type\":\"ListItem\",\"position\":3,\"name\":\"T\u00e1pl\u00e1l\u00f3 arckr\u00e9m\"}]},{\"@type\":\"WebSite\",\"@id\":\"https:\\\/\\\/binaturalproducts.com\\\/#website\",\"url\":\"https:\\\/\\\/binaturalproducts.com\\\/\",\"name\":\"Binaturalproducts\",\"description\":\"Nat\u00far term\u00e9kek Erd\u00e9ly sz\u00edv\u00e9b\u0151l\",\"potentialAction\":[{\"@type\":\"SearchAction\",\"target\":{\"@type\":\"EntryPoint\",\"urlTemplate\":\"https:\\\/\\\/binaturalproducts.com\\\/?s={search_term_string}\"},\"query-input\":{\"@type\":\"PropertyValueSpecification\",\"valueRequired\":true,\"valueName\":\"search_term_string\"}}],\"inLanguage\":\"ro-RO\"}]}<\/script>\n<!-- \/ Yoast SEO plugin. -->","yoast_head_json":{"title":"Crem\u0103 de fa\u021b\u0103 hr\u0103nitoare - Binaturalproducts","description":"Crema noastr\u0103 hr\u0103nitoare de fa\u021b\u0103 con\u021bine ingrediente active foarte valoroase, uleiuri vegetale speciale precum: ulei de argan, ulei de orez \u0219i ulei de jojoba.","robots":{"index":"index","follow":"follow","max-snippet":"max-snippet:-1","max-image-preview":"max-image-preview:large","max-video-preview":"max-video-preview:-1"},"canonical":"https:\/\/binaturalproducts.com\/ro\/produs\/crema-de-fata-hranitoare\/","og_locale":"ro_RO","og_type":"article","og_title":"T\u00e1pl\u00e1l\u00f3 arckr\u00e9m - Binaturalproducts","og_description":"A t\u00e1pl\u00e1l\u00f3 arckr\u00e9m\u00fcnk nagyon \u00e9rt\u00e9kes hat\u00f3anyagokat tartalmaz, k\u00fcl\u00f6nleges n\u00f6v\u00e9nyi olajokat mint p\u00e9ld\u00e1ul: az arg\u00e1n olaj, a rizs olaj, valamint a jojoba olaj.","og_url":"https:\/\/binaturalproducts.com\/ro\/produs\/crema-de-fata-hranitoare\/","og_site_name":"Binaturalproducts","article_modified_time":"2026-03-19T20:12:35+00:00","og_image":[{"width":2373,"height":2560,"url":"https:\/\/binaturalproducts.com\/wp-content\/uploads\/2022\/09\/IMG_20250301_125655-1-scaled.jpg","type":"image\/jpeg"}],"twitter_card":"summary_large_image","twitter_misc":{"Timp estimat pentru citire":"2 minute"},"schema":{"@context":"https:\/\/schema.org","@graph":[{"@type":"WebPage","@id":"https:\/\/binaturalproducts.com\/termek\/taplalo-arckrem\/","url":"https:\/\/binaturalproducts.com\/termek\/taplalo-arckrem\/","name":"Crem\u0103 de fa\u021b\u0103 hr\u0103nitoare - Binaturalproducts","isPartOf":{"@id":"https:\/\/binaturalproducts.com\/#website"},"primaryImageOfPage":{"@id":"https:\/\/binaturalproducts.com\/termek\/taplalo-arckrem\/#primaryimage"},"image":{"@id":"https:\/\/binaturalproducts.com\/termek\/taplalo-arckrem\/#primaryimage"},"thumbnailUrl":"https:\/\/binaturalproducts.com\/wp-content\/uploads\/2022\/09\/IMG_20250301_125655-1-scaled.jpg","datePublished":"2022-09-14T21:25:15+00:00","dateModified":"2026-03-19T20:12:35+00:00","description":"Crema noastr\u0103 hr\u0103nitoare de fa\u021b\u0103 con\u021bine ingrediente active foarte valoroase, uleiuri vegetale speciale precum: ulei de argan, ulei de orez \u0219i ulei de jojoba.","breadcrumb":{"@id":"https:\/\/binaturalproducts.com\/termek\/taplalo-arckrem\/#breadcrumb"},"inLanguage":"ro-RO","potentialAction":[{"@type":"ReadAction","target":["https:\/\/binaturalproducts.com\/termek\/taplalo-arckrem\/"]}]},{"@type":"ImageObject","inLanguage":"ro-RO","@id":"https:\/\/binaturalproducts.com\/termek\/taplalo-arckrem\/#primaryimage","url":"https:\/\/binaturalproducts.com\/wp-content\/uploads\/2022\/09\/IMG_20250301_125655-1-scaled.jpg","contentUrl":"https:\/\/binaturalproducts.com\/wp-content\/uploads\/2022\/09\/IMG_20250301_125655-1-scaled.jpg","width":2373,"height":2560},{"@type":"BreadcrumbList","@id":"https:\/\/binaturalproducts.com\/termek\/taplalo-arckrem\/#breadcrumb","itemListElement":[{"@type":"ListItem","position":1,"name":"Kezd\u0151lap","item":"https:\/\/binaturalproducts.com\/"},{"@type":"ListItem","position":2,"name":"\u00dczlet","item":"https:\/\/binaturalproducts.com\/uzlet\/"},{"@type":"ListItem","position":3,"name":"T\u00e1pl\u00e1l\u00f3 arckr\u00e9m"}]},{"@type":"WebSite","@id":"https:\/\/binaturalproducts.com\/#website","url":"https:\/\/binaturalproducts.com\/","name":"Binaturalproducts","description":"PRODUSE NATURALE DIN INIMA TRANSILVANIEI","potentialAction":[{"@type":"SearchAction","target":{"@type":"EntryPoint","urlTemplate":"https:\/\/binaturalproducts.com\/?s={search_term_string}"},"query-input":{"@type":"PropertyValueSpecification","valueRequired":true,"valueName":"search_term_string"}}],"inLanguage":"ro-RO"}]}},"_links":{"self":[{"href":"https:\/\/binaturalproducts.com\/ro\/wp-json\/wp\/v2\/product\/816","targetHints":{"allow":["GET"]}}],"collection":[{"href":"https:\/\/binaturalproducts.com\/ro\/wp-json\/wp\/v2\/product"}],"about":[{"href":"https:\/\/binaturalproducts.com\/ro\/wp-json\/wp\/v2\/types\/product"}],"replies":[{"embeddable":true,"href":"https:\/\/binaturalproducts.com\/ro\/wp-json\/wp\/v2\/comments?post=816"}],"wp:featuredmedia":[{"embeddable":true,"href":"https:\/\/binaturalproducts.com\/ro\/wp-json\/wp\/v2\/media\/5793"}],"wp:attachment":[{"href":"https:\/\/binaturalproducts.com\/ro\/wp-json\/wp\/v2\/media?parent=816"}],"wp:term":[{"taxonomy":"product_brand","embeddable":true,"href":"https:\/\/binaturalproducts.com\/ro\/wp-json\/wp\/v2\/product_brand?post=816"},{"taxonomy":"product_cat","embeddable":true,"href":"https:\/\/binaturalproducts.com\/ro\/wp-json\/wp\/v2\/product_cat?post=816"},{"taxonomy":"product_tag","embeddable":true,"href":"https:\/\/binaturalproducts.com\/ro\/wp-json\/wp\/v2\/product_tag?post=816"}],"curies":[{"name":"wp","href":"https:\/\/api.w.org\/{rel}","templated":true}]}}