{"id":796,"date":"2022-09-08T15:38:11","date_gmt":"2022-09-08T13:38:11","guid":{"rendered":"https:\/\/binaturalproducts.com\/?post_type=product&#038;p=796"},"modified":"2025-01-14T12:10:39","modified_gmt":"2025-01-14T10:10:39","slug":"voucer-cadou","status":"publish","type":"product","link":"https:\/\/binaturalproducts.com\/ro\/produs\/voucer-cadou\/","title":{"rendered":"Voucher cadou"},"content":{"rendered":"<p>Vrei s\u0103 surprinzi persoana pe care o iube\u0219ti, dar nu te po\u021bi decide ce i-ar pl\u0103cea cel mai mult?<\/p>\n<p>Alege voucherul cadou \u0219i las\u0103-i pe ei s\u0103 aleag\u0103!<\/p>","protected":false},"excerpt":{"rendered":"<p>Vrei s\u0103 surprinzi persoana pe care o iube\u0219ti, dar nu te po\u021bi decide ce i-ar pl\u0103cea cel mai mult?<\/p>\n<p>Alege voucherul cadou \u0219i las\u0103-i pe ei s\u0103 aleag\u0103!<\/p>","protected":false},"featured_media":799,"comment_status":"open","ping_status":"closed","template":"","meta":[],"product_brand":[],"product_cat":[45,40],"product_tag":[],"class_list":{"0":"post-796","1":"product","2":"type-product","3":"status-publish","4":"has-post-thumbnail","6":"product_cat-osszes","7":"product_cat-ajandekcsomagok","9":"first","10":"instock","11":"shipping-taxable","12":"purchasable","13":"product-type-simple"},"yoast_head":"<!-- This site is optimized with the Yoast SEO plugin v27.4 - https:\/\/yoast.com\/product\/yoast-seo-wordpress\/ -->\n<title>Aj\u00e1nd\u00e9kutalv\u00e1ny - Binaturalproducts<\/title>\n<meta name=\"description\" content=\"Szeretn\u00e9d meglepni a sz\u00e1modra kedves szem\u00e9lyt, de nem tudod eld\u00f6nteni minek \u00f6r\u00fclne a legjobban?V\u00e1laszd az aj\u00e1nd\u00e9kutalv\u00e1nyt \u00e9s b\u00edzd r\u00e1 a v\u00e1laszt\u00e1st!\" \/>\n<meta name=\"robots\" content=\"index, follow, max-snippet:-1, max-image-preview:large, max-video-preview:-1\" \/>\n<link rel=\"canonical\" href=\"https:\/\/binaturalproducts.com\/ro\/produs\/voucer-cadou\/\" \/>\n<meta property=\"og:locale\" content=\"ro_RO\" \/>\n<meta property=\"og:type\" content=\"article\" \/>\n<meta property=\"og:title\" content=\"Aj\u00e1nd\u00e9kutalv\u00e1ny - Binaturalproducts\" \/>\n<meta property=\"og:description\" content=\"Szeretn\u00e9d meglepni a sz\u00e1modra kedves szem\u00e9lyt, de nem tudod eld\u00f6nteni minek \u00f6r\u00fclne a legjobban?V\u00e1laszd az aj\u00e1nd\u00e9kutalv\u00e1nyt \u00e9s b\u00edzd r\u00e1 a v\u00e1laszt\u00e1st!\" \/>\n<meta property=\"og:url\" content=\"https:\/\/binaturalproducts.com\/ro\/produs\/voucer-cadou\/\" \/>\n<meta property=\"og:site_name\" content=\"Binaturalproducts\" \/>\n<meta property=\"article:modified_time\" content=\"2025-01-14T10:10:39+00:00\" \/>\n<meta property=\"og:image\" content=\"https:\/\/binaturalproducts.com\/wp-content\/uploads\/2022\/09\/Red-And-White-Simple-Template-Gift-Voucher-Gift-Certificate-1-1.png\" \/>\n\t<meta property=\"og:image:width\" content=\"1748\" \/>\n\t<meta property=\"og:image:height\" content=\"1240\" \/>\n\t<meta property=\"og:image:type\" content=\"image\/png\" \/>\n<meta name=\"twitter:card\" content=\"summary_large_image\" \/>\n<meta name=\"twitter:label1\" content=\"Timp estimat pentru citire\" \/>\n\t<meta name=\"twitter:data1\" content=\"1 minut\" \/>\n<script type=\"application\/ld+json\" class=\"yoast-schema-graph\">{\"@context\":\"https:\\\/\\\/schema.org\",\"@graph\":[{\"@type\":\"WebPage\",\"@id\":\"https:\\\/\\\/binaturalproducts.com\\\/termek\\\/ajandekutalvany\\\/\",\"url\":\"https:\\\/\\\/binaturalproducts.com\\\/termek\\\/ajandekutalvany\\\/\",\"name\":\"Aj\u00e1nd\u00e9kutalv\u00e1ny - Binaturalproducts\",\"isPartOf\":{\"@id\":\"https:\\\/\\\/binaturalproducts.com\\\/#website\"},\"primaryImageOfPage\":{\"@id\":\"https:\\\/\\\/binaturalproducts.com\\\/termek\\\/ajandekutalvany\\\/#primaryimage\"},\"image\":{\"@id\":\"https:\\\/\\\/binaturalproducts.com\\\/termek\\\/ajandekutalvany\\\/#primaryimage\"},\"thumbnailUrl\":\"https:\\\/\\\/binaturalproducts.com\\\/wp-content\\\/uploads\\\/2022\\\/09\\\/Red-And-White-Simple-Template-Gift-Voucher-Gift-Certificate-1-1.png\",\"datePublished\":\"2022-09-08T13:38:11+00:00\",\"dateModified\":\"2025-01-14T10:10:39+00:00\",\"description\":\"Szeretn\u00e9d meglepni a sz\u00e1modra kedves szem\u00e9lyt, de nem tudod eld\u00f6nteni minek \u00f6r\u00fclne a legjobban?V\u00e1laszd az aj\u00e1nd\u00e9kutalv\u00e1nyt \u00e9s b\u00edzd r\u00e1 a v\u00e1laszt\u00e1st!\",\"breadcrumb\":{\"@id\":\"https:\\\/\\\/binaturalproducts.com\\\/termek\\\/ajandekutalvany\\\/#breadcrumb\"},\"inLanguage\":\"ro-RO\",\"potentialAction\":[{\"@type\":\"ReadAction\",\"target\":[\"https:\\\/\\\/binaturalproducts.com\\\/termek\\\/ajandekutalvany\\\/\"]}]},{\"@type\":\"ImageObject\",\"inLanguage\":\"ro-RO\",\"@id\":\"https:\\\/\\\/binaturalproducts.com\\\/termek\\\/ajandekutalvany\\\/#primaryimage\",\"url\":\"https:\\\/\\\/binaturalproducts.com\\\/wp-content\\\/uploads\\\/2022\\\/09\\\/Red-And-White-Simple-Template-Gift-Voucher-Gift-Certificate-1-1.png\",\"contentUrl\":\"https:\\\/\\\/binaturalproducts.com\\\/wp-content\\\/uploads\\\/2022\\\/09\\\/Red-And-White-Simple-Template-Gift-Voucher-Gift-Certificate-1-1.png\",\"width\":1748,\"height\":1240,\"caption\":\"Binatural Products - Aj\u00e1nd\u00e9kutalv\u00e1ny\"},{\"@type\":\"BreadcrumbList\",\"@id\":\"https:\\\/\\\/binaturalproducts.com\\\/termek\\\/ajandekutalvany\\\/#breadcrumb\",\"itemListElement\":[{\"@type\":\"ListItem\",\"position\":1,\"name\":\"Kezd\u0151lap\",\"item\":\"https:\\\/\\\/binaturalproducts.com\\\/\"},{\"@type\":\"ListItem\",\"position\":2,\"name\":\"\u00dczlet\",\"item\":\"https:\\\/\\\/binaturalproducts.com\\\/uzlet\\\/\"},{\"@type\":\"ListItem\",\"position\":3,\"name\":\"Aj\u00e1nd\u00e9kutalv\u00e1ny\"}]},{\"@type\":\"WebSite\",\"@id\":\"https:\\\/\\\/binaturalproducts.com\\\/#website\",\"url\":\"https:\\\/\\\/binaturalproducts.com\\\/\",\"name\":\"Binaturalproducts\",\"description\":\"Nat\u00far term\u00e9kek Erd\u00e9ly sz\u00edv\u00e9b\u0151l\",\"potentialAction\":[{\"@type\":\"SearchAction\",\"target\":{\"@type\":\"EntryPoint\",\"urlTemplate\":\"https:\\\/\\\/binaturalproducts.com\\\/?s={search_term_string}\"},\"query-input\":{\"@type\":\"PropertyValueSpecification\",\"valueRequired\":true,\"valueName\":\"search_term_string\"}}],\"inLanguage\":\"ro-RO\"}]}<\/script>\n<!-- \/ Yoast SEO plugin. -->","yoast_head_json":{"title":"Voucher cadou - Binaturalproducts","description":"Vrei s\u0103 surprinzi persoana pe care o iube\u0219ti, dar nu te po\u021bi decide ce i-ar pl\u0103cea cel mai mult! Alege voucherul cadou \u0219i las\u0103-i pe ei s\u0103 aleag\u0103!","robots":{"index":"index","follow":"follow","max-snippet":"max-snippet:-1","max-image-preview":"max-image-preview:large","max-video-preview":"max-video-preview:-1"},"canonical":"https:\/\/binaturalproducts.com\/ro\/produs\/voucer-cadou\/","og_locale":"ro_RO","og_type":"article","og_title":"Aj\u00e1nd\u00e9kutalv\u00e1ny - Binaturalproducts","og_description":"Szeretn\u00e9d meglepni a sz\u00e1modra kedves szem\u00e9lyt, de nem tudod eld\u00f6nteni minek \u00f6r\u00fclne a legjobban?V\u00e1laszd az aj\u00e1nd\u00e9kutalv\u00e1nyt \u00e9s b\u00edzd r\u00e1 a v\u00e1laszt\u00e1st!","og_url":"https:\/\/binaturalproducts.com\/ro\/produs\/voucer-cadou\/","og_site_name":"Binaturalproducts","article_modified_time":"2025-01-14T10:10:39+00:00","og_image":[{"width":1748,"height":1240,"url":"https:\/\/binaturalproducts.com\/wp-content\/uploads\/2022\/09\/Red-And-White-Simple-Template-Gift-Voucher-Gift-Certificate-1-1.png","type":"image\/png"}],"twitter_card":"summary_large_image","twitter_misc":{"Timp estimat pentru citire":"1 minut"},"schema":{"@context":"https:\/\/schema.org","@graph":[{"@type":"WebPage","@id":"https:\/\/binaturalproducts.com\/termek\/ajandekutalvany\/","url":"https:\/\/binaturalproducts.com\/termek\/ajandekutalvany\/","name":"Voucher cadou - Binaturalproducts","isPartOf":{"@id":"https:\/\/binaturalproducts.com\/#website"},"primaryImageOfPage":{"@id":"https:\/\/binaturalproducts.com\/termek\/ajandekutalvany\/#primaryimage"},"image":{"@id":"https:\/\/binaturalproducts.com\/termek\/ajandekutalvany\/#primaryimage"},"thumbnailUrl":"https:\/\/binaturalproducts.com\/wp-content\/uploads\/2022\/09\/Red-And-White-Simple-Template-Gift-Voucher-Gift-Certificate-1-1.png","datePublished":"2022-09-08T13:38:11+00:00","dateModified":"2025-01-14T10:10:39+00:00","description":"Vrei s\u0103 surprinzi persoana pe care o iube\u0219ti, dar nu te po\u021bi decide ce i-ar pl\u0103cea cel mai mult! Alege voucherul cadou \u0219i las\u0103-i pe ei s\u0103 aleag\u0103!","breadcrumb":{"@id":"https:\/\/binaturalproducts.com\/termek\/ajandekutalvany\/#breadcrumb"},"inLanguage":"ro-RO","potentialAction":[{"@type":"ReadAction","target":["https:\/\/binaturalproducts.com\/termek\/ajandekutalvany\/"]}]},{"@type":"ImageObject","inLanguage":"ro-RO","@id":"https:\/\/binaturalproducts.com\/termek\/ajandekutalvany\/#primaryimage","url":"https:\/\/binaturalproducts.com\/wp-content\/uploads\/2022\/09\/Red-And-White-Simple-Template-Gift-Voucher-Gift-Certificate-1-1.png","contentUrl":"https:\/\/binaturalproducts.com\/wp-content\/uploads\/2022\/09\/Red-And-White-Simple-Template-Gift-Voucher-Gift-Certificate-1-1.png","width":1748,"height":1240,"caption":"Binatural Products - Aj\u00e1nd\u00e9kutalv\u00e1ny"},{"@type":"BreadcrumbList","@id":"https:\/\/binaturalproducts.com\/termek\/ajandekutalvany\/#breadcrumb","itemListElement":[{"@type":"ListItem","position":1,"name":"Kezd\u0151lap","item":"https:\/\/binaturalproducts.com\/"},{"@type":"ListItem","position":2,"name":"\u00dczlet","item":"https:\/\/binaturalproducts.com\/uzlet\/"},{"@type":"ListItem","position":3,"name":"Aj\u00e1nd\u00e9kutalv\u00e1ny"}]},{"@type":"WebSite","@id":"https:\/\/binaturalproducts.com\/#website","url":"https:\/\/binaturalproducts.com\/","name":"Binaturalproducts","description":"PRODUSE NATURALE DIN INIMA TRANSILVANIEI","potentialAction":[{"@type":"SearchAction","target":{"@type":"EntryPoint","urlTemplate":"https:\/\/binaturalproducts.com\/?s={search_term_string}"},"query-input":{"@type":"PropertyValueSpecification","valueRequired":true,"valueName":"search_term_string"}}],"inLanguage":"ro-RO"}]}},"_links":{"self":[{"href":"https:\/\/binaturalproducts.com\/ro\/wp-json\/wp\/v2\/product\/796","targetHints":{"allow":["GET"]}}],"collection":[{"href":"https:\/\/binaturalproducts.com\/ro\/wp-json\/wp\/v2\/product"}],"about":[{"href":"https:\/\/binaturalproducts.com\/ro\/wp-json\/wp\/v2\/types\/product"}],"replies":[{"embeddable":true,"href":"https:\/\/binaturalproducts.com\/ro\/wp-json\/wp\/v2\/comments?post=796"}],"wp:featuredmedia":[{"embeddable":true,"href":"https:\/\/binaturalproducts.com\/ro\/wp-json\/wp\/v2\/media\/799"}],"wp:attachment":[{"href":"https:\/\/binaturalproducts.com\/ro\/wp-json\/wp\/v2\/media?parent=796"}],"wp:term":[{"taxonomy":"product_brand","embeddable":true,"href":"https:\/\/binaturalproducts.com\/ro\/wp-json\/wp\/v2\/product_brand?post=796"},{"taxonomy":"product_cat","embeddable":true,"href":"https:\/\/binaturalproducts.com\/ro\/wp-json\/wp\/v2\/product_cat?post=796"},{"taxonomy":"product_tag","embeddable":true,"href":"https:\/\/binaturalproducts.com\/ro\/wp-json\/wp\/v2\/product_tag?post=796"}],"curies":[{"name":"wp","href":"https:\/\/api.w.org\/{rel}","templated":true}]}}