{"id":793,"date":"2022-09-06T15:17:05","date_gmt":"2022-09-06T13:17:05","guid":{"rendered":"https:\/\/binaturalproducts.com\/?post_type=product&#038;p=793"},"modified":"2026-03-11T22:33:04","modified_gmt":"2026-03-11T20:33:04","slug":"balsam-natural-pentru-ingrijirea-burticii","status":"publish","type":"product","link":"https:\/\/binaturalproducts.com\/ro\/produs\/balsam-natural-pentru-ingrijirea-burticii\/","title":{"rendered":"Balsam natural pentru \u00eengrijirea burticii"},"content":{"rendered":"<p>Promoveaz\u0103 formarea de celule noi, repar\u0103 leziunile, cre\u0219te tonusul \u0219i elasticitatea pielii.<\/p>\n<p><strong>Ingrediente:<\/strong> Unt de shea, ulei de germeni de gr\u00e2u, glicerin\u0103, cear\u0103 de l\u00e2n\u0103, mandarin\u0103 verde \u0219i ulei esen\u021bial de portocal\u0103 dulce.<\/p>\n<p>De asemenea, poate fi excelent pentru suprafe\u021bele pielii foarte uscate, decojite, cr\u0103pate \u0219i deteriorate. Aplica\u021bi pe suprafa\u021ba dorit\u0103 de mai multe ori pe zi.<\/p>\n<p>A se p\u0103stra la loc uscat, r\u0103coros, sub 25C.<\/p>\n<p><strong>e<\/strong> 50 ml<\/p>","protected":false},"excerpt":{"rendered":"<p>Promoveaz\u0103 formarea de celule noi, repar\u0103 leziunile, cre\u0219te tonusul \u0219i elasticitatea pielii.<\/p>","protected":false},"featured_media":794,"comment_status":"open","ping_status":"closed","template":"","meta":[],"product_brand":[],"product_cat":[45,32],"product_tag":[],"class_list":{"0":"post-793","1":"product","2":"type-product","3":"status-publish","4":"has-post-thumbnail","6":"product_cat-osszes","7":"product_cat-testapolas","9":"first","10":"instock","11":"shipping-taxable","12":"purchasable","13":"product-type-simple"},"yoast_head":"<!-- This site is optimized with the Yoast SEO plugin v27.4 - https:\/\/yoast.com\/product\/yoast-seo-wordpress\/ -->\n<title>Nat\u00far pocak \u00e1pol\u00f3 balzsam - Binaturalproducts<\/title>\n<meta name=\"description\" content=\"El\u0151seg\u00edti az \u00faj sejtek k\u00e9pz\u0151d\u00e9s\u00e9t, jav\u00edtsa a k\u00e1rosod\u00e1sokat, n\u00f6veli a b\u0151r t\u00f3nus\u00e1t \u00e9s rugalmass\u00e1g\u00e1t. Sz\u00e1raz,h\u0171v\u00f6s helyen t\u00e1roljuk, 25C alatt.\" \/>\n<meta name=\"robots\" content=\"index, follow, max-snippet:-1, max-image-preview:large, max-video-preview:-1\" \/>\n<link rel=\"canonical\" href=\"https:\/\/binaturalproducts.com\/ro\/produs\/balsam-natural-pentru-ingrijirea-burticii\/\" \/>\n<meta property=\"og:locale\" content=\"ro_RO\" \/>\n<meta property=\"og:type\" content=\"article\" \/>\n<meta property=\"og:title\" content=\"Nat\u00far pocak \u00e1pol\u00f3 balzsam - Binaturalproducts\" \/>\n<meta property=\"og:description\" content=\"El\u0151seg\u00edti az \u00faj sejtek k\u00e9pz\u0151d\u00e9s\u00e9t, jav\u00edtsa a k\u00e1rosod\u00e1sokat, n\u00f6veli a b\u0151r t\u00f3nus\u00e1t \u00e9s rugalmass\u00e1g\u00e1t. Sz\u00e1raz,h\u0171v\u00f6s helyen t\u00e1roljuk, 25C alatt.\" \/>\n<meta property=\"og:url\" content=\"https:\/\/binaturalproducts.com\/ro\/produs\/balsam-natural-pentru-ingrijirea-burticii\/\" \/>\n<meta property=\"og:site_name\" content=\"Binaturalproducts\" \/>\n<meta property=\"article:modified_time\" content=\"2026-03-11T20:33:04+00:00\" \/>\n<meta property=\"og:image\" content=\"https:\/\/binaturalproducts.com\/wp-content\/uploads\/2022\/09\/1662470119366-scaled.jpg\" \/>\n\t<meta property=\"og:image:width\" content=\"2265\" \/>\n\t<meta property=\"og:image:height\" content=\"2560\" \/>\n\t<meta property=\"og:image:type\" content=\"image\/jpeg\" \/>\n<meta name=\"twitter:card\" content=\"summary_large_image\" \/>\n<meta name=\"twitter:label1\" content=\"Timp estimat pentru citire\" \/>\n\t<meta name=\"twitter:data1\" content=\"1 minut\" \/>\n<script type=\"application\/ld+json\" class=\"yoast-schema-graph\">{\"@context\":\"https:\\\/\\\/schema.org\",\"@graph\":[{\"@type\":\"WebPage\",\"@id\":\"https:\\\/\\\/binaturalproducts.com\\\/termek\\\/natur-pocak-apolo-balzsam\\\/\",\"url\":\"https:\\\/\\\/binaturalproducts.com\\\/termek\\\/natur-pocak-apolo-balzsam\\\/\",\"name\":\"Nat\u00far pocak \u00e1pol\u00f3 balzsam - Binaturalproducts\",\"isPartOf\":{\"@id\":\"https:\\\/\\\/binaturalproducts.com\\\/#website\"},\"primaryImageOfPage\":{\"@id\":\"https:\\\/\\\/binaturalproducts.com\\\/termek\\\/natur-pocak-apolo-balzsam\\\/#primaryimage\"},\"image\":{\"@id\":\"https:\\\/\\\/binaturalproducts.com\\\/termek\\\/natur-pocak-apolo-balzsam\\\/#primaryimage\"},\"thumbnailUrl\":\"https:\\\/\\\/binaturalproducts.com\\\/wp-content\\\/uploads\\\/2022\\\/09\\\/1662470119366-scaled.jpg\",\"datePublished\":\"2022-09-06T13:17:05+00:00\",\"dateModified\":\"2026-03-11T20:33:04+00:00\",\"description\":\"El\u0151seg\u00edti az \u00faj sejtek k\u00e9pz\u0151d\u00e9s\u00e9t, jav\u00edtsa a k\u00e1rosod\u00e1sokat, n\u00f6veli a b\u0151r t\u00f3nus\u00e1t \u00e9s rugalmass\u00e1g\u00e1t. Sz\u00e1raz,h\u0171v\u00f6s helyen t\u00e1roljuk, 25C alatt.\",\"breadcrumb\":{\"@id\":\"https:\\\/\\\/binaturalproducts.com\\\/termek\\\/natur-pocak-apolo-balzsam\\\/#breadcrumb\"},\"inLanguage\":\"ro-RO\",\"potentialAction\":[{\"@type\":\"ReadAction\",\"target\":[\"https:\\\/\\\/binaturalproducts.com\\\/termek\\\/natur-pocak-apolo-balzsam\\\/\"]}]},{\"@type\":\"ImageObject\",\"inLanguage\":\"ro-RO\",\"@id\":\"https:\\\/\\\/binaturalproducts.com\\\/termek\\\/natur-pocak-apolo-balzsam\\\/#primaryimage\",\"url\":\"https:\\\/\\\/binaturalproducts.com\\\/wp-content\\\/uploads\\\/2022\\\/09\\\/1662470119366-scaled.jpg\",\"contentUrl\":\"https:\\\/\\\/binaturalproducts.com\\\/wp-content\\\/uploads\\\/2022\\\/09\\\/1662470119366-scaled.jpg\",\"width\":2265,\"height\":2560,\"caption\":\"Binatural Products - Nat\u00far pocak \u00e1pol\u00f3 balzsam\"},{\"@type\":\"BreadcrumbList\",\"@id\":\"https:\\\/\\\/binaturalproducts.com\\\/termek\\\/natur-pocak-apolo-balzsam\\\/#breadcrumb\",\"itemListElement\":[{\"@type\":\"ListItem\",\"position\":1,\"name\":\"Kezd\u0151lap\",\"item\":\"https:\\\/\\\/binaturalproducts.com\\\/\"},{\"@type\":\"ListItem\",\"position\":2,\"name\":\"\u00dczlet\",\"item\":\"https:\\\/\\\/binaturalproducts.com\\\/uzlet\\\/\"},{\"@type\":\"ListItem\",\"position\":3,\"name\":\"Nat\u00far pocak \u00e1pol\u00f3 balzsam\"}]},{\"@type\":\"WebSite\",\"@id\":\"https:\\\/\\\/binaturalproducts.com\\\/#website\",\"url\":\"https:\\\/\\\/binaturalproducts.com\\\/\",\"name\":\"Binaturalproducts\",\"description\":\"Nat\u00far term\u00e9kek Erd\u00e9ly sz\u00edv\u00e9b\u0151l\",\"potentialAction\":[{\"@type\":\"SearchAction\",\"target\":{\"@type\":\"EntryPoint\",\"urlTemplate\":\"https:\\\/\\\/binaturalproducts.com\\\/?s={search_term_string}\"},\"query-input\":{\"@type\":\"PropertyValueSpecification\",\"valueRequired\":true,\"valueName\":\"search_term_string\"}}],\"inLanguage\":\"ro-RO\"}]}<\/script>\n<!-- \/ Yoast SEO plugin. -->","yoast_head_json":{"title":"Balsam natural pentru \u00eengrijirea burticii - Binaturalproducts","description":"Promoveaz\u0103 formarea de celule noi, repar\u0103 leziunile, cre\u0219te tonusul \u0219i elasticitatea pielii.","robots":{"index":"index","follow":"follow","max-snippet":"max-snippet:-1","max-image-preview":"max-image-preview:large","max-video-preview":"max-video-preview:-1"},"canonical":"https:\/\/binaturalproducts.com\/ro\/produs\/balsam-natural-pentru-ingrijirea-burticii\/","og_locale":"ro_RO","og_type":"article","og_title":"Nat\u00far pocak \u00e1pol\u00f3 balzsam - Binaturalproducts","og_description":"El\u0151seg\u00edti az \u00faj sejtek k\u00e9pz\u0151d\u00e9s\u00e9t, jav\u00edtsa a k\u00e1rosod\u00e1sokat, n\u00f6veli a b\u0151r t\u00f3nus\u00e1t \u00e9s rugalmass\u00e1g\u00e1t. Sz\u00e1raz,h\u0171v\u00f6s helyen t\u00e1roljuk, 25C alatt.","og_url":"https:\/\/binaturalproducts.com\/ro\/produs\/balsam-natural-pentru-ingrijirea-burticii\/","og_site_name":"Binaturalproducts","article_modified_time":"2026-03-11T20:33:04+00:00","og_image":[{"width":2265,"height":2560,"url":"https:\/\/binaturalproducts.com\/wp-content\/uploads\/2022\/09\/1662470119366-scaled.jpg","type":"image\/jpeg"}],"twitter_card":"summary_large_image","twitter_misc":{"Timp estimat pentru citire":"1 minut"},"schema":{"@context":"https:\/\/schema.org","@graph":[{"@type":"WebPage","@id":"https:\/\/binaturalproducts.com\/termek\/natur-pocak-apolo-balzsam\/","url":"https:\/\/binaturalproducts.com\/termek\/natur-pocak-apolo-balzsam\/","name":"Balsam natural pentru \u00eengrijirea burticii - Binaturalproducts","isPartOf":{"@id":"https:\/\/binaturalproducts.com\/#website"},"primaryImageOfPage":{"@id":"https:\/\/binaturalproducts.com\/termek\/natur-pocak-apolo-balzsam\/#primaryimage"},"image":{"@id":"https:\/\/binaturalproducts.com\/termek\/natur-pocak-apolo-balzsam\/#primaryimage"},"thumbnailUrl":"https:\/\/binaturalproducts.com\/wp-content\/uploads\/2022\/09\/1662470119366-scaled.jpg","datePublished":"2022-09-06T13:17:05+00:00","dateModified":"2026-03-11T20:33:04+00:00","description":"Promoveaz\u0103 formarea de celule noi, repar\u0103 leziunile, cre\u0219te tonusul \u0219i elasticitatea pielii.","breadcrumb":{"@id":"https:\/\/binaturalproducts.com\/termek\/natur-pocak-apolo-balzsam\/#breadcrumb"},"inLanguage":"ro-RO","potentialAction":[{"@type":"ReadAction","target":["https:\/\/binaturalproducts.com\/termek\/natur-pocak-apolo-balzsam\/"]}]},{"@type":"ImageObject","inLanguage":"ro-RO","@id":"https:\/\/binaturalproducts.com\/termek\/natur-pocak-apolo-balzsam\/#primaryimage","url":"https:\/\/binaturalproducts.com\/wp-content\/uploads\/2022\/09\/1662470119366-scaled.jpg","contentUrl":"https:\/\/binaturalproducts.com\/wp-content\/uploads\/2022\/09\/1662470119366-scaled.jpg","width":2265,"height":2560,"caption":"Binatural Products - Nat\u00far pocak \u00e1pol\u00f3 balzsam"},{"@type":"BreadcrumbList","@id":"https:\/\/binaturalproducts.com\/termek\/natur-pocak-apolo-balzsam\/#breadcrumb","itemListElement":[{"@type":"ListItem","position":1,"name":"Kezd\u0151lap","item":"https:\/\/binaturalproducts.com\/"},{"@type":"ListItem","position":2,"name":"\u00dczlet","item":"https:\/\/binaturalproducts.com\/uzlet\/"},{"@type":"ListItem","position":3,"name":"Nat\u00far pocak \u00e1pol\u00f3 balzsam"}]},{"@type":"WebSite","@id":"https:\/\/binaturalproducts.com\/#website","url":"https:\/\/binaturalproducts.com\/","name":"Binaturalproducts","description":"PRODUSE NATURALE DIN INIMA TRANSILVANIEI","potentialAction":[{"@type":"SearchAction","target":{"@type":"EntryPoint","urlTemplate":"https:\/\/binaturalproducts.com\/?s={search_term_string}"},"query-input":{"@type":"PropertyValueSpecification","valueRequired":true,"valueName":"search_term_string"}}],"inLanguage":"ro-RO"}]}},"_links":{"self":[{"href":"https:\/\/binaturalproducts.com\/ro\/wp-json\/wp\/v2\/product\/793","targetHints":{"allow":["GET"]}}],"collection":[{"href":"https:\/\/binaturalproducts.com\/ro\/wp-json\/wp\/v2\/product"}],"about":[{"href":"https:\/\/binaturalproducts.com\/ro\/wp-json\/wp\/v2\/types\/product"}],"replies":[{"embeddable":true,"href":"https:\/\/binaturalproducts.com\/ro\/wp-json\/wp\/v2\/comments?post=793"}],"wp:featuredmedia":[{"embeddable":true,"href":"https:\/\/binaturalproducts.com\/ro\/wp-json\/wp\/v2\/media\/794"}],"wp:attachment":[{"href":"https:\/\/binaturalproducts.com\/ro\/wp-json\/wp\/v2\/media?parent=793"}],"wp:term":[{"taxonomy":"product_brand","embeddable":true,"href":"https:\/\/binaturalproducts.com\/ro\/wp-json\/wp\/v2\/product_brand?post=793"},{"taxonomy":"product_cat","embeddable":true,"href":"https:\/\/binaturalproducts.com\/ro\/wp-json\/wp\/v2\/product_cat?post=793"},{"taxonomy":"product_tag","embeddable":true,"href":"https:\/\/binaturalproducts.com\/ro\/wp-json\/wp\/v2\/product_tag?post=793"}],"curies":[{"name":"wp","href":"https:\/\/api.w.org\/{rel}","templated":true}]}}