{"id":783,"date":"2022-08-31T17:05:57","date_gmt":"2022-08-31T15:05:57","guid":{"rendered":"https:\/\/binaturalproducts.com\/?post_type=product&#038;p=783"},"modified":"2025-03-31T22:19:20","modified_gmt":"2025-03-31T20:19:20","slug":"apa-de-trandafiri","status":"publish","type":"product","link":"https:\/\/binaturalproducts.com\/ro\/produs\/apa-de-trandafiri\/","title":{"rendered":"Ap\u0103 de trandafiri"},"content":{"rendered":"<p lang=\"ro-RO\"><span style=\"color: #1d2228;\"><span style=\"font-family: Arial, sans-serif;\"><span style=\"font-size: medium;\"><b>Apa de trandafiri poate fi folosit\u0103 \u00een nenum\u0103rate moduri.<\/b><\/span><\/span><\/span><\/p>\n<p><span style=\"color: #333333;\"><span style=\"font-family: Arial, sans-serif;\"><span style=\"font-size: medium;\">Este un ingredient important \u00een \u00eengrijirea pielii, deoarece ajut\u0103 la men\u021binerea nivelului adecvat de pH al pielii.<\/span><\/span><\/span><\/p>\n<p lang=\"ro-RO\"><span style=\"color: #1d2228;\"><span style=\"font-family: Arial, sans-serif;\"><span style=\"font-size: medium;\"><b>Efectele sale valoroase:<\/b><\/span><\/span><\/span><\/p>\n<ul>\n<li lang=\"ro-RO\"><span style=\"color: #333333;\"><span style=\"font-family: Arial, sans-serif;\"><span style=\"font-size: medium;\">\u00eembun\u0103t\u0103\u021bitor de tonus, revigorant, potrivit pentru toate tipurile de piele.<\/span><\/span><\/span><\/li>\n<li><span style=\"font-family: Arial, sans-serif;\"><span style=\"font-size: medium;\">calmeaz\u0103 pielea predispus\u0103 la acnee, predispus\u0103 la eczeme<\/span><\/span><\/li>\n<li><span style=\"color: #333333;\"><span style=\"font-family: Arial, sans-serif;\"><span style=\"font-size: medium;\">fermant, revigorant, antiseptic<\/span><\/span><\/span><\/li>\n<li><span style=\"color: #333333;\"><span style=\"font-family: Arial, sans-serif;\"><span style=\"font-size: medium;\">antirid, ac\u021bioneaz\u0103 \u00eempotriva semnelor de \u00eemb\u0103tr\u00e2nire \u0219i contribuie la regenerarea pielii<\/span><\/span><\/span><\/li>\n<li><span style=\"color: #333333;\"><span style=\"font-family: Arial, sans-serif;\"><span style=\"font-size: medium;\">calmeaz\u0103 ro\u0219ea\u021ba pielii \u0219i face pielea catifelat\u0103,<\/span><\/span><\/span><\/li>\n<li><span style=\"font-family: Arial, sans-serif;\"><span style=\"font-size: medium;\">calmeaz\u0103 pielea ars\u0103 de soare<\/span><\/span><\/li>\n<li><span style=\"color: #333333;\"><span style=\"font-family: Arial, sans-serif;\"><span style=\"font-size: medium;\">\u00eemprosp\u0103teaz\u0103, revigoreaz\u0103, lumineaz\u0103 pielea obosit\u0103, lipsit\u0103 de via\u021b\u0103<\/span><\/span><\/span><\/li>\n<li lang=\"ro-RO\"><span style=\"color: #333333;\"><span style=\"font-family: Arial, sans-serif;\"><span style=\"font-size: medium;\">ajut\u0103 la vindecarea r\u0103nilor \u0219i t\u0103ieturilor<\/span><\/span><\/span><\/li>\n<li lang=\"ro-RO\"><span style=\"font-family: Arial, sans-serif;\"><span style=\"font-size: medium;\"><span style=\"color: #333333;\">ajut\u0103 cremele hr\u0103nitoare faciale s\u0103 fie absorbite mai eficient \u00een pielea noastr\u0103.<\/span><\/span><\/span><\/li>\n<\/ul>\n<p lang=\"ro-RO\"><span style=\"color: #333333;\"><span style=\"font-family: Arial, sans-serif;\"><span style=\"font-size: medium;\">Un produs care poate fi aplicat pe piele singur \u0219i poate fi folosit \u0219i ca tonic.<\/span><\/span><\/span><\/p>\n<p align=\"JUSTIFY\"><span style=\"font-family: Arial, sans-serif;\"><span style=\"font-size: medium;\"><strong><span style=\"color: #333333;\"><span lang=\"ro-RO\">Mod de folosire: <\/span><\/span><\/strong><span style=\"color: #333333;\">dup\u0103 ce te-ai sp\u0103lat pe fa\u021b\u0103, pulverizeaz\u0103-l pe piele \u0219i las\u0103-l s\u0103 se absoarb\u0103 sau \u0219terge-\u021bi fa\u021ba cu ea folosind un tampon de bumbac.\u00a0<\/span><\/span><\/span><\/p>\n<p lang=\"ro-RO\"><span style=\"color: #1d2228;\"><span style=\"font-family: Arial, sans-serif;\"><span style=\"font-size: medium;\"><b>Ingrediente: hidrolat de trandafir<\/b><\/span><\/span><\/span><\/p>\n<p lang=\"ro-RO\"><span style=\"color: #1d2228;\"><span style=\"font-family: Arial, sans-serif;\"><span style=\"font-size: medium;\"><b>e 50 ml <\/b><\/span><\/span><\/span><\/p>","protected":false},"excerpt":{"rendered":"<p>Apa de trandafiri poate fi folosit\u0103 \u00een nenum\u0103rate moduri. Este un ingredient important \u00een \u00eengrijirea pielii, deoarece ajut\u0103 la men\u021binerea nivelului adecvat de pH al pielii.<\/p>","protected":false},"featured_media":5899,"comment_status":"open","ping_status":"closed","template":"","meta":[],"product_brand":[],"product_cat":[45,41],"product_tag":[],"class_list":{"0":"post-783","1":"product","2":"type-product","3":"status-publish","4":"has-post-thumbnail","6":"product_cat-osszes","7":"product_cat-arcapolas","9":"first","10":"instock","11":"shipping-taxable","12":"purchasable","13":"product-type-simple"},"yoast_head":"<!-- This site is optimized with the Yoast SEO plugin v27.4 - https:\/\/yoast.com\/product\/yoast-seo-wordpress\/ -->\n<title>R\u00f3zsav\u00edz - Binaturalproducts<\/title>\n<meta name=\"description\" content=\"A r\u00f3zsavizet sz\u00e1mtalan m\u00f3don felhaszn\u00e1lhatjuk. A b\u0151r\u00e1pol\u00e1s fontos alapanyaga, mivel seg\u00edt a b\u0151r megfelel\u0151 pH szintj\u00e9nek fenntart\u00e1s\u00e1ban.\" \/>\n<meta name=\"robots\" content=\"index, follow, max-snippet:-1, max-image-preview:large, max-video-preview:-1\" \/>\n<link rel=\"canonical\" href=\"https:\/\/binaturalproducts.com\/ro\/produs\/apa-de-trandafiri\/\" \/>\n<meta property=\"og:locale\" content=\"ro_RO\" \/>\n<meta property=\"og:type\" content=\"article\" \/>\n<meta property=\"og:title\" content=\"R\u00f3zsav\u00edz - Binaturalproducts\" \/>\n<meta property=\"og:description\" content=\"A r\u00f3zsavizet sz\u00e1mtalan m\u00f3don felhaszn\u00e1lhatjuk. A b\u0151r\u00e1pol\u00e1s fontos alapanyaga, mivel seg\u00edt a b\u0151r megfelel\u0151 pH szintj\u00e9nek fenntart\u00e1s\u00e1ban.\" \/>\n<meta property=\"og:url\" content=\"https:\/\/binaturalproducts.com\/ro\/produs\/apa-de-trandafiri\/\" \/>\n<meta property=\"og:site_name\" content=\"Binaturalproducts\" \/>\n<meta property=\"article:modified_time\" content=\"2025-03-31T20:19:20+00:00\" \/>\n<meta property=\"og:image\" content=\"https:\/\/binaturalproducts.com\/wp-content\/uploads\/2022\/08\/IMG_20250301_174122.jpg\" \/>\n\t<meta property=\"og:image:width\" content=\"1920\" \/>\n\t<meta property=\"og:image:height\" content=\"1841\" \/>\n\t<meta property=\"og:image:type\" content=\"image\/jpeg\" \/>\n<meta name=\"twitter:card\" content=\"summary_large_image\" \/>\n<meta name=\"twitter:label1\" content=\"Timp estimat pentru citire\" \/>\n\t<meta name=\"twitter:data1\" content=\"1 minut\" \/>\n<script type=\"application\/ld+json\" class=\"yoast-schema-graph\">{\"@context\":\"https:\\\/\\\/schema.org\",\"@graph\":[{\"@type\":\"WebPage\",\"@id\":\"https:\\\/\\\/binaturalproducts.com\\\/termek\\\/rozsaviz\\\/\",\"url\":\"https:\\\/\\\/binaturalproducts.com\\\/termek\\\/rozsaviz\\\/\",\"name\":\"R\u00f3zsav\u00edz - Binaturalproducts\",\"isPartOf\":{\"@id\":\"https:\\\/\\\/binaturalproducts.com\\\/#website\"},\"primaryImageOfPage\":{\"@id\":\"https:\\\/\\\/binaturalproducts.com\\\/termek\\\/rozsaviz\\\/#primaryimage\"},\"image\":{\"@id\":\"https:\\\/\\\/binaturalproducts.com\\\/termek\\\/rozsaviz\\\/#primaryimage\"},\"thumbnailUrl\":\"https:\\\/\\\/binaturalproducts.com\\\/wp-content\\\/uploads\\\/2022\\\/08\\\/IMG_20250301_174122.jpg\",\"datePublished\":\"2022-08-31T15:05:57+00:00\",\"dateModified\":\"2025-03-31T20:19:20+00:00\",\"description\":\"A r\u00f3zsavizet sz\u00e1mtalan m\u00f3don felhaszn\u00e1lhatjuk. A b\u0151r\u00e1pol\u00e1s fontos alapanyaga, mivel seg\u00edt a b\u0151r megfelel\u0151 pH szintj\u00e9nek fenntart\u00e1s\u00e1ban.\",\"breadcrumb\":{\"@id\":\"https:\\\/\\\/binaturalproducts.com\\\/termek\\\/rozsaviz\\\/#breadcrumb\"},\"inLanguage\":\"ro-RO\",\"potentialAction\":[{\"@type\":\"ReadAction\",\"target\":[\"https:\\\/\\\/binaturalproducts.com\\\/termek\\\/rozsaviz\\\/\"]}]},{\"@type\":\"ImageObject\",\"inLanguage\":\"ro-RO\",\"@id\":\"https:\\\/\\\/binaturalproducts.com\\\/termek\\\/rozsaviz\\\/#primaryimage\",\"url\":\"https:\\\/\\\/binaturalproducts.com\\\/wp-content\\\/uploads\\\/2022\\\/08\\\/IMG_20250301_174122.jpg\",\"contentUrl\":\"https:\\\/\\\/binaturalproducts.com\\\/wp-content\\\/uploads\\\/2022\\\/08\\\/IMG_20250301_174122.jpg\",\"width\":1920,\"height\":1841},{\"@type\":\"BreadcrumbList\",\"@id\":\"https:\\\/\\\/binaturalproducts.com\\\/termek\\\/rozsaviz\\\/#breadcrumb\",\"itemListElement\":[{\"@type\":\"ListItem\",\"position\":1,\"name\":\"Kezd\u0151lap\",\"item\":\"https:\\\/\\\/binaturalproducts.com\\\/\"},{\"@type\":\"ListItem\",\"position\":2,\"name\":\"\u00dczlet\",\"item\":\"https:\\\/\\\/binaturalproducts.com\\\/uzlet\\\/\"},{\"@type\":\"ListItem\",\"position\":3,\"name\":\"R\u00f3zsav\u00edz\"}]},{\"@type\":\"WebSite\",\"@id\":\"https:\\\/\\\/binaturalproducts.com\\\/#website\",\"url\":\"https:\\\/\\\/binaturalproducts.com\\\/\",\"name\":\"Binaturalproducts\",\"description\":\"Nat\u00far term\u00e9kek Erd\u00e9ly sz\u00edv\u00e9b\u0151l\",\"potentialAction\":[{\"@type\":\"SearchAction\",\"target\":{\"@type\":\"EntryPoint\",\"urlTemplate\":\"https:\\\/\\\/binaturalproducts.com\\\/?s={search_term_string}\"},\"query-input\":{\"@type\":\"PropertyValueSpecification\",\"valueRequired\":true,\"valueName\":\"search_term_string\"}}],\"inLanguage\":\"ro-RO\"}]}<\/script>\n<!-- \/ Yoast SEO plugin. -->","yoast_head_json":{"title":"Ap\u0103 de trandafiri - Binaturalproducts","description":"Apa de trandafiri poate fi folosit\u0103 \u00een nenum\u0103rate moduri. Este un ingredient important \u00een \u00eengrijirea pielii, deoarece ajut\u0103 la men\u021binerea nivelului adecvat de pH al pielii.","robots":{"index":"index","follow":"follow","max-snippet":"max-snippet:-1","max-image-preview":"max-image-preview:large","max-video-preview":"max-video-preview:-1"},"canonical":"https:\/\/binaturalproducts.com\/ro\/produs\/apa-de-trandafiri\/","og_locale":"ro_RO","og_type":"article","og_title":"R\u00f3zsav\u00edz - Binaturalproducts","og_description":"A r\u00f3zsavizet sz\u00e1mtalan m\u00f3don felhaszn\u00e1lhatjuk. A b\u0151r\u00e1pol\u00e1s fontos alapanyaga, mivel seg\u00edt a b\u0151r megfelel\u0151 pH szintj\u00e9nek fenntart\u00e1s\u00e1ban.","og_url":"https:\/\/binaturalproducts.com\/ro\/produs\/apa-de-trandafiri\/","og_site_name":"Binaturalproducts","article_modified_time":"2025-03-31T20:19:20+00:00","og_image":[{"width":1920,"height":1841,"url":"https:\/\/binaturalproducts.com\/wp-content\/uploads\/2022\/08\/IMG_20250301_174122.jpg","type":"image\/jpeg"}],"twitter_card":"summary_large_image","twitter_misc":{"Timp estimat pentru citire":"1 minut"},"schema":{"@context":"https:\/\/schema.org","@graph":[{"@type":"WebPage","@id":"https:\/\/binaturalproducts.com\/termek\/rozsaviz\/","url":"https:\/\/binaturalproducts.com\/termek\/rozsaviz\/","name":"Ap\u0103 de trandafiri - Binaturalproducts","isPartOf":{"@id":"https:\/\/binaturalproducts.com\/#website"},"primaryImageOfPage":{"@id":"https:\/\/binaturalproducts.com\/termek\/rozsaviz\/#primaryimage"},"image":{"@id":"https:\/\/binaturalproducts.com\/termek\/rozsaviz\/#primaryimage"},"thumbnailUrl":"https:\/\/binaturalproducts.com\/wp-content\/uploads\/2022\/08\/IMG_20250301_174122.jpg","datePublished":"2022-08-31T15:05:57+00:00","dateModified":"2025-03-31T20:19:20+00:00","description":"Apa de trandafiri poate fi folosit\u0103 \u00een nenum\u0103rate moduri. Este un ingredient important \u00een \u00eengrijirea pielii, deoarece ajut\u0103 la men\u021binerea nivelului adecvat de pH al pielii.","breadcrumb":{"@id":"https:\/\/binaturalproducts.com\/termek\/rozsaviz\/#breadcrumb"},"inLanguage":"ro-RO","potentialAction":[{"@type":"ReadAction","target":["https:\/\/binaturalproducts.com\/termek\/rozsaviz\/"]}]},{"@type":"ImageObject","inLanguage":"ro-RO","@id":"https:\/\/binaturalproducts.com\/termek\/rozsaviz\/#primaryimage","url":"https:\/\/binaturalproducts.com\/wp-content\/uploads\/2022\/08\/IMG_20250301_174122.jpg","contentUrl":"https:\/\/binaturalproducts.com\/wp-content\/uploads\/2022\/08\/IMG_20250301_174122.jpg","width":1920,"height":1841},{"@type":"BreadcrumbList","@id":"https:\/\/binaturalproducts.com\/termek\/rozsaviz\/#breadcrumb","itemListElement":[{"@type":"ListItem","position":1,"name":"Kezd\u0151lap","item":"https:\/\/binaturalproducts.com\/"},{"@type":"ListItem","position":2,"name":"\u00dczlet","item":"https:\/\/binaturalproducts.com\/uzlet\/"},{"@type":"ListItem","position":3,"name":"R\u00f3zsav\u00edz"}]},{"@type":"WebSite","@id":"https:\/\/binaturalproducts.com\/#website","url":"https:\/\/binaturalproducts.com\/","name":"Binaturalproducts","description":"PRODUSE NATURALE DIN INIMA TRANSILVANIEI","potentialAction":[{"@type":"SearchAction","target":{"@type":"EntryPoint","urlTemplate":"https:\/\/binaturalproducts.com\/?s={search_term_string}"},"query-input":{"@type":"PropertyValueSpecification","valueRequired":true,"valueName":"search_term_string"}}],"inLanguage":"ro-RO"}]}},"_links":{"self":[{"href":"https:\/\/binaturalproducts.com\/ro\/wp-json\/wp\/v2\/product\/783","targetHints":{"allow":["GET"]}}],"collection":[{"href":"https:\/\/binaturalproducts.com\/ro\/wp-json\/wp\/v2\/product"}],"about":[{"href":"https:\/\/binaturalproducts.com\/ro\/wp-json\/wp\/v2\/types\/product"}],"replies":[{"embeddable":true,"href":"https:\/\/binaturalproducts.com\/ro\/wp-json\/wp\/v2\/comments?post=783"}],"wp:featuredmedia":[{"embeddable":true,"href":"https:\/\/binaturalproducts.com\/ro\/wp-json\/wp\/v2\/media\/5899"}],"wp:attachment":[{"href":"https:\/\/binaturalproducts.com\/ro\/wp-json\/wp\/v2\/media?parent=783"}],"wp:term":[{"taxonomy":"product_brand","embeddable":true,"href":"https:\/\/binaturalproducts.com\/ro\/wp-json\/wp\/v2\/product_brand?post=783"},{"taxonomy":"product_cat","embeddable":true,"href":"https:\/\/binaturalproducts.com\/ro\/wp-json\/wp\/v2\/product_cat?post=783"},{"taxonomy":"product_tag","embeddable":true,"href":"https:\/\/binaturalproducts.com\/ro\/wp-json\/wp\/v2\/product_tag?post=783"}],"curies":[{"name":"wp","href":"https:\/\/api.w.org\/{rel}","templated":true}]}}