{"id":764,"date":"2022-08-13T15:04:53","date_gmt":"2022-08-13T13:04:53","guid":{"rendered":"https:\/\/binaturalproducts.com\/?post_type=product&#038;p=764"},"modified":"2025-12-23T21:00:38","modified_gmt":"2025-12-23T19:00:38","slug":"sapun-cu-cafea-si-vanilie","status":"publish","type":"product","link":"https:\/\/binaturalproducts.com\/ro\/produs\/sapun-cu-cafea-si-vanilie\/","title":{"rendered":"S\u0103pun cu cafea \u0219i vanilie"},"content":{"rendered":"<p><span style=\"font-family: Arial, sans-serif;\"><span style=\"font-size: medium;\"><span style=\"color: #000000;\">\u00cemprosp\u0103teaz\u0103, exfoliaz\u0103 intensiv, stimuleaz\u0103 microcircula\u021bia, \u00eembun\u0103t\u0103\u021bind astfel metabolismul pielii, sus\u021bine procesele de detoxifiere a pielii. Ajut\u0103 la \u00eendep\u0103rtarea celulelor moarte de la suprafa\u021ba pielii, l\u0103s\u00e2nd suprafa\u021ba pielii neted\u0103 \u0219i permi\u021b\u00e2nd p\u0103trunderea substan\u021belor nutritive.<\/span><\/span><\/span><\/p>\n<p><span style=\"font-family: Arial, sans-serif;\"><span style=\"font-size: medium;\"><span style=\"color: #000000;\">Ajut\u0103 la prevenirea \u00eemb\u0103tr\u00e2nirii pielii datorit\u0103 ingredientelor sale antioxidante \u0219i de stimulare a colagenului.<\/span><\/span><\/span><\/p>\n<p><span style=\"font-family: Arial, sans-serif;\"><span style=\"font-size: medium;\"><span style=\"color: #000000;\">Pentru ten, utiliza\u021bi numai pe pielea nesensibil\u0103.<\/span> <\/span><\/span><\/p>\n<p><span style=\"font-family: Arial, sans-serif;\"><span style=\"font-size: medium;\"><span style=\"color: #000000;\"><strong>Recomandat:<\/strong> pentru toate tipurile de piele, celulit\u0103, piele aspr\u0103.<\/span><\/span><\/span><\/p>\n<p><span style=\"font-family: Arial, sans-serif;\"><span style=\"font-size: medium;\"><span style=\"color: #000000;\"><strong>Ingrediente:<\/strong> ulei de cocos saponificat, ulei de rapi\u021b\u0103, ulei de m\u0103sline, ulei de macadamia, infuzie de cafea neagr\u0103, za\u021b de cafea, mascarpone, ulei parfumat de vanilie.<\/span><\/span><\/span><\/p>\n<p>100gr +-10gr<\/p>\n<p>&nbsp;<\/p>","protected":false},"excerpt":{"rendered":"<p>R\u0103coritoare, intens exfoliant\u0103, stimuleaz\u0103 microcirculatia, \u00eembun\u0103t\u0103\u021bind astfel metabolismul pielii \u0219i sus\u021bine procesele de eliminare a toxinelor din piele.<\/p>","protected":false},"featured_media":765,"comment_status":"open","ping_status":"closed","template":"","meta":[],"product_brand":[],"product_cat":[45,27],"product_tag":[],"class_list":{"0":"post-764","1":"product","2":"type-product","3":"status-publish","4":"has-post-thumbnail","6":"product_cat-osszes","7":"product_cat-higienia","9":"first","10":"instock","11":"shipping-taxable","12":"purchasable","13":"product-type-simple"},"yoast_head":"<!-- This site is optimized with the Yoast SEO plugin v27.4 - https:\/\/yoast.com\/product\/yoast-seo-wordpress\/ -->\n<title>K\u00e1v\u00e9-van\u00edlia szappan - Binaturalproducts<\/title>\n<meta name=\"description\" content=\"Friss\u00edt\u0151, intenziven b\u0151rrad\u00edroz\u00f3, serkenti a mikrokering\u00e9st ez\u00e1ltal jav\u00edtja a b\u0151r anyagcser\u00e9j\u00e9t, t\u00e1mogatja a b\u0151r m\u00e9reganyag-kiv\u00e1laszt\u00e1si folyamatait.\" \/>\n<meta name=\"robots\" content=\"index, follow, max-snippet:-1, max-image-preview:large, max-video-preview:-1\" \/>\n<link rel=\"canonical\" href=\"https:\/\/binaturalproducts.com\/ro\/produs\/sapun-cu-cafea-si-vanilie\/\" \/>\n<meta property=\"og:locale\" content=\"ro_RO\" \/>\n<meta property=\"og:type\" content=\"article\" \/>\n<meta property=\"og:title\" content=\"K\u00e1v\u00e9-van\u00edlia szappan - Binaturalproducts\" \/>\n<meta property=\"og:description\" content=\"Friss\u00edt\u0151, intenziven b\u0151rrad\u00edroz\u00f3, serkenti a mikrokering\u00e9st ez\u00e1ltal jav\u00edtja a b\u0151r anyagcser\u00e9j\u00e9t, t\u00e1mogatja a b\u0151r m\u00e9reganyag-kiv\u00e1laszt\u00e1si folyamatait.\" \/>\n<meta property=\"og:url\" content=\"https:\/\/binaturalproducts.com\/ro\/produs\/sapun-cu-cafea-si-vanilie\/\" \/>\n<meta property=\"og:site_name\" content=\"Binaturalproducts\" \/>\n<meta property=\"article:modified_time\" content=\"2025-12-23T19:00:38+00:00\" \/>\n<meta property=\"og:image\" content=\"https:\/\/binaturalproducts.com\/wp-content\/uploads\/2022\/08\/1660393887108-scaled.jpg\" \/>\n\t<meta property=\"og:image:width\" content=\"2179\" \/>\n\t<meta property=\"og:image:height\" content=\"2560\" \/>\n\t<meta property=\"og:image:type\" content=\"image\/jpeg\" \/>\n<meta name=\"twitter:card\" content=\"summary_large_image\" \/>\n<meta name=\"twitter:label1\" content=\"Timp estimat pentru citire\" \/>\n\t<meta name=\"twitter:data1\" content=\"1 minut\" \/>\n<script type=\"application\/ld+json\" class=\"yoast-schema-graph\">{\"@context\":\"https:\\\/\\\/schema.org\",\"@graph\":[{\"@type\":\"WebPage\",\"@id\":\"https:\\\/\\\/binaturalproducts.com\\\/termek\\\/kave-vanilia-szappan\\\/\",\"url\":\"https:\\\/\\\/binaturalproducts.com\\\/termek\\\/kave-vanilia-szappan\\\/\",\"name\":\"K\u00e1v\u00e9-van\u00edlia szappan - Binaturalproducts\",\"isPartOf\":{\"@id\":\"https:\\\/\\\/binaturalproducts.com\\\/#website\"},\"primaryImageOfPage\":{\"@id\":\"https:\\\/\\\/binaturalproducts.com\\\/termek\\\/kave-vanilia-szappan\\\/#primaryimage\"},\"image\":{\"@id\":\"https:\\\/\\\/binaturalproducts.com\\\/termek\\\/kave-vanilia-szappan\\\/#primaryimage\"},\"thumbnailUrl\":\"https:\\\/\\\/binaturalproducts.com\\\/wp-content\\\/uploads\\\/2022\\\/08\\\/1660393887108-scaled.jpg\",\"datePublished\":\"2022-08-13T13:04:53+00:00\",\"dateModified\":\"2025-12-23T19:00:38+00:00\",\"description\":\"Friss\u00edt\u0151, intenziven b\u0151rrad\u00edroz\u00f3, serkenti a mikrokering\u00e9st ez\u00e1ltal jav\u00edtja a b\u0151r anyagcser\u00e9j\u00e9t, t\u00e1mogatja a b\u0151r m\u00e9reganyag-kiv\u00e1laszt\u00e1si folyamatait.\",\"breadcrumb\":{\"@id\":\"https:\\\/\\\/binaturalproducts.com\\\/termek\\\/kave-vanilia-szappan\\\/#breadcrumb\"},\"inLanguage\":\"ro-RO\",\"potentialAction\":[{\"@type\":\"ReadAction\",\"target\":[\"https:\\\/\\\/binaturalproducts.com\\\/termek\\\/kave-vanilia-szappan\\\/\"]}]},{\"@type\":\"ImageObject\",\"inLanguage\":\"ro-RO\",\"@id\":\"https:\\\/\\\/binaturalproducts.com\\\/termek\\\/kave-vanilia-szappan\\\/#primaryimage\",\"url\":\"https:\\\/\\\/binaturalproducts.com\\\/wp-content\\\/uploads\\\/2022\\\/08\\\/1660393887108-scaled.jpg\",\"contentUrl\":\"https:\\\/\\\/binaturalproducts.com\\\/wp-content\\\/uploads\\\/2022\\\/08\\\/1660393887108-scaled.jpg\",\"width\":2179,\"height\":2560,\"caption\":\"Binatural Products - K\u00e1v\u00e9-van\u00edlia szappan\"},{\"@type\":\"BreadcrumbList\",\"@id\":\"https:\\\/\\\/binaturalproducts.com\\\/termek\\\/kave-vanilia-szappan\\\/#breadcrumb\",\"itemListElement\":[{\"@type\":\"ListItem\",\"position\":1,\"name\":\"Kezd\u0151lap\",\"item\":\"https:\\\/\\\/binaturalproducts.com\\\/\"},{\"@type\":\"ListItem\",\"position\":2,\"name\":\"\u00dczlet\",\"item\":\"https:\\\/\\\/binaturalproducts.com\\\/uzlet\\\/\"},{\"@type\":\"ListItem\",\"position\":3,\"name\":\"K\u00e1v\u00e9-van\u00edlia szappan\"}]},{\"@type\":\"WebSite\",\"@id\":\"https:\\\/\\\/binaturalproducts.com\\\/#website\",\"url\":\"https:\\\/\\\/binaturalproducts.com\\\/\",\"name\":\"Binaturalproducts\",\"description\":\"Nat\u00far term\u00e9kek Erd\u00e9ly sz\u00edv\u00e9b\u0151l\",\"potentialAction\":[{\"@type\":\"SearchAction\",\"target\":{\"@type\":\"EntryPoint\",\"urlTemplate\":\"https:\\\/\\\/binaturalproducts.com\\\/?s={search_term_string}\"},\"query-input\":{\"@type\":\"PropertyValueSpecification\",\"valueRequired\":true,\"valueName\":\"search_term_string\"}}],\"inLanguage\":\"ro-RO\"}]}<\/script>\n<!-- \/ Yoast SEO plugin. -->","yoast_head_json":{"title":"S\u0103pun cu cafea \u0219i vanilie - Binaturalproducts","description":"R\u0103coritoare, intens exfoliant\u0103, stimuleaz\u0103 microcirculatia, \u00eembun\u0103t\u0103\u021bind astfel metabolismul pielii \u0219i sus\u021bine procesele de eliminare a toxinelor din piele.","robots":{"index":"index","follow":"follow","max-snippet":"max-snippet:-1","max-image-preview":"max-image-preview:large","max-video-preview":"max-video-preview:-1"},"canonical":"https:\/\/binaturalproducts.com\/ro\/produs\/sapun-cu-cafea-si-vanilie\/","og_locale":"ro_RO","og_type":"article","og_title":"K\u00e1v\u00e9-van\u00edlia szappan - Binaturalproducts","og_description":"Friss\u00edt\u0151, intenziven b\u0151rrad\u00edroz\u00f3, serkenti a mikrokering\u00e9st ez\u00e1ltal jav\u00edtja a b\u0151r anyagcser\u00e9j\u00e9t, t\u00e1mogatja a b\u0151r m\u00e9reganyag-kiv\u00e1laszt\u00e1si folyamatait.","og_url":"https:\/\/binaturalproducts.com\/ro\/produs\/sapun-cu-cafea-si-vanilie\/","og_site_name":"Binaturalproducts","article_modified_time":"2025-12-23T19:00:38+00:00","og_image":[{"width":2179,"height":2560,"url":"https:\/\/binaturalproducts.com\/wp-content\/uploads\/2022\/08\/1660393887108-scaled.jpg","type":"image\/jpeg"}],"twitter_card":"summary_large_image","twitter_misc":{"Timp estimat pentru citire":"1 minut"},"schema":{"@context":"https:\/\/schema.org","@graph":[{"@type":"WebPage","@id":"https:\/\/binaturalproducts.com\/termek\/kave-vanilia-szappan\/","url":"https:\/\/binaturalproducts.com\/termek\/kave-vanilia-szappan\/","name":"S\u0103pun cu cafea \u0219i vanilie - Binaturalproducts","isPartOf":{"@id":"https:\/\/binaturalproducts.com\/#website"},"primaryImageOfPage":{"@id":"https:\/\/binaturalproducts.com\/termek\/kave-vanilia-szappan\/#primaryimage"},"image":{"@id":"https:\/\/binaturalproducts.com\/termek\/kave-vanilia-szappan\/#primaryimage"},"thumbnailUrl":"https:\/\/binaturalproducts.com\/wp-content\/uploads\/2022\/08\/1660393887108-scaled.jpg","datePublished":"2022-08-13T13:04:53+00:00","dateModified":"2025-12-23T19:00:38+00:00","description":"R\u0103coritoare, intens exfoliant\u0103, stimuleaz\u0103 microcirculatia, \u00eembun\u0103t\u0103\u021bind astfel metabolismul pielii \u0219i sus\u021bine procesele de eliminare a toxinelor din piele.","breadcrumb":{"@id":"https:\/\/binaturalproducts.com\/termek\/kave-vanilia-szappan\/#breadcrumb"},"inLanguage":"ro-RO","potentialAction":[{"@type":"ReadAction","target":["https:\/\/binaturalproducts.com\/termek\/kave-vanilia-szappan\/"]}]},{"@type":"ImageObject","inLanguage":"ro-RO","@id":"https:\/\/binaturalproducts.com\/termek\/kave-vanilia-szappan\/#primaryimage","url":"https:\/\/binaturalproducts.com\/wp-content\/uploads\/2022\/08\/1660393887108-scaled.jpg","contentUrl":"https:\/\/binaturalproducts.com\/wp-content\/uploads\/2022\/08\/1660393887108-scaled.jpg","width":2179,"height":2560,"caption":"Binatural Products - K\u00e1v\u00e9-van\u00edlia szappan"},{"@type":"BreadcrumbList","@id":"https:\/\/binaturalproducts.com\/termek\/kave-vanilia-szappan\/#breadcrumb","itemListElement":[{"@type":"ListItem","position":1,"name":"Kezd\u0151lap","item":"https:\/\/binaturalproducts.com\/"},{"@type":"ListItem","position":2,"name":"\u00dczlet","item":"https:\/\/binaturalproducts.com\/uzlet\/"},{"@type":"ListItem","position":3,"name":"K\u00e1v\u00e9-van\u00edlia szappan"}]},{"@type":"WebSite","@id":"https:\/\/binaturalproducts.com\/#website","url":"https:\/\/binaturalproducts.com\/","name":"Binaturalproducts","description":"PRODUSE NATURALE DIN INIMA TRANSILVANIEI","potentialAction":[{"@type":"SearchAction","target":{"@type":"EntryPoint","urlTemplate":"https:\/\/binaturalproducts.com\/?s={search_term_string}"},"query-input":{"@type":"PropertyValueSpecification","valueRequired":true,"valueName":"search_term_string"}}],"inLanguage":"ro-RO"}]}},"_links":{"self":[{"href":"https:\/\/binaturalproducts.com\/ro\/wp-json\/wp\/v2\/product\/764","targetHints":{"allow":["GET"]}}],"collection":[{"href":"https:\/\/binaturalproducts.com\/ro\/wp-json\/wp\/v2\/product"}],"about":[{"href":"https:\/\/binaturalproducts.com\/ro\/wp-json\/wp\/v2\/types\/product"}],"replies":[{"embeddable":true,"href":"https:\/\/binaturalproducts.com\/ro\/wp-json\/wp\/v2\/comments?post=764"}],"wp:featuredmedia":[{"embeddable":true,"href":"https:\/\/binaturalproducts.com\/ro\/wp-json\/wp\/v2\/media\/765"}],"wp:attachment":[{"href":"https:\/\/binaturalproducts.com\/ro\/wp-json\/wp\/v2\/media?parent=764"}],"wp:term":[{"taxonomy":"product_brand","embeddable":true,"href":"https:\/\/binaturalproducts.com\/ro\/wp-json\/wp\/v2\/product_brand?post=764"},{"taxonomy":"product_cat","embeddable":true,"href":"https:\/\/binaturalproducts.com\/ro\/wp-json\/wp\/v2\/product_cat?post=764"},{"taxonomy":"product_tag","embeddable":true,"href":"https:\/\/binaturalproducts.com\/ro\/wp-json\/wp\/v2\/product_tag?post=764"}],"curies":[{"name":"wp","href":"https:\/\/api.w.org\/{rel}","templated":true}]}}