{"id":757,"date":"2022-08-04T15:32:54","date_gmt":"2022-08-04T13:32:54","guid":{"rendered":"https:\/\/binaturalproducts.com\/?post_type=product&#038;p=757"},"modified":"2026-01-24T22:38:31","modified_gmt":"2026-01-24T20:38:31","slug":"ulei-regenerant-de-ingrijire-a-parului-cu-ulei-de-argan-si-vitamina-e","status":"publish","type":"product","link":"https:\/\/binaturalproducts.com\/ro\/produs\/ulei-regenerant-de-ingrijire-a-parului-cu-ulei-de-argan-si-vitamina-e\/","title":{"rendered":"Ulei regenerant de \u00eengrijire a p\u0103rului cu ulei de argan \u0219i vitamina E"},"content":{"rendered":"<p>Uleiul nostru regenerant de p\u0103r este bogat \u00een extracte \u0219i uleiuri naturale, inclusiv celebrul ulei de argan, ulei de semin\u021be de struguri, ulei de cocos, vitamina E \u0219i deriva\u021bi din uleiului de ricin.<\/p>\n<p>Uleiul de argan este adesea men\u021bionat ca aurul Marocului, deoarece este at\u00e2t de valoros.<\/p>\n<p>Uleiul este extras prin presare din s\u0103m\u00e2n\u021ba de drup\u0103 a fructului de argan originar din Maroc, aceast\u0103 comoar\u0103 proasp\u0103t stors\u0103 con\u021bine o cantitate mare de antioxidan\u021bi, acizi gra\u0219i omega 6, acid linoleic, care contribuie la regenerarea \u0219i hr\u0103nirea firelor de p\u0103r \u0219i este un ingredient popular \u00een produsele de \u00eengrijire a p\u0103rului de cea mai \u00eenalt\u0103 calitate.<\/p>\n<p>Vitamina E ajut\u0103 p\u0103rul s\u0103 arate s\u0103n\u0103tos \u0219i \u00eei confer\u0103 str\u0103lucire.<\/p>\n<p>Substan\u021ba activ\u0103 derivat\u0103 din uleiul de ricin \u00eenchide stratul protector exterior al fibrelor de p\u0103r, v\u00e2rfurile despicate, \u00eembun\u0103t\u0103\u021be\u0219te \u0219i     previne deteriorarea fibrelor de p\u0103r cauzat\u0103 de vopsirea p\u0103rului, corec\u021bia de iluminare, permanentul, sp\u0103larea, piept\u0103narea, tratamentele chimice \u0219i agresiunea mecanic\u0103.<\/p>\n<p>Uleiul nostru de \u00eengrijire a p\u0103rului nu con\u021bine parabeni \u0219i sulfa\u021bi. Creste rezistenta fibrelor capilare, ofer\u0103 elasticitate si protec\u021bie p\u0103rului.<\/p>\n<p>Este potrivit pentru \u00eengrijirea v\u00e2rfurilor terne, despicate, dezordonate, uscate, deteriorate.<\/p>\n<p>Miroase pl\u0103cut floral, feminin datorit\u0103 uleiului de Tiare, care evoc\u0103 parfumul insulelor Pacificului.<\/p>\n<p>Ingredientele provin din agricultur\u0103 certificat\u0103 BIO.<\/p>\n<p><strong>Ingrediente:<\/strong> ulei de nuc\u0103 de cocos, ulei de argan, ulei de semin\u021be de struguri, vitamina E, derivat din ulei de ricin, ulei parfumat de flori de Tiare.<\/p>\n<p><strong>e<\/strong> 50\u00a0 ml<\/p>","protected":false},"excerpt":{"rendered":"<p>Uleiul nostru regenerant de p\u0103r este bogat \u00een extracte \u0219i uleiuri naturale, inclusiv celebrul ulei de argan, ulei de semin\u021be de struguri, ulei de cocos, vitamina E \u0219i deriva\u021bi din uleiului de ricin.<\/p>","protected":false},"featured_media":4133,"comment_status":"open","ping_status":"closed","template":"","meta":[],"product_brand":[],"product_cat":[45,21],"product_tag":[],"class_list":{"0":"post-757","1":"product","2":"type-product","3":"status-publish","4":"has-post-thumbnail","6":"product_cat-osszes","7":"product_cat-hajapolas","9":"first","10":"instock","11":"shipping-taxable","12":"purchasable","13":"product-type-simple"},"yoast_head":"<!-- This site is optimized with the Yoast SEO plugin v27.4 - https:\/\/yoast.com\/product\/yoast-seo-wordpress\/ -->\n<title>Regener\u00e1l\u00f3 hajv\u00e9g\u00e1pol\u00f3 olaj-Arg\u00e1n olajjal, E-vitaminnal - Binaturalproducts<\/title>\n<meta name=\"description\" content=\"A Regener\u00e1l\u00f3 hajv\u00e9g\u00e1pol\u00f3 olajunk term\u00e9szetes kivonatokban \u00e9s olajokban gazdag, t\u00f6bbek k\u00f6z\u00f6tt megtal\u00e1lhat\u00f3 benne a h\u00edres arg\u00e1n olaj, sz\u0151l\u0151magolaj, k\u00f3kusz olaj, E-vitamin, ricinus olaj sz\u00e1rmaz\u00e9k.\" \/>\n<meta name=\"robots\" content=\"index, follow, max-snippet:-1, max-image-preview:large, max-video-preview:-1\" \/>\n<link rel=\"canonical\" href=\"https:\/\/binaturalproducts.com\/ro\/produs\/ulei-regenerant-de-ingrijire-a-parului-cu-ulei-de-argan-si-vitamina-e\/\" \/>\n<meta property=\"og:locale\" content=\"ro_RO\" \/>\n<meta property=\"og:type\" content=\"article\" \/>\n<meta property=\"og:title\" content=\"Regener\u00e1l\u00f3 hajv\u00e9g\u00e1pol\u00f3 olaj-Arg\u00e1n olajjal, E-vitaminnal - Binaturalproducts\" \/>\n<meta property=\"og:description\" content=\"A Regener\u00e1l\u00f3 hajv\u00e9g\u00e1pol\u00f3 olajunk term\u00e9szetes kivonatokban \u00e9s olajokban gazdag, t\u00f6bbek k\u00f6z\u00f6tt megtal\u00e1lhat\u00f3 benne a h\u00edres arg\u00e1n olaj, sz\u0151l\u0151magolaj, k\u00f3kusz olaj, E-vitamin, ricinus olaj sz\u00e1rmaz\u00e9k.\" \/>\n<meta property=\"og:url\" content=\"https:\/\/binaturalproducts.com\/ro\/produs\/ulei-regenerant-de-ingrijire-a-parului-cu-ulei-de-argan-si-vitamina-e\/\" \/>\n<meta property=\"og:site_name\" content=\"Binaturalproducts\" \/>\n<meta property=\"article:modified_time\" content=\"2026-01-24T20:38:31+00:00\" \/>\n<meta property=\"og:image\" content=\"https:\/\/binaturalproducts.com\/wp-content\/uploads\/2022\/08\/IMG_20230814_222558.jpg\" \/>\n\t<meta property=\"og:image:width\" content=\"1566\" \/>\n\t<meta property=\"og:image:height\" content=\"1920\" \/>\n\t<meta property=\"og:image:type\" content=\"image\/jpeg\" \/>\n<meta name=\"twitter:card\" content=\"summary_large_image\" \/>\n<meta name=\"twitter:label1\" content=\"Timp estimat pentru citire\" \/>\n\t<meta name=\"twitter:data1\" content=\"2 minute\" \/>\n<script type=\"application\/ld+json\" class=\"yoast-schema-graph\">{\"@context\":\"https:\\\/\\\/schema.org\",\"@graph\":[{\"@type\":\"WebPage\",\"@id\":\"https:\\\/\\\/binaturalproducts.com\\\/termek\\\/regeneralo-hajvegapolo-olaj-argan-olajjal-e-vitaminnal\\\/\",\"url\":\"https:\\\/\\\/binaturalproducts.com\\\/termek\\\/regeneralo-hajvegapolo-olaj-argan-olajjal-e-vitaminnal\\\/\",\"name\":\"Regener\u00e1l\u00f3 hajv\u00e9g\u00e1pol\u00f3 olaj-Arg\u00e1n olajjal, E-vitaminnal - Binaturalproducts\",\"isPartOf\":{\"@id\":\"https:\\\/\\\/binaturalproducts.com\\\/#website\"},\"primaryImageOfPage\":{\"@id\":\"https:\\\/\\\/binaturalproducts.com\\\/termek\\\/regeneralo-hajvegapolo-olaj-argan-olajjal-e-vitaminnal\\\/#primaryimage\"},\"image\":{\"@id\":\"https:\\\/\\\/binaturalproducts.com\\\/termek\\\/regeneralo-hajvegapolo-olaj-argan-olajjal-e-vitaminnal\\\/#primaryimage\"},\"thumbnailUrl\":\"https:\\\/\\\/binaturalproducts.com\\\/wp-content\\\/uploads\\\/2022\\\/08\\\/IMG_20230814_222558.jpg\",\"datePublished\":\"2022-08-04T13:32:54+00:00\",\"dateModified\":\"2026-01-24T20:38:31+00:00\",\"description\":\"A Regener\u00e1l\u00f3 hajv\u00e9g\u00e1pol\u00f3 olajunk term\u00e9szetes kivonatokban \u00e9s olajokban gazdag, t\u00f6bbek k\u00f6z\u00f6tt megtal\u00e1lhat\u00f3 benne a h\u00edres arg\u00e1n olaj, sz\u0151l\u0151magolaj, k\u00f3kusz olaj, E-vitamin, ricinus olaj sz\u00e1rmaz\u00e9k.\",\"breadcrumb\":{\"@id\":\"https:\\\/\\\/binaturalproducts.com\\\/termek\\\/regeneralo-hajvegapolo-olaj-argan-olajjal-e-vitaminnal\\\/#breadcrumb\"},\"inLanguage\":\"ro-RO\",\"potentialAction\":[{\"@type\":\"ReadAction\",\"target\":[\"https:\\\/\\\/binaturalproducts.com\\\/termek\\\/regeneralo-hajvegapolo-olaj-argan-olajjal-e-vitaminnal\\\/\"]}]},{\"@type\":\"ImageObject\",\"inLanguage\":\"ro-RO\",\"@id\":\"https:\\\/\\\/binaturalproducts.com\\\/termek\\\/regeneralo-hajvegapolo-olaj-argan-olajjal-e-vitaminnal\\\/#primaryimage\",\"url\":\"https:\\\/\\\/binaturalproducts.com\\\/wp-content\\\/uploads\\\/2022\\\/08\\\/IMG_20230814_222558.jpg\",\"contentUrl\":\"https:\\\/\\\/binaturalproducts.com\\\/wp-content\\\/uploads\\\/2022\\\/08\\\/IMG_20230814_222558.jpg\",\"width\":1566,\"height\":1920},{\"@type\":\"BreadcrumbList\",\"@id\":\"https:\\\/\\\/binaturalproducts.com\\\/termek\\\/regeneralo-hajvegapolo-olaj-argan-olajjal-e-vitaminnal\\\/#breadcrumb\",\"itemListElement\":[{\"@type\":\"ListItem\",\"position\":1,\"name\":\"Kezd\u0151lap\",\"item\":\"https:\\\/\\\/binaturalproducts.com\\\/\"},{\"@type\":\"ListItem\",\"position\":2,\"name\":\"\u00dczlet\",\"item\":\"https:\\\/\\\/binaturalproducts.com\\\/uzlet\\\/\"},{\"@type\":\"ListItem\",\"position\":3,\"name\":\"Regener\u00e1l\u00f3 hajv\u00e9g\u00e1pol\u00f3 olaj-Arg\u00e1n olajjal, E-vitaminnal\"}]},{\"@type\":\"WebSite\",\"@id\":\"https:\\\/\\\/binaturalproducts.com\\\/#website\",\"url\":\"https:\\\/\\\/binaturalproducts.com\\\/\",\"name\":\"Binaturalproducts\",\"description\":\"Nat\u00far term\u00e9kek Erd\u00e9ly sz\u00edv\u00e9b\u0151l\",\"potentialAction\":[{\"@type\":\"SearchAction\",\"target\":{\"@type\":\"EntryPoint\",\"urlTemplate\":\"https:\\\/\\\/binaturalproducts.com\\\/?s={search_term_string}\"},\"query-input\":{\"@type\":\"PropertyValueSpecification\",\"valueRequired\":true,\"valueName\":\"search_term_string\"}}],\"inLanguage\":\"ro-RO\"}]}<\/script>\n<!-- \/ Yoast SEO plugin. -->","yoast_head_json":{"title":"Ulei regenerant de \u00eengrijire a p\u0103rului cu ulei de argan \u0219i vitamina E - Binaturalproducts","description":"Uleiul nostru regenerant de p\u0103r este bogat \u00een extracte \u0219i uleiuri naturale, inclusiv celebrul ulei de argan, ulei de semin\u021be de struguri, ulei de cocos, vitamina E \u0219i deriva\u021bi din uleiului de ricin.","robots":{"index":"index","follow":"follow","max-snippet":"max-snippet:-1","max-image-preview":"max-image-preview:large","max-video-preview":"max-video-preview:-1"},"canonical":"https:\/\/binaturalproducts.com\/ro\/produs\/ulei-regenerant-de-ingrijire-a-parului-cu-ulei-de-argan-si-vitamina-e\/","og_locale":"ro_RO","og_type":"article","og_title":"Regener\u00e1l\u00f3 hajv\u00e9g\u00e1pol\u00f3 olaj-Arg\u00e1n olajjal, E-vitaminnal - Binaturalproducts","og_description":"A Regener\u00e1l\u00f3 hajv\u00e9g\u00e1pol\u00f3 olajunk term\u00e9szetes kivonatokban \u00e9s olajokban gazdag, t\u00f6bbek k\u00f6z\u00f6tt megtal\u00e1lhat\u00f3 benne a h\u00edres arg\u00e1n olaj, sz\u0151l\u0151magolaj, k\u00f3kusz olaj, E-vitamin, ricinus olaj sz\u00e1rmaz\u00e9k.","og_url":"https:\/\/binaturalproducts.com\/ro\/produs\/ulei-regenerant-de-ingrijire-a-parului-cu-ulei-de-argan-si-vitamina-e\/","og_site_name":"Binaturalproducts","article_modified_time":"2026-01-24T20:38:31+00:00","og_image":[{"width":1566,"height":1920,"url":"https:\/\/binaturalproducts.com\/wp-content\/uploads\/2022\/08\/IMG_20230814_222558.jpg","type":"image\/jpeg"}],"twitter_card":"summary_large_image","twitter_misc":{"Timp estimat pentru citire":"2 minute"},"schema":{"@context":"https:\/\/schema.org","@graph":[{"@type":"WebPage","@id":"https:\/\/binaturalproducts.com\/termek\/regeneralo-hajvegapolo-olaj-argan-olajjal-e-vitaminnal\/","url":"https:\/\/binaturalproducts.com\/termek\/regeneralo-hajvegapolo-olaj-argan-olajjal-e-vitaminnal\/","name":"Ulei regenerant de \u00eengrijire a p\u0103rului cu ulei de argan \u0219i vitamina E - Binaturalproducts","isPartOf":{"@id":"https:\/\/binaturalproducts.com\/#website"},"primaryImageOfPage":{"@id":"https:\/\/binaturalproducts.com\/termek\/regeneralo-hajvegapolo-olaj-argan-olajjal-e-vitaminnal\/#primaryimage"},"image":{"@id":"https:\/\/binaturalproducts.com\/termek\/regeneralo-hajvegapolo-olaj-argan-olajjal-e-vitaminnal\/#primaryimage"},"thumbnailUrl":"https:\/\/binaturalproducts.com\/wp-content\/uploads\/2022\/08\/IMG_20230814_222558.jpg","datePublished":"2022-08-04T13:32:54+00:00","dateModified":"2026-01-24T20:38:31+00:00","description":"Uleiul nostru regenerant de p\u0103r este bogat \u00een extracte \u0219i uleiuri naturale, inclusiv celebrul ulei de argan, ulei de semin\u021be de struguri, ulei de cocos, vitamina E \u0219i deriva\u021bi din uleiului de ricin.","breadcrumb":{"@id":"https:\/\/binaturalproducts.com\/termek\/regeneralo-hajvegapolo-olaj-argan-olajjal-e-vitaminnal\/#breadcrumb"},"inLanguage":"ro-RO","potentialAction":[{"@type":"ReadAction","target":["https:\/\/binaturalproducts.com\/termek\/regeneralo-hajvegapolo-olaj-argan-olajjal-e-vitaminnal\/"]}]},{"@type":"ImageObject","inLanguage":"ro-RO","@id":"https:\/\/binaturalproducts.com\/termek\/regeneralo-hajvegapolo-olaj-argan-olajjal-e-vitaminnal\/#primaryimage","url":"https:\/\/binaturalproducts.com\/wp-content\/uploads\/2022\/08\/IMG_20230814_222558.jpg","contentUrl":"https:\/\/binaturalproducts.com\/wp-content\/uploads\/2022\/08\/IMG_20230814_222558.jpg","width":1566,"height":1920},{"@type":"BreadcrumbList","@id":"https:\/\/binaturalproducts.com\/termek\/regeneralo-hajvegapolo-olaj-argan-olajjal-e-vitaminnal\/#breadcrumb","itemListElement":[{"@type":"ListItem","position":1,"name":"Kezd\u0151lap","item":"https:\/\/binaturalproducts.com\/"},{"@type":"ListItem","position":2,"name":"\u00dczlet","item":"https:\/\/binaturalproducts.com\/uzlet\/"},{"@type":"ListItem","position":3,"name":"Regener\u00e1l\u00f3 hajv\u00e9g\u00e1pol\u00f3 olaj-Arg\u00e1n olajjal, E-vitaminnal"}]},{"@type":"WebSite","@id":"https:\/\/binaturalproducts.com\/#website","url":"https:\/\/binaturalproducts.com\/","name":"Binaturalproducts","description":"PRODUSE NATURALE DIN INIMA TRANSILVANIEI","potentialAction":[{"@type":"SearchAction","target":{"@type":"EntryPoint","urlTemplate":"https:\/\/binaturalproducts.com\/?s={search_term_string}"},"query-input":{"@type":"PropertyValueSpecification","valueRequired":true,"valueName":"search_term_string"}}],"inLanguage":"ro-RO"}]}},"_links":{"self":[{"href":"https:\/\/binaturalproducts.com\/ro\/wp-json\/wp\/v2\/product\/757","targetHints":{"allow":["GET"]}}],"collection":[{"href":"https:\/\/binaturalproducts.com\/ro\/wp-json\/wp\/v2\/product"}],"about":[{"href":"https:\/\/binaturalproducts.com\/ro\/wp-json\/wp\/v2\/types\/product"}],"replies":[{"embeddable":true,"href":"https:\/\/binaturalproducts.com\/ro\/wp-json\/wp\/v2\/comments?post=757"}],"wp:featuredmedia":[{"embeddable":true,"href":"https:\/\/binaturalproducts.com\/ro\/wp-json\/wp\/v2\/media\/4133"}],"wp:attachment":[{"href":"https:\/\/binaturalproducts.com\/ro\/wp-json\/wp\/v2\/media?parent=757"}],"wp:term":[{"taxonomy":"product_brand","embeddable":true,"href":"https:\/\/binaturalproducts.com\/ro\/wp-json\/wp\/v2\/product_brand?post=757"},{"taxonomy":"product_cat","embeddable":true,"href":"https:\/\/binaturalproducts.com\/ro\/wp-json\/wp\/v2\/product_cat?post=757"},{"taxonomy":"product_tag","embeddable":true,"href":"https:\/\/binaturalproducts.com\/ro\/wp-json\/wp\/v2\/product_tag?post=757"}],"curies":[{"name":"wp","href":"https:\/\/api.w.org\/{rel}","templated":true}]}}