{"id":726,"date":"2022-07-04T20:51:03","date_gmt":"2022-07-04T18:51:03","guid":{"rendered":"https:\/\/binaturalproducts.com\/?post_type=product&#038;p=726"},"modified":"2024-09-30T22:37:29","modified_gmt":"2024-09-30T20:37:29","slug":"sapuniera","status":"publish","type":"product","link":"https:\/\/binaturalproducts.com\/ro\/produs\/sapuniera\/","title":{"rendered":"S\u0103punier\u0103"},"content":{"rendered":"<p><strong>Ideal pentru a men\u021bine uscate s\u0103punurile \u0219i batoanele artizanale B&amp;I Natural Products.<\/strong><\/p>\n<p><strong>Cur\u0103\u021bare:<\/strong> U\u0219or de cur\u0103\u021bat cu o c\u00e2rp\u0103 umed\u0103 sau cu o perie de unghii.<\/p>\n<p><strong>M\u0103rimea<\/strong> : 12 * 9 * 1,8 cm<\/p>","protected":false},"excerpt":{"rendered":"<p>Ideal pentru a men\u021bine uscate s\u0103punurile \u0219i batoanele artizanale B&amp;I Natural Products. \u00cel po\u021bi cur\u0103\u021ba cu u\u0219urin\u021b\u0103 cu o c\u00e2rp\u0103 umed\u0103 sau cu o perie de unghii.<\/p>","protected":false},"featured_media":727,"comment_status":"open","ping_status":"closed","template":"","meta":[],"product_brand":[],"product_cat":[45,27],"product_tag":[],"class_list":{"0":"post-726","1":"product","2":"type-product","3":"status-publish","4":"has-post-thumbnail","6":"product_cat-osszes","7":"product_cat-higienia","9":"first","10":"instock","11":"shipping-taxable","12":"purchasable","13":"product-type-simple"},"yoast_head":"<!-- This site is optimized with the Yoast SEO plugin v27.4 - https:\/\/yoast.com\/product\/yoast-seo-wordpress\/ -->\n<title>R\u00e1csos szappantart\u00f3 - Binaturalproducts<\/title>\n<meta name=\"description\" content=\"Ide\u00e1lis a k\u00e9zm\u0171ves B&amp;I Natural Products\u00a0 szappanok \u00e9s t\u00f6mb\u00f6k sz\u00e1razon tart\u00e1s\u00e1ra. K\u00f6nnyen tiszt\u00edthatod nedves ruh\u00e1val vagy k\u00f6r\u00f6mkef\u00e9vel.\" \/>\n<meta name=\"robots\" content=\"index, follow, max-snippet:-1, max-image-preview:large, max-video-preview:-1\" \/>\n<link rel=\"canonical\" href=\"https:\/\/binaturalproducts.com\/ro\/produs\/sapuniera\/\" \/>\n<meta property=\"og:locale\" content=\"ro_RO\" \/>\n<meta property=\"og:type\" content=\"article\" \/>\n<meta property=\"og:title\" content=\"R\u00e1csos szappantart\u00f3 - Binaturalproducts\" \/>\n<meta property=\"og:description\" content=\"Ide\u00e1lis a k\u00e9zm\u0171ves B&amp;I Natural Products\u00a0 szappanok \u00e9s t\u00f6mb\u00f6k sz\u00e1razon tart\u00e1s\u00e1ra. K\u00f6nnyen tiszt\u00edthatod nedves ruh\u00e1val vagy k\u00f6r\u00f6mkef\u00e9vel.\" \/>\n<meta property=\"og:url\" content=\"https:\/\/binaturalproducts.com\/ro\/produs\/sapuniera\/\" \/>\n<meta property=\"og:site_name\" content=\"Binaturalproducts\" \/>\n<meta property=\"article:modified_time\" content=\"2024-09-30T20:37:29+00:00\" \/>\n<meta property=\"og:image\" content=\"https:\/\/binaturalproducts.com\/wp-content\/uploads\/2022\/07\/1656967245242.jpg\" \/>\n\t<meta property=\"og:image:width\" content=\"720\" \/>\n\t<meta property=\"og:image:height\" content=\"606\" \/>\n\t<meta property=\"og:image:type\" content=\"image\/jpeg\" \/>\n<meta name=\"twitter:card\" content=\"summary_large_image\" \/>\n<meta name=\"twitter:label1\" content=\"Timp estimat pentru citire\" \/>\n\t<meta name=\"twitter:data1\" content=\"1 minut\" \/>\n<script type=\"application\/ld+json\" class=\"yoast-schema-graph\">{\"@context\":\"https:\\\/\\\/schema.org\",\"@graph\":[{\"@type\":\"WebPage\",\"@id\":\"https:\\\/\\\/binaturalproducts.com\\\/termek\\\/racsos-szappantarto\\\/\",\"url\":\"https:\\\/\\\/binaturalproducts.com\\\/termek\\\/racsos-szappantarto\\\/\",\"name\":\"R\u00e1csos szappantart\u00f3 - Binaturalproducts\",\"isPartOf\":{\"@id\":\"https:\\\/\\\/binaturalproducts.com\\\/#website\"},\"primaryImageOfPage\":{\"@id\":\"https:\\\/\\\/binaturalproducts.com\\\/termek\\\/racsos-szappantarto\\\/#primaryimage\"},\"image\":{\"@id\":\"https:\\\/\\\/binaturalproducts.com\\\/termek\\\/racsos-szappantarto\\\/#primaryimage\"},\"thumbnailUrl\":\"https:\\\/\\\/binaturalproducts.com\\\/wp-content\\\/uploads\\\/2022\\\/07\\\/1656967245242.jpg\",\"datePublished\":\"2022-07-04T18:51:03+00:00\",\"dateModified\":\"2024-09-30T20:37:29+00:00\",\"description\":\"Ide\u00e1lis a k\u00e9zm\u0171ves B&I Natural Products\u00a0 szappanok \u00e9s t\u00f6mb\u00f6k sz\u00e1razon tart\u00e1s\u00e1ra. K\u00f6nnyen tiszt\u00edthatod nedves ruh\u00e1val vagy k\u00f6r\u00f6mkef\u00e9vel.\",\"breadcrumb\":{\"@id\":\"https:\\\/\\\/binaturalproducts.com\\\/termek\\\/racsos-szappantarto\\\/#breadcrumb\"},\"inLanguage\":\"ro-RO\",\"potentialAction\":[{\"@type\":\"ReadAction\",\"target\":[\"https:\\\/\\\/binaturalproducts.com\\\/termek\\\/racsos-szappantarto\\\/\"]}]},{\"@type\":\"ImageObject\",\"inLanguage\":\"ro-RO\",\"@id\":\"https:\\\/\\\/binaturalproducts.com\\\/termek\\\/racsos-szappantarto\\\/#primaryimage\",\"url\":\"https:\\\/\\\/binaturalproducts.com\\\/wp-content\\\/uploads\\\/2022\\\/07\\\/1656967245242.jpg\",\"contentUrl\":\"https:\\\/\\\/binaturalproducts.com\\\/wp-content\\\/uploads\\\/2022\\\/07\\\/1656967245242.jpg\",\"width\":720,\"height\":606,\"caption\":\"Binatural Products - R\u00e1csos szappantart\u00f3\"},{\"@type\":\"BreadcrumbList\",\"@id\":\"https:\\\/\\\/binaturalproducts.com\\\/termek\\\/racsos-szappantarto\\\/#breadcrumb\",\"itemListElement\":[{\"@type\":\"ListItem\",\"position\":1,\"name\":\"Kezd\u0151lap\",\"item\":\"https:\\\/\\\/binaturalproducts.com\\\/\"},{\"@type\":\"ListItem\",\"position\":2,\"name\":\"\u00dczlet\",\"item\":\"https:\\\/\\\/binaturalproducts.com\\\/uzlet\\\/\"},{\"@type\":\"ListItem\",\"position\":3,\"name\":\"R\u00e1csos szappantart\u00f3\"}]},{\"@type\":\"WebSite\",\"@id\":\"https:\\\/\\\/binaturalproducts.com\\\/#website\",\"url\":\"https:\\\/\\\/binaturalproducts.com\\\/\",\"name\":\"Binaturalproducts\",\"description\":\"Nat\u00far term\u00e9kek Erd\u00e9ly sz\u00edv\u00e9b\u0151l\",\"potentialAction\":[{\"@type\":\"SearchAction\",\"target\":{\"@type\":\"EntryPoint\",\"urlTemplate\":\"https:\\\/\\\/binaturalproducts.com\\\/?s={search_term_string}\"},\"query-input\":{\"@type\":\"PropertyValueSpecification\",\"valueRequired\":true,\"valueName\":\"search_term_string\"}}],\"inLanguage\":\"ro-RO\"}]}<\/script>\n<!-- \/ Yoast SEO plugin. -->","yoast_head_json":{"title":"S\u0103punier\u0103 - Binaturalproducts","description":"Ideal pentru a men\u021bine uscate s\u0103punurile \u0219i batoanele artizanale B&amp;I Natural Products. \u00cel po\u021bi cur\u0103\u021ba cu u\u0219urin\u021b\u0103 cu o c\u00e2rp\u0103 umed\u0103 sau cu o perie de unghii.","robots":{"index":"index","follow":"follow","max-snippet":"max-snippet:-1","max-image-preview":"max-image-preview:large","max-video-preview":"max-video-preview:-1"},"canonical":"https:\/\/binaturalproducts.com\/ro\/produs\/sapuniera\/","og_locale":"ro_RO","og_type":"article","og_title":"R\u00e1csos szappantart\u00f3 - Binaturalproducts","og_description":"Ide\u00e1lis a k\u00e9zm\u0171ves B&I Natural Products\u00a0 szappanok \u00e9s t\u00f6mb\u00f6k sz\u00e1razon tart\u00e1s\u00e1ra. K\u00f6nnyen tiszt\u00edthatod nedves ruh\u00e1val vagy k\u00f6r\u00f6mkef\u00e9vel.","og_url":"https:\/\/binaturalproducts.com\/ro\/produs\/sapuniera\/","og_site_name":"Binaturalproducts","article_modified_time":"2024-09-30T20:37:29+00:00","og_image":[{"width":720,"height":606,"url":"https:\/\/binaturalproducts.com\/wp-content\/uploads\/2022\/07\/1656967245242.jpg","type":"image\/jpeg"}],"twitter_card":"summary_large_image","twitter_misc":{"Timp estimat pentru citire":"1 minut"},"schema":{"@context":"https:\/\/schema.org","@graph":[{"@type":"WebPage","@id":"https:\/\/binaturalproducts.com\/termek\/racsos-szappantarto\/","url":"https:\/\/binaturalproducts.com\/termek\/racsos-szappantarto\/","name":"S\u0103punier\u0103 - Binaturalproducts","isPartOf":{"@id":"https:\/\/binaturalproducts.com\/#website"},"primaryImageOfPage":{"@id":"https:\/\/binaturalproducts.com\/termek\/racsos-szappantarto\/#primaryimage"},"image":{"@id":"https:\/\/binaturalproducts.com\/termek\/racsos-szappantarto\/#primaryimage"},"thumbnailUrl":"https:\/\/binaturalproducts.com\/wp-content\/uploads\/2022\/07\/1656967245242.jpg","datePublished":"2022-07-04T18:51:03+00:00","dateModified":"2024-09-30T20:37:29+00:00","description":"Ideal pentru a men\u021bine uscate s\u0103punurile \u0219i batoanele artizanale B&amp;I Natural Products. \u00cel po\u021bi cur\u0103\u021ba cu u\u0219urin\u021b\u0103 cu o c\u00e2rp\u0103 umed\u0103 sau cu o perie de unghii.","breadcrumb":{"@id":"https:\/\/binaturalproducts.com\/termek\/racsos-szappantarto\/#breadcrumb"},"inLanguage":"ro-RO","potentialAction":[{"@type":"ReadAction","target":["https:\/\/binaturalproducts.com\/termek\/racsos-szappantarto\/"]}]},{"@type":"ImageObject","inLanguage":"ro-RO","@id":"https:\/\/binaturalproducts.com\/termek\/racsos-szappantarto\/#primaryimage","url":"https:\/\/binaturalproducts.com\/wp-content\/uploads\/2022\/07\/1656967245242.jpg","contentUrl":"https:\/\/binaturalproducts.com\/wp-content\/uploads\/2022\/07\/1656967245242.jpg","width":720,"height":606,"caption":"Binatural Products - R\u00e1csos szappantart\u00f3"},{"@type":"BreadcrumbList","@id":"https:\/\/binaturalproducts.com\/termek\/racsos-szappantarto\/#breadcrumb","itemListElement":[{"@type":"ListItem","position":1,"name":"Kezd\u0151lap","item":"https:\/\/binaturalproducts.com\/"},{"@type":"ListItem","position":2,"name":"\u00dczlet","item":"https:\/\/binaturalproducts.com\/uzlet\/"},{"@type":"ListItem","position":3,"name":"R\u00e1csos szappantart\u00f3"}]},{"@type":"WebSite","@id":"https:\/\/binaturalproducts.com\/#website","url":"https:\/\/binaturalproducts.com\/","name":"Binaturalproducts","description":"PRODUSE NATURALE DIN INIMA TRANSILVANIEI","potentialAction":[{"@type":"SearchAction","target":{"@type":"EntryPoint","urlTemplate":"https:\/\/binaturalproducts.com\/?s={search_term_string}"},"query-input":{"@type":"PropertyValueSpecification","valueRequired":true,"valueName":"search_term_string"}}],"inLanguage":"ro-RO"}]}},"_links":{"self":[{"href":"https:\/\/binaturalproducts.com\/ro\/wp-json\/wp\/v2\/product\/726","targetHints":{"allow":["GET"]}}],"collection":[{"href":"https:\/\/binaturalproducts.com\/ro\/wp-json\/wp\/v2\/product"}],"about":[{"href":"https:\/\/binaturalproducts.com\/ro\/wp-json\/wp\/v2\/types\/product"}],"replies":[{"embeddable":true,"href":"https:\/\/binaturalproducts.com\/ro\/wp-json\/wp\/v2\/comments?post=726"}],"wp:featuredmedia":[{"embeddable":true,"href":"https:\/\/binaturalproducts.com\/ro\/wp-json\/wp\/v2\/media\/727"}],"wp:attachment":[{"href":"https:\/\/binaturalproducts.com\/ro\/wp-json\/wp\/v2\/media?parent=726"}],"wp:term":[{"taxonomy":"product_brand","embeddable":true,"href":"https:\/\/binaturalproducts.com\/ro\/wp-json\/wp\/v2\/product_brand?post=726"},{"taxonomy":"product_cat","embeddable":true,"href":"https:\/\/binaturalproducts.com\/ro\/wp-json\/wp\/v2\/product_cat?post=726"},{"taxonomy":"product_tag","embeddable":true,"href":"https:\/\/binaturalproducts.com\/ro\/wp-json\/wp\/v2\/product_tag?post=726"}],"curies":[{"name":"wp","href":"https:\/\/api.w.org\/{rel}","templated":true}]}}