{"id":716,"date":"2022-06-26T13:27:15","date_gmt":"2022-06-26T11:27:15","guid":{"rendered":"https:\/\/binaturalproducts.com\/?post_type=product&#038;p=716"},"modified":"2026-02-15T18:04:41","modified_gmt":"2026-02-15T16:04:41","slug":"amestec-natural-de-respingere-a-insectelor","status":"publish","type":"product","link":"https:\/\/binaturalproducts.com\/ro\/produs\/amestec-natural-de-respingere-a-insectelor\/","title":{"rendered":"Amestec natural de respingere a insectelor"},"content":{"rendered":"<p><strong>Ingrediente:<\/strong> ulei de galbenele, ulei de lavand\u0103, ulei de arbore de ceai, ulei de mu\u0219cata, ulei de l\u0103m\u00e2ie,<\/p>\n<p>Nu este recomandat copiilor sub 3 ani si in timpul sarcinii din cauza diferitelor amestecuri de uleiuri esentiale.<\/p>\n<p>\u00cenainte de utilizare, se recomand\u0103 aplicarea unei cantit\u0103\u021bi mici pe partea interioar\u0103 a antebra\u021bului pentru a afla dac\u0103 suntem alergici la acesta.<br \/>\nDac\u0103 nu apare ro\u0219ea\u021b\u0103, trebuie aplicat un strat sub\u021bire pe zona accesibil\u0103 insectelor.<\/p>\n<p>Respinge \u021b\u00e2n\u021barii, puricii, c\u0103pu\u0219ele \u0219i alte insecte.<\/p>\n<p><strong>e<\/strong> 10ml<\/p>","protected":false},"excerpt":{"rendered":"<p>Respinge \u021b\u00e2n\u021barii, puricii, c\u0103pu\u0219ele \u0219i alte insecte.<\/p>\n<p>\u00d6sszetev\u0151k: k\u00f6r\u00f6mvir\u00e1g olaj, levendula olaj, teafa olaj, ger\u00e1nium olaj, citromf\u0171 olaj.<\/p>","protected":false},"featured_media":755,"comment_status":"open","ping_status":"closed","template":"","meta":[],"product_brand":[],"product_cat":[45,15],"product_tag":[],"class_list":{"0":"post-716","1":"product","2":"type-product","3":"status-publish","4":"has-post-thumbnail","6":"product_cat-osszes","7":"product_cat-egyeb","9":"first","10":"instock","11":"shipping-taxable","12":"purchasable","13":"product-type-simple"},"yoast_head":"<!-- This site is optimized with the Yoast SEO plugin v27.4 - https:\/\/yoast.com\/product\/yoast-seo-wordpress\/ -->\n<title>Nat\u00far rovarriszt\u00f3 kever\u00e9k - Binaturalproducts<\/title>\n<meta name=\"description\" content=\"Elriasztja a sz\u00fanyogokat, bolh\u00e1kat, kullancsokat \u00e9s m\u00e1s rovarokat. \u00d6sszetev\u0151k: k\u00f6r\u00f6mvir\u00e1g olaj, levendula olaj, teafa olaj, ger\u00e1nium olaj, citromf\u0171 olaj,\" \/>\n<meta name=\"robots\" content=\"index, follow, max-snippet:-1, max-image-preview:large, max-video-preview:-1\" \/>\n<link rel=\"canonical\" href=\"https:\/\/binaturalproducts.com\/ro\/produs\/amestec-natural-de-respingere-a-insectelor\/\" \/>\n<meta property=\"og:locale\" content=\"ro_RO\" \/>\n<meta property=\"og:type\" content=\"article\" \/>\n<meta property=\"og:title\" content=\"Nat\u00far rovarriszt\u00f3 kever\u00e9k - Binaturalproducts\" \/>\n<meta property=\"og:description\" content=\"Elriasztja a sz\u00fanyogokat, bolh\u00e1kat, kullancsokat \u00e9s m\u00e1s rovarokat. \u00d6sszetev\u0151k: k\u00f6r\u00f6mvir\u00e1g olaj, levendula olaj, teafa olaj, ger\u00e1nium olaj, citromf\u0171 olaj,\" \/>\n<meta property=\"og:url\" content=\"https:\/\/binaturalproducts.com\/ro\/produs\/amestec-natural-de-respingere-a-insectelor\/\" \/>\n<meta property=\"og:site_name\" content=\"Binaturalproducts\" \/>\n<meta property=\"article:modified_time\" content=\"2026-02-15T16:04:41+00:00\" \/>\n<meta property=\"og:image\" content=\"https:\/\/binaturalproducts.com\/wp-content\/uploads\/2022\/06\/294813036_561377729021585_5832029829484089859_n-1.jpg\" \/>\n\t<meta property=\"og:image:width\" content=\"1080\" \/>\n\t<meta property=\"og:image:height\" content=\"763\" \/>\n\t<meta property=\"og:image:type\" content=\"image\/jpeg\" \/>\n<meta name=\"twitter:card\" content=\"summary_large_image\" \/>\n<meta name=\"twitter:label1\" content=\"Timp estimat pentru citire\" \/>\n\t<meta name=\"twitter:data1\" content=\"1 minut\" \/>\n<script type=\"application\/ld+json\" class=\"yoast-schema-graph\">{\"@context\":\"https:\\\/\\\/schema.org\",\"@graph\":[{\"@type\":\"WebPage\",\"@id\":\"https:\\\/\\\/binaturalproducts.com\\\/termek\\\/natur-rovarriszto-keverek\\\/\",\"url\":\"https:\\\/\\\/binaturalproducts.com\\\/termek\\\/natur-rovarriszto-keverek\\\/\",\"name\":\"Nat\u00far rovarriszt\u00f3 kever\u00e9k - Binaturalproducts\",\"isPartOf\":{\"@id\":\"https:\\\/\\\/binaturalproducts.com\\\/#website\"},\"primaryImageOfPage\":{\"@id\":\"https:\\\/\\\/binaturalproducts.com\\\/termek\\\/natur-rovarriszto-keverek\\\/#primaryimage\"},\"image\":{\"@id\":\"https:\\\/\\\/binaturalproducts.com\\\/termek\\\/natur-rovarriszto-keverek\\\/#primaryimage\"},\"thumbnailUrl\":\"https:\\\/\\\/binaturalproducts.com\\\/wp-content\\\/uploads\\\/2022\\\/06\\\/294813036_561377729021585_5832029829484089859_n-1.jpg\",\"datePublished\":\"2022-06-26T11:27:15+00:00\",\"dateModified\":\"2026-02-15T16:04:41+00:00\",\"description\":\"Elriasztja a sz\u00fanyogokat, bolh\u00e1kat, kullancsokat \u00e9s m\u00e1s rovarokat. \u00d6sszetev\u0151k: k\u00f6r\u00f6mvir\u00e1g olaj, levendula olaj, teafa olaj, ger\u00e1nium olaj, citromf\u0171 olaj,\",\"breadcrumb\":{\"@id\":\"https:\\\/\\\/binaturalproducts.com\\\/termek\\\/natur-rovarriszto-keverek\\\/#breadcrumb\"},\"inLanguage\":\"ro-RO\",\"potentialAction\":[{\"@type\":\"ReadAction\",\"target\":[\"https:\\\/\\\/binaturalproducts.com\\\/termek\\\/natur-rovarriszto-keverek\\\/\"]}]},{\"@type\":\"ImageObject\",\"inLanguage\":\"ro-RO\",\"@id\":\"https:\\\/\\\/binaturalproducts.com\\\/termek\\\/natur-rovarriszto-keverek\\\/#primaryimage\",\"url\":\"https:\\\/\\\/binaturalproducts.com\\\/wp-content\\\/uploads\\\/2022\\\/06\\\/294813036_561377729021585_5832029829484089859_n-1.jpg\",\"contentUrl\":\"https:\\\/\\\/binaturalproducts.com\\\/wp-content\\\/uploads\\\/2022\\\/06\\\/294813036_561377729021585_5832029829484089859_n-1.jpg\",\"width\":1080,\"height\":763,\"caption\":\"Binatural Products - Nat\u00far rovarriszt\u00f3 kever\u00e9k\"},{\"@type\":\"BreadcrumbList\",\"@id\":\"https:\\\/\\\/binaturalproducts.com\\\/termek\\\/natur-rovarriszto-keverek\\\/#breadcrumb\",\"itemListElement\":[{\"@type\":\"ListItem\",\"position\":1,\"name\":\"Kezd\u0151lap\",\"item\":\"https:\\\/\\\/binaturalproducts.com\\\/\"},{\"@type\":\"ListItem\",\"position\":2,\"name\":\"\u00dczlet\",\"item\":\"https:\\\/\\\/binaturalproducts.com\\\/uzlet\\\/\"},{\"@type\":\"ListItem\",\"position\":3,\"name\":\"Nat\u00far rovarriszt\u00f3 kever\u00e9k\"}]},{\"@type\":\"WebSite\",\"@id\":\"https:\\\/\\\/binaturalproducts.com\\\/#website\",\"url\":\"https:\\\/\\\/binaturalproducts.com\\\/\",\"name\":\"Binaturalproducts\",\"description\":\"Nat\u00far term\u00e9kek Erd\u00e9ly sz\u00edv\u00e9b\u0151l\",\"potentialAction\":[{\"@type\":\"SearchAction\",\"target\":{\"@type\":\"EntryPoint\",\"urlTemplate\":\"https:\\\/\\\/binaturalproducts.com\\\/?s={search_term_string}\"},\"query-input\":{\"@type\":\"PropertyValueSpecification\",\"valueRequired\":true,\"valueName\":\"search_term_string\"}}],\"inLanguage\":\"ro-RO\"}]}<\/script>\n<!-- \/ Yoast SEO plugin. -->","yoast_head_json":{"title":"Amestec natural de respingere a insectelor - Binaturalproducts","description":"Respinge \u021b\u00e2n\u021barii, puricii, c\u0103pu\u0219ele \u0219i alte insecte. Ingrediente: ulei de g\u0103lbenele, ulei de lavand\u0103, ulei de arbore de ceai, ulei de muscata, ulei de l\u0103m\u00e2ie.","robots":{"index":"index","follow":"follow","max-snippet":"max-snippet:-1","max-image-preview":"max-image-preview:large","max-video-preview":"max-video-preview:-1"},"canonical":"https:\/\/binaturalproducts.com\/ro\/produs\/amestec-natural-de-respingere-a-insectelor\/","og_locale":"ro_RO","og_type":"article","og_title":"Nat\u00far rovarriszt\u00f3 kever\u00e9k - Binaturalproducts","og_description":"Elriasztja a sz\u00fanyogokat, bolh\u00e1kat, kullancsokat \u00e9s m\u00e1s rovarokat. \u00d6sszetev\u0151k: k\u00f6r\u00f6mvir\u00e1g olaj, levendula olaj, teafa olaj, ger\u00e1nium olaj, citromf\u0171 olaj,","og_url":"https:\/\/binaturalproducts.com\/ro\/produs\/amestec-natural-de-respingere-a-insectelor\/","og_site_name":"Binaturalproducts","article_modified_time":"2026-02-15T16:04:41+00:00","og_image":[{"width":1080,"height":763,"url":"https:\/\/binaturalproducts.com\/wp-content\/uploads\/2022\/06\/294813036_561377729021585_5832029829484089859_n-1.jpg","type":"image\/jpeg"}],"twitter_card":"summary_large_image","twitter_misc":{"Timp estimat pentru citire":"1 minut"},"schema":{"@context":"https:\/\/schema.org","@graph":[{"@type":"WebPage","@id":"https:\/\/binaturalproducts.com\/termek\/natur-rovarriszto-keverek\/","url":"https:\/\/binaturalproducts.com\/termek\/natur-rovarriszto-keverek\/","name":"Amestec natural de respingere a insectelor - Binaturalproducts","isPartOf":{"@id":"https:\/\/binaturalproducts.com\/#website"},"primaryImageOfPage":{"@id":"https:\/\/binaturalproducts.com\/termek\/natur-rovarriszto-keverek\/#primaryimage"},"image":{"@id":"https:\/\/binaturalproducts.com\/termek\/natur-rovarriszto-keverek\/#primaryimage"},"thumbnailUrl":"https:\/\/binaturalproducts.com\/wp-content\/uploads\/2022\/06\/294813036_561377729021585_5832029829484089859_n-1.jpg","datePublished":"2022-06-26T11:27:15+00:00","dateModified":"2026-02-15T16:04:41+00:00","description":"Respinge \u021b\u00e2n\u021barii, puricii, c\u0103pu\u0219ele \u0219i alte insecte. Ingrediente: ulei de g\u0103lbenele, ulei de lavand\u0103, ulei de arbore de ceai, ulei de muscata, ulei de l\u0103m\u00e2ie.","breadcrumb":{"@id":"https:\/\/binaturalproducts.com\/termek\/natur-rovarriszto-keverek\/#breadcrumb"},"inLanguage":"ro-RO","potentialAction":[{"@type":"ReadAction","target":["https:\/\/binaturalproducts.com\/termek\/natur-rovarriszto-keverek\/"]}]},{"@type":"ImageObject","inLanguage":"ro-RO","@id":"https:\/\/binaturalproducts.com\/termek\/natur-rovarriszto-keverek\/#primaryimage","url":"https:\/\/binaturalproducts.com\/wp-content\/uploads\/2022\/06\/294813036_561377729021585_5832029829484089859_n-1.jpg","contentUrl":"https:\/\/binaturalproducts.com\/wp-content\/uploads\/2022\/06\/294813036_561377729021585_5832029829484089859_n-1.jpg","width":1080,"height":763,"caption":"Binatural Products - Nat\u00far rovarriszt\u00f3 kever\u00e9k"},{"@type":"BreadcrumbList","@id":"https:\/\/binaturalproducts.com\/termek\/natur-rovarriszto-keverek\/#breadcrumb","itemListElement":[{"@type":"ListItem","position":1,"name":"Kezd\u0151lap","item":"https:\/\/binaturalproducts.com\/"},{"@type":"ListItem","position":2,"name":"\u00dczlet","item":"https:\/\/binaturalproducts.com\/uzlet\/"},{"@type":"ListItem","position":3,"name":"Nat\u00far rovarriszt\u00f3 kever\u00e9k"}]},{"@type":"WebSite","@id":"https:\/\/binaturalproducts.com\/#website","url":"https:\/\/binaturalproducts.com\/","name":"Binaturalproducts","description":"PRODUSE NATURALE DIN INIMA TRANSILVANIEI","potentialAction":[{"@type":"SearchAction","target":{"@type":"EntryPoint","urlTemplate":"https:\/\/binaturalproducts.com\/?s={search_term_string}"},"query-input":{"@type":"PropertyValueSpecification","valueRequired":true,"valueName":"search_term_string"}}],"inLanguage":"ro-RO"}]}},"_links":{"self":[{"href":"https:\/\/binaturalproducts.com\/ro\/wp-json\/wp\/v2\/product\/716","targetHints":{"allow":["GET"]}}],"collection":[{"href":"https:\/\/binaturalproducts.com\/ro\/wp-json\/wp\/v2\/product"}],"about":[{"href":"https:\/\/binaturalproducts.com\/ro\/wp-json\/wp\/v2\/types\/product"}],"replies":[{"embeddable":true,"href":"https:\/\/binaturalproducts.com\/ro\/wp-json\/wp\/v2\/comments?post=716"}],"wp:featuredmedia":[{"embeddable":true,"href":"https:\/\/binaturalproducts.com\/ro\/wp-json\/wp\/v2\/media\/755"}],"wp:attachment":[{"href":"https:\/\/binaturalproducts.com\/ro\/wp-json\/wp\/v2\/media?parent=716"}],"wp:term":[{"taxonomy":"product_brand","embeddable":true,"href":"https:\/\/binaturalproducts.com\/ro\/wp-json\/wp\/v2\/product_brand?post=716"},{"taxonomy":"product_cat","embeddable":true,"href":"https:\/\/binaturalproducts.com\/ro\/wp-json\/wp\/v2\/product_cat?post=716"},{"taxonomy":"product_tag","embeddable":true,"href":"https:\/\/binaturalproducts.com\/ro\/wp-json\/wp\/v2\/product_tag?post=716"}],"curies":[{"name":"wp","href":"https:\/\/api.w.org\/{rel}","templated":true}]}}