{"id":708,"date":"2022-06-14T11:32:45","date_gmt":"2022-06-14T09:32:45","guid":{"rendered":"https:\/\/binaturalproducts.com\/?post_type=product&#038;p=708"},"modified":"2025-11-18T15:23:52","modified_gmt":"2025-11-18T13:23:52","slug":"ser-impotriva-caderii-parului","status":"publish","type":"product","link":"https:\/\/binaturalproducts.com\/ro\/produs\/ser-impotriva-caderii-parului\/","title":{"rendered":"Ser \u00eempotriva c\u0103derii p\u0103rului"},"content":{"rendered":"<div class=\"cxmmr5t8 oygrvhab hcukyx3x c1et5uql o9v6fnle ii04i59q\">\n<div dir=\"auto\">\n<p><span class=\"pq6dq46d tbxw36s4 knj5qynh kvgmc6g5 ditlmg2l oygrvhab nvdbi5me sf5mxxl7 gl3lb2sf hhz5lgdu\">\u00a0<\/span><strong>Con\u021bine:<\/strong><\/p>\n<\/div>\n<div dir=\"auto\"><span class=\"pq6dq46d tbxw36s4 knj5qynh kvgmc6g5 ditlmg2l oygrvhab nvdbi5me sf5mxxl7 gl3lb2sf hhz5lgdu\"><img loading=\"lazy\" decoding=\"async\" src=\"https:\/\/static.xx.fbcdn.net\/images\/emoji.php\/v9\/ta7\/1.5\/16\/1fab7.png\" alt=\"\ud83e\udeb7\" width=\"16\" height=\"16\" \/> <\/span>Ape de flori,<\/div>\n<div dir=\"auto\"><span class=\"pq6dq46d tbxw36s4 knj5qynh kvgmc6g5 ditlmg2l oygrvhab nvdbi5me sf5mxxl7 gl3lb2sf hhz5lgdu\"><img loading=\"lazy\" decoding=\"async\" src=\"https:\/\/static.xx.fbcdn.net\/images\/emoji.php\/v9\/t18\/1.5\/16\/2615.png\" alt=\"\u2615\" width=\"16\" height=\"16\" \/> <\/span>extract de cofein\u0103,<\/div>\n<div dir=\"auto\"><span class=\"pq6dq46d tbxw36s4 knj5qynh kvgmc6g5 ditlmg2l oygrvhab nvdbi5me sf5mxxl7 gl3lb2sf hhz5lgdu\"><img loading=\"lazy\" decoding=\"async\" src=\"https:\/\/static.xx.fbcdn.net\/images\/emoji.php\/v9\/t93\/1.5\/16\/1f34c.png\" alt=\"\ud83c\udf4c\" width=\"16\" height=\"16\" \/> <\/span>provitamina B5,<\/div>\n<div dir=\"auto\">\n<p><span class=\"pq6dq46d tbxw36s4 knj5qynh kvgmc6g5 ditlmg2l oygrvhab nvdbi5me sf5mxxl7 gl3lb2sf hhz5lgdu\"><img loading=\"lazy\" decoding=\"async\" src=\"https:\/\/static.xx.fbcdn.net\/images\/emoji.php\/v9\/tc2\/1.5\/16\/1f331.png\" alt=\"\ud83c\udf31\" width=\"16\" height=\"16\" \/> <\/span>Extract de ginseng peruan.<\/p>\n<\/div>\n<\/div>\n<div class=\"cxmmr5t8 oygrvhab hcukyx3x c1et5uql o9v6fnle ii04i59q\">\n<div dir=\"auto\"><\/div>\n<\/div>\n<div dir=\"auto\">\n<p>Serul contine un procent ridicat de extract de cafeina, care, atunci cand este folosit, este absorbit prin foliculii de par in cateva minute si sustine cresterea parului prin stimularea metabolismului celular.<\/p>\n<p>Cel\u0103lalt ingredient al s\u0103u principal este extractul de ginseng peruvian, care, conform cercet\u0103rilor recente, are un efect puternic asupra scalpului, f\u0103c\u00e2ndu-l potrivit pentru stimularea cre\u0219terii p\u0103rului, prevenirea sau reducerea c\u0103derii p\u0103rului \u0219i \u00eembun\u0103t\u0103\u021birea st\u0103rii scalpului.<\/p>\n<p>Pentru un efect mai bun, poate fi folosit \u00een acela\u0219i timp cu blocul de \u0219ampon anti-c\u0103derea p\u0103rului.<\/p>\n<p>Dup\u0103 ce v\u0103 sp\u0103la\u021bi p\u0103rul, masa\u021bi-l pe scalp, nu trebuie s\u0103 \u00eel sp\u0103la\u021bi.<\/p>\n<p>Un tratament trebuie s\u0103 dureze cel pu\u021bin 3 luni!<\/p>\n<p>e 100 ml<\/p>\n<\/div>","protected":false},"excerpt":{"rendered":"<p>Serul contine un procent ridicat de extract de cafeina, care, atunci cand este folosit, este absorbit prin foliculii de par in cateva minute si sustine cresterea parului prin stimularea metabolismului celular.<\/p>","protected":false},"featured_media":709,"comment_status":"open","ping_status":"closed","template":"","meta":[],"product_brand":[],"product_cat":[45,21],"product_tag":[],"class_list":{"0":"post-708","1":"product","2":"type-product","3":"status-publish","4":"has-post-thumbnail","6":"product_cat-osszes","7":"product_cat-hajapolas","9":"first","10":"instock","11":"shipping-taxable","12":"purchasable","13":"product-type-simple"},"yoast_head":"<!-- This site is optimized with the Yoast SEO plugin v27.4 - https:\/\/yoast.com\/product\/yoast-seo-wordpress\/ -->\n<title>Sz\u00e9rum hajhull\u00e1s ellen - Binaturalproducts<\/title>\n<meta name=\"description\" content=\"A sz\u00e9rumban magas sz\u00e1zal\u00e9kban tal\u00e1lhat\u00f3 koffein kivonat, amely haszn\u00e1latakor n\u00e9h\u00e1ny perc alatt felsz\u00edv\u00f3dik a hajt\u00fcsz\u0151k\u00f6n kereszt\u00fcl \u00e9s a sejtek anyagcser\u00e9j\u00e9nek \u00e9l\u00e9nk\u00edt\u00e9se r\u00e9v\u00e9n t\u00e1mogatja a hajn\u0151veked\u00e9st.\" \/>\n<meta name=\"robots\" content=\"index, follow, max-snippet:-1, max-image-preview:large, max-video-preview:-1\" \/>\n<link rel=\"canonical\" href=\"https:\/\/binaturalproducts.com\/ro\/produs\/ser-impotriva-caderii-parului\/\" \/>\n<meta property=\"og:locale\" content=\"ro_RO\" \/>\n<meta property=\"og:type\" content=\"article\" \/>\n<meta property=\"og:title\" content=\"Sz\u00e9rum hajhull\u00e1s ellen - Binaturalproducts\" \/>\n<meta property=\"og:description\" content=\"A sz\u00e9rumban magas sz\u00e1zal\u00e9kban tal\u00e1lhat\u00f3 koffein kivonat, amely haszn\u00e1latakor n\u00e9h\u00e1ny perc alatt felsz\u00edv\u00f3dik a hajt\u00fcsz\u0151k\u00f6n kereszt\u00fcl \u00e9s a sejtek anyagcser\u00e9j\u00e9nek \u00e9l\u00e9nk\u00edt\u00e9se r\u00e9v\u00e9n t\u00e1mogatja a hajn\u0151veked\u00e9st.\" \/>\n<meta property=\"og:url\" content=\"https:\/\/binaturalproducts.com\/ro\/produs\/ser-impotriva-caderii-parului\/\" \/>\n<meta property=\"og:site_name\" content=\"Binaturalproducts\" \/>\n<meta property=\"article:modified_time\" content=\"2025-11-18T13:23:52+00:00\" \/>\n<meta property=\"og:image\" content=\"https:\/\/binaturalproducts.com\/wp-content\/uploads\/2022\/06\/279846815_5397856506919086_5813957082018382322_n-1.jpg\" \/>\n\t<meta property=\"og:image:width\" content=\"1885\" \/>\n\t<meta property=\"og:image:height\" content=\"1886\" \/>\n\t<meta property=\"og:image:type\" content=\"image\/jpeg\" \/>\n<meta name=\"twitter:card\" content=\"summary_large_image\" \/>\n<meta name=\"twitter:label1\" content=\"Timp estimat pentru citire\" \/>\n\t<meta name=\"twitter:data1\" content=\"2 minute\" \/>\n<script type=\"application\/ld+json\" class=\"yoast-schema-graph\">{\"@context\":\"https:\\\/\\\/schema.org\",\"@graph\":[{\"@type\":\"WebPage\",\"@id\":\"https:\\\/\\\/binaturalproducts.com\\\/termek\\\/szerum-hajhullas-ellen\\\/\",\"url\":\"https:\\\/\\\/binaturalproducts.com\\\/termek\\\/szerum-hajhullas-ellen\\\/\",\"name\":\"Sz\u00e9rum hajhull\u00e1s ellen - Binaturalproducts\",\"isPartOf\":{\"@id\":\"https:\\\/\\\/binaturalproducts.com\\\/#website\"},\"primaryImageOfPage\":{\"@id\":\"https:\\\/\\\/binaturalproducts.com\\\/termek\\\/szerum-hajhullas-ellen\\\/#primaryimage\"},\"image\":{\"@id\":\"https:\\\/\\\/binaturalproducts.com\\\/termek\\\/szerum-hajhullas-ellen\\\/#primaryimage\"},\"thumbnailUrl\":\"https:\\\/\\\/binaturalproducts.com\\\/wp-content\\\/uploads\\\/2022\\\/06\\\/279846815_5397856506919086_5813957082018382322_n-1.jpg\",\"datePublished\":\"2022-06-14T09:32:45+00:00\",\"dateModified\":\"2025-11-18T13:23:52+00:00\",\"description\":\"A sz\u00e9rumban magas sz\u00e1zal\u00e9kban tal\u00e1lhat\u00f3 koffein kivonat, amely haszn\u00e1latakor n\u00e9h\u00e1ny perc alatt felsz\u00edv\u00f3dik a hajt\u00fcsz\u0151k\u00f6n kereszt\u00fcl \u00e9s a sejtek anyagcser\u00e9j\u00e9nek \u00e9l\u00e9nk\u00edt\u00e9se r\u00e9v\u00e9n t\u00e1mogatja a hajn\u0151veked\u00e9st.\",\"breadcrumb\":{\"@id\":\"https:\\\/\\\/binaturalproducts.com\\\/termek\\\/szerum-hajhullas-ellen\\\/#breadcrumb\"},\"inLanguage\":\"ro-RO\",\"potentialAction\":[{\"@type\":\"ReadAction\",\"target\":[\"https:\\\/\\\/binaturalproducts.com\\\/termek\\\/szerum-hajhullas-ellen\\\/\"]}]},{\"@type\":\"ImageObject\",\"inLanguage\":\"ro-RO\",\"@id\":\"https:\\\/\\\/binaturalproducts.com\\\/termek\\\/szerum-hajhullas-ellen\\\/#primaryimage\",\"url\":\"https:\\\/\\\/binaturalproducts.com\\\/wp-content\\\/uploads\\\/2022\\\/06\\\/279846815_5397856506919086_5813957082018382322_n-1.jpg\",\"contentUrl\":\"https:\\\/\\\/binaturalproducts.com\\\/wp-content\\\/uploads\\\/2022\\\/06\\\/279846815_5397856506919086_5813957082018382322_n-1.jpg\",\"width\":1885,\"height\":1886,\"caption\":\"Binatural Products - Sz\u00e9rum hajhull\u00e1s ellen\"},{\"@type\":\"BreadcrumbList\",\"@id\":\"https:\\\/\\\/binaturalproducts.com\\\/termek\\\/szerum-hajhullas-ellen\\\/#breadcrumb\",\"itemListElement\":[{\"@type\":\"ListItem\",\"position\":1,\"name\":\"Kezd\u0151lap\",\"item\":\"https:\\\/\\\/binaturalproducts.com\\\/\"},{\"@type\":\"ListItem\",\"position\":2,\"name\":\"\u00dczlet\",\"item\":\"https:\\\/\\\/binaturalproducts.com\\\/uzlet\\\/\"},{\"@type\":\"ListItem\",\"position\":3,\"name\":\"Sz\u00e9rum hajhull\u00e1s ellen\"}]},{\"@type\":\"WebSite\",\"@id\":\"https:\\\/\\\/binaturalproducts.com\\\/#website\",\"url\":\"https:\\\/\\\/binaturalproducts.com\\\/\",\"name\":\"Binaturalproducts\",\"description\":\"Nat\u00far term\u00e9kek Erd\u00e9ly sz\u00edv\u00e9b\u0151l\",\"potentialAction\":[{\"@type\":\"SearchAction\",\"target\":{\"@type\":\"EntryPoint\",\"urlTemplate\":\"https:\\\/\\\/binaturalproducts.com\\\/?s={search_term_string}\"},\"query-input\":{\"@type\":\"PropertyValueSpecification\",\"valueRequired\":true,\"valueName\":\"search_term_string\"}}],\"inLanguage\":\"ro-RO\"}]}<\/script>\n<!-- \/ Yoast SEO plugin. -->","yoast_head_json":{"title":"Ser \u00eempotriva c\u0103derii p\u0103rului - Binaturalproducts","description":"Serul contine un procent ridicat de extract de cafeina, care, atunci cand este folosit, este absorbit prin foliculii de par in cateva minute si sustine cresterea parului prin stimularea metabolismului celular.","robots":{"index":"index","follow":"follow","max-snippet":"max-snippet:-1","max-image-preview":"max-image-preview:large","max-video-preview":"max-video-preview:-1"},"canonical":"https:\/\/binaturalproducts.com\/ro\/produs\/ser-impotriva-caderii-parului\/","og_locale":"ro_RO","og_type":"article","og_title":"Sz\u00e9rum hajhull\u00e1s ellen - Binaturalproducts","og_description":"A sz\u00e9rumban magas sz\u00e1zal\u00e9kban tal\u00e1lhat\u00f3 koffein kivonat, amely haszn\u00e1latakor n\u00e9h\u00e1ny perc alatt felsz\u00edv\u00f3dik a hajt\u00fcsz\u0151k\u00f6n kereszt\u00fcl \u00e9s a sejtek anyagcser\u00e9j\u00e9nek \u00e9l\u00e9nk\u00edt\u00e9se r\u00e9v\u00e9n t\u00e1mogatja a hajn\u0151veked\u00e9st.","og_url":"https:\/\/binaturalproducts.com\/ro\/produs\/ser-impotriva-caderii-parului\/","og_site_name":"Binaturalproducts","article_modified_time":"2025-11-18T13:23:52+00:00","og_image":[{"width":1885,"height":1886,"url":"https:\/\/binaturalproducts.com\/wp-content\/uploads\/2022\/06\/279846815_5397856506919086_5813957082018382322_n-1.jpg","type":"image\/jpeg"}],"twitter_card":"summary_large_image","twitter_misc":{"Timp estimat pentru citire":"2 minute"},"schema":{"@context":"https:\/\/schema.org","@graph":[{"@type":"WebPage","@id":"https:\/\/binaturalproducts.com\/termek\/szerum-hajhullas-ellen\/","url":"https:\/\/binaturalproducts.com\/termek\/szerum-hajhullas-ellen\/","name":"Ser \u00eempotriva c\u0103derii p\u0103rului - Binaturalproducts","isPartOf":{"@id":"https:\/\/binaturalproducts.com\/#website"},"primaryImageOfPage":{"@id":"https:\/\/binaturalproducts.com\/termek\/szerum-hajhullas-ellen\/#primaryimage"},"image":{"@id":"https:\/\/binaturalproducts.com\/termek\/szerum-hajhullas-ellen\/#primaryimage"},"thumbnailUrl":"https:\/\/binaturalproducts.com\/wp-content\/uploads\/2022\/06\/279846815_5397856506919086_5813957082018382322_n-1.jpg","datePublished":"2022-06-14T09:32:45+00:00","dateModified":"2025-11-18T13:23:52+00:00","description":"Serul contine un procent ridicat de extract de cafeina, care, atunci cand este folosit, este absorbit prin foliculii de par in cateva minute si sustine cresterea parului prin stimularea metabolismului celular.","breadcrumb":{"@id":"https:\/\/binaturalproducts.com\/termek\/szerum-hajhullas-ellen\/#breadcrumb"},"inLanguage":"ro-RO","potentialAction":[{"@type":"ReadAction","target":["https:\/\/binaturalproducts.com\/termek\/szerum-hajhullas-ellen\/"]}]},{"@type":"ImageObject","inLanguage":"ro-RO","@id":"https:\/\/binaturalproducts.com\/termek\/szerum-hajhullas-ellen\/#primaryimage","url":"https:\/\/binaturalproducts.com\/wp-content\/uploads\/2022\/06\/279846815_5397856506919086_5813957082018382322_n-1.jpg","contentUrl":"https:\/\/binaturalproducts.com\/wp-content\/uploads\/2022\/06\/279846815_5397856506919086_5813957082018382322_n-1.jpg","width":1885,"height":1886,"caption":"Binatural Products - Sz\u00e9rum hajhull\u00e1s ellen"},{"@type":"BreadcrumbList","@id":"https:\/\/binaturalproducts.com\/termek\/szerum-hajhullas-ellen\/#breadcrumb","itemListElement":[{"@type":"ListItem","position":1,"name":"Kezd\u0151lap","item":"https:\/\/binaturalproducts.com\/"},{"@type":"ListItem","position":2,"name":"\u00dczlet","item":"https:\/\/binaturalproducts.com\/uzlet\/"},{"@type":"ListItem","position":3,"name":"Sz\u00e9rum hajhull\u00e1s ellen"}]},{"@type":"WebSite","@id":"https:\/\/binaturalproducts.com\/#website","url":"https:\/\/binaturalproducts.com\/","name":"Binaturalproducts","description":"PRODUSE NATURALE DIN INIMA TRANSILVANIEI","potentialAction":[{"@type":"SearchAction","target":{"@type":"EntryPoint","urlTemplate":"https:\/\/binaturalproducts.com\/?s={search_term_string}"},"query-input":{"@type":"PropertyValueSpecification","valueRequired":true,"valueName":"search_term_string"}}],"inLanguage":"ro-RO"}]}},"_links":{"self":[{"href":"https:\/\/binaturalproducts.com\/ro\/wp-json\/wp\/v2\/product\/708","targetHints":{"allow":["GET"]}}],"collection":[{"href":"https:\/\/binaturalproducts.com\/ro\/wp-json\/wp\/v2\/product"}],"about":[{"href":"https:\/\/binaturalproducts.com\/ro\/wp-json\/wp\/v2\/types\/product"}],"replies":[{"embeddable":true,"href":"https:\/\/binaturalproducts.com\/ro\/wp-json\/wp\/v2\/comments?post=708"}],"wp:featuredmedia":[{"embeddable":true,"href":"https:\/\/binaturalproducts.com\/ro\/wp-json\/wp\/v2\/media\/709"}],"wp:attachment":[{"href":"https:\/\/binaturalproducts.com\/ro\/wp-json\/wp\/v2\/media?parent=708"}],"wp:term":[{"taxonomy":"product_brand","embeddable":true,"href":"https:\/\/binaturalproducts.com\/ro\/wp-json\/wp\/v2\/product_brand?post=708"},{"taxonomy":"product_cat","embeddable":true,"href":"https:\/\/binaturalproducts.com\/ro\/wp-json\/wp\/v2\/product_cat?post=708"},{"taxonomy":"product_tag","embeddable":true,"href":"https:\/\/binaturalproducts.com\/ro\/wp-json\/wp\/v2\/product_tag?post=708"}],"curies":[{"name":"wp","href":"https:\/\/api.w.org\/{rel}","templated":true}]}}