{"id":692,"date":"2022-05-27T19:41:39","date_gmt":"2022-05-27T17:41:39","guid":{"rendered":"https:\/\/binaturalproducts.com\/?post_type=product&#038;p=692"},"modified":"2025-10-26T19:12:44","modified_gmt":"2025-10-26T17:12:44","slug":"sapun-de-galbenele-miere-lapte-de-capra","status":"publish","type":"product","link":"https:\/\/binaturalproducts.com\/ro\/produs\/sapun-de-galbenele-miere-lapte-de-capra\/","title":{"rendered":"S\u0103pun de g\u0103lbenele-miere-lapte de capr\u0103"},"content":{"rendered":"<div dir=\"auto\">\n<p>Acest s\u0103pun con\u021bine multe minerale, vitamine (de exemplu, A, D, B2, B12) \u0219i oligoelemente. Excelent \u0219i pentru copiii cu v\u00e2rsta peste 3 ani. <span class=\"pq6dq46d tbxw36s4 knj5qynh kvgmc6g5 ditlmg2l oygrvhab nvdbi5me sf5mxxl7 gl3lb2sf hhz5lgdu\"><img loading=\"lazy\" decoding=\"async\" src=\"https:\/\/static.xx.fbcdn.net\/images\/emoji.php\/v9\/t43\/1.5\/16\/1f970.png\" alt=\"\ud83e\udd70\" width=\"16\" height=\"16\" \/><\/span><\/p>\n<p>&nbsp;<\/p>\n<\/div>\n<div dir=\"auto\">\n<p><span class=\"pq6dq46d tbxw36s4 knj5qynh kvgmc6g5 ditlmg2l oygrvhab nvdbi5me sf5mxxl7 gl3lb2sf hhz5lgdu\"><img loading=\"lazy\" decoding=\"async\" src=\"https:\/\/static.xx.fbcdn.net\/images\/emoji.php\/v9\/t46\/1.5\/16\/1f4ab.png\" alt=\"\ud83d\udcab\" width=\"16\" height=\"16\" \/> <\/span>Pe l\u00e2ng\u0103 uleiurile vegetale, am ad\u0103ugat: lapte de capr\u0103, ulei de g\u0103lbenele \u0219i miere.\u00a0 <span class=\"pq6dq46d tbxw36s4 knj5qynh kvgmc6g5 ditlmg2l oygrvhab nvdbi5me sf5mxxl7 gl3lb2sf hhz5lgdu\"><img loading=\"lazy\" decoding=\"async\" src=\"https:\/\/static.xx.fbcdn.net\/images\/emoji.php\/v9\/t46\/1.5\/16\/1f4ab.png\" alt=\"\ud83d\udcab\" width=\"16\" height=\"16\" \/><\/span><\/p>\n<p>&nbsp;<\/p>\n<\/div>\n<div dir=\"auto\">\n<p>Mineralele din laptele de capr\u0103 sunt acelea\u0219i cu cele g\u0103site \u00een stratul protector al pielii, a\u0219a c\u0103 aceste s\u0103punuri sunt potrivite \u0219i pentru utilizarea zilnic\u0103 \u0219i nu usuc\u0103 pielea.<span class=\"pq6dq46d tbxw36s4 knj5qynh kvgmc6g5 ditlmg2l oygrvhab nvdbi5me sf5mxxl7 gl3lb2sf hhz5lgdu\"><img loading=\"lazy\" decoding=\"async\" src=\"https:\/\/static.xx.fbcdn.net\/images\/emoji.php\/v9\/tf3\/1.5\/16\/2764.png\" alt=\"\u2764\ufe0f\" width=\"16\" height=\"16\" \/><\/span><\/p>\n<p>&nbsp;<\/p>\n<\/div>\n<div dir=\"auto\">\n<p>Puterile de vindecare ale g\u0103lbenelelor sunt legendare, fiind folosite de secole pentru a vindeca r\u0103nile, a reduce inflama\u021biile, a trata arsurile solare \u0219i nenum\u0103rate probleme ale pielii.<\/p>\n<\/div>\n<div dir=\"auto\">\n<p>La final, s-a ad\u0103ugat pu\u021bin\u0103 miere, care este un medicament minune antibacterian, hidratant \u0219i anti-\u00eemb\u0103tr\u00e2nire. <span class=\"pq6dq46d tbxw36s4 knj5qynh kvgmc6g5 ditlmg2l oygrvhab nvdbi5me sf5mxxl7 gl3lb2sf hhz5lgdu\"><img loading=\"lazy\" decoding=\"async\" class=\"\" src=\"https:\/\/static.xx.fbcdn.net\/images\/emoji.php\/v9\/t7b\/1.5\/16\/2728.png\" alt=\"\u2728\" width=\"16\" height=\"16\" \/><\/span><\/p>\n<p>&nbsp;<\/p>\n<\/div>\n<div dir=\"auto\">\n<p>Excelent \u0219i pentru copiii cu v\u00e2rsta peste 3 ani <span class=\"pq6dq46d tbxw36s4 knj5qynh kvgmc6g5 ditlmg2l oygrvhab nvdbi5me sf5mxxl7 gl3lb2sf hhz5lgdu\"><img loading=\"lazy\" decoding=\"async\" src=\"https:\/\/static.xx.fbcdn.net\/images\/emoji.php\/v9\/ta5\/1.5\/16\/1f642.png\" alt=\"\ud83d\ude42\" width=\"16\" height=\"16\" \/><\/span><\/p>\n<p>&nbsp;<\/p>\n<\/div>\n<div dir=\"auto\"><strong>Ingrediente:<\/strong> ulei de cocos \u0219amponificat, ulei de soia, ulei de g\u0103lbenele, ulei de rapi\u021b\u0103, lapte de capr\u0103, miere, ulei parfumat.<\/div>\n<div dir=\"auto\"><strong>e<\/strong> 100 g (\u00b1 10 g)<\/div>","protected":false},"excerpt":{"rendered":"<p>Acest s\u0103pun con\u021bine multe minerale, vitamine (de exemplu, A, D, B2, B12) \u0219i oligoelemente. Excelent \u0219i pentru copiii cu v\u00e2rsta peste 3 ani.<\/p>","protected":false},"featured_media":693,"comment_status":"open","ping_status":"closed","template":"","meta":[],"product_brand":[],"product_cat":[45,27],"product_tag":[],"class_list":{"0":"post-692","1":"product","2":"type-product","3":"status-publish","4":"has-post-thumbnail","6":"product_cat-osszes","7":"product_cat-higienia","9":"first","10":"instock","11":"shipping-taxable","12":"purchasable","13":"product-type-simple"},"yoast_head":"<!-- This site is optimized with the Yoast SEO plugin v27.4 - https:\/\/yoast.com\/product\/yoast-seo-wordpress\/ -->\n<title>K\u00f6r\u00f6mvir\u00e1gos-m\u00e9zes-kecsketejes szappan - Binaturalproducts<\/title>\n<meta name=\"description\" content=\"Ez a szappan rengeteg \u00e1sv\u00e1nyi anyagot, vitamint (pl. A-, D-, B2-, B12), nyomelemet tartalmaz. Gyerekek sz\u00e1m\u00e1ra is kiv\u00e1l\u00f3 3 \u00e9ves kor felett\" \/>\n<meta name=\"robots\" content=\"index, follow, max-snippet:-1, max-image-preview:large, max-video-preview:-1\" \/>\n<link rel=\"canonical\" href=\"https:\/\/binaturalproducts.com\/ro\/produs\/sapun-de-galbenele-miere-lapte-de-capra\/\" \/>\n<meta property=\"og:locale\" content=\"ro_RO\" \/>\n<meta property=\"og:type\" content=\"article\" \/>\n<meta property=\"og:title\" content=\"K\u00f6r\u00f6mvir\u00e1gos-m\u00e9zes-kecsketejes szappan - Binaturalproducts\" \/>\n<meta property=\"og:description\" content=\"Ez a szappan rengeteg \u00e1sv\u00e1nyi anyagot, vitamint (pl. A-, D-, B2-, B12), nyomelemet tartalmaz. Gyerekek sz\u00e1m\u00e1ra is kiv\u00e1l\u00f3 3 \u00e9ves kor felett\" \/>\n<meta property=\"og:url\" content=\"https:\/\/binaturalproducts.com\/ro\/produs\/sapun-de-galbenele-miere-lapte-de-capra\/\" \/>\n<meta property=\"og:site_name\" content=\"Binaturalproducts\" \/>\n<meta property=\"article:modified_time\" content=\"2025-10-26T17:12:44+00:00\" \/>\n<meta property=\"og:image\" content=\"https:\/\/binaturalproducts.com\/wp-content\/uploads\/2022\/05\/280750244_5398057800232290_5596509133122934810_n.jpg\" \/>\n\t<meta property=\"og:image:width\" content=\"1532\" \/>\n\t<meta property=\"og:image:height\" content=\"2048\" \/>\n\t<meta property=\"og:image:type\" content=\"image\/jpeg\" \/>\n<meta name=\"twitter:card\" content=\"summary_large_image\" \/>\n<meta name=\"twitter:label1\" content=\"Timp estimat pentru citire\" \/>\n\t<meta name=\"twitter:data1\" content=\"2 minute\" \/>\n<script type=\"application\/ld+json\" class=\"yoast-schema-graph\">{\"@context\":\"https:\\\/\\\/schema.org\",\"@graph\":[{\"@type\":\"WebPage\",\"@id\":\"https:\\\/\\\/binaturalproducts.com\\\/termek\\\/koromviragos-mezes-kecsketejes-szappan\\\/\",\"url\":\"https:\\\/\\\/binaturalproducts.com\\\/termek\\\/koromviragos-mezes-kecsketejes-szappan\\\/\",\"name\":\"K\u00f6r\u00f6mvir\u00e1gos-m\u00e9zes-kecsketejes szappan - Binaturalproducts\",\"isPartOf\":{\"@id\":\"https:\\\/\\\/binaturalproducts.com\\\/#website\"},\"primaryImageOfPage\":{\"@id\":\"https:\\\/\\\/binaturalproducts.com\\\/termek\\\/koromviragos-mezes-kecsketejes-szappan\\\/#primaryimage\"},\"image\":{\"@id\":\"https:\\\/\\\/binaturalproducts.com\\\/termek\\\/koromviragos-mezes-kecsketejes-szappan\\\/#primaryimage\"},\"thumbnailUrl\":\"https:\\\/\\\/binaturalproducts.com\\\/wp-content\\\/uploads\\\/2022\\\/05\\\/280750244_5398057800232290_5596509133122934810_n.jpg\",\"datePublished\":\"2022-05-27T17:41:39+00:00\",\"dateModified\":\"2025-10-26T17:12:44+00:00\",\"description\":\"Ez a szappan rengeteg \u00e1sv\u00e1nyi anyagot, vitamint (pl. A-, D-, B2-, B12), nyomelemet tartalmaz. Gyerekek sz\u00e1m\u00e1ra is kiv\u00e1l\u00f3 3 \u00e9ves kor felett\",\"breadcrumb\":{\"@id\":\"https:\\\/\\\/binaturalproducts.com\\\/termek\\\/koromviragos-mezes-kecsketejes-szappan\\\/#breadcrumb\"},\"inLanguage\":\"ro-RO\",\"potentialAction\":[{\"@type\":\"ReadAction\",\"target\":[\"https:\\\/\\\/binaturalproducts.com\\\/termek\\\/koromviragos-mezes-kecsketejes-szappan\\\/\"]}]},{\"@type\":\"ImageObject\",\"inLanguage\":\"ro-RO\",\"@id\":\"https:\\\/\\\/binaturalproducts.com\\\/termek\\\/koromviragos-mezes-kecsketejes-szappan\\\/#primaryimage\",\"url\":\"https:\\\/\\\/binaturalproducts.com\\\/wp-content\\\/uploads\\\/2022\\\/05\\\/280750244_5398057800232290_5596509133122934810_n.jpg\",\"contentUrl\":\"https:\\\/\\\/binaturalproducts.com\\\/wp-content\\\/uploads\\\/2022\\\/05\\\/280750244_5398057800232290_5596509133122934810_n.jpg\",\"width\":1532,\"height\":2048,\"caption\":\"Binatural Products - K\u00f6r\u00f6mvir\u00e1gos-m\u00e9zes-kecsketejes szappan\"},{\"@type\":\"BreadcrumbList\",\"@id\":\"https:\\\/\\\/binaturalproducts.com\\\/termek\\\/koromviragos-mezes-kecsketejes-szappan\\\/#breadcrumb\",\"itemListElement\":[{\"@type\":\"ListItem\",\"position\":1,\"name\":\"Kezd\u0151lap\",\"item\":\"https:\\\/\\\/binaturalproducts.com\\\/\"},{\"@type\":\"ListItem\",\"position\":2,\"name\":\"\u00dczlet\",\"item\":\"https:\\\/\\\/binaturalproducts.com\\\/uzlet\\\/\"},{\"@type\":\"ListItem\",\"position\":3,\"name\":\"K\u00f6r\u00f6mvir\u00e1gos-m\u00e9zes-kecsketejes szappan\"}]},{\"@type\":\"WebSite\",\"@id\":\"https:\\\/\\\/binaturalproducts.com\\\/#website\",\"url\":\"https:\\\/\\\/binaturalproducts.com\\\/\",\"name\":\"Binaturalproducts\",\"description\":\"Nat\u00far term\u00e9kek Erd\u00e9ly sz\u00edv\u00e9b\u0151l\",\"potentialAction\":[{\"@type\":\"SearchAction\",\"target\":{\"@type\":\"EntryPoint\",\"urlTemplate\":\"https:\\\/\\\/binaturalproducts.com\\\/?s={search_term_string}\"},\"query-input\":{\"@type\":\"PropertyValueSpecification\",\"valueRequired\":true,\"valueName\":\"search_term_string\"}}],\"inLanguage\":\"ro-RO\"}]}<\/script>\n<!-- \/ Yoast SEO plugin. -->","yoast_head_json":{"title":"S\u0103pun de g\u0103lbenele-miere-lapte de capr\u0103 - Binaturalproducts","description":"Acest s\u0103pun con\u021bine multe minerale, vitamine (de exemplu, A, D, B2, B12) \u0219i oligoelemente. Excelent \u0219i pentru copiii cu v\u00e2rsta peste 3 ani.","robots":{"index":"index","follow":"follow","max-snippet":"max-snippet:-1","max-image-preview":"max-image-preview:large","max-video-preview":"max-video-preview:-1"},"canonical":"https:\/\/binaturalproducts.com\/ro\/produs\/sapun-de-galbenele-miere-lapte-de-capra\/","og_locale":"ro_RO","og_type":"article","og_title":"K\u00f6r\u00f6mvir\u00e1gos-m\u00e9zes-kecsketejes szappan - Binaturalproducts","og_description":"Ez a szappan rengeteg \u00e1sv\u00e1nyi anyagot, vitamint (pl. A-, D-, B2-, B12), nyomelemet tartalmaz. Gyerekek sz\u00e1m\u00e1ra is kiv\u00e1l\u00f3 3 \u00e9ves kor felett","og_url":"https:\/\/binaturalproducts.com\/ro\/produs\/sapun-de-galbenele-miere-lapte-de-capra\/","og_site_name":"Binaturalproducts","article_modified_time":"2025-10-26T17:12:44+00:00","og_image":[{"width":1532,"height":2048,"url":"https:\/\/binaturalproducts.com\/wp-content\/uploads\/2022\/05\/280750244_5398057800232290_5596509133122934810_n.jpg","type":"image\/jpeg"}],"twitter_card":"summary_large_image","twitter_misc":{"Timp estimat pentru citire":"2 minute"},"schema":{"@context":"https:\/\/schema.org","@graph":[{"@type":"WebPage","@id":"https:\/\/binaturalproducts.com\/termek\/koromviragos-mezes-kecsketejes-szappan\/","url":"https:\/\/binaturalproducts.com\/termek\/koromviragos-mezes-kecsketejes-szappan\/","name":"S\u0103pun de g\u0103lbenele-miere-lapte de capr\u0103 - Binaturalproducts","isPartOf":{"@id":"https:\/\/binaturalproducts.com\/#website"},"primaryImageOfPage":{"@id":"https:\/\/binaturalproducts.com\/termek\/koromviragos-mezes-kecsketejes-szappan\/#primaryimage"},"image":{"@id":"https:\/\/binaturalproducts.com\/termek\/koromviragos-mezes-kecsketejes-szappan\/#primaryimage"},"thumbnailUrl":"https:\/\/binaturalproducts.com\/wp-content\/uploads\/2022\/05\/280750244_5398057800232290_5596509133122934810_n.jpg","datePublished":"2022-05-27T17:41:39+00:00","dateModified":"2025-10-26T17:12:44+00:00","description":"Acest s\u0103pun con\u021bine multe minerale, vitamine (de exemplu, A, D, B2, B12) \u0219i oligoelemente. Excelent \u0219i pentru copiii cu v\u00e2rsta peste 3 ani.","breadcrumb":{"@id":"https:\/\/binaturalproducts.com\/termek\/koromviragos-mezes-kecsketejes-szappan\/#breadcrumb"},"inLanguage":"ro-RO","potentialAction":[{"@type":"ReadAction","target":["https:\/\/binaturalproducts.com\/termek\/koromviragos-mezes-kecsketejes-szappan\/"]}]},{"@type":"ImageObject","inLanguage":"ro-RO","@id":"https:\/\/binaturalproducts.com\/termek\/koromviragos-mezes-kecsketejes-szappan\/#primaryimage","url":"https:\/\/binaturalproducts.com\/wp-content\/uploads\/2022\/05\/280750244_5398057800232290_5596509133122934810_n.jpg","contentUrl":"https:\/\/binaturalproducts.com\/wp-content\/uploads\/2022\/05\/280750244_5398057800232290_5596509133122934810_n.jpg","width":1532,"height":2048,"caption":"Binatural Products - K\u00f6r\u00f6mvir\u00e1gos-m\u00e9zes-kecsketejes szappan"},{"@type":"BreadcrumbList","@id":"https:\/\/binaturalproducts.com\/termek\/koromviragos-mezes-kecsketejes-szappan\/#breadcrumb","itemListElement":[{"@type":"ListItem","position":1,"name":"Kezd\u0151lap","item":"https:\/\/binaturalproducts.com\/"},{"@type":"ListItem","position":2,"name":"\u00dczlet","item":"https:\/\/binaturalproducts.com\/uzlet\/"},{"@type":"ListItem","position":3,"name":"K\u00f6r\u00f6mvir\u00e1gos-m\u00e9zes-kecsketejes szappan"}]},{"@type":"WebSite","@id":"https:\/\/binaturalproducts.com\/#website","url":"https:\/\/binaturalproducts.com\/","name":"Binaturalproducts","description":"PRODUSE NATURALE DIN INIMA TRANSILVANIEI","potentialAction":[{"@type":"SearchAction","target":{"@type":"EntryPoint","urlTemplate":"https:\/\/binaturalproducts.com\/?s={search_term_string}"},"query-input":{"@type":"PropertyValueSpecification","valueRequired":true,"valueName":"search_term_string"}}],"inLanguage":"ro-RO"}]}},"_links":{"self":[{"href":"https:\/\/binaturalproducts.com\/ro\/wp-json\/wp\/v2\/product\/692","targetHints":{"allow":["GET"]}}],"collection":[{"href":"https:\/\/binaturalproducts.com\/ro\/wp-json\/wp\/v2\/product"}],"about":[{"href":"https:\/\/binaturalproducts.com\/ro\/wp-json\/wp\/v2\/types\/product"}],"replies":[{"embeddable":true,"href":"https:\/\/binaturalproducts.com\/ro\/wp-json\/wp\/v2\/comments?post=692"}],"wp:featuredmedia":[{"embeddable":true,"href":"https:\/\/binaturalproducts.com\/ro\/wp-json\/wp\/v2\/media\/693"}],"wp:attachment":[{"href":"https:\/\/binaturalproducts.com\/ro\/wp-json\/wp\/v2\/media?parent=692"}],"wp:term":[{"taxonomy":"product_brand","embeddable":true,"href":"https:\/\/binaturalproducts.com\/ro\/wp-json\/wp\/v2\/product_brand?post=692"},{"taxonomy":"product_cat","embeddable":true,"href":"https:\/\/binaturalproducts.com\/ro\/wp-json\/wp\/v2\/product_cat?post=692"},{"taxonomy":"product_tag","embeddable":true,"href":"https:\/\/binaturalproducts.com\/ro\/wp-json\/wp\/v2\/product_tag?post=692"}],"curies":[{"name":"wp","href":"https:\/\/api.w.org\/{rel}","templated":true}]}}