{"id":6873,"date":"2026-03-30T14:05:22","date_gmt":"2026-03-30T12:05:22","guid":{"rendered":"https:\/\/binaturalproducts.com\/?post_type=product&#038;p=6873"},"modified":"2026-03-30T14:05:22","modified_gmt":"2026-03-30T12:05:22","slug":"pha-hamlaszto-arctisztito-gel-ricinus-gyongyokkel-es-zold-tea-kivonattal","status":"publish","type":"product","link":"https:\/\/binaturalproducts.com\/ro\/produs\/pha-hamlaszto-arctisztito-gel-ricinus-gyongyokkel-es-zold-tea-kivonattal\/","title":{"rendered":"PHA acid exfoliating gel"},"content":{"rendered":"<p>&nbsp;<\/p>\n<p>Gelul exfoliant cu PHA pentru cur\u0103\u021barea tenului ajut\u0103 la cur\u0103\u021barea \u0219i re\u00eennoirea delicat\u0103, dar eficient\u0103 a pielii. Gluconolactona (PHA) contribuie la \u00eendep\u0103rtarea bl\u00e2nd\u0103 a celulelor moarte, sus\u021bin\u00e2nd \u00een acela\u0219i timp procesele naturale ale pielii, fiind potrivit\u0103 \u0219i pentru pielea sensibil\u0103.<\/p>\n<p>Perlele de ricin ofer\u0103 o exfoliere mecanic\u0103 fin\u0103, ajut\u00e2nd la cur\u0103\u021barea porilor \u0219i la ob\u021binerea unei pieli mai netede. Extractul de ceai verde \u0219i extractul antioxidant de salvie contribuie la protejarea pielii \u00eempotriva factorilor externi. Extractul CO2 de oregano \u0219i uleiul esen\u021bial de melisa ofer\u0103 o senza\u021bie de prospe\u021bime \u0219i cur\u0103\u021bare.<\/p>\n<p>Glicerina ajut\u0103 la men\u021binerea hidrat\u0103rii pielii, iar pulberea de spirulin\u0103 contribuie la \u00eengrijirea pielii cu nutrien\u021bi valoro\u0219i. Dup\u0103 utilizare, pielea r\u0103m\u00e2ne mai curat\u0103, mai proasp\u0103t\u0103 \u0219i mai echilibrat\u0103.<\/p>\n<p>Mod de utilizare: Aplica\u021bi o cantitate mic\u0103 pe pielea umed\u0103, masa\u021bi u\u0219or cu mi\u0219c\u0103ri circulare, apoi cl\u0103ti\u021bi bine cu ap\u0103 c\u0103ldu\u021b\u0103. Se recomand\u0103 utilizarea de 2-3 ori pe s\u0103pt\u0103m\u00e2n\u0103.<\/p>\n<p>e 50 ml<\/p>","protected":false},"excerpt":{"rendered":"<p>PHA acid exfoliating gel<\/p>","protected":false},"featured_media":6874,"comment_status":"open","ping_status":"closed","template":"","meta":[],"product_brand":[],"product_cat":[45,41],"product_tag":[],"class_list":{"0":"post-6873","1":"product","2":"type-product","3":"status-publish","4":"has-post-thumbnail","6":"product_cat-osszes","7":"product_cat-arcapolas","9":"first","10":"instock","11":"shipping-taxable","12":"purchasable","13":"product-type-simple"},"yoast_head":"<!-- This site is optimized with the Yoast SEO plugin v27.4 - https:\/\/yoast.com\/product\/yoast-seo-wordpress\/ -->\n<title>PHA h\u00e1mlaszt\u00f3 arctiszt\u00edt\u00f3 g\u00e9l ricinus gy\u00f6ngy\u00f6kkel \u00e9s z\u00f6ld tea kivonattal - Binaturalproducts<\/title>\n<meta name=\"robots\" content=\"index, follow, max-snippet:-1, max-image-preview:large, max-video-preview:-1\" \/>\n<link rel=\"canonical\" href=\"https:\/\/binaturalproducts.com\/ro\/produs\/pha-hamlaszto-arctisztito-gel-ricinus-gyongyokkel-es-zold-tea-kivonattal\/\" \/>\n<meta property=\"og:locale\" content=\"ro_RO\" \/>\n<meta property=\"og:type\" content=\"article\" \/>\n<meta property=\"og:title\" content=\"PHA h\u00e1mlaszt\u00f3 arctiszt\u00edt\u00f3 g\u00e9l ricinus gy\u00f6ngy\u00f6kkel \u00e9s z\u00f6ld tea kivonattal - Binaturalproducts\" \/>\n<meta property=\"og:description\" content=\"PHA h\u00e1mlaszt\u00f3 arctiszt\u00edt\u00f3 g\u00e9l ricinus gy\u00f6ngy\u00f6kkel \u00e9s z\u00f6ld tea kivonattal\" \/>\n<meta property=\"og:url\" content=\"https:\/\/binaturalproducts.com\/ro\/produs\/pha-hamlaszto-arctisztito-gel-ricinus-gyongyokkel-es-zold-tea-kivonattal\/\" \/>\n<meta property=\"og:site_name\" content=\"Binaturalproducts\" \/>\n<meta property=\"og:image\" content=\"https:\/\/binaturalproducts.com\/wp-content\/uploads\/2026\/03\/488273646_1419924815650475_7876071861923466766_n.jpg\" \/>\n\t<meta property=\"og:image:width\" content=\"2011\" \/>\n\t<meta property=\"og:image:height\" content=\"2048\" \/>\n\t<meta property=\"og:image:type\" content=\"image\/jpeg\" \/>\n<meta name=\"twitter:card\" content=\"summary_large_image\" \/>\n<meta name=\"twitter:label1\" content=\"Timp estimat pentru citire\" \/>\n\t<meta name=\"twitter:data1\" content=\"1 minut\" \/>\n<script type=\"application\/ld+json\" class=\"yoast-schema-graph\">{\"@context\":\"https:\\\/\\\/schema.org\",\"@graph\":[{\"@type\":\"WebPage\",\"@id\":\"https:\\\/\\\/binaturalproducts.com\\\/termek\\\/pha-hamlaszto-arctisztito-gel-ricinus-gyongyokkel-es-zold-tea-kivonattal\\\/\",\"url\":\"https:\\\/\\\/binaturalproducts.com\\\/termek\\\/pha-hamlaszto-arctisztito-gel-ricinus-gyongyokkel-es-zold-tea-kivonattal\\\/\",\"name\":\"PHA h\u00e1mlaszt\u00f3 arctiszt\u00edt\u00f3 g\u00e9l ricinus gy\u00f6ngy\u00f6kkel \u00e9s z\u00f6ld tea kivonattal - Binaturalproducts\",\"isPartOf\":{\"@id\":\"https:\\\/\\\/binaturalproducts.com\\\/#website\"},\"primaryImageOfPage\":{\"@id\":\"https:\\\/\\\/binaturalproducts.com\\\/termek\\\/pha-hamlaszto-arctisztito-gel-ricinus-gyongyokkel-es-zold-tea-kivonattal\\\/#primaryimage\"},\"image\":{\"@id\":\"https:\\\/\\\/binaturalproducts.com\\\/termek\\\/pha-hamlaszto-arctisztito-gel-ricinus-gyongyokkel-es-zold-tea-kivonattal\\\/#primaryimage\"},\"thumbnailUrl\":\"https:\\\/\\\/binaturalproducts.com\\\/wp-content\\\/uploads\\\/2026\\\/03\\\/488273646_1419924815650475_7876071861923466766_n.jpg\",\"datePublished\":\"2026-03-30T12:05:22+00:00\",\"breadcrumb\":{\"@id\":\"https:\\\/\\\/binaturalproducts.com\\\/termek\\\/pha-hamlaszto-arctisztito-gel-ricinus-gyongyokkel-es-zold-tea-kivonattal\\\/#breadcrumb\"},\"inLanguage\":\"ro-RO\",\"potentialAction\":[{\"@type\":\"ReadAction\",\"target\":[\"https:\\\/\\\/binaturalproducts.com\\\/termek\\\/pha-hamlaszto-arctisztito-gel-ricinus-gyongyokkel-es-zold-tea-kivonattal\\\/\"]}]},{\"@type\":\"ImageObject\",\"inLanguage\":\"ro-RO\",\"@id\":\"https:\\\/\\\/binaturalproducts.com\\\/termek\\\/pha-hamlaszto-arctisztito-gel-ricinus-gyongyokkel-es-zold-tea-kivonattal\\\/#primaryimage\",\"url\":\"https:\\\/\\\/binaturalproducts.com\\\/wp-content\\\/uploads\\\/2026\\\/03\\\/488273646_1419924815650475_7876071861923466766_n.jpg\",\"contentUrl\":\"https:\\\/\\\/binaturalproducts.com\\\/wp-content\\\/uploads\\\/2026\\\/03\\\/488273646_1419924815650475_7876071861923466766_n.jpg\",\"width\":2011,\"height\":2048},{\"@type\":\"BreadcrumbList\",\"@id\":\"https:\\\/\\\/binaturalproducts.com\\\/termek\\\/pha-hamlaszto-arctisztito-gel-ricinus-gyongyokkel-es-zold-tea-kivonattal\\\/#breadcrumb\",\"itemListElement\":[{\"@type\":\"ListItem\",\"position\":1,\"name\":\"Kezd\u0151lap\",\"item\":\"https:\\\/\\\/binaturalproducts.com\\\/\"},{\"@type\":\"ListItem\",\"position\":2,\"name\":\"\u00dczlet\",\"item\":\"https:\\\/\\\/binaturalproducts.com\\\/uzlet\\\/\"},{\"@type\":\"ListItem\",\"position\":3,\"name\":\"PHA h\u00e1mlaszt\u00f3 arctiszt\u00edt\u00f3 g\u00e9l ricinus gy\u00f6ngy\u00f6kkel \u00e9s z\u00f6ld tea kivonattal\"}]},{\"@type\":\"WebSite\",\"@id\":\"https:\\\/\\\/binaturalproducts.com\\\/#website\",\"url\":\"https:\\\/\\\/binaturalproducts.com\\\/\",\"name\":\"Binaturalproducts\",\"description\":\"Nat\u00far term\u00e9kek Erd\u00e9ly sz\u00edv\u00e9b\u0151l\",\"potentialAction\":[{\"@type\":\"SearchAction\",\"target\":{\"@type\":\"EntryPoint\",\"urlTemplate\":\"https:\\\/\\\/binaturalproducts.com\\\/?s={search_term_string}\"},\"query-input\":{\"@type\":\"PropertyValueSpecification\",\"valueRequired\":true,\"valueName\":\"search_term_string\"}}],\"inLanguage\":\"ro-RO\"}]}<\/script>\n<!-- \/ Yoast SEO plugin. -->","yoast_head_json":{"title":"PHA h\u00e1mlaszt\u00f3 arctiszt\u00edt\u00f3 g\u00e9l ricinus gy\u00f6ngy\u00f6kkel \u00e9s z\u00f6ld tea kivonattal - Binaturalproducts","robots":{"index":"index","follow":"follow","max-snippet":"max-snippet:-1","max-image-preview":"max-image-preview:large","max-video-preview":"max-video-preview:-1"},"canonical":"https:\/\/binaturalproducts.com\/ro\/produs\/pha-hamlaszto-arctisztito-gel-ricinus-gyongyokkel-es-zold-tea-kivonattal\/","og_locale":"ro_RO","og_type":"article","og_title":"PHA h\u00e1mlaszt\u00f3 arctiszt\u00edt\u00f3 g\u00e9l ricinus gy\u00f6ngy\u00f6kkel \u00e9s z\u00f6ld tea kivonattal - Binaturalproducts","og_description":"PHA h\u00e1mlaszt\u00f3 arctiszt\u00edt\u00f3 g\u00e9l ricinus gy\u00f6ngy\u00f6kkel \u00e9s z\u00f6ld tea kivonattal","og_url":"https:\/\/binaturalproducts.com\/ro\/produs\/pha-hamlaszto-arctisztito-gel-ricinus-gyongyokkel-es-zold-tea-kivonattal\/","og_site_name":"Binaturalproducts","og_image":[{"width":2011,"height":2048,"url":"https:\/\/binaturalproducts.com\/wp-content\/uploads\/2026\/03\/488273646_1419924815650475_7876071861923466766_n.jpg","type":"image\/jpeg"}],"twitter_card":"summary_large_image","twitter_misc":{"Timp estimat pentru citire":"1 minut"},"schema":{"@context":"https:\/\/schema.org","@graph":[{"@type":"WebPage","@id":"https:\/\/binaturalproducts.com\/termek\/pha-hamlaszto-arctisztito-gel-ricinus-gyongyokkel-es-zold-tea-kivonattal\/","url":"https:\/\/binaturalproducts.com\/termek\/pha-hamlaszto-arctisztito-gel-ricinus-gyongyokkel-es-zold-tea-kivonattal\/","name":"PHA h\u00e1mlaszt\u00f3 arctiszt\u00edt\u00f3 g\u00e9l ricinus gy\u00f6ngy\u00f6kkel \u00e9s z\u00f6ld tea kivonattal - Binaturalproducts","isPartOf":{"@id":"https:\/\/binaturalproducts.com\/#website"},"primaryImageOfPage":{"@id":"https:\/\/binaturalproducts.com\/termek\/pha-hamlaszto-arctisztito-gel-ricinus-gyongyokkel-es-zold-tea-kivonattal\/#primaryimage"},"image":{"@id":"https:\/\/binaturalproducts.com\/termek\/pha-hamlaszto-arctisztito-gel-ricinus-gyongyokkel-es-zold-tea-kivonattal\/#primaryimage"},"thumbnailUrl":"https:\/\/binaturalproducts.com\/wp-content\/uploads\/2026\/03\/488273646_1419924815650475_7876071861923466766_n.jpg","datePublished":"2026-03-30T12:05:22+00:00","breadcrumb":{"@id":"https:\/\/binaturalproducts.com\/termek\/pha-hamlaszto-arctisztito-gel-ricinus-gyongyokkel-es-zold-tea-kivonattal\/#breadcrumb"},"inLanguage":"ro-RO","potentialAction":[{"@type":"ReadAction","target":["https:\/\/binaturalproducts.com\/termek\/pha-hamlaszto-arctisztito-gel-ricinus-gyongyokkel-es-zold-tea-kivonattal\/"]}]},{"@type":"ImageObject","inLanguage":"ro-RO","@id":"https:\/\/binaturalproducts.com\/termek\/pha-hamlaszto-arctisztito-gel-ricinus-gyongyokkel-es-zold-tea-kivonattal\/#primaryimage","url":"https:\/\/binaturalproducts.com\/wp-content\/uploads\/2026\/03\/488273646_1419924815650475_7876071861923466766_n.jpg","contentUrl":"https:\/\/binaturalproducts.com\/wp-content\/uploads\/2026\/03\/488273646_1419924815650475_7876071861923466766_n.jpg","width":2011,"height":2048},{"@type":"BreadcrumbList","@id":"https:\/\/binaturalproducts.com\/termek\/pha-hamlaszto-arctisztito-gel-ricinus-gyongyokkel-es-zold-tea-kivonattal\/#breadcrumb","itemListElement":[{"@type":"ListItem","position":1,"name":"Kezd\u0151lap","item":"https:\/\/binaturalproducts.com\/"},{"@type":"ListItem","position":2,"name":"\u00dczlet","item":"https:\/\/binaturalproducts.com\/uzlet\/"},{"@type":"ListItem","position":3,"name":"PHA h\u00e1mlaszt\u00f3 arctiszt\u00edt\u00f3 g\u00e9l ricinus gy\u00f6ngy\u00f6kkel \u00e9s z\u00f6ld tea kivonattal"}]},{"@type":"WebSite","@id":"https:\/\/binaturalproducts.com\/#website","url":"https:\/\/binaturalproducts.com\/","name":"Binaturalproducts","description":"PRODUSE NATURALE DIN INIMA TRANSILVANIEI","potentialAction":[{"@type":"SearchAction","target":{"@type":"EntryPoint","urlTemplate":"https:\/\/binaturalproducts.com\/?s={search_term_string}"},"query-input":{"@type":"PropertyValueSpecification","valueRequired":true,"valueName":"search_term_string"}}],"inLanguage":"ro-RO"}]}},"_links":{"self":[{"href":"https:\/\/binaturalproducts.com\/ro\/wp-json\/wp\/v2\/product\/6873","targetHints":{"allow":["GET"]}}],"collection":[{"href":"https:\/\/binaturalproducts.com\/ro\/wp-json\/wp\/v2\/product"}],"about":[{"href":"https:\/\/binaturalproducts.com\/ro\/wp-json\/wp\/v2\/types\/product"}],"replies":[{"embeddable":true,"href":"https:\/\/binaturalproducts.com\/ro\/wp-json\/wp\/v2\/comments?post=6873"}],"wp:featuredmedia":[{"embeddable":true,"href":"https:\/\/binaturalproducts.com\/ro\/wp-json\/wp\/v2\/media\/6874"}],"wp:attachment":[{"href":"https:\/\/binaturalproducts.com\/ro\/wp-json\/wp\/v2\/media?parent=6873"}],"wp:term":[{"taxonomy":"product_brand","embeddable":true,"href":"https:\/\/binaturalproducts.com\/ro\/wp-json\/wp\/v2\/product_brand?post=6873"},{"taxonomy":"product_cat","embeddable":true,"href":"https:\/\/binaturalproducts.com\/ro\/wp-json\/wp\/v2\/product_cat?post=6873"},{"taxonomy":"product_tag","embeddable":true,"href":"https:\/\/binaturalproducts.com\/ro\/wp-json\/wp\/v2\/product_tag?post=6873"}],"curies":[{"name":"wp","href":"https:\/\/api.w.org\/{rel}","templated":true}]}}