{"id":638,"date":"2022-04-12T20:49:49","date_gmt":"2022-04-12T18:49:49","guid":{"rendered":"https:\/\/binaturalproducts.com\/?post_type=product&#038;p=638"},"modified":"2025-09-02T10:37:36","modified_gmt":"2025-09-02T08:37:36","slug":"ser-natural-pentru-ingrijirea-ochilor","status":"publish","type":"product","link":"https:\/\/binaturalproducts.com\/ro\/produs\/ser-natural-pentru-ingrijirea-ochilor\/","title":{"rendered":"Ser natural pentru \u00eengrijirea ochilor"},"content":{"rendered":"<div class=\"cxmmr5t8 oygrvhab hcukyx3x c1et5uql o9v6fnle ii04i59q\">\n<div dir=\"auto\">\n<p>Un ser antirid bogat \u00een ingrediente active, care are efect antioxidant \u0219i hidratant.<span class=\"pq6dq46d tbxw36s4 knj5qynh kvgmc6g5 ditlmg2l oygrvhab nvdbi5me sf5mxxl7 gl3lb2sf hhz5lgdu\"><img loading=\"lazy\" decoding=\"async\" src=\"https:\/\/static.xx.fbcdn.net\/images\/emoji.php\/v9\/t4\/1\/16\/1f60f.png\" alt=\"\ud83d\ude0f\" width=\"16\" height=\"16\" \/><\/span><span class=\"pq6dq46d tbxw36s4 knj5qynh kvgmc6g5 ditlmg2l oygrvhab nvdbi5me sf5mxxl7 gl3lb2sf hhz5lgdu\"><img loading=\"lazy\" decoding=\"async\" src=\"https:\/\/static.xx.fbcdn.net\/images\/emoji.php\/v9\/t57\/1\/16\/1f609.png\" alt=\"\ud83d\ude09\" width=\"16\" height=\"16\" \/><\/span><\/p>\n<\/div>\n<\/div>\n<div class=\"cxmmr5t8 oygrvhab hcukyx3x c1et5uql o9v6fnle ii04i59q\">\n<div dir=\"auto\">\n<p><strong>Ingrediente principale:<\/strong> apa de flori de portocal <span class=\"pq6dq46d tbxw36s4 knj5qynh kvgmc6g5 ditlmg2l oygrvhab nvdbi5me sf5mxxl7 gl3lb2sf hhz5lgdu\"><img loading=\"lazy\" decoding=\"async\" src=\"https:\/\/static.xx.fbcdn.net\/images\/emoji.php\/v9\/t38\/1\/16\/1f34a.png\" alt=\"\ud83c\udf4a Ulei esen\u021bial de portocal\u0103 dulce\" width=\"16\" height=\"16\" \/><\/span>, extract de acmella<span class=\"pq6dq46d tbxw36s4 knj5qynh kvgmc6g5 ditlmg2l oygrvhab nvdbi5me sf5mxxl7 gl3lb2sf hhz5lgdu\"><img loading=\"lazy\" decoding=\"async\" src=\"https:\/\/static.xx.fbcdn.net\/images\/emoji.php\/v9\/t99\/1\/16\/1f33a.png\" alt=\"\ud83c\udf3a\" width=\"16\" height=\"16\" \/><\/span> coenzima Q10, acid hialuronic, colagen, vitamina E.<\/p>\n<p><em>La ce este bun acidul hialuronic?<\/em><\/p>\n<\/div>\n<\/div>\n<div class=\"cxmmr5t8 oygrvhab hcukyx3x c1et5uql o9v6fnle ii04i59q\">\n<div dir=\"auto\"><span class=\"pq6dq46d tbxw36s4 knj5qynh kvgmc6g5 ditlmg2l oygrvhab nvdbi5me sf5mxxl7 gl3lb2sf hhz5lgdu\"><img loading=\"lazy\" decoding=\"async\" src=\"https:\/\/static.xx.fbcdn.net\/images\/emoji.php\/v9\/t9e\/1\/16\/27a1.png\" alt=\"\u27a1\ufe0f\" width=\"16\" height=\"16\" \/> <\/span>Hidrateaz\u0103 intens pielea<\/div>\n<div dir=\"auto\"><span class=\"pq6dq46d tbxw36s4 knj5qynh kvgmc6g5 ditlmg2l oygrvhab nvdbi5me sf5mxxl7 gl3lb2sf hhz5lgdu\"><img loading=\"lazy\" decoding=\"async\" src=\"https:\/\/static.xx.fbcdn.net\/images\/emoji.php\/v9\/t9e\/1\/16\/27a1.png\" alt=\"\u27a1\ufe0f\" width=\"16\" height=\"16\" \/> <\/span>Cre\u0219te capacitatea pielii de a re\u021bine umiditatea - aproximativ din propria greutate. se poate lega de o mie de ori mai mult \u00een ap\u0103<\/div>\n<div dir=\"auto\"><span class=\"pq6dq46d tbxw36s4 knj5qynh kvgmc6g5 ditlmg2l oygrvhab nvdbi5me sf5mxxl7 gl3lb2sf hhz5lgdu\"><img loading=\"lazy\" decoding=\"async\" src=\"https:\/\/static.xx.fbcdn.net\/images\/emoji.php\/v9\/t9e\/1\/16\/27a1.png\" alt=\"\u27a1\ufe0f\" width=\"16\" height=\"16\" \/> <\/span>Ajut\u0103 la redob\u00e2ndirea elasticit\u0103\u021bii pielii<\/div>\n<div dir=\"auto\"><span class=\"pq6dq46d tbxw36s4 knj5qynh kvgmc6g5 ditlmg2l oygrvhab nvdbi5me sf5mxxl7 gl3lb2sf hhz5lgdu\"><img loading=\"lazy\" decoding=\"async\" src=\"https:\/\/static.xx.fbcdn.net\/images\/emoji.php\/v9\/t9e\/1\/16\/27a1.png\" alt=\"\u27a1\ufe0f\" width=\"16\" height=\"16\" \/> <\/span>Regenereaz\u0103<\/div>\n<div dir=\"auto\"><span class=\"pq6dq46d tbxw36s4 knj5qynh kvgmc6g5 ditlmg2l oygrvhab nvdbi5me sf5mxxl7 gl3lb2sf hhz5lgdu\"><img loading=\"lazy\" decoding=\"async\" src=\"https:\/\/static.xx.fbcdn.net\/images\/emoji.php\/v9\/t9e\/1\/16\/27a1.png\" alt=\"\u27a1\ufe0f\" width=\"16\" height=\"16\" \/> <\/span>Ajut\u0103 la vindecarea t\u0103ieturilor, zg\u00e2rieturilor \u0219i arsurilor<\/div>\n<div dir=\"auto\"><span class=\"pq6dq46d tbxw36s4 knj5qynh kvgmc6g5 ditlmg2l oygrvhab nvdbi5me sf5mxxl7 gl3lb2sf hhz5lgdu\"><img loading=\"lazy\" decoding=\"async\" src=\"https:\/\/static.xx.fbcdn.net\/images\/emoji.php\/v9\/t9e\/1\/16\/27a1.png\" alt=\"\u27a1\ufe0f\" width=\"16\" height=\"16\" \/> <\/span>\u00cent\u0103re\u0219te stratul protector al pielii<\/div>\n<div dir=\"auto\"><span class=\"pq6dq46d tbxw36s4 knj5qynh kvgmc6g5 ditlmg2l oygrvhab nvdbi5me sf5mxxl7 gl3lb2sf hhz5lgdu\"><img loading=\"lazy\" decoding=\"async\" src=\"https:\/\/static.xx.fbcdn.net\/images\/emoji.php\/v9\/t9e\/1\/16\/27a1.png\" alt=\"\u27a1\ufe0f\" width=\"16\" height=\"16\" \/> <\/span>Reduce aspectul ridurilor<\/div>\n<div dir=\"auto\"><\/div>\n<\/div>\n<div class=\"cxmmr5t8 oygrvhab hcukyx3x c1et5uql o9v6fnle ii04i59q\">\n<div dir=\"auto\">\n<p><em>Propriet\u0103\u021bile coenzimei Q10:<\/em><\/p>\n<\/div>\n<\/div>\n<div class=\"cxmmr5t8 oygrvhab hcukyx3x c1et5uql o9v6fnle ii04i59q\">\n<div dir=\"auto\"><span class=\"pq6dq46d tbxw36s4 knj5qynh kvgmc6g5 ditlmg2l oygrvhab nvdbi5me sf5mxxl7 gl3lb2sf hhz5lgdu\"><img loading=\"lazy\" decoding=\"async\" src=\"https:\/\/static.xx.fbcdn.net\/images\/emoji.php\/v9\/t9e\/1\/16\/27a1.png\" alt=\"\u27a1\ufe0f\" width=\"16\" height=\"16\" \/> <\/span>antioxidant puternic, suprim\u0103 procesele oxidative ale pielii<\/div>\n<div dir=\"auto\"><span class=\"pq6dq46d tbxw36s4 knj5qynh kvgmc6g5 ditlmg2l oygrvhab nvdbi5me sf5mxxl7 gl3lb2sf hhz5lgdu\"><img loading=\"lazy\" decoding=\"async\" src=\"https:\/\/static.xx.fbcdn.net\/images\/emoji.php\/v9\/t9e\/1\/16\/27a1.png\" alt=\"\u27a1\ufe0f\" width=\"16\" height=\"16\" \/> <\/span>antirid, neteze\u0219te pielea, reduce liniile fine \u0219i profunzimea ridurilor<\/div>\n<div dir=\"auto\"><span class=\"pq6dq46d tbxw36s4 knj5qynh kvgmc6g5 ditlmg2l oygrvhab nvdbi5me sf5mxxl7 gl3lb2sf hhz5lgdu\"><img loading=\"lazy\" decoding=\"async\" src=\"https:\/\/static.xx.fbcdn.net\/images\/emoji.php\/v9\/t9e\/1\/16\/27a1.png\" alt=\"\u27a1\ufe0f\" width=\"16\" height=\"16\" \/> <\/span>exercit\u0103 un efect protector \u00eempotriva radicalilor liberi<\/div>\n<div dir=\"auto\"><span class=\"pq6dq46d tbxw36s4 knj5qynh kvgmc6g5 ditlmg2l oygrvhab nvdbi5me sf5mxxl7 gl3lb2sf hhz5lgdu\"><img loading=\"lazy\" decoding=\"async\" src=\"https:\/\/static.xx.fbcdn.net\/images\/emoji.php\/v9\/t9e\/1\/16\/27a1.png\" alt=\"\u27a1\ufe0f\" width=\"16\" height=\"16\" \/> <\/span>protejeaz\u0103 \u00eempotriva efectelor nocive ale razelor UV<\/div>\n<div dir=\"auto\"><span class=\"pq6dq46d tbxw36s4 knj5qynh kvgmc6g5 ditlmg2l oygrvhab nvdbi5me sf5mxxl7 gl3lb2sf hhz5lgdu\"><img loading=\"lazy\" decoding=\"async\" src=\"https:\/\/static.xx.fbcdn.net\/images\/emoji.php\/v9\/t9e\/1\/16\/27a1.png\" alt=\"\u27a1\ufe0f\" width=\"16\" height=\"16\" \/> <\/span>anti-\u00eemb\u0103tr\u00e2nire, \u00eembun\u0103t\u0103\u021be\u0219te starea pielii \u0219i \u00eencetine\u0219te procesul de degradare a acesteia<br \/>\n<span class=\"pq6dq46d tbxw36s4 knj5qynh kvgmc6g5 ditlmg2l oygrvhab nvdbi5me sf5mxxl7 gl3lb2sf hhz5lgdu\"><img loading=\"lazy\" decoding=\"async\" src=\"https:\/\/static.xx.fbcdn.net\/images\/emoji.php\/v9\/t9e\/1\/16\/27a1.png\" alt=\"\u27a1\ufe0f\" width=\"16\" height=\"16\" \/> <\/span>are un efect de regenerare, de \u00eembun\u0103t\u0103\u021bire a structurii asupra barierei naturale de protec\u021bie a pielii<\/div>\n<div dir=\"auto\">\n<p><em>Apa de flori de portocal <span class=\"pq6dq46d tbxw36s4 knj5qynh kvgmc6g5 ditlmg2l oygrvhab nvdbi5me sf5mxxl7 gl3lb2sf hhz5lgdu\"><img loading=\"lazy\" decoding=\"async\" src=\"https:\/\/static.xx.fbcdn.net\/images\/emoji.php\/v9\/t38\/1\/16\/1f34a.png\" alt=\"\ud83c\udf4a Ulei esen\u021bial de portocal\u0103 dulce\" width=\"16\" height=\"16\" \/><\/span><\/em><\/p>\n<\/div>\n<\/div>\n<div class=\"cxmmr5t8 oygrvhab hcukyx3x c1et5uql o9v6fnle ii04i59q\">\n<div dir=\"auto\">\n<p>Apa parfumului rafinat al florii de portocal este adaptat\u0103 pielii \u0219i are un efect de regenerare. Reface acomodarea \u0219i frumuse\u021bea pielii fe\u021bei. \u00cen terapia cu hidrolit, este recunoscut pentru efectul s\u0103u calmant \u0219i lini\u0219titor.<\/p>\n<p><em>Extract de Acmella<\/em><\/p>\n<\/div>\n<\/div>\n<div class=\"cxmmr5t8 oygrvhab hcukyx3x c1et5uql o9v6fnle ii04i59q\">\n<div dir=\"auto\"><span class=\"pq6dq46d tbxw36s4 knj5qynh kvgmc6g5 ditlmg2l oygrvhab nvdbi5me sf5mxxl7 gl3lb2sf hhz5lgdu\"><img loading=\"lazy\" decoding=\"async\" src=\"https:\/\/static.xx.fbcdn.net\/images\/emoji.php\/v9\/t9e\/1\/16\/27a1.png\" alt=\"\u27a1\ufe0f\" width=\"16\" height=\"16\" \/> <\/span>stimuleaz\u0103 interac\u021biunea dintre colagen \u0219i fibroblaste<\/div>\n<div dir=\"auto\"><span class=\"pq6dq46d tbxw36s4 knj5qynh kvgmc6g5 ditlmg2l oygrvhab nvdbi5me sf5mxxl7 gl3lb2sf hhz5lgdu\"><img loading=\"lazy\" decoding=\"async\" src=\"https:\/\/static.xx.fbcdn.net\/images\/emoji.php\/v9\/t9e\/1\/16\/27a1.png\" alt=\"\u27a1\ufe0f\" width=\"16\" height=\"16\" \/> <\/span>\u00eent\u0103re\u0219te derma, \u00eembun\u0103t\u0103\u021be\u0219te densitatea pielii<\/div>\n<div dir=\"auto\"><span class=\"pq6dq46d tbxw36s4 knj5qynh kvgmc6g5 ditlmg2l oygrvhab nvdbi5me sf5mxxl7 gl3lb2sf hhz5lgdu\"><img loading=\"lazy\" decoding=\"async\" src=\"https:\/\/static.xx.fbcdn.net\/images\/emoji.php\/v9\/t9e\/1\/16\/27a1.png\" alt=\"\u27a1\ufe0f\" width=\"16\" height=\"16\" \/> <\/span>ac\u021bion\u00e2nd din interior, str\u00e2nge pielea<\/div>\n<div dir=\"auto\"><span class=\"pq6dq46d tbxw36s4 knj5qynh kvgmc6g5 ditlmg2l oygrvhab nvdbi5me sf5mxxl7 gl3lb2sf hhz5lgdu\"><img loading=\"lazy\" decoding=\"async\" src=\"https:\/\/static.xx.fbcdn.net\/images\/emoji.php\/v9\/t9e\/1\/16\/27a1.png\" alt=\"\u27a1\ufe0f\" width=\"16\" height=\"16\" \/> <\/span>\u00eent\u0103re\u0219te structura pielii<br \/>\n<span class=\"pq6dq46d tbxw36s4 knj5qynh kvgmc6g5 ditlmg2l oygrvhab nvdbi5me sf5mxxl7 gl3lb2sf hhz5lgdu\"><img loading=\"lazy\" decoding=\"async\" src=\"https:\/\/static.xx.fbcdn.net\/images\/emoji.php\/v9\/t9e\/1\/16\/27a1.png\" alt=\"\u27a1\ufe0f\" width=\"16\" height=\"16\" \/> <\/span>reduce rugozitatea \u0219i neuniformitatea pielii, stimuleaz\u0103 dinamismul celular, \u00eent\u0103re\u0219te re\u021beaua celular\u0103 a pielii<\/div>\n<\/div>\n<div dir=\"auto\">\n<p><strong>Mod de utilizare: se agit\u0103 cu capacul \u00eenchis \u00eenainte de utilizare!<\/strong>\u00a0Aplica\u021bi diminea\u021ba \u0219i seara pe zona cur\u0103\u021bat\u0103 a ochilor, apoi a\u0219tepta\u021bi p\u00e2n\u0103 se absoarbe. Dup\u0103 aceea, po\u021bi aplica o crem\u0103 de fa\u021b\u0103 potrivit\u0103 tipului t\u0103u de fa\u021b\u0103.<\/p>\n<\/div>\n<div dir=\"auto\">\n<p>&nbsp;<\/p>\n<\/div>\n<div dir=\"auto\">e 10 ml<\/div>","protected":false},"excerpt":{"rendered":"<p>Un ser antirid bogat \u00een ingrediente active, care are efect antioxidant \u0219i hidratant.<\/p>","protected":false},"featured_media":5500,"comment_status":"open","ping_status":"closed","template":"","meta":[],"product_brand":[],"product_cat":[45,41],"product_tag":[],"class_list":{"0":"post-638","1":"product","2":"type-product","3":"status-publish","4":"has-post-thumbnail","6":"product_cat-osszes","7":"product_cat-arcapolas","9":"first","10":"instock","11":"shipping-taxable","12":"purchasable","13":"product-type-simple"},"yoast_head":"<!-- This site is optimized with the Yoast SEO plugin v27.4 - https:\/\/yoast.com\/product\/yoast-seo-wordpress\/ -->\n<title>Nat\u00far szemk\u00f6rny\u00e9k \u00e1pol\u00f3 sz\u00e9rum - Binaturalproducts<\/title>\n<meta name=\"description\" content=\"Egy r\u00e1ncellenes, hat\u00f3anyagokban gazdag sz\u00e9rum, amely antioxid\u00e1ns \u00e9s hidrat\u00e1l\u00f3 hat\u00e1s\u00fa. Az ac\u00e9l goly\u00f3nak k\u00f6sz\u00f6nhet\u0151en k\u00f6nnyen felvihet\u0151, valamint h\u0171t\u0151 hat\u00e1sa van.\" \/>\n<meta name=\"robots\" content=\"index, follow, max-snippet:-1, max-image-preview:large, max-video-preview:-1\" \/>\n<link rel=\"canonical\" href=\"https:\/\/binaturalproducts.com\/ro\/produs\/ser-natural-pentru-ingrijirea-ochilor\/\" \/>\n<meta property=\"og:locale\" content=\"ro_RO\" \/>\n<meta property=\"og:type\" content=\"article\" \/>\n<meta property=\"og:title\" content=\"Nat\u00far szemk\u00f6rny\u00e9k \u00e1pol\u00f3 sz\u00e9rum - Binaturalproducts\" \/>\n<meta property=\"og:description\" content=\"Egy r\u00e1ncellenes, hat\u00f3anyagokban gazdag sz\u00e9rum, amely antioxid\u00e1ns \u00e9s hidrat\u00e1l\u00f3 hat\u00e1s\u00fa. Az ac\u00e9l goly\u00f3nak k\u00f6sz\u00f6nhet\u0151en k\u00f6nnyen felvihet\u0151, valamint h\u0171t\u0151 hat\u00e1sa van.\" \/>\n<meta property=\"og:url\" content=\"https:\/\/binaturalproducts.com\/ro\/produs\/ser-natural-pentru-ingrijirea-ochilor\/\" \/>\n<meta property=\"og:site_name\" content=\"Binaturalproducts\" \/>\n<meta property=\"article:modified_time\" content=\"2025-09-02T08:37:36+00:00\" \/>\n<meta property=\"og:image\" content=\"https:\/\/binaturalproducts.com\/wp-content\/uploads\/2022\/04\/IMG_20241214_175617-1.jpg\" \/>\n\t<meta property=\"og:image:width\" content=\"2116\" \/>\n\t<meta property=\"og:image:height\" content=\"1976\" \/>\n\t<meta property=\"og:image:type\" content=\"image\/jpeg\" \/>\n<meta name=\"twitter:card\" content=\"summary_large_image\" \/>\n<meta name=\"twitter:label1\" content=\"Timp estimat pentru citire\" \/>\n\t<meta name=\"twitter:data1\" content=\"6 minute\" \/>\n<script type=\"application\/ld+json\" class=\"yoast-schema-graph\">{\"@context\":\"https:\\\/\\\/schema.org\",\"@graph\":[{\"@type\":\"WebPage\",\"@id\":\"https:\\\/\\\/binaturalproducts.com\\\/termek\\\/szemkornyek-apolo-szerum\\\/\",\"url\":\"https:\\\/\\\/binaturalproducts.com\\\/termek\\\/szemkornyek-apolo-szerum\\\/\",\"name\":\"Nat\u00far szemk\u00f6rny\u00e9k \u00e1pol\u00f3 sz\u00e9rum - Binaturalproducts\",\"isPartOf\":{\"@id\":\"https:\\\/\\\/binaturalproducts.com\\\/#website\"},\"primaryImageOfPage\":{\"@id\":\"https:\\\/\\\/binaturalproducts.com\\\/termek\\\/szemkornyek-apolo-szerum\\\/#primaryimage\"},\"image\":{\"@id\":\"https:\\\/\\\/binaturalproducts.com\\\/termek\\\/szemkornyek-apolo-szerum\\\/#primaryimage\"},\"thumbnailUrl\":\"https:\\\/\\\/binaturalproducts.com\\\/wp-content\\\/uploads\\\/2022\\\/04\\\/IMG_20241214_175617-1.jpg\",\"datePublished\":\"2022-04-12T18:49:49+00:00\",\"dateModified\":\"2025-09-02T08:37:36+00:00\",\"description\":\"Egy r\u00e1ncellenes, hat\u00f3anyagokban gazdag sz\u00e9rum, amely antioxid\u00e1ns \u00e9s hidrat\u00e1l\u00f3 hat\u00e1s\u00fa. Az ac\u00e9l goly\u00f3nak k\u00f6sz\u00f6nhet\u0151en k\u00f6nnyen felvihet\u0151, valamint h\u0171t\u0151 hat\u00e1sa van.\",\"breadcrumb\":{\"@id\":\"https:\\\/\\\/binaturalproducts.com\\\/termek\\\/szemkornyek-apolo-szerum\\\/#breadcrumb\"},\"inLanguage\":\"ro-RO\",\"potentialAction\":[{\"@type\":\"ReadAction\",\"target\":[\"https:\\\/\\\/binaturalproducts.com\\\/termek\\\/szemkornyek-apolo-szerum\\\/\"]}]},{\"@type\":\"ImageObject\",\"inLanguage\":\"ro-RO\",\"@id\":\"https:\\\/\\\/binaturalproducts.com\\\/termek\\\/szemkornyek-apolo-szerum\\\/#primaryimage\",\"url\":\"https:\\\/\\\/binaturalproducts.com\\\/wp-content\\\/uploads\\\/2022\\\/04\\\/IMG_20241214_175617-1.jpg\",\"contentUrl\":\"https:\\\/\\\/binaturalproducts.com\\\/wp-content\\\/uploads\\\/2022\\\/04\\\/IMG_20241214_175617-1.jpg\",\"width\":2116,\"height\":1976},{\"@type\":\"BreadcrumbList\",\"@id\":\"https:\\\/\\\/binaturalproducts.com\\\/termek\\\/szemkornyek-apolo-szerum\\\/#breadcrumb\",\"itemListElement\":[{\"@type\":\"ListItem\",\"position\":1,\"name\":\"Kezd\u0151lap\",\"item\":\"https:\\\/\\\/binaturalproducts.com\\\/\"},{\"@type\":\"ListItem\",\"position\":2,\"name\":\"\u00dczlet\",\"item\":\"https:\\\/\\\/binaturalproducts.com\\\/uzlet\\\/\"},{\"@type\":\"ListItem\",\"position\":3,\"name\":\"Nat\u00far szemk\u00f6rny\u00e9k \u00e1pol\u00f3 sz\u00e9rum\"}]},{\"@type\":\"WebSite\",\"@id\":\"https:\\\/\\\/binaturalproducts.com\\\/#website\",\"url\":\"https:\\\/\\\/binaturalproducts.com\\\/\",\"name\":\"Binaturalproducts\",\"description\":\"Nat\u00far term\u00e9kek Erd\u00e9ly sz\u00edv\u00e9b\u0151l\",\"potentialAction\":[{\"@type\":\"SearchAction\",\"target\":{\"@type\":\"EntryPoint\",\"urlTemplate\":\"https:\\\/\\\/binaturalproducts.com\\\/?s={search_term_string}\"},\"query-input\":{\"@type\":\"PropertyValueSpecification\",\"valueRequired\":true,\"valueName\":\"search_term_string\"}}],\"inLanguage\":\"ro-RO\"}]}<\/script>\n<!-- \/ Yoast SEO plugin. -->","yoast_head_json":{"title":"Ser natural pentru \u00eengrijirea ochilor - Binaturalproducts","description":"Un ser antirid bogat in ingrediente active, care are efect antioxidant si hidratant. Datorit\u0103 bilei de o\u021bel, este u\u0219or de aplicat \u0219i are un efect de r\u0103cire.","robots":{"index":"index","follow":"follow","max-snippet":"max-snippet:-1","max-image-preview":"max-image-preview:large","max-video-preview":"max-video-preview:-1"},"canonical":"https:\/\/binaturalproducts.com\/ro\/produs\/ser-natural-pentru-ingrijirea-ochilor\/","og_locale":"ro_RO","og_type":"article","og_title":"Nat\u00far szemk\u00f6rny\u00e9k \u00e1pol\u00f3 sz\u00e9rum - Binaturalproducts","og_description":"Egy r\u00e1ncellenes, hat\u00f3anyagokban gazdag sz\u00e9rum, amely antioxid\u00e1ns \u00e9s hidrat\u00e1l\u00f3 hat\u00e1s\u00fa. Az ac\u00e9l goly\u00f3nak k\u00f6sz\u00f6nhet\u0151en k\u00f6nnyen felvihet\u0151, valamint h\u0171t\u0151 hat\u00e1sa van.","og_url":"https:\/\/binaturalproducts.com\/ro\/produs\/ser-natural-pentru-ingrijirea-ochilor\/","og_site_name":"Binaturalproducts","article_modified_time":"2025-09-02T08:37:36+00:00","og_image":[{"width":2116,"height":1976,"url":"https:\/\/binaturalproducts.com\/wp-content\/uploads\/2022\/04\/IMG_20241214_175617-1.jpg","type":"image\/jpeg"}],"twitter_card":"summary_large_image","twitter_misc":{"Timp estimat pentru citire":"6 minute"},"schema":{"@context":"https:\/\/schema.org","@graph":[{"@type":"WebPage","@id":"https:\/\/binaturalproducts.com\/termek\/szemkornyek-apolo-szerum\/","url":"https:\/\/binaturalproducts.com\/termek\/szemkornyek-apolo-szerum\/","name":"Ser natural pentru \u00eengrijirea ochilor - Binaturalproducts","isPartOf":{"@id":"https:\/\/binaturalproducts.com\/#website"},"primaryImageOfPage":{"@id":"https:\/\/binaturalproducts.com\/termek\/szemkornyek-apolo-szerum\/#primaryimage"},"image":{"@id":"https:\/\/binaturalproducts.com\/termek\/szemkornyek-apolo-szerum\/#primaryimage"},"thumbnailUrl":"https:\/\/binaturalproducts.com\/wp-content\/uploads\/2022\/04\/IMG_20241214_175617-1.jpg","datePublished":"2022-04-12T18:49:49+00:00","dateModified":"2025-09-02T08:37:36+00:00","description":"Un ser antirid bogat in ingrediente active, care are efect antioxidant si hidratant. Datorit\u0103 bilei de o\u021bel, este u\u0219or de aplicat \u0219i are un efect de r\u0103cire.","breadcrumb":{"@id":"https:\/\/binaturalproducts.com\/termek\/szemkornyek-apolo-szerum\/#breadcrumb"},"inLanguage":"ro-RO","potentialAction":[{"@type":"ReadAction","target":["https:\/\/binaturalproducts.com\/termek\/szemkornyek-apolo-szerum\/"]}]},{"@type":"ImageObject","inLanguage":"ro-RO","@id":"https:\/\/binaturalproducts.com\/termek\/szemkornyek-apolo-szerum\/#primaryimage","url":"https:\/\/binaturalproducts.com\/wp-content\/uploads\/2022\/04\/IMG_20241214_175617-1.jpg","contentUrl":"https:\/\/binaturalproducts.com\/wp-content\/uploads\/2022\/04\/IMG_20241214_175617-1.jpg","width":2116,"height":1976},{"@type":"BreadcrumbList","@id":"https:\/\/binaturalproducts.com\/termek\/szemkornyek-apolo-szerum\/#breadcrumb","itemListElement":[{"@type":"ListItem","position":1,"name":"Kezd\u0151lap","item":"https:\/\/binaturalproducts.com\/"},{"@type":"ListItem","position":2,"name":"\u00dczlet","item":"https:\/\/binaturalproducts.com\/uzlet\/"},{"@type":"ListItem","position":3,"name":"Nat\u00far szemk\u00f6rny\u00e9k \u00e1pol\u00f3 sz\u00e9rum"}]},{"@type":"WebSite","@id":"https:\/\/binaturalproducts.com\/#website","url":"https:\/\/binaturalproducts.com\/","name":"Binaturalproducts","description":"PRODUSE NATURALE DIN INIMA TRANSILVANIEI","potentialAction":[{"@type":"SearchAction","target":{"@type":"EntryPoint","urlTemplate":"https:\/\/binaturalproducts.com\/?s={search_term_string}"},"query-input":{"@type":"PropertyValueSpecification","valueRequired":true,"valueName":"search_term_string"}}],"inLanguage":"ro-RO"}]}},"_links":{"self":[{"href":"https:\/\/binaturalproducts.com\/ro\/wp-json\/wp\/v2\/product\/638","targetHints":{"allow":["GET"]}}],"collection":[{"href":"https:\/\/binaturalproducts.com\/ro\/wp-json\/wp\/v2\/product"}],"about":[{"href":"https:\/\/binaturalproducts.com\/ro\/wp-json\/wp\/v2\/types\/product"}],"replies":[{"embeddable":true,"href":"https:\/\/binaturalproducts.com\/ro\/wp-json\/wp\/v2\/comments?post=638"}],"wp:featuredmedia":[{"embeddable":true,"href":"https:\/\/binaturalproducts.com\/ro\/wp-json\/wp\/v2\/media\/5500"}],"wp:attachment":[{"href":"https:\/\/binaturalproducts.com\/ro\/wp-json\/wp\/v2\/media?parent=638"}],"wp:term":[{"taxonomy":"product_brand","embeddable":true,"href":"https:\/\/binaturalproducts.com\/ro\/wp-json\/wp\/v2\/product_brand?post=638"},{"taxonomy":"product_cat","embeddable":true,"href":"https:\/\/binaturalproducts.com\/ro\/wp-json\/wp\/v2\/product_cat?post=638"},{"taxonomy":"product_tag","embeddable":true,"href":"https:\/\/binaturalproducts.com\/ro\/wp-json\/wp\/v2\/product_tag?post=638"}],"curies":[{"name":"wp","href":"https:\/\/api.w.org\/{rel}","templated":true}]}}