{"id":632,"date":"2022-04-05T15:58:53","date_gmt":"2022-04-05T13:58:53","guid":{"rendered":"https:\/\/binaturalproducts.com\/?post_type=product&#038;p=632"},"modified":"2025-10-07T15:12:51","modified_gmt":"2025-10-07T13:12:51","slug":"pachet-cadou-pentru-femei","status":"publish","type":"product","link":"https:\/\/binaturalproducts.com\/ro\/produs\/pachet-cadou-pentru-femei\/","title":{"rendered":"Pachet cadou pentru femei"},"content":{"rendered":"<div class=\"elementor-element elementor-element-7b37cb3 elementor-widget elementor-widget-woocommerce-product-short-description\" data-id=\"7b37cb3\" data-element_type=\"widget\" data-widget_type=\"woocommerce-product-short-description.default\">\n<div class=\"elementor-widget-container\">\n<div class=\"woocommerce-product-details__short-description\">\n<p>Oferi\u021bi un pachet cadou de cosmetice naturale pentru iubita, sora, prietena, mama, pentru ziua de na\u0219tere,  petrecere sau orice alt\u0103 ocazie.<\/p>\n<p>Pachetul noastr\u0103 include produse hr\u0103nitoare pentru \u00eengrijirea fe\u021bei, a p\u0103rului, a buzelor \u0219i a corpului, realizate din ingrediente naturale.<\/p>\n<p><strong>Pachetul nostru cadou include:<\/strong><\/p>\n<p>1 buc. crem\u0103 natural\u0103 de fa\u021b\u0103 hidratant\u0103<\/p>\n<p>1 buc. ulei elixir de infrumuse\u021bare<\/p>\n<p>1 buc. balsam de buze natural<\/p>\n<p>1 buc. \u0219ampon solid cu ment\u0103<\/p>\n<p>1 buc. gel de du\u0219 solid cu portocale dulci \u0219i argil\u0103<\/p>\n<p>1 buc. mini s\u0103pun \u00een form\u0103 de trandafir<\/p>\n<p>&nbsp;<\/p>\n<p>Produsele noastre sunt ambalate \u00eentr-o cutie de cadou natural\u0103 \u0219i \u00een l\u00e2n\u0103 de lemn fin\u0103.<\/p>\n<\/div>\n<\/div>\n<\/div>","protected":false},"excerpt":{"rendered":"<p>Oferi\u021bi un pachet cadou de cosmetice naturale pentru iubita, sora, prietena, mama, pentru ziua de na\u0219tere,  petrecere sau orice alt\u0103 ocazie.<\/p>","protected":false},"featured_media":6426,"comment_status":"open","ping_status":"closed","template":"","meta":[],"product_brand":[],"product_cat":[45,40],"product_tag":[],"class_list":{"0":"post-632","1":"product","2":"type-product","3":"status-publish","4":"has-post-thumbnail","6":"product_cat-osszes","7":"product_cat-ajandekcsomagok","9":"first","10":"instock","11":"sale","12":"shipping-taxable","13":"purchasable","14":"product-type-simple"},"yoast_head":"<!-- This site is optimized with the Yoast SEO plugin v27.4 - https:\/\/yoast.com\/product\/yoast-seo-wordpress\/ -->\n<title>Aj\u00e1nd\u00e9kcsomag n\u0151knek - Binaturalproducts<\/title>\n<meta name=\"description\" content=\"Aj\u00e1nd\u00e9kozz nat\u00far kozmetikum csomagot kedvesednek, testv\u00e9rednek, bar\u00e1tn\u0151dnek, anyuk\u00e1dnak, sz\u00fclinapra, \u00f6sszej\u00f6vetelre vagy b\u00e1rmilyen alkalomra.\" \/>\n<meta name=\"robots\" content=\"index, follow, max-snippet:-1, max-image-preview:large, max-video-preview:-1\" \/>\n<link rel=\"canonical\" href=\"https:\/\/binaturalproducts.com\/ro\/produs\/pachet-cadou-pentru-femei\/\" \/>\n<meta property=\"og:locale\" content=\"ro_RO\" \/>\n<meta property=\"og:type\" content=\"article\" \/>\n<meta property=\"og:title\" content=\"Aj\u00e1nd\u00e9kcsomag n\u0151knek - Binaturalproducts\" \/>\n<meta property=\"og:description\" content=\"Aj\u00e1nd\u00e9kozz nat\u00far kozmetikum csomagot kedvesednek, testv\u00e9rednek, bar\u00e1tn\u0151dnek, anyuk\u00e1dnak, sz\u00fclinapra, \u00f6sszej\u00f6vetelre vagy b\u00e1rmilyen alkalomra.\" \/>\n<meta property=\"og:url\" content=\"https:\/\/binaturalproducts.com\/ro\/produs\/pachet-cadou-pentru-femei\/\" \/>\n<meta property=\"og:site_name\" content=\"Binaturalproducts\" \/>\n<meta property=\"article:modified_time\" content=\"2025-10-07T13:12:51+00:00\" \/>\n<meta property=\"og:image\" content=\"https:\/\/binaturalproducts.com\/wp-content\/uploads\/2022\/04\/IMG_20251007_160249-1.jpg\" \/>\n\t<meta property=\"og:image:width\" content=\"1920\" \/>\n\t<meta property=\"og:image:height\" content=\"1630\" \/>\n\t<meta property=\"og:image:type\" content=\"image\/jpeg\" \/>\n<meta name=\"twitter:card\" content=\"summary_large_image\" \/>\n<meta name=\"twitter:label1\" content=\"Timp estimat pentru citire\" \/>\n\t<meta name=\"twitter:data1\" content=\"1 minut\" \/>\n<script type=\"application\/ld+json\" class=\"yoast-schema-graph\">{\"@context\":\"https:\\\/\\\/schema.org\",\"@graph\":[{\"@type\":\"WebPage\",\"@id\":\"https:\\\/\\\/binaturalproducts.com\\\/termek\\\/ajandekcsomag-noknek\\\/\",\"url\":\"https:\\\/\\\/binaturalproducts.com\\\/termek\\\/ajandekcsomag-noknek\\\/\",\"name\":\"Aj\u00e1nd\u00e9kcsomag n\u0151knek - Binaturalproducts\",\"isPartOf\":{\"@id\":\"https:\\\/\\\/binaturalproducts.com\\\/#website\"},\"primaryImageOfPage\":{\"@id\":\"https:\\\/\\\/binaturalproducts.com\\\/termek\\\/ajandekcsomag-noknek\\\/#primaryimage\"},\"image\":{\"@id\":\"https:\\\/\\\/binaturalproducts.com\\\/termek\\\/ajandekcsomag-noknek\\\/#primaryimage\"},\"thumbnailUrl\":\"https:\\\/\\\/binaturalproducts.com\\\/wp-content\\\/uploads\\\/2022\\\/04\\\/IMG_20251007_160249-1.jpg\",\"datePublished\":\"2022-04-05T13:58:53+00:00\",\"dateModified\":\"2025-10-07T13:12:51+00:00\",\"description\":\"Aj\u00e1nd\u00e9kozz nat\u00far kozmetikum csomagot kedvesednek, testv\u00e9rednek, bar\u00e1tn\u0151dnek, anyuk\u00e1dnak, sz\u00fclinapra, \u00f6sszej\u00f6vetelre vagy b\u00e1rmilyen alkalomra.\",\"breadcrumb\":{\"@id\":\"https:\\\/\\\/binaturalproducts.com\\\/termek\\\/ajandekcsomag-noknek\\\/#breadcrumb\"},\"inLanguage\":\"ro-RO\",\"potentialAction\":[{\"@type\":\"ReadAction\",\"target\":[\"https:\\\/\\\/binaturalproducts.com\\\/termek\\\/ajandekcsomag-noknek\\\/\"]}]},{\"@type\":\"ImageObject\",\"inLanguage\":\"ro-RO\",\"@id\":\"https:\\\/\\\/binaturalproducts.com\\\/termek\\\/ajandekcsomag-noknek\\\/#primaryimage\",\"url\":\"https:\\\/\\\/binaturalproducts.com\\\/wp-content\\\/uploads\\\/2022\\\/04\\\/IMG_20251007_160249-1.jpg\",\"contentUrl\":\"https:\\\/\\\/binaturalproducts.com\\\/wp-content\\\/uploads\\\/2022\\\/04\\\/IMG_20251007_160249-1.jpg\",\"width\":1920,\"height\":1630},{\"@type\":\"BreadcrumbList\",\"@id\":\"https:\\\/\\\/binaturalproducts.com\\\/termek\\\/ajandekcsomag-noknek\\\/#breadcrumb\",\"itemListElement\":[{\"@type\":\"ListItem\",\"position\":1,\"name\":\"Kezd\u0151lap\",\"item\":\"https:\\\/\\\/binaturalproducts.com\\\/\"},{\"@type\":\"ListItem\",\"position\":2,\"name\":\"\u00dczlet\",\"item\":\"https:\\\/\\\/binaturalproducts.com\\\/uzlet\\\/\"},{\"@type\":\"ListItem\",\"position\":3,\"name\":\"Aj\u00e1nd\u00e9kcsomag n\u0151knek\"}]},{\"@type\":\"WebSite\",\"@id\":\"https:\\\/\\\/binaturalproducts.com\\\/#website\",\"url\":\"https:\\\/\\\/binaturalproducts.com\\\/\",\"name\":\"Binaturalproducts\",\"description\":\"Nat\u00far term\u00e9kek Erd\u00e9ly sz\u00edv\u00e9b\u0151l\",\"potentialAction\":[{\"@type\":\"SearchAction\",\"target\":{\"@type\":\"EntryPoint\",\"urlTemplate\":\"https:\\\/\\\/binaturalproducts.com\\\/?s={search_term_string}\"},\"query-input\":{\"@type\":\"PropertyValueSpecification\",\"valueRequired\":true,\"valueName\":\"search_term_string\"}}],\"inLanguage\":\"ro-RO\"}]}<\/script>\n<!-- \/ Yoast SEO plugin. -->","yoast_head_json":{"title":"Pachet cadou pentru femei - Binaturalproducts","description":"Oferi\u021bi un pachet cadou de cosmetice naturale pentru iubita, sora, prietena, mama, pentru ziua de na\u0219tere,  petrecere sau orice alt\u0103 ocazie.","robots":{"index":"index","follow":"follow","max-snippet":"max-snippet:-1","max-image-preview":"max-image-preview:large","max-video-preview":"max-video-preview:-1"},"canonical":"https:\/\/binaturalproducts.com\/ro\/produs\/pachet-cadou-pentru-femei\/","og_locale":"ro_RO","og_type":"article","og_title":"Aj\u00e1nd\u00e9kcsomag n\u0151knek - Binaturalproducts","og_description":"Aj\u00e1nd\u00e9kozz nat\u00far kozmetikum csomagot kedvesednek, testv\u00e9rednek, bar\u00e1tn\u0151dnek, anyuk\u00e1dnak, sz\u00fclinapra, \u00f6sszej\u00f6vetelre vagy b\u00e1rmilyen alkalomra.","og_url":"https:\/\/binaturalproducts.com\/ro\/produs\/pachet-cadou-pentru-femei\/","og_site_name":"Binaturalproducts","article_modified_time":"2025-10-07T13:12:51+00:00","og_image":[{"width":1920,"height":1630,"url":"https:\/\/binaturalproducts.com\/wp-content\/uploads\/2022\/04\/IMG_20251007_160249-1.jpg","type":"image\/jpeg"}],"twitter_card":"summary_large_image","twitter_misc":{"Timp estimat pentru citire":"1 minut"},"schema":{"@context":"https:\/\/schema.org","@graph":[{"@type":"WebPage","@id":"https:\/\/binaturalproducts.com\/termek\/ajandekcsomag-noknek\/","url":"https:\/\/binaturalproducts.com\/termek\/ajandekcsomag-noknek\/","name":"Pachet cadou pentru femei - Binaturalproducts","isPartOf":{"@id":"https:\/\/binaturalproducts.com\/#website"},"primaryImageOfPage":{"@id":"https:\/\/binaturalproducts.com\/termek\/ajandekcsomag-noknek\/#primaryimage"},"image":{"@id":"https:\/\/binaturalproducts.com\/termek\/ajandekcsomag-noknek\/#primaryimage"},"thumbnailUrl":"https:\/\/binaturalproducts.com\/wp-content\/uploads\/2022\/04\/IMG_20251007_160249-1.jpg","datePublished":"2022-04-05T13:58:53+00:00","dateModified":"2025-10-07T13:12:51+00:00","description":"Oferi\u021bi un pachet cadou de cosmetice naturale pentru iubita, sora, prietena, mama, pentru ziua de na\u0219tere,  petrecere sau orice alt\u0103 ocazie.","breadcrumb":{"@id":"https:\/\/binaturalproducts.com\/termek\/ajandekcsomag-noknek\/#breadcrumb"},"inLanguage":"ro-RO","potentialAction":[{"@type":"ReadAction","target":["https:\/\/binaturalproducts.com\/termek\/ajandekcsomag-noknek\/"]}]},{"@type":"ImageObject","inLanguage":"ro-RO","@id":"https:\/\/binaturalproducts.com\/termek\/ajandekcsomag-noknek\/#primaryimage","url":"https:\/\/binaturalproducts.com\/wp-content\/uploads\/2022\/04\/IMG_20251007_160249-1.jpg","contentUrl":"https:\/\/binaturalproducts.com\/wp-content\/uploads\/2022\/04\/IMG_20251007_160249-1.jpg","width":1920,"height":1630},{"@type":"BreadcrumbList","@id":"https:\/\/binaturalproducts.com\/termek\/ajandekcsomag-noknek\/#breadcrumb","itemListElement":[{"@type":"ListItem","position":1,"name":"Kezd\u0151lap","item":"https:\/\/binaturalproducts.com\/"},{"@type":"ListItem","position":2,"name":"\u00dczlet","item":"https:\/\/binaturalproducts.com\/uzlet\/"},{"@type":"ListItem","position":3,"name":"Aj\u00e1nd\u00e9kcsomag n\u0151knek"}]},{"@type":"WebSite","@id":"https:\/\/binaturalproducts.com\/#website","url":"https:\/\/binaturalproducts.com\/","name":"Binaturalproducts","description":"PRODUSE NATURALE DIN INIMA TRANSILVANIEI","potentialAction":[{"@type":"SearchAction","target":{"@type":"EntryPoint","urlTemplate":"https:\/\/binaturalproducts.com\/?s={search_term_string}"},"query-input":{"@type":"PropertyValueSpecification","valueRequired":true,"valueName":"search_term_string"}}],"inLanguage":"ro-RO"}]}},"_links":{"self":[{"href":"https:\/\/binaturalproducts.com\/ro\/wp-json\/wp\/v2\/product\/632","targetHints":{"allow":["GET"]}}],"collection":[{"href":"https:\/\/binaturalproducts.com\/ro\/wp-json\/wp\/v2\/product"}],"about":[{"href":"https:\/\/binaturalproducts.com\/ro\/wp-json\/wp\/v2\/types\/product"}],"replies":[{"embeddable":true,"href":"https:\/\/binaturalproducts.com\/ro\/wp-json\/wp\/v2\/comments?post=632"}],"wp:featuredmedia":[{"embeddable":true,"href":"https:\/\/binaturalproducts.com\/ro\/wp-json\/wp\/v2\/media\/6426"}],"wp:attachment":[{"href":"https:\/\/binaturalproducts.com\/ro\/wp-json\/wp\/v2\/media?parent=632"}],"wp:term":[{"taxonomy":"product_brand","embeddable":true,"href":"https:\/\/binaturalproducts.com\/ro\/wp-json\/wp\/v2\/product_brand?post=632"},{"taxonomy":"product_cat","embeddable":true,"href":"https:\/\/binaturalproducts.com\/ro\/wp-json\/wp\/v2\/product_cat?post=632"},{"taxonomy":"product_tag","embeddable":true,"href":"https:\/\/binaturalproducts.com\/ro\/wp-json\/wp\/v2\/product_tag?post=632"}],"curies":[{"name":"wp","href":"https:\/\/api.w.org\/{rel}","templated":true}]}}