{"id":6200,"date":"2025-07-07T16:06:14","date_gmt":"2025-07-07T14:06:14","guid":{"rendered":"https:\/\/binaturalproducts.com\/?post_type=product&#038;p=6200"},"modified":"2025-09-02T10:32:04","modified_gmt":"2025-09-02T08:32:04","slug":"vadrozsa-olaj","status":"publish","type":"product","link":"https:\/\/binaturalproducts.com\/ro\/produs\/vadrozsa-olaj\/","title":{"rendered":"Ulei de rosa mosqueta"},"content":{"rendered":"<div class=\"flex basis-auto flex-col -mb-(--composer-overlap-px) [--composer-overlap-px:55px] grow overflow-hidden\">\n<div class=\"relative h-full\">\n<div class=\"flex h-full flex-col overflow-y-auto [scrollbar-gutter:stable_both-edges] @[84rem]\/thread:pt-(--header-height)\">\n<div class=\"@thread-xl\/thread:pt-header-height flex flex-col text-sm pb-25\">\n<article class=\"text-token-text-primary w-full\" dir=\"auto\" data-testid=\"conversation-turn-4\" data-scroll-anchor=\"false\">\n<div class=\"text-base my-auto mx-auto py-5 [--thread-content-margin:--spacing(4)] @[37rem]:[--thread-content-margin:--spacing(6)] @[72rem]:[--thread-content-margin:--spacing(16)] px-(--thread-content-margin)\">\n<div class=\"[--thread-content-max-width:32rem] @[34rem]:[--thread-content-max-width:40rem] @[64rem]:[--thread-content-max-width:48rem] mx-auto flex max-w-(--thread-content-max-width) flex-1 text-base gap-4 md:gap-5 lg:gap-6 group\/turn-messages focus-visible:outline-hidden\" tabindex=\"-1\">\n<div class=\"group\/conversation-turn relative flex w-full min-w-0 flex-col agent-turn\">\n<div class=\"relative flex-col gap-1 md:gap-3\">\n<div class=\"flex max-w-full flex-col grow\">\n<div class=\"min-h-8 text-message relative flex w-full flex-col items-end gap-2 text-start break-words whitespace-normal [.text-message+&amp;]:mt-5\" dir=\"auto\" data-message-author-role=\"assistant\" data-message-id=\"0902d9c3-9106-4037-8bac-34a79f187a1f\" data-message-model-slug=\"gpt-4o\">\n<div class=\"flex w-full flex-col gap-1 empty:hidden first:pt-[3px]\">\n<div class=\"markdown prose dark:prose-invert w-full break-words light\">\n<p data-start=\"132\" data-end=\"477\">A vadr\u00f3zsa olaj, m\u00e1s n\u00e9ven Rosa mosqueta olaj, egy term\u00e9szetes b\u0151r\u00e1pol\u00f3 olaj, amelyet a vadr\u00f3zsa magjaib\u00f3l sajtolnak hidegen, \u00edgy meg\u0151rzi \u00e9rt\u00e9kes t\u00e1panyagait.<\/p>\n<p data-start=\"132\" data-end=\"477\">Az olaj k\u00fcl\u00f6n\u00f6sen gazdag esszenci\u00e1lis zs\u00edrsavakban, p\u00e9ld\u00e1ul omega-3, omega-6 \u00e9s omega-9 zs\u00edrsavakban, amelyek t\u00e1mogatj\u00e1k a b\u0151r regener\u00e1l\u00f3d\u00e1s\u00e1t \u00e9s seg\u00edtenek meg\u0151rizni annak rugalmass\u00e1g\u00e1t.<\/p>\n<p data-start=\"479\" data-end=\"717\">A vadr\u00f3zsa olaj jelent\u0151s mennyis\u00e9g\u0171 A-vitamint is tartalmaz, amely hozz\u00e1j\u00e1rul a b\u0151r meg\u00fajul\u00e1s\u00e1hoz, sim\u00e1bb\u00e1 \u00e9s egys\u00e9gesebb\u00e9 teszi annak felsz\u00edn\u00e9t. Ez\u00e9rt sokan haszn\u00e1lj\u00e1k finom r\u00e1ncok, hegek, illetve terhess\u00e9gi cs\u00edkok, stri\u00e1k kezel\u00e9s\u00e9re is.<\/p>\n<p data-start=\"719\" data-end=\"942\">Sz\u00e1raz vagy \u00e9rz\u00e9keny b\u0151r eset\u00e9n az olaj k\u00edm\u00e9letesen hidrat\u00e1l, megnyugtatja az irrit\u00e1lt ter\u00fcleteket, \u00e9s seg\u00edthet cs\u00f6kkenteni a b\u0151rp\u00edrt. K\u00f6nny\u0171 \u00e1llag\u00e1nak k\u00f6sz\u00f6nhet\u0151en gyorsan felsz\u00edv\u00f3dik, \u00e9s nem hagy zs\u00edros r\u00e9teget maga ut\u00e1n.<\/p>\n<p data-start=\"944\" data-end=\"1146\">Antioxid\u00e1ns-tartalma r\u00e9v\u00e9n v\u00e9di a b\u0151rt a k\u00fcls\u0151 k\u00f6rnyezeti hat\u00e1sokkal szemben, \u00e9s seg\u00edthet a korai b\u0151r\u00f6reged\u00e9s megel\u0151z\u00e9s\u00e9ben. Rendszeres haszn\u00e1lattal a b\u0151r visszanyerheti term\u00e9szetes f\u00e9ny\u00e9t \u00e9s puhas\u00e1g\u00e1t.<\/p>\n<p data-start=\"1148\" data-end=\"1313\">A vadr\u00f3zsa olaj alkalmazhat\u00f3 arcon, testen \u00e9s hajv\u00e9geken is.<\/p>\n<p data-start=\"1148\" data-end=\"1313\">N\u00e9h\u00e1ny csepp elegend\u0151 ahhoz, hogy a b\u0151r t\u00e1pl\u00e1ltabb\u00e1, rugalmasabb\u00e1 \u00e9s eg\u00e9szs\u00e9gesebb megjelen\u00e9s\u0171v\u00e9 v\u00e1ljon.<\/p>\n<p data-start=\"1148\" data-end=\"1313\">e 10 ml<\/p>\n<p data-start=\"1148\" data-end=\"1313\">INCI: Rosa Moschata Seed Oil<\/p>\n<p data-start=\"1148\" data-end=\"1313\">*waterless<\/p>\n<p data-start=\"1148\" data-end=\"1313\">*clean beauty<\/p>\n<p data-start=\"1148\" data-end=\"1313\">*skinimalism<\/p>\n<\/div>\n<\/div>\n<\/div>\n<\/div>\n<\/div>\n<\/div>\n<\/div>\n<\/div>\n<\/article>\n<div><\/div>\n<div><\/div>\n<\/div>\n<\/div>\n<\/div>\n<\/div>\n<div id=\"thread-bottom-container\" class=\"content-fade relative isolate z-10 w-full basis-auto has-data-has-thread-error:pt-2 has-data-has-thread-error:[box-shadow:var(--sharp-edge-bottom-shadow)] md:border-transparent md:pt-0 dark:border-white\/20 md:dark:border-transparent flex flex-col\">\n<div id=\"thread-bottom\">\n<div class=\"text-base mx-auto [--thread-content-margin:--spacing(4)] @[37rem]:[--thread-content-margin:--spacing(6)] @[72rem]:[--thread-content-margin:--spacing(16)] px-(--thread-content-margin)\">\n<div class=\"[--thread-content-max-width:32rem] @[34rem]:[--thread-content-max-width:40rem] @[64rem]:[--thread-content-max-width:48rem] mx-auto flex max-w-(--thread-content-max-width) flex-1 text-base gap-4 md:gap-5 lg:gap-6\">\n<div class=\"max-xs:[--force-hide-label:none] relative z-1 flex h-full max-w-full flex-1 flex-col\" role=\"button\" aria-haspopup=\"dialog\" aria-expanded=\"false\" aria-controls=\"radix-\u00abRp4lij59jm595j5\u00bb\" data-state=\"closed\">\n<form class=\"w-full [view-transition-name:var(--vt-composer)]\" role=\"region\" aria-label=\"Message Composer\" data-type=\"unified-composer\">\n<div class=\"bg-token-bg-primary flex w-full cursor-text flex-col items-center justify-center overflow-clip bg-clip-padding contain-inline-size dark:bg-[#303030] shadow-short rounded-[28px]\">\n<div class=\"relative flex w-full items-end px-2.5 py-2.5\">\n<div class=\"relative flex w-full flex-auto flex-col\">\n<div class=\"relative mx-2.5 grid grid-cols-[auto_minmax(0,1fr)]\">\n<div class=\"relative flex-auto bg-transparent pt-1.5\">\n<div class=\"flex flex-col justify-start\">\n<div class=\"flex min-h-12 items-start\">\n<div class=\"max-w-full min-w-0 flex-1\">\n<div class=\"_prosemirror-parent_kfgfu_2 text-token-text-primary max-h-[25dvh] max-h-52 -mx-3 px-3 overflow-auto [scrollbar-width:thin] default-browser vertical-scroll-fade-mask min-h-12 pe-3\"><\/div>\n<\/div>\n<\/div>\n<\/div>\n<\/div>\n<\/div>\n<\/div>\n<\/div>\n<\/div>\n<\/form>\n<\/div>\n<\/div>\n<\/div>\n<\/div>\n<\/div>\n","protected":false},"excerpt":{"rendered":"<p>Uleiul de trandafir s\u0103lbatic poate fi aplicat pe fa\u021b\u0103, corp sau chiar pe v\u00e2rfurile uscate ale p\u0103rului.<\/p>","protected":false},"featured_media":6201,"comment_status":"open","ping_status":"closed","template":"","meta":[],"product_brand":[],"product_cat":[45,21,41],"product_tag":[],"class_list":{"0":"post-6200","1":"product","2":"type-product","3":"status-publish","4":"has-post-thumbnail","6":"product_cat-osszes","7":"product_cat-hajapolas","8":"product_cat-arcapolas","10":"first","11":"instock","12":"shipping-taxable","13":"purchasable","14":"product-type-simple"},"yoast_head":"<!-- This site is optimized with the Yoast SEO plugin v27.4 - https:\/\/yoast.com\/product\/yoast-seo-wordpress\/ -->\n<title>Vadr\u00f3zsa olaj - Binaturalproducts<\/title>\n<meta name=\"robots\" content=\"index, follow, max-snippet:-1, max-image-preview:large, max-video-preview:-1\" \/>\n<link rel=\"canonical\" href=\"https:\/\/binaturalproducts.com\/ro\/produs\/vadrozsa-olaj\/\" \/>\n<meta property=\"og:locale\" content=\"ro_RO\" \/>\n<meta property=\"og:type\" content=\"article\" \/>\n<meta property=\"og:title\" content=\"Vadr\u00f3zsa olaj - Binaturalproducts\" \/>\n<meta property=\"og:description\" content=\"A vadr\u00f3zsa olaj alkalmazhat\u00f3 arcon, testen \u00e9s hajv\u00e9geken is.\" \/>\n<meta property=\"og:url\" content=\"https:\/\/binaturalproducts.com\/ro\/produs\/vadrozsa-olaj\/\" \/>\n<meta property=\"og:site_name\" content=\"Binaturalproducts\" \/>\n<meta property=\"article:modified_time\" content=\"2025-09-02T08:32:04+00:00\" \/>\n<meta property=\"og:image\" content=\"https:\/\/binaturalproducts.com\/wp-content\/uploads\/2025\/07\/IMG_20250617_155908-2.jpg\" \/>\n\t<meta property=\"og:image:width\" content=\"1920\" \/>\n\t<meta property=\"og:image:height\" content=\"1542\" \/>\n\t<meta property=\"og:image:type\" content=\"image\/jpeg\" \/>\n<meta name=\"twitter:card\" content=\"summary_large_image\" \/>\n<meta name=\"twitter:label1\" content=\"Timp estimat pentru citire\" \/>\n\t<meta name=\"twitter:data1\" content=\"2 minute\" \/>\n<script type=\"application\/ld+json\" class=\"yoast-schema-graph\">{\"@context\":\"https:\\\/\\\/schema.org\",\"@graph\":[{\"@type\":\"WebPage\",\"@id\":\"https:\\\/\\\/binaturalproducts.com\\\/termek\\\/vadrozsa-olaj\\\/\",\"url\":\"https:\\\/\\\/binaturalproducts.com\\\/termek\\\/vadrozsa-olaj\\\/\",\"name\":\"Vadr\u00f3zsa olaj - Binaturalproducts\",\"isPartOf\":{\"@id\":\"https:\\\/\\\/binaturalproducts.com\\\/#website\"},\"primaryImageOfPage\":{\"@id\":\"https:\\\/\\\/binaturalproducts.com\\\/termek\\\/vadrozsa-olaj\\\/#primaryimage\"},\"image\":{\"@id\":\"https:\\\/\\\/binaturalproducts.com\\\/termek\\\/vadrozsa-olaj\\\/#primaryimage\"},\"thumbnailUrl\":\"https:\\\/\\\/binaturalproducts.com\\\/wp-content\\\/uploads\\\/2025\\\/07\\\/IMG_20250617_155908-2.jpg\",\"datePublished\":\"2025-07-07T14:06:14+00:00\",\"dateModified\":\"2025-09-02T08:32:04+00:00\",\"breadcrumb\":{\"@id\":\"https:\\\/\\\/binaturalproducts.com\\\/termek\\\/vadrozsa-olaj\\\/#breadcrumb\"},\"inLanguage\":\"ro-RO\",\"potentialAction\":[{\"@type\":\"ReadAction\",\"target\":[\"https:\\\/\\\/binaturalproducts.com\\\/termek\\\/vadrozsa-olaj\\\/\"]}]},{\"@type\":\"ImageObject\",\"inLanguage\":\"ro-RO\",\"@id\":\"https:\\\/\\\/binaturalproducts.com\\\/termek\\\/vadrozsa-olaj\\\/#primaryimage\",\"url\":\"https:\\\/\\\/binaturalproducts.com\\\/wp-content\\\/uploads\\\/2025\\\/07\\\/IMG_20250617_155908-2.jpg\",\"contentUrl\":\"https:\\\/\\\/binaturalproducts.com\\\/wp-content\\\/uploads\\\/2025\\\/07\\\/IMG_20250617_155908-2.jpg\",\"width\":1920,\"height\":1542},{\"@type\":\"BreadcrumbList\",\"@id\":\"https:\\\/\\\/binaturalproducts.com\\\/termek\\\/vadrozsa-olaj\\\/#breadcrumb\",\"itemListElement\":[{\"@type\":\"ListItem\",\"position\":1,\"name\":\"Kezd\u0151lap\",\"item\":\"https:\\\/\\\/binaturalproducts.com\\\/\"},{\"@type\":\"ListItem\",\"position\":2,\"name\":\"\u00dczlet\",\"item\":\"https:\\\/\\\/binaturalproducts.com\\\/uzlet\\\/\"},{\"@type\":\"ListItem\",\"position\":3,\"name\":\"Vadr\u00f3zsa olaj\"}]},{\"@type\":\"WebSite\",\"@id\":\"https:\\\/\\\/binaturalproducts.com\\\/#website\",\"url\":\"https:\\\/\\\/binaturalproducts.com\\\/\",\"name\":\"Binaturalproducts\",\"description\":\"Nat\u00far term\u00e9kek Erd\u00e9ly sz\u00edv\u00e9b\u0151l\",\"potentialAction\":[{\"@type\":\"SearchAction\",\"target\":{\"@type\":\"EntryPoint\",\"urlTemplate\":\"https:\\\/\\\/binaturalproducts.com\\\/?s={search_term_string}\"},\"query-input\":{\"@type\":\"PropertyValueSpecification\",\"valueRequired\":true,\"valueName\":\"search_term_string\"}}],\"inLanguage\":\"ro-RO\"}]}<\/script>\n<!-- \/ Yoast SEO plugin. -->","yoast_head_json":{"title":"ulei de rosa mosqueta","robots":{"index":"index","follow":"follow","max-snippet":"max-snippet:-1","max-image-preview":"max-image-preview:large","max-video-preview":"max-video-preview:-1"},"canonical":"https:\/\/binaturalproducts.com\/ro\/produs\/vadrozsa-olaj\/","og_locale":"ro_RO","og_type":"article","og_title":"Vadr\u00f3zsa olaj - Binaturalproducts","og_description":"A vadr\u00f3zsa olaj alkalmazhat\u00f3 arcon, testen \u00e9s hajv\u00e9geken is.","og_url":"https:\/\/binaturalproducts.com\/ro\/produs\/vadrozsa-olaj\/","og_site_name":"Binaturalproducts","article_modified_time":"2025-09-02T08:32:04+00:00","og_image":[{"width":1920,"height":1542,"url":"https:\/\/binaturalproducts.com\/wp-content\/uploads\/2025\/07\/IMG_20250617_155908-2.jpg","type":"image\/jpeg"}],"twitter_card":"summary_large_image","twitter_misc":{"Timp estimat pentru citire":"2 minute"},"schema":{"@context":"https:\/\/schema.org","@graph":[{"@type":"WebPage","@id":"https:\/\/binaturalproducts.com\/termek\/vadrozsa-olaj\/","url":"https:\/\/binaturalproducts.com\/termek\/vadrozsa-olaj\/","name":"ulei de rosa mosqueta","isPartOf":{"@id":"https:\/\/binaturalproducts.com\/#website"},"primaryImageOfPage":{"@id":"https:\/\/binaturalproducts.com\/termek\/vadrozsa-olaj\/#primaryimage"},"image":{"@id":"https:\/\/binaturalproducts.com\/termek\/vadrozsa-olaj\/#primaryimage"},"thumbnailUrl":"https:\/\/binaturalproducts.com\/wp-content\/uploads\/2025\/07\/IMG_20250617_155908-2.jpg","datePublished":"2025-07-07T14:06:14+00:00","dateModified":"2025-09-02T08:32:04+00:00","breadcrumb":{"@id":"https:\/\/binaturalproducts.com\/termek\/vadrozsa-olaj\/#breadcrumb"},"inLanguage":"ro-RO","potentialAction":[{"@type":"ReadAction","target":["https:\/\/binaturalproducts.com\/termek\/vadrozsa-olaj\/"]}]},{"@type":"ImageObject","inLanguage":"ro-RO","@id":"https:\/\/binaturalproducts.com\/termek\/vadrozsa-olaj\/#primaryimage","url":"https:\/\/binaturalproducts.com\/wp-content\/uploads\/2025\/07\/IMG_20250617_155908-2.jpg","contentUrl":"https:\/\/binaturalproducts.com\/wp-content\/uploads\/2025\/07\/IMG_20250617_155908-2.jpg","width":1920,"height":1542},{"@type":"BreadcrumbList","@id":"https:\/\/binaturalproducts.com\/termek\/vadrozsa-olaj\/#breadcrumb","itemListElement":[{"@type":"ListItem","position":1,"name":"Kezd\u0151lap","item":"https:\/\/binaturalproducts.com\/"},{"@type":"ListItem","position":2,"name":"\u00dczlet","item":"https:\/\/binaturalproducts.com\/uzlet\/"},{"@type":"ListItem","position":3,"name":"Vadr\u00f3zsa olaj"}]},{"@type":"WebSite","@id":"https:\/\/binaturalproducts.com\/#website","url":"https:\/\/binaturalproducts.com\/","name":"Binaturalproducts","description":"PRODUSE NATURALE DIN INIMA TRANSILVANIEI","potentialAction":[{"@type":"SearchAction","target":{"@type":"EntryPoint","urlTemplate":"https:\/\/binaturalproducts.com\/?s={search_term_string}"},"query-input":{"@type":"PropertyValueSpecification","valueRequired":true,"valueName":"search_term_string"}}],"inLanguage":"ro-RO"}]}},"_links":{"self":[{"href":"https:\/\/binaturalproducts.com\/ro\/wp-json\/wp\/v2\/product\/6200","targetHints":{"allow":["GET"]}}],"collection":[{"href":"https:\/\/binaturalproducts.com\/ro\/wp-json\/wp\/v2\/product"}],"about":[{"href":"https:\/\/binaturalproducts.com\/ro\/wp-json\/wp\/v2\/types\/product"}],"replies":[{"embeddable":true,"href":"https:\/\/binaturalproducts.com\/ro\/wp-json\/wp\/v2\/comments?post=6200"}],"wp:featuredmedia":[{"embeddable":true,"href":"https:\/\/binaturalproducts.com\/ro\/wp-json\/wp\/v2\/media\/6201"}],"wp:attachment":[{"href":"https:\/\/binaturalproducts.com\/ro\/wp-json\/wp\/v2\/media?parent=6200"}],"wp:term":[{"taxonomy":"product_brand","embeddable":true,"href":"https:\/\/binaturalproducts.com\/ro\/wp-json\/wp\/v2\/product_brand?post=6200"},{"taxonomy":"product_cat","embeddable":true,"href":"https:\/\/binaturalproducts.com\/ro\/wp-json\/wp\/v2\/product_cat?post=6200"},{"taxonomy":"product_tag","embeddable":true,"href":"https:\/\/binaturalproducts.com\/ro\/wp-json\/wp\/v2\/product_tag?post=6200"}],"curies":[{"name":"wp","href":"https:\/\/api.w.org\/{rel}","templated":true}]}}