{"id":591,"date":"2022-03-09T14:21:45","date_gmt":"2022-03-09T12:21:45","guid":{"rendered":"https:\/\/binaturalproducts.com\/?post_type=product&#038;p=591"},"modified":"2025-09-02T10:37:51","modified_gmt":"2025-09-02T08:37:51","slug":"sampon-solid-pentru-matreata-scalpului","status":"publish","type":"product","link":"https:\/\/binaturalproducts.com\/ro\/produs\/sampon-solid-pentru-matreata-scalpului\/","title":{"rendered":"\u0218ampon solid pentru m\u0103trea\u021ba scalpului"},"content":{"rendered":"<p>Un \u0219ampon solid, bun spumant, care ajut\u0103 la tratarea m\u0103tre\u021bii \u0219i a m\u00e2nc\u0103rimii, \u00eent\u0103re\u0219te p\u0103rul, stimuleaz\u0103 cre\u0219terea p\u0103rului \u0219i calmeaz\u0103 scalpul. Toate beneficiile sale se datoreaz\u0103 pulberilor \u0219i extractelor de plante pre\u021bioase pe care le con\u021bine.<\/p>\n<p><strong>Ingrediente principale<\/strong>: surfactan\u021bi de nuc\u0103 de cocos, ulei de chimen negru, ulei de cocos, pudr\u0103 de busuioc sf\u00e2nt, pudr\u0103 de brahmi, vitamina E, uleiuri esen\u021biale de oregano \u0219i lavand\u0103.<\/p>\n<p>Busuiocul sf\u00e2nt con\u021bine multe vitamine \u0219i flavonoide valoroase. \u00cempreun\u0103 cu uleiul esen\u021bial de oregano, ac\u021bioneaz\u0103 eficient \u00eempotriva diferitelor infec\u021bii bacteriene \u0219i fungice, deci are un puternic efect anti-m\u0103trea\u021b\u0103. Uleiul esential de lavanda este responsabil pentru efectul calmant al blocului de sampon, ofer\u0103 o adev\u0103rat\u0103 calmare a scalpului iritat \u0219i cu m\u00e2nc\u0103rimi.<\/p>\n<p><strong>Recomandat:<\/strong><em> pentru p\u0103rul cu m\u0103trea\u021ba, \u0219i calmarea scalpului iritat, p\u0103r predispus la gr\u0103sime, p\u0103r normal<\/em><\/p>\n<div class=\"o9v6fnle cxmmr5t8 oygrvhab hcukyx3x c1et5uql ii04i59q\">\n<div dir=\"auto\"><strong>Mod de folosire:<\/strong><\/div>\n<div dir=\"auto\">Freca\u021bi \u0219amponul solid pe p\u0103rul umed. Folosi\u021bi degetele pentru a face spum\u0103 pe p\u0103r, se va forma o spum\u0103 bogat\u0103, a\u0219tepta\u021bi c\u00e2teva minute \u0219i cl\u0103ti\u021bi bine. Repeta\u021bi dac\u0103 este necesar. Datorit\u0103 pH-ului s\u0103u prietenos cu pielea, nu este necesar  cl\u0103tirea cu o\u021bet.  Balsamul de p\u0103r poate fi aplicat ulterior, dup\u0103 caz.<\/p>\n<p><strong><span class=\"pq6dq46d tbxw36s4 knj5qynh kvgmc6g5 ditlmg2l oygrvhab nvdbi5me sf5mxxl7 gl3lb2sf hhz5lgdu\">Depozitare:<\/span><\/strong><\/div>\n<\/div>\n<div class=\"o9v6fnle cxmmr5t8 oygrvhab hcukyx3x c1et5uql ii04i59q\">\n<div dir=\"auto\">\n<div>P\u0103stra\u021bi \u0219amponul pe savoniera cu gr\u0103tar, pentru a prelungi durat\u0103 de viata a acestuia.<\/div>\n<\/div>\n<div dir=\"auto\">Cantitatea \u0219amponului maxi  85 g+\/ -10g =  3-4 flacoane de 250 ml de \u0219ampon<\/div>\n<div dir=\"auto\"><\/div>\n<\/div>\n<div dir=\"auto\">\n<p><strong>NU con\u021bine:<\/strong><\/p>\n<ul>\n<li>parabeni, EDTA, coloran\u0163i, PEG sau al\u0163i deriva\u0163i din petrol<\/li>\n<li>deriva\u021bi de silicon<\/li>\n<li>conservan\u0163i<\/li>\n<li>ingrediente de origine animal\u0103,<\/li>\n<li>ingrediente care au fost testate pe animale,<\/li>\n<li>Sodium Laureth\/Lauryl Sulfate<\/li>\n<\/ul>\n<p>Ambalaje 100% compostabile<\/p>\n<\/div>","protected":false},"excerpt":{"rendered":"<p>Un \u0219ampon solid, bun spumant, care ajut\u0103 la tratarea m\u0103tre\u021bii \u0219i a m\u00e2nc\u0103rimii, \u00eent\u0103re\u0219te p\u0103rul, stimuleaz\u0103 cre\u0219terea p\u0103rului \u0219i calmeaz\u0103 scalpul.<\/p>","protected":false},"featured_media":592,"comment_status":"open","ping_status":"closed","template":"","meta":[],"product_brand":[],"product_cat":[45,21],"product_tag":[],"class_list":{"0":"post-591","1":"product","2":"type-product","3":"status-publish","4":"has-post-thumbnail","6":"product_cat-osszes","7":"product_cat-hajapolas","9":"first","10":"instock","11":"shipping-taxable","12":"purchasable","13":"product-type-simple"},"yoast_head":"<!-- This site is optimized with the Yoast SEO plugin v27.4 - https:\/\/yoast.com\/product\/yoast-seo-wordpress\/ -->\n<title>Nat\u00far sampont\u00f6mb korp\u00e1sod\u00f3 fejb\u0151rre - Binaturalproducts<\/title>\n<meta name=\"description\" content=\"J\u00f3l habz\u00f3 szil\u00e1rd sampon, amely seg\u00edt a korp\u00e1sod\u00e1s, viszketegs\u00e9g kezel\u00e9s\u00e9ben, er\u0151s\u00edti a hajsz\u00e1lakat, serkenti a hajn\u00f6veked\u00e9st \u00e9s nyugtatja a fejb\u0151rt.\" \/>\n<meta name=\"robots\" content=\"index, follow, max-snippet:-1, max-image-preview:large, max-video-preview:-1\" \/>\n<link rel=\"canonical\" href=\"https:\/\/binaturalproducts.com\/ro\/produs\/sampon-solid-pentru-matreata-scalpului\/\" \/>\n<meta property=\"og:locale\" content=\"ro_RO\" \/>\n<meta property=\"og:type\" content=\"article\" \/>\n<meta property=\"og:title\" content=\"Nat\u00far sampont\u00f6mb korp\u00e1sod\u00f3 fejb\u0151rre - Binaturalproducts\" \/>\n<meta property=\"og:description\" content=\"J\u00f3l habz\u00f3 szil\u00e1rd sampon, amely seg\u00edt a korp\u00e1sod\u00e1s, viszketegs\u00e9g kezel\u00e9s\u00e9ben, er\u0151s\u00edti a hajsz\u00e1lakat, serkenti a hajn\u00f6veked\u00e9st \u00e9s nyugtatja a fejb\u0151rt.\" \/>\n<meta property=\"og:url\" content=\"https:\/\/binaturalproducts.com\/ro\/produs\/sampon-solid-pentru-matreata-scalpului\/\" \/>\n<meta property=\"og:site_name\" content=\"Binaturalproducts\" \/>\n<meta property=\"article:modified_time\" content=\"2025-09-02T08:37:51+00:00\" \/>\n<meta property=\"og:image\" content=\"https:\/\/binaturalproducts.com\/wp-content\/uploads\/2022\/03\/275004785_5203629589675113_409343799537736714_n.jpg\" \/>\n\t<meta property=\"og:image:width\" content=\"1723\" \/>\n\t<meta property=\"og:image:height\" content=\"2048\" \/>\n\t<meta property=\"og:image:type\" content=\"image\/jpeg\" \/>\n<meta name=\"twitter:card\" content=\"summary_large_image\" \/>\n<meta name=\"twitter:label1\" content=\"Timp estimat pentru citire\" \/>\n\t<meta name=\"twitter:data1\" content=\"2 minute\" \/>\n<script type=\"application\/ld+json\" class=\"yoast-schema-graph\">{\"@context\":\"https:\\\/\\\/schema.org\",\"@graph\":[{\"@type\":\"WebPage\",\"@id\":\"https:\\\/\\\/binaturalproducts.com\\\/termek\\\/natur-sampontomb-korpasodo-fejborre\\\/\",\"url\":\"https:\\\/\\\/binaturalproducts.com\\\/termek\\\/natur-sampontomb-korpasodo-fejborre\\\/\",\"name\":\"Nat\u00far sampont\u00f6mb korp\u00e1sod\u00f3 fejb\u0151rre - Binaturalproducts\",\"isPartOf\":{\"@id\":\"https:\\\/\\\/binaturalproducts.com\\\/#website\"},\"primaryImageOfPage\":{\"@id\":\"https:\\\/\\\/binaturalproducts.com\\\/termek\\\/natur-sampontomb-korpasodo-fejborre\\\/#primaryimage\"},\"image\":{\"@id\":\"https:\\\/\\\/binaturalproducts.com\\\/termek\\\/natur-sampontomb-korpasodo-fejborre\\\/#primaryimage\"},\"thumbnailUrl\":\"https:\\\/\\\/binaturalproducts.com\\\/wp-content\\\/uploads\\\/2022\\\/03\\\/275004785_5203629589675113_409343799537736714_n.jpg\",\"datePublished\":\"2022-03-09T12:21:45+00:00\",\"dateModified\":\"2025-09-02T08:37:51+00:00\",\"description\":\"J\u00f3l habz\u00f3 szil\u00e1rd sampon, amely seg\u00edt a korp\u00e1sod\u00e1s, viszketegs\u00e9g kezel\u00e9s\u00e9ben, er\u0151s\u00edti a hajsz\u00e1lakat, serkenti a hajn\u00f6veked\u00e9st \u00e9s nyugtatja a fejb\u0151rt.\",\"breadcrumb\":{\"@id\":\"https:\\\/\\\/binaturalproducts.com\\\/termek\\\/natur-sampontomb-korpasodo-fejborre\\\/#breadcrumb\"},\"inLanguage\":\"ro-RO\",\"potentialAction\":[{\"@type\":\"ReadAction\",\"target\":[\"https:\\\/\\\/binaturalproducts.com\\\/termek\\\/natur-sampontomb-korpasodo-fejborre\\\/\"]}]},{\"@type\":\"ImageObject\",\"inLanguage\":\"ro-RO\",\"@id\":\"https:\\\/\\\/binaturalproducts.com\\\/termek\\\/natur-sampontomb-korpasodo-fejborre\\\/#primaryimage\",\"url\":\"https:\\\/\\\/binaturalproducts.com\\\/wp-content\\\/uploads\\\/2022\\\/03\\\/275004785_5203629589675113_409343799537736714_n.jpg\",\"contentUrl\":\"https:\\\/\\\/binaturalproducts.com\\\/wp-content\\\/uploads\\\/2022\\\/03\\\/275004785_5203629589675113_409343799537736714_n.jpg\",\"width\":1723,\"height\":2048,\"caption\":\"Binatural Products - Nat\u00far sampont\u00f6mb korp\u00e1sod\u00f3 fejb\u0151rre\"},{\"@type\":\"BreadcrumbList\",\"@id\":\"https:\\\/\\\/binaturalproducts.com\\\/termek\\\/natur-sampontomb-korpasodo-fejborre\\\/#breadcrumb\",\"itemListElement\":[{\"@type\":\"ListItem\",\"position\":1,\"name\":\"Kezd\u0151lap\",\"item\":\"https:\\\/\\\/binaturalproducts.com\\\/\"},{\"@type\":\"ListItem\",\"position\":2,\"name\":\"\u00dczlet\",\"item\":\"https:\\\/\\\/binaturalproducts.com\\\/uzlet\\\/\"},{\"@type\":\"ListItem\",\"position\":3,\"name\":\"Nat\u00far sampont\u00f6mb korp\u00e1sod\u00f3 fejb\u0151rre\"}]},{\"@type\":\"WebSite\",\"@id\":\"https:\\\/\\\/binaturalproducts.com\\\/#website\",\"url\":\"https:\\\/\\\/binaturalproducts.com\\\/\",\"name\":\"Binaturalproducts\",\"description\":\"Nat\u00far term\u00e9kek Erd\u00e9ly sz\u00edv\u00e9b\u0151l\",\"potentialAction\":[{\"@type\":\"SearchAction\",\"target\":{\"@type\":\"EntryPoint\",\"urlTemplate\":\"https:\\\/\\\/binaturalproducts.com\\\/?s={search_term_string}\"},\"query-input\":{\"@type\":\"PropertyValueSpecification\",\"valueRequired\":true,\"valueName\":\"search_term_string\"}}],\"inLanguage\":\"ro-RO\"}]}<\/script>\n<!-- \/ Yoast SEO plugin. -->","yoast_head_json":{"title":"\u0218ampon solid pentru m\u0103trea\u021ba scalpului - Binaturalproducts","description":"Un \u0219ampon solid, bun spumant, care ajut\u0103 la tratarea m\u0103tre\u021bii \u0219i a m\u00e2nc\u0103rimii, \u00eent\u0103re\u0219te p\u0103rul, stimuleaz\u0103 cre\u0219terea p\u0103rului \u0219i calmeaz\u0103 scalpul.","robots":{"index":"index","follow":"follow","max-snippet":"max-snippet:-1","max-image-preview":"max-image-preview:large","max-video-preview":"max-video-preview:-1"},"canonical":"https:\/\/binaturalproducts.com\/ro\/produs\/sampon-solid-pentru-matreata-scalpului\/","og_locale":"ro_RO","og_type":"article","og_title":"Nat\u00far sampont\u00f6mb korp\u00e1sod\u00f3 fejb\u0151rre - Binaturalproducts","og_description":"J\u00f3l habz\u00f3 szil\u00e1rd sampon, amely seg\u00edt a korp\u00e1sod\u00e1s, viszketegs\u00e9g kezel\u00e9s\u00e9ben, er\u0151s\u00edti a hajsz\u00e1lakat, serkenti a hajn\u00f6veked\u00e9st \u00e9s nyugtatja a fejb\u0151rt.","og_url":"https:\/\/binaturalproducts.com\/ro\/produs\/sampon-solid-pentru-matreata-scalpului\/","og_site_name":"Binaturalproducts","article_modified_time":"2025-09-02T08:37:51+00:00","og_image":[{"width":1723,"height":2048,"url":"https:\/\/binaturalproducts.com\/wp-content\/uploads\/2022\/03\/275004785_5203629589675113_409343799537736714_n.jpg","type":"image\/jpeg"}],"twitter_card":"summary_large_image","twitter_misc":{"Timp estimat pentru citire":"2 minute"},"schema":{"@context":"https:\/\/schema.org","@graph":[{"@type":"WebPage","@id":"https:\/\/binaturalproducts.com\/termek\/natur-sampontomb-korpasodo-fejborre\/","url":"https:\/\/binaturalproducts.com\/termek\/natur-sampontomb-korpasodo-fejborre\/","name":"\u0218ampon solid pentru m\u0103trea\u021ba scalpului - Binaturalproducts","isPartOf":{"@id":"https:\/\/binaturalproducts.com\/#website"},"primaryImageOfPage":{"@id":"https:\/\/binaturalproducts.com\/termek\/natur-sampontomb-korpasodo-fejborre\/#primaryimage"},"image":{"@id":"https:\/\/binaturalproducts.com\/termek\/natur-sampontomb-korpasodo-fejborre\/#primaryimage"},"thumbnailUrl":"https:\/\/binaturalproducts.com\/wp-content\/uploads\/2022\/03\/275004785_5203629589675113_409343799537736714_n.jpg","datePublished":"2022-03-09T12:21:45+00:00","dateModified":"2025-09-02T08:37:51+00:00","description":"Un \u0219ampon solid, bun spumant, care ajut\u0103 la tratarea m\u0103tre\u021bii \u0219i a m\u00e2nc\u0103rimii, \u00eent\u0103re\u0219te p\u0103rul, stimuleaz\u0103 cre\u0219terea p\u0103rului \u0219i calmeaz\u0103 scalpul.","breadcrumb":{"@id":"https:\/\/binaturalproducts.com\/termek\/natur-sampontomb-korpasodo-fejborre\/#breadcrumb"},"inLanguage":"ro-RO","potentialAction":[{"@type":"ReadAction","target":["https:\/\/binaturalproducts.com\/termek\/natur-sampontomb-korpasodo-fejborre\/"]}]},{"@type":"ImageObject","inLanguage":"ro-RO","@id":"https:\/\/binaturalproducts.com\/termek\/natur-sampontomb-korpasodo-fejborre\/#primaryimage","url":"https:\/\/binaturalproducts.com\/wp-content\/uploads\/2022\/03\/275004785_5203629589675113_409343799537736714_n.jpg","contentUrl":"https:\/\/binaturalproducts.com\/wp-content\/uploads\/2022\/03\/275004785_5203629589675113_409343799537736714_n.jpg","width":1723,"height":2048,"caption":"Binatural Products - Nat\u00far sampont\u00f6mb korp\u00e1sod\u00f3 fejb\u0151rre"},{"@type":"BreadcrumbList","@id":"https:\/\/binaturalproducts.com\/termek\/natur-sampontomb-korpasodo-fejborre\/#breadcrumb","itemListElement":[{"@type":"ListItem","position":1,"name":"Kezd\u0151lap","item":"https:\/\/binaturalproducts.com\/"},{"@type":"ListItem","position":2,"name":"\u00dczlet","item":"https:\/\/binaturalproducts.com\/uzlet\/"},{"@type":"ListItem","position":3,"name":"Nat\u00far sampont\u00f6mb korp\u00e1sod\u00f3 fejb\u0151rre"}]},{"@type":"WebSite","@id":"https:\/\/binaturalproducts.com\/#website","url":"https:\/\/binaturalproducts.com\/","name":"Binaturalproducts","description":"PRODUSE NATURALE DIN INIMA TRANSILVANIEI","potentialAction":[{"@type":"SearchAction","target":{"@type":"EntryPoint","urlTemplate":"https:\/\/binaturalproducts.com\/?s={search_term_string}"},"query-input":{"@type":"PropertyValueSpecification","valueRequired":true,"valueName":"search_term_string"}}],"inLanguage":"ro-RO"}]}},"_links":{"self":[{"href":"https:\/\/binaturalproducts.com\/ro\/wp-json\/wp\/v2\/product\/591","targetHints":{"allow":["GET"]}}],"collection":[{"href":"https:\/\/binaturalproducts.com\/ro\/wp-json\/wp\/v2\/product"}],"about":[{"href":"https:\/\/binaturalproducts.com\/ro\/wp-json\/wp\/v2\/types\/product"}],"replies":[{"embeddable":true,"href":"https:\/\/binaturalproducts.com\/ro\/wp-json\/wp\/v2\/comments?post=591"}],"wp:featuredmedia":[{"embeddable":true,"href":"https:\/\/binaturalproducts.com\/ro\/wp-json\/wp\/v2\/media\/592"}],"wp:attachment":[{"href":"https:\/\/binaturalproducts.com\/ro\/wp-json\/wp\/v2\/media?parent=591"}],"wp:term":[{"taxonomy":"product_brand","embeddable":true,"href":"https:\/\/binaturalproducts.com\/ro\/wp-json\/wp\/v2\/product_brand?post=591"},{"taxonomy":"product_cat","embeddable":true,"href":"https:\/\/binaturalproducts.com\/ro\/wp-json\/wp\/v2\/product_cat?post=591"},{"taxonomy":"product_tag","embeddable":true,"href":"https:\/\/binaturalproducts.com\/ro\/wp-json\/wp\/v2\/product_tag?post=591"}],"curies":[{"name":"wp","href":"https:\/\/api.w.org\/{rel}","templated":true}]}}