{"id":576,"date":"2022-02-21T22:40:08","date_gmt":"2022-02-21T20:40:08","guid":{"rendered":"https:\/\/binaturalproducts.com\/?post_type=product&#038;p=576"},"modified":"2026-01-11T22:17:54","modified_gmt":"2026-01-11T20:17:54","slug":"szerum-problemas-arcborre","status":"publish","type":"product","link":"https:\/\/binaturalproducts.com\/ro\/produs\/szerum-problemas-arcborre\/","title":{"rendered":"Ser de vitamina C cu acid hialuronic"},"content":{"rendered":"<p><span class=\"pq6dq46d tbxw36s4 knj5qynh kvgmc6g5 ditlmg2l oygrvhab nvdbi5me sf5mxxl7 gl3lb2sf hhz5lgdu\"><img loading=\"lazy\" decoding=\"async\" src=\"https:\/\/static.xx.fbcdn.net\/images\/emoji.php\/v9\/t2d\/1\/16\/1f9ea.png\" alt=\"\ud83e\uddea\" width=\"16\" height=\"16\" \/><\/span> Acest ser con\u021bine o mul\u021bime de ingrediente active, fiind concentrat \u0219i economic \u00een acela\u0219i timp, deoarece doar c\u00e2teva pic\u0103turi sunt necesare pentru \u00eengrijirea zilnic\u0103 a pielii.<\/p>\n<p><strong>Recomandat<\/strong>: pentru tenul acneic, gras, problematic, matur, dar poate fi aplicat pe orice tip de ten.<\/p>\n<p><strong>Efect:<\/strong> \u00eembun\u0103t\u0103\u021be\u0219te aspectul \u0219i structura pielii, reduce porii dilata\u021bi, petele, liniile fine \u0219i alte semne de \u00eemb\u0103tr\u00e2nire a pielii, hr\u0103ne\u0219te, hidrateaz\u0103 \u0219i confer\u0103 pielii o textur\u0103 catifelat\u0103.<\/p>\n<p><strong>Mod de folosire<\/strong>: diminea\u021ba \u0219i seara, se aplic\u0103 c\u00e2teva pic\u0103turi pe pielea cur\u0103\u021bat\u0103 a fe\u021bei, apoi, c\u00e2nd este absorbit, se poate aplica o crem\u0103 hidratant\u0103. \u00cen alte cazuri, se pot amesteca 1-2 pic\u0103turi \u00een crema de fa\u021b\u0103.<\/p>\n<p><em>Se p\u0103streaz\u0103 la frigider!<\/em><\/p>\n<p><strong>Ingrediente principale:<\/strong> pantenol, niacinamid\u0103, vitamina C, acid lactic, acid hialuronic, ap\u0103 de lev\u0103n\u021bic\u0103, conservant natural.<\/p>\n<p><strong>e <\/strong>30 ml<\/p>","protected":false},"excerpt":{"rendered":"<p>Acest ser con\u021bine o mul\u021bime de ingrediente active, fiind concentrat \u0219i economic \u00een acela\u0219i timp, deoarece doar c\u00e2teva pic\u0103turi sunt necesare pentru \u00eengrijirea zilnic\u0103 a pielii.<\/p>","protected":false},"featured_media":890,"comment_status":"open","ping_status":"closed","template":"","meta":[],"product_brand":[],"product_cat":[45,41],"product_tag":[],"class_list":{"0":"post-576","1":"product","2":"type-product","3":"status-publish","4":"has-post-thumbnail","6":"product_cat-osszes","7":"product_cat-arcapolas","9":"first","10":"instock","11":"shipping-taxable","12":"purchasable","13":"product-type-simple"},"yoast_head":"<!-- This site is optimized with the Yoast SEO plugin v27.4 - https:\/\/yoast.com\/product\/yoast-seo-wordpress\/ -->\n<title>C-vitamin sz\u00e9rum hialuronsavval - Binaturalproducts<\/title>\n<meta name=\"description\" content=\"Ez a sz\u00e9rum nagyon sok akt\u00edv hat\u00f3anyagot tartalmaz, \u00edgy t\u00f6m\u00e9ny \u00e9s gazdas\u00e1gos is egyben, hiszen csak p\u00e1r csepp sz\u00fcks\u00e9ges a mindennapi arc\u00e1pol\u00e1shoz bel\u0151le.\" \/>\n<meta name=\"robots\" content=\"index, follow, max-snippet:-1, max-image-preview:large, max-video-preview:-1\" \/>\n<link rel=\"canonical\" href=\"https:\/\/binaturalproducts.com\/ro\/produs\/szerum-problemas-arcborre\/\" \/>\n<meta property=\"og:locale\" content=\"ro_RO\" \/>\n<meta property=\"og:type\" content=\"article\" \/>\n<meta property=\"og:title\" content=\"C-vitamin sz\u00e9rum hialuronsavval - Binaturalproducts\" \/>\n<meta property=\"og:description\" content=\"Ez a sz\u00e9rum nagyon sok akt\u00edv hat\u00f3anyagot tartalmaz, \u00edgy t\u00f6m\u00e9ny \u00e9s gazdas\u00e1gos is egyben, hiszen csak p\u00e1r csepp sz\u00fcks\u00e9ges a mindennapi arc\u00e1pol\u00e1shoz bel\u0151le.\" \/>\n<meta property=\"og:url\" content=\"https:\/\/binaturalproducts.com\/ro\/produs\/szerum-problemas-arcborre\/\" \/>\n<meta property=\"og:site_name\" content=\"Binaturalproducts\" \/>\n<meta property=\"article:modified_time\" content=\"2026-01-11T20:17:54+00:00\" \/>\n<meta property=\"og:image\" content=\"https:\/\/binaturalproducts.com\/wp-content\/uploads\/2022\/02\/1667945467898-scaled.jpg\" \/>\n\t<meta property=\"og:image:width\" content=\"1568\" \/>\n\t<meta property=\"og:image:height\" content=\"2560\" \/>\n\t<meta property=\"og:image:type\" content=\"image\/jpeg\" \/>\n<meta name=\"twitter:card\" content=\"summary_large_image\" \/>\n<meta name=\"twitter:label1\" content=\"Timp estimat pentru citire\" \/>\n\t<meta name=\"twitter:data1\" content=\"1 minut\" \/>\n<script type=\"application\/ld+json\" class=\"yoast-schema-graph\">{\"@context\":\"https:\\\/\\\/schema.org\",\"@graph\":[{\"@type\":\"WebPage\",\"@id\":\"https:\\\/\\\/binaturalproducts.com\\\/termek\\\/szerum-problemas-arcborre\\\/\",\"url\":\"https:\\\/\\\/binaturalproducts.com\\\/termek\\\/szerum-problemas-arcborre\\\/\",\"name\":\"C-vitamin sz\u00e9rum hialuronsavval - Binaturalproducts\",\"isPartOf\":{\"@id\":\"https:\\\/\\\/binaturalproducts.com\\\/#website\"},\"primaryImageOfPage\":{\"@id\":\"https:\\\/\\\/binaturalproducts.com\\\/termek\\\/szerum-problemas-arcborre\\\/#primaryimage\"},\"image\":{\"@id\":\"https:\\\/\\\/binaturalproducts.com\\\/termek\\\/szerum-problemas-arcborre\\\/#primaryimage\"},\"thumbnailUrl\":\"https:\\\/\\\/binaturalproducts.com\\\/wp-content\\\/uploads\\\/2022\\\/02\\\/1667945467898-scaled.jpg\",\"datePublished\":\"2022-02-21T20:40:08+00:00\",\"dateModified\":\"2026-01-11T20:17:54+00:00\",\"description\":\"Ez a sz\u00e9rum nagyon sok akt\u00edv hat\u00f3anyagot tartalmaz, \u00edgy t\u00f6m\u00e9ny \u00e9s gazdas\u00e1gos is egyben, hiszen csak p\u00e1r csepp sz\u00fcks\u00e9ges a mindennapi arc\u00e1pol\u00e1shoz bel\u0151le.\",\"breadcrumb\":{\"@id\":\"https:\\\/\\\/binaturalproducts.com\\\/termek\\\/szerum-problemas-arcborre\\\/#breadcrumb\"},\"inLanguage\":\"ro-RO\",\"potentialAction\":[{\"@type\":\"ReadAction\",\"target\":[\"https:\\\/\\\/binaturalproducts.com\\\/termek\\\/szerum-problemas-arcborre\\\/\"]}]},{\"@type\":\"ImageObject\",\"inLanguage\":\"ro-RO\",\"@id\":\"https:\\\/\\\/binaturalproducts.com\\\/termek\\\/szerum-problemas-arcborre\\\/#primaryimage\",\"url\":\"https:\\\/\\\/binaturalproducts.com\\\/wp-content\\\/uploads\\\/2022\\\/02\\\/1667945467898-scaled.jpg\",\"contentUrl\":\"https:\\\/\\\/binaturalproducts.com\\\/wp-content\\\/uploads\\\/2022\\\/02\\\/1667945467898-scaled.jpg\",\"width\":1568,\"height\":2560,\"caption\":\"Binatural Products - C-vitamin sz\u00e9rum hialuronsavval\"},{\"@type\":\"BreadcrumbList\",\"@id\":\"https:\\\/\\\/binaturalproducts.com\\\/termek\\\/szerum-problemas-arcborre\\\/#breadcrumb\",\"itemListElement\":[{\"@type\":\"ListItem\",\"position\":1,\"name\":\"Kezd\u0151lap\",\"item\":\"https:\\\/\\\/binaturalproducts.com\\\/\"},{\"@type\":\"ListItem\",\"position\":2,\"name\":\"\u00dczlet\",\"item\":\"https:\\\/\\\/binaturalproducts.com\\\/uzlet\\\/\"},{\"@type\":\"ListItem\",\"position\":3,\"name\":\"C-vitamin sz\u00e9rum hialuronsavval\"}]},{\"@type\":\"WebSite\",\"@id\":\"https:\\\/\\\/binaturalproducts.com\\\/#website\",\"url\":\"https:\\\/\\\/binaturalproducts.com\\\/\",\"name\":\"Binaturalproducts\",\"description\":\"Nat\u00far term\u00e9kek Erd\u00e9ly sz\u00edv\u00e9b\u0151l\",\"potentialAction\":[{\"@type\":\"SearchAction\",\"target\":{\"@type\":\"EntryPoint\",\"urlTemplate\":\"https:\\\/\\\/binaturalproducts.com\\\/?s={search_term_string}\"},\"query-input\":{\"@type\":\"PropertyValueSpecification\",\"valueRequired\":true,\"valueName\":\"search_term_string\"}}],\"inLanguage\":\"ro-RO\"}]}<\/script>\n<!-- \/ Yoast SEO plugin. -->","yoast_head_json":{"title":"Ser de vitamina C cu acid hialuronic - Binaturalproducts","description":"Acest ser con\u021bine o mul\u021bime de ingrediente active, fiind concentrat \u0219i economic \u00een acela\u0219i timp, deoarece doar c\u00e2teva pic\u0103turi sunt necesare pentru \u00eengrijirea zilnic\u0103 a pielii.","robots":{"index":"index","follow":"follow","max-snippet":"max-snippet:-1","max-image-preview":"max-image-preview:large","max-video-preview":"max-video-preview:-1"},"canonical":"https:\/\/binaturalproducts.com\/ro\/produs\/szerum-problemas-arcborre\/","og_locale":"ro_RO","og_type":"article","og_title":"C-vitamin sz\u00e9rum hialuronsavval - Binaturalproducts","og_description":"Ez a sz\u00e9rum nagyon sok akt\u00edv hat\u00f3anyagot tartalmaz, \u00edgy t\u00f6m\u00e9ny \u00e9s gazdas\u00e1gos is egyben, hiszen csak p\u00e1r csepp sz\u00fcks\u00e9ges a mindennapi arc\u00e1pol\u00e1shoz bel\u0151le.","og_url":"https:\/\/binaturalproducts.com\/ro\/produs\/szerum-problemas-arcborre\/","og_site_name":"Binaturalproducts","article_modified_time":"2026-01-11T20:17:54+00:00","og_image":[{"width":1568,"height":2560,"url":"https:\/\/binaturalproducts.com\/wp-content\/uploads\/2022\/02\/1667945467898-scaled.jpg","type":"image\/jpeg"}],"twitter_card":"summary_large_image","twitter_misc":{"Timp estimat pentru citire":"1 minut"},"schema":{"@context":"https:\/\/schema.org","@graph":[{"@type":"WebPage","@id":"https:\/\/binaturalproducts.com\/termek\/szerum-problemas-arcborre\/","url":"https:\/\/binaturalproducts.com\/termek\/szerum-problemas-arcborre\/","name":"Ser de vitamina C cu acid hialuronic - Binaturalproducts","isPartOf":{"@id":"https:\/\/binaturalproducts.com\/#website"},"primaryImageOfPage":{"@id":"https:\/\/binaturalproducts.com\/termek\/szerum-problemas-arcborre\/#primaryimage"},"image":{"@id":"https:\/\/binaturalproducts.com\/termek\/szerum-problemas-arcborre\/#primaryimage"},"thumbnailUrl":"https:\/\/binaturalproducts.com\/wp-content\/uploads\/2022\/02\/1667945467898-scaled.jpg","datePublished":"2022-02-21T20:40:08+00:00","dateModified":"2026-01-11T20:17:54+00:00","description":"Acest ser con\u021bine o mul\u021bime de ingrediente active, fiind concentrat \u0219i economic \u00een acela\u0219i timp, deoarece doar c\u00e2teva pic\u0103turi sunt necesare pentru \u00eengrijirea zilnic\u0103 a pielii.","breadcrumb":{"@id":"https:\/\/binaturalproducts.com\/termek\/szerum-problemas-arcborre\/#breadcrumb"},"inLanguage":"ro-RO","potentialAction":[{"@type":"ReadAction","target":["https:\/\/binaturalproducts.com\/termek\/szerum-problemas-arcborre\/"]}]},{"@type":"ImageObject","inLanguage":"ro-RO","@id":"https:\/\/binaturalproducts.com\/termek\/szerum-problemas-arcborre\/#primaryimage","url":"https:\/\/binaturalproducts.com\/wp-content\/uploads\/2022\/02\/1667945467898-scaled.jpg","contentUrl":"https:\/\/binaturalproducts.com\/wp-content\/uploads\/2022\/02\/1667945467898-scaled.jpg","width":1568,"height":2560,"caption":"Binatural Products - C-vitamin sz\u00e9rum hialuronsavval"},{"@type":"BreadcrumbList","@id":"https:\/\/binaturalproducts.com\/termek\/szerum-problemas-arcborre\/#breadcrumb","itemListElement":[{"@type":"ListItem","position":1,"name":"Kezd\u0151lap","item":"https:\/\/binaturalproducts.com\/"},{"@type":"ListItem","position":2,"name":"\u00dczlet","item":"https:\/\/binaturalproducts.com\/uzlet\/"},{"@type":"ListItem","position":3,"name":"C-vitamin sz\u00e9rum hialuronsavval"}]},{"@type":"WebSite","@id":"https:\/\/binaturalproducts.com\/#website","url":"https:\/\/binaturalproducts.com\/","name":"Binaturalproducts","description":"PRODUSE NATURALE DIN INIMA TRANSILVANIEI","potentialAction":[{"@type":"SearchAction","target":{"@type":"EntryPoint","urlTemplate":"https:\/\/binaturalproducts.com\/?s={search_term_string}"},"query-input":{"@type":"PropertyValueSpecification","valueRequired":true,"valueName":"search_term_string"}}],"inLanguage":"ro-RO"}]}},"_links":{"self":[{"href":"https:\/\/binaturalproducts.com\/ro\/wp-json\/wp\/v2\/product\/576","targetHints":{"allow":["GET"]}}],"collection":[{"href":"https:\/\/binaturalproducts.com\/ro\/wp-json\/wp\/v2\/product"}],"about":[{"href":"https:\/\/binaturalproducts.com\/ro\/wp-json\/wp\/v2\/types\/product"}],"replies":[{"embeddable":true,"href":"https:\/\/binaturalproducts.com\/ro\/wp-json\/wp\/v2\/comments?post=576"}],"wp:featuredmedia":[{"embeddable":true,"href":"https:\/\/binaturalproducts.com\/ro\/wp-json\/wp\/v2\/media\/890"}],"wp:attachment":[{"href":"https:\/\/binaturalproducts.com\/ro\/wp-json\/wp\/v2\/media?parent=576"}],"wp:term":[{"taxonomy":"product_brand","embeddable":true,"href":"https:\/\/binaturalproducts.com\/ro\/wp-json\/wp\/v2\/product_brand?post=576"},{"taxonomy":"product_cat","embeddable":true,"href":"https:\/\/binaturalproducts.com\/ro\/wp-json\/wp\/v2\/product_cat?post=576"},{"taxonomy":"product_tag","embeddable":true,"href":"https:\/\/binaturalproducts.com\/ro\/wp-json\/wp\/v2\/product_tag?post=576"}],"curies":[{"name":"wp","href":"https:\/\/api.w.org\/{rel}","templated":true}]}}