{"id":527,"date":"2022-02-09T14:45:05","date_gmt":"2022-02-09T12:45:05","guid":{"rendered":"https:\/\/binaturalproducts.com\/?post_type=product&#038;p=527"},"modified":"2026-03-08T20:24:14","modified_gmt":"2026-03-08T18:24:14","slug":"crema-naturala-pentru-fata-hidratanta","status":"publish","type":"product","link":"https:\/\/binaturalproducts.com\/ro\/produs\/crema-naturala-pentru-fata-hidratanta\/","title":{"rendered":"Crem\u0103 natural\u0103 pentru fa\u021b\u0103 hidratant\u0103"},"content":{"rendered":"<div id=\"mount_0_0_C1\">\n<div>\n<div class=\"\">\n<div class=\"rq0escxv l9j0dhe7 du4w35lb\">\n<div class=\"\" data-visualcompletion=\"ignore\">\n<div class=\"poy2od1o i09qtzwb n7fi1qx3\">\n<div class=\"j83agx80 aovydwv3 fbhpx0h9\">\n<div class=\"j83agx80 poy2od1o i09qtzwb esma6hys tkr6xdv7\" data-testid=\"mwchat-tabs\">\n<div class=\"\">\n<div class=\"iqfcb0g7 tojvnm2t a6sixzi8 k5wvi7nf q3lfd5jv pk4s997a bipmatt0 cebpdrjk qowsmv63 owwhemhu dp1hu0rb dhp61c6y l9j0dhe7 iyyx5f41 a8s20v7p\" tabindex=\"-1\">\n<div class=\"datstx6m iqfcb0g7\" tabindex=\"-1\">\n<div class=\"nred35xi eu4i7hue ue3kfks5 pw54ja7n jq4qci2q a3bd9o3v j83agx80 cbu4d94t jbcpqwzg j8pehd6c gu00c43d kwja4m9d l8e2pc74\" data-testid=\"mwchat-tab\">\n<div class=\"buofh1pr j83agx80 cbu4d94t d2edcug0 l9j0dhe7 tgvbjcpo\">\n<div class=\"rj1gh0hx buofh1pr j83agx80 l9j0dhe7 cbu4d94t ni8dbmo4 stjgntxs nwf6jgls\">\n<div class=\"buofh1pr j83agx80 eg9m0zos ni8dbmo4 cbu4d94t gok29vw1 isf3ygkp\" tabindex=\"-1\" data-release-focus-from=\"CLICK\">\n<div data-pagelet=\"MWV2MessageList\">\n<div id=\"jsc_c_rbw\" class=\"ns9esd28 tqkqlopc du4w35lb\" role=\"grid\" data-testid=\"mw_message_list\" aria-label=\"\u00dczenetek besz\u00e9lget\u00e9sben a k\u00f6vetkez\u0151k t\u00e1rsas\u00e1g\u00e1ban: Szak\u00e1cs Istv\u00e1n\">\n<div class=\"__fb-light-mode l9j0dhe7\" role=\"row\">\n<div class=\"\">\n<div class=\"j83agx80 cbu4d94t l9j0dhe7\" tabindex=\"0\" role=\"gridcell\" data-scope=\"messages_table\" data-release-focus-from=\"CLICK\">\n<div class=\"j83agx80\" role=\"none\">\n<div class=\"j83agx80 buofh1pr g5gj957u hpfvmrgz rl25f0pe\" role=\"none\" data-testid=\"message-container\">\n<div class=\"ns4p8fja j83agx80 cbu4d94t a6sixzi8 bkfpd7mw a1xu1aao\" role=\"none\">\n<div class=\"j83agx80 k4urcfbm\" role=\"none\">\n<div class=\"j83agx80 cbu4d94t d2edcug0 l9j0dhe7 aovydwv3\">\n<div class=\"j83agx80 k4urcfbm\" role=\"none\">\n<div class=\"cxgpxx05 d1544ag0 sj5x9vvc tw6a2znq l9j0dhe7 ni8dbmo4 stjgntxs e72ty7fz qlfml3jp inkptoze qmr60zad jm1wdb64 qv66sw1b ljqsnud1 odn2s2vf tkr6xdv7\" role=\"none\">\n<div class=\"rq0escxv l9j0dhe7 du4w35lb __fb-light-mode\" role=\"none\">\n<div class=\"ii04i59q jq4qci2q g9io39s2 ljqsnud1\" dir=\"auto\" role=\"none\"><em>O crem\u0103 de fa\u021b\u0103 natural\u0103 care poate fi folosit\u0103 pentru orice tip de ten, dar mai ales pentru tenul normal sau uscat.<\/em><\/div>\n<div class=\"ii04i59q jq4qci2q g9io39s2 ljqsnud1\" dir=\"auto\" role=\"none\">Baza cremei este untul de shea, uleiul de jojoba \u0219i uleiul de migdale, care este bine tolerat de orice tip de piele \u0219i protejeaz\u0103 pielea de uscare.<\/div>\n<div class=\"ii04i59q jq4qci2q g9io39s2 ljqsnud1\" dir=\"auto\" role=\"none\">Uleiul de migdale este deosebit de bogat \u00een vitaminele E \u0219i K, care ajut\u0103 la men\u021binerea elasticit\u0103\u021bii pielii \u0219i contribuie la reducerea apari\u021biei semnelor de \u00eemb\u0103tr\u00e2nire cauzate de radia\u021biile UV. \u00cen plus, cre\u0219te circula\u021bia s\u00e2ngelui, ajut\u00e2nd astfel la eliminarea toxinelor \u0219i la dezvoltarea pielii mai proasp\u0103t\u0103, mai str\u0103lucitoare.<\/div>\n<div class=\"ii04i59q jq4qci2q g9io39s2 ljqsnud1\" dir=\"auto\" role=\"none\">\n<p>Az arckr\u00e9m illat\u00e1t a nyugodt, k\u00f6nny\u0171 levendula ill\u00f3olaj adja.<\/p>\n<\/div>\n<div dir=\"auto\" role=\"none\">\n<p><strong>Ingrediente: glucozid\u0103 de cocos, ap\u0103 de lev\u0103n\u021bic\u0103, ulei de mu\u0219e\u021bel, ulei esen\u021bial de lev\u0103n\u021bic\u0103, conservant natural.<\/strong><\/p>\n<p>&nbsp;<\/p>\n<\/div>\n<div dir=\"auto\" role=\"none\">\n<p><strong>Mod de folosire<\/strong>: aplica\u021bi cu m\u00e2inile curate, cu mi\u0219c\u0103ri circulare, pe pielea cur\u0103\u021bat\u0103.<\/p>\n<\/div>\n<div dir=\"auto\" role=\"none\">\n<p><strong>Depozitare<\/strong>: se pastreaz\u0103 la frigider!<\/p>\n<\/div>\n<div dir=\"auto\" role=\"none\">\n<p>Este valabil p\u00e2n\u0103 la data indicat\u0103 pe etichet\u0103.<\/p>\n<\/div>\n<div dir=\"auto\" role=\"none\"><strong>e<\/strong> 50ml<\/div>\n<\/div>\n<\/div>\n<\/div>\n<\/div>\n<\/div>\n<\/div>\n<\/div>\n<\/div>\n<\/div>\n<\/div>\n<\/div>\n<\/div>\n<\/div>\n<\/div>\n<\/div>\n<\/div>\n<\/div>\n<\/div>\n<\/div>\n<\/div>\n<\/div>\n<\/div>\n<\/div>\n<\/div>\n<\/div>\n<\/div>\n<\/div>\n<\/div>","protected":false},"excerpt":{"rendered":"<p>O crem\u0103 de fa\u021b\u0103 natural\u0103 care poate fi folosit\u0103 pentru orice tip de piele, dar mai ales pentru piele normal sau uscat. Baza cremei este untul de shea, uleiul de jojoba \u0219i uleiul de migdale, care este bine tolerat de orice tip de piele \u0219i protejeaz\u0103 pielea de uscare.<\/p>","protected":false},"featured_media":630,"comment_status":"open","ping_status":"closed","template":"","meta":[],"product_brand":[],"product_cat":[45,41],"product_tag":[],"class_list":{"0":"post-527","1":"product","2":"type-product","3":"status-publish","4":"has-post-thumbnail","6":"product_cat-osszes","7":"product_cat-arcapolas","9":"first","10":"instock","11":"shipping-taxable","12":"purchasable","13":"product-type-simple"},"yoast_head":"<!-- This site is optimized with the Yoast SEO plugin v27.4 - https:\/\/yoast.com\/product\/yoast-seo-wordpress\/ -->\n<title>Nat\u00far hidrat\u00e1l\u00f3 arckr\u00e9m - Binaturalproducts<\/title>\n<meta name=\"description\" content=\"Nat\u00far arckr\u00e9m, amely b\u00e1rmilyen b\u0151rt\u00edpusra alkalmazhat\u00f3, de kiv\u00e1ltk\u00e9pp a norm\u00e1l vagy sz\u00e1raz b\u0151rre. A kr\u00e9m alapja a shea vaj, jojobaolaj, \u00e9s a mandulaolaj\" \/>\n<meta name=\"robots\" content=\"index, follow, max-snippet:-1, max-image-preview:large, max-video-preview:-1\" \/>\n<link rel=\"canonical\" href=\"https:\/\/binaturalproducts.com\/ro\/produs\/crema-naturala-pentru-fata-hidratanta\/\" \/>\n<meta property=\"og:locale\" content=\"ro_RO\" \/>\n<meta property=\"og:type\" content=\"article\" \/>\n<meta property=\"og:title\" content=\"Nat\u00far hidrat\u00e1l\u00f3 arckr\u00e9m - Binaturalproducts\" \/>\n<meta property=\"og:description\" content=\"Nat\u00far arckr\u00e9m, amely b\u00e1rmilyen b\u0151rt\u00edpusra alkalmazhat\u00f3, de kiv\u00e1ltk\u00e9pp a norm\u00e1l vagy sz\u00e1raz b\u0151rre. A kr\u00e9m alapja a shea vaj, jojobaolaj, \u00e9s a mandulaolaj\" \/>\n<meta property=\"og:url\" content=\"https:\/\/binaturalproducts.com\/ro\/produs\/crema-naturala-pentru-fata-hidratanta\/\" \/>\n<meta property=\"og:site_name\" content=\"Binaturalproducts\" \/>\n<meta property=\"article:modified_time\" content=\"2026-03-08T18:24:14+00:00\" \/>\n<meta property=\"og:image\" content=\"https:\/\/binaturalproducts.com\/wp-content\/uploads\/2022\/02\/IMG_20220404_2355121-scaled.jpg\" \/>\n\t<meta property=\"og:image:width\" content=\"2541\" \/>\n\t<meta property=\"og:image:height\" content=\"2560\" \/>\n\t<meta property=\"og:image:type\" content=\"image\/jpeg\" \/>\n<meta name=\"twitter:card\" content=\"summary_large_image\" \/>\n<meta name=\"twitter:label1\" content=\"Timp estimat pentru citire\" \/>\n\t<meta name=\"twitter:data1\" content=\"1 minut\" \/>\n<script type=\"application\/ld+json\" class=\"yoast-schema-graph\">{\"@context\":\"https:\\\/\\\/schema.org\",\"@graph\":[{\"@type\":\"WebPage\",\"@id\":\"https:\\\/\\\/binaturalproducts.com\\\/termek\\\/natur-hidratalo-arckrem\\\/\",\"url\":\"https:\\\/\\\/binaturalproducts.com\\\/termek\\\/natur-hidratalo-arckrem\\\/\",\"name\":\"Nat\u00far hidrat\u00e1l\u00f3 arckr\u00e9m - Binaturalproducts\",\"isPartOf\":{\"@id\":\"https:\\\/\\\/binaturalproducts.com\\\/#website\"},\"primaryImageOfPage\":{\"@id\":\"https:\\\/\\\/binaturalproducts.com\\\/termek\\\/natur-hidratalo-arckrem\\\/#primaryimage\"},\"image\":{\"@id\":\"https:\\\/\\\/binaturalproducts.com\\\/termek\\\/natur-hidratalo-arckrem\\\/#primaryimage\"},\"thumbnailUrl\":\"https:\\\/\\\/binaturalproducts.com\\\/wp-content\\\/uploads\\\/2022\\\/02\\\/IMG_20220404_2355121-scaled.jpg\",\"datePublished\":\"2022-02-09T12:45:05+00:00\",\"dateModified\":\"2026-03-08T18:24:14+00:00\",\"description\":\"Nat\u00far arckr\u00e9m, amely b\u00e1rmilyen b\u0151rt\u00edpusra alkalmazhat\u00f3, de kiv\u00e1ltk\u00e9pp a norm\u00e1l vagy sz\u00e1raz b\u0151rre. A kr\u00e9m alapja a shea vaj, jojobaolaj, \u00e9s a mandulaolaj\",\"breadcrumb\":{\"@id\":\"https:\\\/\\\/binaturalproducts.com\\\/termek\\\/natur-hidratalo-arckrem\\\/#breadcrumb\"},\"inLanguage\":\"ro-RO\",\"potentialAction\":[{\"@type\":\"ReadAction\",\"target\":[\"https:\\\/\\\/binaturalproducts.com\\\/termek\\\/natur-hidratalo-arckrem\\\/\"]}]},{\"@type\":\"ImageObject\",\"inLanguage\":\"ro-RO\",\"@id\":\"https:\\\/\\\/binaturalproducts.com\\\/termek\\\/natur-hidratalo-arckrem\\\/#primaryimage\",\"url\":\"https:\\\/\\\/binaturalproducts.com\\\/wp-content\\\/uploads\\\/2022\\\/02\\\/IMG_20220404_2355121-scaled.jpg\",\"contentUrl\":\"https:\\\/\\\/binaturalproducts.com\\\/wp-content\\\/uploads\\\/2022\\\/02\\\/IMG_20220404_2355121-scaled.jpg\",\"width\":2541,\"height\":2560,\"caption\":\"Binatural Products - Nat\u00far hidrat\u00e1l\u00f3 arckr\u00e9m\"},{\"@type\":\"BreadcrumbList\",\"@id\":\"https:\\\/\\\/binaturalproducts.com\\\/termek\\\/natur-hidratalo-arckrem\\\/#breadcrumb\",\"itemListElement\":[{\"@type\":\"ListItem\",\"position\":1,\"name\":\"Kezd\u0151lap\",\"item\":\"https:\\\/\\\/binaturalproducts.com\\\/\"},{\"@type\":\"ListItem\",\"position\":2,\"name\":\"\u00dczlet\",\"item\":\"https:\\\/\\\/binaturalproducts.com\\\/uzlet\\\/\"},{\"@type\":\"ListItem\",\"position\":3,\"name\":\"Nat\u00far hidrat\u00e1l\u00f3 arckr\u00e9m\"}]},{\"@type\":\"WebSite\",\"@id\":\"https:\\\/\\\/binaturalproducts.com\\\/#website\",\"url\":\"https:\\\/\\\/binaturalproducts.com\\\/\",\"name\":\"Binaturalproducts\",\"description\":\"Nat\u00far term\u00e9kek Erd\u00e9ly sz\u00edv\u00e9b\u0151l\",\"potentialAction\":[{\"@type\":\"SearchAction\",\"target\":{\"@type\":\"EntryPoint\",\"urlTemplate\":\"https:\\\/\\\/binaturalproducts.com\\\/?s={search_term_string}\"},\"query-input\":{\"@type\":\"PropertyValueSpecification\",\"valueRequired\":true,\"valueName\":\"search_term_string\"}}],\"inLanguage\":\"ro-RO\"}]}<\/script>\n<!-- \/ Yoast SEO plugin. -->","yoast_head_json":{"title":"Crem\u0103 natural\u0103 pentru fa\u021b\u0103 hidratant\u0103 - Binaturalproducts","description":"O crem\u0103 de fa\u021b\u0103 natural\u0103 care poate fi folosit\u0103 pentru orice tip de piele, dar mai ales pentru piele normal sau uscat.","robots":{"index":"index","follow":"follow","max-snippet":"max-snippet:-1","max-image-preview":"max-image-preview:large","max-video-preview":"max-video-preview:-1"},"canonical":"https:\/\/binaturalproducts.com\/ro\/produs\/crema-naturala-pentru-fata-hidratanta\/","og_locale":"ro_RO","og_type":"article","og_title":"Nat\u00far hidrat\u00e1l\u00f3 arckr\u00e9m - Binaturalproducts","og_description":"Nat\u00far arckr\u00e9m, amely b\u00e1rmilyen b\u0151rt\u00edpusra alkalmazhat\u00f3, de kiv\u00e1ltk\u00e9pp a norm\u00e1l vagy sz\u00e1raz b\u0151rre. A kr\u00e9m alapja a shea vaj, jojobaolaj, \u00e9s a mandulaolaj","og_url":"https:\/\/binaturalproducts.com\/ro\/produs\/crema-naturala-pentru-fata-hidratanta\/","og_site_name":"Binaturalproducts","article_modified_time":"2026-03-08T18:24:14+00:00","og_image":[{"width":2541,"height":2560,"url":"https:\/\/binaturalproducts.com\/wp-content\/uploads\/2022\/02\/IMG_20220404_2355121-scaled.jpg","type":"image\/jpeg"}],"twitter_card":"summary_large_image","twitter_misc":{"Timp estimat pentru citire":"1 minut"},"schema":{"@context":"https:\/\/schema.org","@graph":[{"@type":"WebPage","@id":"https:\/\/binaturalproducts.com\/termek\/natur-hidratalo-arckrem\/","url":"https:\/\/binaturalproducts.com\/termek\/natur-hidratalo-arckrem\/","name":"Crem\u0103 natural\u0103 pentru fa\u021b\u0103 hidratant\u0103 - Binaturalproducts","isPartOf":{"@id":"https:\/\/binaturalproducts.com\/#website"},"primaryImageOfPage":{"@id":"https:\/\/binaturalproducts.com\/termek\/natur-hidratalo-arckrem\/#primaryimage"},"image":{"@id":"https:\/\/binaturalproducts.com\/termek\/natur-hidratalo-arckrem\/#primaryimage"},"thumbnailUrl":"https:\/\/binaturalproducts.com\/wp-content\/uploads\/2022\/02\/IMG_20220404_2355121-scaled.jpg","datePublished":"2022-02-09T12:45:05+00:00","dateModified":"2026-03-08T18:24:14+00:00","description":"O crem\u0103 de fa\u021b\u0103 natural\u0103 care poate fi folosit\u0103 pentru orice tip de piele, dar mai ales pentru piele normal sau uscat.","breadcrumb":{"@id":"https:\/\/binaturalproducts.com\/termek\/natur-hidratalo-arckrem\/#breadcrumb"},"inLanguage":"ro-RO","potentialAction":[{"@type":"ReadAction","target":["https:\/\/binaturalproducts.com\/termek\/natur-hidratalo-arckrem\/"]}]},{"@type":"ImageObject","inLanguage":"ro-RO","@id":"https:\/\/binaturalproducts.com\/termek\/natur-hidratalo-arckrem\/#primaryimage","url":"https:\/\/binaturalproducts.com\/wp-content\/uploads\/2022\/02\/IMG_20220404_2355121-scaled.jpg","contentUrl":"https:\/\/binaturalproducts.com\/wp-content\/uploads\/2022\/02\/IMG_20220404_2355121-scaled.jpg","width":2541,"height":2560,"caption":"Binatural Products - Nat\u00far hidrat\u00e1l\u00f3 arckr\u00e9m"},{"@type":"BreadcrumbList","@id":"https:\/\/binaturalproducts.com\/termek\/natur-hidratalo-arckrem\/#breadcrumb","itemListElement":[{"@type":"ListItem","position":1,"name":"Kezd\u0151lap","item":"https:\/\/binaturalproducts.com\/"},{"@type":"ListItem","position":2,"name":"\u00dczlet","item":"https:\/\/binaturalproducts.com\/uzlet\/"},{"@type":"ListItem","position":3,"name":"Nat\u00far hidrat\u00e1l\u00f3 arckr\u00e9m"}]},{"@type":"WebSite","@id":"https:\/\/binaturalproducts.com\/#website","url":"https:\/\/binaturalproducts.com\/","name":"Binaturalproducts","description":"PRODUSE NATURALE DIN INIMA TRANSILVANIEI","potentialAction":[{"@type":"SearchAction","target":{"@type":"EntryPoint","urlTemplate":"https:\/\/binaturalproducts.com\/?s={search_term_string}"},"query-input":{"@type":"PropertyValueSpecification","valueRequired":true,"valueName":"search_term_string"}}],"inLanguage":"ro-RO"}]}},"_links":{"self":[{"href":"https:\/\/binaturalproducts.com\/ro\/wp-json\/wp\/v2\/product\/527","targetHints":{"allow":["GET"]}}],"collection":[{"href":"https:\/\/binaturalproducts.com\/ro\/wp-json\/wp\/v2\/product"}],"about":[{"href":"https:\/\/binaturalproducts.com\/ro\/wp-json\/wp\/v2\/types\/product"}],"replies":[{"embeddable":true,"href":"https:\/\/binaturalproducts.com\/ro\/wp-json\/wp\/v2\/comments?post=527"}],"wp:featuredmedia":[{"embeddable":true,"href":"https:\/\/binaturalproducts.com\/ro\/wp-json\/wp\/v2\/media\/630"}],"wp:attachment":[{"href":"https:\/\/binaturalproducts.com\/ro\/wp-json\/wp\/v2\/media?parent=527"}],"wp:term":[{"taxonomy":"product_brand","embeddable":true,"href":"https:\/\/binaturalproducts.com\/ro\/wp-json\/wp\/v2\/product_brand?post=527"},{"taxonomy":"product_cat","embeddable":true,"href":"https:\/\/binaturalproducts.com\/ro\/wp-json\/wp\/v2\/product_cat?post=527"},{"taxonomy":"product_tag","embeddable":true,"href":"https:\/\/binaturalproducts.com\/ro\/wp-json\/wp\/v2\/product_tag?post=527"}],"curies":[{"name":"wp","href":"https:\/\/api.w.org\/{rel}","templated":true}]}}