{"id":520,"date":"2022-02-02T22:41:59","date_gmt":"2022-02-02T20:41:59","guid":{"rendered":"https:\/\/binaturalproducts.com\/?post_type=product&#038;p=520"},"modified":"2026-01-21T18:43:13","modified_gmt":"2026-01-21T16:43:13","slug":"rancfeltolto-feszesito-szerum","status":"publish","type":"product","link":"https:\/\/binaturalproducts.com\/ro\/produs\/rancfeltolto-feszesito-szerum\/","title":{"rendered":"Antiage argireline serum- ser antirid"},"content":{"rendered":"<p><strong>Ser hranitor, fermant<\/strong>, care <em>reduce profunzimea ridurilor, netezeste pielea si previne formarea de noi riduri.<\/em> Printre ingrediente se num\u0103r\u0103: <strong>apa de trandafiri,<\/strong> care, pe l\u00e2ng\u0103 aroma sa \u00eenc\u00e2nt\u0103toare, are \u0219i propriet\u0103\u021bi de \u00eembun\u0103t\u0103\u021bire a tonusului \u0219i de revigorare. Ingrediente eficiente precum <strong>peptide<\/strong>, care, conform stadiului actual al \u0219tiin\u021bei, sunt substan\u021be anti-\u00eemb\u0103tr\u00e2nire \u0219i comunicatoare celulare foarte eficiente prin utilizarea lor regulat\u0103, deoarece sunt capabile s\u0103 stimuleze celulele noastre s\u0103 produc\u0103 colagen, dar particip\u0103 \u0219i la procesul de vindecare a r\u0103nilor fiind capabil s\u0103 livreze cupru \u00een piele.<\/p>\n<p>Urm\u0103toarele ingrediente noastre star anti-\u00eemb\u0103tr\u00e2nire sunt: <strong>Extractul de alge<\/strong>,responsabil pentru o piele cu aspect mai ferm si <strong>lipidele,<\/strong> care o fac mai protejat\u0103 pielea.<\/p>\n<p><strong>Mod de folosire<\/strong>: aplica\u021bi c\u00e2teva pic\u0103turi pe fa\u021ba cur\u0103\u021bat\u0103 diminea\u021ba sau seara, cu ajutorul unui deget, urmate de o crem\u0103 hidratant\u0103.<\/p>\n<p><strong>Depozitare:<\/strong> se pastreaza \u00eentr-un loc uscat \u0219i r\u0103coros. \nDupa deschidere a se patra la frigider!<\/p>\n<p><strong>e<\/strong> 10 ml<\/p>","protected":false},"excerpt":{"rendered":"<p>Ser hr\u0103nitor \u0219i fermant, care reduce profunzimea ridurilor, neteze\u0219te pielea \u0219i ac\u021bioneaz\u0103 \u00eempotriva form\u0103rii de noi riduri.<\/p>","protected":false},"featured_media":5327,"comment_status":"open","ping_status":"closed","template":"","meta":[],"product_brand":[],"product_cat":[45,32,41],"product_tag":[],"class_list":{"0":"post-520","1":"product","2":"type-product","3":"status-publish","4":"has-post-thumbnail","6":"product_cat-osszes","7":"product_cat-testapolas","8":"product_cat-arcapolas","10":"first","11":"instock","12":"sale","13":"shipping-taxable","14":"purchasable","15":"product-type-simple"},"yoast_head":"<!-- This site is optimized with the Yoast SEO plugin v27.4 - https:\/\/yoast.com\/product\/yoast-seo-wordpress\/ -->\n<title>B\u0151rfeszes\u00edt\u0151 sz\u00e9rum - Binaturalproducts<\/title>\n<meta name=\"description\" content=\"T\u00e1pl\u00e1l\u00f3, feszes\u00edt\u0151 sz\u00e9rum, amely cs\u00f6kkenti a r\u00e1ncok m\u00e9lys\u00e9g\u00e9t, kisim\u00edtja a b\u0151rt, illetve fell\u00e9p az \u00fajabb r\u00e1ncok kialakul\u00e1sa ellen.\" \/>\n<meta name=\"robots\" content=\"index, follow, max-snippet:-1, max-image-preview:large, max-video-preview:-1\" \/>\n<link rel=\"canonical\" href=\"https:\/\/binaturalproducts.com\/ro\/produs\/rancfeltolto-feszesito-szerum\/\" \/>\n<meta property=\"og:locale\" content=\"ro_RO\" \/>\n<meta property=\"og:type\" content=\"article\" \/>\n<meta property=\"og:title\" content=\"B\u0151rfeszes\u00edt\u0151 sz\u00e9rum - Binaturalproducts\" \/>\n<meta property=\"og:description\" content=\"T\u00e1pl\u00e1l\u00f3, feszes\u00edt\u0151 sz\u00e9rum, amely cs\u00f6kkenti a r\u00e1ncok m\u00e9lys\u00e9g\u00e9t, kisim\u00edtja a b\u0151rt, illetve fell\u00e9p az \u00fajabb r\u00e1ncok kialakul\u00e1sa ellen.\" \/>\n<meta property=\"og:url\" content=\"https:\/\/binaturalproducts.com\/ro\/produs\/rancfeltolto-feszesito-szerum\/\" \/>\n<meta property=\"og:site_name\" content=\"Binaturalproducts\" \/>\n<meta property=\"article:modified_time\" content=\"2026-01-21T16:43:13+00:00\" \/>\n<meta property=\"og:image\" content=\"https:\/\/binaturalproducts.com\/wp-content\/uploads\/2022\/02\/IMG_20241020_154917-1-1.jpg\" \/>\n\t<meta property=\"og:image:width\" content=\"1920\" \/>\n\t<meta property=\"og:image:height\" content=\"1450\" \/>\n\t<meta property=\"og:image:type\" content=\"image\/jpeg\" \/>\n<meta name=\"twitter:card\" content=\"summary_large_image\" \/>\n<meta name=\"twitter:label1\" content=\"Timp estimat pentru citire\" \/>\n\t<meta name=\"twitter:data1\" content=\"1 minut\" \/>\n<script type=\"application\/ld+json\" class=\"yoast-schema-graph\">{\"@context\":\"https:\\\/\\\/schema.org\",\"@graph\":[{\"@type\":\"WebPage\",\"@id\":\"https:\\\/\\\/binaturalproducts.com\\\/termek\\\/rancfeltolto-feszesito-szerum\\\/\",\"url\":\"https:\\\/\\\/binaturalproducts.com\\\/termek\\\/rancfeltolto-feszesito-szerum\\\/\",\"name\":\"B\u0151rfeszes\u00edt\u0151 sz\u00e9rum - Binaturalproducts\",\"isPartOf\":{\"@id\":\"https:\\\/\\\/binaturalproducts.com\\\/#website\"},\"primaryImageOfPage\":{\"@id\":\"https:\\\/\\\/binaturalproducts.com\\\/termek\\\/rancfeltolto-feszesito-szerum\\\/#primaryimage\"},\"image\":{\"@id\":\"https:\\\/\\\/binaturalproducts.com\\\/termek\\\/rancfeltolto-feszesito-szerum\\\/#primaryimage\"},\"thumbnailUrl\":\"https:\\\/\\\/binaturalproducts.com\\\/wp-content\\\/uploads\\\/2022\\\/02\\\/IMG_20241020_154917-1-1.jpg\",\"datePublished\":\"2022-02-02T20:41:59+00:00\",\"dateModified\":\"2026-01-21T16:43:13+00:00\",\"description\":\"T\u00e1pl\u00e1l\u00f3, feszes\u00edt\u0151 sz\u00e9rum, amely cs\u00f6kkenti a r\u00e1ncok m\u00e9lys\u00e9g\u00e9t, kisim\u00edtja a b\u0151rt, illetve fell\u00e9p az \u00fajabb r\u00e1ncok kialakul\u00e1sa ellen.\",\"breadcrumb\":{\"@id\":\"https:\\\/\\\/binaturalproducts.com\\\/termek\\\/rancfeltolto-feszesito-szerum\\\/#breadcrumb\"},\"inLanguage\":\"ro-RO\",\"potentialAction\":[{\"@type\":\"ReadAction\",\"target\":[\"https:\\\/\\\/binaturalproducts.com\\\/termek\\\/rancfeltolto-feszesito-szerum\\\/\"]}]},{\"@type\":\"ImageObject\",\"inLanguage\":\"ro-RO\",\"@id\":\"https:\\\/\\\/binaturalproducts.com\\\/termek\\\/rancfeltolto-feszesito-szerum\\\/#primaryimage\",\"url\":\"https:\\\/\\\/binaturalproducts.com\\\/wp-content\\\/uploads\\\/2022\\\/02\\\/IMG_20241020_154917-1-1.jpg\",\"contentUrl\":\"https:\\\/\\\/binaturalproducts.com\\\/wp-content\\\/uploads\\\/2022\\\/02\\\/IMG_20241020_154917-1-1.jpg\",\"width\":1920,\"height\":1450},{\"@type\":\"BreadcrumbList\",\"@id\":\"https:\\\/\\\/binaturalproducts.com\\\/termek\\\/rancfeltolto-feszesito-szerum\\\/#breadcrumb\",\"itemListElement\":[{\"@type\":\"ListItem\",\"position\":1,\"name\":\"Kezd\u0151lap\",\"item\":\"https:\\\/\\\/binaturalproducts.com\\\/\"},{\"@type\":\"ListItem\",\"position\":2,\"name\":\"\u00dczlet\",\"item\":\"https:\\\/\\\/binaturalproducts.com\\\/uzlet\\\/\"},{\"@type\":\"ListItem\",\"position\":3,\"name\":\"B\u0151rfeszes\u00edt\u0151 sz\u00e9rum\"}]},{\"@type\":\"WebSite\",\"@id\":\"https:\\\/\\\/binaturalproducts.com\\\/#website\",\"url\":\"https:\\\/\\\/binaturalproducts.com\\\/\",\"name\":\"Binaturalproducts\",\"description\":\"Nat\u00far term\u00e9kek Erd\u00e9ly sz\u00edv\u00e9b\u0151l\",\"potentialAction\":[{\"@type\":\"SearchAction\",\"target\":{\"@type\":\"EntryPoint\",\"urlTemplate\":\"https:\\\/\\\/binaturalproducts.com\\\/?s={search_term_string}\"},\"query-input\":{\"@type\":\"PropertyValueSpecification\",\"valueRequired\":true,\"valueName\":\"search_term_string\"}}],\"inLanguage\":\"ro-RO\"}]}<\/script>\n<!-- \/ Yoast SEO plugin. -->","yoast_head_json":{"title":"Antiage argireline serum - ser antirid - Binaturalproducts","description":"Ser hr\u0103nitor \u0219i fermant, care reduce profunzimea ridurilor, neteze\u0219te pielea \u0219i ac\u021bioneaz\u0103 \u00eempotriva form\u0103rii de noi riduri.","robots":{"index":"index","follow":"follow","max-snippet":"max-snippet:-1","max-image-preview":"max-image-preview:large","max-video-preview":"max-video-preview:-1"},"canonical":"https:\/\/binaturalproducts.com\/ro\/produs\/rancfeltolto-feszesito-szerum\/","og_locale":"ro_RO","og_type":"article","og_title":"B\u0151rfeszes\u00edt\u0151 sz\u00e9rum - Binaturalproducts","og_description":"T\u00e1pl\u00e1l\u00f3, feszes\u00edt\u0151 sz\u00e9rum, amely cs\u00f6kkenti a r\u00e1ncok m\u00e9lys\u00e9g\u00e9t, kisim\u00edtja a b\u0151rt, illetve fell\u00e9p az \u00fajabb r\u00e1ncok kialakul\u00e1sa ellen.","og_url":"https:\/\/binaturalproducts.com\/ro\/produs\/rancfeltolto-feszesito-szerum\/","og_site_name":"Binaturalproducts","article_modified_time":"2026-01-21T16:43:13+00:00","og_image":[{"width":1920,"height":1450,"url":"https:\/\/binaturalproducts.com\/wp-content\/uploads\/2022\/02\/IMG_20241020_154917-1-1.jpg","type":"image\/jpeg"}],"twitter_card":"summary_large_image","twitter_misc":{"Timp estimat pentru citire":"1 minut"},"schema":{"@context":"https:\/\/schema.org","@graph":[{"@type":"WebPage","@id":"https:\/\/binaturalproducts.com\/termek\/rancfeltolto-feszesito-szerum\/","url":"https:\/\/binaturalproducts.com\/termek\/rancfeltolto-feszesito-szerum\/","name":"Antiage argireline serum - ser antirid - Binaturalproducts","isPartOf":{"@id":"https:\/\/binaturalproducts.com\/#website"},"primaryImageOfPage":{"@id":"https:\/\/binaturalproducts.com\/termek\/rancfeltolto-feszesito-szerum\/#primaryimage"},"image":{"@id":"https:\/\/binaturalproducts.com\/termek\/rancfeltolto-feszesito-szerum\/#primaryimage"},"thumbnailUrl":"https:\/\/binaturalproducts.com\/wp-content\/uploads\/2022\/02\/IMG_20241020_154917-1-1.jpg","datePublished":"2022-02-02T20:41:59+00:00","dateModified":"2026-01-21T16:43:13+00:00","description":"Ser hr\u0103nitor \u0219i fermant, care reduce profunzimea ridurilor, neteze\u0219te pielea \u0219i ac\u021bioneaz\u0103 \u00eempotriva form\u0103rii de noi riduri.","breadcrumb":{"@id":"https:\/\/binaturalproducts.com\/termek\/rancfeltolto-feszesito-szerum\/#breadcrumb"},"inLanguage":"ro-RO","potentialAction":[{"@type":"ReadAction","target":["https:\/\/binaturalproducts.com\/termek\/rancfeltolto-feszesito-szerum\/"]}]},{"@type":"ImageObject","inLanguage":"ro-RO","@id":"https:\/\/binaturalproducts.com\/termek\/rancfeltolto-feszesito-szerum\/#primaryimage","url":"https:\/\/binaturalproducts.com\/wp-content\/uploads\/2022\/02\/IMG_20241020_154917-1-1.jpg","contentUrl":"https:\/\/binaturalproducts.com\/wp-content\/uploads\/2022\/02\/IMG_20241020_154917-1-1.jpg","width":1920,"height":1450},{"@type":"BreadcrumbList","@id":"https:\/\/binaturalproducts.com\/termek\/rancfeltolto-feszesito-szerum\/#breadcrumb","itemListElement":[{"@type":"ListItem","position":1,"name":"Kezd\u0151lap","item":"https:\/\/binaturalproducts.com\/"},{"@type":"ListItem","position":2,"name":"\u00dczlet","item":"https:\/\/binaturalproducts.com\/uzlet\/"},{"@type":"ListItem","position":3,"name":"B\u0151rfeszes\u00edt\u0151 sz\u00e9rum"}]},{"@type":"WebSite","@id":"https:\/\/binaturalproducts.com\/#website","url":"https:\/\/binaturalproducts.com\/","name":"Binaturalproducts","description":"PRODUSE NATURALE DIN INIMA TRANSILVANIEI","potentialAction":[{"@type":"SearchAction","target":{"@type":"EntryPoint","urlTemplate":"https:\/\/binaturalproducts.com\/?s={search_term_string}"},"query-input":{"@type":"PropertyValueSpecification","valueRequired":true,"valueName":"search_term_string"}}],"inLanguage":"ro-RO"}]}},"_links":{"self":[{"href":"https:\/\/binaturalproducts.com\/ro\/wp-json\/wp\/v2\/product\/520","targetHints":{"allow":["GET"]}}],"collection":[{"href":"https:\/\/binaturalproducts.com\/ro\/wp-json\/wp\/v2\/product"}],"about":[{"href":"https:\/\/binaturalproducts.com\/ro\/wp-json\/wp\/v2\/types\/product"}],"replies":[{"embeddable":true,"href":"https:\/\/binaturalproducts.com\/ro\/wp-json\/wp\/v2\/comments?post=520"}],"wp:featuredmedia":[{"embeddable":true,"href":"https:\/\/binaturalproducts.com\/ro\/wp-json\/wp\/v2\/media\/5327"}],"wp:attachment":[{"href":"https:\/\/binaturalproducts.com\/ro\/wp-json\/wp\/v2\/media?parent=520"}],"wp:term":[{"taxonomy":"product_brand","embeddable":true,"href":"https:\/\/binaturalproducts.com\/ro\/wp-json\/wp\/v2\/product_brand?post=520"},{"taxonomy":"product_cat","embeddable":true,"href":"https:\/\/binaturalproducts.com\/ro\/wp-json\/wp\/v2\/product_cat?post=520"},{"taxonomy":"product_tag","embeddable":true,"href":"https:\/\/binaturalproducts.com\/ro\/wp-json\/wp\/v2\/product_tag?post=520"}],"curies":[{"name":"wp","href":"https:\/\/api.w.org\/{rel}","templated":true}]}}