{"id":5154,"date":"2024-07-30T16:28:05","date_gmt":"2024-07-30T14:28:05","guid":{"rendered":"https:\/\/binaturalproducts.com\/?post_type=product&#038;p=5154"},"modified":"2025-09-02T10:49:46","modified_gmt":"2025-09-02T08:49:46","slug":"kedvezmenyes-csomag-gondor-vagy-szaraz-hajra","status":"publish","type":"product","link":"https:\/\/binaturalproducts.com\/ro\/produs\/kedvezmenyes-csomag-gondor-vagy-szaraz-hajra\/","title":{"rendered":"Kedvezm\u00e9nyes csomag g\u00f6nd\u00f6r- vagy sz\u00e1raz hajra"},"content":{"rendered":"<p>Ez a csomag tartalmazza mindazt ami seg\u00edthet a k\u00f3cos, t\u00f6redezett, ig\u00e9nybe vett hajsz\u00e1lak kezel\u00e9s\u00e9ben.<\/p>\n<p>1 db mang\u00f3 var\u00e1zs sampont\u00f6mb- nagyon j\u00f3l habzik, k\u00edm\u00e9letes a fejb\u0151rrel. T\u00e1pl\u00e1l\u00f3 vajakb\u00f3l \u00e9s akt\u00edv hat\u00f3anyagokb\u00f3l k\u00e9sz\u00fclt,\u00a0<a href=\"https:\/\/binaturalproducts.com\/ro\/produs\/mango-magic-bloc-de-sampon-natural-pentru-hranire-si-intarire-a-parului\/\">cite\u0219te mai multe aici<\/a> .<\/p>\n<p>1 db hajbalzsam t\u00f6mb-kondicion\u00e1l\u00f3 hat\u00e1sa is van, nemcsak f\u00e9nyesebb\u00e9, hanem k\u00f6nnyen kif\u00e9s\u00fclhet\u0151bb\u00e9 \u00e9s eg\u00e9szs\u00e9gesebb\u00e9 teszi a hajkoron\u00e1t.\u00a0<a href=\"https:\/\/binaturalproducts.com\/ro\/produs\/balsam-de-par-solid-cu-vitamina-b5\/\">cite\u0219te mai multe aici<\/a><\/p>\n<p>1 db regener\u00e1l\u00f3 hajv\u00e9g\u00e1pol\u00f3 olaj- gondosan \u00f6sszev\u00e1logatott t\u00e1pl\u00e1l\u00f3 olajok \u00f6sszess\u00e9ge \u00e9s a ricinusolajb\u00f3l sz\u00e1rmaztatott \u00a0hat\u00f3anyagok alkotj\u00e1k, amelyek lez\u00e1rj\u00e1k a hajsz\u00e1lak k\u00fcls\u0151 v\u00e9d\u0151r\u00e9teg\u00e9t, a t\u00f6redezett hajv\u00e9geket, feljav\u00edtj\u00e1k \u00e9s megakad\u00e1lyozz\u00e1k a hajsz\u00e1laknak a hajfest\u00e9s, vil\u00e1gos\u00edt\u00f3 korrekci\u00f3, dauer, mos\u00e1s, f\u00e9s\u00fcl\u00e9s okozta k\u00e1rosod\u00e1s\u00e1t.<a href=\"https:\/\/binaturalproducts.com\/ro\/produs\/ulei-regenerant-de-ingrijire-a-parului-cu-ulei-de-argan-si-vitamina-e\/\">Itt tal\u00e1lod<\/a><\/p>\n<p>Dac\u0103 comanda\u021bi acest pachet ve\u021bi economisi 7 lei \u00een compara\u021bie cu comanda individual\u0103.<\/p>","protected":false},"excerpt":{"rendered":"<p>Dac\u0103 comanda\u021bi acest pachet ve\u021bi economisi 7 lei \u00een compara\u021bie cu comanda individual\u0103.<\/p>","protected":false},"featured_media":5157,"comment_status":"open","ping_status":"closed","template":"","meta":[],"product_brand":[],"product_cat":[45,21],"product_tag":[],"class_list":{"0":"post-5154","1":"product","2":"type-product","3":"status-publish","4":"has-post-thumbnail","6":"product_cat-osszes","7":"product_cat-hajapolas","9":"first","10":"instock","11":"sale","12":"shipping-taxable","13":"purchasable","14":"product-type-simple"},"yoast_head":"<!-- This site is optimized with the Yoast SEO plugin v27.4 - https:\/\/yoast.com\/product\/yoast-seo-wordpress\/ -->\n<title>Kedvezm\u00e9nyes csomag g\u00f6nd\u00f6r- vagy sz\u00e1raz hajra - Binaturalproducts<\/title>\n<meta name=\"robots\" content=\"index, follow, max-snippet:-1, max-image-preview:large, max-video-preview:-1\" \/>\n<link rel=\"canonical\" href=\"https:\/\/binaturalproducts.com\/ro\/produs\/kedvezmenyes-csomag-gondor-vagy-szaraz-hajra\/\" \/>\n<meta property=\"og:locale\" content=\"ro_RO\" \/>\n<meta property=\"og:type\" content=\"article\" \/>\n<meta property=\"og:title\" content=\"Kedvezm\u00e9nyes csomag g\u00f6nd\u00f6r- vagy sz\u00e1raz hajra - Binaturalproducts\" \/>\n<meta property=\"og:description\" content=\"Ha ezt a csomagot rendeled meg, akkor 7 lejt takar\u00edtasz meg magadnak.\" \/>\n<meta property=\"og:url\" content=\"https:\/\/binaturalproducts.com\/ro\/produs\/kedvezmenyes-csomag-gondor-vagy-szaraz-hajra\/\" \/>\n<meta property=\"og:site_name\" content=\"Binaturalproducts\" \/>\n<meta property=\"article:modified_time\" content=\"2025-09-02T08:49:46+00:00\" \/>\n<meta property=\"og:image\" content=\"https:\/\/binaturalproducts.com\/wp-content\/uploads\/2024\/07\/IMG_20240226_210859-1-1.jpg\" \/>\n\t<meta property=\"og:image:width\" content=\"1920\" \/>\n\t<meta property=\"og:image:height\" content=\"1378\" \/>\n\t<meta property=\"og:image:type\" content=\"image\/jpeg\" \/>\n<meta name=\"twitter:card\" content=\"summary_large_image\" \/>\n<meta name=\"twitter:label1\" content=\"Timp estimat pentru citire\" \/>\n\t<meta name=\"twitter:data1\" content=\"1 minut\" \/>\n<script type=\"application\/ld+json\" class=\"yoast-schema-graph\">{\"@context\":\"https:\\\/\\\/schema.org\",\"@graph\":[{\"@type\":\"WebPage\",\"@id\":\"https:\\\/\\\/binaturalproducts.com\\\/termek\\\/kedvezmenyes-csomag-gondor-vagy-szaraz-hajra\\\/\",\"url\":\"https:\\\/\\\/binaturalproducts.com\\\/termek\\\/kedvezmenyes-csomag-gondor-vagy-szaraz-hajra\\\/\",\"name\":\"Kedvezm\u00e9nyes csomag g\u00f6nd\u00f6r- vagy sz\u00e1raz hajra - Binaturalproducts\",\"isPartOf\":{\"@id\":\"https:\\\/\\\/binaturalproducts.com\\\/#website\"},\"primaryImageOfPage\":{\"@id\":\"https:\\\/\\\/binaturalproducts.com\\\/termek\\\/kedvezmenyes-csomag-gondor-vagy-szaraz-hajra\\\/#primaryimage\"},\"image\":{\"@id\":\"https:\\\/\\\/binaturalproducts.com\\\/termek\\\/kedvezmenyes-csomag-gondor-vagy-szaraz-hajra\\\/#primaryimage\"},\"thumbnailUrl\":\"https:\\\/\\\/binaturalproducts.com\\\/wp-content\\\/uploads\\\/2024\\\/07\\\/IMG_20240226_210859-1-1.jpg\",\"datePublished\":\"2024-07-30T14:28:05+00:00\",\"dateModified\":\"2025-09-02T08:49:46+00:00\",\"breadcrumb\":{\"@id\":\"https:\\\/\\\/binaturalproducts.com\\\/termek\\\/kedvezmenyes-csomag-gondor-vagy-szaraz-hajra\\\/#breadcrumb\"},\"inLanguage\":\"ro-RO\",\"potentialAction\":[{\"@type\":\"ReadAction\",\"target\":[\"https:\\\/\\\/binaturalproducts.com\\\/termek\\\/kedvezmenyes-csomag-gondor-vagy-szaraz-hajra\\\/\"]}]},{\"@type\":\"ImageObject\",\"inLanguage\":\"ro-RO\",\"@id\":\"https:\\\/\\\/binaturalproducts.com\\\/termek\\\/kedvezmenyes-csomag-gondor-vagy-szaraz-hajra\\\/#primaryimage\",\"url\":\"https:\\\/\\\/binaturalproducts.com\\\/wp-content\\\/uploads\\\/2024\\\/07\\\/IMG_20240226_210859-1-1.jpg\",\"contentUrl\":\"https:\\\/\\\/binaturalproducts.com\\\/wp-content\\\/uploads\\\/2024\\\/07\\\/IMG_20240226_210859-1-1.jpg\",\"width\":1920,\"height\":1378},{\"@type\":\"BreadcrumbList\",\"@id\":\"https:\\\/\\\/binaturalproducts.com\\\/termek\\\/kedvezmenyes-csomag-gondor-vagy-szaraz-hajra\\\/#breadcrumb\",\"itemListElement\":[{\"@type\":\"ListItem\",\"position\":1,\"name\":\"Kezd\u0151lap\",\"item\":\"https:\\\/\\\/binaturalproducts.com\\\/\"},{\"@type\":\"ListItem\",\"position\":2,\"name\":\"\u00dczlet\",\"item\":\"https:\\\/\\\/binaturalproducts.com\\\/uzlet\\\/\"},{\"@type\":\"ListItem\",\"position\":3,\"name\":\"Kedvezm\u00e9nyes csomag g\u00f6nd\u00f6r- vagy sz\u00e1raz hajra\"}]},{\"@type\":\"WebSite\",\"@id\":\"https:\\\/\\\/binaturalproducts.com\\\/#website\",\"url\":\"https:\\\/\\\/binaturalproducts.com\\\/\",\"name\":\"Binaturalproducts\",\"description\":\"Nat\u00far term\u00e9kek Erd\u00e9ly sz\u00edv\u00e9b\u0151l\",\"potentialAction\":[{\"@type\":\"SearchAction\",\"target\":{\"@type\":\"EntryPoint\",\"urlTemplate\":\"https:\\\/\\\/binaturalproducts.com\\\/?s={search_term_string}\"},\"query-input\":{\"@type\":\"PropertyValueSpecification\",\"valueRequired\":true,\"valueName\":\"search_term_string\"}}],\"inLanguage\":\"ro-RO\"}]}<\/script>\n<!-- \/ Yoast SEO plugin. -->","yoast_head_json":{"title":"Kedvezm\u00e9nyes csomag g\u00f6nd\u00f6r- vagy sz\u00e1raz hajra - Binaturalproducts","robots":{"index":"index","follow":"follow","max-snippet":"max-snippet:-1","max-image-preview":"max-image-preview:large","max-video-preview":"max-video-preview:-1"},"canonical":"https:\/\/binaturalproducts.com\/ro\/produs\/kedvezmenyes-csomag-gondor-vagy-szaraz-hajra\/","og_locale":"ro_RO","og_type":"article","og_title":"Kedvezm\u00e9nyes csomag g\u00f6nd\u00f6r- vagy sz\u00e1raz hajra - Binaturalproducts","og_description":"Ha ezt a csomagot rendeled meg, akkor 7 lejt takar\u00edtasz meg magadnak.","og_url":"https:\/\/binaturalproducts.com\/ro\/produs\/kedvezmenyes-csomag-gondor-vagy-szaraz-hajra\/","og_site_name":"Binaturalproducts","article_modified_time":"2025-09-02T08:49:46+00:00","og_image":[{"width":1920,"height":1378,"url":"https:\/\/binaturalproducts.com\/wp-content\/uploads\/2024\/07\/IMG_20240226_210859-1-1.jpg","type":"image\/jpeg"}],"twitter_card":"summary_large_image","twitter_misc":{"Timp estimat pentru citire":"1 minut"},"schema":{"@context":"https:\/\/schema.org","@graph":[{"@type":"WebPage","@id":"https:\/\/binaturalproducts.com\/termek\/kedvezmenyes-csomag-gondor-vagy-szaraz-hajra\/","url":"https:\/\/binaturalproducts.com\/termek\/kedvezmenyes-csomag-gondor-vagy-szaraz-hajra\/","name":"Kedvezm\u00e9nyes csomag g\u00f6nd\u00f6r- vagy sz\u00e1raz hajra - Binaturalproducts","isPartOf":{"@id":"https:\/\/binaturalproducts.com\/#website"},"primaryImageOfPage":{"@id":"https:\/\/binaturalproducts.com\/termek\/kedvezmenyes-csomag-gondor-vagy-szaraz-hajra\/#primaryimage"},"image":{"@id":"https:\/\/binaturalproducts.com\/termek\/kedvezmenyes-csomag-gondor-vagy-szaraz-hajra\/#primaryimage"},"thumbnailUrl":"https:\/\/binaturalproducts.com\/wp-content\/uploads\/2024\/07\/IMG_20240226_210859-1-1.jpg","datePublished":"2024-07-30T14:28:05+00:00","dateModified":"2025-09-02T08:49:46+00:00","breadcrumb":{"@id":"https:\/\/binaturalproducts.com\/termek\/kedvezmenyes-csomag-gondor-vagy-szaraz-hajra\/#breadcrumb"},"inLanguage":"ro-RO","potentialAction":[{"@type":"ReadAction","target":["https:\/\/binaturalproducts.com\/termek\/kedvezmenyes-csomag-gondor-vagy-szaraz-hajra\/"]}]},{"@type":"ImageObject","inLanguage":"ro-RO","@id":"https:\/\/binaturalproducts.com\/termek\/kedvezmenyes-csomag-gondor-vagy-szaraz-hajra\/#primaryimage","url":"https:\/\/binaturalproducts.com\/wp-content\/uploads\/2024\/07\/IMG_20240226_210859-1-1.jpg","contentUrl":"https:\/\/binaturalproducts.com\/wp-content\/uploads\/2024\/07\/IMG_20240226_210859-1-1.jpg","width":1920,"height":1378},{"@type":"BreadcrumbList","@id":"https:\/\/binaturalproducts.com\/termek\/kedvezmenyes-csomag-gondor-vagy-szaraz-hajra\/#breadcrumb","itemListElement":[{"@type":"ListItem","position":1,"name":"Kezd\u0151lap","item":"https:\/\/binaturalproducts.com\/"},{"@type":"ListItem","position":2,"name":"\u00dczlet","item":"https:\/\/binaturalproducts.com\/uzlet\/"},{"@type":"ListItem","position":3,"name":"Kedvezm\u00e9nyes csomag g\u00f6nd\u00f6r- vagy sz\u00e1raz hajra"}]},{"@type":"WebSite","@id":"https:\/\/binaturalproducts.com\/#website","url":"https:\/\/binaturalproducts.com\/","name":"Binaturalproducts","description":"PRODUSE NATURALE DIN INIMA TRANSILVANIEI","potentialAction":[{"@type":"SearchAction","target":{"@type":"EntryPoint","urlTemplate":"https:\/\/binaturalproducts.com\/?s={search_term_string}"},"query-input":{"@type":"PropertyValueSpecification","valueRequired":true,"valueName":"search_term_string"}}],"inLanguage":"ro-RO"}]}},"_links":{"self":[{"href":"https:\/\/binaturalproducts.com\/ro\/wp-json\/wp\/v2\/product\/5154","targetHints":{"allow":["GET"]}}],"collection":[{"href":"https:\/\/binaturalproducts.com\/ro\/wp-json\/wp\/v2\/product"}],"about":[{"href":"https:\/\/binaturalproducts.com\/ro\/wp-json\/wp\/v2\/types\/product"}],"replies":[{"embeddable":true,"href":"https:\/\/binaturalproducts.com\/ro\/wp-json\/wp\/v2\/comments?post=5154"}],"wp:featuredmedia":[{"embeddable":true,"href":"https:\/\/binaturalproducts.com\/ro\/wp-json\/wp\/v2\/media\/5157"}],"wp:attachment":[{"href":"https:\/\/binaturalproducts.com\/ro\/wp-json\/wp\/v2\/media?parent=5154"}],"wp:term":[{"taxonomy":"product_brand","embeddable":true,"href":"https:\/\/binaturalproducts.com\/ro\/wp-json\/wp\/v2\/product_brand?post=5154"},{"taxonomy":"product_cat","embeddable":true,"href":"https:\/\/binaturalproducts.com\/ro\/wp-json\/wp\/v2\/product_cat?post=5154"},{"taxonomy":"product_tag","embeddable":true,"href":"https:\/\/binaturalproducts.com\/ro\/wp-json\/wp\/v2\/product_tag?post=5154"}],"curies":[{"name":"wp","href":"https:\/\/api.w.org\/{rel}","templated":true}]}}