{"id":5099,"date":"2024-07-07T13:46:01","date_gmt":"2024-07-07T11:46:01","guid":{"rendered":"https:\/\/binaturalproducts.com\/?post_type=product&#038;p=5099"},"modified":"2024-10-04T16:57:40","modified_gmt":"2024-10-04T14:57:40","slug":"ulei-esential-de-rozmarin","status":"publish","type":"product","link":"https:\/\/binaturalproducts.com\/ro\/produs\/ulei-esential-de-rozmarin\/","title":{"rendered":"Ulei esen\u021bial de Rozmarin"},"content":{"rendered":"<p>J\u00f3t\u00e9konyan hat a fejb\u0151rre, er\u0151s\u00edti a hajat, el\u0151seg\u00edti a haj n\u00f6veked\u00e9s\u00e9t.<\/p>\n<p>Kiv\u00e1l\u00f3an alkalmazhat\u00f3 zs\u00edros, korp\u00e1s fejb\u0151r kezel\u00e9s\u00e9re.<\/p>\n<p>Bakt\u00e9rium \u00e9s gomba\u00f6l\u0151 hat\u00e1s\u00fa. Alkalmazhat\u00f3 \u00edz\u00fcleti probl\u00e9m\u00e1k, izom \u00e9s idegf\u00e1jdalmak valamint reum\u00e1s probl\u00e9m\u00e1k kezel\u00e9s\u00e9re.<\/p>\n<p>Friss\u00edt\u0151, \u00e9l\u00e9nk\u00edt\u0151, el\u0151seg\u00edti a koncentr\u00e1ci\u00f3t, fizikai \u00e9s szellemi stimul\u00e1ns.<\/p>\n<p>J\u00f3l keverhet\u0151 levendula, teafa \u00e9s borsmenta ill\u00f3olajjal.<\/p>\n<div class=\"flex-col gap-1 md:gap-3\">\n<div class=\"flex flex-grow flex-col max-w-full\">\n<div class=\"min-h-[20px] text-message flex flex-col items-start gap-3 whitespace-pre-wrap break-words [.text-message+&amp;]:mt-5 overflow-x-auto\" data-message-author-role=\"assistant\" data-message-id=\"e66ef224-4a8d-4b81-9030-ee176a4613b0\">\n<div class=\"markdown prose w-full break-words dark:prose-invert light\">\n<p>INCI: \u00a0Rosmarinus Officinalis Leaf Oil<\/p>\n<\/div>\n<\/div>\n<\/div>\n<\/div>\n<div class=\"text-gray-400 flex self-end lg:self-center justify-center lg:justify-start mt-0 gap-1 visible\">e 10 ml<\/div>\n","protected":false},"excerpt":{"rendered":"<p>Utilizare: extern, \u00een atomizor. Calitate: produs natural, organic, certificat de Ecocert Greenlife<\/p>","protected":false},"featured_media":5100,"comment_status":"open","ping_status":"closed","template":"","meta":[],"product_brand":[],"product_cat":[45,21,15],"product_tag":[],"class_list":{"0":"post-5099","1":"product","2":"type-product","3":"status-publish","4":"has-post-thumbnail","6":"product_cat-osszes","7":"product_cat-hajapolas","8":"product_cat-egyeb","10":"first","11":"instock","12":"shipping-taxable","13":"purchasable","14":"product-type-simple"},"yoast_head":"<!-- This site is optimized with the Yoast SEO plugin v27.4 - https:\/\/yoast.com\/product\/yoast-seo-wordpress\/ -->\n<title>Rozmaring ill\u00f3olaj - Binaturalproducts<\/title>\n<meta name=\"robots\" content=\"index, follow, max-snippet:-1, max-image-preview:large, max-video-preview:-1\" \/>\n<link rel=\"canonical\" href=\"https:\/\/binaturalproducts.com\/ro\/produs\/ulei-esential-de-rozmarin\/\" \/>\n<meta property=\"og:locale\" content=\"ro_RO\" \/>\n<meta property=\"og:type\" content=\"article\" \/>\n<meta property=\"og:title\" content=\"Rozmaring ill\u00f3olaj - Binaturalproducts\" \/>\n<meta property=\"og:description\" content=\"Haszn\u00e1lata: k\u00fcls\u0151leg, p\u00e1rologtat\u00f3ba. \u00a0 Min\u0151s\u00e9g: az Ecocert Greenlife \u00e1ltal tan\u00fas\u00edtott term\u00e9szetes, organikus term\u00e9k\" \/>\n<meta property=\"og:url\" content=\"https:\/\/binaturalproducts.com\/ro\/produs\/ulei-esential-de-rozmarin\/\" \/>\n<meta property=\"og:site_name\" content=\"Binaturalproducts\" \/>\n<meta property=\"article:modified_time\" content=\"2024-10-04T14:57:40+00:00\" \/>\n<meta property=\"og:image\" content=\"https:\/\/binaturalproducts.com\/wp-content\/uploads\/2024\/07\/IMG_20240707_142709-1.jpg\" \/>\n\t<meta property=\"og:image:width\" content=\"1442\" \/>\n\t<meta property=\"og:image:height\" content=\"1920\" \/>\n\t<meta property=\"og:image:type\" content=\"image\/jpeg\" \/>\n<meta name=\"twitter:card\" content=\"summary_large_image\" \/>\n<meta name=\"twitter:label1\" content=\"Timp estimat pentru citire\" \/>\n\t<meta name=\"twitter:data1\" content=\"1 minut\" \/>\n<script type=\"application\/ld+json\" class=\"yoast-schema-graph\">{\"@context\":\"https:\\\/\\\/schema.org\",\"@graph\":[{\"@type\":\"WebPage\",\"@id\":\"https:\\\/\\\/binaturalproducts.com\\\/termek\\\/rozmaring-illoolaj\\\/\",\"url\":\"https:\\\/\\\/binaturalproducts.com\\\/termek\\\/rozmaring-illoolaj\\\/\",\"name\":\"Rozmaring ill\u00f3olaj - Binaturalproducts\",\"isPartOf\":{\"@id\":\"https:\\\/\\\/binaturalproducts.com\\\/#website\"},\"primaryImageOfPage\":{\"@id\":\"https:\\\/\\\/binaturalproducts.com\\\/termek\\\/rozmaring-illoolaj\\\/#primaryimage\"},\"image\":{\"@id\":\"https:\\\/\\\/binaturalproducts.com\\\/termek\\\/rozmaring-illoolaj\\\/#primaryimage\"},\"thumbnailUrl\":\"https:\\\/\\\/binaturalproducts.com\\\/wp-content\\\/uploads\\\/2024\\\/07\\\/IMG_20240707_142709-1.jpg\",\"datePublished\":\"2024-07-07T11:46:01+00:00\",\"dateModified\":\"2024-10-04T14:57:40+00:00\",\"breadcrumb\":{\"@id\":\"https:\\\/\\\/binaturalproducts.com\\\/termek\\\/rozmaring-illoolaj\\\/#breadcrumb\"},\"inLanguage\":\"ro-RO\",\"potentialAction\":[{\"@type\":\"ReadAction\",\"target\":[\"https:\\\/\\\/binaturalproducts.com\\\/termek\\\/rozmaring-illoolaj\\\/\"]}]},{\"@type\":\"ImageObject\",\"inLanguage\":\"ro-RO\",\"@id\":\"https:\\\/\\\/binaturalproducts.com\\\/termek\\\/rozmaring-illoolaj\\\/#primaryimage\",\"url\":\"https:\\\/\\\/binaturalproducts.com\\\/wp-content\\\/uploads\\\/2024\\\/07\\\/IMG_20240707_142709-1.jpg\",\"contentUrl\":\"https:\\\/\\\/binaturalproducts.com\\\/wp-content\\\/uploads\\\/2024\\\/07\\\/IMG_20240707_142709-1.jpg\",\"width\":1442,\"height\":1920},{\"@type\":\"BreadcrumbList\",\"@id\":\"https:\\\/\\\/binaturalproducts.com\\\/termek\\\/rozmaring-illoolaj\\\/#breadcrumb\",\"itemListElement\":[{\"@type\":\"ListItem\",\"position\":1,\"name\":\"Kezd\u0151lap\",\"item\":\"https:\\\/\\\/binaturalproducts.com\\\/\"},{\"@type\":\"ListItem\",\"position\":2,\"name\":\"\u00dczlet\",\"item\":\"https:\\\/\\\/binaturalproducts.com\\\/uzlet\\\/\"},{\"@type\":\"ListItem\",\"position\":3,\"name\":\"Rozmaring ill\u00f3olaj\"}]},{\"@type\":\"WebSite\",\"@id\":\"https:\\\/\\\/binaturalproducts.com\\\/#website\",\"url\":\"https:\\\/\\\/binaturalproducts.com\\\/\",\"name\":\"Binaturalproducts\",\"description\":\"Nat\u00far term\u00e9kek Erd\u00e9ly sz\u00edv\u00e9b\u0151l\",\"potentialAction\":[{\"@type\":\"SearchAction\",\"target\":{\"@type\":\"EntryPoint\",\"urlTemplate\":\"https:\\\/\\\/binaturalproducts.com\\\/?s={search_term_string}\"},\"query-input\":{\"@type\":\"PropertyValueSpecification\",\"valueRequired\":true,\"valueName\":\"search_term_string\"}}],\"inLanguage\":\"ro-RO\"}]}<\/script>\n<!-- \/ Yoast SEO plugin. -->","yoast_head_json":{"title":"Ulei esen\u021bial de Rozmarin","robots":{"index":"index","follow":"follow","max-snippet":"max-snippet:-1","max-image-preview":"max-image-preview:large","max-video-preview":"max-video-preview:-1"},"canonical":"https:\/\/binaturalproducts.com\/ro\/produs\/ulei-esential-de-rozmarin\/","og_locale":"ro_RO","og_type":"article","og_title":"Rozmaring ill\u00f3olaj - Binaturalproducts","og_description":"Haszn\u00e1lata: k\u00fcls\u0151leg, p\u00e1rologtat\u00f3ba. \u00a0 Min\u0151s\u00e9g: az Ecocert Greenlife \u00e1ltal tan\u00fas\u00edtott term\u00e9szetes, organikus term\u00e9k","og_url":"https:\/\/binaturalproducts.com\/ro\/produs\/ulei-esential-de-rozmarin\/","og_site_name":"Binaturalproducts","article_modified_time":"2024-10-04T14:57:40+00:00","og_image":[{"width":1442,"height":1920,"url":"https:\/\/binaturalproducts.com\/wp-content\/uploads\/2024\/07\/IMG_20240707_142709-1.jpg","type":"image\/jpeg"}],"twitter_card":"summary_large_image","twitter_misc":{"Timp estimat pentru citire":"1 minut"},"schema":{"@context":"https:\/\/schema.org","@graph":[{"@type":"WebPage","@id":"https:\/\/binaturalproducts.com\/termek\/rozmaring-illoolaj\/","url":"https:\/\/binaturalproducts.com\/termek\/rozmaring-illoolaj\/","name":"Ulei esen\u021bial de Rozmarin","isPartOf":{"@id":"https:\/\/binaturalproducts.com\/#website"},"primaryImageOfPage":{"@id":"https:\/\/binaturalproducts.com\/termek\/rozmaring-illoolaj\/#primaryimage"},"image":{"@id":"https:\/\/binaturalproducts.com\/termek\/rozmaring-illoolaj\/#primaryimage"},"thumbnailUrl":"https:\/\/binaturalproducts.com\/wp-content\/uploads\/2024\/07\/IMG_20240707_142709-1.jpg","datePublished":"2024-07-07T11:46:01+00:00","dateModified":"2024-10-04T14:57:40+00:00","breadcrumb":{"@id":"https:\/\/binaturalproducts.com\/termek\/rozmaring-illoolaj\/#breadcrumb"},"inLanguage":"ro-RO","potentialAction":[{"@type":"ReadAction","target":["https:\/\/binaturalproducts.com\/termek\/rozmaring-illoolaj\/"]}]},{"@type":"ImageObject","inLanguage":"ro-RO","@id":"https:\/\/binaturalproducts.com\/termek\/rozmaring-illoolaj\/#primaryimage","url":"https:\/\/binaturalproducts.com\/wp-content\/uploads\/2024\/07\/IMG_20240707_142709-1.jpg","contentUrl":"https:\/\/binaturalproducts.com\/wp-content\/uploads\/2024\/07\/IMG_20240707_142709-1.jpg","width":1442,"height":1920},{"@type":"BreadcrumbList","@id":"https:\/\/binaturalproducts.com\/termek\/rozmaring-illoolaj\/#breadcrumb","itemListElement":[{"@type":"ListItem","position":1,"name":"Kezd\u0151lap","item":"https:\/\/binaturalproducts.com\/"},{"@type":"ListItem","position":2,"name":"\u00dczlet","item":"https:\/\/binaturalproducts.com\/uzlet\/"},{"@type":"ListItem","position":3,"name":"Rozmaring ill\u00f3olaj"}]},{"@type":"WebSite","@id":"https:\/\/binaturalproducts.com\/#website","url":"https:\/\/binaturalproducts.com\/","name":"Binaturalproducts","description":"PRODUSE NATURALE DIN INIMA TRANSILVANIEI","potentialAction":[{"@type":"SearchAction","target":{"@type":"EntryPoint","urlTemplate":"https:\/\/binaturalproducts.com\/?s={search_term_string}"},"query-input":{"@type":"PropertyValueSpecification","valueRequired":true,"valueName":"search_term_string"}}],"inLanguage":"ro-RO"}]}},"_links":{"self":[{"href":"https:\/\/binaturalproducts.com\/ro\/wp-json\/wp\/v2\/product\/5099","targetHints":{"allow":["GET"]}}],"collection":[{"href":"https:\/\/binaturalproducts.com\/ro\/wp-json\/wp\/v2\/product"}],"about":[{"href":"https:\/\/binaturalproducts.com\/ro\/wp-json\/wp\/v2\/types\/product"}],"replies":[{"embeddable":true,"href":"https:\/\/binaturalproducts.com\/ro\/wp-json\/wp\/v2\/comments?post=5099"}],"wp:featuredmedia":[{"embeddable":true,"href":"https:\/\/binaturalproducts.com\/ro\/wp-json\/wp\/v2\/media\/5100"}],"wp:attachment":[{"href":"https:\/\/binaturalproducts.com\/ro\/wp-json\/wp\/v2\/media?parent=5099"}],"wp:term":[{"taxonomy":"product_brand","embeddable":true,"href":"https:\/\/binaturalproducts.com\/ro\/wp-json\/wp\/v2\/product_brand?post=5099"},{"taxonomy":"product_cat","embeddable":true,"href":"https:\/\/binaturalproducts.com\/ro\/wp-json\/wp\/v2\/product_cat?post=5099"},{"taxonomy":"product_tag","embeddable":true,"href":"https:\/\/binaturalproducts.com\/ro\/wp-json\/wp\/v2\/product_tag?post=5099"}],"curies":[{"name":"wp","href":"https:\/\/api.w.org\/{rel}","templated":true}]}}