{"id":508,"date":"2022-01-18T21:21:53","date_gmt":"2022-01-18T19:21:53","guid":{"rendered":"https:\/\/binaturalproducts.com\/?post_type=product&#038;p=508"},"modified":"2025-09-02T10:38:21","modified_gmt":"2025-09-02T08:38:21","slug":"sampon-solid-pentru-parul-vopsit","status":"publish","type":"product","link":"https:\/\/binaturalproducts.com\/ro\/produs\/sampon-solid-pentru-parul-vopsit\/","title":{"rendered":"\u0218ampon solid pentru p\u0103r vopsit"},"content":{"rendered":"<p><strong>Un \u0219ampon bun spumant, cu miros pl\u0103cut .<\/p>\n<p><\/strong><\/p>\n<p><img loading=\"lazy\" decoding=\"async\" class=\"alignnone size-medium wp-image-273\" src=\"https:\/\/binaturalproducts.com\/wp-content\/uploads\/2021\/08\/Nevtelen-terv-8-1-300x213.png\" alt=\"\" width=\"300\" height=\"213\" srcset=\"https:\/\/binaturalproducts.com\/wp-content\/uploads\/2021\/08\/Nevtelen-terv-8-1-300x213.png 300w, https:\/\/binaturalproducts.com\/wp-content\/uploads\/2021\/08\/Nevtelen-terv-8-1-1024x726.png 1024w, https:\/\/binaturalproducts.com\/wp-content\/uploads\/2021\/08\/Nevtelen-terv-8-1-768x545.png 768w, https:\/\/binaturalproducts.com\/wp-content\/uploads\/2021\/08\/Nevtelen-terv-8-1-1536x1090.png 1536w, https:\/\/binaturalproducts.com\/wp-content\/uploads\/2021\/08\/Nevtelen-terv-8-1-600x426.png 600w, https:\/\/binaturalproducts.com\/wp-content\/uploads\/2021\/08\/Nevtelen-terv-8-1.png 1748w\" sizes=\"auto, (max-width: 300px) 100vw, 300px\" \/><\/p>\n<p>Ajut\u0103 la men\u021binerea culorii p\u0103rului vopsit \u0219i reduce \u00eenc\u0103run\u021birea, datorit\u0103 pulberii de frunze de henna uscate con\u021binute \u00een blocul de \u0219ampon. Henna este un mic arbust spinos, ale c\u0103rui frunze au fost folosite din cele mai vechi timpuri ca un colorant natural \u0219i valoros pentru vopsirea diferitelor materiale, cum ar fi unghiile, p\u0103rul, \u021bes\u0103turile \u0219i m\u0103tasea. Cu toate acestea, henna nu este doar un colorant natural, ci are \u0219i propriet\u0103\u021bi antifungice, antibacteriene \u0219i de reglare a sebumului, astfel \u00eenc\u00e2t poate ajuta \u0219i la tratarea m\u0103tre\u021bii \u0219i a p\u0103rului gras.<\/p>\n<p>\u0218amponul con\u021bine, de asemenea, unt de shea pre\u021bios \u0219i extract de miere, care \u00eempreun\u0103 au un efect benefic asupra p\u0103rului, hr\u0103nindu-l, \u00eent\u0103rindu-l \u0219i f\u0103c\u00e2ndu-l str\u0103lucitor.<\/p>\n<p><strong>Recomandat:<\/strong> pentru p\u0103rul vopsit, scalp predispus la m\u0103trea\u021b\u0103, p\u0103rul predispus la \u00eenc\u0103run\u021bire, p\u0103rul cu cre\u0219tere slab\u0103, p\u0103rul care \u0219i-a pierdut str\u0103lucirea<\/p>\n<p><b>Ingrediente principale:\u00a0<\/b>tenside de cocos, unt de shea, henna ro\u0219ie, henna indigo, extract de miere.<\/p>\n<div class=\"o9v6fnle cxmmr5t8 oygrvhab hcukyx3x c1et5uql ii04i59q\">\n<div dir=\"auto\"><strong>Mod de folosire:<\/strong><\/div>\n<div dir=\"auto\">Freca\u021bi \u0219amponul solid pe p\u0103rul umed. Folosi\u021bi degetele pentru a face spum\u0103 pe p\u0103r, se va forma o spum\u0103 bogat\u0103, a\u0219tepta\u021bi c\u00e2teva minute \u0219i cl\u0103ti\u021bi bine. Repeta\u021bi dac\u0103 este necesar. Datorit\u0103 pH-ului s\u0103u prietenos cu pielea, nu este necesar  cl\u0103tirea cu o\u021bet.  Balsamul de p\u0103r poate fi aplicat ulterior, dup\u0103 caz.<\/div>\n<div dir=\"auto\"><\/div>\n<\/div>\n<div class=\"o9v6fnle cxmmr5t8 oygrvhab hcukyx3x c1et5uql ii04i59q\">\n<div dir=\"auto\"><strong><span class=\"pq6dq46d tbxw36s4 knj5qynh kvgmc6g5 ditlmg2l oygrvhab nvdbi5me sf5mxxl7 gl3lb2sf hhz5lgdu\">Depozitare:<\/span><\/strong><\/div>\n<div dir=\"auto\">\n<div>P\u0103stra\u021bi \u0219amponul pe savoniera cu gr\u0103tar, pentru a prelungi durat\u0103 de viata a acestuia.<\/div>\n<\/div>\n<div dir=\"auto\">Cantitate \u0219amponul maxi  85 g+\/ -10g =  3-4 flacoane de 250 ml de \u0219ampon<\/div>\n<div dir=\"auto\"><strong><br \/>\nNU con\u021bine:<\/strong><\/div>\n<\/div>\n<div dir=\"auto\">\n<ul>\n<li>parabeni, EDTA, coloran\u0163i, PEG sau al\u0163i deriva\u0163i din petrol<\/li>\n<li>deriva\u021bi de silicon<\/li>\n<li>conservan\u0163i<\/li>\n<li>ingrediente de origine animal\u0103,<\/li>\n<li>ingrediente care au fost testate pe animale,<\/li>\n<li>Sodium Laureth\/Lauryl Sulfate<\/li>\n<\/ul>\n<p>Ambalaje 100% compostabile<\/p>\n<\/div>","protected":false},"excerpt":{"rendered":"<p>\u0218ampon solid bun spumant, cu parfum de miere. \nAjut\u0103 la men\u021binerea culorii p\u0103rului vopsit \u0219i la reducerea \u00eenc\u0103run\u021birii<\/p>","protected":false},"featured_media":509,"comment_status":"open","ping_status":"closed","template":"","meta":[],"product_brand":[],"product_cat":[45,21],"product_tag":[],"class_list":{"0":"post-508","1":"product","2":"type-product","3":"status-publish","4":"has-post-thumbnail","6":"product_cat-osszes","7":"product_cat-hajapolas","9":"first","10":"instock","11":"shipping-taxable","12":"purchasable","13":"product-type-simple"},"yoast_head":"<!-- This site is optimized with the Yoast SEO plugin v27.4 - https:\/\/yoast.com\/product\/yoast-seo-wordpress\/ -->\n<title>Nat\u00far sampont\u00f6mb festett hajra - Binaturalproducts<\/title>\n<meta name=\"description\" content=\"J\u00f3l habz\u00f3 szil\u00e1rd sampon, m\u00e9z illattal. Seg\u00edti a festett haj sz\u00edn\u00e9nek a megtart\u00e1s\u00e1t, valamint az \u0151sz\u00fcl\u0151 hajsz\u00e1lak cs\u00f6kkent\u00e9s\u00e9t\" \/>\n<meta name=\"robots\" content=\"index, follow, max-snippet:-1, max-image-preview:large, max-video-preview:-1\" \/>\n<link rel=\"canonical\" href=\"https:\/\/binaturalproducts.com\/ro\/produs\/sampon-solid-pentru-parul-vopsit\/\" \/>\n<meta property=\"og:locale\" content=\"ro_RO\" \/>\n<meta property=\"og:type\" content=\"article\" \/>\n<meta property=\"og:title\" content=\"Nat\u00far sampont\u00f6mb festett hajra - Binaturalproducts\" \/>\n<meta property=\"og:description\" content=\"J\u00f3l habz\u00f3 szil\u00e1rd sampon, m\u00e9z illattal. Seg\u00edti a festett haj sz\u00edn\u00e9nek a megtart\u00e1s\u00e1t, valamint az \u0151sz\u00fcl\u0151 hajsz\u00e1lak cs\u00f6kkent\u00e9s\u00e9t\" \/>\n<meta property=\"og:url\" content=\"https:\/\/binaturalproducts.com\/ro\/produs\/sampon-solid-pentru-parul-vopsit\/\" \/>\n<meta property=\"og:site_name\" content=\"Binaturalproducts\" \/>\n<meta property=\"article:modified_time\" content=\"2025-09-02T08:38:21+00:00\" \/>\n<meta property=\"og:image\" content=\"https:\/\/binaturalproducts.com\/wp-content\/uploads\/2022\/01\/270603604_4997737536930987_3431654874040399059_n-1.jpg\" \/>\n\t<meta property=\"og:image:width\" content=\"1741\" \/>\n\t<meta property=\"og:image:height\" content=\"2048\" \/>\n\t<meta property=\"og:image:type\" content=\"image\/jpeg\" \/>\n<meta name=\"twitter:card\" content=\"summary_large_image\" \/>\n<meta name=\"twitter:label1\" content=\"Timp estimat pentru citire\" \/>\n\t<meta name=\"twitter:data1\" content=\"2 minute\" \/>\n<script type=\"application\/ld+json\" class=\"yoast-schema-graph\">{\"@context\":\"https:\\\/\\\/schema.org\",\"@graph\":[{\"@type\":\"WebPage\",\"@id\":\"https:\\\/\\\/binaturalproducts.com\\\/termek\\\/natur-sampontomb-sotet-festett-hajra-hennaval\\\/\",\"url\":\"https:\\\/\\\/binaturalproducts.com\\\/termek\\\/natur-sampontomb-sotet-festett-hajra-hennaval\\\/\",\"name\":\"Nat\u00far sampont\u00f6mb festett hajra - Binaturalproducts\",\"isPartOf\":{\"@id\":\"https:\\\/\\\/binaturalproducts.com\\\/#website\"},\"primaryImageOfPage\":{\"@id\":\"https:\\\/\\\/binaturalproducts.com\\\/termek\\\/natur-sampontomb-sotet-festett-hajra-hennaval\\\/#primaryimage\"},\"image\":{\"@id\":\"https:\\\/\\\/binaturalproducts.com\\\/termek\\\/natur-sampontomb-sotet-festett-hajra-hennaval\\\/#primaryimage\"},\"thumbnailUrl\":\"https:\\\/\\\/binaturalproducts.com\\\/wp-content\\\/uploads\\\/2022\\\/01\\\/270603604_4997737536930987_3431654874040399059_n-1.jpg\",\"datePublished\":\"2022-01-18T19:21:53+00:00\",\"dateModified\":\"2025-09-02T08:38:21+00:00\",\"description\":\"J\u00f3l habz\u00f3 szil\u00e1rd sampon, m\u00e9z illattal. Seg\u00edti a festett haj sz\u00edn\u00e9nek a megtart\u00e1s\u00e1t, valamint az \u0151sz\u00fcl\u0151 hajsz\u00e1lak cs\u00f6kkent\u00e9s\u00e9t\",\"breadcrumb\":{\"@id\":\"https:\\\/\\\/binaturalproducts.com\\\/termek\\\/natur-sampontomb-sotet-festett-hajra-hennaval\\\/#breadcrumb\"},\"inLanguage\":\"ro-RO\",\"potentialAction\":[{\"@type\":\"ReadAction\",\"target\":[\"https:\\\/\\\/binaturalproducts.com\\\/termek\\\/natur-sampontomb-sotet-festett-hajra-hennaval\\\/\"]}]},{\"@type\":\"ImageObject\",\"inLanguage\":\"ro-RO\",\"@id\":\"https:\\\/\\\/binaturalproducts.com\\\/termek\\\/natur-sampontomb-sotet-festett-hajra-hennaval\\\/#primaryimage\",\"url\":\"https:\\\/\\\/binaturalproducts.com\\\/wp-content\\\/uploads\\\/2022\\\/01\\\/270603604_4997737536930987_3431654874040399059_n-1.jpg\",\"contentUrl\":\"https:\\\/\\\/binaturalproducts.com\\\/wp-content\\\/uploads\\\/2022\\\/01\\\/270603604_4997737536930987_3431654874040399059_n-1.jpg\",\"width\":1741,\"height\":2048,\"caption\":\"Binatural Products - Nat\u00far sampont\u00f6mb festett hajra\"},{\"@type\":\"BreadcrumbList\",\"@id\":\"https:\\\/\\\/binaturalproducts.com\\\/termek\\\/natur-sampontomb-sotet-festett-hajra-hennaval\\\/#breadcrumb\",\"itemListElement\":[{\"@type\":\"ListItem\",\"position\":1,\"name\":\"Kezd\u0151lap\",\"item\":\"https:\\\/\\\/binaturalproducts.com\\\/\"},{\"@type\":\"ListItem\",\"position\":2,\"name\":\"\u00dczlet\",\"item\":\"https:\\\/\\\/binaturalproducts.com\\\/uzlet\\\/\"},{\"@type\":\"ListItem\",\"position\":3,\"name\":\"Nat\u00far sampont\u00f6mb festett hajra\"}]},{\"@type\":\"WebSite\",\"@id\":\"https:\\\/\\\/binaturalproducts.com\\\/#website\",\"url\":\"https:\\\/\\\/binaturalproducts.com\\\/\",\"name\":\"Binaturalproducts\",\"description\":\"Nat\u00far term\u00e9kek Erd\u00e9ly sz\u00edv\u00e9b\u0151l\",\"potentialAction\":[{\"@type\":\"SearchAction\",\"target\":{\"@type\":\"EntryPoint\",\"urlTemplate\":\"https:\\\/\\\/binaturalproducts.com\\\/?s={search_term_string}\"},\"query-input\":{\"@type\":\"PropertyValueSpecification\",\"valueRequired\":true,\"valueName\":\"search_term_string\"}}],\"inLanguage\":\"ro-RO\"}]}<\/script>\n<!-- \/ Yoast SEO plugin. -->","yoast_head_json":{"title":"\u0218ampon solid pentru p\u0103rul vopsit - Binaturalproducts","description":"\u0218ampon solid bun spumant, cu parfum de miere. \nAjut\u0103 la men\u021binerea culorii p\u0103rului vopsit \u0219i la reducerea \u00eenc\u0103run\u021birii","robots":{"index":"index","follow":"follow","max-snippet":"max-snippet:-1","max-image-preview":"max-image-preview:large","max-video-preview":"max-video-preview:-1"},"canonical":"https:\/\/binaturalproducts.com\/ro\/produs\/sampon-solid-pentru-parul-vopsit\/","og_locale":"ro_RO","og_type":"article","og_title":"Nat\u00far sampont\u00f6mb festett hajra - Binaturalproducts","og_description":"J\u00f3l habz\u00f3 szil\u00e1rd sampon, m\u00e9z illattal. Seg\u00edti a festett haj sz\u00edn\u00e9nek a megtart\u00e1s\u00e1t, valamint az \u0151sz\u00fcl\u0151 hajsz\u00e1lak cs\u00f6kkent\u00e9s\u00e9t","og_url":"https:\/\/binaturalproducts.com\/ro\/produs\/sampon-solid-pentru-parul-vopsit\/","og_site_name":"Binaturalproducts","article_modified_time":"2025-09-02T08:38:21+00:00","og_image":[{"width":1741,"height":2048,"url":"https:\/\/binaturalproducts.com\/wp-content\/uploads\/2022\/01\/270603604_4997737536930987_3431654874040399059_n-1.jpg","type":"image\/jpeg"}],"twitter_card":"summary_large_image","twitter_misc":{"Timp estimat pentru citire":"2 minute"},"schema":{"@context":"https:\/\/schema.org","@graph":[{"@type":"WebPage","@id":"https:\/\/binaturalproducts.com\/termek\/natur-sampontomb-sotet-festett-hajra-hennaval\/","url":"https:\/\/binaturalproducts.com\/termek\/natur-sampontomb-sotet-festett-hajra-hennaval\/","name":"\u0218ampon solid pentru p\u0103rul vopsit - Binaturalproducts","isPartOf":{"@id":"https:\/\/binaturalproducts.com\/#website"},"primaryImageOfPage":{"@id":"https:\/\/binaturalproducts.com\/termek\/natur-sampontomb-sotet-festett-hajra-hennaval\/#primaryimage"},"image":{"@id":"https:\/\/binaturalproducts.com\/termek\/natur-sampontomb-sotet-festett-hajra-hennaval\/#primaryimage"},"thumbnailUrl":"https:\/\/binaturalproducts.com\/wp-content\/uploads\/2022\/01\/270603604_4997737536930987_3431654874040399059_n-1.jpg","datePublished":"2022-01-18T19:21:53+00:00","dateModified":"2025-09-02T08:38:21+00:00","description":"\u0218ampon solid bun spumant, cu parfum de miere. \nAjut\u0103 la men\u021binerea culorii p\u0103rului vopsit \u0219i la reducerea \u00eenc\u0103run\u021birii","breadcrumb":{"@id":"https:\/\/binaturalproducts.com\/termek\/natur-sampontomb-sotet-festett-hajra-hennaval\/#breadcrumb"},"inLanguage":"ro-RO","potentialAction":[{"@type":"ReadAction","target":["https:\/\/binaturalproducts.com\/termek\/natur-sampontomb-sotet-festett-hajra-hennaval\/"]}]},{"@type":"ImageObject","inLanguage":"ro-RO","@id":"https:\/\/binaturalproducts.com\/termek\/natur-sampontomb-sotet-festett-hajra-hennaval\/#primaryimage","url":"https:\/\/binaturalproducts.com\/wp-content\/uploads\/2022\/01\/270603604_4997737536930987_3431654874040399059_n-1.jpg","contentUrl":"https:\/\/binaturalproducts.com\/wp-content\/uploads\/2022\/01\/270603604_4997737536930987_3431654874040399059_n-1.jpg","width":1741,"height":2048,"caption":"Binatural Products - Nat\u00far sampont\u00f6mb festett hajra"},{"@type":"BreadcrumbList","@id":"https:\/\/binaturalproducts.com\/termek\/natur-sampontomb-sotet-festett-hajra-hennaval\/#breadcrumb","itemListElement":[{"@type":"ListItem","position":1,"name":"Kezd\u0151lap","item":"https:\/\/binaturalproducts.com\/"},{"@type":"ListItem","position":2,"name":"\u00dczlet","item":"https:\/\/binaturalproducts.com\/uzlet\/"},{"@type":"ListItem","position":3,"name":"Nat\u00far sampont\u00f6mb festett hajra"}]},{"@type":"WebSite","@id":"https:\/\/binaturalproducts.com\/#website","url":"https:\/\/binaturalproducts.com\/","name":"Binaturalproducts","description":"PRODUSE NATURALE DIN INIMA TRANSILVANIEI","potentialAction":[{"@type":"SearchAction","target":{"@type":"EntryPoint","urlTemplate":"https:\/\/binaturalproducts.com\/?s={search_term_string}"},"query-input":{"@type":"PropertyValueSpecification","valueRequired":true,"valueName":"search_term_string"}}],"inLanguage":"ro-RO"}]}},"_links":{"self":[{"href":"https:\/\/binaturalproducts.com\/ro\/wp-json\/wp\/v2\/product\/508","targetHints":{"allow":["GET"]}}],"collection":[{"href":"https:\/\/binaturalproducts.com\/ro\/wp-json\/wp\/v2\/product"}],"about":[{"href":"https:\/\/binaturalproducts.com\/ro\/wp-json\/wp\/v2\/types\/product"}],"replies":[{"embeddable":true,"href":"https:\/\/binaturalproducts.com\/ro\/wp-json\/wp\/v2\/comments?post=508"}],"wp:featuredmedia":[{"embeddable":true,"href":"https:\/\/binaturalproducts.com\/ro\/wp-json\/wp\/v2\/media\/509"}],"wp:attachment":[{"href":"https:\/\/binaturalproducts.com\/ro\/wp-json\/wp\/v2\/media?parent=508"}],"wp:term":[{"taxonomy":"product_brand","embeddable":true,"href":"https:\/\/binaturalproducts.com\/ro\/wp-json\/wp\/v2\/product_brand?post=508"},{"taxonomy":"product_cat","embeddable":true,"href":"https:\/\/binaturalproducts.com\/ro\/wp-json\/wp\/v2\/product_cat?post=508"},{"taxonomy":"product_tag","embeddable":true,"href":"https:\/\/binaturalproducts.com\/ro\/wp-json\/wp\/v2\/product_tag?post=508"}],"curies":[{"name":"wp","href":"https:\/\/api.w.org\/{rel}","templated":true}]}}