{"id":496,"date":"2022-01-06T14:24:02","date_gmt":"2022-01-06T12:24:02","guid":{"rendered":"https:\/\/binaturalproducts.com\/?post_type=product&#038;p=496"},"modified":"2025-09-02T10:38:34","modified_gmt":"2025-09-02T08:38:34","slug":"sampon-solid-pentru-caderea-parului","status":"publish","type":"product","link":"https:\/\/binaturalproducts.com\/ro\/produs\/sampon-solid-pentru-caderea-parului\/","title":{"rendered":"\u0218ampon solid pentru c\u0103derea p\u0103rului"},"content":{"rendered":"<p><strong>\u0218ampon solid bine spumant, cu miros de plante.<br \/>\n<\/strong><\/p>\n<p><img loading=\"lazy\" decoding=\"async\" class=\"alignnone wp-image-475\" src=\"https:\/\/binaturalproducts.com\/wp-content\/uploads\/2021\/11\/Nevtelen-terv-4-2-300x169.png\" alt=\"\" width=\"330\" height=\"186\" srcset=\"https:\/\/binaturalproducts.com\/wp-content\/uploads\/2021\/11\/Nevtelen-terv-4-2-300x169.png 300w, https:\/\/binaturalproducts.com\/wp-content\/uploads\/2021\/11\/Nevtelen-terv-4-2-1024x577.png 1024w, https:\/\/binaturalproducts.com\/wp-content\/uploads\/2021\/11\/Nevtelen-terv-4-2-768x433.png 768w, https:\/\/binaturalproducts.com\/wp-content\/uploads\/2021\/11\/Nevtelen-terv-4-2-1536x865.png 1536w, https:\/\/binaturalproducts.com\/wp-content\/uploads\/2021\/11\/Nevtelen-terv-4-2-18x10.png 18w, https:\/\/binaturalproducts.com\/wp-content\/uploads\/2021\/11\/Nevtelen-terv-4-2-600x338.png 600w, https:\/\/binaturalproducts.com\/wp-content\/uploads\/2021\/11\/Nevtelen-terv-4-2.png 1640w\" sizes=\"auto, (max-width: 330px) 100vw, 330px\" \/><\/p>\n<p>Acest \u0219ampon solid a fost dezvoltat pentru tratamentul c\u0103derii p\u0103rului, datorit\u0103 decoctului din frunze de nuc, uleiurilor esen\u021biale, pudrei de agri\u0219e indian\u0103 \u0219i margarita fals\u0103 m\u0103cinat\u0103, ajut\u0103 la prevenirea c\u0103derii anormale a p\u0103rului.<\/p>\n<p><img loading=\"lazy\" decoding=\"async\" class=\"alignnone size-medium wp-image-276\" src=\"https:\/\/binaturalproducts.com\/wp-content\/uploads\/2021\/08\/Nevtelen-terv-12-1-300x213.png\" alt=\"\" width=\"300\" height=\"213\" srcset=\"https:\/\/binaturalproducts.com\/wp-content\/uploads\/2021\/08\/Nevtelen-terv-12-1-300x213.png 300w, https:\/\/binaturalproducts.com\/wp-content\/uploads\/2021\/08\/Nevtelen-terv-12-1-1024x726.png 1024w, https:\/\/binaturalproducts.com\/wp-content\/uploads\/2021\/08\/Nevtelen-terv-12-1-768x545.png 768w, https:\/\/binaturalproducts.com\/wp-content\/uploads\/2021\/08\/Nevtelen-terv-12-1-1536x1090.png 1536w, https:\/\/binaturalproducts.com\/wp-content\/uploads\/2021\/08\/Nevtelen-terv-12-1-600x426.png 600w, https:\/\/binaturalproducts.com\/wp-content\/uploads\/2021\/08\/Nevtelen-terv-12-1.png 1748w\" sizes=\"auto, (max-width: 300px) 100vw, 300px\" \/><\/p>\n<p>De asemenea, con\u021bine ulei de ricin \u0219i ulei de cocos, bogat \u00een acizi gra\u0219i valoro\u0219i, care se ob\u021bin prin presare la rece, astfel \u00eenc\u00e2t \u00ee\u0219i p\u0103streaz\u0103 100% din efectele benefice, stimul\u00e2nd astfel cre\u0219terea firelor de p\u0103r s\u0103n\u0103toase, regener\u00e2nd \u0219i \u00eent\u0103rind p\u0103rul uscat, decolorat, tratat chimic.<\/p>\n<p><b>Ingrediente principale: <\/b>\u00a0surfactan\u021bi de nuc\u0103 de cocos, ulei de nuc\u0103 de cocos, ulei de ricin, agri\u0219\u0103 indian\u0103, margaret\u0103 fals\u0103, uleiuri esen\u021biale.<\/p>\n<div class=\"o9v6fnle cxmmr5t8 oygrvhab hcukyx3x c1et5uql ii04i59q\">\n<div dir=\"auto\"><strong>Mod de folosire:<\/strong><\/div>\n<div dir=\"auto\">Freca\u021bi \u0219amponul solid pe p\u0103rul umed. Folosi\u021bi degetele pentru a face spum\u0103 pe p\u0103r, se va forma o spum\u0103 bogat\u0103, a\u0219tepta\u021bi c\u00e2teva minute \u0219i cl\u0103ti\u021bi bine. Repeta\u021bi dac\u0103 este necesar. Datorit\u0103 pH-ului s\u0103u prietenos cu pielea, nu este necesar  cl\u0103tirea cu o\u021bet.  Balsamul de p\u0103r poate fi aplicat ulterior, dup\u0103 caz.<\/div>\n<div dir=\"auto\"><\/div>\n<\/div>\n<div class=\"o9v6fnle cxmmr5t8 oygrvhab hcukyx3x c1et5uql ii04i59q\">\n<div dir=\"auto\"><strong><span class=\"pq6dq46d tbxw36s4 knj5qynh kvgmc6g5 ditlmg2l oygrvhab nvdbi5me sf5mxxl7 gl3lb2sf hhz5lgdu\">Depozitare:<\/span><\/strong><\/div>\n<div dir=\"auto\">\n<div>P\u0103stra\u021bi \u0219amponul pe savoniera cu gr\u0103tar, pentru a prelungi durat\u0103 de viata a acestuia.<\/div>\n<\/div>\n<div dir=\"auto\">Cantitatea \u0219amponului maxi  85 g+\/ -10g =  3-4 flacoane de 250 ml de \u0219ampon<\/div>\n<div dir=\"auto\"><\/div>\n<\/div>\n<div dir=\"auto\">\n<p><strong>NU con\u021bine:<\/strong><\/p>\n<ul>\n<li>parabeni, EDTA, coloran\u0163i, PEG sau al\u0163i deriva\u0163i din petrol<\/li>\n<li>deriva\u021bi de silicon<\/li>\n<li>conservan\u0163i<\/li>\n<li>ingrediente de origine animal\u0103,<\/li>\n<li>ingrediente care au fost testate pe animale,<\/li>\n<li>Sodium Laureth\/Lauryl Sulfate<\/li>\n<\/ul>\n<p>&nbsp;<\/p>\n<p>Ambalaje 100% compostabile<\/p>\n<p><span class=\"WdYUQQ text-decoration-none text-strikethrough-none\">.<\/span><span class=\"WdYUQQ text-decoration-none text-strikethrough-none\">(INCI): sodium cocoyl isethionate, juglans regia leaf extract, emblica officinalis fruit powder, eclipta alba powder,cocos nucifera oil, ricinus communis seed oil, citrus aurantium amara leaf, cedrus atlantica bark oil.<\/span><\/p>\n<\/div>","protected":false},"excerpt":{"rendered":"<p>\u0218ampon solid bun spumant, cu miros de plante. Acest \u0219ampon solid a fost dezvoltat pentru a trata c\u0103derea p\u0103rului.<\/p>","protected":false},"featured_media":3280,"comment_status":"open","ping_status":"closed","template":"","meta":[],"product_brand":[],"product_cat":[45,21],"product_tag":[],"class_list":{"0":"post-496","1":"product","2":"type-product","3":"status-publish","4":"has-post-thumbnail","6":"product_cat-osszes","7":"product_cat-hajapolas","9":"first","10":"instock","11":"shipping-taxable","12":"purchasable","13":"product-type-simple"},"yoast_head":"<!-- This site is optimized with the Yoast SEO plugin v27.4 - https:\/\/yoast.com\/product\/yoast-seo-wordpress\/ -->\n<title>Nat\u00far sampont\u00f6mb hajhull\u00e1sra - Binaturalproducts<\/title>\n<meta name=\"description\" content=\"J\u00f3l habz\u00f3 szil\u00e1rd sampon, gy\u00f3gyn\u00f6v\u00e9nyes illattal. Ezt a sampont\u00f6mb\u00f6t a hajhull\u00e1s kezel\u00e9s\u00e9re fejlesztett\u00fck ki.\" \/>\n<meta name=\"robots\" content=\"index, follow, max-snippet:-1, max-image-preview:large, max-video-preview:-1\" \/>\n<link rel=\"canonical\" href=\"https:\/\/binaturalproducts.com\/ro\/produs\/sampon-solid-pentru-caderea-parului\/\" \/>\n<meta property=\"og:locale\" content=\"ro_RO\" \/>\n<meta property=\"og:type\" content=\"article\" \/>\n<meta property=\"og:title\" content=\"Nat\u00far sampont\u00f6mb hajhull\u00e1sra - Binaturalproducts\" \/>\n<meta property=\"og:description\" content=\"J\u00f3l habz\u00f3 szil\u00e1rd sampon, gy\u00f3gyn\u00f6v\u00e9nyes illattal. Ezt a sampont\u00f6mb\u00f6t a hajhull\u00e1s kezel\u00e9s\u00e9re fejlesztett\u00fck ki.\" \/>\n<meta property=\"og:url\" content=\"https:\/\/binaturalproducts.com\/ro\/produs\/sampon-solid-pentru-caderea-parului\/\" \/>\n<meta property=\"og:site_name\" content=\"Binaturalproducts\" \/>\n<meta property=\"article:modified_time\" content=\"2025-09-02T08:38:34+00:00\" \/>\n<meta property=\"og:image\" content=\"https:\/\/binaturalproducts.com\/wp-content\/uploads\/2022\/01\/1682017376995-PhotoRoom-1-e1682018046491.jpg\" \/>\n\t<meta property=\"og:image:width\" content=\"1920\" \/>\n\t<meta property=\"og:image:height\" content=\"1252\" \/>\n\t<meta property=\"og:image:type\" content=\"image\/jpeg\" \/>\n<meta name=\"twitter:card\" content=\"summary_large_image\" \/>\n<meta name=\"twitter:label1\" content=\"Timp estimat pentru citire\" \/>\n\t<meta name=\"twitter:data1\" content=\"2 minute\" \/>\n<script type=\"application\/ld+json\" class=\"yoast-schema-graph\">{\"@context\":\"https:\\\/\\\/schema.org\",\"@graph\":[{\"@type\":\"WebPage\",\"@id\":\"https:\\\/\\\/binaturalproducts.com\\\/termek\\\/natur-sampontomb-hajhullasra\\\/\",\"url\":\"https:\\\/\\\/binaturalproducts.com\\\/termek\\\/natur-sampontomb-hajhullasra\\\/\",\"name\":\"Nat\u00far sampont\u00f6mb hajhull\u00e1sra - Binaturalproducts\",\"isPartOf\":{\"@id\":\"https:\\\/\\\/binaturalproducts.com\\\/#website\"},\"primaryImageOfPage\":{\"@id\":\"https:\\\/\\\/binaturalproducts.com\\\/termek\\\/natur-sampontomb-hajhullasra\\\/#primaryimage\"},\"image\":{\"@id\":\"https:\\\/\\\/binaturalproducts.com\\\/termek\\\/natur-sampontomb-hajhullasra\\\/#primaryimage\"},\"thumbnailUrl\":\"https:\\\/\\\/binaturalproducts.com\\\/wp-content\\\/uploads\\\/2022\\\/01\\\/1682017376995-PhotoRoom-1-e1682018046491.jpg\",\"datePublished\":\"2022-01-06T12:24:02+00:00\",\"dateModified\":\"2025-09-02T08:38:34+00:00\",\"description\":\"J\u00f3l habz\u00f3 szil\u00e1rd sampon, gy\u00f3gyn\u00f6v\u00e9nyes illattal. Ezt a sampont\u00f6mb\u00f6t a hajhull\u00e1s kezel\u00e9s\u00e9re fejlesztett\u00fck ki.\",\"breadcrumb\":{\"@id\":\"https:\\\/\\\/binaturalproducts.com\\\/termek\\\/natur-sampontomb-hajhullasra\\\/#breadcrumb\"},\"inLanguage\":\"ro-RO\",\"potentialAction\":[{\"@type\":\"ReadAction\",\"target\":[\"https:\\\/\\\/binaturalproducts.com\\\/termek\\\/natur-sampontomb-hajhullasra\\\/\"]}]},{\"@type\":\"ImageObject\",\"inLanguage\":\"ro-RO\",\"@id\":\"https:\\\/\\\/binaturalproducts.com\\\/termek\\\/natur-sampontomb-hajhullasra\\\/#primaryimage\",\"url\":\"https:\\\/\\\/binaturalproducts.com\\\/wp-content\\\/uploads\\\/2022\\\/01\\\/1682017376995-PhotoRoom-1-e1682018046491.jpg\",\"contentUrl\":\"https:\\\/\\\/binaturalproducts.com\\\/wp-content\\\/uploads\\\/2022\\\/01\\\/1682017376995-PhotoRoom-1-e1682018046491.jpg\",\"width\":1920,\"height\":1252},{\"@type\":\"BreadcrumbList\",\"@id\":\"https:\\\/\\\/binaturalproducts.com\\\/termek\\\/natur-sampontomb-hajhullasra\\\/#breadcrumb\",\"itemListElement\":[{\"@type\":\"ListItem\",\"position\":1,\"name\":\"Kezd\u0151lap\",\"item\":\"https:\\\/\\\/binaturalproducts.com\\\/\"},{\"@type\":\"ListItem\",\"position\":2,\"name\":\"\u00dczlet\",\"item\":\"https:\\\/\\\/binaturalproducts.com\\\/uzlet\\\/\"},{\"@type\":\"ListItem\",\"position\":3,\"name\":\"Nat\u00far sampont\u00f6mb hajhull\u00e1sra\"}]},{\"@type\":\"WebSite\",\"@id\":\"https:\\\/\\\/binaturalproducts.com\\\/#website\",\"url\":\"https:\\\/\\\/binaturalproducts.com\\\/\",\"name\":\"Binaturalproducts\",\"description\":\"Nat\u00far term\u00e9kek Erd\u00e9ly sz\u00edv\u00e9b\u0151l\",\"potentialAction\":[{\"@type\":\"SearchAction\",\"target\":{\"@type\":\"EntryPoint\",\"urlTemplate\":\"https:\\\/\\\/binaturalproducts.com\\\/?s={search_term_string}\"},\"query-input\":{\"@type\":\"PropertyValueSpecification\",\"valueRequired\":true,\"valueName\":\"search_term_string\"}}],\"inLanguage\":\"ro-RO\"}]}<\/script>\n<!-- \/ Yoast SEO plugin. -->","yoast_head_json":{"title":"\u0218ampon solid pentru c\u0103derea p\u0103rului - Binaturalproducts","description":"\u0218ampon solid bun spumant, cu miros de plante. Acest \u0219ampon solid a fost dezvoltat pentru a trata c\u0103derea p\u0103rului.","robots":{"index":"index","follow":"follow","max-snippet":"max-snippet:-1","max-image-preview":"max-image-preview:large","max-video-preview":"max-video-preview:-1"},"canonical":"https:\/\/binaturalproducts.com\/ro\/produs\/sampon-solid-pentru-caderea-parului\/","og_locale":"ro_RO","og_type":"article","og_title":"Nat\u00far sampont\u00f6mb hajhull\u00e1sra - Binaturalproducts","og_description":"J\u00f3l habz\u00f3 szil\u00e1rd sampon, gy\u00f3gyn\u00f6v\u00e9nyes illattal. Ezt a sampont\u00f6mb\u00f6t a hajhull\u00e1s kezel\u00e9s\u00e9re fejlesztett\u00fck ki.","og_url":"https:\/\/binaturalproducts.com\/ro\/produs\/sampon-solid-pentru-caderea-parului\/","og_site_name":"Binaturalproducts","article_modified_time":"2025-09-02T08:38:34+00:00","og_image":[{"width":1920,"height":1252,"url":"https:\/\/binaturalproducts.com\/wp-content\/uploads\/2022\/01\/1682017376995-PhotoRoom-1-e1682018046491.jpg","type":"image\/jpeg"}],"twitter_card":"summary_large_image","twitter_misc":{"Timp estimat pentru citire":"2 minute"},"schema":{"@context":"https:\/\/schema.org","@graph":[{"@type":"WebPage","@id":"https:\/\/binaturalproducts.com\/termek\/natur-sampontomb-hajhullasra\/","url":"https:\/\/binaturalproducts.com\/termek\/natur-sampontomb-hajhullasra\/","name":"\u0218ampon solid pentru c\u0103derea p\u0103rului - Binaturalproducts","isPartOf":{"@id":"https:\/\/binaturalproducts.com\/#website"},"primaryImageOfPage":{"@id":"https:\/\/binaturalproducts.com\/termek\/natur-sampontomb-hajhullasra\/#primaryimage"},"image":{"@id":"https:\/\/binaturalproducts.com\/termek\/natur-sampontomb-hajhullasra\/#primaryimage"},"thumbnailUrl":"https:\/\/binaturalproducts.com\/wp-content\/uploads\/2022\/01\/1682017376995-PhotoRoom-1-e1682018046491.jpg","datePublished":"2022-01-06T12:24:02+00:00","dateModified":"2025-09-02T08:38:34+00:00","description":"\u0218ampon solid bun spumant, cu miros de plante. Acest \u0219ampon solid a fost dezvoltat pentru a trata c\u0103derea p\u0103rului.","breadcrumb":{"@id":"https:\/\/binaturalproducts.com\/termek\/natur-sampontomb-hajhullasra\/#breadcrumb"},"inLanguage":"ro-RO","potentialAction":[{"@type":"ReadAction","target":["https:\/\/binaturalproducts.com\/termek\/natur-sampontomb-hajhullasra\/"]}]},{"@type":"ImageObject","inLanguage":"ro-RO","@id":"https:\/\/binaturalproducts.com\/termek\/natur-sampontomb-hajhullasra\/#primaryimage","url":"https:\/\/binaturalproducts.com\/wp-content\/uploads\/2022\/01\/1682017376995-PhotoRoom-1-e1682018046491.jpg","contentUrl":"https:\/\/binaturalproducts.com\/wp-content\/uploads\/2022\/01\/1682017376995-PhotoRoom-1-e1682018046491.jpg","width":1920,"height":1252},{"@type":"BreadcrumbList","@id":"https:\/\/binaturalproducts.com\/termek\/natur-sampontomb-hajhullasra\/#breadcrumb","itemListElement":[{"@type":"ListItem","position":1,"name":"Kezd\u0151lap","item":"https:\/\/binaturalproducts.com\/"},{"@type":"ListItem","position":2,"name":"\u00dczlet","item":"https:\/\/binaturalproducts.com\/uzlet\/"},{"@type":"ListItem","position":3,"name":"Nat\u00far sampont\u00f6mb hajhull\u00e1sra"}]},{"@type":"WebSite","@id":"https:\/\/binaturalproducts.com\/#website","url":"https:\/\/binaturalproducts.com\/","name":"Binaturalproducts","description":"PRODUSE NATURALE DIN INIMA TRANSILVANIEI","potentialAction":[{"@type":"SearchAction","target":{"@type":"EntryPoint","urlTemplate":"https:\/\/binaturalproducts.com\/?s={search_term_string}"},"query-input":{"@type":"PropertyValueSpecification","valueRequired":true,"valueName":"search_term_string"}}],"inLanguage":"ro-RO"}]}},"_links":{"self":[{"href":"https:\/\/binaturalproducts.com\/ro\/wp-json\/wp\/v2\/product\/496","targetHints":{"allow":["GET"]}}],"collection":[{"href":"https:\/\/binaturalproducts.com\/ro\/wp-json\/wp\/v2\/product"}],"about":[{"href":"https:\/\/binaturalproducts.com\/ro\/wp-json\/wp\/v2\/types\/product"}],"replies":[{"embeddable":true,"href":"https:\/\/binaturalproducts.com\/ro\/wp-json\/wp\/v2\/comments?post=496"}],"wp:featuredmedia":[{"embeddable":true,"href":"https:\/\/binaturalproducts.com\/ro\/wp-json\/wp\/v2\/media\/3280"}],"wp:attachment":[{"href":"https:\/\/binaturalproducts.com\/ro\/wp-json\/wp\/v2\/media?parent=496"}],"wp:term":[{"taxonomy":"product_brand","embeddable":true,"href":"https:\/\/binaturalproducts.com\/ro\/wp-json\/wp\/v2\/product_brand?post=496"},{"taxonomy":"product_cat","embeddable":true,"href":"https:\/\/binaturalproducts.com\/ro\/wp-json\/wp\/v2\/product_cat?post=496"},{"taxonomy":"product_tag","embeddable":true,"href":"https:\/\/binaturalproducts.com\/ro\/wp-json\/wp\/v2\/product_tag?post=496"}],"curies":[{"name":"wp","href":"https:\/\/api.w.org\/{rel}","templated":true}]}}