{"id":488,"date":"2021-12-16T21:03:58","date_gmt":"2021-12-16T19:03:58","guid":{"rendered":"https:\/\/binaturalproducts.com\/?post_type=product&#038;p=488"},"modified":"2023-04-17T11:16:49","modified_gmt":"2023-04-17T09:16:49","slug":"cutie-cadou","status":"publish","type":"product","link":"https:\/\/binaturalproducts.com\/ro\/produs\/cutie-cadou\/","title":{"rendered":"Cutie cadou"},"content":{"rendered":"<p>Nu-\u021bi place s\u0103 ambalezi cadouri? Ne ocup\u0103m noi!\nVrei s\u0103 faci un cadou cuiva \u0219i nu ai timp sau nu \u0219tii cum s\u0103 ambalezi cadourile? Nimic mai simplu dec\u00e2t s\u0103 la\u0219i aceste griji \u00een seama noastr\u0103. <span class=\"pq6dq46d tbxw36s4 knj5qynh kvgmc6g5 ditlmg2l oygrvhab nvdbi5me sf5mxxl7 gl3lb2sf hhz5lgdu\"><img loading=\"lazy\" decoding=\"async\" src=\"https:\/\/static.xx.fbcdn.net\/images\/emoji.php\/v9\/t4c\/1\/16\/1f642.png\" alt=\"\ud83d\ude42\" width=\"16\" height=\"16\" \/><\/span><span class=\"pq6dq46d tbxw36s4 knj5qynh kvgmc6g5 ditlmg2l oygrvhab nvdbi5me sf5mxxl7 gl3lb2sf hhz5lgdu\"><img loading=\"lazy\" decoding=\"async\" src=\"https:\/\/static.xx.fbcdn.net\/images\/emoji.php\/v9\/t84\/1\/16\/1f381.png\" alt=\"\ud83c\udf81\" width=\"16\" height=\"16\" \/><\/span><\/p>\n<p>Adaug\u0103 o cutie cadou \u0219i produsele cosmetice  \u00een co\u0219ul de cump\u0103r\u0103turi.<\/p>\n<p>\u00ce\u021bi ambal\u0103m produsele in l\u00e2n\u0103 fin\u0103 de lemn, leg\u0103m frumos cutia cu o sfoara de c\u00e2nep\u0103, facem a\u0219a \u00eenc\u00eet s\u0103 fie cadoul mai frumos \u0219i mai incitant.\n\u021aie \u00ee\u021bi r\u0103m\u00e2ne doar s\u0103 oferi personal cadoul frumos ambalat - sau s\u0103-l trimi\u021bi la adresa dorit\u0103.<\/p>","protected":false},"excerpt":{"rendered":"<p>Nu-\u021bi place s\u0103 ambalezi cadouri? Ne ocup\u0103m noi!\nVrei s\u0103 faci un cadou cuiva \u0219i nu ai timp sau nu \u0219tii cum s\u0103 ambalezi cadourile? Nimic mai simplu dec\u00e2t s\u0103 la\u0219i aceste griji \u00een seama noastr\u0103. <span class=\"pq6dq46d tbxw36s4 knj5qynh kvgmc6g5 ditlmg2l oygrvhab nvdbi5me sf5mxxl7 gl3lb2sf hhz5lgdu\"><img loading=\"lazy\" decoding=\"async\" src=\"https:\/\/static.xx.fbcdn.net\/images\/emoji.php\/v9\/t4c\/1\/16\/1f642.png\" alt=\"\ud83d\ude42\" width=\"16\" height=\"16\" \/><\/span><span class=\"pq6dq46d tbxw36s4 knj5qynh kvgmc6g5 ditlmg2l oygrvhab nvdbi5me sf5mxxl7 gl3lb2sf hhz5lgdu\"><img loading=\"lazy\" decoding=\"async\" src=\"https:\/\/static.xx.fbcdn.net\/images\/emoji.php\/v9\/t84\/1\/16\/1f381.png\" alt=\"\ud83c\udf81\" width=\"16\" height=\"16\" \/><\/span><\/p>","protected":false},"featured_media":489,"comment_status":"open","ping_status":"closed","template":"","meta":[],"product_brand":[],"product_cat":[45,40],"product_tag":[],"class_list":{"0":"post-488","1":"product","2":"type-product","3":"status-publish","4":"has-post-thumbnail","6":"product_cat-osszes","7":"product_cat-ajandekcsomagok","9":"first","10":"instock","11":"shipping-taxable","12":"purchasable","13":"product-type-simple"},"yoast_head":"<!-- This site is optimized with the Yoast SEO plugin v27.4 - https:\/\/yoast.com\/product\/yoast-seo-wordpress\/ -->\n<title>Aj\u00e1nd\u00e9kdoboz - Binaturalproducts<\/title>\n<meta name=\"description\" content=\"Ha a kiv\u00e1lasztott term\u00e9keket aj\u00e1nd\u00e9kba szeretn\u00e9d adni, akkor rakj a kosaradba egy ilyen aj\u00e1nd\u00e9kdobozt \u00e9s mi gondoskodunk a csomagol\u00e1sr\u00f3l\" \/>\n<meta name=\"robots\" content=\"index, follow, max-snippet:-1, max-image-preview:large, max-video-preview:-1\" \/>\n<link rel=\"canonical\" href=\"https:\/\/binaturalproducts.com\/ro\/produs\/cutie-cadou\/\" \/>\n<meta property=\"og:locale\" content=\"ro_RO\" \/>\n<meta property=\"og:type\" content=\"article\" \/>\n<meta property=\"og:title\" content=\"Aj\u00e1nd\u00e9kdoboz - Binaturalproducts\" \/>\n<meta property=\"og:description\" content=\"Ha a kiv\u00e1lasztott term\u00e9keket aj\u00e1nd\u00e9kba szeretn\u00e9d adni, akkor rakj a kosaradba egy ilyen aj\u00e1nd\u00e9kdobozt \u00e9s mi gondoskodunk a csomagol\u00e1sr\u00f3l\" \/>\n<meta property=\"og:url\" content=\"https:\/\/binaturalproducts.com\/ro\/produs\/cutie-cadou\/\" \/>\n<meta property=\"og:site_name\" content=\"Binaturalproducts\" \/>\n<meta property=\"article:modified_time\" content=\"2023-04-17T09:16:49+00:00\" \/>\n<meta property=\"og:image\" content=\"https:\/\/binaturalproducts.com\/wp-content\/uploads\/2021\/12\/dob.jpg\" \/>\n\t<meta property=\"og:image:width\" content=\"526\" \/>\n\t<meta property=\"og:image:height\" content=\"531\" \/>\n\t<meta property=\"og:image:type\" content=\"image\/jpeg\" \/>\n<meta name=\"twitter:card\" content=\"summary_large_image\" \/>\n<meta name=\"twitter:label1\" content=\"Timp estimat pentru citire\" \/>\n\t<meta name=\"twitter:data1\" content=\"1 minut\" \/>\n<script type=\"application\/ld+json\" class=\"yoast-schema-graph\">{\"@context\":\"https:\\\/\\\/schema.org\",\"@graph\":[{\"@type\":\"WebPage\",\"@id\":\"https:\\\/\\\/binaturalproducts.com\\\/termek\\\/ajandekdoboz\\\/\",\"url\":\"https:\\\/\\\/binaturalproducts.com\\\/termek\\\/ajandekdoboz\\\/\",\"name\":\"Aj\u00e1nd\u00e9kdoboz - Binaturalproducts\",\"isPartOf\":{\"@id\":\"https:\\\/\\\/binaturalproducts.com\\\/#website\"},\"primaryImageOfPage\":{\"@id\":\"https:\\\/\\\/binaturalproducts.com\\\/termek\\\/ajandekdoboz\\\/#primaryimage\"},\"image\":{\"@id\":\"https:\\\/\\\/binaturalproducts.com\\\/termek\\\/ajandekdoboz\\\/#primaryimage\"},\"thumbnailUrl\":\"https:\\\/\\\/binaturalproducts.com\\\/wp-content\\\/uploads\\\/2021\\\/12\\\/dob.jpg\",\"datePublished\":\"2021-12-16T19:03:58+00:00\",\"dateModified\":\"2023-04-17T09:16:49+00:00\",\"description\":\"Ha a kiv\u00e1lasztott term\u00e9keket aj\u00e1nd\u00e9kba szeretn\u00e9d adni, akkor rakj a kosaradba egy ilyen aj\u00e1nd\u00e9kdobozt \u00e9s mi gondoskodunk a csomagol\u00e1sr\u00f3l\",\"breadcrumb\":{\"@id\":\"https:\\\/\\\/binaturalproducts.com\\\/termek\\\/ajandekdoboz\\\/#breadcrumb\"},\"inLanguage\":\"ro-RO\",\"potentialAction\":[{\"@type\":\"ReadAction\",\"target\":[\"https:\\\/\\\/binaturalproducts.com\\\/termek\\\/ajandekdoboz\\\/\"]}]},{\"@type\":\"ImageObject\",\"inLanguage\":\"ro-RO\",\"@id\":\"https:\\\/\\\/binaturalproducts.com\\\/termek\\\/ajandekdoboz\\\/#primaryimage\",\"url\":\"https:\\\/\\\/binaturalproducts.com\\\/wp-content\\\/uploads\\\/2021\\\/12\\\/dob.jpg\",\"contentUrl\":\"https:\\\/\\\/binaturalproducts.com\\\/wp-content\\\/uploads\\\/2021\\\/12\\\/dob.jpg\",\"width\":526,\"height\":531,\"caption\":\"Binatural Products - Aj\u00e1nd\u00e9kdoboz\"},{\"@type\":\"BreadcrumbList\",\"@id\":\"https:\\\/\\\/binaturalproducts.com\\\/termek\\\/ajandekdoboz\\\/#breadcrumb\",\"itemListElement\":[{\"@type\":\"ListItem\",\"position\":1,\"name\":\"Kezd\u0151lap\",\"item\":\"https:\\\/\\\/binaturalproducts.com\\\/\"},{\"@type\":\"ListItem\",\"position\":2,\"name\":\"\u00dczlet\",\"item\":\"https:\\\/\\\/binaturalproducts.com\\\/uzlet\\\/\"},{\"@type\":\"ListItem\",\"position\":3,\"name\":\"Aj\u00e1nd\u00e9kdoboz\"}]},{\"@type\":\"WebSite\",\"@id\":\"https:\\\/\\\/binaturalproducts.com\\\/#website\",\"url\":\"https:\\\/\\\/binaturalproducts.com\\\/\",\"name\":\"Binaturalproducts\",\"description\":\"Nat\u00far term\u00e9kek Erd\u00e9ly sz\u00edv\u00e9b\u0151l\",\"potentialAction\":[{\"@type\":\"SearchAction\",\"target\":{\"@type\":\"EntryPoint\",\"urlTemplate\":\"https:\\\/\\\/binaturalproducts.com\\\/?s={search_term_string}\"},\"query-input\":{\"@type\":\"PropertyValueSpecification\",\"valueRequired\":true,\"valueName\":\"search_term_string\"}}],\"inLanguage\":\"ro-RO\"}]}<\/script>\n<!-- \/ Yoast SEO plugin. -->","yoast_head_json":{"title":"Cutie cadou - Binaturalproducts","description":"Nu-\u021bi place s\u0103 ambalezi cadouri? Ne ocup\u0103m noi!\nVrei s\u0103 faci un cadou cuiva \u0219i nu ai timp sau nu \u0219tii cum s\u0103 ambalezi cadourile? Nimic mai simplu dec\u00e2t s\u0103 la\u0219i aceste griji \u00een seama noastr\u0103.","robots":{"index":"index","follow":"follow","max-snippet":"max-snippet:-1","max-image-preview":"max-image-preview:large","max-video-preview":"max-video-preview:-1"},"canonical":"https:\/\/binaturalproducts.com\/ro\/produs\/cutie-cadou\/","og_locale":"ro_RO","og_type":"article","og_title":"Aj\u00e1nd\u00e9kdoboz - Binaturalproducts","og_description":"Ha a kiv\u00e1lasztott term\u00e9keket aj\u00e1nd\u00e9kba szeretn\u00e9d adni, akkor rakj a kosaradba egy ilyen aj\u00e1nd\u00e9kdobozt \u00e9s mi gondoskodunk a csomagol\u00e1sr\u00f3l","og_url":"https:\/\/binaturalproducts.com\/ro\/produs\/cutie-cadou\/","og_site_name":"Binaturalproducts","article_modified_time":"2023-04-17T09:16:49+00:00","og_image":[{"width":526,"height":531,"url":"https:\/\/binaturalproducts.com\/wp-content\/uploads\/2021\/12\/dob.jpg","type":"image\/jpeg"}],"twitter_card":"summary_large_image","twitter_misc":{"Timp estimat pentru citire":"1 minut"},"schema":{"@context":"https:\/\/schema.org","@graph":[{"@type":"WebPage","@id":"https:\/\/binaturalproducts.com\/termek\/ajandekdoboz\/","url":"https:\/\/binaturalproducts.com\/termek\/ajandekdoboz\/","name":"Cutie cadou - Binaturalproducts","isPartOf":{"@id":"https:\/\/binaturalproducts.com\/#website"},"primaryImageOfPage":{"@id":"https:\/\/binaturalproducts.com\/termek\/ajandekdoboz\/#primaryimage"},"image":{"@id":"https:\/\/binaturalproducts.com\/termek\/ajandekdoboz\/#primaryimage"},"thumbnailUrl":"https:\/\/binaturalproducts.com\/wp-content\/uploads\/2021\/12\/dob.jpg","datePublished":"2021-12-16T19:03:58+00:00","dateModified":"2023-04-17T09:16:49+00:00","description":"Nu-\u021bi place s\u0103 ambalezi cadouri? Ne ocup\u0103m noi!\nVrei s\u0103 faci un cadou cuiva \u0219i nu ai timp sau nu \u0219tii cum s\u0103 ambalezi cadourile? Nimic mai simplu dec\u00e2t s\u0103 la\u0219i aceste griji \u00een seama noastr\u0103.","breadcrumb":{"@id":"https:\/\/binaturalproducts.com\/termek\/ajandekdoboz\/#breadcrumb"},"inLanguage":"ro-RO","potentialAction":[{"@type":"ReadAction","target":["https:\/\/binaturalproducts.com\/termek\/ajandekdoboz\/"]}]},{"@type":"ImageObject","inLanguage":"ro-RO","@id":"https:\/\/binaturalproducts.com\/termek\/ajandekdoboz\/#primaryimage","url":"https:\/\/binaturalproducts.com\/wp-content\/uploads\/2021\/12\/dob.jpg","contentUrl":"https:\/\/binaturalproducts.com\/wp-content\/uploads\/2021\/12\/dob.jpg","width":526,"height":531,"caption":"Binatural Products - Aj\u00e1nd\u00e9kdoboz"},{"@type":"BreadcrumbList","@id":"https:\/\/binaturalproducts.com\/termek\/ajandekdoboz\/#breadcrumb","itemListElement":[{"@type":"ListItem","position":1,"name":"Kezd\u0151lap","item":"https:\/\/binaturalproducts.com\/"},{"@type":"ListItem","position":2,"name":"\u00dczlet","item":"https:\/\/binaturalproducts.com\/uzlet\/"},{"@type":"ListItem","position":3,"name":"Aj\u00e1nd\u00e9kdoboz"}]},{"@type":"WebSite","@id":"https:\/\/binaturalproducts.com\/#website","url":"https:\/\/binaturalproducts.com\/","name":"Binaturalproducts","description":"PRODUSE NATURALE DIN INIMA TRANSILVANIEI","potentialAction":[{"@type":"SearchAction","target":{"@type":"EntryPoint","urlTemplate":"https:\/\/binaturalproducts.com\/?s={search_term_string}"},"query-input":{"@type":"PropertyValueSpecification","valueRequired":true,"valueName":"search_term_string"}}],"inLanguage":"ro-RO"}]}},"_links":{"self":[{"href":"https:\/\/binaturalproducts.com\/ro\/wp-json\/wp\/v2\/product\/488","targetHints":{"allow":["GET"]}}],"collection":[{"href":"https:\/\/binaturalproducts.com\/ro\/wp-json\/wp\/v2\/product"}],"about":[{"href":"https:\/\/binaturalproducts.com\/ro\/wp-json\/wp\/v2\/types\/product"}],"replies":[{"embeddable":true,"href":"https:\/\/binaturalproducts.com\/ro\/wp-json\/wp\/v2\/comments?post=488"}],"wp:featuredmedia":[{"embeddable":true,"href":"https:\/\/binaturalproducts.com\/ro\/wp-json\/wp\/v2\/media\/489"}],"wp:attachment":[{"href":"https:\/\/binaturalproducts.com\/ro\/wp-json\/wp\/v2\/media?parent=488"}],"wp:term":[{"taxonomy":"product_brand","embeddable":true,"href":"https:\/\/binaturalproducts.com\/ro\/wp-json\/wp\/v2\/product_brand?post=488"},{"taxonomy":"product_cat","embeddable":true,"href":"https:\/\/binaturalproducts.com\/ro\/wp-json\/wp\/v2\/product_cat?post=488"},{"taxonomy":"product_tag","embeddable":true,"href":"https:\/\/binaturalproducts.com\/ro\/wp-json\/wp\/v2\/product_tag?post=488"}],"curies":[{"name":"wp","href":"https:\/\/api.w.org\/{rel}","templated":true}]}}