{"id":482,"date":"2021-12-16T20:26:57","date_gmt":"2021-12-16T18:26:57","guid":{"rendered":"https:\/\/binaturalproducts.com\/?post_type=product&#038;p=482"},"modified":"2026-04-07T14:15:56","modified_gmt":"2026-04-07T12:15:56","slug":"balsam-de-par-solid-cu-vitamina-b5","status":"publish","type":"product","link":"https:\/\/binaturalproducts.com\/ro\/produs\/balsam-de-par-solid-cu-vitamina-b5\/","title":{"rendered":"Balsam de p\u0103r solid cu vitamina B5"},"content":{"rendered":"<div class=\"cxmmr5t8 oygrvhab hcukyx3x c1et5uql o9v6fnle ii04i59q\">\n<div dir=\"auto\"><\/div>\n<div dir=\"auto\"><img loading=\"lazy\" decoding=\"async\" class=\"alignnone wp-image-475\" src=\"https:\/\/binaturalproducts.com\/wp-content\/uploads\/2021\/11\/Nevtelen-terv-4-2-300x169.png\" alt=\"\" width=\"358\" height=\"201\" srcset=\"https:\/\/binaturalproducts.com\/wp-content\/uploads\/2021\/11\/Nevtelen-terv-4-2-300x169.png 300w, https:\/\/binaturalproducts.com\/wp-content\/uploads\/2021\/11\/Nevtelen-terv-4-2-1024x577.png 1024w, https:\/\/binaturalproducts.com\/wp-content\/uploads\/2021\/11\/Nevtelen-terv-4-2-768x433.png 768w, https:\/\/binaturalproducts.com\/wp-content\/uploads\/2021\/11\/Nevtelen-terv-4-2-1536x865.png 1536w, https:\/\/binaturalproducts.com\/wp-content\/uploads\/2021\/11\/Nevtelen-terv-4-2-18x10.png 18w, https:\/\/binaturalproducts.com\/wp-content\/uploads\/2021\/11\/Nevtelen-terv-4-2-600x338.png 600w, https:\/\/binaturalproducts.com\/wp-content\/uploads\/2021\/11\/Nevtelen-terv-4-2.png 1640w\" sizes=\"auto, (max-width: 358px) 100vw, 358px\" \/><\/div>\n<div dir=\"auto\"><\/div>\n<\/div>\n<div class=\"cxmmr5t8 oygrvhab hcukyx3x c1et5uql o9v6fnle ii04i59q\">\n<div dir=\"auto\">\n<p>Face p\u0103rul mai moale, u\u0219or de coafat, f\u0103r\u0103 s\u0103-l \u00eencarce.\nConfer\u0103 senza\u021bie satinat\u0103 \u0219i fine\u021be a p\u0103rului.<br \/>\nCon\u021bine vitamine \u0219i uleiuri vegetale.<\/p>\n<p><strong>Ingrediente principale:<\/strong> ulei de cocos extra virgin, balsam de p\u0103r pe baz\u0103 de plante, vitamina B5.<\/p>\n<\/div>\n<div dir=\"auto\">\n<p>\u00a0 \u00a0 \u00a0<img loading=\"lazy\" decoding=\"async\" class=\"alignnone wp-image-483\" src=\"https:\/\/binaturalproducts.com\/wp-content\/uploads\/2021\/12\/th.jpg\" alt=\"\" width=\"218\" height=\"218\" srcset=\"https:\/\/binaturalproducts.com\/wp-content\/uploads\/2021\/12\/th.jpg 300w, https:\/\/binaturalproducts.com\/wp-content\/uploads\/2021\/12\/th-150x150.jpg 150w, https:\/\/binaturalproducts.com\/wp-content\/uploads\/2021\/12\/th-12x12.jpg 12w, https:\/\/binaturalproducts.com\/wp-content\/uploads\/2021\/12\/th-100x100.jpg 100w\" sizes=\"auto, (max-width: 218px) 100vw, 218px\" \/><\/p>\n<\/div>\n<\/div>\n<div dir=\"auto\">\n<p><strong>De ce am ales uleiul de cocos?<\/strong><br \/>\nPentru c\u0103 hidrateaz\u0103, hr\u0103ne\u0219te \u0219i face pielea \u0219i p\u0103rul m\u0103t\u0103sos, deci este foarte util \u00een \u00eengrijirea \u0219i \u00eenfrumuse\u021barea p\u0103rului nostru.<\/p>\n<p>Vitamina B5 reduce procesul de uscare, \u00eent\u0103re\u0219te p\u0103rul, ajut\u0103 la prevenirea ruperii p\u0103rului, calmeaz\u0103 scalpul iritat, reduc\u00e2nd astfel m\u00e2nc\u0103rimea.<\/p>\n<p><strong>Mod de folosire:<\/strong>\u00a0dup\u0103 sp\u0103lare, freca\u021bi balsamul \u00een palma m\u00e2inii \u0219i netezi\u021bi-l cu m\u00e2inile pe p\u0103rul umed, sau netezi\u021bi blocul prin p\u0103r, av\u00e2nd grij\u0103 s\u0103 nu ajunge\u021bi cu produsul pe scalp.A\u0219tepta\u021bi 5 minute \u0219i cl\u0103ti\u021bi. \u00cen cazul \u00een care scalpul este predispus la scalp gras, folosi\u021bi doar pe v\u00e2rfurile p\u0103rului. \u00cen cazul p\u0103rului cre\u021b, dup\u0103 aplicarea balsamului, piept\u0103na\u021bi \u0219uvi\u021bele \u0219i cl\u0103ti\u021bi.<\/p>\n<p>Produs CGM<\/p>\n<p>Maxi\u00a0 55 g( +-5g) k\u00f6r\u00fclbel\u00fcl 50 alkalomra el\u00e9g<br \/>\nMini 20 g pentru aproximativ 15 utiliz\u0103ri<\/p>\n<\/div>\n<div class=\"cxmmr5t8 oygrvhab hcukyx3x c1et5uql o9v6fnle ii04i59q\">\n<div dir=\"auto\"><\/div>\n<\/div>","protected":false},"excerpt":{"rendered":"<p>Poate face p\u0103rul moale, m\u0103t\u0103sos \u0219i u\u0219or de aranjat. Con\u021bine vitamine \u0219i unturi vegetale hr\u0103nitoare, a\u0219a c\u0103 este excelent pentru v\u00e2rfurile uscate \u0219i despicate.<\/p>","protected":false},"featured_media":5795,"comment_status":"open","ping_status":"closed","template":"","meta":[],"product_brand":[],"product_cat":[45,21],"product_tag":[],"class_list":{"0":"post-482","1":"product","2":"type-product","3":"status-publish","4":"has-post-thumbnail","6":"product_cat-osszes","7":"product_cat-hajapolas","9":"first","10":"instock","11":"shipping-taxable","12":"purchasable","13":"product-type-variable"},"yoast_head":"<!-- This site is optimized with the Yoast SEO plugin v27.4 - https:\/\/yoast.com\/product\/yoast-seo-wordpress\/ -->\n<title>Szil\u00e1rd hajbalzsam-B5 vitaminnal - Binaturalproducts<\/title>\n<meta name=\"description\" content=\"Puh\u00e1v\u00e1, selymess\u00e9 \u00e9s kezelhet\u0151v\u00e9 var\u00e1zsolhatja a hajsz\u00e1lakat. Vitaminokat \u00e9s t\u00e1pl\u00e1l\u00f3 n\u00f6v\u00e9nyi vajat tartalmaz, \u00edgy kiv\u00e1l\u00f3 lehet a sz\u00e1raz, t\u00f6redezett haj sz\u00e1m\u00e1ra.\" \/>\n<meta name=\"robots\" content=\"index, follow, max-snippet:-1, max-image-preview:large, max-video-preview:-1\" \/>\n<link rel=\"canonical\" href=\"https:\/\/binaturalproducts.com\/ro\/produs\/balsam-de-par-solid-cu-vitamina-b5\/\" \/>\n<meta property=\"og:locale\" content=\"ro_RO\" \/>\n<meta property=\"og:type\" content=\"article\" \/>\n<meta property=\"og:title\" content=\"Szil\u00e1rd hajbalzsam-B5 vitaminnal - Binaturalproducts\" \/>\n<meta property=\"og:description\" content=\"Puh\u00e1v\u00e1, selymess\u00e9 \u00e9s kezelhet\u0151v\u00e9 var\u00e1zsolhatja a hajsz\u00e1lakat. Vitaminokat \u00e9s t\u00e1pl\u00e1l\u00f3 n\u00f6v\u00e9nyi vajat tartalmaz, \u00edgy kiv\u00e1l\u00f3 lehet a sz\u00e1raz, t\u00f6redezett haj sz\u00e1m\u00e1ra.\" \/>\n<meta property=\"og:url\" content=\"https:\/\/binaturalproducts.com\/ro\/produs\/balsam-de-par-solid-cu-vitamina-b5\/\" \/>\n<meta property=\"og:site_name\" content=\"Binaturalproducts\" \/>\n<meta property=\"article:modified_time\" content=\"2026-04-07T12:15:56+00:00\" \/>\n<meta property=\"og:image\" content=\"https:\/\/binaturalproducts.com\/wp-content\/uploads\/2021\/12\/IMG_20250301_130509-1.jpg\" \/>\n\t<meta property=\"og:image:width\" content=\"2344\" \/>\n\t<meta property=\"og:image:height\" content=\"2452\" \/>\n\t<meta property=\"og:image:type\" content=\"image\/jpeg\" \/>\n<meta name=\"twitter:card\" content=\"summary_large_image\" \/>\n<meta name=\"twitter:label1\" content=\"Timp estimat pentru citire\" \/>\n\t<meta name=\"twitter:data1\" content=\"2 minute\" \/>\n<script type=\"application\/ld+json\" class=\"yoast-schema-graph\">{\"@context\":\"https:\\\/\\\/schema.org\",\"@graph\":[{\"@type\":\"WebPage\",\"@id\":\"https:\\\/\\\/binaturalproducts.com\\\/termek\\\/szilard-hajbalzsam-b5-vitaminnal\\\/\",\"url\":\"https:\\\/\\\/binaturalproducts.com\\\/termek\\\/szilard-hajbalzsam-b5-vitaminnal\\\/\",\"name\":\"Szil\u00e1rd hajbalzsam-B5 vitaminnal - Binaturalproducts\",\"isPartOf\":{\"@id\":\"https:\\\/\\\/binaturalproducts.com\\\/#website\"},\"primaryImageOfPage\":{\"@id\":\"https:\\\/\\\/binaturalproducts.com\\\/termek\\\/szilard-hajbalzsam-b5-vitaminnal\\\/#primaryimage\"},\"image\":{\"@id\":\"https:\\\/\\\/binaturalproducts.com\\\/termek\\\/szilard-hajbalzsam-b5-vitaminnal\\\/#primaryimage\"},\"thumbnailUrl\":\"https:\\\/\\\/binaturalproducts.com\\\/wp-content\\\/uploads\\\/2021\\\/12\\\/IMG_20250301_130509-1.jpg\",\"datePublished\":\"2021-12-16T18:26:57+00:00\",\"dateModified\":\"2026-04-07T12:15:56+00:00\",\"description\":\"Puh\u00e1v\u00e1, selymess\u00e9 \u00e9s kezelhet\u0151v\u00e9 var\u00e1zsolhatja a hajsz\u00e1lakat. Vitaminokat \u00e9s t\u00e1pl\u00e1l\u00f3 n\u00f6v\u00e9nyi vajat tartalmaz, \u00edgy kiv\u00e1l\u00f3 lehet a sz\u00e1raz, t\u00f6redezett haj sz\u00e1m\u00e1ra.\",\"breadcrumb\":{\"@id\":\"https:\\\/\\\/binaturalproducts.com\\\/termek\\\/szilard-hajbalzsam-b5-vitaminnal\\\/#breadcrumb\"},\"inLanguage\":\"ro-RO\",\"potentialAction\":[{\"@type\":\"ReadAction\",\"target\":[\"https:\\\/\\\/binaturalproducts.com\\\/termek\\\/szilard-hajbalzsam-b5-vitaminnal\\\/\"]}]},{\"@type\":\"ImageObject\",\"inLanguage\":\"ro-RO\",\"@id\":\"https:\\\/\\\/binaturalproducts.com\\\/termek\\\/szilard-hajbalzsam-b5-vitaminnal\\\/#primaryimage\",\"url\":\"https:\\\/\\\/binaturalproducts.com\\\/wp-content\\\/uploads\\\/2021\\\/12\\\/IMG_20250301_130509-1.jpg\",\"contentUrl\":\"https:\\\/\\\/binaturalproducts.com\\\/wp-content\\\/uploads\\\/2021\\\/12\\\/IMG_20250301_130509-1.jpg\",\"width\":2344,\"height\":2452},{\"@type\":\"BreadcrumbList\",\"@id\":\"https:\\\/\\\/binaturalproducts.com\\\/termek\\\/szilard-hajbalzsam-b5-vitaminnal\\\/#breadcrumb\",\"itemListElement\":[{\"@type\":\"ListItem\",\"position\":1,\"name\":\"Kezd\u0151lap\",\"item\":\"https:\\\/\\\/binaturalproducts.com\\\/\"},{\"@type\":\"ListItem\",\"position\":2,\"name\":\"\u00dczlet\",\"item\":\"https:\\\/\\\/binaturalproducts.com\\\/uzlet\\\/\"},{\"@type\":\"ListItem\",\"position\":3,\"name\":\"Szil\u00e1rd hajbalzsam-B5 vitaminnal\"}]},{\"@type\":\"WebSite\",\"@id\":\"https:\\\/\\\/binaturalproducts.com\\\/#website\",\"url\":\"https:\\\/\\\/binaturalproducts.com\\\/\",\"name\":\"Binaturalproducts\",\"description\":\"Nat\u00far term\u00e9kek Erd\u00e9ly sz\u00edv\u00e9b\u0151l\",\"potentialAction\":[{\"@type\":\"SearchAction\",\"target\":{\"@type\":\"EntryPoint\",\"urlTemplate\":\"https:\\\/\\\/binaturalproducts.com\\\/?s={search_term_string}\"},\"query-input\":{\"@type\":\"PropertyValueSpecification\",\"valueRequired\":true,\"valueName\":\"search_term_string\"}}],\"inLanguage\":\"ro-RO\"}]}<\/script>\n<!-- \/ Yoast SEO plugin. -->","yoast_head_json":{"title":"Balsam de p\u0103r solid cu vitamina B5 - Binaturalproducts","description":"Poate face p\u0103rul moale, m\u0103t\u0103sos \u0219i u\u0219or de aranjat. Con\u021bine vitamine \u0219i unturi vegetale hr\u0103nitoare, a\u0219a c\u0103 este excelent pentru v\u00e2rfurile uscate \u0219i despicate.","robots":{"index":"index","follow":"follow","max-snippet":"max-snippet:-1","max-image-preview":"max-image-preview:large","max-video-preview":"max-video-preview:-1"},"canonical":"https:\/\/binaturalproducts.com\/ro\/produs\/balsam-de-par-solid-cu-vitamina-b5\/","og_locale":"ro_RO","og_type":"article","og_title":"Szil\u00e1rd hajbalzsam-B5 vitaminnal - Binaturalproducts","og_description":"Puh\u00e1v\u00e1, selymess\u00e9 \u00e9s kezelhet\u0151v\u00e9 var\u00e1zsolhatja a hajsz\u00e1lakat. Vitaminokat \u00e9s t\u00e1pl\u00e1l\u00f3 n\u00f6v\u00e9nyi vajat tartalmaz, \u00edgy kiv\u00e1l\u00f3 lehet a sz\u00e1raz, t\u00f6redezett haj sz\u00e1m\u00e1ra.","og_url":"https:\/\/binaturalproducts.com\/ro\/produs\/balsam-de-par-solid-cu-vitamina-b5\/","og_site_name":"Binaturalproducts","article_modified_time":"2026-04-07T12:15:56+00:00","og_image":[{"width":2344,"height":2452,"url":"https:\/\/binaturalproducts.com\/wp-content\/uploads\/2021\/12\/IMG_20250301_130509-1.jpg","type":"image\/jpeg"}],"twitter_card":"summary_large_image","twitter_misc":{"Timp estimat pentru citire":"2 minute"},"schema":{"@context":"https:\/\/schema.org","@graph":[{"@type":"WebPage","@id":"https:\/\/binaturalproducts.com\/termek\/szilard-hajbalzsam-b5-vitaminnal\/","url":"https:\/\/binaturalproducts.com\/termek\/szilard-hajbalzsam-b5-vitaminnal\/","name":"Balsam de p\u0103r solid cu vitamina B5 - Binaturalproducts","isPartOf":{"@id":"https:\/\/binaturalproducts.com\/#website"},"primaryImageOfPage":{"@id":"https:\/\/binaturalproducts.com\/termek\/szilard-hajbalzsam-b5-vitaminnal\/#primaryimage"},"image":{"@id":"https:\/\/binaturalproducts.com\/termek\/szilard-hajbalzsam-b5-vitaminnal\/#primaryimage"},"thumbnailUrl":"https:\/\/binaturalproducts.com\/wp-content\/uploads\/2021\/12\/IMG_20250301_130509-1.jpg","datePublished":"2021-12-16T18:26:57+00:00","dateModified":"2026-04-07T12:15:56+00:00","description":"Poate face p\u0103rul moale, m\u0103t\u0103sos \u0219i u\u0219or de aranjat. Con\u021bine vitamine \u0219i unturi vegetale hr\u0103nitoare, a\u0219a c\u0103 este excelent pentru v\u00e2rfurile uscate \u0219i despicate.","breadcrumb":{"@id":"https:\/\/binaturalproducts.com\/termek\/szilard-hajbalzsam-b5-vitaminnal\/#breadcrumb"},"inLanguage":"ro-RO","potentialAction":[{"@type":"ReadAction","target":["https:\/\/binaturalproducts.com\/termek\/szilard-hajbalzsam-b5-vitaminnal\/"]}]},{"@type":"ImageObject","inLanguage":"ro-RO","@id":"https:\/\/binaturalproducts.com\/termek\/szilard-hajbalzsam-b5-vitaminnal\/#primaryimage","url":"https:\/\/binaturalproducts.com\/wp-content\/uploads\/2021\/12\/IMG_20250301_130509-1.jpg","contentUrl":"https:\/\/binaturalproducts.com\/wp-content\/uploads\/2021\/12\/IMG_20250301_130509-1.jpg","width":2344,"height":2452},{"@type":"BreadcrumbList","@id":"https:\/\/binaturalproducts.com\/termek\/szilard-hajbalzsam-b5-vitaminnal\/#breadcrumb","itemListElement":[{"@type":"ListItem","position":1,"name":"Kezd\u0151lap","item":"https:\/\/binaturalproducts.com\/"},{"@type":"ListItem","position":2,"name":"\u00dczlet","item":"https:\/\/binaturalproducts.com\/uzlet\/"},{"@type":"ListItem","position":3,"name":"Szil\u00e1rd hajbalzsam-B5 vitaminnal"}]},{"@type":"WebSite","@id":"https:\/\/binaturalproducts.com\/#website","url":"https:\/\/binaturalproducts.com\/","name":"Binaturalproducts","description":"PRODUSE NATURALE DIN INIMA TRANSILVANIEI","potentialAction":[{"@type":"SearchAction","target":{"@type":"EntryPoint","urlTemplate":"https:\/\/binaturalproducts.com\/?s={search_term_string}"},"query-input":{"@type":"PropertyValueSpecification","valueRequired":true,"valueName":"search_term_string"}}],"inLanguage":"ro-RO"}]}},"_links":{"self":[{"href":"https:\/\/binaturalproducts.com\/ro\/wp-json\/wp\/v2\/product\/482","targetHints":{"allow":["GET"]}}],"collection":[{"href":"https:\/\/binaturalproducts.com\/ro\/wp-json\/wp\/v2\/product"}],"about":[{"href":"https:\/\/binaturalproducts.com\/ro\/wp-json\/wp\/v2\/types\/product"}],"replies":[{"embeddable":true,"href":"https:\/\/binaturalproducts.com\/ro\/wp-json\/wp\/v2\/comments?post=482"}],"wp:featuredmedia":[{"embeddable":true,"href":"https:\/\/binaturalproducts.com\/ro\/wp-json\/wp\/v2\/media\/5795"}],"wp:attachment":[{"href":"https:\/\/binaturalproducts.com\/ro\/wp-json\/wp\/v2\/media?parent=482"}],"wp:term":[{"taxonomy":"product_brand","embeddable":true,"href":"https:\/\/binaturalproducts.com\/ro\/wp-json\/wp\/v2\/product_brand?post=482"},{"taxonomy":"product_cat","embeddable":true,"href":"https:\/\/binaturalproducts.com\/ro\/wp-json\/wp\/v2\/product_cat?post=482"},{"taxonomy":"product_tag","embeddable":true,"href":"https:\/\/binaturalproducts.com\/ro\/wp-json\/wp\/v2\/product_tag?post=482"}],"curies":[{"name":"wp","href":"https:\/\/api.w.org\/{rel}","templated":true}]}}