{"id":4816,"date":"2024-02-27T00:44:40","date_gmt":"2024-02-26T22:44:40","guid":{"rendered":"https:\/\/binaturalproducts.com\/?post_type=product&#038;p=4816"},"modified":"2026-04-16T08:59:40","modified_gmt":"2026-04-16T06:59:40","slug":"kedvezmenyes-csomag-hajhullasra","status":"publish","type":"product","link":"https:\/\/binaturalproducts.com\/ro\/produs\/kedvezmenyes-csomag-hajhullasra\/","title":{"rendered":"Pachet pentru c\u0103derea p\u0103rului"},"content":{"rendered":"<p>Acest pachet con\u021bine tot ceea ce ave\u021bi nevoie pentru a ajuta la reducerea sau eliminarea c\u0103derii p\u0103rului.<\/p>\n<p>1 ser pentru scalp 30 ml - se maseaz\u0103 \u00eenainte de sp\u0103larea p\u0103rului, se las\u0103 s\u0103 ac\u021bioneze timp de cel pu\u021bin 3 ore (suficient pentru aproximativ 10 \u0219edin\u021be)\u00a0<a href=\"https:\/\/binaturalproducts.com\/ro\/produs\/ser-regenerator-pentru-cresterea-parului\/\">cite\u0219te mai multe aici<\/a><\/p>\n<p>1 bloc de \u0219ampon pentru c\u0103derea p\u0103rului 85 g- suficient pentru aproximativ 50 de sp\u0103l\u0103ri de p\u0103r\u00a0\u00a0<a href=\"https:\/\/binaturalproducts.com\/ro\/produs\/sampon-solid-pentru-caderea-parului\/\">cite\u0219te mai multe aici<\/a><\/p>\n<p>1 ser pentru c\u0103derea p\u0103rului 100 ml- se maseaz\u0103 \u00een scalp dup\u0103 sp\u0103lare, nu se cl\u0103te\u0219te \u00a0<a href=\"https:\/\/binaturalproducts.com\/ro\/produs\/ser-impotriva-caderii-parului\/\">cite\u0219te mai multe aici<\/a><\/p>\n<p>&nbsp;<\/p>\n<p>Dac\u0103 comanda\u021bi acest pachet ve\u021bi economisi 7 lei \u00een compara\u021bie cu comanda individual\u0103.<\/p>","protected":false},"excerpt":{"rendered":"<p>Dac\u0103 comanda\u021bi acest pachet ve\u021bi economisi 7 lei \u00een compara\u021bie cu comanda individual\u0103.<\/p>","protected":false},"featured_media":4817,"comment_status":"open","ping_status":"closed","template":"","meta":[],"product_brand":[],"product_cat":[45,21,40],"product_tag":[],"class_list":{"0":"post-4816","1":"product","2":"type-product","3":"status-publish","4":"has-post-thumbnail","6":"product_cat-osszes","7":"product_cat-hajapolas","8":"product_cat-ajandekcsomagok","10":"first","11":"instock","12":"sale","13":"shipping-taxable","14":"purchasable","15":"product-type-simple"},"yoast_head":"<!-- This site is optimized with the Yoast SEO plugin v27.4 - https:\/\/yoast.com\/product\/yoast-seo-wordpress\/ -->\n<title>Kedvezm\u00e9nyes csomag hajhull\u00e1sra - Binaturalproducts<\/title>\n<meta name=\"robots\" content=\"index, follow, max-snippet:-1, max-image-preview:large, max-video-preview:-1\" \/>\n<link rel=\"canonical\" href=\"https:\/\/binaturalproducts.com\/ro\/produs\/kedvezmenyes-csomag-hajhullasra\/\" \/>\n<meta property=\"og:locale\" content=\"ro_RO\" \/>\n<meta property=\"og:type\" content=\"article\" \/>\n<meta property=\"og:title\" content=\"Kedvezm\u00e9nyes csomag hajhull\u00e1sra - Binaturalproducts\" \/>\n<meta property=\"og:description\" content=\"Ha ezt a csomagot rendeled meg, akkor 7 lejt takar\u00edtasz meg magadnak.\" \/>\n<meta property=\"og:url\" content=\"https:\/\/binaturalproducts.com\/ro\/produs\/kedvezmenyes-csomag-hajhullasra\/\" \/>\n<meta property=\"og:site_name\" content=\"Binaturalproducts\" \/>\n<meta property=\"article:modified_time\" content=\"2026-04-16T06:59:40+00:00\" \/>\n<meta property=\"og:image\" content=\"https:\/\/binaturalproducts.com\/wp-content\/uploads\/2024\/02\/IMG_20240226_205655-1.jpg\" \/>\n\t<meta property=\"og:image:width\" content=\"1920\" \/>\n\t<meta property=\"og:image:height\" content=\"1299\" \/>\n\t<meta property=\"og:image:type\" content=\"image\/jpeg\" \/>\n<meta name=\"twitter:card\" content=\"summary_large_image\" \/>\n<meta name=\"twitter:label1\" content=\"Timp estimat pentru citire\" \/>\n\t<meta name=\"twitter:data1\" content=\"1 minut\" \/>\n<script type=\"application\/ld+json\" class=\"yoast-schema-graph\">{\"@context\":\"https:\\\/\\\/schema.org\",\"@graph\":[{\"@type\":\"WebPage\",\"@id\":\"https:\\\/\\\/binaturalproducts.com\\\/termek\\\/kedvezmenyes-csomag-hajhullasra\\\/\",\"url\":\"https:\\\/\\\/binaturalproducts.com\\\/termek\\\/kedvezmenyes-csomag-hajhullasra\\\/\",\"name\":\"Kedvezm\u00e9nyes csomag hajhull\u00e1sra - Binaturalproducts\",\"isPartOf\":{\"@id\":\"https:\\\/\\\/binaturalproducts.com\\\/#website\"},\"primaryImageOfPage\":{\"@id\":\"https:\\\/\\\/binaturalproducts.com\\\/termek\\\/kedvezmenyes-csomag-hajhullasra\\\/#primaryimage\"},\"image\":{\"@id\":\"https:\\\/\\\/binaturalproducts.com\\\/termek\\\/kedvezmenyes-csomag-hajhullasra\\\/#primaryimage\"},\"thumbnailUrl\":\"https:\\\/\\\/binaturalproducts.com\\\/wp-content\\\/uploads\\\/2024\\\/02\\\/IMG_20240226_205655-1.jpg\",\"datePublished\":\"2024-02-26T22:44:40+00:00\",\"dateModified\":\"2026-04-16T06:59:40+00:00\",\"breadcrumb\":{\"@id\":\"https:\\\/\\\/binaturalproducts.com\\\/termek\\\/kedvezmenyes-csomag-hajhullasra\\\/#breadcrumb\"},\"inLanguage\":\"ro-RO\",\"potentialAction\":[{\"@type\":\"ReadAction\",\"target\":[\"https:\\\/\\\/binaturalproducts.com\\\/termek\\\/kedvezmenyes-csomag-hajhullasra\\\/\"]}]},{\"@type\":\"ImageObject\",\"inLanguage\":\"ro-RO\",\"@id\":\"https:\\\/\\\/binaturalproducts.com\\\/termek\\\/kedvezmenyes-csomag-hajhullasra\\\/#primaryimage\",\"url\":\"https:\\\/\\\/binaturalproducts.com\\\/wp-content\\\/uploads\\\/2024\\\/02\\\/IMG_20240226_205655-1.jpg\",\"contentUrl\":\"https:\\\/\\\/binaturalproducts.com\\\/wp-content\\\/uploads\\\/2024\\\/02\\\/IMG_20240226_205655-1.jpg\",\"width\":1920,\"height\":1299},{\"@type\":\"BreadcrumbList\",\"@id\":\"https:\\\/\\\/binaturalproducts.com\\\/termek\\\/kedvezmenyes-csomag-hajhullasra\\\/#breadcrumb\",\"itemListElement\":[{\"@type\":\"ListItem\",\"position\":1,\"name\":\"Kezd\u0151lap\",\"item\":\"https:\\\/\\\/binaturalproducts.com\\\/\"},{\"@type\":\"ListItem\",\"position\":2,\"name\":\"\u00dczlet\",\"item\":\"https:\\\/\\\/binaturalproducts.com\\\/uzlet\\\/\"},{\"@type\":\"ListItem\",\"position\":3,\"name\":\"Kedvezm\u00e9nyes csomag hajhull\u00e1sra\"}]},{\"@type\":\"WebSite\",\"@id\":\"https:\\\/\\\/binaturalproducts.com\\\/#website\",\"url\":\"https:\\\/\\\/binaturalproducts.com\\\/\",\"name\":\"Binaturalproducts\",\"description\":\"Nat\u00far term\u00e9kek Erd\u00e9ly sz\u00edv\u00e9b\u0151l\",\"potentialAction\":[{\"@type\":\"SearchAction\",\"target\":{\"@type\":\"EntryPoint\",\"urlTemplate\":\"https:\\\/\\\/binaturalproducts.com\\\/?s={search_term_string}\"},\"query-input\":{\"@type\":\"PropertyValueSpecification\",\"valueRequired\":true,\"valueName\":\"search_term_string\"}}],\"inLanguage\":\"ro-RO\"}]}<\/script>\n<!-- \/ Yoast SEO plugin. -->","yoast_head_json":{"title":"Kedvezm\u00e9nyes csomag hajhull\u00e1sra - Binaturalproducts","robots":{"index":"index","follow":"follow","max-snippet":"max-snippet:-1","max-image-preview":"max-image-preview:large","max-video-preview":"max-video-preview:-1"},"canonical":"https:\/\/binaturalproducts.com\/ro\/produs\/kedvezmenyes-csomag-hajhullasra\/","og_locale":"ro_RO","og_type":"article","og_title":"Kedvezm\u00e9nyes csomag hajhull\u00e1sra - Binaturalproducts","og_description":"Ha ezt a csomagot rendeled meg, akkor 7 lejt takar\u00edtasz meg magadnak.","og_url":"https:\/\/binaturalproducts.com\/ro\/produs\/kedvezmenyes-csomag-hajhullasra\/","og_site_name":"Binaturalproducts","article_modified_time":"2026-04-16T06:59:40+00:00","og_image":[{"width":1920,"height":1299,"url":"https:\/\/binaturalproducts.com\/wp-content\/uploads\/2024\/02\/IMG_20240226_205655-1.jpg","type":"image\/jpeg"}],"twitter_card":"summary_large_image","twitter_misc":{"Timp estimat pentru citire":"1 minut"},"schema":{"@context":"https:\/\/schema.org","@graph":[{"@type":"WebPage","@id":"https:\/\/binaturalproducts.com\/termek\/kedvezmenyes-csomag-hajhullasra\/","url":"https:\/\/binaturalproducts.com\/termek\/kedvezmenyes-csomag-hajhullasra\/","name":"Kedvezm\u00e9nyes csomag hajhull\u00e1sra - Binaturalproducts","isPartOf":{"@id":"https:\/\/binaturalproducts.com\/#website"},"primaryImageOfPage":{"@id":"https:\/\/binaturalproducts.com\/termek\/kedvezmenyes-csomag-hajhullasra\/#primaryimage"},"image":{"@id":"https:\/\/binaturalproducts.com\/termek\/kedvezmenyes-csomag-hajhullasra\/#primaryimage"},"thumbnailUrl":"https:\/\/binaturalproducts.com\/wp-content\/uploads\/2024\/02\/IMG_20240226_205655-1.jpg","datePublished":"2024-02-26T22:44:40+00:00","dateModified":"2026-04-16T06:59:40+00:00","breadcrumb":{"@id":"https:\/\/binaturalproducts.com\/termek\/kedvezmenyes-csomag-hajhullasra\/#breadcrumb"},"inLanguage":"ro-RO","potentialAction":[{"@type":"ReadAction","target":["https:\/\/binaturalproducts.com\/termek\/kedvezmenyes-csomag-hajhullasra\/"]}]},{"@type":"ImageObject","inLanguage":"ro-RO","@id":"https:\/\/binaturalproducts.com\/termek\/kedvezmenyes-csomag-hajhullasra\/#primaryimage","url":"https:\/\/binaturalproducts.com\/wp-content\/uploads\/2024\/02\/IMG_20240226_205655-1.jpg","contentUrl":"https:\/\/binaturalproducts.com\/wp-content\/uploads\/2024\/02\/IMG_20240226_205655-1.jpg","width":1920,"height":1299},{"@type":"BreadcrumbList","@id":"https:\/\/binaturalproducts.com\/termek\/kedvezmenyes-csomag-hajhullasra\/#breadcrumb","itemListElement":[{"@type":"ListItem","position":1,"name":"Kezd\u0151lap","item":"https:\/\/binaturalproducts.com\/"},{"@type":"ListItem","position":2,"name":"\u00dczlet","item":"https:\/\/binaturalproducts.com\/uzlet\/"},{"@type":"ListItem","position":3,"name":"Kedvezm\u00e9nyes csomag hajhull\u00e1sra"}]},{"@type":"WebSite","@id":"https:\/\/binaturalproducts.com\/#website","url":"https:\/\/binaturalproducts.com\/","name":"Binaturalproducts","description":"PRODUSE NATURALE DIN INIMA TRANSILVANIEI","potentialAction":[{"@type":"SearchAction","target":{"@type":"EntryPoint","urlTemplate":"https:\/\/binaturalproducts.com\/?s={search_term_string}"},"query-input":{"@type":"PropertyValueSpecification","valueRequired":true,"valueName":"search_term_string"}}],"inLanguage":"ro-RO"}]}},"_links":{"self":[{"href":"https:\/\/binaturalproducts.com\/ro\/wp-json\/wp\/v2\/product\/4816","targetHints":{"allow":["GET"]}}],"collection":[{"href":"https:\/\/binaturalproducts.com\/ro\/wp-json\/wp\/v2\/product"}],"about":[{"href":"https:\/\/binaturalproducts.com\/ro\/wp-json\/wp\/v2\/types\/product"}],"replies":[{"embeddable":true,"href":"https:\/\/binaturalproducts.com\/ro\/wp-json\/wp\/v2\/comments?post=4816"}],"wp:featuredmedia":[{"embeddable":true,"href":"https:\/\/binaturalproducts.com\/ro\/wp-json\/wp\/v2\/media\/4817"}],"wp:attachment":[{"href":"https:\/\/binaturalproducts.com\/ro\/wp-json\/wp\/v2\/media?parent=4816"}],"wp:term":[{"taxonomy":"product_brand","embeddable":true,"href":"https:\/\/binaturalproducts.com\/ro\/wp-json\/wp\/v2\/product_brand?post=4816"},{"taxonomy":"product_cat","embeddable":true,"href":"https:\/\/binaturalproducts.com\/ro\/wp-json\/wp\/v2\/product_cat?post=4816"},{"taxonomy":"product_tag","embeddable":true,"href":"https:\/\/binaturalproducts.com\/ro\/wp-json\/wp\/v2\/product_tag?post=4816"}],"curies":[{"name":"wp","href":"https:\/\/api.w.org\/{rel}","templated":true}]}}