{"id":4774,"date":"2024-02-13T17:54:37","date_gmt":"2024-02-13T15:54:37","guid":{"rendered":"https:\/\/binaturalproducts.com\/?post_type=product&#038;p=4774"},"modified":"2026-02-13T08:34:34","modified_gmt":"2026-02-13T06:34:34","slug":"kecsketejes-agyagmaszk-mehpempovel","status":"publish","type":"product","link":"https:\/\/binaturalproducts.com\/ro\/produs\/kecsketejes-agyagmaszk-mehpempovel\/","title":{"rendered":"Masca de argila cu lapte de capra si laptisor de matca"},"content":{"rendered":"<p>Az argil\u0103 masca este alc\u0103tuit\u0103 din ingrediente naturale, fiecare dintre ele fiind cunoscut\u0103 pentru beneficiile lor asupra pielii:<\/p>\n<ol>\n<li><strong>Argila alba:<\/strong>Argila este unul dintre cele mai eficiente materiale naturale pentru cur\u0103\u021barea \u0219i tonifierea pielii. Argila alb\u0103 este deosebit de potrivit\u0103 pentru tenul gras sau mixt, deoarece ajut\u0103 la \u00eendep\u0103rtarea excesului de ulei \u0219i impurit\u0103\u021bi, \u00een timp ce refineaz\u0103 porii \u0219i neteze\u0219te pielea.<\/li>\n<li><strong>Pudra de lapre de capra<\/strong>Pudra de lapte de capr\u0103 este bogat\u0103 \u00een vitamine \u0219i minerale, care ajut\u0103 la hidratarea \u0219i hr\u0103nirea pielii. De asemenea, are un efect foarte emolient, fiind o alegere ideal\u0103 \u0219i pentru pielea sensibil\u0103.<\/li>\n<li><strong>Laptisor de matca<\/strong>Laptisor de matca este o adev\u0103rat\u0103 bomb\u0103 de nutrien\u021bi pentru piele. Plin\u0103 de vitamine, minerale \u0219i aminoacizi, ajut\u0103 la regenerarea \u0219i tonifierea pielii. Utilizarea regulat\u0103 poate ajuta la reducerea liniilor fine \u0219i a ridurilor, \u0219i poate spori elasticitatea \u0219i vitalitatea pielii.<\/li>\n<li><strong>Pudr\u0103 de flori de hibiscus:<\/strong>Floarea de hibiscus este extrem de bogat\u0103 \u00een antioxidan\u021bi \u0219i acizi AHA, care ajut\u0103 la regenerarea pielii \u0219i stimuleaz\u0103 produc\u021bia de colagen. Astfel, \u00eembun\u0103t\u0103\u021be\u0219te textura pielii \u0219i \u00eei confer\u0103 un aspect uniform \u0219i str\u0103lucitor.<\/li>\n<\/ol>\n<p>Aceste ingrediente, combinate \u00eempreun\u0103, formeaz\u0103 masca de argil\u0103, care este extrem de eficient\u0103 \u0219i delicat\u0103 pentru piele. Utilizarea sa regulat\u0103 poate \u00eembun\u0103t\u0103\u021bi starea pielii \u0219i poate contribui la men\u021binerea s\u0103n\u0103t\u0103\u021bii \u0219i tinere\u021bii acesteia.<\/p>\n<p><span style=\"color: #000000; font-family: Nunito, Tahoma, sans-serif, Arial;\"><strong>Efecte: revitalizant, u\u0219or exfoliant, hr\u0103nitor \u0219i anti-\u00eemb\u0103tr\u00e2nire<\/strong>.<\/span><span style=\"color: #000000; font-family: Nunito, Tahoma, sans-serif, Arial;\">.\u00a0<\/span>.<\/p>\n<p><strong>Mod de folosire<\/strong>\u00centr-un bol, amesteca\u021bi 1-2 linguri\u021be de pudr\u0103 de masc\u0103 de argil\u0103 cu ap\u0103 sau ap\u0103 de flori, p\u00e2n\u0103 c\u00e2nd ob\u021bine\u021bi o past\u0103 aplicabil\u0103. Aplica\u021bi pe fa\u021b\u0103, g\u00e2t \u0219i decolteu \u0219i l\u0103sa\u021bi timp de 15-20 de minute, apoi cl\u0103ti\u021bi cu ap\u0103 c\u0103ldu\u021b\u0103. Dac\u0103 sim\u021bi\u021bi c\u0103 v\u0103 usuc\u0103 prea mult pielea, l\u0103sa\u021bi-o s\u0103 ac\u021bioneze doar 10 minute, nu a\u0219tepta\u021bi s\u0103 se usuce complet.<\/p>\n<p>.<\/p>\n<p><strong>Ingrediente:<\/strong> argil\u0103 alb\u0103, pudr\u0103 de lapte de capr\u0103, laptisor de matca, pudr\u0103 de flori de hibiscus.<\/p>\n<div>INCI:<\/div>\n<div>Kaolinite,\u00a0Caprae lac powder,Royal Jelly Powder,Hibiscus Sabdariffa Flower Powder.<\/div>\n<div><\/div>\n<div>e 50gr\/100 ml<\/div>","protected":false},"excerpt":{"rendered":"<p><span style=\"color: #000000; font-family: Nunito, Tahoma, sans-serif, Arial;\"><strong>Efecte: revitalizant, u\u0219or exfoliant, hr\u0103nitor \u0219i anti-\u00eemb\u0103tr\u00e2nire<\/strong>.<\/span><span style=\"color: #000000; font-family: Nunito, Tahoma, sans-serif, Arial;\">.\u00a0<\/span>.<\/p>","protected":false},"featured_media":4775,"comment_status":"open","ping_status":"closed","template":"","meta":[],"product_brand":[],"product_cat":[45,32,41,15],"product_tag":[],"class_list":{"0":"post-4774","1":"product","2":"type-product","3":"status-publish","4":"has-post-thumbnail","6":"product_cat-osszes","7":"product_cat-testapolas","8":"product_cat-arcapolas","9":"product_cat-egyeb","11":"first","12":"instock","13":"sale","14":"shipping-taxable","15":"purchasable","16":"product-type-simple"},"yoast_head":"<!-- This site is optimized with the Yoast SEO plugin v27.4 - https:\/\/yoast.com\/product\/yoast-seo-wordpress\/ -->\n<title>Kecsketejes agyagmaszk- m\u00e9hpemp\u0151vel- Binaturalproducts<\/title>\n<meta name=\"robots\" content=\"index, follow, max-snippet:-1, max-image-preview:large, max-video-preview:-1\" \/>\n<link rel=\"canonical\" href=\"https:\/\/binaturalproducts.com\/ro\/produs\/kecsketejes-agyagmaszk-mehpempovel\/\" \/>\n<meta property=\"og:locale\" content=\"ro_RO\" \/>\n<meta property=\"og:type\" content=\"article\" \/>\n<meta property=\"og:title\" content=\"Kecsketejes agyagmaszk- m\u00e9hpemp\u0151vel- Binaturalproducts\" \/>\n<meta property=\"og:description\" content=\"Hat\u00e1sa: revitaliz\u00e1l\u00f3,\u00a0enyh\u00e9n h\u00e1mlaszt\u00f3, t\u00e1pl\u00e1l\u00f3 \u00e9s \u00f6reged\u00e9sg\u00e1tl\u00f3\" \/>\n<meta property=\"og:url\" content=\"https:\/\/binaturalproducts.com\/ro\/produs\/kecsketejes-agyagmaszk-mehpempovel\/\" \/>\n<meta property=\"og:site_name\" content=\"Binaturalproducts\" \/>\n<meta property=\"article:modified_time\" content=\"2026-02-13T06:34:34+00:00\" \/>\n<meta property=\"og:image\" content=\"https:\/\/binaturalproducts.com\/wp-content\/uploads\/2024\/02\/IMG_20240213_174515-1.jpg\" \/>\n\t<meta property=\"og:image:width\" content=\"2316\" \/>\n\t<meta property=\"og:image:height\" content=\"2260\" \/>\n\t<meta property=\"og:image:type\" content=\"image\/jpeg\" \/>\n<meta name=\"twitter:card\" content=\"summary_large_image\" \/>\n<meta name=\"twitter:label1\" content=\"Timp estimat pentru citire\" \/>\n\t<meta name=\"twitter:data1\" content=\"2 minute\" \/>\n<script type=\"application\/ld+json\" class=\"yoast-schema-graph\">{\"@context\":\"https:\\\/\\\/schema.org\",\"@graph\":[{\"@type\":\"WebPage\",\"@id\":\"https:\\\/\\\/binaturalproducts.com\\\/termek\\\/kecsketejes-agyagmaszk-mehpempovel\\\/\",\"url\":\"https:\\\/\\\/binaturalproducts.com\\\/termek\\\/kecsketejes-agyagmaszk-mehpempovel\\\/\",\"name\":\"Kecsketejes agyagmaszk- m\u00e9hpemp\u0151vel- Binaturalproducts\",\"isPartOf\":{\"@id\":\"https:\\\/\\\/binaturalproducts.com\\\/#website\"},\"primaryImageOfPage\":{\"@id\":\"https:\\\/\\\/binaturalproducts.com\\\/termek\\\/kecsketejes-agyagmaszk-mehpempovel\\\/#primaryimage\"},\"image\":{\"@id\":\"https:\\\/\\\/binaturalproducts.com\\\/termek\\\/kecsketejes-agyagmaszk-mehpempovel\\\/#primaryimage\"},\"thumbnailUrl\":\"https:\\\/\\\/binaturalproducts.com\\\/wp-content\\\/uploads\\\/2024\\\/02\\\/IMG_20240213_174515-1.jpg\",\"datePublished\":\"2024-02-13T15:54:37+00:00\",\"dateModified\":\"2026-02-13T06:34:34+00:00\",\"breadcrumb\":{\"@id\":\"https:\\\/\\\/binaturalproducts.com\\\/termek\\\/kecsketejes-agyagmaszk-mehpempovel\\\/#breadcrumb\"},\"inLanguage\":\"ro-RO\",\"potentialAction\":[{\"@type\":\"ReadAction\",\"target\":[\"https:\\\/\\\/binaturalproducts.com\\\/termek\\\/kecsketejes-agyagmaszk-mehpempovel\\\/\"]}]},{\"@type\":\"ImageObject\",\"inLanguage\":\"ro-RO\",\"@id\":\"https:\\\/\\\/binaturalproducts.com\\\/termek\\\/kecsketejes-agyagmaszk-mehpempovel\\\/#primaryimage\",\"url\":\"https:\\\/\\\/binaturalproducts.com\\\/wp-content\\\/uploads\\\/2024\\\/02\\\/IMG_20240213_174515-1.jpg\",\"contentUrl\":\"https:\\\/\\\/binaturalproducts.com\\\/wp-content\\\/uploads\\\/2024\\\/02\\\/IMG_20240213_174515-1.jpg\",\"width\":2316,\"height\":2260},{\"@type\":\"BreadcrumbList\",\"@id\":\"https:\\\/\\\/binaturalproducts.com\\\/termek\\\/kecsketejes-agyagmaszk-mehpempovel\\\/#breadcrumb\",\"itemListElement\":[{\"@type\":\"ListItem\",\"position\":1,\"name\":\"Kezd\u0151lap\",\"item\":\"https:\\\/\\\/binaturalproducts.com\\\/\"},{\"@type\":\"ListItem\",\"position\":2,\"name\":\"\u00dczlet\",\"item\":\"https:\\\/\\\/binaturalproducts.com\\\/uzlet\\\/\"},{\"@type\":\"ListItem\",\"position\":3,\"name\":\"Kecsketejes agyagmaszk- m\u00e9hpemp\u0151vel-\"}]},{\"@type\":\"WebSite\",\"@id\":\"https:\\\/\\\/binaturalproducts.com\\\/#website\",\"url\":\"https:\\\/\\\/binaturalproducts.com\\\/\",\"name\":\"Binaturalproducts\",\"description\":\"Nat\u00far term\u00e9kek Erd\u00e9ly sz\u00edv\u00e9b\u0151l\",\"potentialAction\":[{\"@type\":\"SearchAction\",\"target\":{\"@type\":\"EntryPoint\",\"urlTemplate\":\"https:\\\/\\\/binaturalproducts.com\\\/?s={search_term_string}\"},\"query-input\":{\"@type\":\"PropertyValueSpecification\",\"valueRequired\":true,\"valueName\":\"search_term_string\"}}],\"inLanguage\":\"ro-RO\"}]}<\/script>\n<!-- \/ Yoast SEO plugin. -->","yoast_head_json":{"title":"Masca de argila cu lapte de capra si laptisor de matca","robots":{"index":"index","follow":"follow","max-snippet":"max-snippet:-1","max-image-preview":"max-image-preview:large","max-video-preview":"max-video-preview:-1"},"canonical":"https:\/\/binaturalproducts.com\/ro\/produs\/kecsketejes-agyagmaszk-mehpempovel\/","og_locale":"ro_RO","og_type":"article","og_title":"Kecsketejes agyagmaszk- m\u00e9hpemp\u0151vel- Binaturalproducts","og_description":"Hat\u00e1sa: revitaliz\u00e1l\u00f3,\u00a0enyh\u00e9n h\u00e1mlaszt\u00f3, t\u00e1pl\u00e1l\u00f3 \u00e9s \u00f6reged\u00e9sg\u00e1tl\u00f3","og_url":"https:\/\/binaturalproducts.com\/ro\/produs\/kecsketejes-agyagmaszk-mehpempovel\/","og_site_name":"Binaturalproducts","article_modified_time":"2026-02-13T06:34:34+00:00","og_image":[{"width":2316,"height":2260,"url":"https:\/\/binaturalproducts.com\/wp-content\/uploads\/2024\/02\/IMG_20240213_174515-1.jpg","type":"image\/jpeg"}],"twitter_card":"summary_large_image","twitter_misc":{"Timp estimat pentru citire":"2 minute"},"schema":{"@context":"https:\/\/schema.org","@graph":[{"@type":"WebPage","@id":"https:\/\/binaturalproducts.com\/termek\/kecsketejes-agyagmaszk-mehpempovel\/","url":"https:\/\/binaturalproducts.com\/termek\/kecsketejes-agyagmaszk-mehpempovel\/","name":"Masca de argila cu lapte de capra si laptisor de matca","isPartOf":{"@id":"https:\/\/binaturalproducts.com\/#website"},"primaryImageOfPage":{"@id":"https:\/\/binaturalproducts.com\/termek\/kecsketejes-agyagmaszk-mehpempovel\/#primaryimage"},"image":{"@id":"https:\/\/binaturalproducts.com\/termek\/kecsketejes-agyagmaszk-mehpempovel\/#primaryimage"},"thumbnailUrl":"https:\/\/binaturalproducts.com\/wp-content\/uploads\/2024\/02\/IMG_20240213_174515-1.jpg","datePublished":"2024-02-13T15:54:37+00:00","dateModified":"2026-02-13T06:34:34+00:00","breadcrumb":{"@id":"https:\/\/binaturalproducts.com\/termek\/kecsketejes-agyagmaszk-mehpempovel\/#breadcrumb"},"inLanguage":"ro-RO","potentialAction":[{"@type":"ReadAction","target":["https:\/\/binaturalproducts.com\/termek\/kecsketejes-agyagmaszk-mehpempovel\/"]}]},{"@type":"ImageObject","inLanguage":"ro-RO","@id":"https:\/\/binaturalproducts.com\/termek\/kecsketejes-agyagmaszk-mehpempovel\/#primaryimage","url":"https:\/\/binaturalproducts.com\/wp-content\/uploads\/2024\/02\/IMG_20240213_174515-1.jpg","contentUrl":"https:\/\/binaturalproducts.com\/wp-content\/uploads\/2024\/02\/IMG_20240213_174515-1.jpg","width":2316,"height":2260},{"@type":"BreadcrumbList","@id":"https:\/\/binaturalproducts.com\/termek\/kecsketejes-agyagmaszk-mehpempovel\/#breadcrumb","itemListElement":[{"@type":"ListItem","position":1,"name":"Kezd\u0151lap","item":"https:\/\/binaturalproducts.com\/"},{"@type":"ListItem","position":2,"name":"\u00dczlet","item":"https:\/\/binaturalproducts.com\/uzlet\/"},{"@type":"ListItem","position":3,"name":"Kecsketejes agyagmaszk- m\u00e9hpemp\u0151vel-"}]},{"@type":"WebSite","@id":"https:\/\/binaturalproducts.com\/#website","url":"https:\/\/binaturalproducts.com\/","name":"Binaturalproducts","description":"PRODUSE NATURALE DIN INIMA TRANSILVANIEI","potentialAction":[{"@type":"SearchAction","target":{"@type":"EntryPoint","urlTemplate":"https:\/\/binaturalproducts.com\/?s={search_term_string}"},"query-input":{"@type":"PropertyValueSpecification","valueRequired":true,"valueName":"search_term_string"}}],"inLanguage":"ro-RO"}]}},"_links":{"self":[{"href":"https:\/\/binaturalproducts.com\/ro\/wp-json\/wp\/v2\/product\/4774","targetHints":{"allow":["GET"]}}],"collection":[{"href":"https:\/\/binaturalproducts.com\/ro\/wp-json\/wp\/v2\/product"}],"about":[{"href":"https:\/\/binaturalproducts.com\/ro\/wp-json\/wp\/v2\/types\/product"}],"replies":[{"embeddable":true,"href":"https:\/\/binaturalproducts.com\/ro\/wp-json\/wp\/v2\/comments?post=4774"}],"wp:featuredmedia":[{"embeddable":true,"href":"https:\/\/binaturalproducts.com\/ro\/wp-json\/wp\/v2\/media\/4775"}],"wp:attachment":[{"href":"https:\/\/binaturalproducts.com\/ro\/wp-json\/wp\/v2\/media?parent=4774"}],"wp:term":[{"taxonomy":"product_brand","embeddable":true,"href":"https:\/\/binaturalproducts.com\/ro\/wp-json\/wp\/v2\/product_brand?post=4774"},{"taxonomy":"product_cat","embeddable":true,"href":"https:\/\/binaturalproducts.com\/ro\/wp-json\/wp\/v2\/product_cat?post=4774"},{"taxonomy":"product_tag","embeddable":true,"href":"https:\/\/binaturalproducts.com\/ro\/wp-json\/wp\/v2\/product_tag?post=4774"}],"curies":[{"name":"wp","href":"https:\/\/api.w.org\/{rel}","templated":true}]}}