{"id":4739,"date":"2024-02-01T22:14:22","date_gmt":"2024-02-01T20:14:22","guid":{"rendered":"https:\/\/binaturalproducts.com\/?post_type=product&#038;p=4739"},"modified":"2025-12-23T20:58:08","modified_gmt":"2025-12-23T18:58:08","slug":"narancsviragviz-neroli-viz","status":"publish","type":"product","link":"https:\/\/binaturalproducts.com\/ro\/produs\/narancsviragviz-neroli-viz\/","title":{"rendered":"Apa de neroli"},"content":{"rendered":"<p>Neroli apa este hidrolatul ob\u021binut prin distilarea cu vapori de ap\u0103 a florilor dulci \u0219i parfumate ale portocalului amar, cunoscut \u0219i sub numele de neroli. Neroliul este floarea portocalului amar \u0219i \u00ee\u0219i datoreaz\u0103 numele Prin\u021besei Anna Maria de Nerola din Italia. Acest lichid transparent are un miros extrem de subtil \u0219i feminin, oferind prospe\u021bime \u0219i pl\u0103cere oric\u0103rui mediu.<\/p>\n<p>Apa de neroli are numeroase efecte pozitive at\u00e2t asupra corpului, c\u00e2t \u0219i asupra sufletului.<\/p>\n<p>Datorit\u0103 propriet\u0103\u021bilor sale calmante \u0219i de relaxare, este o alegere ideal\u0103 \u00een zilele stresante sau \u00eenainte de culcare, pentru a ajuta la ob\u021binerea unui somn lini\u0219tit \u0219i odihnitor.<\/p>\n<p>\u00cen plus, are \u0219i un efect de \u00eembun\u0103t\u0103\u021bire a st\u0103rii de spirit, ajut\u00e2nd la ameliorarea simptomelor de stres \u0219i depresie.<\/p>\n<p>Poate fi folosit ca spray facial \u0219i corporal pentru a induce o senza\u021bie revigorant\u0103 \u0219i calmant\u0103. Ad\u0103ugat \u00een difuzoare de arom\u0103, creeaz\u0103 un miros pl\u0103cut \u0219i o atmosfer\u0103 lini\u0219tit\u0103 \u00een casa noastr\u0103.<\/p>\n<p>Apa de neroli nu numai c\u0103 \u00eemprosp\u0103teaz\u0103 corpul, ci \u0219i \u00eengrije\u0219te pielea: reduce inflama\u021bia, hidrateaz\u0103 \u0219i calmeaz\u0103 pielea, tonific\u0103 \u0219i are efect anti-\u00eemb\u0103tr\u00e2nire, fiind astfel o alegere ideal\u0103 pentru orice tip de ten<\/p>\n<p>Ingrediente (INCI): Citrus Aurantium Amara Flower Water<\/p>\n<p>e 50 ml<\/p>","protected":false},"excerpt":{"rendered":"<p>Neroliul este floarea portocalului amar \u0219i \u00ee\u0219i datoreaz\u0103 numele Prin\u021besei Anna Maria de Nerola din Italia.<\/p>","protected":false},"featured_media":4740,"comment_status":"open","ping_status":"closed","template":"","meta":[],"product_brand":[],"product_cat":[45,41],"product_tag":[],"class_list":{"0":"post-4739","1":"product","2":"type-product","3":"status-publish","4":"has-post-thumbnail","6":"product_cat-osszes","7":"product_cat-arcapolas","9":"first","10":"outofstock","11":"sale","12":"shipping-taxable","13":"purchasable","14":"product-type-simple"},"yoast_head":"<!-- This site is optimized with the Yoast SEO plugin v27.4 - https:\/\/yoast.com\/product\/yoast-seo-wordpress\/ -->\n<title>Narancsvir\u00e1gv\u00edz (Neroli v\u00edz) - Binaturalproducts<\/title>\n<meta name=\"robots\" content=\"index, follow, max-snippet:-1, max-image-preview:large, max-video-preview:-1\" \/>\n<link rel=\"canonical\" href=\"https:\/\/binaturalproducts.com\/ro\/produs\/narancsviragviz-neroli-viz\/\" \/>\n<meta property=\"og:locale\" content=\"ro_RO\" \/>\n<meta property=\"og:type\" content=\"article\" \/>\n<meta property=\"og:title\" content=\"Narancsvir\u00e1gv\u00edz (Neroli v\u00edz) - Binaturalproducts\" \/>\n<meta property=\"og:description\" content=\"A neroli a keser\u0171 narancsfa vir\u00e1ga, nev\u00e9t Anna Maria de Nerola olasz hercegn\u0151r\u0151l kapta.\" \/>\n<meta property=\"og:url\" content=\"https:\/\/binaturalproducts.com\/ro\/produs\/narancsviragviz-neroli-viz\/\" \/>\n<meta property=\"og:site_name\" content=\"Binaturalproducts\" \/>\n<meta property=\"article:modified_time\" content=\"2025-12-23T18:58:08+00:00\" \/>\n<meta property=\"og:image\" content=\"https:\/\/binaturalproducts.com\/wp-content\/uploads\/2024\/02\/IMG_20240201_220827-1.jpg\" \/>\n\t<meta property=\"og:image:width\" content=\"1920\" \/>\n\t<meta property=\"og:image:height\" content=\"1552\" \/>\n\t<meta property=\"og:image:type\" content=\"image\/jpeg\" \/>\n<meta name=\"twitter:card\" content=\"summary_large_image\" \/>\n<meta name=\"twitter:label1\" content=\"Timp estimat pentru citire\" \/>\n\t<meta name=\"twitter:data1\" content=\"2 minute\" \/>\n<script type=\"application\/ld+json\" class=\"yoast-schema-graph\">{\"@context\":\"https:\\\/\\\/schema.org\",\"@graph\":[{\"@type\":\"WebPage\",\"@id\":\"https:\\\/\\\/binaturalproducts.com\\\/termek\\\/narancsviragviz-neroli-viz\\\/\",\"url\":\"https:\\\/\\\/binaturalproducts.com\\\/termek\\\/narancsviragviz-neroli-viz\\\/\",\"name\":\"Narancsvir\u00e1gv\u00edz (Neroli v\u00edz) - Binaturalproducts\",\"isPartOf\":{\"@id\":\"https:\\\/\\\/binaturalproducts.com\\\/#website\"},\"primaryImageOfPage\":{\"@id\":\"https:\\\/\\\/binaturalproducts.com\\\/termek\\\/narancsviragviz-neroli-viz\\\/#primaryimage\"},\"image\":{\"@id\":\"https:\\\/\\\/binaturalproducts.com\\\/termek\\\/narancsviragviz-neroli-viz\\\/#primaryimage\"},\"thumbnailUrl\":\"https:\\\/\\\/binaturalproducts.com\\\/wp-content\\\/uploads\\\/2024\\\/02\\\/IMG_20240201_220827-1.jpg\",\"datePublished\":\"2024-02-01T20:14:22+00:00\",\"dateModified\":\"2025-12-23T18:58:08+00:00\",\"breadcrumb\":{\"@id\":\"https:\\\/\\\/binaturalproducts.com\\\/termek\\\/narancsviragviz-neroli-viz\\\/#breadcrumb\"},\"inLanguage\":\"ro-RO\",\"potentialAction\":[{\"@type\":\"ReadAction\",\"target\":[\"https:\\\/\\\/binaturalproducts.com\\\/termek\\\/narancsviragviz-neroli-viz\\\/\"]}]},{\"@type\":\"ImageObject\",\"inLanguage\":\"ro-RO\",\"@id\":\"https:\\\/\\\/binaturalproducts.com\\\/termek\\\/narancsviragviz-neroli-viz\\\/#primaryimage\",\"url\":\"https:\\\/\\\/binaturalproducts.com\\\/wp-content\\\/uploads\\\/2024\\\/02\\\/IMG_20240201_220827-1.jpg\",\"contentUrl\":\"https:\\\/\\\/binaturalproducts.com\\\/wp-content\\\/uploads\\\/2024\\\/02\\\/IMG_20240201_220827-1.jpg\",\"width\":1920,\"height\":1552},{\"@type\":\"BreadcrumbList\",\"@id\":\"https:\\\/\\\/binaturalproducts.com\\\/termek\\\/narancsviragviz-neroli-viz\\\/#breadcrumb\",\"itemListElement\":[{\"@type\":\"ListItem\",\"position\":1,\"name\":\"Kezd\u0151lap\",\"item\":\"https:\\\/\\\/binaturalproducts.com\\\/\"},{\"@type\":\"ListItem\",\"position\":2,\"name\":\"\u00dczlet\",\"item\":\"https:\\\/\\\/binaturalproducts.com\\\/uzlet\\\/\"},{\"@type\":\"ListItem\",\"position\":3,\"name\":\"Narancsvir\u00e1gv\u00edz (Neroli v\u00edz)\"}]},{\"@type\":\"WebSite\",\"@id\":\"https:\\\/\\\/binaturalproducts.com\\\/#website\",\"url\":\"https:\\\/\\\/binaturalproducts.com\\\/\",\"name\":\"Binaturalproducts\",\"description\":\"Nat\u00far term\u00e9kek Erd\u00e9ly sz\u00edv\u00e9b\u0151l\",\"potentialAction\":[{\"@type\":\"SearchAction\",\"target\":{\"@type\":\"EntryPoint\",\"urlTemplate\":\"https:\\\/\\\/binaturalproducts.com\\\/?s={search_term_string}\"},\"query-input\":{\"@type\":\"PropertyValueSpecification\",\"valueRequired\":true,\"valueName\":\"search_term_string\"}}],\"inLanguage\":\"ro-RO\"}]}<\/script>\n<!-- \/ Yoast SEO plugin. -->","yoast_head_json":{"title":"Apa de neroli","robots":{"index":"index","follow":"follow","max-snippet":"max-snippet:-1","max-image-preview":"max-image-preview:large","max-video-preview":"max-video-preview:-1"},"canonical":"https:\/\/binaturalproducts.com\/ro\/produs\/narancsviragviz-neroli-viz\/","og_locale":"ro_RO","og_type":"article","og_title":"Narancsvir\u00e1gv\u00edz (Neroli v\u00edz) - Binaturalproducts","og_description":"A neroli a keser\u0171 narancsfa vir\u00e1ga, nev\u00e9t Anna Maria de Nerola olasz hercegn\u0151r\u0151l kapta.","og_url":"https:\/\/binaturalproducts.com\/ro\/produs\/narancsviragviz-neroli-viz\/","og_site_name":"Binaturalproducts","article_modified_time":"2025-12-23T18:58:08+00:00","og_image":[{"width":1920,"height":1552,"url":"https:\/\/binaturalproducts.com\/wp-content\/uploads\/2024\/02\/IMG_20240201_220827-1.jpg","type":"image\/jpeg"}],"twitter_card":"summary_large_image","twitter_misc":{"Timp estimat pentru citire":"2 minute"},"schema":{"@context":"https:\/\/schema.org","@graph":[{"@type":"WebPage","@id":"https:\/\/binaturalproducts.com\/termek\/narancsviragviz-neroli-viz\/","url":"https:\/\/binaturalproducts.com\/termek\/narancsviragviz-neroli-viz\/","name":"Apa de neroli","isPartOf":{"@id":"https:\/\/binaturalproducts.com\/#website"},"primaryImageOfPage":{"@id":"https:\/\/binaturalproducts.com\/termek\/narancsviragviz-neroli-viz\/#primaryimage"},"image":{"@id":"https:\/\/binaturalproducts.com\/termek\/narancsviragviz-neroli-viz\/#primaryimage"},"thumbnailUrl":"https:\/\/binaturalproducts.com\/wp-content\/uploads\/2024\/02\/IMG_20240201_220827-1.jpg","datePublished":"2024-02-01T20:14:22+00:00","dateModified":"2025-12-23T18:58:08+00:00","breadcrumb":{"@id":"https:\/\/binaturalproducts.com\/termek\/narancsviragviz-neroli-viz\/#breadcrumb"},"inLanguage":"ro-RO","potentialAction":[{"@type":"ReadAction","target":["https:\/\/binaturalproducts.com\/termek\/narancsviragviz-neroli-viz\/"]}]},{"@type":"ImageObject","inLanguage":"ro-RO","@id":"https:\/\/binaturalproducts.com\/termek\/narancsviragviz-neroli-viz\/#primaryimage","url":"https:\/\/binaturalproducts.com\/wp-content\/uploads\/2024\/02\/IMG_20240201_220827-1.jpg","contentUrl":"https:\/\/binaturalproducts.com\/wp-content\/uploads\/2024\/02\/IMG_20240201_220827-1.jpg","width":1920,"height":1552},{"@type":"BreadcrumbList","@id":"https:\/\/binaturalproducts.com\/termek\/narancsviragviz-neroli-viz\/#breadcrumb","itemListElement":[{"@type":"ListItem","position":1,"name":"Kezd\u0151lap","item":"https:\/\/binaturalproducts.com\/"},{"@type":"ListItem","position":2,"name":"\u00dczlet","item":"https:\/\/binaturalproducts.com\/uzlet\/"},{"@type":"ListItem","position":3,"name":"Narancsvir\u00e1gv\u00edz (Neroli v\u00edz)"}]},{"@type":"WebSite","@id":"https:\/\/binaturalproducts.com\/#website","url":"https:\/\/binaturalproducts.com\/","name":"Binaturalproducts","description":"PRODUSE NATURALE DIN INIMA TRANSILVANIEI","potentialAction":[{"@type":"SearchAction","target":{"@type":"EntryPoint","urlTemplate":"https:\/\/binaturalproducts.com\/?s={search_term_string}"},"query-input":{"@type":"PropertyValueSpecification","valueRequired":true,"valueName":"search_term_string"}}],"inLanguage":"ro-RO"}]}},"_links":{"self":[{"href":"https:\/\/binaturalproducts.com\/ro\/wp-json\/wp\/v2\/product\/4739","targetHints":{"allow":["GET"]}}],"collection":[{"href":"https:\/\/binaturalproducts.com\/ro\/wp-json\/wp\/v2\/product"}],"about":[{"href":"https:\/\/binaturalproducts.com\/ro\/wp-json\/wp\/v2\/types\/product"}],"replies":[{"embeddable":true,"href":"https:\/\/binaturalproducts.com\/ro\/wp-json\/wp\/v2\/comments?post=4739"}],"wp:featuredmedia":[{"embeddable":true,"href":"https:\/\/binaturalproducts.com\/ro\/wp-json\/wp\/v2\/media\/4740"}],"wp:attachment":[{"href":"https:\/\/binaturalproducts.com\/ro\/wp-json\/wp\/v2\/media?parent=4739"}],"wp:term":[{"taxonomy":"product_brand","embeddable":true,"href":"https:\/\/binaturalproducts.com\/ro\/wp-json\/wp\/v2\/product_brand?post=4739"},{"taxonomy":"product_cat","embeddable":true,"href":"https:\/\/binaturalproducts.com\/ro\/wp-json\/wp\/v2\/product_cat?post=4739"},{"taxonomy":"product_tag","embeddable":true,"href":"https:\/\/binaturalproducts.com\/ro\/wp-json\/wp\/v2\/product_tag?post=4739"}],"curies":[{"name":"wp","href":"https:\/\/api.w.org\/{rel}","templated":true}]}}