{"id":468,"date":"2021-11-17T23:01:02","date_gmt":"2021-11-17T21:01:02","guid":{"rendered":"https:\/\/binaturalproducts.com\/?post_type=product&#038;p=468"},"modified":"2026-04-08T20:18:45","modified_gmt":"2026-04-08T18:18:45","slug":"ser-natural-de-ulei-de-elixir-de-frumusete","status":"publish","type":"product","link":"https:\/\/binaturalproducts.com\/ro\/produs\/ser-natural-de-ulei-de-elixir-de-frumusete\/","title":{"rendered":"Ser natural de ulei de elixir de frumuse\u021be"},"content":{"rendered":"<div class=\"kvgmc6g5 cxmmr5t8 oygrvhab hcukyx3x c1et5uql ii04i59q\">\n<p><strong>Antioxidan\u021bi deliciosi pentru pielea ta.<\/strong><\/p>\n<p>&nbsp;<\/p>\n<p><img loading=\"lazy\" decoding=\"async\" class=\"alignnone wp-image-475\" src=\"https:\/\/binaturalproducts.com\/wp-content\/uploads\/2021\/11\/Nevtelen-terv-4-2-300x169.png\" alt=\"\" width=\"432\" height=\"243\" srcset=\"https:\/\/binaturalproducts.com\/wp-content\/uploads\/2021\/11\/Nevtelen-terv-4-2-300x169.png 300w, https:\/\/binaturalproducts.com\/wp-content\/uploads\/2021\/11\/Nevtelen-terv-4-2-1024x577.png 1024w, https:\/\/binaturalproducts.com\/wp-content\/uploads\/2021\/11\/Nevtelen-terv-4-2-768x433.png 768w, https:\/\/binaturalproducts.com\/wp-content\/uploads\/2021\/11\/Nevtelen-terv-4-2-1536x865.png 1536w, https:\/\/binaturalproducts.com\/wp-content\/uploads\/2021\/11\/Nevtelen-terv-4-2-18x10.png 18w, https:\/\/binaturalproducts.com\/wp-content\/uploads\/2021\/11\/Nevtelen-terv-4-2-600x338.png 600w, https:\/\/binaturalproducts.com\/wp-content\/uploads\/2021\/11\/Nevtelen-terv-4-2.png 1640w\" sizes=\"auto, (max-width: 432px) 100vw, 432px\" \/><\/p>\n<p>Ser uleios regenerant, hidratant, antirid, antirid. Datorit\u0103 efectului s\u0103u antioxidant, hr\u0103ne\u0219te pielea \u0219i estompeaz\u0103 procesul de \u00eemb\u0103tr\u00e2nire. Poate fi folosit pe orice tip de piele. Mirosul sau floral este dat de uleiul de muscata.<\/p>\n<p><strong>Ingrediente principale:<\/strong> ulei de jojoba, ulei de argan marocan, ulei de rodie, retinol natural, vitamina E, extract de acmella, coenzima Q10, muscata.<\/p>\n<p><strong>Mod de folosire:<\/strong> Aplica\u021bi c\u00e2teva pic\u0103turi pe fa\u021ba, g\u00e2tul \u0219i zona decolteului cur\u0103\u021bate \u0219i masa\u021bi pielea. Putem pune \u0219i c\u00e2teva pic\u0103turi \u00een crema noastr\u0103 de fa\u021b\u0103 de noapte \u0219i s\u0103 o aplic\u0103m a\u0219a.<\/p>\n<p>Nu ne face pielea sensibil\u0103 la lumin\u0103.<\/p>\n<p><strong>e<\/strong> 10ml<\/p>\n<\/div>","protected":false},"excerpt":{"rendered":"<div class=\"o9v6fnle cxmmr5t8 oygrvhab hcukyx3x c1et5uql ii04i59q\">\n<div dir=\"auto\">Ser uleios regenerant, hidratant, antirid, antirid. Datorit\u0103 efectului s\u0103u antioxidant, hr\u0103ne\u0219te pielea \u0219i estompeaz\u0103 procesul de \u00eemb\u0103tr\u00e2nire.<\/div>\n<\/div>","protected":false},"featured_media":5297,"comment_status":"open","ping_status":"closed","template":"","meta":[],"product_brand":[],"product_cat":[45,32,41],"product_tag":[],"class_list":{"0":"post-468","1":"product","2":"type-product","3":"status-publish","4":"has-post-thumbnail","6":"product_cat-osszes","7":"product_cat-testapolas","8":"product_cat-arcapolas","10":"first","11":"instock","12":"shipping-taxable","13":"purchasable","14":"product-type-variable"},"yoast_head":"<!-- This site is optimized with the Yoast SEO plugin v27.4 - https:\/\/yoast.com\/product\/yoast-seo-wordpress\/ -->\n<title>Nat\u00far sz\u00e9ps\u00e9gelix\u00edr olaj sz\u00e9rum - Binaturalproducts<\/title>\n<meta name=\"description\" content=\"B\u0151r regener\u00e1l\u00f3, hidrat\u00e1l\u00f3, r\u00e1nc megel\u0151z\u0151, r\u00e1nc tomp\u00edt\u00f3 olaj sz\u00e9rum.Antioxid\u00e1ns hat\u00e1sa miatt t\u00e1pl\u00e1lja a b\u0151rt, valamint halv\u00e1ny\u00edtja az \u00f6reged\u00e9si folyamatokat.\" \/>\n<meta name=\"robots\" content=\"index, follow, max-snippet:-1, max-image-preview:large, max-video-preview:-1\" \/>\n<link rel=\"canonical\" href=\"https:\/\/binaturalproducts.com\/ro\/produs\/ser-natural-de-ulei-de-elixir-de-frumusete\/\" \/>\n<meta property=\"og:locale\" content=\"ro_RO\" \/>\n<meta property=\"og:type\" content=\"article\" \/>\n<meta property=\"og:title\" content=\"Nat\u00far sz\u00e9ps\u00e9gelix\u00edr olaj sz\u00e9rum - Binaturalproducts\" \/>\n<meta property=\"og:description\" content=\"B\u0151r regener\u00e1l\u00f3, hidrat\u00e1l\u00f3, r\u00e1nc megel\u0151z\u0151, r\u00e1nc tomp\u00edt\u00f3 olaj sz\u00e9rum.Antioxid\u00e1ns hat\u00e1sa miatt t\u00e1pl\u00e1lja a b\u0151rt, valamint halv\u00e1ny\u00edtja az \u00f6reged\u00e9si folyamatokat.\" \/>\n<meta property=\"og:url\" content=\"https:\/\/binaturalproducts.com\/ro\/produs\/ser-natural-de-ulei-de-elixir-de-frumusete\/\" \/>\n<meta property=\"og:site_name\" content=\"Binaturalproducts\" \/>\n<meta property=\"article:modified_time\" content=\"2026-04-08T18:18:45+00:00\" \/>\n<meta property=\"og:image\" content=\"https:\/\/binaturalproducts.com\/wp-content\/uploads\/2021\/11\/IMG_20241008_174835-1.jpg\" \/>\n\t<meta property=\"og:image:width\" content=\"1920\" \/>\n\t<meta property=\"og:image:height\" content=\"1149\" \/>\n\t<meta property=\"og:image:type\" content=\"image\/jpeg\" \/>\n<meta name=\"twitter:card\" content=\"summary_large_image\" \/>\n<meta name=\"twitter:label1\" content=\"Timp estimat pentru citire\" \/>\n\t<meta name=\"twitter:data1\" content=\"1 minut\" \/>\n<script type=\"application\/ld+json\" class=\"yoast-schema-graph\">{\"@context\":\"https:\\\/\\\/schema.org\",\"@graph\":[{\"@type\":\"WebPage\",\"@id\":\"https:\\\/\\\/binaturalproducts.com\\\/termek\\\/natur-szepsegelixir-olaj-szerum\\\/\",\"url\":\"https:\\\/\\\/binaturalproducts.com\\\/termek\\\/natur-szepsegelixir-olaj-szerum\\\/\",\"name\":\"Nat\u00far sz\u00e9ps\u00e9gelix\u00edr olaj sz\u00e9rum - Binaturalproducts\",\"isPartOf\":{\"@id\":\"https:\\\/\\\/binaturalproducts.com\\\/#website\"},\"primaryImageOfPage\":{\"@id\":\"https:\\\/\\\/binaturalproducts.com\\\/termek\\\/natur-szepsegelixir-olaj-szerum\\\/#primaryimage\"},\"image\":{\"@id\":\"https:\\\/\\\/binaturalproducts.com\\\/termek\\\/natur-szepsegelixir-olaj-szerum\\\/#primaryimage\"},\"thumbnailUrl\":\"https:\\\/\\\/binaturalproducts.com\\\/wp-content\\\/uploads\\\/2021\\\/11\\\/IMG_20241008_174835-1.jpg\",\"datePublished\":\"2021-11-17T21:01:02+00:00\",\"dateModified\":\"2026-04-08T18:18:45+00:00\",\"description\":\"B\u0151r regener\u00e1l\u00f3, hidrat\u00e1l\u00f3, r\u00e1nc megel\u0151z\u0151, r\u00e1nc tomp\u00edt\u00f3 olaj sz\u00e9rum.Antioxid\u00e1ns hat\u00e1sa miatt t\u00e1pl\u00e1lja a b\u0151rt, valamint halv\u00e1ny\u00edtja az \u00f6reged\u00e9si folyamatokat.\",\"breadcrumb\":{\"@id\":\"https:\\\/\\\/binaturalproducts.com\\\/termek\\\/natur-szepsegelixir-olaj-szerum\\\/#breadcrumb\"},\"inLanguage\":\"ro-RO\",\"potentialAction\":[{\"@type\":\"ReadAction\",\"target\":[\"https:\\\/\\\/binaturalproducts.com\\\/termek\\\/natur-szepsegelixir-olaj-szerum\\\/\"]}]},{\"@type\":\"ImageObject\",\"inLanguage\":\"ro-RO\",\"@id\":\"https:\\\/\\\/binaturalproducts.com\\\/termek\\\/natur-szepsegelixir-olaj-szerum\\\/#primaryimage\",\"url\":\"https:\\\/\\\/binaturalproducts.com\\\/wp-content\\\/uploads\\\/2021\\\/11\\\/IMG_20241008_174835-1.jpg\",\"contentUrl\":\"https:\\\/\\\/binaturalproducts.com\\\/wp-content\\\/uploads\\\/2021\\\/11\\\/IMG_20241008_174835-1.jpg\",\"width\":1920,\"height\":1149},{\"@type\":\"BreadcrumbList\",\"@id\":\"https:\\\/\\\/binaturalproducts.com\\\/termek\\\/natur-szepsegelixir-olaj-szerum\\\/#breadcrumb\",\"itemListElement\":[{\"@type\":\"ListItem\",\"position\":1,\"name\":\"Kezd\u0151lap\",\"item\":\"https:\\\/\\\/binaturalproducts.com\\\/\"},{\"@type\":\"ListItem\",\"position\":2,\"name\":\"\u00dczlet\",\"item\":\"https:\\\/\\\/binaturalproducts.com\\\/uzlet\\\/\"},{\"@type\":\"ListItem\",\"position\":3,\"name\":\"Nat\u00far sz\u00e9ps\u00e9gelix\u00edr olaj sz\u00e9rum\"}]},{\"@type\":\"WebSite\",\"@id\":\"https:\\\/\\\/binaturalproducts.com\\\/#website\",\"url\":\"https:\\\/\\\/binaturalproducts.com\\\/\",\"name\":\"Binaturalproducts\",\"description\":\"Nat\u00far term\u00e9kek Erd\u00e9ly sz\u00edv\u00e9b\u0151l\",\"potentialAction\":[{\"@type\":\"SearchAction\",\"target\":{\"@type\":\"EntryPoint\",\"urlTemplate\":\"https:\\\/\\\/binaturalproducts.com\\\/?s={search_term_string}\"},\"query-input\":{\"@type\":\"PropertyValueSpecification\",\"valueRequired\":true,\"valueName\":\"search_term_string\"}}],\"inLanguage\":\"ro-RO\"}]}<\/script>\n<!-- \/ Yoast SEO plugin. -->","yoast_head_json":{"title":"Ser natural de ulei de elixir de frumuse\u021be - Binaturalproducts","description":"Ser uleios regenerant, hidratant, antirid, antirid. Datorit\u0103 efectului s\u0103u antioxidant, hr\u0103ne\u0219te pielea \u0219i estompeaz\u0103 procesul de \u00eemb\u0103tr\u00e2nire.","robots":{"index":"index","follow":"follow","max-snippet":"max-snippet:-1","max-image-preview":"max-image-preview:large","max-video-preview":"max-video-preview:-1"},"canonical":"https:\/\/binaturalproducts.com\/ro\/produs\/ser-natural-de-ulei-de-elixir-de-frumusete\/","og_locale":"ro_RO","og_type":"article","og_title":"Nat\u00far sz\u00e9ps\u00e9gelix\u00edr olaj sz\u00e9rum - Binaturalproducts","og_description":"B\u0151r regener\u00e1l\u00f3, hidrat\u00e1l\u00f3, r\u00e1nc megel\u0151z\u0151, r\u00e1nc tomp\u00edt\u00f3 olaj sz\u00e9rum.Antioxid\u00e1ns hat\u00e1sa miatt t\u00e1pl\u00e1lja a b\u0151rt, valamint halv\u00e1ny\u00edtja az \u00f6reged\u00e9si folyamatokat.","og_url":"https:\/\/binaturalproducts.com\/ro\/produs\/ser-natural-de-ulei-de-elixir-de-frumusete\/","og_site_name":"Binaturalproducts","article_modified_time":"2026-04-08T18:18:45+00:00","og_image":[{"width":1920,"height":1149,"url":"https:\/\/binaturalproducts.com\/wp-content\/uploads\/2021\/11\/IMG_20241008_174835-1.jpg","type":"image\/jpeg"}],"twitter_card":"summary_large_image","twitter_misc":{"Timp estimat pentru citire":"1 minut"},"schema":{"@context":"https:\/\/schema.org","@graph":[{"@type":"WebPage","@id":"https:\/\/binaturalproducts.com\/termek\/natur-szepsegelixir-olaj-szerum\/","url":"https:\/\/binaturalproducts.com\/termek\/natur-szepsegelixir-olaj-szerum\/","name":"Ser natural de ulei de elixir de frumuse\u021be - Binaturalproducts","isPartOf":{"@id":"https:\/\/binaturalproducts.com\/#website"},"primaryImageOfPage":{"@id":"https:\/\/binaturalproducts.com\/termek\/natur-szepsegelixir-olaj-szerum\/#primaryimage"},"image":{"@id":"https:\/\/binaturalproducts.com\/termek\/natur-szepsegelixir-olaj-szerum\/#primaryimage"},"thumbnailUrl":"https:\/\/binaturalproducts.com\/wp-content\/uploads\/2021\/11\/IMG_20241008_174835-1.jpg","datePublished":"2021-11-17T21:01:02+00:00","dateModified":"2026-04-08T18:18:45+00:00","description":"Ser uleios regenerant, hidratant, antirid, antirid. Datorit\u0103 efectului s\u0103u antioxidant, hr\u0103ne\u0219te pielea \u0219i estompeaz\u0103 procesul de \u00eemb\u0103tr\u00e2nire.","breadcrumb":{"@id":"https:\/\/binaturalproducts.com\/termek\/natur-szepsegelixir-olaj-szerum\/#breadcrumb"},"inLanguage":"ro-RO","potentialAction":[{"@type":"ReadAction","target":["https:\/\/binaturalproducts.com\/termek\/natur-szepsegelixir-olaj-szerum\/"]}]},{"@type":"ImageObject","inLanguage":"ro-RO","@id":"https:\/\/binaturalproducts.com\/termek\/natur-szepsegelixir-olaj-szerum\/#primaryimage","url":"https:\/\/binaturalproducts.com\/wp-content\/uploads\/2021\/11\/IMG_20241008_174835-1.jpg","contentUrl":"https:\/\/binaturalproducts.com\/wp-content\/uploads\/2021\/11\/IMG_20241008_174835-1.jpg","width":1920,"height":1149},{"@type":"BreadcrumbList","@id":"https:\/\/binaturalproducts.com\/termek\/natur-szepsegelixir-olaj-szerum\/#breadcrumb","itemListElement":[{"@type":"ListItem","position":1,"name":"Kezd\u0151lap","item":"https:\/\/binaturalproducts.com\/"},{"@type":"ListItem","position":2,"name":"\u00dczlet","item":"https:\/\/binaturalproducts.com\/uzlet\/"},{"@type":"ListItem","position":3,"name":"Nat\u00far sz\u00e9ps\u00e9gelix\u00edr olaj sz\u00e9rum"}]},{"@type":"WebSite","@id":"https:\/\/binaturalproducts.com\/#website","url":"https:\/\/binaturalproducts.com\/","name":"Binaturalproducts","description":"PRODUSE NATURALE DIN INIMA TRANSILVANIEI","potentialAction":[{"@type":"SearchAction","target":{"@type":"EntryPoint","urlTemplate":"https:\/\/binaturalproducts.com\/?s={search_term_string}"},"query-input":{"@type":"PropertyValueSpecification","valueRequired":true,"valueName":"search_term_string"}}],"inLanguage":"ro-RO"}]}},"_links":{"self":[{"href":"https:\/\/binaturalproducts.com\/ro\/wp-json\/wp\/v2\/product\/468","targetHints":{"allow":["GET"]}}],"collection":[{"href":"https:\/\/binaturalproducts.com\/ro\/wp-json\/wp\/v2\/product"}],"about":[{"href":"https:\/\/binaturalproducts.com\/ro\/wp-json\/wp\/v2\/types\/product"}],"replies":[{"embeddable":true,"href":"https:\/\/binaturalproducts.com\/ro\/wp-json\/wp\/v2\/comments?post=468"}],"wp:featuredmedia":[{"embeddable":true,"href":"https:\/\/binaturalproducts.com\/ro\/wp-json\/wp\/v2\/media\/5297"}],"wp:attachment":[{"href":"https:\/\/binaturalproducts.com\/ro\/wp-json\/wp\/v2\/media?parent=468"}],"wp:term":[{"taxonomy":"product_brand","embeddable":true,"href":"https:\/\/binaturalproducts.com\/ro\/wp-json\/wp\/v2\/product_brand?post=468"},{"taxonomy":"product_cat","embeddable":true,"href":"https:\/\/binaturalproducts.com\/ro\/wp-json\/wp\/v2\/product_cat?post=468"},{"taxonomy":"product_tag","embeddable":true,"href":"https:\/\/binaturalproducts.com\/ro\/wp-json\/wp\/v2\/product_tag?post=468"}],"curies":[{"name":"wp","href":"https:\/\/api.w.org\/{rel}","templated":true}]}}