{"id":4679,"date":"2024-01-13T16:02:30","date_gmt":"2024-01-13T14:02:30","guid":{"rendered":"https:\/\/binaturalproducts.com\/?post_type=product&#038;p=4679"},"modified":"2025-07-02T10:06:27","modified_gmt":"2025-07-02T08:06:27","slug":"ceara-parfumanta","status":"publish","type":"product","link":"https:\/\/binaturalproducts.com\/ro\/produs\/ceara-parfumanta\/","title":{"rendered":"Ceara parfumata din soia"},"content":{"rendered":"<p>Pentru utilizare \u00een evaporatoarele ceramice. Poate fi topit din nou de mai multe ori. C\u00e2nd \u0219i-a pierdut parfumul, poate fi sp\u0103lat complet cu ap\u0103 cald\u0103.<\/p>\n<p>De asemenea, poate fi at\u00e2rnat \u00een dulap, \u00eentr-o pung\u0103 de organza, pentru a p\u0103stra hainele cu miros proasp\u0103t mai mult timp.<\/p>\n<p>Pachetul de cear\u0103 parfumat\u0103 con\u021bine 12-14 stelu\u021be realizate din cear\u0103 de soia \u0219i uleiuri parfumate. Cu achizi\u021bionarea unei cutii pute\u021bi \u00eencerca 5 parfumuri diferite: ocean, portocal\u0103, ciocolat\u0103, bergamot\u0103, trandafir.<\/p>\n<p>Pute\u021bi reumple recipientul metalic la magazinul nostru sau \u00eel pute\u021bi folosi pentru a depozita\/recicla blocuri de \u0219ampon pe jum\u0103tate folosite, balsamuri de p\u0103r.<\/p>\n<p>Cerurile noastre sunt realizate manual din cear\u0103 de soia 100% pur\u0103, f\u0103r\u0103 OMG.<\/p>\n<p>Parfumurile noastre nu con\u021bin parabeni \u0219i ftala\u021bi, sunt vegane.<\/p>\n<p>&nbsp;<\/p>\n<p>e 40 g<\/p>","protected":false},"excerpt":{"rendered":"<p>Ker\u00e1mia p\u00e1rologtat\u00f3ba haszn\u00e1lhat\u00f3.<\/p>\n<p>De asemenea, poate fi at\u00e2rnat \u00een dulap, \u00eentr-o pung\u0103 de organza, pentru a p\u0103stra hainele cu miros proasp\u0103t mai mult timp.<\/p>","protected":false},"featured_media":4680,"comment_status":"open","ping_status":"closed","template":"","meta":[],"product_brand":[],"product_cat":[45,40,15],"product_tag":[],"class_list":{"0":"post-4679","1":"product","2":"type-product","3":"status-publish","4":"has-post-thumbnail","6":"product_cat-osszes","7":"product_cat-ajandekcsomagok","8":"product_cat-egyeb","10":"first","11":"instock","12":"shipping-taxable","13":"purchasable","14":"product-type-simple"},"yoast_head":"<!-- This site is optimized with the Yoast SEO plugin v27.4 - https:\/\/yoast.com\/product\/yoast-seo-wordpress\/ -->\n<title>Illatviasz csomag - Binaturalproducts<\/title>\n<meta name=\"robots\" content=\"index, follow, max-snippet:-1, max-image-preview:large, max-video-preview:-1\" \/>\n<link rel=\"canonical\" href=\"https:\/\/binaturalproducts.com\/ro\/produs\/ceara-parfumanta\/\" \/>\n<meta property=\"og:locale\" content=\"ro_RO\" \/>\n<meta property=\"og:type\" content=\"article\" \/>\n<meta property=\"og:title\" content=\"Illatviasz csomag - Binaturalproducts\" \/>\n<meta property=\"og:description\" content=\"Ker\u00e1mia p\u00e1rologtat\u00f3ba haszn\u00e1lhat\u00f3.  Organza zs\u00e1kba t\u00e9ve, szekr\u00e9nybe is akaszthat\u00f3, ezzel tov\u00e1bb illatosak maradnak a ruh\u00e1k.\" \/>\n<meta property=\"og:url\" content=\"https:\/\/binaturalproducts.com\/ro\/produs\/ceara-parfumanta\/\" \/>\n<meta property=\"og:site_name\" content=\"Binaturalproducts\" \/>\n<meta property=\"article:modified_time\" content=\"2025-07-02T08:06:27+00:00\" \/>\n<meta property=\"og:image\" content=\"https:\/\/binaturalproducts.com\/wp-content\/uploads\/2024\/01\/IMG_20240113_144806-1.jpg\" \/>\n\t<meta property=\"og:image:width\" content=\"2240\" \/>\n\t<meta property=\"og:image:height\" content=\"2220\" \/>\n\t<meta property=\"og:image:type\" content=\"image\/jpeg\" \/>\n<meta name=\"twitter:card\" content=\"summary_large_image\" \/>\n<meta name=\"twitter:label1\" content=\"Timp estimat pentru citire\" \/>\n\t<meta name=\"twitter:data1\" content=\"1 minut\" \/>\n<script type=\"application\/ld+json\" class=\"yoast-schema-graph\">{\"@context\":\"https:\\\/\\\/schema.org\",\"@graph\":[{\"@type\":\"WebPage\",\"@id\":\"https:\\\/\\\/binaturalproducts.com\\\/termek\\\/illatviasz-csomag\\\/\",\"url\":\"https:\\\/\\\/binaturalproducts.com\\\/termek\\\/illatviasz-csomag\\\/\",\"name\":\"Illatviasz csomag - Binaturalproducts\",\"isPartOf\":{\"@id\":\"https:\\\/\\\/binaturalproducts.com\\\/#website\"},\"primaryImageOfPage\":{\"@id\":\"https:\\\/\\\/binaturalproducts.com\\\/termek\\\/illatviasz-csomag\\\/#primaryimage\"},\"image\":{\"@id\":\"https:\\\/\\\/binaturalproducts.com\\\/termek\\\/illatviasz-csomag\\\/#primaryimage\"},\"thumbnailUrl\":\"https:\\\/\\\/binaturalproducts.com\\\/wp-content\\\/uploads\\\/2024\\\/01\\\/IMG_20240113_144806-1.jpg\",\"datePublished\":\"2024-01-13T14:02:30+00:00\",\"dateModified\":\"2025-07-02T08:06:27+00:00\",\"breadcrumb\":{\"@id\":\"https:\\\/\\\/binaturalproducts.com\\\/termek\\\/illatviasz-csomag\\\/#breadcrumb\"},\"inLanguage\":\"ro-RO\",\"potentialAction\":[{\"@type\":\"ReadAction\",\"target\":[\"https:\\\/\\\/binaturalproducts.com\\\/termek\\\/illatviasz-csomag\\\/\"]}]},{\"@type\":\"ImageObject\",\"inLanguage\":\"ro-RO\",\"@id\":\"https:\\\/\\\/binaturalproducts.com\\\/termek\\\/illatviasz-csomag\\\/#primaryimage\",\"url\":\"https:\\\/\\\/binaturalproducts.com\\\/wp-content\\\/uploads\\\/2024\\\/01\\\/IMG_20240113_144806-1.jpg\",\"contentUrl\":\"https:\\\/\\\/binaturalproducts.com\\\/wp-content\\\/uploads\\\/2024\\\/01\\\/IMG_20240113_144806-1.jpg\",\"width\":2240,\"height\":2220},{\"@type\":\"BreadcrumbList\",\"@id\":\"https:\\\/\\\/binaturalproducts.com\\\/termek\\\/illatviasz-csomag\\\/#breadcrumb\",\"itemListElement\":[{\"@type\":\"ListItem\",\"position\":1,\"name\":\"Kezd\u0151lap\",\"item\":\"https:\\\/\\\/binaturalproducts.com\\\/\"},{\"@type\":\"ListItem\",\"position\":2,\"name\":\"\u00dczlet\",\"item\":\"https:\\\/\\\/binaturalproducts.com\\\/uzlet\\\/\"},{\"@type\":\"ListItem\",\"position\":3,\"name\":\"Illatviasz csomag\"}]},{\"@type\":\"WebSite\",\"@id\":\"https:\\\/\\\/binaturalproducts.com\\\/#website\",\"url\":\"https:\\\/\\\/binaturalproducts.com\\\/\",\"name\":\"Binaturalproducts\",\"description\":\"Nat\u00far term\u00e9kek Erd\u00e9ly sz\u00edv\u00e9b\u0151l\",\"potentialAction\":[{\"@type\":\"SearchAction\",\"target\":{\"@type\":\"EntryPoint\",\"urlTemplate\":\"https:\\\/\\\/binaturalproducts.com\\\/?s={search_term_string}\"},\"query-input\":{\"@type\":\"PropertyValueSpecification\",\"valueRequired\":true,\"valueName\":\"search_term_string\"}}],\"inLanguage\":\"ro-RO\"}]}<\/script>\n<!-- \/ Yoast SEO plugin. -->","yoast_head_json":{"title":"Illatviasz csomag - Binaturalproducts","robots":{"index":"index","follow":"follow","max-snippet":"max-snippet:-1","max-image-preview":"max-image-preview:large","max-video-preview":"max-video-preview:-1"},"canonical":"https:\/\/binaturalproducts.com\/ro\/produs\/ceara-parfumanta\/","og_locale":"ro_RO","og_type":"article","og_title":"Illatviasz csomag - Binaturalproducts","og_description":"Ker\u00e1mia p\u00e1rologtat\u00f3ba haszn\u00e1lhat\u00f3.  Organza zs\u00e1kba t\u00e9ve, szekr\u00e9nybe is akaszthat\u00f3, ezzel tov\u00e1bb illatosak maradnak a ruh\u00e1k.","og_url":"https:\/\/binaturalproducts.com\/ro\/produs\/ceara-parfumanta\/","og_site_name":"Binaturalproducts","article_modified_time":"2025-07-02T08:06:27+00:00","og_image":[{"width":2240,"height":2220,"url":"https:\/\/binaturalproducts.com\/wp-content\/uploads\/2024\/01\/IMG_20240113_144806-1.jpg","type":"image\/jpeg"}],"twitter_card":"summary_large_image","twitter_misc":{"Timp estimat pentru citire":"1 minut"},"schema":{"@context":"https:\/\/schema.org","@graph":[{"@type":"WebPage","@id":"https:\/\/binaturalproducts.com\/termek\/illatviasz-csomag\/","url":"https:\/\/binaturalproducts.com\/termek\/illatviasz-csomag\/","name":"Illatviasz csomag - Binaturalproducts","isPartOf":{"@id":"https:\/\/binaturalproducts.com\/#website"},"primaryImageOfPage":{"@id":"https:\/\/binaturalproducts.com\/termek\/illatviasz-csomag\/#primaryimage"},"image":{"@id":"https:\/\/binaturalproducts.com\/termek\/illatviasz-csomag\/#primaryimage"},"thumbnailUrl":"https:\/\/binaturalproducts.com\/wp-content\/uploads\/2024\/01\/IMG_20240113_144806-1.jpg","datePublished":"2024-01-13T14:02:30+00:00","dateModified":"2025-07-02T08:06:27+00:00","breadcrumb":{"@id":"https:\/\/binaturalproducts.com\/termek\/illatviasz-csomag\/#breadcrumb"},"inLanguage":"ro-RO","potentialAction":[{"@type":"ReadAction","target":["https:\/\/binaturalproducts.com\/termek\/illatviasz-csomag\/"]}]},{"@type":"ImageObject","inLanguage":"ro-RO","@id":"https:\/\/binaturalproducts.com\/termek\/illatviasz-csomag\/#primaryimage","url":"https:\/\/binaturalproducts.com\/wp-content\/uploads\/2024\/01\/IMG_20240113_144806-1.jpg","contentUrl":"https:\/\/binaturalproducts.com\/wp-content\/uploads\/2024\/01\/IMG_20240113_144806-1.jpg","width":2240,"height":2220},{"@type":"BreadcrumbList","@id":"https:\/\/binaturalproducts.com\/termek\/illatviasz-csomag\/#breadcrumb","itemListElement":[{"@type":"ListItem","position":1,"name":"Kezd\u0151lap","item":"https:\/\/binaturalproducts.com\/"},{"@type":"ListItem","position":2,"name":"\u00dczlet","item":"https:\/\/binaturalproducts.com\/uzlet\/"},{"@type":"ListItem","position":3,"name":"Illatviasz csomag"}]},{"@type":"WebSite","@id":"https:\/\/binaturalproducts.com\/#website","url":"https:\/\/binaturalproducts.com\/","name":"Binaturalproducts","description":"PRODUSE NATURALE DIN INIMA TRANSILVANIEI","potentialAction":[{"@type":"SearchAction","target":{"@type":"EntryPoint","urlTemplate":"https:\/\/binaturalproducts.com\/?s={search_term_string}"},"query-input":{"@type":"PropertyValueSpecification","valueRequired":true,"valueName":"search_term_string"}}],"inLanguage":"ro-RO"}]}},"_links":{"self":[{"href":"https:\/\/binaturalproducts.com\/ro\/wp-json\/wp\/v2\/product\/4679","targetHints":{"allow":["GET"]}}],"collection":[{"href":"https:\/\/binaturalproducts.com\/ro\/wp-json\/wp\/v2\/product"}],"about":[{"href":"https:\/\/binaturalproducts.com\/ro\/wp-json\/wp\/v2\/types\/product"}],"replies":[{"embeddable":true,"href":"https:\/\/binaturalproducts.com\/ro\/wp-json\/wp\/v2\/comments?post=4679"}],"wp:featuredmedia":[{"embeddable":true,"href":"https:\/\/binaturalproducts.com\/ro\/wp-json\/wp\/v2\/media\/4680"}],"wp:attachment":[{"href":"https:\/\/binaturalproducts.com\/ro\/wp-json\/wp\/v2\/media?parent=4679"}],"wp:term":[{"taxonomy":"product_brand","embeddable":true,"href":"https:\/\/binaturalproducts.com\/ro\/wp-json\/wp\/v2\/product_brand?post=4679"},{"taxonomy":"product_cat","embeddable":true,"href":"https:\/\/binaturalproducts.com\/ro\/wp-json\/wp\/v2\/product_cat?post=4679"},{"taxonomy":"product_tag","embeddable":true,"href":"https:\/\/binaturalproducts.com\/ro\/wp-json\/wp\/v2\/product_tag?post=4679"}],"curies":[{"name":"wp","href":"https:\/\/api.w.org\/{rel}","templated":true}]}}