{"id":4647,"date":"2024-01-06T23:47:15","date_gmt":"2024-01-06T21:47:15","guid":{"rendered":"https:\/\/binaturalproducts.com\/?post_type=product&#038;p=4647"},"modified":"2026-04-16T09:01:19","modified_gmt":"2026-04-16T07:01:19","slug":"ser-regenerator-pentru-cresterea-parului","status":"publish","type":"product","link":"https:\/\/binaturalproducts.com\/ro\/produs\/ser-regenerator-pentru-cresterea-parului\/","title":{"rendered":"Ser pentru scalp cu Rozmarin &amp; ghimbir"},"content":{"rendered":"<p>&nbsp;<\/p>\n<p>Produsul nostru este un ser extrem de complex care promoveaz\u0103 cre\u0219terea p\u0103rului, av\u00e2nd ingrediente atent selectate, provenite din agricultura biologic\u0103.<\/p>\n<p>Formula noastr\u0103 unic\u0103 ajut\u0103 la \u00eent\u0103rirea firului de p\u0103r, hr\u0103nirea scalpului, regenerarea \u0219i promovarea unei cre\u0219teri s\u0103n\u0103toase a p\u0103rului.<\/p>\n<p>Mai jos detaliem efectele benefice ale ingredientelor noastre:<\/p>\n<ol>\n<li><strong>Ulei de semin\u021be de mu\u0219tar:<\/strong>\n<ul>\n<li>Stimuleaz\u0103 circula\u021bia s\u00e2ngelui la nivelul scalpului, \u00eembun\u0103t\u0103\u021bind astfel transportul de nutrien\u021bi \u0219i oxigen c\u0103tre foliculii de p\u0103r.<\/li>\n<li>Bogat \u00een acizi gra\u0219i omega-3, care hr\u0103nesc p\u0103rul \u0219i ajut\u0103 la prevenirea usc\u0103ciunii.<\/li>\n<\/ul>\n<\/li>\n<li><strong>Ulei de Amla:<\/strong>\n<ul>\n<li>Con\u021bine un con\u021binut ridicat de vitamina C, furniz\u00e2nd antioxidan\u021bi puternici scalpului.<\/li>\n<li>Sus\u021bine s\u0103n\u0103tatea \u0219i vitalitatea firului de p\u0103r.<\/li>\n<\/ul>\n<\/li>\n<li><strong>Ulei de Argan:<\/strong>\n<ul>\n<li>Are efecte deosebit de hr\u0103nitoare \u0219i hidratante, ajut\u00e2nd la prevenirea desp\u0103r\u021birii \u0219i usc\u0103rii p\u0103rului.<\/li>\n<li>Bogat \u00een vitamine \u0219i antioxidan\u021bi, \u00eembun\u0103t\u0103\u021be\u0219te elasticitatea p\u0103rului.<\/li>\n<\/ul>\n<\/li>\n<li><strong>Ulei de Ricin:<\/strong>\n<ul>\n<li>\u00cent\u0103re\u0219te firele de p\u0103r \u0219i promoveaz\u0103 cre\u0219terea acestora.<\/li>\n<li>Bogat \u00een acizi gra\u0219i omega-9, care hidrateaz\u0103 p\u0103rul \u0219i \u00eembun\u0103t\u0103\u021besc s\u0103n\u0103tatea scalpului.<\/li>\n<\/ul>\n<\/li>\n<li><strong>Ulei de Pracaxi:<\/strong> uleiul este extras din semin\u021bele arborelui Pracaxi, originar din America de Sud, \u0219i are un con\u021binut extrem de ridicat de acid behenic.\n<ul>\n<li style=\"list-style-type: none;\"><\/li>\n<li>Stimuleaz\u0103 regenerarea celulelor pielii, av\u00e2nd un efect de condi\u021bionare \u0219i hidratare extrem de puternic.<\/li>\n<li>Sus\u021bine cre\u0219terea s\u0103n\u0103toas\u0103 \u0219i \u00eent\u0103rirea firului de p\u0103r.<\/li>\n<\/ul>\n<\/li>\n<li><strong>Extract de Ginseng peruvian:<\/strong>\n<ul>\n<li>\u00cembun\u0103t\u0103\u021be\u0219te circula\u021bia s\u00e2ngelui, promov\u00e2nd alimentarea foliculilor de p\u0103r cu nutrien\u021bi.<\/li>\n<li>Bogat \u00een nutrien\u021bi esen\u021biali, cum ar fi zincul \u0219i fierul.<\/li>\n<\/ul>\n<\/li>\n<li><strong>Ulei esen\u021bial de Rozmarin:<\/strong>\n<ul>\n<li>Stimuleaz\u0103 scalpul, promov\u00e2nd cre\u0219terea p\u0103rului.<\/li>\n<li>Bogat \u00een antioxidan\u021bi, ajut\u0103 la protejarea firului de p\u0103r de efectele nocive ale mediului \u00eenconjur\u0103tor.<\/li>\n<\/ul>\n<\/li>\n<li><strong>Ulei esen\u021bial de Ghimbir:<\/strong>\n<ul>\n<li>Activeaz\u0103 circula\u021bia s\u00e2ngelui la nivelul scalpului, contribuind la hr\u0103nirea firelor de p\u0103r.<\/li>\n<li>Are propriet\u0103\u021bi antibacteriene, ajut\u00e2nd la prevenirea inflama\u021biilor scalpului.<\/li>\n<\/ul>\n<\/li>\n<li><strong>Ap\u0103 de Rozmarin:<\/strong>\n<ul>\n<li>Are efecte calmante \u0219i cur\u0103\u021b\u0103toare, contribuind la reducerea irita\u021biei scalpului.<\/li>\n<li>Ofer\u0103 o senza\u021bie pl\u0103cut\u0103 de prospe\u021bime datorit\u0103 parfumului s\u0103u revigorant.<\/li>\n<\/ul>\n<\/li>\n<\/ol>\n<p>Combina\u021bia ingredientelor men\u021bionate anterior sprijin\u0103 \u00een mod unic s\u0103n\u0103tatea \u0219i cre\u0219terea firului de p\u0103r, hidrat\u00e2nd \u0219i hr\u0103nind scalpul. Utilizat \u00een mod regulat, p\u0103rul devine mai puternic, mai s\u0103n\u0103tos \u0219i str\u0103lucitor.<\/p>\n<p>Mod de utilizare: Masa\u021bi aproximativ 15 pic\u0103turi de ser pe scalp, l\u0103sa\u021bi-l s\u0103 ac\u021bioneze timp de minimum 3 ore, apoi cl\u0103ti\u021bi cu ap\u0103 \u0219i \u0219ampon. Poate fi l\u0103sat peste noapte.<\/p>\n<p>e 30 ml<\/p>","protected":false},"excerpt":{"rendered":"<p>Ser regenerator pentru cresterea p\u0103rului.<\/p>","protected":false},"featured_media":4674,"comment_status":"open","ping_status":"closed","template":"","meta":[],"product_brand":[],"product_cat":[45,21],"product_tag":[],"class_list":{"0":"post-4647","1":"product","2":"type-product","3":"status-publish","4":"has-post-thumbnail","6":"product_cat-osszes","7":"product_cat-hajapolas","9":"first","10":"instock","11":"shipping-taxable","12":"purchasable","13":"product-type-simple"},"yoast_head":"<!-- This site is optimized with the Yoast SEO plugin v27.4 - https:\/\/yoast.com\/product\/yoast-seo-wordpress\/ -->\n<title>Rozmaring &amp; Gy\u00f6mb\u00e9r sz\u00e9rum fejb\u0151rre - Binaturalproducts<\/title>\n<meta name=\"robots\" content=\"index, follow, max-snippet:-1, max-image-preview:large, max-video-preview:-1\" \/>\n<link rel=\"canonical\" href=\"https:\/\/binaturalproducts.com\/ro\/produs\/ser-regenerator-pentru-cresterea-parului\/\" \/>\n<meta property=\"og:locale\" content=\"ro_RO\" \/>\n<meta property=\"og:type\" content=\"article\" \/>\n<meta property=\"og:title\" content=\"Rozmaring &amp; Gy\u00f6mb\u00e9r sz\u00e9rum fejb\u0151rre - Binaturalproducts\" \/>\n<meta property=\"og:description\" content=\"Ez a sz\u00e9rum hajn\u00f6veked\u00e9st el\u0151seg\u00edt\u0151 \u00e9s regener\u00e1l\u00f3 hat\u00e1s\u00fa.\" \/>\n<meta property=\"og:url\" content=\"https:\/\/binaturalproducts.com\/ro\/produs\/ser-regenerator-pentru-cresterea-parului\/\" \/>\n<meta property=\"og:site_name\" content=\"Binaturalproducts\" \/>\n<meta property=\"article:modified_time\" content=\"2026-04-16T07:01:19+00:00\" \/>\n<meta property=\"og:image\" content=\"https:\/\/binaturalproducts.com\/wp-content\/uploads\/2024\/01\/IMG_20240111_000237-1.jpg\" \/>\n\t<meta property=\"og:image:width\" content=\"1920\" \/>\n\t<meta property=\"og:image:height\" content=\"1176\" \/>\n\t<meta property=\"og:image:type\" content=\"image\/jpeg\" \/>\n<meta name=\"twitter:card\" content=\"summary_large_image\" \/>\n<meta name=\"twitter:label1\" content=\"Timp estimat pentru citire\" \/>\n\t<meta name=\"twitter:data1\" content=\"2 minute\" \/>\n<script type=\"application\/ld+json\" class=\"yoast-schema-graph\">{\"@context\":\"https:\\\/\\\/schema.org\",\"@graph\":[{\"@type\":\"WebPage\",\"@id\":\"https:\\\/\\\/binaturalproducts.com\\\/termek\\\/rozmaring-gyomber-szerum-fejborre\\\/\",\"url\":\"https:\\\/\\\/binaturalproducts.com\\\/termek\\\/rozmaring-gyomber-szerum-fejborre\\\/\",\"name\":\"Rozmaring & Gy\u00f6mb\u00e9r sz\u00e9rum fejb\u0151rre - Binaturalproducts\",\"isPartOf\":{\"@id\":\"https:\\\/\\\/binaturalproducts.com\\\/#website\"},\"primaryImageOfPage\":{\"@id\":\"https:\\\/\\\/binaturalproducts.com\\\/termek\\\/rozmaring-gyomber-szerum-fejborre\\\/#primaryimage\"},\"image\":{\"@id\":\"https:\\\/\\\/binaturalproducts.com\\\/termek\\\/rozmaring-gyomber-szerum-fejborre\\\/#primaryimage\"},\"thumbnailUrl\":\"https:\\\/\\\/binaturalproducts.com\\\/wp-content\\\/uploads\\\/2024\\\/01\\\/IMG_20240111_000237-1.jpg\",\"datePublished\":\"2024-01-06T21:47:15+00:00\",\"dateModified\":\"2026-04-16T07:01:19+00:00\",\"breadcrumb\":{\"@id\":\"https:\\\/\\\/binaturalproducts.com\\\/termek\\\/rozmaring-gyomber-szerum-fejborre\\\/#breadcrumb\"},\"inLanguage\":\"ro-RO\",\"potentialAction\":[{\"@type\":\"ReadAction\",\"target\":[\"https:\\\/\\\/binaturalproducts.com\\\/termek\\\/rozmaring-gyomber-szerum-fejborre\\\/\"]}]},{\"@type\":\"ImageObject\",\"inLanguage\":\"ro-RO\",\"@id\":\"https:\\\/\\\/binaturalproducts.com\\\/termek\\\/rozmaring-gyomber-szerum-fejborre\\\/#primaryimage\",\"url\":\"https:\\\/\\\/binaturalproducts.com\\\/wp-content\\\/uploads\\\/2024\\\/01\\\/IMG_20240111_000237-1.jpg\",\"contentUrl\":\"https:\\\/\\\/binaturalproducts.com\\\/wp-content\\\/uploads\\\/2024\\\/01\\\/IMG_20240111_000237-1.jpg\",\"width\":1920,\"height\":1176},{\"@type\":\"BreadcrumbList\",\"@id\":\"https:\\\/\\\/binaturalproducts.com\\\/termek\\\/rozmaring-gyomber-szerum-fejborre\\\/#breadcrumb\",\"itemListElement\":[{\"@type\":\"ListItem\",\"position\":1,\"name\":\"Kezd\u0151lap\",\"item\":\"https:\\\/\\\/binaturalproducts.com\\\/\"},{\"@type\":\"ListItem\",\"position\":2,\"name\":\"\u00dczlet\",\"item\":\"https:\\\/\\\/binaturalproducts.com\\\/uzlet\\\/\"},{\"@type\":\"ListItem\",\"position\":3,\"name\":\"Rozmaring &#038; Gy\u00f6mb\u00e9r sz\u00e9rum fejb\u0151rre\"}]},{\"@type\":\"WebSite\",\"@id\":\"https:\\\/\\\/binaturalproducts.com\\\/#website\",\"url\":\"https:\\\/\\\/binaturalproducts.com\\\/\",\"name\":\"Binaturalproducts\",\"description\":\"Nat\u00far term\u00e9kek Erd\u00e9ly sz\u00edv\u00e9b\u0151l\",\"potentialAction\":[{\"@type\":\"SearchAction\",\"target\":{\"@type\":\"EntryPoint\",\"urlTemplate\":\"https:\\\/\\\/binaturalproducts.com\\\/?s={search_term_string}\"},\"query-input\":{\"@type\":\"PropertyValueSpecification\",\"valueRequired\":true,\"valueName\":\"search_term_string\"}}],\"inLanguage\":\"ro-RO\"}]}<\/script>\n<!-- \/ Yoast SEO plugin. -->","yoast_head_json":{"title":"Rozmaring & Gy\u00f6mb\u00e9r sz\u00e9rum fejb\u0151rre - Binaturalproducts","robots":{"index":"index","follow":"follow","max-snippet":"max-snippet:-1","max-image-preview":"max-image-preview:large","max-video-preview":"max-video-preview:-1"},"canonical":"https:\/\/binaturalproducts.com\/ro\/produs\/ser-regenerator-pentru-cresterea-parului\/","og_locale":"ro_RO","og_type":"article","og_title":"Rozmaring & Gy\u00f6mb\u00e9r sz\u00e9rum fejb\u0151rre - Binaturalproducts","og_description":"Ez a sz\u00e9rum hajn\u00f6veked\u00e9st el\u0151seg\u00edt\u0151 \u00e9s regener\u00e1l\u00f3 hat\u00e1s\u00fa.","og_url":"https:\/\/binaturalproducts.com\/ro\/produs\/ser-regenerator-pentru-cresterea-parului\/","og_site_name":"Binaturalproducts","article_modified_time":"2026-04-16T07:01:19+00:00","og_image":[{"width":1920,"height":1176,"url":"https:\/\/binaturalproducts.com\/wp-content\/uploads\/2024\/01\/IMG_20240111_000237-1.jpg","type":"image\/jpeg"}],"twitter_card":"summary_large_image","twitter_misc":{"Timp estimat pentru citire":"2 minute"},"schema":{"@context":"https:\/\/schema.org","@graph":[{"@type":"WebPage","@id":"https:\/\/binaturalproducts.com\/termek\/rozmaring-gyomber-szerum-fejborre\/","url":"https:\/\/binaturalproducts.com\/termek\/rozmaring-gyomber-szerum-fejborre\/","name":"Rozmaring & Gy\u00f6mb\u00e9r sz\u00e9rum fejb\u0151rre - Binaturalproducts","isPartOf":{"@id":"https:\/\/binaturalproducts.com\/#website"},"primaryImageOfPage":{"@id":"https:\/\/binaturalproducts.com\/termek\/rozmaring-gyomber-szerum-fejborre\/#primaryimage"},"image":{"@id":"https:\/\/binaturalproducts.com\/termek\/rozmaring-gyomber-szerum-fejborre\/#primaryimage"},"thumbnailUrl":"https:\/\/binaturalproducts.com\/wp-content\/uploads\/2024\/01\/IMG_20240111_000237-1.jpg","datePublished":"2024-01-06T21:47:15+00:00","dateModified":"2026-04-16T07:01:19+00:00","breadcrumb":{"@id":"https:\/\/binaturalproducts.com\/termek\/rozmaring-gyomber-szerum-fejborre\/#breadcrumb"},"inLanguage":"ro-RO","potentialAction":[{"@type":"ReadAction","target":["https:\/\/binaturalproducts.com\/termek\/rozmaring-gyomber-szerum-fejborre\/"]}]},{"@type":"ImageObject","inLanguage":"ro-RO","@id":"https:\/\/binaturalproducts.com\/termek\/rozmaring-gyomber-szerum-fejborre\/#primaryimage","url":"https:\/\/binaturalproducts.com\/wp-content\/uploads\/2024\/01\/IMG_20240111_000237-1.jpg","contentUrl":"https:\/\/binaturalproducts.com\/wp-content\/uploads\/2024\/01\/IMG_20240111_000237-1.jpg","width":1920,"height":1176},{"@type":"BreadcrumbList","@id":"https:\/\/binaturalproducts.com\/termek\/rozmaring-gyomber-szerum-fejborre\/#breadcrumb","itemListElement":[{"@type":"ListItem","position":1,"name":"Kezd\u0151lap","item":"https:\/\/binaturalproducts.com\/"},{"@type":"ListItem","position":2,"name":"\u00dczlet","item":"https:\/\/binaturalproducts.com\/uzlet\/"},{"@type":"ListItem","position":3,"name":"Rozmaring &#038; Gy\u00f6mb\u00e9r sz\u00e9rum fejb\u0151rre"}]},{"@type":"WebSite","@id":"https:\/\/binaturalproducts.com\/#website","url":"https:\/\/binaturalproducts.com\/","name":"Binaturalproducts","description":"PRODUSE NATURALE DIN INIMA TRANSILVANIEI","potentialAction":[{"@type":"SearchAction","target":{"@type":"EntryPoint","urlTemplate":"https:\/\/binaturalproducts.com\/?s={search_term_string}"},"query-input":{"@type":"PropertyValueSpecification","valueRequired":true,"valueName":"search_term_string"}}],"inLanguage":"ro-RO"}]}},"_links":{"self":[{"href":"https:\/\/binaturalproducts.com\/ro\/wp-json\/wp\/v2\/product\/4647","targetHints":{"allow":["GET"]}}],"collection":[{"href":"https:\/\/binaturalproducts.com\/ro\/wp-json\/wp\/v2\/product"}],"about":[{"href":"https:\/\/binaturalproducts.com\/ro\/wp-json\/wp\/v2\/types\/product"}],"replies":[{"embeddable":true,"href":"https:\/\/binaturalproducts.com\/ro\/wp-json\/wp\/v2\/comments?post=4647"}],"wp:featuredmedia":[{"embeddable":true,"href":"https:\/\/binaturalproducts.com\/ro\/wp-json\/wp\/v2\/media\/4674"}],"wp:attachment":[{"href":"https:\/\/binaturalproducts.com\/ro\/wp-json\/wp\/v2\/media?parent=4647"}],"wp:term":[{"taxonomy":"product_brand","embeddable":true,"href":"https:\/\/binaturalproducts.com\/ro\/wp-json\/wp\/v2\/product_brand?post=4647"},{"taxonomy":"product_cat","embeddable":true,"href":"https:\/\/binaturalproducts.com\/ro\/wp-json\/wp\/v2\/product_cat?post=4647"},{"taxonomy":"product_tag","embeddable":true,"href":"https:\/\/binaturalproducts.com\/ro\/wp-json\/wp\/v2\/product_tag?post=4647"}],"curies":[{"name":"wp","href":"https:\/\/api.w.org\/{rel}","templated":true}]}}