{"id":4641,"date":"2024-01-04T18:39:16","date_gmt":"2024-01-04T16:39:16","guid":{"rendered":"https:\/\/binaturalproducts.com\/?post_type=product&#038;p=4641"},"modified":"2026-04-24T18:27:07","modified_gmt":"2026-04-24T16:27:07","slug":"teafa-illoolaj","status":"publish","type":"product","link":"https:\/\/binaturalproducts.com\/ro\/produs\/teafa-illoolaj\/","title":{"rendered":"Ulei esen\u021bial de arbore de ceai"},"content":{"rendered":"<div class=\"flex-1 overflow-hidden\">\n<div class=\"react-scroll-to-bottom--css-akyhr-79elbk h-full\">\n<div class=\"react-scroll-to-bottom--css-akyhr-1n7m0yu\">\n<div class=\"flex flex-col pb-9 text-sm\">\n<div class=\"w-full text-token-text-primary\" data-testid=\"conversation-turn-5\">\n<div class=\"px-4 py-2 justify-center text-base md:gap-6 m-auto\">\n<div class=\"flex flex-1 text-base mx-auto gap-3 md:px-5 lg:px-1 xl:px-5 md:max-w-3xl lg:max-w-[40rem] xl:max-w-[48rem] group final-completion\">\n<div class=\"relative flex w-full flex-col lg:w-[calc(100%-115px)] agent-turn\">\n<div class=\"flex-col gap-1 md:gap-3\">\n<div class=\"flex flex-grow flex-col max-w-full\">\n<div class=\"min-h-[20px] text-message flex flex-col items-start gap-3 whitespace-pre-wrap break-words [.text-message+&amp;]:mt-5 overflow-x-auto\" data-message-author-role=\"assistant\" data-message-id=\"e66ef224-4a8d-4b81-9030-ee176a4613b0\">\n<div class=\"markdown prose w-full break-words dark:prose-invert light\">\n<p>A teafaolajat a term\u00e9szetes gy\u00f3gym\u00f3dok\u00a0 h\u00edvei nagyra \u00e9rt\u00e9kelik az intenz\u00edv illat\u00fa olaj antibakteri\u00e1lis, gomba- \u00e9s v\u00edrus\u00f6l\u0151 tulajdons\u00e1gai miatt.<\/p>\n<p>Az Ausztr\u00e1li\u00e1ban \u0151shonos teafa fa leveleib\u0151l v\u00edzg\u0151z desztill\u00e1ci\u00f3val nyert ill\u00f3olajat m\u00e1r az ausztr\u00e1l \u0151slakosok is haszn\u00e1lt\u00e1k teak\u00e9sz\u00edt\u00e9sre, k\u00fcl\u00f6nf\u00e9le eg\u00e9szs\u00e9g\u00fcgyi probl\u00e9m\u00e1kra.<\/p>\n<p>A teafaolaj sz\u00e1mos ter\u00fcleten haszn\u00e1lhat\u00f3, bele\u00e9rtve a b\u0151rprobl\u00e9m\u00e1k kezel\u00e9s\u00e9t, sebfert\u0151tlen\u00edt\u00e9st, izomf\u00e1jdalmak enyh\u00edt\u00e9s\u00e9t \u00e9s megf\u00e1z\u00e1s t\u00fcneteinek csillap\u00edt\u00e1s\u00e1t. A hat\u00f3anyagai, mint a terpineol-4-ol \u00e9s a 1,8-cineol, sz\u00e9les k\u00f6r\u0171 megold\u00e1st k\u00edn\u00e1lnak eg\u00e9szs\u00e9g\u00fcgyi probl\u00e9m\u00e1kra, bele\u00e9rtve a fels\u0151 l\u00e9g\u00fati fert\u0151z\u00e9seket.<\/p>\n<p>A teafaolaj sokoldal\u00faan alkalmazhat\u00f3:<\/p>\n<ul>\n<li>B\u0151rkem\u00e9nyed\u00e9sek k\u00f6nnyen felpuh\u00edthat\u00f3k teafaolaj tartalm\u00fa kr\u00e9mekkel vagy balzsamokkal.<\/li>\n<li>Nyugtat\u00f3 hat\u00e1s\u00fa \u00e9g\u00e9si s\u00e9r\u00fcl\u00e9sek, kipirult vagy viszket\u0151 b\u0151r eset\u00e9n, ide\u00e1lis rovarcs\u00edp\u00e9sek enyh\u00edt\u00e9s\u00e9re.<\/li>\n<li>Gyullad\u00e1sok, pattan\u00e1sok kezel\u00e9s\u00e9ben 5%-os koncentr\u00e1ci\u00f3ban hat\u00e1sos lehet.<\/li>\n<li>Gomba\u00f6l\u0151 hat\u00e1sa miatt alkalmazhat\u00f3 b\u0151r- \u00e9s k\u00f6r\u00f6mgomba kezel\u00e9s\u00e9re.<\/li>\n<li>Tetvek kiirt\u00e1s\u00e1ban hat\u00e9kony seg\u00edts\u00e9g lehet.<\/li>\n<li>Pen\u00e9sz elt\u00fcntet\u00e9s\u00e9re otthonunkban alkalmazhat\u00f3.<\/li>\n<li>Tiszt\u00edt\u00f3szerk\u00e9nt is haszn\u00e1lhat\u00f3 fert\u0151tlen\u00edt\u0151, antibakteri\u00e1lis tulajdons\u00e1gai miatt.<\/li>\n<li>Ruhanem\u0171inket mos\u00e1s sor\u00e1n 10-20 csepp teafaolajjal fert\u0151tlen\u00edthetj\u00fck.<\/li>\n<\/ul>\n<p>P\u00e1rologtat\u00e1s eset\u00e9n 4-6 cseppet 15 ml v\u00edzbe csepegtetve kell alkalmazni, \u00a0p\u00e1rologtat\u00e1s\u00e1val megg\u00e1tolhatod a leveg\u0151ben terjed\u0151 fert\u0151z\u00e9seket is. Immunrendszeredet is er\u0151s\u00edti, v\u00e9delmet ny\u00fajt a fert\u0151z\u00e9sekkel szemben.<\/p>\n<p>J\u00f3 tipp: Ha t\u00fal intenz\u00edv az illata, akkor keverheted m\u00e1s ill\u00f3olajakkal is. A Teafa mell\u00e9 nagyon j\u00f3l illik: a levendula, narancs, rozmaring, citrom valamint az eukaliptusz illata is.<\/p>\n<p>INCI: Melaleuca Alternifolia Leaf Oil (100%-os tisztas\u00e1g\u00fa, term\u00e9szetes teafa ill\u00f3olaj)<\/p>\n<\/div>\n<\/div>\n<\/div>\n<\/div>\n<div class=\"text-gray-400 flex self-end lg:self-center justify-center lg:justify-start mt-0 gap-1 visible\">e 10 ml<\/div>\n<div class=\"absolute\">\n<div class=\"flex w-full gap-2 items-center justify-center\"><\/div>\n<\/div>\n<\/div>\n<\/div>\n<\/div>\n<\/div>\n<\/div>\n<\/div>\n<\/div>\n<\/div>\n<div class=\"w-full pt-2 md:pt-0 dark:border-white\/20 md:border-transparent md:dark:border-transparent md:w-[calc(100%-.5rem)]\">\n<form class=\"stretch mx-2 flex flex-row gap-3 last:mb-2 md:mx-4 md:last:mb-6 lg:mx-auto lg:max-w-2xl xl:max-w-3xl\">\n<div class=\"relative flex h-full flex-1 items-stretch md:flex-col\">\n<div class=\"flex w-full items-center\"><\/div>\n<\/div>\n<\/form>\n<\/div>\n","protected":false},"excerpt":{"rendered":"<p>Utilizarea: mod extern, \u00een arometerapie<\/p>\n<p>&nbsp;<\/p>\n<p>Min\u0151s\u00e9g: az Ecocert Greenlife \u00e1ltal tan\u00fas\u00edtott term\u00e9szetes, organikus term\u00e9k<\/p>","protected":false},"featured_media":4642,"comment_status":"open","ping_status":"closed","template":"","meta":[],"product_brand":[],"product_cat":[45,15],"product_tag":[],"class_list":{"0":"post-4641","1":"product","2":"type-product","3":"status-publish","4":"has-post-thumbnail","6":"product_cat-osszes","7":"product_cat-egyeb","9":"first","10":"instock","11":"shipping-taxable","12":"purchasable","13":"product-type-simple"},"yoast_head":"<!-- This site is optimized with the Yoast SEO plugin v27.4 - https:\/\/yoast.com\/product\/yoast-seo-wordpress\/ -->\n<title>Teafa ill\u00f3olaj - Binaturalproducts<\/title>\n<meta name=\"robots\" content=\"index, follow, max-snippet:-1, max-image-preview:large, max-video-preview:-1\" \/>\n<link rel=\"canonical\" href=\"https:\/\/binaturalproducts.com\/ro\/produs\/teafa-illoolaj\/\" \/>\n<meta property=\"og:locale\" content=\"ro_RO\" \/>\n<meta property=\"og:type\" content=\"article\" \/>\n<meta property=\"og:title\" content=\"Teafa ill\u00f3olaj - Binaturalproducts\" \/>\n<meta property=\"og:description\" content=\"Haszn\u00e1lata: k\u00fcls\u0151leg, p\u00e1rologtat\u00f3ba.  &nbsp;  Min\u0151s\u00e9g: az Ecocert Greenlife \u00e1ltal tan\u00fas\u00edtott term\u00e9szetes, organikus term\u00e9k\" \/>\n<meta property=\"og:url\" content=\"https:\/\/binaturalproducts.com\/ro\/produs\/teafa-illoolaj\/\" \/>\n<meta property=\"og:site_name\" content=\"Binaturalproducts\" \/>\n<meta property=\"article:modified_time\" content=\"2026-04-24T16:27:07+00:00\" \/>\n<meta property=\"og:image\" content=\"https:\/\/binaturalproducts.com\/wp-content\/uploads\/2024\/01\/IMG_20240104_180042-1.jpg\" \/>\n\t<meta property=\"og:image:width\" content=\"1944\" \/>\n\t<meta property=\"og:image:height\" content=\"2316\" \/>\n\t<meta property=\"og:image:type\" content=\"image\/jpeg\" \/>\n<meta name=\"twitter:card\" content=\"summary_large_image\" \/>\n<meta name=\"twitter:label1\" content=\"Timp estimat pentru citire\" \/>\n\t<meta name=\"twitter:data1\" content=\"2 minute\" \/>\n<script type=\"application\/ld+json\" class=\"yoast-schema-graph\">{\"@context\":\"https:\\\/\\\/schema.org\",\"@graph\":[{\"@type\":\"WebPage\",\"@id\":\"https:\\\/\\\/binaturalproducts.com\\\/termek\\\/teafa-illoolaj\\\/\",\"url\":\"https:\\\/\\\/binaturalproducts.com\\\/termek\\\/teafa-illoolaj\\\/\",\"name\":\"Teafa ill\u00f3olaj - Binaturalproducts\",\"isPartOf\":{\"@id\":\"https:\\\/\\\/binaturalproducts.com\\\/#website\"},\"primaryImageOfPage\":{\"@id\":\"https:\\\/\\\/binaturalproducts.com\\\/termek\\\/teafa-illoolaj\\\/#primaryimage\"},\"image\":{\"@id\":\"https:\\\/\\\/binaturalproducts.com\\\/termek\\\/teafa-illoolaj\\\/#primaryimage\"},\"thumbnailUrl\":\"https:\\\/\\\/binaturalproducts.com\\\/wp-content\\\/uploads\\\/2024\\\/01\\\/IMG_20240104_180042-1.jpg\",\"datePublished\":\"2024-01-04T16:39:16+00:00\",\"dateModified\":\"2026-04-24T16:27:07+00:00\",\"breadcrumb\":{\"@id\":\"https:\\\/\\\/binaturalproducts.com\\\/termek\\\/teafa-illoolaj\\\/#breadcrumb\"},\"inLanguage\":\"ro-RO\",\"potentialAction\":[{\"@type\":\"ReadAction\",\"target\":[\"https:\\\/\\\/binaturalproducts.com\\\/termek\\\/teafa-illoolaj\\\/\"]}]},{\"@type\":\"ImageObject\",\"inLanguage\":\"ro-RO\",\"@id\":\"https:\\\/\\\/binaturalproducts.com\\\/termek\\\/teafa-illoolaj\\\/#primaryimage\",\"url\":\"https:\\\/\\\/binaturalproducts.com\\\/wp-content\\\/uploads\\\/2024\\\/01\\\/IMG_20240104_180042-1.jpg\",\"contentUrl\":\"https:\\\/\\\/binaturalproducts.com\\\/wp-content\\\/uploads\\\/2024\\\/01\\\/IMG_20240104_180042-1.jpg\",\"width\":1944,\"height\":2316},{\"@type\":\"BreadcrumbList\",\"@id\":\"https:\\\/\\\/binaturalproducts.com\\\/termek\\\/teafa-illoolaj\\\/#breadcrumb\",\"itemListElement\":[{\"@type\":\"ListItem\",\"position\":1,\"name\":\"Kezd\u0151lap\",\"item\":\"https:\\\/\\\/binaturalproducts.com\\\/\"},{\"@type\":\"ListItem\",\"position\":2,\"name\":\"\u00dczlet\",\"item\":\"https:\\\/\\\/binaturalproducts.com\\\/uzlet\\\/\"},{\"@type\":\"ListItem\",\"position\":3,\"name\":\"Teafa ill\u00f3olaj\"}]},{\"@type\":\"WebSite\",\"@id\":\"https:\\\/\\\/binaturalproducts.com\\\/#website\",\"url\":\"https:\\\/\\\/binaturalproducts.com\\\/\",\"name\":\"Binaturalproducts\",\"description\":\"Nat\u00far term\u00e9kek Erd\u00e9ly sz\u00edv\u00e9b\u0151l\",\"potentialAction\":[{\"@type\":\"SearchAction\",\"target\":{\"@type\":\"EntryPoint\",\"urlTemplate\":\"https:\\\/\\\/binaturalproducts.com\\\/?s={search_term_string}\"},\"query-input\":{\"@type\":\"PropertyValueSpecification\",\"valueRequired\":true,\"valueName\":\"search_term_string\"}}],\"inLanguage\":\"ro-RO\"}]}<\/script>\n<!-- \/ Yoast SEO plugin. -->","yoast_head_json":{"title":"Teafa ill\u00f3olaj - Binaturalproducts","robots":{"index":"index","follow":"follow","max-snippet":"max-snippet:-1","max-image-preview":"max-image-preview:large","max-video-preview":"max-video-preview:-1"},"canonical":"https:\/\/binaturalproducts.com\/ro\/produs\/teafa-illoolaj\/","og_locale":"ro_RO","og_type":"article","og_title":"Teafa ill\u00f3olaj - Binaturalproducts","og_description":"Haszn\u00e1lata: k\u00fcls\u0151leg, p\u00e1rologtat\u00f3ba.  &nbsp;  Min\u0151s\u00e9g: az Ecocert Greenlife \u00e1ltal tan\u00fas\u00edtott term\u00e9szetes, organikus term\u00e9k","og_url":"https:\/\/binaturalproducts.com\/ro\/produs\/teafa-illoolaj\/","og_site_name":"Binaturalproducts","article_modified_time":"2026-04-24T16:27:07+00:00","og_image":[{"width":1944,"height":2316,"url":"https:\/\/binaturalproducts.com\/wp-content\/uploads\/2024\/01\/IMG_20240104_180042-1.jpg","type":"image\/jpeg"}],"twitter_card":"summary_large_image","twitter_misc":{"Timp estimat pentru citire":"2 minute"},"schema":{"@context":"https:\/\/schema.org","@graph":[{"@type":"WebPage","@id":"https:\/\/binaturalproducts.com\/termek\/teafa-illoolaj\/","url":"https:\/\/binaturalproducts.com\/termek\/teafa-illoolaj\/","name":"Teafa ill\u00f3olaj - Binaturalproducts","isPartOf":{"@id":"https:\/\/binaturalproducts.com\/#website"},"primaryImageOfPage":{"@id":"https:\/\/binaturalproducts.com\/termek\/teafa-illoolaj\/#primaryimage"},"image":{"@id":"https:\/\/binaturalproducts.com\/termek\/teafa-illoolaj\/#primaryimage"},"thumbnailUrl":"https:\/\/binaturalproducts.com\/wp-content\/uploads\/2024\/01\/IMG_20240104_180042-1.jpg","datePublished":"2024-01-04T16:39:16+00:00","dateModified":"2026-04-24T16:27:07+00:00","breadcrumb":{"@id":"https:\/\/binaturalproducts.com\/termek\/teafa-illoolaj\/#breadcrumb"},"inLanguage":"ro-RO","potentialAction":[{"@type":"ReadAction","target":["https:\/\/binaturalproducts.com\/termek\/teafa-illoolaj\/"]}]},{"@type":"ImageObject","inLanguage":"ro-RO","@id":"https:\/\/binaturalproducts.com\/termek\/teafa-illoolaj\/#primaryimage","url":"https:\/\/binaturalproducts.com\/wp-content\/uploads\/2024\/01\/IMG_20240104_180042-1.jpg","contentUrl":"https:\/\/binaturalproducts.com\/wp-content\/uploads\/2024\/01\/IMG_20240104_180042-1.jpg","width":1944,"height":2316},{"@type":"BreadcrumbList","@id":"https:\/\/binaturalproducts.com\/termek\/teafa-illoolaj\/#breadcrumb","itemListElement":[{"@type":"ListItem","position":1,"name":"Kezd\u0151lap","item":"https:\/\/binaturalproducts.com\/"},{"@type":"ListItem","position":2,"name":"\u00dczlet","item":"https:\/\/binaturalproducts.com\/uzlet\/"},{"@type":"ListItem","position":3,"name":"Teafa ill\u00f3olaj"}]},{"@type":"WebSite","@id":"https:\/\/binaturalproducts.com\/#website","url":"https:\/\/binaturalproducts.com\/","name":"Binaturalproducts","description":"PRODUSE NATURALE DIN INIMA TRANSILVANIEI","potentialAction":[{"@type":"SearchAction","target":{"@type":"EntryPoint","urlTemplate":"https:\/\/binaturalproducts.com\/?s={search_term_string}"},"query-input":{"@type":"PropertyValueSpecification","valueRequired":true,"valueName":"search_term_string"}}],"inLanguage":"ro-RO"}]}},"_links":{"self":[{"href":"https:\/\/binaturalproducts.com\/ro\/wp-json\/wp\/v2\/product\/4641","targetHints":{"allow":["GET"]}}],"collection":[{"href":"https:\/\/binaturalproducts.com\/ro\/wp-json\/wp\/v2\/product"}],"about":[{"href":"https:\/\/binaturalproducts.com\/ro\/wp-json\/wp\/v2\/types\/product"}],"replies":[{"embeddable":true,"href":"https:\/\/binaturalproducts.com\/ro\/wp-json\/wp\/v2\/comments?post=4641"}],"wp:featuredmedia":[{"embeddable":true,"href":"https:\/\/binaturalproducts.com\/ro\/wp-json\/wp\/v2\/media\/4642"}],"wp:attachment":[{"href":"https:\/\/binaturalproducts.com\/ro\/wp-json\/wp\/v2\/media?parent=4641"}],"wp:term":[{"taxonomy":"product_brand","embeddable":true,"href":"https:\/\/binaturalproducts.com\/ro\/wp-json\/wp\/v2\/product_brand?post=4641"},{"taxonomy":"product_cat","embeddable":true,"href":"https:\/\/binaturalproducts.com\/ro\/wp-json\/wp\/v2\/product_cat?post=4641"},{"taxonomy":"product_tag","embeddable":true,"href":"https:\/\/binaturalproducts.com\/ro\/wp-json\/wp\/v2\/product_tag?post=4641"}],"curies":[{"name":"wp","href":"https:\/\/api.w.org\/{rel}","templated":true}]}}