{"id":4611,"date":"2023-12-28T01:16:39","date_gmt":"2023-12-27T23:16:39","guid":{"rendered":"https:\/\/binaturalproducts.com\/?post_type=product&#038;p=4611"},"modified":"2026-04-24T18:27:33","modified_gmt":"2026-04-24T16:27:33","slug":"citromfu-illoolaj-lemongrass","status":"publish","type":"product","link":"https:\/\/binaturalproducts.com\/ro\/produs\/citromfu-illoolaj-lemongrass\/","title":{"rendered":"Ulei esential de lemongrass"},"content":{"rendered":"<p><strong>.<\/strong>Utilizare: extern, \u00een atomizor.     Calitate: produs natural, organic, certificat de Ecocert Greenlife<\/p>\n<p>A Lemongrass ill\u00f3olaj, vagy m\u00e1s n\u00e9ven citromf\u0171 ill\u00f3olaj, sz\u00e1mos kedvez\u0151 tulajdons\u00e1ggal rendelkezik.<\/p>\n<ol>\n<li><strong>Energetiz\u00e1l\u00f3 \u00e9s Koncentr\u00e1ci\u00f3t Seg\u00edt\u0151 Hat\u00e1sok:<\/strong>\n<ul>\n<li>Az ill\u00f3olaj energetiz\u00e1l, t\u00e1mogatja a tiszta gondolkod\u00e1st \u00e9s fokozza a koncentr\u00e1ci\u00f3t.<\/li>\n<li>Kiv\u00e1l\u00f3 v\u00e1laszt\u00e1s tanul\u00e1s k\u00f6zben, seg\u00edtve a figyelem \u00f6sszpontos\u00edt\u00e1s\u00e1t.<\/li>\n<\/ul>\n<\/li>\n<li><strong>\u00c9rzelmi J\u00f3ll\u00e9t \u00e9s Stresszcs\u00f6kkent\u00e9s:<\/strong>\n<ul>\n<li>Hat\u00e9kony a sokk, depresszi\u00f3, gy\u00e1sz \u00e9s szorong\u00e1s kezel\u00e9s\u00e9ben.<\/li>\n<li>Nyugtatja a zavart elm\u00e9t.<\/li>\n<\/ul>\n<\/li>\n<li><strong>P\u00e1ros\u00edt\u00e1sa m\u00e1s ill\u00f3olajokkal:<\/strong>\n<ul>\n<li>J\u00f3l harmoniz\u00e1l Bergamot,Cedarwood Virginian, Citronella,\u00a0 Geranium Egyptian, Grapefruit Pink, Jasmine Absolute, Lavender, Lemon,\u00a0 ill\u00f3olajokkal.<\/li>\n<\/ul>\n<\/li>\n<li><strong>F\u00e1jdalomcsillap\u00edt\u00e1s:<\/strong>\n<ul>\n<li>Enyh\u00edti az izom- \u00e9s \u00edz\u00fcleti f\u00e1jdalmat, valamint migr\u00e9n \u00e9s egy\u00e9b fejf\u00e1j\u00e1sokat.<\/li>\n<li>H\u00edg\u00edtva massz\u00edrozhat\u00f3 a f\u00e1jdalom hely\u00e9re.<\/li>\n<\/ul>\n<\/li>\n<li><strong>Em\u00e9szt\u00e9si Zavarok \u00e9s Gyomor\u00e9g\u00e9s Elleni Hat\u00e1sok:<\/strong>\n<ul>\n<li>Seg\u00edt em\u00e9szt\u00e9si zavarok \u00e9s gyomor\u00e9g\u00e9s eset\u00e9n.<\/li>\n<li>Massz\u00e1zsolajban alkalmazva a hasi ter\u00fcleten enyh\u00edtheti a sz\u00e9lg\u00f6rcs\u00f6ket.<\/li>\n<\/ul>\n<\/li>\n<li><strong>Menstru\u00e1ci\u00f3s Probl\u00e9m\u00e1k Kezel\u00e9se:<\/strong>\n<ul>\n<li>\u00a0enyh\u00edtheti a h\u00e1nyingert, g\u00f6rcs\u00f6ket.<\/li>\n<\/ul>\n<\/li>\n<li><strong>\u00c1lmatlans\u00e1g \u00e9s Nyugtalans\u00e1g Elleni Hat\u00e1sok:<\/strong>\n<ul>\n<li>Nyugtat\u00f3 \u00e9s relax\u00e1l\u00f3 hat\u00e1sai el\u0151seg\u00edtik az alv\u00e1st.<\/li>\n<li>Test\u00e1pol\u00f3hoz vagy massz\u00e1zsolajhoz adva, seg\u00edthet el\u00e9rni a k\u00edv\u00e1nt nyugalmi \u00e1llapotot.<\/li>\n<\/ul>\n<ul>\n<li><\/li>\n<\/ul>\n<\/li>\n<li><strong>Pattan\u00e1sok Ellen \u00e9s Rovarriaszt\u00f3 Hat\u00e1sok:<\/strong>\n<ul>\n<li>alkalmazhat\u00f3 a pattan\u00e1sok kezel\u00e9s\u00e9re.<\/li>\n<li>Rovarriaszt\u00f3k\u00e9nt ismert, \u00e9s gyullad\u00e1scs\u00f6kkent\u0151, m\u00e9regtelen\u00edt\u0151 hat\u00e1sokat is kifejt.<\/li>\n<\/ul>\n<\/li>\n<\/ol>\n<p>Ezen j\u00f3t\u00e9kony hat\u00e1sok r\u00e9v\u00e9n a Lemongrass ill\u00f3olaj sokoldal\u00faan seg\u00edthet az eg\u00e9szs\u00e9g, a j\u00f3ll\u00e9t \u00e9s a stresszcs\u00f6kkent\u00e9s ter\u00e9n.<\/p>\n<p>Haszn\u00e1lata: k\u00fcls\u0151leg, p\u00e1rologtat\u00f3ba. P\u00e1rologtat\u00e1s eset\u00e9n 4-6 cseppet 15 ml v\u00edzbe csepegtetve kell alkalmazni.<\/p>\n<p>INCI: Ingrediente: Cymbopogon Flexuosus Oil (100%-os tisztas\u00e1g\u00fa, term\u00e9szetes citromf\u0171 ill\u00f3olaj)<\/p>\n<p>e 10 ml<\/p>","protected":false},"excerpt":{"rendered":"<p><strong>.<\/strong>Utilizare: extern, \u00een atomizor.     Calitate: produs natural, organic, certificat de Ecocert Greenlife<\/p>","protected":false},"featured_media":4612,"comment_status":"open","ping_status":"closed","template":"","meta":[],"product_brand":[],"product_cat":[15],"product_tag":[],"class_list":{"0":"post-4611","1":"product","2":"type-product","3":"status-publish","4":"has-post-thumbnail","6":"product_cat-egyeb","8":"first","9":"instock","10":"shipping-taxable","11":"purchasable","12":"product-type-simple"},"yoast_head":"<!-- This site is optimized with the Yoast SEO plugin v27.4 - https:\/\/yoast.com\/product\/yoast-seo-wordpress\/ -->\n<title>Citromf\u0171 ill\u00f3olaj (Lemongrass) - Binaturalproducts<\/title>\n<meta name=\"robots\" content=\"index, follow, max-snippet:-1, max-image-preview:large, max-video-preview:-1\" \/>\n<link rel=\"canonical\" href=\"https:\/\/binaturalproducts.com\/ro\/produs\/citromfu-illoolaj-lemongrass\/\" \/>\n<meta property=\"og:locale\" content=\"ro_RO\" \/>\n<meta property=\"og:type\" content=\"article\" \/>\n<meta property=\"og:title\" content=\"Citromf\u0171 ill\u00f3olaj (Lemongrass) - Binaturalproducts\" \/>\n<meta property=\"og:description\" content=\"Min\u0151s\u00e9g: az Ecocert Greenlife \u00e1ltal tan\u00fas\u00edtott term\u00e9szetes, organikus term\u00e9k\" \/>\n<meta property=\"og:url\" content=\"https:\/\/binaturalproducts.com\/ro\/produs\/citromfu-illoolaj-lemongrass\/\" \/>\n<meta property=\"og:site_name\" content=\"Binaturalproducts\" \/>\n<meta property=\"article:modified_time\" content=\"2026-04-24T16:27:33+00:00\" \/>\n<meta property=\"og:image\" content=\"https:\/\/binaturalproducts.com\/wp-content\/uploads\/2023\/12\/IMG_20231227_234128-1-scaled.jpg\" \/>\n\t<meta property=\"og:image:width\" content=\"1836\" \/>\n\t<meta property=\"og:image:height\" content=\"2560\" \/>\n\t<meta property=\"og:image:type\" content=\"image\/jpeg\" \/>\n<meta name=\"twitter:card\" content=\"summary_large_image\" \/>\n<meta name=\"twitter:label1\" content=\"Timp estimat pentru citire\" \/>\n\t<meta name=\"twitter:data1\" content=\"2 minute\" \/>\n<script type=\"application\/ld+json\" class=\"yoast-schema-graph\">{\"@context\":\"https:\\\/\\\/schema.org\",\"@graph\":[{\"@type\":\"WebPage\",\"@id\":\"https:\\\/\\\/binaturalproducts.com\\\/termek\\\/citromfu-illoolaj-lemongrass\\\/\",\"url\":\"https:\\\/\\\/binaturalproducts.com\\\/termek\\\/citromfu-illoolaj-lemongrass\\\/\",\"name\":\"Citromf\u0171 ill\u00f3olaj (Lemongrass) - Binaturalproducts\",\"isPartOf\":{\"@id\":\"https:\\\/\\\/binaturalproducts.com\\\/#website\"},\"primaryImageOfPage\":{\"@id\":\"https:\\\/\\\/binaturalproducts.com\\\/termek\\\/citromfu-illoolaj-lemongrass\\\/#primaryimage\"},\"image\":{\"@id\":\"https:\\\/\\\/binaturalproducts.com\\\/termek\\\/citromfu-illoolaj-lemongrass\\\/#primaryimage\"},\"thumbnailUrl\":\"https:\\\/\\\/binaturalproducts.com\\\/wp-content\\\/uploads\\\/2023\\\/12\\\/IMG_20231227_234128-1-scaled.jpg\",\"datePublished\":\"2023-12-27T23:16:39+00:00\",\"dateModified\":\"2026-04-24T16:27:33+00:00\",\"breadcrumb\":{\"@id\":\"https:\\\/\\\/binaturalproducts.com\\\/termek\\\/citromfu-illoolaj-lemongrass\\\/#breadcrumb\"},\"inLanguage\":\"ro-RO\",\"potentialAction\":[{\"@type\":\"ReadAction\",\"target\":[\"https:\\\/\\\/binaturalproducts.com\\\/termek\\\/citromfu-illoolaj-lemongrass\\\/\"]}]},{\"@type\":\"ImageObject\",\"inLanguage\":\"ro-RO\",\"@id\":\"https:\\\/\\\/binaturalproducts.com\\\/termek\\\/citromfu-illoolaj-lemongrass\\\/#primaryimage\",\"url\":\"https:\\\/\\\/binaturalproducts.com\\\/wp-content\\\/uploads\\\/2023\\\/12\\\/IMG_20231227_234128-1-scaled.jpg\",\"contentUrl\":\"https:\\\/\\\/binaturalproducts.com\\\/wp-content\\\/uploads\\\/2023\\\/12\\\/IMG_20231227_234128-1-scaled.jpg\",\"width\":1836,\"height\":2560},{\"@type\":\"BreadcrumbList\",\"@id\":\"https:\\\/\\\/binaturalproducts.com\\\/termek\\\/citromfu-illoolaj-lemongrass\\\/#breadcrumb\",\"itemListElement\":[{\"@type\":\"ListItem\",\"position\":1,\"name\":\"Kezd\u0151lap\",\"item\":\"https:\\\/\\\/binaturalproducts.com\\\/\"},{\"@type\":\"ListItem\",\"position\":2,\"name\":\"\u00dczlet\",\"item\":\"https:\\\/\\\/binaturalproducts.com\\\/uzlet\\\/\"},{\"@type\":\"ListItem\",\"position\":3,\"name\":\"Citromf\u0171 ill\u00f3olaj (Lemongrass)\"}]},{\"@type\":\"WebSite\",\"@id\":\"https:\\\/\\\/binaturalproducts.com\\\/#website\",\"url\":\"https:\\\/\\\/binaturalproducts.com\\\/\",\"name\":\"Binaturalproducts\",\"description\":\"Nat\u00far term\u00e9kek Erd\u00e9ly sz\u00edv\u00e9b\u0151l\",\"potentialAction\":[{\"@type\":\"SearchAction\",\"target\":{\"@type\":\"EntryPoint\",\"urlTemplate\":\"https:\\\/\\\/binaturalproducts.com\\\/?s={search_term_string}\"},\"query-input\":{\"@type\":\"PropertyValueSpecification\",\"valueRequired\":true,\"valueName\":\"search_term_string\"}}],\"inLanguage\":\"ro-RO\"}]}<\/script>\n<!-- \/ Yoast SEO plugin. -->","yoast_head_json":{"title":"Citromf\u0171 ill\u00f3olaj (Lemongrass) - Binaturalproducts","robots":{"index":"index","follow":"follow","max-snippet":"max-snippet:-1","max-image-preview":"max-image-preview:large","max-video-preview":"max-video-preview:-1"},"canonical":"https:\/\/binaturalproducts.com\/ro\/produs\/citromfu-illoolaj-lemongrass\/","og_locale":"ro_RO","og_type":"article","og_title":"Citromf\u0171 ill\u00f3olaj (Lemongrass) - Binaturalproducts","og_description":"Min\u0151s\u00e9g: az Ecocert Greenlife \u00e1ltal tan\u00fas\u00edtott term\u00e9szetes, organikus term\u00e9k","og_url":"https:\/\/binaturalproducts.com\/ro\/produs\/citromfu-illoolaj-lemongrass\/","og_site_name":"Binaturalproducts","article_modified_time":"2026-04-24T16:27:33+00:00","og_image":[{"width":1836,"height":2560,"url":"https:\/\/binaturalproducts.com\/wp-content\/uploads\/2023\/12\/IMG_20231227_234128-1-scaled.jpg","type":"image\/jpeg"}],"twitter_card":"summary_large_image","twitter_misc":{"Timp estimat pentru citire":"2 minute"},"schema":{"@context":"https:\/\/schema.org","@graph":[{"@type":"WebPage","@id":"https:\/\/binaturalproducts.com\/termek\/citromfu-illoolaj-lemongrass\/","url":"https:\/\/binaturalproducts.com\/termek\/citromfu-illoolaj-lemongrass\/","name":"Citromf\u0171 ill\u00f3olaj (Lemongrass) - Binaturalproducts","isPartOf":{"@id":"https:\/\/binaturalproducts.com\/#website"},"primaryImageOfPage":{"@id":"https:\/\/binaturalproducts.com\/termek\/citromfu-illoolaj-lemongrass\/#primaryimage"},"image":{"@id":"https:\/\/binaturalproducts.com\/termek\/citromfu-illoolaj-lemongrass\/#primaryimage"},"thumbnailUrl":"https:\/\/binaturalproducts.com\/wp-content\/uploads\/2023\/12\/IMG_20231227_234128-1-scaled.jpg","datePublished":"2023-12-27T23:16:39+00:00","dateModified":"2026-04-24T16:27:33+00:00","breadcrumb":{"@id":"https:\/\/binaturalproducts.com\/termek\/citromfu-illoolaj-lemongrass\/#breadcrumb"},"inLanguage":"ro-RO","potentialAction":[{"@type":"ReadAction","target":["https:\/\/binaturalproducts.com\/termek\/citromfu-illoolaj-lemongrass\/"]}]},{"@type":"ImageObject","inLanguage":"ro-RO","@id":"https:\/\/binaturalproducts.com\/termek\/citromfu-illoolaj-lemongrass\/#primaryimage","url":"https:\/\/binaturalproducts.com\/wp-content\/uploads\/2023\/12\/IMG_20231227_234128-1-scaled.jpg","contentUrl":"https:\/\/binaturalproducts.com\/wp-content\/uploads\/2023\/12\/IMG_20231227_234128-1-scaled.jpg","width":1836,"height":2560},{"@type":"BreadcrumbList","@id":"https:\/\/binaturalproducts.com\/termek\/citromfu-illoolaj-lemongrass\/#breadcrumb","itemListElement":[{"@type":"ListItem","position":1,"name":"Kezd\u0151lap","item":"https:\/\/binaturalproducts.com\/"},{"@type":"ListItem","position":2,"name":"\u00dczlet","item":"https:\/\/binaturalproducts.com\/uzlet\/"},{"@type":"ListItem","position":3,"name":"Citromf\u0171 ill\u00f3olaj (Lemongrass)"}]},{"@type":"WebSite","@id":"https:\/\/binaturalproducts.com\/#website","url":"https:\/\/binaturalproducts.com\/","name":"Binaturalproducts","description":"PRODUSE NATURALE DIN INIMA TRANSILVANIEI","potentialAction":[{"@type":"SearchAction","target":{"@type":"EntryPoint","urlTemplate":"https:\/\/binaturalproducts.com\/?s={search_term_string}"},"query-input":{"@type":"PropertyValueSpecification","valueRequired":true,"valueName":"search_term_string"}}],"inLanguage":"ro-RO"}]}},"_links":{"self":[{"href":"https:\/\/binaturalproducts.com\/ro\/wp-json\/wp\/v2\/product\/4611","targetHints":{"allow":["GET"]}}],"collection":[{"href":"https:\/\/binaturalproducts.com\/ro\/wp-json\/wp\/v2\/product"}],"about":[{"href":"https:\/\/binaturalproducts.com\/ro\/wp-json\/wp\/v2\/types\/product"}],"replies":[{"embeddable":true,"href":"https:\/\/binaturalproducts.com\/ro\/wp-json\/wp\/v2\/comments?post=4611"}],"wp:featuredmedia":[{"embeddable":true,"href":"https:\/\/binaturalproducts.com\/ro\/wp-json\/wp\/v2\/media\/4612"}],"wp:attachment":[{"href":"https:\/\/binaturalproducts.com\/ro\/wp-json\/wp\/v2\/media?parent=4611"}],"wp:term":[{"taxonomy":"product_brand","embeddable":true,"href":"https:\/\/binaturalproducts.com\/ro\/wp-json\/wp\/v2\/product_brand?post=4611"},{"taxonomy":"product_cat","embeddable":true,"href":"https:\/\/binaturalproducts.com\/ro\/wp-json\/wp\/v2\/product_cat?post=4611"},{"taxonomy":"product_tag","embeddable":true,"href":"https:\/\/binaturalproducts.com\/ro\/wp-json\/wp\/v2\/product_tag?post=4611"}],"curies":[{"name":"wp","href":"https:\/\/api.w.org\/{rel}","templated":true}]}}