{"id":4604,"date":"2023-12-27T01:24:09","date_gmt":"2023-12-26T23:24:09","guid":{"rendered":"https:\/\/binaturalproducts.com\/?post_type=product&#038;p=4604"},"modified":"2026-04-24T18:27:20","modified_gmt":"2026-04-24T16:27:20","slug":"ulei-esential-lavanda","status":"publish","type":"product","link":"https:\/\/binaturalproducts.com\/ro\/produs\/ulei-esential-lavanda\/","title":{"rendered":"Ulei esen\u0163ial de lavand\u0103"},"content":{"rendered":"<p>&nbsp;<\/p>\n<p>Hat\u00e1sa: A rendszeres levendula ill\u00f3olaj p\u00e1rologtat\u00e1sa sz\u00e1mos kedvez\u0151 hat\u00e1ssal j\u00e1rhat.<\/p>\n<p>Alv\u00e1szavarok eset\u00e9n seg\u00edthet a pihentet\u0151 alv\u00e1s el\u00e9r\u00e9s\u00e9ben, \u00e9s az ideges, fesz\u00fclt ked\u00e9ly\u00e1llapotot is cs\u00f6kkentheti.<\/p>\n<p>Az ill\u00f3olaj bel\u00e9legz\u00e9se \u00e1ltal k\u00f6nnyebben el\u00e9rhetj\u00fck az \u00e1lomvil\u00e1got, \u00e9s szorong\u00e1sunkat is enyh\u00edtheti. Vizsg\u00e1k, nyilv\u00e1nos szerepl\u00e9sek vagy orvosi vizsg\u00e1lat el\u0151tt is hasznos lehet, hogy ellazuljunk \u00e9s jobban \u00e9rezz\u00fck magunkat a b\u0151r\u00fcnkben. Emellett pozit\u00edv hat\u00e1ssal van a hangulatunkra, migr\u00e9n eset\u00e9n enyh\u00edtheti a fejf\u00e1j\u00e1st, \u00e9s a menstru\u00e1ci\u00f3s id\u0151szakban is kedvez\u0151en hat.<\/p>\n<p>Antibakteri\u00e1lis tulajdons\u00e1gai r\u00e9v\u00e9n pedig k\u00e9pes megel\u0151zni a bakteri\u00e1lis fert\u0151z\u00e9seket, \u00edgy kiv\u00e1l\u00f3 v\u00e1laszt\u00e1s a mindennapi eg\u00e9szs\u00e9g\u00fcnk t\u00e1mogat\u00e1s\u00e1ra.<\/p>\n<p>\u00d6sszess\u00e9g\u00e9ben a levendula ill\u00f3olaj p\u00e1rologtat\u00e1sa kellemes \u00e9rzetet teremt a mindennapokban \u00e9s hozz\u00e1j\u00e1rul az eg\u00e9szs\u00e9ges, kiegyens\u00falyozott \u00e9lethez.<\/p>\n<p>P\u00e1rologtat\u00e1s eset\u00e9n 4-6 cseppet 15 ml v\u00edzbe csepegtetve kell alkalmazni.<\/p>\n<p>INCI: Lavandula Angustifolia Oil (100%-os tisztas\u00e1g\u00fa, term\u00e9szetes levendula ill\u00f3olaj)<\/p>\n<p>e 10 ml<\/p>","protected":false},"excerpt":{"rendered":"<p>Utilizarea: mod extern, \u00een arometerapie<\/p>\n<p>Min\u0151s\u00e9g: az Ecocert Greenlife \u00e1ltal tan\u00fas\u00edtott term\u00e9szetes, organikus term\u00e9k<\/p>","protected":false},"featured_media":5442,"comment_status":"open","ping_status":"closed","template":"","meta":[],"product_brand":[],"product_cat":[15],"product_tag":[],"class_list":{"0":"post-4604","1":"product","2":"type-product","3":"status-publish","4":"has-post-thumbnail","6":"product_cat-egyeb","8":"first","9":"instock","10":"shipping-taxable","11":"purchasable","12":"product-type-simple"},"yoast_head":"<!-- This site is optimized with the Yoast SEO plugin v27.4 - https:\/\/yoast.com\/product\/yoast-seo-wordpress\/ -->\n<title>Levendula ill\u00f3olaj - Binaturalproducts<\/title>\n<meta name=\"robots\" content=\"index, follow, max-snippet:-1, max-image-preview:large, max-video-preview:-1\" \/>\n<link rel=\"canonical\" href=\"https:\/\/binaturalproducts.com\/ro\/produs\/ulei-esential-lavanda\/\" \/>\n<meta property=\"og:locale\" content=\"ro_RO\" \/>\n<meta property=\"og:type\" content=\"article\" \/>\n<meta property=\"og:title\" content=\"Levendula ill\u00f3olaj - Binaturalproducts\" \/>\n<meta property=\"og:description\" content=\"Haszn\u00e1lata: k\u00fcls\u0151leg, p\u00e1rologtat\u00f3ba.  Min\u0151s\u00e9g: az Ecocert Greenlife \u00e1ltal tan\u00fas\u00edtott term\u00e9szetes, organikus term\u00e9k\" \/>\n<meta property=\"og:url\" content=\"https:\/\/binaturalproducts.com\/ro\/produs\/ulei-esential-lavanda\/\" \/>\n<meta property=\"og:site_name\" content=\"Binaturalproducts\" \/>\n<meta property=\"article:modified_time\" content=\"2026-04-24T16:27:20+00:00\" \/>\n<meta property=\"og:image\" content=\"https:\/\/binaturalproducts.com\/wp-content\/uploads\/2023\/12\/IMG_20241130_151753-1.jpg\" \/>\n\t<meta property=\"og:image:width\" content=\"2432\" \/>\n\t<meta property=\"og:image:height\" content=\"2128\" \/>\n\t<meta property=\"og:image:type\" content=\"image\/jpeg\" \/>\n<meta name=\"twitter:card\" content=\"summary_large_image\" \/>\n<meta name=\"twitter:label1\" content=\"Timp estimat pentru citire\" \/>\n\t<meta name=\"twitter:data1\" content=\"1 minut\" \/>\n<script type=\"application\/ld+json\" class=\"yoast-schema-graph\">{\"@context\":\"https:\\\/\\\/schema.org\",\"@graph\":[{\"@type\":\"WebPage\",\"@id\":\"https:\\\/\\\/binaturalproducts.com\\\/termek\\\/levendula-illoolaj\\\/\",\"url\":\"https:\\\/\\\/binaturalproducts.com\\\/termek\\\/levendula-illoolaj\\\/\",\"name\":\"Levendula ill\u00f3olaj - Binaturalproducts\",\"isPartOf\":{\"@id\":\"https:\\\/\\\/binaturalproducts.com\\\/#website\"},\"primaryImageOfPage\":{\"@id\":\"https:\\\/\\\/binaturalproducts.com\\\/termek\\\/levendula-illoolaj\\\/#primaryimage\"},\"image\":{\"@id\":\"https:\\\/\\\/binaturalproducts.com\\\/termek\\\/levendula-illoolaj\\\/#primaryimage\"},\"thumbnailUrl\":\"https:\\\/\\\/binaturalproducts.com\\\/wp-content\\\/uploads\\\/2023\\\/12\\\/IMG_20241130_151753-1.jpg\",\"datePublished\":\"2023-12-26T23:24:09+00:00\",\"dateModified\":\"2026-04-24T16:27:20+00:00\",\"breadcrumb\":{\"@id\":\"https:\\\/\\\/binaturalproducts.com\\\/termek\\\/levendula-illoolaj\\\/#breadcrumb\"},\"inLanguage\":\"ro-RO\",\"potentialAction\":[{\"@type\":\"ReadAction\",\"target\":[\"https:\\\/\\\/binaturalproducts.com\\\/termek\\\/levendula-illoolaj\\\/\"]}]},{\"@type\":\"ImageObject\",\"inLanguage\":\"ro-RO\",\"@id\":\"https:\\\/\\\/binaturalproducts.com\\\/termek\\\/levendula-illoolaj\\\/#primaryimage\",\"url\":\"https:\\\/\\\/binaturalproducts.com\\\/wp-content\\\/uploads\\\/2023\\\/12\\\/IMG_20241130_151753-1.jpg\",\"contentUrl\":\"https:\\\/\\\/binaturalproducts.com\\\/wp-content\\\/uploads\\\/2023\\\/12\\\/IMG_20241130_151753-1.jpg\",\"width\":2432,\"height\":2128},{\"@type\":\"BreadcrumbList\",\"@id\":\"https:\\\/\\\/binaturalproducts.com\\\/termek\\\/levendula-illoolaj\\\/#breadcrumb\",\"itemListElement\":[{\"@type\":\"ListItem\",\"position\":1,\"name\":\"Kezd\u0151lap\",\"item\":\"https:\\\/\\\/binaturalproducts.com\\\/\"},{\"@type\":\"ListItem\",\"position\":2,\"name\":\"\u00dczlet\",\"item\":\"https:\\\/\\\/binaturalproducts.com\\\/uzlet\\\/\"},{\"@type\":\"ListItem\",\"position\":3,\"name\":\"Levendula ill\u00f3olaj\"}]},{\"@type\":\"WebSite\",\"@id\":\"https:\\\/\\\/binaturalproducts.com\\\/#website\",\"url\":\"https:\\\/\\\/binaturalproducts.com\\\/\",\"name\":\"Binaturalproducts\",\"description\":\"Nat\u00far term\u00e9kek Erd\u00e9ly sz\u00edv\u00e9b\u0151l\",\"potentialAction\":[{\"@type\":\"SearchAction\",\"target\":{\"@type\":\"EntryPoint\",\"urlTemplate\":\"https:\\\/\\\/binaturalproducts.com\\\/?s={search_term_string}\"},\"query-input\":{\"@type\":\"PropertyValueSpecification\",\"valueRequired\":true,\"valueName\":\"search_term_string\"}}],\"inLanguage\":\"ro-RO\"}]}<\/script>\n<!-- \/ Yoast SEO plugin. -->","yoast_head_json":{"title":"Levendula ill\u00f3olaj - Binaturalproducts","robots":{"index":"index","follow":"follow","max-snippet":"max-snippet:-1","max-image-preview":"max-image-preview:large","max-video-preview":"max-video-preview:-1"},"canonical":"https:\/\/binaturalproducts.com\/ro\/produs\/ulei-esential-lavanda\/","og_locale":"ro_RO","og_type":"article","og_title":"Levendula ill\u00f3olaj - Binaturalproducts","og_description":"Haszn\u00e1lata: k\u00fcls\u0151leg, p\u00e1rologtat\u00f3ba.  Min\u0151s\u00e9g: az Ecocert Greenlife \u00e1ltal tan\u00fas\u00edtott term\u00e9szetes, organikus term\u00e9k","og_url":"https:\/\/binaturalproducts.com\/ro\/produs\/ulei-esential-lavanda\/","og_site_name":"Binaturalproducts","article_modified_time":"2026-04-24T16:27:20+00:00","og_image":[{"width":2432,"height":2128,"url":"https:\/\/binaturalproducts.com\/wp-content\/uploads\/2023\/12\/IMG_20241130_151753-1.jpg","type":"image\/jpeg"}],"twitter_card":"summary_large_image","twitter_misc":{"Timp estimat pentru citire":"1 minut"},"schema":{"@context":"https:\/\/schema.org","@graph":[{"@type":"WebPage","@id":"https:\/\/binaturalproducts.com\/termek\/levendula-illoolaj\/","url":"https:\/\/binaturalproducts.com\/termek\/levendula-illoolaj\/","name":"Levendula ill\u00f3olaj - Binaturalproducts","isPartOf":{"@id":"https:\/\/binaturalproducts.com\/#website"},"primaryImageOfPage":{"@id":"https:\/\/binaturalproducts.com\/termek\/levendula-illoolaj\/#primaryimage"},"image":{"@id":"https:\/\/binaturalproducts.com\/termek\/levendula-illoolaj\/#primaryimage"},"thumbnailUrl":"https:\/\/binaturalproducts.com\/wp-content\/uploads\/2023\/12\/IMG_20241130_151753-1.jpg","datePublished":"2023-12-26T23:24:09+00:00","dateModified":"2026-04-24T16:27:20+00:00","breadcrumb":{"@id":"https:\/\/binaturalproducts.com\/termek\/levendula-illoolaj\/#breadcrumb"},"inLanguage":"ro-RO","potentialAction":[{"@type":"ReadAction","target":["https:\/\/binaturalproducts.com\/termek\/levendula-illoolaj\/"]}]},{"@type":"ImageObject","inLanguage":"ro-RO","@id":"https:\/\/binaturalproducts.com\/termek\/levendula-illoolaj\/#primaryimage","url":"https:\/\/binaturalproducts.com\/wp-content\/uploads\/2023\/12\/IMG_20241130_151753-1.jpg","contentUrl":"https:\/\/binaturalproducts.com\/wp-content\/uploads\/2023\/12\/IMG_20241130_151753-1.jpg","width":2432,"height":2128},{"@type":"BreadcrumbList","@id":"https:\/\/binaturalproducts.com\/termek\/levendula-illoolaj\/#breadcrumb","itemListElement":[{"@type":"ListItem","position":1,"name":"Kezd\u0151lap","item":"https:\/\/binaturalproducts.com\/"},{"@type":"ListItem","position":2,"name":"\u00dczlet","item":"https:\/\/binaturalproducts.com\/uzlet\/"},{"@type":"ListItem","position":3,"name":"Levendula ill\u00f3olaj"}]},{"@type":"WebSite","@id":"https:\/\/binaturalproducts.com\/#website","url":"https:\/\/binaturalproducts.com\/","name":"Binaturalproducts","description":"PRODUSE NATURALE DIN INIMA TRANSILVANIEI","potentialAction":[{"@type":"SearchAction","target":{"@type":"EntryPoint","urlTemplate":"https:\/\/binaturalproducts.com\/?s={search_term_string}"},"query-input":{"@type":"PropertyValueSpecification","valueRequired":true,"valueName":"search_term_string"}}],"inLanguage":"ro-RO"}]}},"_links":{"self":[{"href":"https:\/\/binaturalproducts.com\/ro\/wp-json\/wp\/v2\/product\/4604","targetHints":{"allow":["GET"]}}],"collection":[{"href":"https:\/\/binaturalproducts.com\/ro\/wp-json\/wp\/v2\/product"}],"about":[{"href":"https:\/\/binaturalproducts.com\/ro\/wp-json\/wp\/v2\/types\/product"}],"replies":[{"embeddable":true,"href":"https:\/\/binaturalproducts.com\/ro\/wp-json\/wp\/v2\/comments?post=4604"}],"wp:featuredmedia":[{"embeddable":true,"href":"https:\/\/binaturalproducts.com\/ro\/wp-json\/wp\/v2\/media\/5442"}],"wp:attachment":[{"href":"https:\/\/binaturalproducts.com\/ro\/wp-json\/wp\/v2\/media?parent=4604"}],"wp:term":[{"taxonomy":"product_brand","embeddable":true,"href":"https:\/\/binaturalproducts.com\/ro\/wp-json\/wp\/v2\/product_brand?post=4604"},{"taxonomy":"product_cat","embeddable":true,"href":"https:\/\/binaturalproducts.com\/ro\/wp-json\/wp\/v2\/product_cat?post=4604"},{"taxonomy":"product_tag","embeddable":true,"href":"https:\/\/binaturalproducts.com\/ro\/wp-json\/wp\/v2\/product_tag?post=4604"}],"curies":[{"name":"wp","href":"https:\/\/api.w.org\/{rel}","templated":true}]}}