{"id":4395,"date":"2023-10-28T22:29:36","date_gmt":"2023-10-28T20:29:36","guid":{"rendered":"https:\/\/binaturalproducts.com\/?post_type=product&#038;p=4395"},"modified":"2025-03-03T23:03:25","modified_gmt":"2025-03-03T21:03:25","slug":"cutie-de-depozitare","status":"publish","type":"product","link":"https:\/\/binaturalproducts.com\/ro\/produs\/cutie-de-depozitare\/","title":{"rendered":"Cutie de depozitare"},"content":{"rendered":"<p>&nbsp;<\/p>\n<p>Cu toate acestea, pentru depozitarea zilnic\u0103 a batonului de \u0219ampon, v\u0103 recomand\u0103m s\u0103puniera noastr\u0103 cu gril\u0103 <a href=\"https:\/\/binaturalproducts.com\/ro\/produs\/sapuniera\/\">https:\/\/binaturalproducts.com\/ro\/produs\/sapuniera\/<\/a> .<\/p>","protected":false},"excerpt":{"rendered":"<p>Alkalmas a B&amp;I Natural Products sampont\u00f6mbjei, test\u00e1pol\u00f3 t\u00f6mbjei utaztat\u00e1s\u00e1hoz \ud83d\ude42 Kiv\u00e1l\u00f3 \u00fatit\u00e1rs, ha biztons\u00e1gban akarod sz\u00e1ll\u00edtani t\u00f6mbjeidet.<\/p>","protected":false},"featured_media":4636,"comment_status":"open","ping_status":"closed","template":"","meta":[],"product_brand":[],"product_cat":[45,21,15],"product_tag":[],"class_list":{"0":"post-4395","1":"product","2":"type-product","3":"status-publish","4":"has-post-thumbnail","6":"product_cat-osszes","7":"product_cat-hajapolas","8":"product_cat-egyeb","10":"first","11":"instock","12":"shipping-taxable","13":"purchasable","14":"product-type-simple"},"yoast_head":"<!-- This site is optimized with the Yoast SEO plugin v27.4 - https:\/\/yoast.com\/product\/yoast-seo-wordpress\/ -->\n<title>T\u00e1rol\u00f3 Doboz - Binaturalproducts<\/title>\n<meta name=\"robots\" content=\"index, follow, max-snippet:-1, max-image-preview:large, max-video-preview:-1\" \/>\n<link rel=\"canonical\" href=\"https:\/\/binaturalproducts.com\/ro\/produs\/cutie-de-depozitare\/\" \/>\n<meta property=\"og:locale\" content=\"ro_RO\" \/>\n<meta property=\"og:type\" content=\"article\" \/>\n<meta property=\"og:title\" content=\"T\u00e1rol\u00f3 Doboz - Binaturalproducts\" \/>\n<meta property=\"og:description\" content=\"Alkalmas a B&amp;I Natural Products sampont\u00f6mbjei, test\u00e1pol\u00f3 t\u00f6mbjei utaztat\u00e1s\u00e1hoz :) Kiv\u00e1l\u00f3 \u00fatit\u00e1rs, ha biztons\u00e1gban akarod sz\u00e1ll\u00edtani t\u00f6mbjeidet.\" \/>\n<meta property=\"og:url\" content=\"https:\/\/binaturalproducts.com\/ro\/produs\/cutie-de-depozitare\/\" \/>\n<meta property=\"og:site_name\" content=\"Binaturalproducts\" \/>\n<meta property=\"article:modified_time\" content=\"2025-03-03T21:03:25+00:00\" \/>\n<meta property=\"og:image\" content=\"https:\/\/binaturalproducts.com\/wp-content\/uploads\/2023\/10\/IMG_20240104_024914-1.jpg\" \/>\n\t<meta property=\"og:image:width\" content=\"1782\" \/>\n\t<meta property=\"og:image:height\" content=\"1920\" \/>\n\t<meta property=\"og:image:type\" content=\"image\/jpeg\" \/>\n<meta name=\"twitter:card\" content=\"summary_large_image\" \/>\n<meta name=\"twitter:label1\" content=\"Timp estimat pentru citire\" \/>\n\t<meta name=\"twitter:data1\" content=\"1 minut\" \/>\n<script type=\"application\/ld+json\" class=\"yoast-schema-graph\">{\"@context\":\"https:\\\/\\\/schema.org\",\"@graph\":[{\"@type\":\"WebPage\",\"@id\":\"https:\\\/\\\/binaturalproducts.com\\\/termek\\\/tarolo-doboz\\\/\",\"url\":\"https:\\\/\\\/binaturalproducts.com\\\/termek\\\/tarolo-doboz\\\/\",\"name\":\"T\u00e1rol\u00f3 Doboz - Binaturalproducts\",\"isPartOf\":{\"@id\":\"https:\\\/\\\/binaturalproducts.com\\\/#website\"},\"primaryImageOfPage\":{\"@id\":\"https:\\\/\\\/binaturalproducts.com\\\/termek\\\/tarolo-doboz\\\/#primaryimage\"},\"image\":{\"@id\":\"https:\\\/\\\/binaturalproducts.com\\\/termek\\\/tarolo-doboz\\\/#primaryimage\"},\"thumbnailUrl\":\"https:\\\/\\\/binaturalproducts.com\\\/wp-content\\\/uploads\\\/2023\\\/10\\\/IMG_20240104_024914-1.jpg\",\"datePublished\":\"2023-10-28T20:29:36+00:00\",\"dateModified\":\"2025-03-03T21:03:25+00:00\",\"breadcrumb\":{\"@id\":\"https:\\\/\\\/binaturalproducts.com\\\/termek\\\/tarolo-doboz\\\/#breadcrumb\"},\"inLanguage\":\"ro-RO\",\"potentialAction\":[{\"@type\":\"ReadAction\",\"target\":[\"https:\\\/\\\/binaturalproducts.com\\\/termek\\\/tarolo-doboz\\\/\"]}]},{\"@type\":\"ImageObject\",\"inLanguage\":\"ro-RO\",\"@id\":\"https:\\\/\\\/binaturalproducts.com\\\/termek\\\/tarolo-doboz\\\/#primaryimage\",\"url\":\"https:\\\/\\\/binaturalproducts.com\\\/wp-content\\\/uploads\\\/2023\\\/10\\\/IMG_20240104_024914-1.jpg\",\"contentUrl\":\"https:\\\/\\\/binaturalproducts.com\\\/wp-content\\\/uploads\\\/2023\\\/10\\\/IMG_20240104_024914-1.jpg\",\"width\":1782,\"height\":1920},{\"@type\":\"BreadcrumbList\",\"@id\":\"https:\\\/\\\/binaturalproducts.com\\\/termek\\\/tarolo-doboz\\\/#breadcrumb\",\"itemListElement\":[{\"@type\":\"ListItem\",\"position\":1,\"name\":\"Kezd\u0151lap\",\"item\":\"https:\\\/\\\/binaturalproducts.com\\\/\"},{\"@type\":\"ListItem\",\"position\":2,\"name\":\"\u00dczlet\",\"item\":\"https:\\\/\\\/binaturalproducts.com\\\/uzlet\\\/\"},{\"@type\":\"ListItem\",\"position\":3,\"name\":\"T\u00e1rol\u00f3 Doboz\"}]},{\"@type\":\"WebSite\",\"@id\":\"https:\\\/\\\/binaturalproducts.com\\\/#website\",\"url\":\"https:\\\/\\\/binaturalproducts.com\\\/\",\"name\":\"Binaturalproducts\",\"description\":\"Nat\u00far term\u00e9kek Erd\u00e9ly sz\u00edv\u00e9b\u0151l\",\"potentialAction\":[{\"@type\":\"SearchAction\",\"target\":{\"@type\":\"EntryPoint\",\"urlTemplate\":\"https:\\\/\\\/binaturalproducts.com\\\/?s={search_term_string}\"},\"query-input\":{\"@type\":\"PropertyValueSpecification\",\"valueRequired\":true,\"valueName\":\"search_term_string\"}}],\"inLanguage\":\"ro-RO\"}]}<\/script>\n<!-- \/ Yoast SEO plugin. -->","yoast_head_json":{"title":"Cutie de depozitare","robots":{"index":"index","follow":"follow","max-snippet":"max-snippet:-1","max-image-preview":"max-image-preview:large","max-video-preview":"max-video-preview:-1"},"canonical":"https:\/\/binaturalproducts.com\/ro\/produs\/cutie-de-depozitare\/","og_locale":"ro_RO","og_type":"article","og_title":"T\u00e1rol\u00f3 Doboz - Binaturalproducts","og_description":"Alkalmas a B&amp;I Natural Products sampont\u00f6mbjei, test\u00e1pol\u00f3 t\u00f6mbjei utaztat\u00e1s\u00e1hoz :) Kiv\u00e1l\u00f3 \u00fatit\u00e1rs, ha biztons\u00e1gban akarod sz\u00e1ll\u00edtani t\u00f6mbjeidet.","og_url":"https:\/\/binaturalproducts.com\/ro\/produs\/cutie-de-depozitare\/","og_site_name":"Binaturalproducts","article_modified_time":"2025-03-03T21:03:25+00:00","og_image":[{"width":1782,"height":1920,"url":"https:\/\/binaturalproducts.com\/wp-content\/uploads\/2023\/10\/IMG_20240104_024914-1.jpg","type":"image\/jpeg"}],"twitter_card":"summary_large_image","twitter_misc":{"Timp estimat pentru citire":"1 minut"},"schema":{"@context":"https:\/\/schema.org","@graph":[{"@type":"WebPage","@id":"https:\/\/binaturalproducts.com\/termek\/tarolo-doboz\/","url":"https:\/\/binaturalproducts.com\/termek\/tarolo-doboz\/","name":"Cutie de depozitare","isPartOf":{"@id":"https:\/\/binaturalproducts.com\/#website"},"primaryImageOfPage":{"@id":"https:\/\/binaturalproducts.com\/termek\/tarolo-doboz\/#primaryimage"},"image":{"@id":"https:\/\/binaturalproducts.com\/termek\/tarolo-doboz\/#primaryimage"},"thumbnailUrl":"https:\/\/binaturalproducts.com\/wp-content\/uploads\/2023\/10\/IMG_20240104_024914-1.jpg","datePublished":"2023-10-28T20:29:36+00:00","dateModified":"2025-03-03T21:03:25+00:00","breadcrumb":{"@id":"https:\/\/binaturalproducts.com\/termek\/tarolo-doboz\/#breadcrumb"},"inLanguage":"ro-RO","potentialAction":[{"@type":"ReadAction","target":["https:\/\/binaturalproducts.com\/termek\/tarolo-doboz\/"]}]},{"@type":"ImageObject","inLanguage":"ro-RO","@id":"https:\/\/binaturalproducts.com\/termek\/tarolo-doboz\/#primaryimage","url":"https:\/\/binaturalproducts.com\/wp-content\/uploads\/2023\/10\/IMG_20240104_024914-1.jpg","contentUrl":"https:\/\/binaturalproducts.com\/wp-content\/uploads\/2023\/10\/IMG_20240104_024914-1.jpg","width":1782,"height":1920},{"@type":"BreadcrumbList","@id":"https:\/\/binaturalproducts.com\/termek\/tarolo-doboz\/#breadcrumb","itemListElement":[{"@type":"ListItem","position":1,"name":"Kezd\u0151lap","item":"https:\/\/binaturalproducts.com\/"},{"@type":"ListItem","position":2,"name":"\u00dczlet","item":"https:\/\/binaturalproducts.com\/uzlet\/"},{"@type":"ListItem","position":3,"name":"T\u00e1rol\u00f3 Doboz"}]},{"@type":"WebSite","@id":"https:\/\/binaturalproducts.com\/#website","url":"https:\/\/binaturalproducts.com\/","name":"Binaturalproducts","description":"PRODUSE NATURALE DIN INIMA TRANSILVANIEI","potentialAction":[{"@type":"SearchAction","target":{"@type":"EntryPoint","urlTemplate":"https:\/\/binaturalproducts.com\/?s={search_term_string}"},"query-input":{"@type":"PropertyValueSpecification","valueRequired":true,"valueName":"search_term_string"}}],"inLanguage":"ro-RO"}]}},"_links":{"self":[{"href":"https:\/\/binaturalproducts.com\/ro\/wp-json\/wp\/v2\/product\/4395","targetHints":{"allow":["GET"]}}],"collection":[{"href":"https:\/\/binaturalproducts.com\/ro\/wp-json\/wp\/v2\/product"}],"about":[{"href":"https:\/\/binaturalproducts.com\/ro\/wp-json\/wp\/v2\/types\/product"}],"replies":[{"embeddable":true,"href":"https:\/\/binaturalproducts.com\/ro\/wp-json\/wp\/v2\/comments?post=4395"}],"wp:featuredmedia":[{"embeddable":true,"href":"https:\/\/binaturalproducts.com\/ro\/wp-json\/wp\/v2\/media\/4636"}],"wp:attachment":[{"href":"https:\/\/binaturalproducts.com\/ro\/wp-json\/wp\/v2\/media?parent=4395"}],"wp:term":[{"taxonomy":"product_brand","embeddable":true,"href":"https:\/\/binaturalproducts.com\/ro\/wp-json\/wp\/v2\/product_brand?post=4395"},{"taxonomy":"product_cat","embeddable":true,"href":"https:\/\/binaturalproducts.com\/ro\/wp-json\/wp\/v2\/product_cat?post=4395"},{"taxonomy":"product_tag","embeddable":true,"href":"https:\/\/binaturalproducts.com\/ro\/wp-json\/wp\/v2\/product_tag?post=4395"}],"curies":[{"name":"wp","href":"https:\/\/api.w.org\/{rel}","templated":true}]}}