{"id":431,"date":"2021-10-04T20:39:15","date_gmt":"2021-10-04T18:39:15","guid":{"rendered":"https:\/\/binaturalproducts.com\/?post_type=product&#038;p=431"},"modified":"2025-02-28T23:31:22","modified_gmt":"2025-02-28T21:31:22","slug":"periuta-de-dinti-din-bambus","status":"publish","type":"product","link":"https:\/\/binaturalproducts.com\/ro\/produs\/periuta-de-dinti-din-bambus\/","title":{"rendered":"Periu\u021b\u0103 de din\u021bi din bambus"},"content":{"rendered":"<p>O alegere excelent\u0103 dac\u0103 dori\u021bi s\u0103 v\u0103 \u00eengriji\u021bi din\u021bii cu un produs care nu este doar delicat, ci \u0219i ecologic. M\u00e2nerul periu\u021bei de din\u021bi din bambus este 100% biodegradabil. Perii s\u0103i sunt confec\u021biona\u021bi dintr-un material fin, f\u0103r\u0103 BPA.<\/p>\n<p>\u0218tia\u021bi c\u0103 periu\u021bele de din\u021bi din plastic pot avea nevoie de p\u00e2n\u0103 la 300 de ani pentru a se degrada? Cu acest produs pute\u021bi contribui la protejarea planetei noastre.<\/p>\n<p>Cum se utilizeaz\u0103: Sp\u0103la\u021bi bine periu\u021ba de din\u021bi dup\u0103 utilizare \u0219i asigura\u021bi-v\u0103 c\u0103 m\u00e2nerul din bambus se poate usca, nu-l p\u0103stra\u021bi \u00eentr-un loc umed.<\/p>\n<p>&nbsp;<\/p>","protected":false},"excerpt":{"rendered":"<p>O alegere excelent\u0103 dac\u0103 dori\u021bi s\u0103 v\u0103 \u00eengriji\u021bi din\u021bii cu un produs care nu este doar delicat, ci \u0219i ecologic. M\u00e2nerul periu\u021bei de din\u021bi din bambus este 100% biodegradabil.<\/p>","protected":false},"featured_media":432,"comment_status":"open","ping_status":"closed","template":"","meta":[],"product_brand":[],"product_cat":[45,27,15],"product_tag":[],"class_list":{"0":"post-431","1":"product","2":"type-product","3":"status-publish","4":"has-post-thumbnail","6":"product_cat-osszes","7":"product_cat-higienia","8":"product_cat-egyeb","10":"first","11":"instock","12":"shipping-taxable","13":"purchasable","14":"product-type-simple"},"yoast_head":"<!-- This site is optimized with the Yoast SEO plugin v27.4 - https:\/\/yoast.com\/product\/yoast-seo-wordpress\/ -->\n<title>Bambusz fogkefe - Binaturalproducts<\/title>\n<meta name=\"description\" content=\"Nagyszer\u0171 v\u00e1laszt\u00e1s, ha fogainkat nemcsak k\u00edm\u00e9letes,de k\u00f6rnyezettudatos term\u00e9kkel is \u00e1polni akarjuk. A bambusz fogkefe nyele 100%-ban biol\u00f3giailag lebomlik.\" \/>\n<meta name=\"robots\" content=\"index, follow, max-snippet:-1, max-image-preview:large, max-video-preview:-1\" \/>\n<link rel=\"canonical\" href=\"https:\/\/binaturalproducts.com\/ro\/produs\/periuta-de-dinti-din-bambus\/\" \/>\n<meta property=\"og:locale\" content=\"ro_RO\" \/>\n<meta property=\"og:type\" content=\"article\" \/>\n<meta property=\"og:title\" content=\"Bambusz fogkefe - Binaturalproducts\" \/>\n<meta property=\"og:description\" content=\"Nagyszer\u0171 v\u00e1laszt\u00e1s, ha fogainkat nemcsak k\u00edm\u00e9letes,de k\u00f6rnyezettudatos term\u00e9kkel is \u00e1polni akarjuk. A bambusz fogkefe nyele 100%-ban biol\u00f3giailag lebomlik.\" \/>\n<meta property=\"og:url\" content=\"https:\/\/binaturalproducts.com\/ro\/produs\/periuta-de-dinti-din-bambus\/\" \/>\n<meta property=\"og:site_name\" content=\"Binaturalproducts\" \/>\n<meta property=\"article:modified_time\" content=\"2025-02-28T21:31:22+00:00\" \/>\n<meta property=\"og:image\" content=\"https:\/\/binaturalproducts.com\/wp-content\/uploads\/2021\/10\/fogkefe-1.jpg\" \/>\n\t<meta property=\"og:image:width\" content=\"1518\" \/>\n\t<meta property=\"og:image:height\" content=\"2015\" \/>\n\t<meta property=\"og:image:type\" content=\"image\/jpeg\" \/>\n<meta name=\"twitter:card\" content=\"summary_large_image\" \/>\n<meta name=\"twitter:label1\" content=\"Timp estimat pentru citire\" \/>\n\t<meta name=\"twitter:data1\" content=\"1 minut\" \/>\n<script type=\"application\/ld+json\" class=\"yoast-schema-graph\">{\"@context\":\"https:\\\/\\\/schema.org\",\"@graph\":[{\"@type\":\"WebPage\",\"@id\":\"https:\\\/\\\/binaturalproducts.com\\\/termek\\\/bambusz-fogkefe\\\/\",\"url\":\"https:\\\/\\\/binaturalproducts.com\\\/termek\\\/bambusz-fogkefe\\\/\",\"name\":\"Bambusz fogkefe - Binaturalproducts\",\"isPartOf\":{\"@id\":\"https:\\\/\\\/binaturalproducts.com\\\/#website\"},\"primaryImageOfPage\":{\"@id\":\"https:\\\/\\\/binaturalproducts.com\\\/termek\\\/bambusz-fogkefe\\\/#primaryimage\"},\"image\":{\"@id\":\"https:\\\/\\\/binaturalproducts.com\\\/termek\\\/bambusz-fogkefe\\\/#primaryimage\"},\"thumbnailUrl\":\"https:\\\/\\\/binaturalproducts.com\\\/wp-content\\\/uploads\\\/2021\\\/10\\\/fogkefe-1.jpg\",\"datePublished\":\"2021-10-04T18:39:15+00:00\",\"dateModified\":\"2025-02-28T21:31:22+00:00\",\"description\":\"Nagyszer\u0171 v\u00e1laszt\u00e1s, ha fogainkat nemcsak k\u00edm\u00e9letes,de k\u00f6rnyezettudatos term\u00e9kkel is \u00e1polni akarjuk. A bambusz fogkefe nyele 100%-ban biol\u00f3giailag lebomlik.\",\"breadcrumb\":{\"@id\":\"https:\\\/\\\/binaturalproducts.com\\\/termek\\\/bambusz-fogkefe\\\/#breadcrumb\"},\"inLanguage\":\"ro-RO\",\"potentialAction\":[{\"@type\":\"ReadAction\",\"target\":[\"https:\\\/\\\/binaturalproducts.com\\\/termek\\\/bambusz-fogkefe\\\/\"]}]},{\"@type\":\"ImageObject\",\"inLanguage\":\"ro-RO\",\"@id\":\"https:\\\/\\\/binaturalproducts.com\\\/termek\\\/bambusz-fogkefe\\\/#primaryimage\",\"url\":\"https:\\\/\\\/binaturalproducts.com\\\/wp-content\\\/uploads\\\/2021\\\/10\\\/fogkefe-1.jpg\",\"contentUrl\":\"https:\\\/\\\/binaturalproducts.com\\\/wp-content\\\/uploads\\\/2021\\\/10\\\/fogkefe-1.jpg\",\"width\":1518,\"height\":2015,\"caption\":\"Binatural Products - Bambusz fogkefe\"},{\"@type\":\"BreadcrumbList\",\"@id\":\"https:\\\/\\\/binaturalproducts.com\\\/termek\\\/bambusz-fogkefe\\\/#breadcrumb\",\"itemListElement\":[{\"@type\":\"ListItem\",\"position\":1,\"name\":\"Kezd\u0151lap\",\"item\":\"https:\\\/\\\/binaturalproducts.com\\\/\"},{\"@type\":\"ListItem\",\"position\":2,\"name\":\"\u00dczlet\",\"item\":\"https:\\\/\\\/binaturalproducts.com\\\/uzlet\\\/\"},{\"@type\":\"ListItem\",\"position\":3,\"name\":\"Bambusz fogkefe\"}]},{\"@type\":\"WebSite\",\"@id\":\"https:\\\/\\\/binaturalproducts.com\\\/#website\",\"url\":\"https:\\\/\\\/binaturalproducts.com\\\/\",\"name\":\"Binaturalproducts\",\"description\":\"Nat\u00far term\u00e9kek Erd\u00e9ly sz\u00edv\u00e9b\u0151l\",\"potentialAction\":[{\"@type\":\"SearchAction\",\"target\":{\"@type\":\"EntryPoint\",\"urlTemplate\":\"https:\\\/\\\/binaturalproducts.com\\\/?s={search_term_string}\"},\"query-input\":{\"@type\":\"PropertyValueSpecification\",\"valueRequired\":true,\"valueName\":\"search_term_string\"}}],\"inLanguage\":\"ro-RO\"}]}<\/script>\n<!-- \/ Yoast SEO plugin. -->","yoast_head_json":{"title":"Periu\u021b\u0103 de din\u021bi din bambus - Binaturalproducts","description":"O alegere excelent\u0103 dac\u0103 dori\u021bi s\u0103 v\u0103 \u00eengriji\u021bi din\u021bii cu un produs care nu este doar delicat, ci \u0219i ecologic. M\u00e2nerul periu\u021bei de din\u021bi din bambus este 100% biodegradabil.","robots":{"index":"index","follow":"follow","max-snippet":"max-snippet:-1","max-image-preview":"max-image-preview:large","max-video-preview":"max-video-preview:-1"},"canonical":"https:\/\/binaturalproducts.com\/ro\/produs\/periuta-de-dinti-din-bambus\/","og_locale":"ro_RO","og_type":"article","og_title":"Bambusz fogkefe - Binaturalproducts","og_description":"Nagyszer\u0171 v\u00e1laszt\u00e1s, ha fogainkat nemcsak k\u00edm\u00e9letes,de k\u00f6rnyezettudatos term\u00e9kkel is \u00e1polni akarjuk. A bambusz fogkefe nyele 100%-ban biol\u00f3giailag lebomlik.","og_url":"https:\/\/binaturalproducts.com\/ro\/produs\/periuta-de-dinti-din-bambus\/","og_site_name":"Binaturalproducts","article_modified_time":"2025-02-28T21:31:22+00:00","og_image":[{"width":1518,"height":2015,"url":"https:\/\/binaturalproducts.com\/wp-content\/uploads\/2021\/10\/fogkefe-1.jpg","type":"image\/jpeg"}],"twitter_card":"summary_large_image","twitter_misc":{"Timp estimat pentru citire":"1 minut"},"schema":{"@context":"https:\/\/schema.org","@graph":[{"@type":"WebPage","@id":"https:\/\/binaturalproducts.com\/termek\/bambusz-fogkefe\/","url":"https:\/\/binaturalproducts.com\/termek\/bambusz-fogkefe\/","name":"Periu\u021b\u0103 de din\u021bi din bambus - Binaturalproducts","isPartOf":{"@id":"https:\/\/binaturalproducts.com\/#website"},"primaryImageOfPage":{"@id":"https:\/\/binaturalproducts.com\/termek\/bambusz-fogkefe\/#primaryimage"},"image":{"@id":"https:\/\/binaturalproducts.com\/termek\/bambusz-fogkefe\/#primaryimage"},"thumbnailUrl":"https:\/\/binaturalproducts.com\/wp-content\/uploads\/2021\/10\/fogkefe-1.jpg","datePublished":"2021-10-04T18:39:15+00:00","dateModified":"2025-02-28T21:31:22+00:00","description":"O alegere excelent\u0103 dac\u0103 dori\u021bi s\u0103 v\u0103 \u00eengriji\u021bi din\u021bii cu un produs care nu este doar delicat, ci \u0219i ecologic. M\u00e2nerul periu\u021bei de din\u021bi din bambus este 100% biodegradabil.","breadcrumb":{"@id":"https:\/\/binaturalproducts.com\/termek\/bambusz-fogkefe\/#breadcrumb"},"inLanguage":"ro-RO","potentialAction":[{"@type":"ReadAction","target":["https:\/\/binaturalproducts.com\/termek\/bambusz-fogkefe\/"]}]},{"@type":"ImageObject","inLanguage":"ro-RO","@id":"https:\/\/binaturalproducts.com\/termek\/bambusz-fogkefe\/#primaryimage","url":"https:\/\/binaturalproducts.com\/wp-content\/uploads\/2021\/10\/fogkefe-1.jpg","contentUrl":"https:\/\/binaturalproducts.com\/wp-content\/uploads\/2021\/10\/fogkefe-1.jpg","width":1518,"height":2015,"caption":"Binatural Products - Bambusz fogkefe"},{"@type":"BreadcrumbList","@id":"https:\/\/binaturalproducts.com\/termek\/bambusz-fogkefe\/#breadcrumb","itemListElement":[{"@type":"ListItem","position":1,"name":"Kezd\u0151lap","item":"https:\/\/binaturalproducts.com\/"},{"@type":"ListItem","position":2,"name":"\u00dczlet","item":"https:\/\/binaturalproducts.com\/uzlet\/"},{"@type":"ListItem","position":3,"name":"Bambusz fogkefe"}]},{"@type":"WebSite","@id":"https:\/\/binaturalproducts.com\/#website","url":"https:\/\/binaturalproducts.com\/","name":"Binaturalproducts","description":"PRODUSE NATURALE DIN INIMA TRANSILVANIEI","potentialAction":[{"@type":"SearchAction","target":{"@type":"EntryPoint","urlTemplate":"https:\/\/binaturalproducts.com\/?s={search_term_string}"},"query-input":{"@type":"PropertyValueSpecification","valueRequired":true,"valueName":"search_term_string"}}],"inLanguage":"ro-RO"}]}},"_links":{"self":[{"href":"https:\/\/binaturalproducts.com\/ro\/wp-json\/wp\/v2\/product\/431","targetHints":{"allow":["GET"]}}],"collection":[{"href":"https:\/\/binaturalproducts.com\/ro\/wp-json\/wp\/v2\/product"}],"about":[{"href":"https:\/\/binaturalproducts.com\/ro\/wp-json\/wp\/v2\/types\/product"}],"replies":[{"embeddable":true,"href":"https:\/\/binaturalproducts.com\/ro\/wp-json\/wp\/v2\/comments?post=431"}],"wp:featuredmedia":[{"embeddable":true,"href":"https:\/\/binaturalproducts.com\/ro\/wp-json\/wp\/v2\/media\/432"}],"wp:attachment":[{"href":"https:\/\/binaturalproducts.com\/ro\/wp-json\/wp\/v2\/media?parent=431"}],"wp:term":[{"taxonomy":"product_brand","embeddable":true,"href":"https:\/\/binaturalproducts.com\/ro\/wp-json\/wp\/v2\/product_brand?post=431"},{"taxonomy":"product_cat","embeddable":true,"href":"https:\/\/binaturalproducts.com\/ro\/wp-json\/wp\/v2\/product_cat?post=431"},{"taxonomy":"product_tag","embeddable":true,"href":"https:\/\/binaturalproducts.com\/ro\/wp-json\/wp\/v2\/product_tag?post=431"}],"curies":[{"name":"wp","href":"https:\/\/api.w.org\/{rel}","templated":true}]}}