{"id":4134,"date":"2023-08-14T22:25:33","date_gmt":"2023-08-14T20:25:33","guid":{"rendered":"https:\/\/binaturalproducts.com\/?post_type=product&#038;p=4134"},"modified":"2025-10-30T16:13:06","modified_gmt":"2025-10-30T14:13:06","slug":"ulei-masaj-relaxant-cu-ulei-de-struguri","status":"publish","type":"product","link":"https:\/\/binaturalproducts.com\/ro\/produs\/ulei-masaj-relaxant-cu-ulei-de-struguri\/","title":{"rendered":"Ulei masaj relaxant cu ulei de struguri"},"content":{"rendered":"<p>A relax\u00e1l\u00f3 massz\u00e1zsolajunk k\u00fcl\u00f6nleges \u00f6sszetev\u0151inek kombin\u00e1ci\u00f3ja \u00fagy van tervezve, hogy egyes\u00edtse a term\u00e9szet erej\u00e9t \u00e9s a tudom\u00e1nyt a t\u00f6k\u00e9letes relax\u00e1ci\u00f3 \u00e9rdek\u00e9ben. Haszn\u00e1lata seg\u00edti a stressz cs\u00f6kken\u00e9s\u00e9t, a fesz\u00fclts\u00e9g old\u00f3d\u00e1s\u00e1t \u00e9s a teljes testi-lelki meg\u00fajul\u00e1st.<\/p>\n<p>\u00d6sszetev\u0151i: rizsolaj, sz\u0151l\u0151magolaj, \u00e9desmandula olaj, andiroba olaj, \u00e9desnarancs ill\u00f3olaj, levendula ill\u00f3olaj, csillag\u00e1nizs ill\u00f3olaj, kubeba bors ill\u00f3olaj, e vitamin.<\/p>\n<p>A rizsolaj m\u00e9lyen hidrat\u00e1lja \u00e9s t\u00e1pl\u00e1lja a b\u0151rt, mik\u00f6zben seg\u00edt cs\u00f6kkenteni az irrit\u00e1ci\u00f3t \u00e9s gyullad\u00e1st.<\/p>\n<p>A sz\u0151l\u0151magolaj gazdag antioxid\u00e1nsokban, amelyek seg\u00edtenek megv\u00e9deni a b\u0151rt a k\u00e1ros k\u00f6rnyezeti hat\u00e1sokt\u00f3l, \u00e9s el\u0151seg\u00edtik a regener\u00e1ci\u00f3t.<\/p>\n<p>Az \u00e9desmandula olaj b\u0151rpuh\u00edt\u00f3 hat\u00e1s\u00e1val k\u00e9nyezteti a b\u0151rt, mik\u00f6zben a andiroba olaj m\u00e9lyen hidrat\u00e1l, \u00e9s seg\u00edt enyh\u00edteni az izomfesz\u00fclts\u00e9get.<\/p>\n<p>Az \u00e9desnarancs ill\u00f3olaj kellemesen friss \u00e9s relax\u00e1l\u00f3 illata fel\u00fcd\u00edti az elm\u00e9t.<\/p>\n<p>A levendula ill\u00f3olaj nyugtat\u00f3 hat\u00e1sa r\u00e9v\u00e9n seg\u00edt ellazulni \u00e9s cs\u00f6kkenti a stresszt.<\/p>\n<p>A csillag\u00e1nizs ill\u00f3olaj m\u00e9lyrehat\u00f3an relax\u00e1l\u00f3 hat\u00e1sa mellett seg\u00edt enyh\u00edteni az idegess\u00e9get \u00e9s a fesz\u00fclts\u00e9get.<\/p>\n<p>A kubeba bors ill\u00f3olaj meleg\u00edt\u0151 tulajdons\u00e1gai r\u00e9v\u00e9n laz\u00edtja az izmokat \u00e9s seg\u00edt oldani a testi fesz\u00fclts\u00e9get.<\/p>\n<p>Az E-vitamin pedig v\u00e9di \u00e9s t\u00e1pl\u00e1lja a b\u0151rt, el\u0151seg\u00edtve annak eg\u00e9szs\u00e9ges megjelen\u00e9s\u00e9t.<\/p>\n<p>&nbsp;<\/p>\n<p>e 100 ml<\/p>","protected":false},"excerpt":{"rendered":"<p>Haszn\u00e1lata seg\u00edti a stressz cs\u00f6kken\u00e9s\u00e9t, a fesz\u00fclts\u00e9g old\u00f3d\u00e1s\u00e1t \u00e9s a teljes testi-lelki meg\u00fajul\u00e1st.<\/p>","protected":false},"featured_media":6489,"comment_status":"open","ping_status":"closed","template":"","meta":[],"product_brand":[],"product_cat":[32,42,15],"product_tag":[],"class_list":{"0":"post-4134","1":"product","2":"type-product","3":"status-publish","4":"has-post-thumbnail","6":"product_cat-testapolas","7":"product_cat-ferfiaknak","8":"product_cat-egyeb","10":"first","11":"instock","12":"shipping-taxable","13":"purchasable","14":"product-type-simple"},"yoast_head":"<!-- This site is optimized with the Yoast SEO plugin v27.4 - https:\/\/yoast.com\/product\/yoast-seo-wordpress\/ -->\n<title>Relax\u00e1l\u00f3 massz\u00e1zsolaj sz\u0151l\u0151magolajjal - Binaturalproducts<\/title>\n<meta name=\"robots\" content=\"index, follow, max-snippet:-1, max-image-preview:large, max-video-preview:-1\" \/>\n<link rel=\"canonical\" href=\"https:\/\/binaturalproducts.com\/ro\/produs\/ulei-masaj-relaxant-cu-ulei-de-struguri\/\" \/>\n<meta property=\"og:locale\" content=\"ro_RO\" \/>\n<meta property=\"og:type\" content=\"article\" \/>\n<meta property=\"og:title\" content=\"Relax\u00e1l\u00f3 massz\u00e1zsolaj sz\u0151l\u0151magolajjal - Binaturalproducts\" \/>\n<meta property=\"og:description\" content=\"Haszn\u00e1lata seg\u00edti a stressz cs\u00f6kken\u00e9s\u00e9t, a fesz\u00fclts\u00e9g old\u00f3d\u00e1s\u00e1t \u00e9s a teljes testi-lelki meg\u00fajul\u00e1st.\" \/>\n<meta property=\"og:url\" content=\"https:\/\/binaturalproducts.com\/ro\/produs\/ulei-masaj-relaxant-cu-ulei-de-struguri\/\" \/>\n<meta property=\"og:site_name\" content=\"Binaturalproducts\" \/>\n<meta property=\"article:modified_time\" content=\"2025-10-30T14:13:06+00:00\" \/>\n<meta property=\"og:image\" content=\"https:\/\/binaturalproducts.com\/wp-content\/uploads\/2023\/08\/1000019056-1.jpg\" \/>\n\t<meta property=\"og:image:width\" content=\"2168\" \/>\n\t<meta property=\"og:image:height\" content=\"2256\" \/>\n\t<meta property=\"og:image:type\" content=\"image\/jpeg\" \/>\n<meta name=\"twitter:card\" content=\"summary_large_image\" \/>\n<meta name=\"twitter:label1\" content=\"Timp estimat pentru citire\" \/>\n\t<meta name=\"twitter:data1\" content=\"2 minute\" \/>\n<script type=\"application\/ld+json\" class=\"yoast-schema-graph\">{\"@context\":\"https:\\\/\\\/schema.org\",\"@graph\":[{\"@type\":\"WebPage\",\"@id\":\"https:\\\/\\\/binaturalproducts.com\\\/termek\\\/relaxalo-masszazsolaj-szolomagolajjal\\\/\",\"url\":\"https:\\\/\\\/binaturalproducts.com\\\/termek\\\/relaxalo-masszazsolaj-szolomagolajjal\\\/\",\"name\":\"Relax\u00e1l\u00f3 massz\u00e1zsolaj sz\u0151l\u0151magolajjal - Binaturalproducts\",\"isPartOf\":{\"@id\":\"https:\\\/\\\/binaturalproducts.com\\\/#website\"},\"primaryImageOfPage\":{\"@id\":\"https:\\\/\\\/binaturalproducts.com\\\/termek\\\/relaxalo-masszazsolaj-szolomagolajjal\\\/#primaryimage\"},\"image\":{\"@id\":\"https:\\\/\\\/binaturalproducts.com\\\/termek\\\/relaxalo-masszazsolaj-szolomagolajjal\\\/#primaryimage\"},\"thumbnailUrl\":\"https:\\\/\\\/binaturalproducts.com\\\/wp-content\\\/uploads\\\/2023\\\/08\\\/1000019056-1.jpg\",\"datePublished\":\"2023-08-14T20:25:33+00:00\",\"dateModified\":\"2025-10-30T14:13:06+00:00\",\"breadcrumb\":{\"@id\":\"https:\\\/\\\/binaturalproducts.com\\\/termek\\\/relaxalo-masszazsolaj-szolomagolajjal\\\/#breadcrumb\"},\"inLanguage\":\"ro-RO\",\"potentialAction\":[{\"@type\":\"ReadAction\",\"target\":[\"https:\\\/\\\/binaturalproducts.com\\\/termek\\\/relaxalo-masszazsolaj-szolomagolajjal\\\/\"]}]},{\"@type\":\"ImageObject\",\"inLanguage\":\"ro-RO\",\"@id\":\"https:\\\/\\\/binaturalproducts.com\\\/termek\\\/relaxalo-masszazsolaj-szolomagolajjal\\\/#primaryimage\",\"url\":\"https:\\\/\\\/binaturalproducts.com\\\/wp-content\\\/uploads\\\/2023\\\/08\\\/1000019056-1.jpg\",\"contentUrl\":\"https:\\\/\\\/binaturalproducts.com\\\/wp-content\\\/uploads\\\/2023\\\/08\\\/1000019056-1.jpg\",\"width\":2168,\"height\":2256},{\"@type\":\"BreadcrumbList\",\"@id\":\"https:\\\/\\\/binaturalproducts.com\\\/termek\\\/relaxalo-masszazsolaj-szolomagolajjal\\\/#breadcrumb\",\"itemListElement\":[{\"@type\":\"ListItem\",\"position\":1,\"name\":\"Kezd\u0151lap\",\"item\":\"https:\\\/\\\/binaturalproducts.com\\\/\"},{\"@type\":\"ListItem\",\"position\":2,\"name\":\"\u00dczlet\",\"item\":\"https:\\\/\\\/binaturalproducts.com\\\/uzlet\\\/\"},{\"@type\":\"ListItem\",\"position\":3,\"name\":\"Relax\u00e1l\u00f3 massz\u00e1zsolaj sz\u0151l\u0151magolajjal\"}]},{\"@type\":\"WebSite\",\"@id\":\"https:\\\/\\\/binaturalproducts.com\\\/#website\",\"url\":\"https:\\\/\\\/binaturalproducts.com\\\/\",\"name\":\"Binaturalproducts\",\"description\":\"Nat\u00far term\u00e9kek Erd\u00e9ly sz\u00edv\u00e9b\u0151l\",\"potentialAction\":[{\"@type\":\"SearchAction\",\"target\":{\"@type\":\"EntryPoint\",\"urlTemplate\":\"https:\\\/\\\/binaturalproducts.com\\\/?s={search_term_string}\"},\"query-input\":{\"@type\":\"PropertyValueSpecification\",\"valueRequired\":true,\"valueName\":\"search_term_string\"}}],\"inLanguage\":\"ro-RO\"}]}<\/script>\n<!-- \/ Yoast SEO plugin. -->","yoast_head_json":{"title":"Relax\u00e1l\u00f3 massz\u00e1zsolaj sz\u0151l\u0151magolajjal - Binaturalproducts","robots":{"index":"index","follow":"follow","max-snippet":"max-snippet:-1","max-image-preview":"max-image-preview:large","max-video-preview":"max-video-preview:-1"},"canonical":"https:\/\/binaturalproducts.com\/ro\/produs\/ulei-masaj-relaxant-cu-ulei-de-struguri\/","og_locale":"ro_RO","og_type":"article","og_title":"Relax\u00e1l\u00f3 massz\u00e1zsolaj sz\u0151l\u0151magolajjal - Binaturalproducts","og_description":"Haszn\u00e1lata seg\u00edti a stressz cs\u00f6kken\u00e9s\u00e9t, a fesz\u00fclts\u00e9g old\u00f3d\u00e1s\u00e1t \u00e9s a teljes testi-lelki meg\u00fajul\u00e1st.","og_url":"https:\/\/binaturalproducts.com\/ro\/produs\/ulei-masaj-relaxant-cu-ulei-de-struguri\/","og_site_name":"Binaturalproducts","article_modified_time":"2025-10-30T14:13:06+00:00","og_image":[{"width":2168,"height":2256,"url":"https:\/\/binaturalproducts.com\/wp-content\/uploads\/2023\/08\/1000019056-1.jpg","type":"image\/jpeg"}],"twitter_card":"summary_large_image","twitter_misc":{"Timp estimat pentru citire":"2 minute"},"schema":{"@context":"https:\/\/schema.org","@graph":[{"@type":"WebPage","@id":"https:\/\/binaturalproducts.com\/termek\/relaxalo-masszazsolaj-szolomagolajjal\/","url":"https:\/\/binaturalproducts.com\/termek\/relaxalo-masszazsolaj-szolomagolajjal\/","name":"Relax\u00e1l\u00f3 massz\u00e1zsolaj sz\u0151l\u0151magolajjal - Binaturalproducts","isPartOf":{"@id":"https:\/\/binaturalproducts.com\/#website"},"primaryImageOfPage":{"@id":"https:\/\/binaturalproducts.com\/termek\/relaxalo-masszazsolaj-szolomagolajjal\/#primaryimage"},"image":{"@id":"https:\/\/binaturalproducts.com\/termek\/relaxalo-masszazsolaj-szolomagolajjal\/#primaryimage"},"thumbnailUrl":"https:\/\/binaturalproducts.com\/wp-content\/uploads\/2023\/08\/1000019056-1.jpg","datePublished":"2023-08-14T20:25:33+00:00","dateModified":"2025-10-30T14:13:06+00:00","breadcrumb":{"@id":"https:\/\/binaturalproducts.com\/termek\/relaxalo-masszazsolaj-szolomagolajjal\/#breadcrumb"},"inLanguage":"ro-RO","potentialAction":[{"@type":"ReadAction","target":["https:\/\/binaturalproducts.com\/termek\/relaxalo-masszazsolaj-szolomagolajjal\/"]}]},{"@type":"ImageObject","inLanguage":"ro-RO","@id":"https:\/\/binaturalproducts.com\/termek\/relaxalo-masszazsolaj-szolomagolajjal\/#primaryimage","url":"https:\/\/binaturalproducts.com\/wp-content\/uploads\/2023\/08\/1000019056-1.jpg","contentUrl":"https:\/\/binaturalproducts.com\/wp-content\/uploads\/2023\/08\/1000019056-1.jpg","width":2168,"height":2256},{"@type":"BreadcrumbList","@id":"https:\/\/binaturalproducts.com\/termek\/relaxalo-masszazsolaj-szolomagolajjal\/#breadcrumb","itemListElement":[{"@type":"ListItem","position":1,"name":"Kezd\u0151lap","item":"https:\/\/binaturalproducts.com\/"},{"@type":"ListItem","position":2,"name":"\u00dczlet","item":"https:\/\/binaturalproducts.com\/uzlet\/"},{"@type":"ListItem","position":3,"name":"Relax\u00e1l\u00f3 massz\u00e1zsolaj sz\u0151l\u0151magolajjal"}]},{"@type":"WebSite","@id":"https:\/\/binaturalproducts.com\/#website","url":"https:\/\/binaturalproducts.com\/","name":"Binaturalproducts","description":"PRODUSE NATURALE DIN INIMA TRANSILVANIEI","potentialAction":[{"@type":"SearchAction","target":{"@type":"EntryPoint","urlTemplate":"https:\/\/binaturalproducts.com\/?s={search_term_string}"},"query-input":{"@type":"PropertyValueSpecification","valueRequired":true,"valueName":"search_term_string"}}],"inLanguage":"ro-RO"}]}},"_links":{"self":[{"href":"https:\/\/binaturalproducts.com\/ro\/wp-json\/wp\/v2\/product\/4134","targetHints":{"allow":["GET"]}}],"collection":[{"href":"https:\/\/binaturalproducts.com\/ro\/wp-json\/wp\/v2\/product"}],"about":[{"href":"https:\/\/binaturalproducts.com\/ro\/wp-json\/wp\/v2\/types\/product"}],"replies":[{"embeddable":true,"href":"https:\/\/binaturalproducts.com\/ro\/wp-json\/wp\/v2\/comments?post=4134"}],"wp:featuredmedia":[{"embeddable":true,"href":"https:\/\/binaturalproducts.com\/ro\/wp-json\/wp\/v2\/media\/6489"}],"wp:attachment":[{"href":"https:\/\/binaturalproducts.com\/ro\/wp-json\/wp\/v2\/media?parent=4134"}],"wp:term":[{"taxonomy":"product_brand","embeddable":true,"href":"https:\/\/binaturalproducts.com\/ro\/wp-json\/wp\/v2\/product_brand?post=4134"},{"taxonomy":"product_cat","embeddable":true,"href":"https:\/\/binaturalproducts.com\/ro\/wp-json\/wp\/v2\/product_cat?post=4134"},{"taxonomy":"product_tag","embeddable":true,"href":"https:\/\/binaturalproducts.com\/ro\/wp-json\/wp\/v2\/product_tag?post=4134"}],"curies":[{"name":"wp","href":"https:\/\/api.w.org\/{rel}","templated":true}]}}