{"id":412,"date":"2021-09-20T21:23:24","date_gmt":"2021-09-20T19:23:24","guid":{"rendered":"https:\/\/binaturalproducts.com\/?post_type=product&#038;p=412"},"modified":"2026-04-25T19:17:24","modified_gmt":"2026-04-25T17:17:24","slug":"mango-magic-bloc-de-sampon-natural-pentru-hranire-si-intarire-a-parului","status":"publish","type":"product","link":"https:\/\/binaturalproducts.com\/ro\/produs\/mango-magic-bloc-de-sampon-natural-pentru-hranire-si-intarire-a-parului\/","title":{"rendered":"Farmec de mango \u2013 \u0218ampon natural fortifiant \u0219i nutritiv\/ pentru p\u0103r normal sau uscat"},"content":{"rendered":"<div class=\"kvgmc6g5 cxmmr5t8 oygrvhab hcukyx3x c1et5uql ii04i59q\">\n<div dir=\"auto\">\n<p><strong>\u0218ampon natural fortifiant \u0219i nutritiv\/ pentru p\u0103r normal sau uscat<\/strong><\/p>\n<p><img loading=\"lazy\" decoding=\"async\" class=\"alignnone wp-image-475\" src=\"https:\/\/binaturalproducts.com\/wp-content\/uploads\/2021\/11\/Nevtelen-terv-4-2-300x169.png\" alt=\"\" width=\"327\" height=\"184\" srcset=\"https:\/\/binaturalproducts.com\/wp-content\/uploads\/2021\/11\/Nevtelen-terv-4-2-300x169.png 300w, https:\/\/binaturalproducts.com\/wp-content\/uploads\/2021\/11\/Nevtelen-terv-4-2-1024x577.png 1024w, https:\/\/binaturalproducts.com\/wp-content\/uploads\/2021\/11\/Nevtelen-terv-4-2-768x433.png 768w, https:\/\/binaturalproducts.com\/wp-content\/uploads\/2021\/11\/Nevtelen-terv-4-2-1536x865.png 1536w, https:\/\/binaturalproducts.com\/wp-content\/uploads\/2021\/11\/Nevtelen-terv-4-2-18x10.png 18w, https:\/\/binaturalproducts.com\/wp-content\/uploads\/2021\/11\/Nevtelen-terv-4-2-600x338.png 600w, https:\/\/binaturalproducts.com\/wp-content\/uploads\/2021\/11\/Nevtelen-terv-4-2.png 1640w\" sizes=\"auto, (max-width: 327px) 100vw, 327px\" \/><\/p>\n<\/div>\n<\/div>\n<div dir=\"auto\"><\/div>\n<div class=\"o9v6fnle cxmmr5t8 oygrvhab hcukyx3x c1et5uql ii04i59q\">\n<div dir=\"auto\"><span class=\"pq6dq46d tbxw36s4 knj5qynh kvgmc6g5 ditlmg2l oygrvhab nvdbi5me sf5mxxl7 gl3lb2sf hhz5lgdu\"><img loading=\"lazy\" decoding=\"async\" src=\"https:\/\/static.xx.fbcdn.net\/images\/emoji.php\/v9\/t51\/1\/16\/2714.png\" alt=\"\u2714\ufe0f\" width=\"16\" height=\"16\" \/> <\/span>\u0218ampon solid bun spumant cu uleiuri esentiale de rozmarin, salvie \u0219i arbore de ceai. <span class=\"pq6dq46d tbxw36s4 knj5qynh kvgmc6g5 ditlmg2l oygrvhab nvdbi5me sf5mxxl7 gl3lb2sf hhz5lgdu\"><img loading=\"lazy\" decoding=\"async\" src=\"https:\/\/static.xx.fbcdn.net\/images\/emoji.php\/v9\/t1e\/1\/16\/1f33f.png\" alt=\"\ud83c\udf3f\" width=\"16\" height=\"16\" \/><\/span> .<\/div>\n<div dir=\"auto\"><span class=\"pq6dq46d tbxw36s4 knj5qynh kvgmc6g5 ditlmg2l oygrvhab nvdbi5me sf5mxxl7 gl3lb2sf hhz5lgdu\"><img loading=\"lazy\" decoding=\"async\" src=\"https:\/\/static.xx.fbcdn.net\/images\/emoji.php\/v9\/t51\/1\/16\/2714.png\" alt=\"\u2714\ufe0f\" width=\"16\" height=\"16\" \/> <\/span>Cur\u0103\u021b\u0103 bine f\u0103r\u0103 a usca scalpul \u0219i are un efect de condi\u021bionare datorit\u0103 keratinei (proteine de gr\u00e2u hidrolizate).<\/div>\n<\/div>\n<div class=\"o9v6fnle cxmmr5t8 oygrvhab hcukyx3x c1et5uql ii04i59q\">\n<div dir=\"auto\">\n<div dir=\"auto\"><span class=\"pq6dq46d tbxw36s4 knj5qynh kvgmc6g5 ditlmg2l oygrvhab nvdbi5me sf5mxxl7 gl3lb2sf hhz5lgdu\"><img loading=\"lazy\" decoding=\"async\" src=\"https:\/\/static.xx.fbcdn.net\/images\/emoji.php\/v9\/t51\/1\/16\/2714.png\" alt=\"\u2714\ufe0f\" width=\"16\" height=\"16\" \/><\/span> Este potrivit \u00een special pentru tratarea p\u0103rului uscat, cre\u021b \u0219i mat, deoarece con\u021bine unturi \nvegetale \u0219i ingrediente active valoroase. Culoarea maro este dat\u0103 de m\u0103cin\u0103tura de\nagri\u0219\u0103 indian\u0103.<\/div>\n<div dir=\"auto\">Fructele de agri\u0219\u0103 uscat\u0103 \u0219i m\u0103cinat\u0103 \u00een pudr\u0103 fin\u0103 are un efect benefic asupra p\u0103rului \u0219i scalpului: este nutritiv, cu efect balsamic, \u00eenvioreaz\u0103 \u0219i \u00eembog\u0103\u021be\u0219te, sus\u021bine cre\u0219terea p\u0103rului prin stimularea bulbului pilos, previne unele infec\u021bii, \u021bine sub control apari\u021bia timpurie a p\u0103rului c\u0103runt, \u0219i con\u021bine mari cantit\u0103\u021bi de vitamina C.<\/div>\n<div dir=\"auto\">\n<p>\u0218amponul solid con\u021bine \u0219i ulei de cocos extravirgin, care hr\u0103ne\u0219te \u0219i neteze\u0219te firele de p\u0103r, protejeaz\u0103 p\u0103rul de deshidratare \u0219i de ac\u021biunea factorilor de mediu.<\/p>\n<\/div>\n<div dir=\"auto\">\n<p><img loading=\"lazy\" decoding=\"async\" class=\"alignnone size-medium wp-image-277\" src=\"https:\/\/binaturalproducts.com\/wp-content\/uploads\/2021\/08\/Nevtelen-terv-13-1-300x213.png\" alt=\"\" width=\"300\" height=\"213\" srcset=\"https:\/\/binaturalproducts.com\/wp-content\/uploads\/2021\/08\/Nevtelen-terv-13-1-300x213.png 300w, https:\/\/binaturalproducts.com\/wp-content\/uploads\/2021\/08\/Nevtelen-terv-13-1-1024x726.png 1024w, https:\/\/binaturalproducts.com\/wp-content\/uploads\/2021\/08\/Nevtelen-terv-13-1-768x545.png 768w, https:\/\/binaturalproducts.com\/wp-content\/uploads\/2021\/08\/Nevtelen-terv-13-1-1536x1090.png 1536w, https:\/\/binaturalproducts.com\/wp-content\/uploads\/2021\/08\/Nevtelen-terv-13-1-600x426.png 600w, https:\/\/binaturalproducts.com\/wp-content\/uploads\/2021\/08\/Nevtelen-terv-13-1.png 1748w\" sizes=\"auto, (max-width: 300px) 100vw, 300px\" \/><\/p>\n<\/div>\n<div dir=\"auto\">\n<p><span class=\"pq6dq46d tbxw36s4 knj5qynh kvgmc6g5 ditlmg2l oygrvhab nvdbi5me sf5mxxl7 gl3lb2sf hhz5lgdu\"><img loading=\"lazy\" decoding=\"async\" src=\"https:\/\/static.xx.fbcdn.net\/images\/emoji.php\/v9\/t69\/1\/16\/1f331.png\" alt=\"\ud83c\udf31\" width=\"16\" height=\"16\" \/>\u00a0 \u00cen cazul p\u0103rului uscat \u0219amponul nostru Farmec de mango are un efect benefic asupra apari\u021biei m\u0103tre\u021bii de pe scalp. Totodat\u0103 ajut\u0103 la tratarea c\u0103derii p\u0103rului \u0219i stimuleaz\u0103 cre\u0219terea p\u0103rului.<\/span><\/p>\n<p><img loading=\"lazy\" decoding=\"async\" class=\"alignnone size-medium wp-image-273\" src=\"https:\/\/binaturalproducts.com\/wp-content\/uploads\/2021\/08\/Nevtelen-terv-8-1-300x213.png\" alt=\"\" width=\"300\" height=\"213\" srcset=\"https:\/\/binaturalproducts.com\/wp-content\/uploads\/2021\/08\/Nevtelen-terv-8-1-300x213.png 300w, https:\/\/binaturalproducts.com\/wp-content\/uploads\/2021\/08\/Nevtelen-terv-8-1-1024x726.png 1024w, https:\/\/binaturalproducts.com\/wp-content\/uploads\/2021\/08\/Nevtelen-terv-8-1-768x545.png 768w, https:\/\/binaturalproducts.com\/wp-content\/uploads\/2021\/08\/Nevtelen-terv-8-1-1536x1090.png 1536w, https:\/\/binaturalproducts.com\/wp-content\/uploads\/2021\/08\/Nevtelen-terv-8-1-600x426.png 600w, https:\/\/binaturalproducts.com\/wp-content\/uploads\/2021\/08\/Nevtelen-terv-8-1.png 1748w\" sizes=\"auto, (max-width: 300px) 100vw, 300px\" \/><\/p>\n<\/div>\n<div dir=\"auto\"><\/div>\n<\/div>\n<div dir=\"auto\">\n<div class=\"elementor-element elementor-element-7b37cb3 elementor-widget elementor-widget-woocommerce-product-short-description\" data-id=\"7b37cb3\" data-element_type=\"widget\" data-widget_type=\"woocommerce-product-short-description.default\">\n<div class=\"elementor-widget-container\">\n<div dir=\"auto\">\n<p><b>Ingrediente principale:<\/b> tensid\u0103 cocos, unt de mango, unt de shea, ulei de cocos, ulei de ricin, keratin\u0103, pudr\u0103 de amla.<\/p>\n<\/div>\n<\/div>\n<\/div>\n<div class=\"elementor-element elementor-element-7b37cb3 elementor-widget elementor-widget-woocommerce-product-short-description\" data-id=\"7b37cb3\" data-element_type=\"widget\" data-widget_type=\"woocommerce-product-short-description.default\">\n<div class=\"elementor-widget-container\">\n<div class=\"woocommerce-product-details__short-description\">\n<div class=\"o9v6fnle cxmmr5t8 oygrvhab hcukyx3x c1et5uql ii04i59q\">\n<div dir=\"auto\"><strong>Mod de folosire:<\/strong><\/div>\n<div dir=\"auto\">Freca\u021bi \u0219amponul solid pe p\u0103rul umed. Folosi\u021bi degetele pentru a face spum\u0103 pe p\u0103r, se va forma o spum\u0103 bogat\u0103, a\u0219tepta\u021bi c\u00e2teva minute \u0219i cl\u0103ti\u021bi bine. Repeta\u021bi dac\u0103 este necesar. Datorit\u0103 pH-ului s\u0103u prietenos cu pielea, nu este necesar  cl\u0103tirea cu o\u021bet.  Balsamul de p\u0103r poate fi aplicat ulterior, dup\u0103 caz.<\/div>\n<div dir=\"auto\"><\/div>\n<\/div>\n<div class=\"o9v6fnle cxmmr5t8 oygrvhab hcukyx3x c1et5uql ii04i59q\">\n<div dir=\"auto\"><strong><span class=\"pq6dq46d tbxw36s4 knj5qynh kvgmc6g5 ditlmg2l oygrvhab nvdbi5me sf5mxxl7 gl3lb2sf hhz5lgdu\">Depozitare:<\/span><\/strong><\/div>\n<div dir=\"auto\">\n<div>P\u0103stra\u021bi \u0219amponul pe savoniera cu gr\u0103tar, pentru a prelungi durat\u0103 de viata a acestuia.<\/div>\n<\/div>\n<div dir=\"auto\">Cantitatea \u0219amponului maxi  85 g+\/ -10g =  3-4 flacoane de 250 ml de \u0219ampon<\/div>\n<div dir=\"auto\"><\/div>\n<\/div>\n<div dir=\"auto\">\n<p><strong>NU con\u021bine:<\/strong><\/p>\n<ul>\n<li>parabeni, EDTA, coloran\u0163i, PEG sau al\u0163i deriva\u0163i din petrol<\/li>\n<li>deriva\u021bi de silicon<\/li>\n<li>conservan\u0163i<\/li>\n<li>ingrediente de origine animal\u0103,<\/li>\n<li>ingrediente care au fost testate pe animale,<\/li>\n<li>Sodium Laureth\/Lauryl Sulfate<\/li>\n<\/ul>\n<p>Disponibil \u00een dou\u0103 dimensiuni: mic \u0219i mare.<\/p>\n<p>Ambalaje 100% compostabile<\/p>\n<\/div>\n<\/div>\n<\/div>\n<\/div>\n<\/div>\n<\/div>","protected":false},"excerpt":{"rendered":"<p>\u0218ampon natural fortifiant \u0219i nutritiv\/ pentru p\u0103r normal sau uscat<\/p>","protected":false},"featured_media":3279,"comment_status":"open","ping_status":"closed","template":"","meta":[],"product_brand":[],"product_cat":[45,21],"product_tag":[],"class_list":{"0":"post-412","1":"product","2":"type-product","3":"status-publish","4":"has-post-thumbnail","6":"product_cat-osszes","7":"product_cat-hajapolas","9":"first","10":"instock","11":"shipping-taxable","12":"purchasable","13":"product-type-simple"},"yoast_head":"<!-- This site is optimized with the Yoast SEO plugin v27.4 - https:\/\/yoast.com\/product\/yoast-seo-wordpress\/ -->\n<title>Mang\u00f3 var\u00e1zs - Nat\u00far t\u00e1pl\u00e1l\u00f3 \u00e9s hajer\u0151s\u00edt\u0151 sampont\u00f6mb - Binaturalproducts<\/title>\n<meta name=\"description\" content=\"Nat\u00far t\u00e1pl\u00e1l\u00f3 \u00e9s hajer\u0151s\u00edt\u0151 sampont\u00f6mb\/ sz\u00e1raz vagy norm\u00e1l hajra\" \/>\n<meta name=\"robots\" content=\"index, follow, max-snippet:-1, max-image-preview:large, max-video-preview:-1\" \/>\n<link rel=\"canonical\" href=\"https:\/\/binaturalproducts.com\/ro\/produs\/mango-magic-bloc-de-sampon-natural-pentru-hranire-si-intarire-a-parului\/\" \/>\n<meta property=\"og:locale\" content=\"ro_RO\" \/>\n<meta property=\"og:type\" content=\"article\" \/>\n<meta property=\"og:title\" content=\"Mang\u00f3 var\u00e1zs - Nat\u00far t\u00e1pl\u00e1l\u00f3 \u00e9s hajer\u0151s\u00edt\u0151 sampont\u00f6mb - Binaturalproducts\" \/>\n<meta property=\"og:description\" content=\"Nat\u00far t\u00e1pl\u00e1l\u00f3 \u00e9s hajer\u0151s\u00edt\u0151 sampont\u00f6mb\/ sz\u00e1raz vagy norm\u00e1l hajra\" \/>\n<meta property=\"og:url\" content=\"https:\/\/binaturalproducts.com\/ro\/produs\/mango-magic-bloc-de-sampon-natural-pentru-hranire-si-intarire-a-parului\/\" \/>\n<meta property=\"og:site_name\" content=\"Binaturalproducts\" \/>\n<meta property=\"article:modified_time\" content=\"2026-04-25T17:17:24+00:00\" \/>\n<meta property=\"og:image\" content=\"https:\/\/binaturalproducts.com\/wp-content\/uploads\/2021\/09\/1682009181882-PhotoRoom-1-1-e1682010142527.jpg\" \/>\n\t<meta property=\"og:image:width\" content=\"1920\" \/>\n\t<meta property=\"og:image:height\" content=\"1233\" \/>\n\t<meta property=\"og:image:type\" content=\"image\/jpeg\" \/>\n<meta name=\"twitter:card\" content=\"summary_large_image\" \/>\n<meta name=\"twitter:label1\" content=\"Timp estimat pentru citire\" \/>\n\t<meta name=\"twitter:data1\" content=\"4 minute\" \/>\n<script type=\"application\/ld+json\" class=\"yoast-schema-graph\">{\"@context\":\"https:\\\/\\\/schema.org\",\"@graph\":[{\"@type\":\"WebPage\",\"@id\":\"https:\\\/\\\/binaturalproducts.com\\\/termek\\\/mango-varazs-natur-taplalo-es-hajerosito-sampontomb-szaraz-vagy-normal-hajra\\\/\",\"url\":\"https:\\\/\\\/binaturalproducts.com\\\/termek\\\/mango-varazs-natur-taplalo-es-hajerosito-sampontomb-szaraz-vagy-normal-hajra\\\/\",\"name\":\"Mang\u00f3 var\u00e1zs - Nat\u00far t\u00e1pl\u00e1l\u00f3 \u00e9s hajer\u0151s\u00edt\u0151 sampont\u00f6mb - Binaturalproducts\",\"isPartOf\":{\"@id\":\"https:\\\/\\\/binaturalproducts.com\\\/#website\"},\"primaryImageOfPage\":{\"@id\":\"https:\\\/\\\/binaturalproducts.com\\\/termek\\\/mango-varazs-natur-taplalo-es-hajerosito-sampontomb-szaraz-vagy-normal-hajra\\\/#primaryimage\"},\"image\":{\"@id\":\"https:\\\/\\\/binaturalproducts.com\\\/termek\\\/mango-varazs-natur-taplalo-es-hajerosito-sampontomb-szaraz-vagy-normal-hajra\\\/#primaryimage\"},\"thumbnailUrl\":\"https:\\\/\\\/binaturalproducts.com\\\/wp-content\\\/uploads\\\/2021\\\/09\\\/1682009181882-PhotoRoom-1-1-e1682010142527.jpg\",\"datePublished\":\"2021-09-20T19:23:24+00:00\",\"dateModified\":\"2026-04-25T17:17:24+00:00\",\"description\":\"Nat\u00far t\u00e1pl\u00e1l\u00f3 \u00e9s hajer\u0151s\u00edt\u0151 sampont\u00f6mb\\\/ sz\u00e1raz vagy norm\u00e1l hajra\",\"breadcrumb\":{\"@id\":\"https:\\\/\\\/binaturalproducts.com\\\/termek\\\/mango-varazs-natur-taplalo-es-hajerosito-sampontomb-szaraz-vagy-normal-hajra\\\/#breadcrumb\"},\"inLanguage\":\"ro-RO\",\"potentialAction\":[{\"@type\":\"ReadAction\",\"target\":[\"https:\\\/\\\/binaturalproducts.com\\\/termek\\\/mango-varazs-natur-taplalo-es-hajerosito-sampontomb-szaraz-vagy-normal-hajra\\\/\"]}]},{\"@type\":\"ImageObject\",\"inLanguage\":\"ro-RO\",\"@id\":\"https:\\\/\\\/binaturalproducts.com\\\/termek\\\/mango-varazs-natur-taplalo-es-hajerosito-sampontomb-szaraz-vagy-normal-hajra\\\/#primaryimage\",\"url\":\"https:\\\/\\\/binaturalproducts.com\\\/wp-content\\\/uploads\\\/2021\\\/09\\\/1682009181882-PhotoRoom-1-1-e1682010142527.jpg\",\"contentUrl\":\"https:\\\/\\\/binaturalproducts.com\\\/wp-content\\\/uploads\\\/2021\\\/09\\\/1682009181882-PhotoRoom-1-1-e1682010142527.jpg\",\"width\":1920,\"height\":1233},{\"@type\":\"BreadcrumbList\",\"@id\":\"https:\\\/\\\/binaturalproducts.com\\\/termek\\\/mango-varazs-natur-taplalo-es-hajerosito-sampontomb-szaraz-vagy-normal-hajra\\\/#breadcrumb\",\"itemListElement\":[{\"@type\":\"ListItem\",\"position\":1,\"name\":\"Kezd\u0151lap\",\"item\":\"https:\\\/\\\/binaturalproducts.com\\\/\"},{\"@type\":\"ListItem\",\"position\":2,\"name\":\"\u00dczlet\",\"item\":\"https:\\\/\\\/binaturalproducts.com\\\/uzlet\\\/\"},{\"@type\":\"ListItem\",\"position\":3,\"name\":\"Mang\u00f3 var\u00e1zs - Nat\u00far t\u00e1pl\u00e1l\u00f3 \u00e9s hajer\u0151s\u00edt\u0151 sampont\u00f6mb\"}]},{\"@type\":\"WebSite\",\"@id\":\"https:\\\/\\\/binaturalproducts.com\\\/#website\",\"url\":\"https:\\\/\\\/binaturalproducts.com\\\/\",\"name\":\"Binaturalproducts\",\"description\":\"Nat\u00far term\u00e9kek Erd\u00e9ly sz\u00edv\u00e9b\u0151l\",\"potentialAction\":[{\"@type\":\"SearchAction\",\"target\":{\"@type\":\"EntryPoint\",\"urlTemplate\":\"https:\\\/\\\/binaturalproducts.com\\\/?s={search_term_string}\"},\"query-input\":{\"@type\":\"PropertyValueSpecification\",\"valueRequired\":true,\"valueName\":\"search_term_string\"}}],\"inLanguage\":\"ro-RO\"}]}<\/script>\n<!-- \/ Yoast SEO plugin. -->","yoast_head_json":{"title":"Mango magic - Bloc de \u0219ampon natural pentru hr\u0103nire \u0219i \u00eent\u0103rire a p\u0103rului - Binaturalproducts","description":"\u0218ampon natural fortifiant \u0219i nutritiv\/ pentru p\u0103r normal sau uscat","robots":{"index":"index","follow":"follow","max-snippet":"max-snippet:-1","max-image-preview":"max-image-preview:large","max-video-preview":"max-video-preview:-1"},"canonical":"https:\/\/binaturalproducts.com\/ro\/produs\/mango-magic-bloc-de-sampon-natural-pentru-hranire-si-intarire-a-parului\/","og_locale":"ro_RO","og_type":"article","og_title":"Mang\u00f3 var\u00e1zs - Nat\u00far t\u00e1pl\u00e1l\u00f3 \u00e9s hajer\u0151s\u00edt\u0151 sampont\u00f6mb - Binaturalproducts","og_description":"Nat\u00far t\u00e1pl\u00e1l\u00f3 \u00e9s hajer\u0151s\u00edt\u0151 sampont\u00f6mb\/ sz\u00e1raz vagy norm\u00e1l hajra","og_url":"https:\/\/binaturalproducts.com\/ro\/produs\/mango-magic-bloc-de-sampon-natural-pentru-hranire-si-intarire-a-parului\/","og_site_name":"Binaturalproducts","article_modified_time":"2026-04-25T17:17:24+00:00","og_image":[{"width":1920,"height":1233,"url":"https:\/\/binaturalproducts.com\/wp-content\/uploads\/2021\/09\/1682009181882-PhotoRoom-1-1-e1682010142527.jpg","type":"image\/jpeg"}],"twitter_card":"summary_large_image","twitter_misc":{"Timp estimat pentru citire":"4 minute"},"schema":{"@context":"https:\/\/schema.org","@graph":[{"@type":"WebPage","@id":"https:\/\/binaturalproducts.com\/termek\/mango-varazs-natur-taplalo-es-hajerosito-sampontomb-szaraz-vagy-normal-hajra\/","url":"https:\/\/binaturalproducts.com\/termek\/mango-varazs-natur-taplalo-es-hajerosito-sampontomb-szaraz-vagy-normal-hajra\/","name":"Mango magic - Bloc de \u0219ampon natural pentru hr\u0103nire \u0219i \u00eent\u0103rire a p\u0103rului - Binaturalproducts","isPartOf":{"@id":"https:\/\/binaturalproducts.com\/#website"},"primaryImageOfPage":{"@id":"https:\/\/binaturalproducts.com\/termek\/mango-varazs-natur-taplalo-es-hajerosito-sampontomb-szaraz-vagy-normal-hajra\/#primaryimage"},"image":{"@id":"https:\/\/binaturalproducts.com\/termek\/mango-varazs-natur-taplalo-es-hajerosito-sampontomb-szaraz-vagy-normal-hajra\/#primaryimage"},"thumbnailUrl":"https:\/\/binaturalproducts.com\/wp-content\/uploads\/2021\/09\/1682009181882-PhotoRoom-1-1-e1682010142527.jpg","datePublished":"2021-09-20T19:23:24+00:00","dateModified":"2026-04-25T17:17:24+00:00","description":"\u0218ampon natural fortifiant \u0219i nutritiv\/ pentru p\u0103r normal sau uscat","breadcrumb":{"@id":"https:\/\/binaturalproducts.com\/termek\/mango-varazs-natur-taplalo-es-hajerosito-sampontomb-szaraz-vagy-normal-hajra\/#breadcrumb"},"inLanguage":"ro-RO","potentialAction":[{"@type":"ReadAction","target":["https:\/\/binaturalproducts.com\/termek\/mango-varazs-natur-taplalo-es-hajerosito-sampontomb-szaraz-vagy-normal-hajra\/"]}]},{"@type":"ImageObject","inLanguage":"ro-RO","@id":"https:\/\/binaturalproducts.com\/termek\/mango-varazs-natur-taplalo-es-hajerosito-sampontomb-szaraz-vagy-normal-hajra\/#primaryimage","url":"https:\/\/binaturalproducts.com\/wp-content\/uploads\/2021\/09\/1682009181882-PhotoRoom-1-1-e1682010142527.jpg","contentUrl":"https:\/\/binaturalproducts.com\/wp-content\/uploads\/2021\/09\/1682009181882-PhotoRoom-1-1-e1682010142527.jpg","width":1920,"height":1233},{"@type":"BreadcrumbList","@id":"https:\/\/binaturalproducts.com\/termek\/mango-varazs-natur-taplalo-es-hajerosito-sampontomb-szaraz-vagy-normal-hajra\/#breadcrumb","itemListElement":[{"@type":"ListItem","position":1,"name":"Kezd\u0151lap","item":"https:\/\/binaturalproducts.com\/"},{"@type":"ListItem","position":2,"name":"\u00dczlet","item":"https:\/\/binaturalproducts.com\/uzlet\/"},{"@type":"ListItem","position":3,"name":"Mang\u00f3 var\u00e1zs - Nat\u00far t\u00e1pl\u00e1l\u00f3 \u00e9s hajer\u0151s\u00edt\u0151 sampont\u00f6mb"}]},{"@type":"WebSite","@id":"https:\/\/binaturalproducts.com\/#website","url":"https:\/\/binaturalproducts.com\/","name":"Binaturalproducts","description":"PRODUSE NATURALE DIN INIMA TRANSILVANIEI","potentialAction":[{"@type":"SearchAction","target":{"@type":"EntryPoint","urlTemplate":"https:\/\/binaturalproducts.com\/?s={search_term_string}"},"query-input":{"@type":"PropertyValueSpecification","valueRequired":true,"valueName":"search_term_string"}}],"inLanguage":"ro-RO"}]}},"_links":{"self":[{"href":"https:\/\/binaturalproducts.com\/ro\/wp-json\/wp\/v2\/product\/412","targetHints":{"allow":["GET"]}}],"collection":[{"href":"https:\/\/binaturalproducts.com\/ro\/wp-json\/wp\/v2\/product"}],"about":[{"href":"https:\/\/binaturalproducts.com\/ro\/wp-json\/wp\/v2\/types\/product"}],"replies":[{"embeddable":true,"href":"https:\/\/binaturalproducts.com\/ro\/wp-json\/wp\/v2\/comments?post=412"}],"wp:featuredmedia":[{"embeddable":true,"href":"https:\/\/binaturalproducts.com\/ro\/wp-json\/wp\/v2\/media\/3279"}],"wp:attachment":[{"href":"https:\/\/binaturalproducts.com\/ro\/wp-json\/wp\/v2\/media?parent=412"}],"wp:term":[{"taxonomy":"product_brand","embeddable":true,"href":"https:\/\/binaturalproducts.com\/ro\/wp-json\/wp\/v2\/product_brand?post=412"},{"taxonomy":"product_cat","embeddable":true,"href":"https:\/\/binaturalproducts.com\/ro\/wp-json\/wp\/v2\/product_cat?post=412"},{"taxonomy":"product_tag","embeddable":true,"href":"https:\/\/binaturalproducts.com\/ro\/wp-json\/wp\/v2\/product_tag?post=412"}],"curies":[{"name":"wp","href":"https:\/\/api.w.org\/{rel}","templated":true}]}}