{"id":4012,"date":"2023-08-03T08:47:19","date_gmt":"2023-08-03T06:47:19","guid":{"rendered":"https:\/\/binaturalproducts.com\/?post_type=product&#038;p=4012"},"modified":"2026-02-15T21:25:48","modified_gmt":"2026-02-15T19:25:48","slug":"unguent-cu-plante-medicinala","status":"publish","type":"product","link":"https:\/\/binaturalproducts.com\/ro\/produs\/unguent-cu-plante-medicinala\/","title":{"rendered":"Unguent cu plante medicinala"},"content":{"rendered":"<p><span class=\"x3nfvp2 x1j61x8r x1fcty0u xdj266r xhhsvwb xat24cr xgzva0m xxymvpz xlup9mm x1kky2od\">Unguent cu plante medicinala\u00a0 <img loading=\"lazy\" decoding=\"async\" src=\"https:\/\/static.xx.fbcdn.net\/images\/emoji.php\/v9\/tc2\/1.5\/16\/1f331.png\" alt=\"\ud83c\udf31\" width=\"16\" height=\"16\" \/>.<\/span>\u00e9hviasz,<span class=\"x3nfvp2 x1j61x8r x1fcty0u xdj266r xhhsvwb xat24cr xgzva0m xxymvpz xlup9mm x1kky2od\"><img loading=\"lazy\" decoding=\"async\" src=\"https:\/\/static.xx.fbcdn.net\/images\/emoji.php\/v9\/t78\/1.5\/16\/1f41d.png\" alt=\"\ud83d\udc1d\" width=\"16\" height=\"16\" \/><\/span> kaka\u00f3vaj<span class=\"x3nfvp2 x1j61x8r x1fcty0u xdj266r xhhsvwb xat24cr xgzva0m xxymvpz xlup9mm x1kky2od\"><img loading=\"lazy\" decoding=\"async\" src=\"https:\/\/static.xx.fbcdn.net\/images\/emoji.php\/v9\/t50\/1.5\/16\/1f36b.png\" alt=\"\ud83c\udf6b\" width=\"16\" height=\"16\" \/><\/span>, shea vaj, k\u00f3kusz olaj <span class=\"x3nfvp2 x1j61x8r x1fcty0u xdj266r xhhsvwb xat24cr xgzva0m xxymvpz xlup9mm x1kky2od\"><img loading=\"lazy\" decoding=\"async\" src=\"https:\/\/static.xx.fbcdn.net\/images\/emoji.php\/v9\/t29\/1.5\/16\/1f965.png\" alt=\"\ud83e\udd65\" width=\"16\" height=\"16\" \/><\/span>, homokt\u00f6vis, kamilla<span class=\"x3nfvp2 x1j61x8r x1fcty0u xdj266r xhhsvwb xat24cr xgzva0m xxymvpz xlup9mm x1kky2od\"><img loading=\"lazy\" decoding=\"async\" src=\"https:\/\/static.xx.fbcdn.net\/images\/emoji.php\/v9\/tc9\/1.5\/16\/1f4ae.png\" alt=\"\ud83d\udcae\" width=\"16\" height=\"16\" \/><\/span>, orb\u00e1ncf\u0171, cink oxid kever\u00e9k\u00e9vel, amely gyullad\u00e1scs\u00f6kkent\u0151, b\u0151rnyugtat\u00f3 hat\u00e1s\u00fa.<\/p>\n<p>Ez a k\u00fcl\u00f6nleges \u00f6sszet\u00e9tel\u0171 ken\u0151cs ide\u00e1lis megold\u00e1s a b\u0151r k\u00fcl\u00f6nb\u00f6z\u0151 probl\u00e9m\u00e1ira, bele\u00e9rtve a gyullad\u00e1sokat, ekc\u00e9m\u00e1t, pikkelys\u00f6m\u00f6rt, kipirosodott b\u0151rt.<\/p>\n<p>A term\u00e9k rendk\u00edv\u00fcl hat\u00e9konyan cs\u00f6kkenti az irrit\u00e1ci\u00f3 okozta ki\u00fct\u00e9seket, \u00e9s el\u0151seg\u00edti a sebek gyorsabb gy\u00f3gyul\u00e1s\u00e1t, mik\u00f6zben megnyugtatja \u00e9s hidrat\u00e1lja a b\u0151rt.<\/p>\n<p>Alkalmazhat\u00f3 sz\u00e1raz b\u0151r eset\u00e9n arckr\u00e9mk\u00e9nt is . F\u00e9nyv\u00e9d\u0151 hat\u00e1sa is van, SPF 7.<\/p>\n<p>N\u00e9zz\u00fck milyen j\u00f3t\u00e9kony hat\u00e1saik vannak az \u00f6sszetev\u0151knek, k\u00fcl\u00f6n-k\u00fcl\u00f6n:<\/p>\n<ol>\n<li><strong>M\u00e9hviasz:<\/strong> Term\u00e9szetes \u00e9s t\u00e1pl\u00e1l\u00f3 \u00f6sszetev\u0151, amely seg\u00edt meg\u0151rizni a b\u0151r hidrat\u00e1lts\u00e1g\u00e1t \u00e9s megakad\u00e1lyozza a nedvess\u00e9gveszt\u00e9st. Tov\u00e1bb\u00e1, v\u00e9d\u0151r\u00e9teget k\u00e9pez a b\u0151r felsz\u00edn\u00e9n, \u00e9s el\u0151seg\u00edti a sebek gyorsabb gy\u00f3gyul\u00e1s\u00e1t.<\/li>\n<li><strong>Unt de Cacao:<\/strong> Gazdag antioxid\u00e1nsokban, amelyek seg\u00edtik a b\u0151r regener\u00e1l\u00f3d\u00e1s\u00e1t \u00e9s feszess\u00e9g\u00e9nek meg\u0151rz\u00e9s\u00e9t. Emellett el\u0151seg\u00edti a sejtek meg\u00fajul\u00e1s\u00e1t, \u00edgy hat\u00e9konyan seg\u00edt a hegek, sebek \u00e9s b\u0151rhib\u00e1k cs\u00f6kkent\u00e9s\u00e9ben.<\/li>\n<li><strong>Shea Vaj:<\/strong> Kiv\u00e1l\u00f3an hidrat\u00e1lja \u00e9s t\u00e1pl\u00e1lja a b\u0151rt. Rendk\u00edv\u00fcl gazdag E-vitaminban \u00e9s zs\u00edrsavakban, amelyek cs\u00f6kkentik a gyullad\u00e1st \u00e9s puh\u00edtj\u00e1k a b\u0151rt. Ezenk\u00edv\u00fcl seg\u00edt v\u00e9deni a b\u0151rt a k\u00e1ros k\u00f6rnyezeti hat\u00e1sokt\u00f3l.<\/li>\n<li><strong>K\u00f3kuszolaj:<\/strong> Felt\u0171n\u0151en hidrat\u00e1l\u00f3 \u00e9s antibakteri\u00e1lis tulajdons\u00e1gokkal rendelkezik, ami k\u00fcl\u00f6n\u00f6sen el\u0151ny\u00f6s az ekc\u00e9m\u00e1s, pikkelys\u00f6m\u00f6r\u00f6s \u00e9s b\u0151rgyullad\u00e1sos t\u00fcnetek kezel\u00e9s\u00e9ben. K\u00f6nnyen felsz\u00edv\u00f3dik a b\u0151rbe, \u00edgy gyorsan nyugtatja \u00e9s t\u00e1pl\u00e1lja azt.<\/li>\n<li><strong>Homokt\u00f6vis:<\/strong> Ez a csod\u00e1latos gy\u00fcm\u00f6lcs rendk\u00edv\u00fcl gazdag C-vitaminban \u00e9s antioxid\u00e1nsokban. Ezek a tulajdons\u00e1gok seg\u00edtenek megv\u00e9deni a b\u0151rt a k\u00e1ros k\u00f6rnyezeti hat\u00e1sokt\u00f3l \u00e9s seg\u00edtenek cs\u00f6kkenteni a b\u0151rgyullad\u00e1s t\u00fcneteit.<\/li>\n<li><strong>Kamilla:<\/strong> Az enyhe \u00e9s nyugtat\u00f3 hat\u00e1s\u00e1r\u00f3l ismert, ami seg\u00edt cs\u00f6kkenteni a b\u0151r irrit\u00e1ci\u00f3j\u00e1t \u00e9s b\u0151rgyullad\u00e1st. Gyullad\u00e1scs\u00f6kkent\u0151 tulajdons\u00e1gai r\u00e9v\u00e9n hat\u00e9konyan enyh\u00edti a b\u0151rp\u00edrt \u00e9s a viszket\u00e9st.<\/li>\n<li><strong>Orb\u00e1ncf\u0171:<\/strong> Er\u0151s gyullad\u00e1scs\u00f6kkent\u0151 hat\u00e1s\u00e1r\u00f3l ismert, ami kiv\u00e1l\u00f3an hasznosulhat rosace\u00e1ban \u00e9s m\u00e1s b\u0151rgyullad\u00e1sos betegs\u00e9gekben. Az orb\u00e1ncf\u0171 kivonat seg\u00edt megnyugtatni \u00e9s normaliz\u00e1lni a b\u0151rt.<\/li>\n<li><strong>Cink-oxid:<\/strong> Hat\u00e9konyan cs\u00f6kkenti a b\u0151r irrit\u00e1ci\u00f3j\u00e1t, v\u00e9d\u0151r\u00e9teget k\u00e9pezve a k\u00f6rnyezeti hat\u00e1sok ellen. Emellett el\u0151seg\u00edti a sebek gyorsabb gy\u00f3gyul\u00e1s\u00e1t \u00e9s seg\u00edt a b\u0151r eg\u00e9szs\u00e9g\u00e9nek meg\u0151rz\u00e9s\u00e9ben.<\/li>\n<\/ol>\n<p>e 30 ml<\/p>","protected":false},"excerpt":{"rendered":"<p><span class=\"x3nfvp2 x1j61x8r x1fcty0u xdj266r xhhsvwb xat24cr xgzva0m xxymvpz xlup9mm x1kky2od\">Unguent cu plante medicinala\u00a0 <img loading=\"lazy\" decoding=\"async\" src=\"https:\/\/static.xx.fbcdn.net\/images\/emoji.php\/v9\/tc2\/1.5\/16\/1f331.png\" alt=\"\ud83c\udf31\" width=\"16\" height=\"16\" \/>.<\/span>\u00e9hviasz,<span class=\"x3nfvp2 x1j61x8r x1fcty0u xdj266r xhhsvwb xat24cr xgzva0m xxymvpz xlup9mm x1kky2od\"><img loading=\"lazy\" decoding=\"async\" src=\"https:\/\/static.xx.fbcdn.net\/images\/emoji.php\/v9\/t78\/1.5\/16\/1f41d.png\" alt=\"\ud83d\udc1d\" width=\"16\" height=\"16\" \/><\/span> kaka\u00f3vaj<span class=\"x3nfvp2 x1j61x8r x1fcty0u xdj266r xhhsvwb xat24cr xgzva0m xxymvpz xlup9mm x1kky2od\"><img loading=\"lazy\" decoding=\"async\" src=\"https:\/\/static.xx.fbcdn.net\/images\/emoji.php\/v9\/t50\/1.5\/16\/1f36b.png\" alt=\"\ud83c\udf6b\" width=\"16\" height=\"16\" \/><\/span>, shea vaj, k\u00f3kusz olaj <span class=\"x3nfvp2 x1j61x8r x1fcty0u xdj266r xhhsvwb xat24cr xgzva0m xxymvpz xlup9mm x1kky2od\"><img loading=\"lazy\" decoding=\"async\" src=\"https:\/\/static.xx.fbcdn.net\/images\/emoji.php\/v9\/t29\/1.5\/16\/1f965.png\" alt=\"\ud83e\udd65\" width=\"16\" height=\"16\" \/><\/span>, homokt\u00f6vis, kamilla<span class=\"x3nfvp2 x1j61x8r x1fcty0u xdj266r xhhsvwb xat24cr xgzva0m xxymvpz xlup9mm x1kky2od\"><img loading=\"lazy\" decoding=\"async\" src=\"https:\/\/static.xx.fbcdn.net\/images\/emoji.php\/v9\/tc9\/1.5\/16\/1f4ae.png\" alt=\"\ud83d\udcae\" width=\"16\" height=\"16\" \/><\/span>, orb\u00e1ncf\u0171, cink oxid kever\u00e9k\u00e9vel, amely gyullad\u00e1scs\u00f6kkent\u0151, b\u0151rnyugtat\u00f3 hat\u00e1s\u00fa.<\/p>","protected":false},"featured_media":4013,"comment_status":"open","ping_status":"closed","template":"","meta":[],"product_brand":[],"product_cat":[41,15],"product_tag":[],"class_list":{"0":"post-4012","1":"product","2":"type-product","3":"status-publish","4":"has-post-thumbnail","6":"product_cat-arcapolas","7":"product_cat-egyeb","9":"first","10":"instock","11":"shipping-taxable","12":"purchasable","13":"product-type-simple"},"yoast_head":"<!-- This site is optimized with the Yoast SEO plugin v27.4 - https:\/\/yoast.com\/product\/yoast-seo-wordpress\/ -->\n<title>Gy\u00f3gyn\u00f6v\u00e9nyes ken\u0151cs - Binaturalproducts<\/title>\n<meta name=\"robots\" content=\"index, follow, max-snippet:-1, max-image-preview:large, max-video-preview:-1\" \/>\n<link rel=\"canonical\" href=\"https:\/\/binaturalproducts.com\/ro\/produs\/unguent-cu-plante-medicinala\/\" \/>\n<meta property=\"og:locale\" content=\"ro_RO\" \/>\n<meta property=\"og:type\" content=\"article\" \/>\n<meta property=\"og:title\" content=\"Gy\u00f3gyn\u00f6v\u00e9nyes ken\u0151cs - Binaturalproducts\" \/>\n<meta property=\"og:description\" content=\"Gy\u00f3gyn\u00f6v\u00e9nyes ken\u0151cs\u00a0 m\u00e9hviasz, kaka\u00f3vaj, shea vaj, k\u00f3kusz olaj , homokt\u00f6vis, kamilla, orb\u00e1ncf\u0171, cink oxid kever\u00e9k\u00e9vel, amely gyullad\u00e1scs\u00f6kkent\u0151, b\u0151rnyugtat\u00f3 hat\u00e1s\u00fa.\" \/>\n<meta property=\"og:url\" content=\"https:\/\/binaturalproducts.com\/ro\/produs\/unguent-cu-plante-medicinala\/\" \/>\n<meta property=\"og:site_name\" content=\"Binaturalproducts\" \/>\n<meta property=\"article:modified_time\" content=\"2026-02-15T19:25:48+00:00\" \/>\n<meta property=\"og:image\" content=\"https:\/\/binaturalproducts.com\/wp-content\/uploads\/2023\/08\/IMG_20230803_094207-scaled.jpg\" \/>\n\t<meta property=\"og:image:width\" content=\"2496\" \/>\n\t<meta property=\"og:image:height\" content=\"2560\" \/>\n\t<meta property=\"og:image:type\" content=\"image\/jpeg\" \/>\n<meta name=\"twitter:card\" content=\"summary_large_image\" \/>\n<meta name=\"twitter:label1\" content=\"Timp estimat pentru citire\" \/>\n\t<meta name=\"twitter:data1\" content=\"3 minute\" \/>\n<script type=\"application\/ld+json\" class=\"yoast-schema-graph\">{\"@context\":\"https:\\\/\\\/schema.org\",\"@graph\":[{\"@type\":\"WebPage\",\"@id\":\"https:\\\/\\\/binaturalproducts.com\\\/termek\\\/gyogynovenyes-kenocs\\\/\",\"url\":\"https:\\\/\\\/binaturalproducts.com\\\/termek\\\/gyogynovenyes-kenocs\\\/\",\"name\":\"Gy\u00f3gyn\u00f6v\u00e9nyes ken\u0151cs - Binaturalproducts\",\"isPartOf\":{\"@id\":\"https:\\\/\\\/binaturalproducts.com\\\/#website\"},\"primaryImageOfPage\":{\"@id\":\"https:\\\/\\\/binaturalproducts.com\\\/termek\\\/gyogynovenyes-kenocs\\\/#primaryimage\"},\"image\":{\"@id\":\"https:\\\/\\\/binaturalproducts.com\\\/termek\\\/gyogynovenyes-kenocs\\\/#primaryimage\"},\"thumbnailUrl\":\"https:\\\/\\\/binaturalproducts.com\\\/wp-content\\\/uploads\\\/2023\\\/08\\\/IMG_20230803_094207-scaled.jpg\",\"datePublished\":\"2023-08-03T06:47:19+00:00\",\"dateModified\":\"2026-02-15T19:25:48+00:00\",\"breadcrumb\":{\"@id\":\"https:\\\/\\\/binaturalproducts.com\\\/termek\\\/gyogynovenyes-kenocs\\\/#breadcrumb\"},\"inLanguage\":\"ro-RO\",\"potentialAction\":[{\"@type\":\"ReadAction\",\"target\":[\"https:\\\/\\\/binaturalproducts.com\\\/termek\\\/gyogynovenyes-kenocs\\\/\"]}]},{\"@type\":\"ImageObject\",\"inLanguage\":\"ro-RO\",\"@id\":\"https:\\\/\\\/binaturalproducts.com\\\/termek\\\/gyogynovenyes-kenocs\\\/#primaryimage\",\"url\":\"https:\\\/\\\/binaturalproducts.com\\\/wp-content\\\/uploads\\\/2023\\\/08\\\/IMG_20230803_094207-scaled.jpg\",\"contentUrl\":\"https:\\\/\\\/binaturalproducts.com\\\/wp-content\\\/uploads\\\/2023\\\/08\\\/IMG_20230803_094207-scaled.jpg\",\"width\":2496,\"height\":2560},{\"@type\":\"BreadcrumbList\",\"@id\":\"https:\\\/\\\/binaturalproducts.com\\\/termek\\\/gyogynovenyes-kenocs\\\/#breadcrumb\",\"itemListElement\":[{\"@type\":\"ListItem\",\"position\":1,\"name\":\"Kezd\u0151lap\",\"item\":\"https:\\\/\\\/binaturalproducts.com\\\/\"},{\"@type\":\"ListItem\",\"position\":2,\"name\":\"\u00dczlet\",\"item\":\"https:\\\/\\\/binaturalproducts.com\\\/uzlet\\\/\"},{\"@type\":\"ListItem\",\"position\":3,\"name\":\"Gy\u00f3gyn\u00f6v\u00e9nyes ken\u0151cs\"}]},{\"@type\":\"WebSite\",\"@id\":\"https:\\\/\\\/binaturalproducts.com\\\/#website\",\"url\":\"https:\\\/\\\/binaturalproducts.com\\\/\",\"name\":\"Binaturalproducts\",\"description\":\"Nat\u00far term\u00e9kek Erd\u00e9ly sz\u00edv\u00e9b\u0151l\",\"potentialAction\":[{\"@type\":\"SearchAction\",\"target\":{\"@type\":\"EntryPoint\",\"urlTemplate\":\"https:\\\/\\\/binaturalproducts.com\\\/?s={search_term_string}\"},\"query-input\":{\"@type\":\"PropertyValueSpecification\",\"valueRequired\":true,\"valueName\":\"search_term_string\"}}],\"inLanguage\":\"ro-RO\"}]}<\/script>\n<!-- \/ Yoast SEO plugin. -->","yoast_head_json":{"title":"Gy\u00f3gyn\u00f6v\u00e9nyes ken\u0151cs - Binaturalproducts","robots":{"index":"index","follow":"follow","max-snippet":"max-snippet:-1","max-image-preview":"max-image-preview:large","max-video-preview":"max-video-preview:-1"},"canonical":"https:\/\/binaturalproducts.com\/ro\/produs\/unguent-cu-plante-medicinala\/","og_locale":"ro_RO","og_type":"article","og_title":"Gy\u00f3gyn\u00f6v\u00e9nyes ken\u0151cs - Binaturalproducts","og_description":"Gy\u00f3gyn\u00f6v\u00e9nyes ken\u0151cs\u00a0 m\u00e9hviasz, kaka\u00f3vaj, shea vaj, k\u00f3kusz olaj , homokt\u00f6vis, kamilla, orb\u00e1ncf\u0171, cink oxid kever\u00e9k\u00e9vel, amely gyullad\u00e1scs\u00f6kkent\u0151, b\u0151rnyugtat\u00f3 hat\u00e1s\u00fa.","og_url":"https:\/\/binaturalproducts.com\/ro\/produs\/unguent-cu-plante-medicinala\/","og_site_name":"Binaturalproducts","article_modified_time":"2026-02-15T19:25:48+00:00","og_image":[{"width":2496,"height":2560,"url":"https:\/\/binaturalproducts.com\/wp-content\/uploads\/2023\/08\/IMG_20230803_094207-scaled.jpg","type":"image\/jpeg"}],"twitter_card":"summary_large_image","twitter_misc":{"Timp estimat pentru citire":"3 minute"},"schema":{"@context":"https:\/\/schema.org","@graph":[{"@type":"WebPage","@id":"https:\/\/binaturalproducts.com\/termek\/gyogynovenyes-kenocs\/","url":"https:\/\/binaturalproducts.com\/termek\/gyogynovenyes-kenocs\/","name":"Gy\u00f3gyn\u00f6v\u00e9nyes ken\u0151cs - Binaturalproducts","isPartOf":{"@id":"https:\/\/binaturalproducts.com\/#website"},"primaryImageOfPage":{"@id":"https:\/\/binaturalproducts.com\/termek\/gyogynovenyes-kenocs\/#primaryimage"},"image":{"@id":"https:\/\/binaturalproducts.com\/termek\/gyogynovenyes-kenocs\/#primaryimage"},"thumbnailUrl":"https:\/\/binaturalproducts.com\/wp-content\/uploads\/2023\/08\/IMG_20230803_094207-scaled.jpg","datePublished":"2023-08-03T06:47:19+00:00","dateModified":"2026-02-15T19:25:48+00:00","breadcrumb":{"@id":"https:\/\/binaturalproducts.com\/termek\/gyogynovenyes-kenocs\/#breadcrumb"},"inLanguage":"ro-RO","potentialAction":[{"@type":"ReadAction","target":["https:\/\/binaturalproducts.com\/termek\/gyogynovenyes-kenocs\/"]}]},{"@type":"ImageObject","inLanguage":"ro-RO","@id":"https:\/\/binaturalproducts.com\/termek\/gyogynovenyes-kenocs\/#primaryimage","url":"https:\/\/binaturalproducts.com\/wp-content\/uploads\/2023\/08\/IMG_20230803_094207-scaled.jpg","contentUrl":"https:\/\/binaturalproducts.com\/wp-content\/uploads\/2023\/08\/IMG_20230803_094207-scaled.jpg","width":2496,"height":2560},{"@type":"BreadcrumbList","@id":"https:\/\/binaturalproducts.com\/termek\/gyogynovenyes-kenocs\/#breadcrumb","itemListElement":[{"@type":"ListItem","position":1,"name":"Kezd\u0151lap","item":"https:\/\/binaturalproducts.com\/"},{"@type":"ListItem","position":2,"name":"\u00dczlet","item":"https:\/\/binaturalproducts.com\/uzlet\/"},{"@type":"ListItem","position":3,"name":"Gy\u00f3gyn\u00f6v\u00e9nyes ken\u0151cs"}]},{"@type":"WebSite","@id":"https:\/\/binaturalproducts.com\/#website","url":"https:\/\/binaturalproducts.com\/","name":"Binaturalproducts","description":"PRODUSE NATURALE DIN INIMA TRANSILVANIEI","potentialAction":[{"@type":"SearchAction","target":{"@type":"EntryPoint","urlTemplate":"https:\/\/binaturalproducts.com\/?s={search_term_string}"},"query-input":{"@type":"PropertyValueSpecification","valueRequired":true,"valueName":"search_term_string"}}],"inLanguage":"ro-RO"}]}},"_links":{"self":[{"href":"https:\/\/binaturalproducts.com\/ro\/wp-json\/wp\/v2\/product\/4012","targetHints":{"allow":["GET"]}}],"collection":[{"href":"https:\/\/binaturalproducts.com\/ro\/wp-json\/wp\/v2\/product"}],"about":[{"href":"https:\/\/binaturalproducts.com\/ro\/wp-json\/wp\/v2\/types\/product"}],"replies":[{"embeddable":true,"href":"https:\/\/binaturalproducts.com\/ro\/wp-json\/wp\/v2\/comments?post=4012"}],"wp:featuredmedia":[{"embeddable":true,"href":"https:\/\/binaturalproducts.com\/ro\/wp-json\/wp\/v2\/media\/4013"}],"wp:attachment":[{"href":"https:\/\/binaturalproducts.com\/ro\/wp-json\/wp\/v2\/media?parent=4012"}],"wp:term":[{"taxonomy":"product_brand","embeddable":true,"href":"https:\/\/binaturalproducts.com\/ro\/wp-json\/wp\/v2\/product_brand?post=4012"},{"taxonomy":"product_cat","embeddable":true,"href":"https:\/\/binaturalproducts.com\/ro\/wp-json\/wp\/v2\/product_cat?post=4012"},{"taxonomy":"product_tag","embeddable":true,"href":"https:\/\/binaturalproducts.com\/ro\/wp-json\/wp\/v2\/product_tag?post=4012"}],"curies":[{"name":"wp","href":"https:\/\/api.w.org\/{rel}","templated":true}]}}