{"id":3870,"date":"2023-07-26T14:40:20","date_gmt":"2023-07-26T12:40:20","guid":{"rendered":"https:\/\/binaturalproducts.com\/?post_type=product&#038;p=3870"},"modified":"2024-09-30T22:35:57","modified_gmt":"2024-09-30T20:35:57","slug":"apa-de-lavanda","status":"publish","type":"product","link":"https:\/\/binaturalproducts.com\/ro\/produs\/apa-de-lavanda\/","title":{"rendered":"Apa de lavand\u0103"},"content":{"rendered":"<p>Apa de lavand\u0103 este un produs extrem de versatil \u0219i multifunc\u021bional.<\/p>\n<p>Una dintre cele mai importante propriet\u0103\u021bi ale sale este c\u0103 ajut\u0103 la prevenirea usc\u0103rii pielii, cresc\u00e2nd nivelul de hidratare \u0219i str\u0103lucirea s\u0103n\u0103toas\u0103 a pielii.<\/p>\n<p>\u00cen plus, are un efect u\u0219or dezinfectant \u0219i de cur\u0103\u021bare, care ajut\u0103 la eliminarea murd\u0103riei \u0219i a bacteriilor.<\/p>\n<p>Apa de lavand\u0103 este o adev\u0103rat\u0103 comoar\u0103 pentru piele! Efectul s\u0103u tonic revitalizeaz\u0103 \u0219i revigoreaz\u0103 tenul, ajut\u00e2nd la eliminarea aspectului obosit \u0219i plictisitor.<\/p>\n<p>De asemenea, este excelent pentru pielea sensibil\u0103 \u0219i dup\u0103 expunerea la soare, deoarece efectul s\u0103u calmant ajut\u0103 pielea s\u0103 se vindece \u0219i reduce irita\u021biile.<\/p>\n<p>Apa de lavand\u0103 nu are doar un rol-cheie \u00een men\u021binerea frumuse\u021bii pielii, ci are \u0219i un impact pozitiv asupra st\u0103rii noastre mentale. Efectul s\u0103u relaxant \u0219i calmant ne ajut\u0103 s\u0103 alung\u0103m stresul \u0219i s\u0103 ne lini\u0219tim mintea.<\/p>\n<p>Este excelent\u0103 \u0219i pentru copii, deoarece este foarte bl\u00e2nd\u0103 cu pielea \u0219i poate fi folosit\u0103 \u00een siguran\u021b\u0103.<\/p>\n<p>&nbsp;<\/p>\n<p>e 50 ml<\/p>","protected":false},"excerpt":{"rendered":"<p>Apa de lavand\u0103 este o adev\u0103rat\u0103 comoar\u0103 pentru piele! Efectul s\u0103u tonic revitalizeaz\u0103 \u0219i revigoreaz\u0103 tenul, ajut\u00e2nd la eliminarea aspectului obosit \u0219i plictisitor.<\/p>\n<p>De asemenea, este excelent pentru pielea sensibil\u0103 \u0219i dup\u0103 expunerea la soare, deoarece efectul s\u0103u calmant ajut\u0103 pielea s\u0103 se vindece \u0219i reduce irita\u021biile.<\/p>","protected":false},"featured_media":3871,"comment_status":"open","ping_status":"closed","template":"","meta":[],"product_brand":[],"product_cat":[27,41,15],"product_tag":[],"class_list":{"0":"post-3870","1":"product","2":"type-product","3":"status-publish","4":"has-post-thumbnail","6":"product_cat-higienia","7":"product_cat-arcapolas","8":"product_cat-egyeb","10":"first","11":"instock","12":"shipping-taxable","13":"purchasable","14":"product-type-simple"},"yoast_head":"<!-- This site is optimized with the Yoast SEO plugin v27.4 - https:\/\/yoast.com\/product\/yoast-seo-wordpress\/ -->\n<title>Levendula vir\u00e1gv\u00edz - Binaturalproducts<\/title>\n<meta name=\"robots\" content=\"index, follow, max-snippet:-1, max-image-preview:large, max-video-preview:-1\" \/>\n<link rel=\"canonical\" href=\"https:\/\/binaturalproducts.com\/ro\/produs\/apa-de-lavanda\/\" \/>\n<meta property=\"og:locale\" content=\"ro_RO\" \/>\n<meta property=\"og:type\" content=\"article\" \/>\n<meta property=\"og:title\" content=\"Levendula vir\u00e1gv\u00edz - Binaturalproducts\" \/>\n<meta property=\"og:description\" content=\"A levendulav\u00edz igazi kincs a b\u0151rnek! Toniz\u00e1l\u00f3 hat\u00e1s\u00e1val felfriss\u00edti \u00e9s \u00e9l\u00e9nk\u00edti az arcb\u0151rt, \u00edgy seg\u00edt megszabadulni az unalmas \u00e9s f\u00e1radt megjelen\u00e9st\u0151l.  Az \u00e9rz\u00e9keny \u00e9s a napoz\u00e1s ut\u00e1ni b\u0151rre is kiv\u00e1l\u00f3an alkalmazhat\u00f3, hiszen nyugtat\u00f3 hat\u00e1s\u00e1val seg\u00edti a b\u0151r gy\u00f3gyul\u00e1s\u00e1t \u00e9s cs\u00f6kkenti az irrit\u00e1ci\u00f3kat.\" \/>\n<meta property=\"og:url\" content=\"https:\/\/binaturalproducts.com\/ro\/produs\/apa-de-lavanda\/\" \/>\n<meta property=\"og:site_name\" content=\"Binaturalproducts\" \/>\n<meta property=\"article:modified_time\" content=\"2024-09-30T20:35:57+00:00\" \/>\n<meta property=\"og:image\" content=\"https:\/\/binaturalproducts.com\/wp-content\/uploads\/2023\/07\/IMG_20230726_155140.jpg\" \/>\n\t<meta property=\"og:image:width\" content=\"1255\" \/>\n\t<meta property=\"og:image:height\" content=\"1920\" \/>\n\t<meta property=\"og:image:type\" content=\"image\/jpeg\" \/>\n<meta name=\"twitter:card\" content=\"summary_large_image\" \/>\n<meta name=\"twitter:label1\" content=\"Timp estimat pentru citire\" \/>\n\t<meta name=\"twitter:data1\" content=\"1 minut\" \/>\n<script type=\"application\/ld+json\" class=\"yoast-schema-graph\">{\"@context\":\"https:\\\/\\\/schema.org\",\"@graph\":[{\"@type\":\"WebPage\",\"@id\":\"https:\\\/\\\/binaturalproducts.com\\\/termek\\\/levendula-viragviz\\\/\",\"url\":\"https:\\\/\\\/binaturalproducts.com\\\/termek\\\/levendula-viragviz\\\/\",\"name\":\"Levendula vir\u00e1gv\u00edz - Binaturalproducts\",\"isPartOf\":{\"@id\":\"https:\\\/\\\/binaturalproducts.com\\\/#website\"},\"primaryImageOfPage\":{\"@id\":\"https:\\\/\\\/binaturalproducts.com\\\/termek\\\/levendula-viragviz\\\/#primaryimage\"},\"image\":{\"@id\":\"https:\\\/\\\/binaturalproducts.com\\\/termek\\\/levendula-viragviz\\\/#primaryimage\"},\"thumbnailUrl\":\"https:\\\/\\\/binaturalproducts.com\\\/wp-content\\\/uploads\\\/2023\\\/07\\\/IMG_20230726_155140.jpg\",\"datePublished\":\"2023-07-26T12:40:20+00:00\",\"dateModified\":\"2024-09-30T20:35:57+00:00\",\"breadcrumb\":{\"@id\":\"https:\\\/\\\/binaturalproducts.com\\\/termek\\\/levendula-viragviz\\\/#breadcrumb\"},\"inLanguage\":\"ro-RO\",\"potentialAction\":[{\"@type\":\"ReadAction\",\"target\":[\"https:\\\/\\\/binaturalproducts.com\\\/termek\\\/levendula-viragviz\\\/\"]}]},{\"@type\":\"ImageObject\",\"inLanguage\":\"ro-RO\",\"@id\":\"https:\\\/\\\/binaturalproducts.com\\\/termek\\\/levendula-viragviz\\\/#primaryimage\",\"url\":\"https:\\\/\\\/binaturalproducts.com\\\/wp-content\\\/uploads\\\/2023\\\/07\\\/IMG_20230726_155140.jpg\",\"contentUrl\":\"https:\\\/\\\/binaturalproducts.com\\\/wp-content\\\/uploads\\\/2023\\\/07\\\/IMG_20230726_155140.jpg\",\"width\":1255,\"height\":1920},{\"@type\":\"BreadcrumbList\",\"@id\":\"https:\\\/\\\/binaturalproducts.com\\\/termek\\\/levendula-viragviz\\\/#breadcrumb\",\"itemListElement\":[{\"@type\":\"ListItem\",\"position\":1,\"name\":\"Kezd\u0151lap\",\"item\":\"https:\\\/\\\/binaturalproducts.com\\\/\"},{\"@type\":\"ListItem\",\"position\":2,\"name\":\"\u00dczlet\",\"item\":\"https:\\\/\\\/binaturalproducts.com\\\/uzlet\\\/\"},{\"@type\":\"ListItem\",\"position\":3,\"name\":\"Levendula vir\u00e1gv\u00edz\"}]},{\"@type\":\"WebSite\",\"@id\":\"https:\\\/\\\/binaturalproducts.com\\\/#website\",\"url\":\"https:\\\/\\\/binaturalproducts.com\\\/\",\"name\":\"Binaturalproducts\",\"description\":\"Nat\u00far term\u00e9kek Erd\u00e9ly sz\u00edv\u00e9b\u0151l\",\"potentialAction\":[{\"@type\":\"SearchAction\",\"target\":{\"@type\":\"EntryPoint\",\"urlTemplate\":\"https:\\\/\\\/binaturalproducts.com\\\/?s={search_term_string}\"},\"query-input\":{\"@type\":\"PropertyValueSpecification\",\"valueRequired\":true,\"valueName\":\"search_term_string\"}}],\"inLanguage\":\"ro-RO\"}]}<\/script>\n<!-- \/ Yoast SEO plugin. -->","yoast_head_json":{"title":"Levendula vir\u00e1gv\u00edz - Binaturalproducts","robots":{"index":"index","follow":"follow","max-snippet":"max-snippet:-1","max-image-preview":"max-image-preview:large","max-video-preview":"max-video-preview:-1"},"canonical":"https:\/\/binaturalproducts.com\/ro\/produs\/apa-de-lavanda\/","og_locale":"ro_RO","og_type":"article","og_title":"Levendula vir\u00e1gv\u00edz - Binaturalproducts","og_description":"A levendulav\u00edz igazi kincs a b\u0151rnek! Toniz\u00e1l\u00f3 hat\u00e1s\u00e1val felfriss\u00edti \u00e9s \u00e9l\u00e9nk\u00edti az arcb\u0151rt, \u00edgy seg\u00edt megszabadulni az unalmas \u00e9s f\u00e1radt megjelen\u00e9st\u0151l.  Az \u00e9rz\u00e9keny \u00e9s a napoz\u00e1s ut\u00e1ni b\u0151rre is kiv\u00e1l\u00f3an alkalmazhat\u00f3, hiszen nyugtat\u00f3 hat\u00e1s\u00e1val seg\u00edti a b\u0151r gy\u00f3gyul\u00e1s\u00e1t \u00e9s cs\u00f6kkenti az irrit\u00e1ci\u00f3kat.","og_url":"https:\/\/binaturalproducts.com\/ro\/produs\/apa-de-lavanda\/","og_site_name":"Binaturalproducts","article_modified_time":"2024-09-30T20:35:57+00:00","og_image":[{"width":1255,"height":1920,"url":"https:\/\/binaturalproducts.com\/wp-content\/uploads\/2023\/07\/IMG_20230726_155140.jpg","type":"image\/jpeg"}],"twitter_card":"summary_large_image","twitter_misc":{"Timp estimat pentru citire":"1 minut"},"schema":{"@context":"https:\/\/schema.org","@graph":[{"@type":"WebPage","@id":"https:\/\/binaturalproducts.com\/termek\/levendula-viragviz\/","url":"https:\/\/binaturalproducts.com\/termek\/levendula-viragviz\/","name":"Levendula vir\u00e1gv\u00edz - Binaturalproducts","isPartOf":{"@id":"https:\/\/binaturalproducts.com\/#website"},"primaryImageOfPage":{"@id":"https:\/\/binaturalproducts.com\/termek\/levendula-viragviz\/#primaryimage"},"image":{"@id":"https:\/\/binaturalproducts.com\/termek\/levendula-viragviz\/#primaryimage"},"thumbnailUrl":"https:\/\/binaturalproducts.com\/wp-content\/uploads\/2023\/07\/IMG_20230726_155140.jpg","datePublished":"2023-07-26T12:40:20+00:00","dateModified":"2024-09-30T20:35:57+00:00","breadcrumb":{"@id":"https:\/\/binaturalproducts.com\/termek\/levendula-viragviz\/#breadcrumb"},"inLanguage":"ro-RO","potentialAction":[{"@type":"ReadAction","target":["https:\/\/binaturalproducts.com\/termek\/levendula-viragviz\/"]}]},{"@type":"ImageObject","inLanguage":"ro-RO","@id":"https:\/\/binaturalproducts.com\/termek\/levendula-viragviz\/#primaryimage","url":"https:\/\/binaturalproducts.com\/wp-content\/uploads\/2023\/07\/IMG_20230726_155140.jpg","contentUrl":"https:\/\/binaturalproducts.com\/wp-content\/uploads\/2023\/07\/IMG_20230726_155140.jpg","width":1255,"height":1920},{"@type":"BreadcrumbList","@id":"https:\/\/binaturalproducts.com\/termek\/levendula-viragviz\/#breadcrumb","itemListElement":[{"@type":"ListItem","position":1,"name":"Kezd\u0151lap","item":"https:\/\/binaturalproducts.com\/"},{"@type":"ListItem","position":2,"name":"\u00dczlet","item":"https:\/\/binaturalproducts.com\/uzlet\/"},{"@type":"ListItem","position":3,"name":"Levendula vir\u00e1gv\u00edz"}]},{"@type":"WebSite","@id":"https:\/\/binaturalproducts.com\/#website","url":"https:\/\/binaturalproducts.com\/","name":"Binaturalproducts","description":"PRODUSE NATURALE DIN INIMA TRANSILVANIEI","potentialAction":[{"@type":"SearchAction","target":{"@type":"EntryPoint","urlTemplate":"https:\/\/binaturalproducts.com\/?s={search_term_string}"},"query-input":{"@type":"PropertyValueSpecification","valueRequired":true,"valueName":"search_term_string"}}],"inLanguage":"ro-RO"}]}},"_links":{"self":[{"href":"https:\/\/binaturalproducts.com\/ro\/wp-json\/wp\/v2\/product\/3870","targetHints":{"allow":["GET"]}}],"collection":[{"href":"https:\/\/binaturalproducts.com\/ro\/wp-json\/wp\/v2\/product"}],"about":[{"href":"https:\/\/binaturalproducts.com\/ro\/wp-json\/wp\/v2\/types\/product"}],"replies":[{"embeddable":true,"href":"https:\/\/binaturalproducts.com\/ro\/wp-json\/wp\/v2\/comments?post=3870"}],"wp:featuredmedia":[{"embeddable":true,"href":"https:\/\/binaturalproducts.com\/ro\/wp-json\/wp\/v2\/media\/3871"}],"wp:attachment":[{"href":"https:\/\/binaturalproducts.com\/ro\/wp-json\/wp\/v2\/media?parent=3870"}],"wp:term":[{"taxonomy":"product_brand","embeddable":true,"href":"https:\/\/binaturalproducts.com\/ro\/wp-json\/wp\/v2\/product_brand?post=3870"},{"taxonomy":"product_cat","embeddable":true,"href":"https:\/\/binaturalproducts.com\/ro\/wp-json\/wp\/v2\/product_cat?post=3870"},{"taxonomy":"product_tag","embeddable":true,"href":"https:\/\/binaturalproducts.com\/ro\/wp-json\/wp\/v2\/product_tag?post=3870"}],"curies":[{"name":"wp","href":"https:\/\/api.w.org\/{rel}","templated":true}]}}