{"id":358,"date":"2021-08-20T20:44:57","date_gmt":"2021-08-20T18:44:57","guid":{"rendered":"https:\/\/binaturalproducts.com\/?post_type=product&#038;p=358"},"modified":"2025-09-22T09:22:42","modified_gmt":"2025-09-22T07:22:42","slug":"balsam-de-buze-natural","status":"publish","type":"product","link":"https:\/\/binaturalproducts.com\/ro\/produs\/balsam-de-buze-natural\/","title":{"rendered":"Balsam de buze natural"},"content":{"rendered":"<div class=\"kvgmc6g5 cxmmr5t8 oygrvhab hcukyx3x c1et5uql ii04i59q\">\n<div dir=\"auto\">\n<p><strong>Balsam de buze cu nuci de macadamia<\/strong><\/p>\n<p>&nbsp;<\/p>\n<\/div>\n<\/div>\n<div class=\"o9v6fnle cxmmr5t8 oygrvhab hcukyx3x c1et5uql ii04i59q\">\n<div dir=\"auto\">\n<p>Ingrediente: ulei de macadamia, unt de shea,ulei de g\u0103lbenele, ulei de struguri, vitamina E, cear\u0103 de albine, ulei de mu\u0219e\u021bel, uleiuri esen\u021biale.<\/p>\n<\/div>\n<div dir=\"auto\">Untul de Shea este un produs care protejeaz\u0103 buzele at\u00e2t de temperaturile joase, c\u00e2t \u015fi de razele soarelui \u0219i are efect tonic. <em>Uleiul de macadamia hidrateaz\u0103 profund.<\/em><\/div>\n<div dir=\"auto\">\n<p>Uleiul de calendula este antiinflamator, are numeroase efecte benefice cunoscute (antioxidant, cicatrizant, favorizeaz\u0103 epitelizarea etc.).<\/p>\n<\/div>\n<\/div>\n<div class=\"o9v6fnle cxmmr5t8 oygrvhab hcukyx3x c1et5uql ii04i59q\">\n<div dir=\"auto\">Balsamul hidrateaz\u0103, protejeaz\u0103 si netezeste buzele, poate fi folosit de adul\u021bi \u0219i copii.\n\nBalsamul colorat hidrateaz\u0103, protejeaz\u0103 \u0219i neteze\u0219te buzele, l\u0103s\u00e2nd un strat fin ro\u0219u fermec\u0103tor. <span class=\"pq6dq46d tbxw36s4 knj5qynh kvgmc6g5 ditlmg2l oygrvhab nvdbi5me sf5mxxl7 gl3lb2sf hhz5lgdu\"><img loading=\"lazy\" decoding=\"async\" src=\"https:\/\/static.xx.fbcdn.net\/images\/emoji.php\/v9\/t4c\/1\/16\/1f642.png\" alt=\"\ud83d\ude42\" width=\"16\" height=\"16\" \/><\/span><\/div>\n<\/div>","protected":false},"excerpt":{"rendered":"<p>Ingrediente: ulei de macadamia, unt de shea,ulei de g\u0103lbenele, ulei de struguri, vitamina E, cear\u0103 de albine, ulei de mu\u0219e\u021bel, uleiuri esen\u021biale.<\/p>","protected":false},"featured_media":359,"comment_status":"open","ping_status":"closed","template":"","meta":[],"product_brand":[],"product_cat":[45,32],"product_tag":[],"class_list":{"0":"post-358","1":"product","2":"type-product","3":"status-publish","4":"has-post-thumbnail","6":"product_cat-osszes","7":"product_cat-testapolas","9":"first","10":"instock","11":"shipping-taxable","12":"purchasable","13":"product-type-variable","14":"has-default-attributes"},"yoast_head":"<!-- This site is optimized with the Yoast SEO plugin v27.4 - https:\/\/yoast.com\/product\/yoast-seo-wordpress\/ -->\n<title>Nat\u00far ajakbalzsam - Binaturalproducts<\/title>\n<meta name=\"description\" content=\"Ez a finom t\u00e1pl\u00e1l\u00f3 ajakbalzsam m\u00e9hviasz, sz\u0151l\u0151mag olaj, makad\u00e1mdi\u00f3 olaj, k\u00f6r\u00f6mvir\u00e1g olaj, E vitamin kever\u00e9k\u00e9vel k\u00e9sz\u00fclt.\" \/>\n<meta name=\"robots\" content=\"index, follow, max-snippet:-1, max-image-preview:large, max-video-preview:-1\" \/>\n<link rel=\"canonical\" href=\"https:\/\/binaturalproducts.com\/ro\/produs\/balsam-de-buze-natural\/\" \/>\n<meta property=\"og:locale\" content=\"ro_RO\" \/>\n<meta property=\"og:type\" content=\"article\" \/>\n<meta property=\"og:title\" content=\"Nat\u00far ajakbalzsam - Binaturalproducts\" \/>\n<meta property=\"og:description\" content=\"Ez a finom t\u00e1pl\u00e1l\u00f3 ajakbalzsam m\u00e9hviasz, sz\u0151l\u0151mag olaj, makad\u00e1mdi\u00f3 olaj, k\u00f6r\u00f6mvir\u00e1g olaj, E vitamin kever\u00e9k\u00e9vel k\u00e9sz\u00fclt.\" \/>\n<meta property=\"og:url\" content=\"https:\/\/binaturalproducts.com\/ro\/produs\/balsam-de-buze-natural\/\" \/>\n<meta property=\"og:site_name\" content=\"Binaturalproducts\" \/>\n<meta property=\"article:modified_time\" content=\"2025-09-22T07:22:42+00:00\" \/>\n<meta property=\"og:image\" content=\"https:\/\/binaturalproducts.com\/wp-content\/uploads\/2021\/08\/ajakbakzsam-1.jpg\" \/>\n\t<meta property=\"og:image:width\" content=\"1440\" \/>\n\t<meta property=\"og:image:height\" content=\"1305\" \/>\n\t<meta property=\"og:image:type\" content=\"image\/jpeg\" \/>\n<meta name=\"twitter:card\" content=\"summary_large_image\" \/>\n<meta name=\"twitter:label1\" content=\"Timp estimat pentru citire\" \/>\n\t<meta name=\"twitter:data1\" content=\"1 minut\" \/>\n<script type=\"application\/ld+json\" class=\"yoast-schema-graph\">{\"@context\":\"https:\\\/\\\/schema.org\",\"@graph\":[{\"@type\":\"WebPage\",\"@id\":\"https:\\\/\\\/binaturalproducts.com\\\/termek\\\/natur-ajakbalzsam\\\/\",\"url\":\"https:\\\/\\\/binaturalproducts.com\\\/termek\\\/natur-ajakbalzsam\\\/\",\"name\":\"Nat\u00far ajakbalzsam - Binaturalproducts\",\"isPartOf\":{\"@id\":\"https:\\\/\\\/binaturalproducts.com\\\/#website\"},\"primaryImageOfPage\":{\"@id\":\"https:\\\/\\\/binaturalproducts.com\\\/termek\\\/natur-ajakbalzsam\\\/#primaryimage\"},\"image\":{\"@id\":\"https:\\\/\\\/binaturalproducts.com\\\/termek\\\/natur-ajakbalzsam\\\/#primaryimage\"},\"thumbnailUrl\":\"https:\\\/\\\/binaturalproducts.com\\\/wp-content\\\/uploads\\\/2021\\\/08\\\/ajakbakzsam-1.jpg\",\"datePublished\":\"2021-08-20T18:44:57+00:00\",\"dateModified\":\"2025-09-22T07:22:42+00:00\",\"description\":\"Ez a finom t\u00e1pl\u00e1l\u00f3 ajakbalzsam m\u00e9hviasz, sz\u0151l\u0151mag olaj, makad\u00e1mdi\u00f3 olaj, k\u00f6r\u00f6mvir\u00e1g olaj, E vitamin kever\u00e9k\u00e9vel k\u00e9sz\u00fclt.\",\"breadcrumb\":{\"@id\":\"https:\\\/\\\/binaturalproducts.com\\\/termek\\\/natur-ajakbalzsam\\\/#breadcrumb\"},\"inLanguage\":\"ro-RO\",\"potentialAction\":[{\"@type\":\"ReadAction\",\"target\":[\"https:\\\/\\\/binaturalproducts.com\\\/termek\\\/natur-ajakbalzsam\\\/\"]}]},{\"@type\":\"ImageObject\",\"inLanguage\":\"ro-RO\",\"@id\":\"https:\\\/\\\/binaturalproducts.com\\\/termek\\\/natur-ajakbalzsam\\\/#primaryimage\",\"url\":\"https:\\\/\\\/binaturalproducts.com\\\/wp-content\\\/uploads\\\/2021\\\/08\\\/ajakbakzsam-1.jpg\",\"contentUrl\":\"https:\\\/\\\/binaturalproducts.com\\\/wp-content\\\/uploads\\\/2021\\\/08\\\/ajakbakzsam-1.jpg\",\"width\":1440,\"height\":1305,\"caption\":\"Binatural Products - Nat\u00far ajakbalzsam\"},{\"@type\":\"BreadcrumbList\",\"@id\":\"https:\\\/\\\/binaturalproducts.com\\\/termek\\\/natur-ajakbalzsam\\\/#breadcrumb\",\"itemListElement\":[{\"@type\":\"ListItem\",\"position\":1,\"name\":\"Kezd\u0151lap\",\"item\":\"https:\\\/\\\/binaturalproducts.com\\\/\"},{\"@type\":\"ListItem\",\"position\":2,\"name\":\"\u00dczlet\",\"item\":\"https:\\\/\\\/binaturalproducts.com\\\/uzlet\\\/\"},{\"@type\":\"ListItem\",\"position\":3,\"name\":\"Nat\u00far ajakbalzsam\"}]},{\"@type\":\"WebSite\",\"@id\":\"https:\\\/\\\/binaturalproducts.com\\\/#website\",\"url\":\"https:\\\/\\\/binaturalproducts.com\\\/\",\"name\":\"Binaturalproducts\",\"description\":\"Nat\u00far term\u00e9kek Erd\u00e9ly sz\u00edv\u00e9b\u0151l\",\"potentialAction\":[{\"@type\":\"SearchAction\",\"target\":{\"@type\":\"EntryPoint\",\"urlTemplate\":\"https:\\\/\\\/binaturalproducts.com\\\/?s={search_term_string}\"},\"query-input\":{\"@type\":\"PropertyValueSpecification\",\"valueRequired\":true,\"valueName\":\"search_term_string\"}}],\"inLanguage\":\"ro-RO\"}]}<\/script>\n<!-- \/ Yoast SEO plugin. -->","yoast_head_json":{"title":"Balsam de buze natural - Binaturalproducts","description":"Ingrediente: ulei de macadamia, unt de shea,ulei de g\u0103lbenele, ulei de struguri, vitamina E, cear\u0103 de albine, ulei de mu\u0219e\u021bel, uleiuri esen\u021biale.","robots":{"index":"index","follow":"follow","max-snippet":"max-snippet:-1","max-image-preview":"max-image-preview:large","max-video-preview":"max-video-preview:-1"},"canonical":"https:\/\/binaturalproducts.com\/ro\/produs\/balsam-de-buze-natural\/","og_locale":"ro_RO","og_type":"article","og_title":"Nat\u00far ajakbalzsam - Binaturalproducts","og_description":"Ez a finom t\u00e1pl\u00e1l\u00f3 ajakbalzsam m\u00e9hviasz, sz\u0151l\u0151mag olaj, makad\u00e1mdi\u00f3 olaj, k\u00f6r\u00f6mvir\u00e1g olaj, E vitamin kever\u00e9k\u00e9vel k\u00e9sz\u00fclt.","og_url":"https:\/\/binaturalproducts.com\/ro\/produs\/balsam-de-buze-natural\/","og_site_name":"Binaturalproducts","article_modified_time":"2025-09-22T07:22:42+00:00","og_image":[{"width":1440,"height":1305,"url":"https:\/\/binaturalproducts.com\/wp-content\/uploads\/2021\/08\/ajakbakzsam-1.jpg","type":"image\/jpeg"}],"twitter_card":"summary_large_image","twitter_misc":{"Timp estimat pentru citire":"1 minut"},"schema":{"@context":"https:\/\/schema.org","@graph":[{"@type":"WebPage","@id":"https:\/\/binaturalproducts.com\/termek\/natur-ajakbalzsam\/","url":"https:\/\/binaturalproducts.com\/termek\/natur-ajakbalzsam\/","name":"Balsam de buze natural - Binaturalproducts","isPartOf":{"@id":"https:\/\/binaturalproducts.com\/#website"},"primaryImageOfPage":{"@id":"https:\/\/binaturalproducts.com\/termek\/natur-ajakbalzsam\/#primaryimage"},"image":{"@id":"https:\/\/binaturalproducts.com\/termek\/natur-ajakbalzsam\/#primaryimage"},"thumbnailUrl":"https:\/\/binaturalproducts.com\/wp-content\/uploads\/2021\/08\/ajakbakzsam-1.jpg","datePublished":"2021-08-20T18:44:57+00:00","dateModified":"2025-09-22T07:22:42+00:00","description":"Ingrediente: ulei de macadamia, unt de shea,ulei de g\u0103lbenele, ulei de struguri, vitamina E, cear\u0103 de albine, ulei de mu\u0219e\u021bel, uleiuri esen\u021biale.","breadcrumb":{"@id":"https:\/\/binaturalproducts.com\/termek\/natur-ajakbalzsam\/#breadcrumb"},"inLanguage":"ro-RO","potentialAction":[{"@type":"ReadAction","target":["https:\/\/binaturalproducts.com\/termek\/natur-ajakbalzsam\/"]}]},{"@type":"ImageObject","inLanguage":"ro-RO","@id":"https:\/\/binaturalproducts.com\/termek\/natur-ajakbalzsam\/#primaryimage","url":"https:\/\/binaturalproducts.com\/wp-content\/uploads\/2021\/08\/ajakbakzsam-1.jpg","contentUrl":"https:\/\/binaturalproducts.com\/wp-content\/uploads\/2021\/08\/ajakbakzsam-1.jpg","width":1440,"height":1305,"caption":"Binatural Products - Nat\u00far ajakbalzsam"},{"@type":"BreadcrumbList","@id":"https:\/\/binaturalproducts.com\/termek\/natur-ajakbalzsam\/#breadcrumb","itemListElement":[{"@type":"ListItem","position":1,"name":"Kezd\u0151lap","item":"https:\/\/binaturalproducts.com\/"},{"@type":"ListItem","position":2,"name":"\u00dczlet","item":"https:\/\/binaturalproducts.com\/uzlet\/"},{"@type":"ListItem","position":3,"name":"Nat\u00far ajakbalzsam"}]},{"@type":"WebSite","@id":"https:\/\/binaturalproducts.com\/#website","url":"https:\/\/binaturalproducts.com\/","name":"Binaturalproducts","description":"PRODUSE NATURALE DIN INIMA TRANSILVANIEI","potentialAction":[{"@type":"SearchAction","target":{"@type":"EntryPoint","urlTemplate":"https:\/\/binaturalproducts.com\/?s={search_term_string}"},"query-input":{"@type":"PropertyValueSpecification","valueRequired":true,"valueName":"search_term_string"}}],"inLanguage":"ro-RO"}]}},"_links":{"self":[{"href":"https:\/\/binaturalproducts.com\/ro\/wp-json\/wp\/v2\/product\/358","targetHints":{"allow":["GET"]}}],"collection":[{"href":"https:\/\/binaturalproducts.com\/ro\/wp-json\/wp\/v2\/product"}],"about":[{"href":"https:\/\/binaturalproducts.com\/ro\/wp-json\/wp\/v2\/types\/product"}],"replies":[{"embeddable":true,"href":"https:\/\/binaturalproducts.com\/ro\/wp-json\/wp\/v2\/comments?post=358"}],"wp:featuredmedia":[{"embeddable":true,"href":"https:\/\/binaturalproducts.com\/ro\/wp-json\/wp\/v2\/media\/359"}],"wp:attachment":[{"href":"https:\/\/binaturalproducts.com\/ro\/wp-json\/wp\/v2\/media?parent=358"}],"wp:term":[{"taxonomy":"product_brand","embeddable":true,"href":"https:\/\/binaturalproducts.com\/ro\/wp-json\/wp\/v2\/product_brand?post=358"},{"taxonomy":"product_cat","embeddable":true,"href":"https:\/\/binaturalproducts.com\/ro\/wp-json\/wp\/v2\/product_cat?post=358"},{"taxonomy":"product_tag","embeddable":true,"href":"https:\/\/binaturalproducts.com\/ro\/wp-json\/wp\/v2\/product_tag?post=358"}],"curies":[{"name":"wp","href":"https:\/\/api.w.org\/{rel}","templated":true}]}}