{"id":355,"date":"2021-08-20T20:29:43","date_gmt":"2021-08-20T18:29:43","guid":{"rendered":"https:\/\/binaturalproducts.com\/?post_type=product&#038;p=355"},"modified":"2025-12-23T21:02:21","modified_gmt":"2025-12-23T19:02:21","slug":"demachiant-solid-pentru-fata-cu-argila","status":"publish","type":"product","link":"https:\/\/binaturalproducts.com\/ro\/produs\/demachiant-solid-pentru-fata-cu-argila\/","title":{"rendered":"Demachiant solid pentru fa\u021b\u0103 cu argil\u0103"},"content":{"rendered":"<div class=\"o9v6fnle cxmmr5t8 oygrvhab hcukyx3x c1et5uql ii04i59q\">\n<div dir=\"auto\">\n<p>Este un produs pentru <strong>cur\u0103\u021barea delicat\u0103 a tenului<\/strong> <em>cu argil\u0103 ro\u0219ie<\/em> care <strong>nu con\u021bine s\u0103pun<\/strong> \u0219i <strong>nu usuc\u0103 pielea,<\/strong> <em>formeaz\u0103 o spum\u0103 cremoas\u0103 datorit\u0103 uleiului de nuc\u0103 de cocos <span class=\"pq6dq46d tbxw36s4 knj5qynh kvgmc6g5 ditlmg2l oygrvhab nvdbi5me sf5mxxl7 gl3lb2sf hhz5lgdu\"><img loading=\"lazy\" decoding=\"async\" src=\"https:\/\/static.xx.fbcdn.net\/images\/emoji.php\/v9\/td0\/1\/16\/1f965.png\" alt=\"\ud83e\udd65\" width=\"16\" height=\"16\" \/> <\/span>\u0219i las\u0103 pielea fin\u0103, curat\u0103 \u0219i catifelat\u0103.<\/em><\/p>\n<p><img loading=\"lazy\" decoding=\"async\" class=\"alignnone size-medium wp-image-357\" src=\"https:\/\/binaturalproducts.com\/wp-content\/uploads\/2021\/08\/Nevtelen-terv-4-1-300x213.jpg\" alt=\"\" width=\"300\" height=\"213\" srcset=\"https:\/\/binaturalproducts.com\/wp-content\/uploads\/2021\/08\/Nevtelen-terv-4-1-300x213.jpg 300w, https:\/\/binaturalproducts.com\/wp-content\/uploads\/2021\/08\/Nevtelen-terv-4-1-1024x726.jpg 1024w, https:\/\/binaturalproducts.com\/wp-content\/uploads\/2021\/08\/Nevtelen-terv-4-1-768x545.jpg 768w, https:\/\/binaturalproducts.com\/wp-content\/uploads\/2021\/08\/Nevtelen-terv-4-1-1536x1090.jpg 1536w, https:\/\/binaturalproducts.com\/wp-content\/uploads\/2021\/08\/Nevtelen-terv-4-1-600x426.jpg 600w, https:\/\/binaturalproducts.com\/wp-content\/uploads\/2021\/08\/Nevtelen-terv-4-1.jpg 1748w\" sizes=\"auto, (max-width: 300px) 100vw, 300px\" \/><\/p>\n<\/div>\n<\/div>\n<div class=\"o9v6fnle cxmmr5t8 oygrvhab hcukyx3x c1et5uql ii04i59q\">\n<div dir=\"auto\">\n<p><strong>Propriet\u0103\u021bile argilei ro\u0219ie:<\/strong><\/p>\n<\/div>\n<div dir=\"auto\"><span class=\"pq6dq46d tbxw36s4 knj5qynh kvgmc6g5 ditlmg2l oygrvhab nvdbi5me sf5mxxl7 gl3lb2sf hhz5lgdu\"><img loading=\"lazy\" decoding=\"async\" src=\"https:\/\/static.xx.fbcdn.net\/images\/emoji.php\/v9\/tf0\/1\/16\/1f338.png\" alt=\"\ud83c\udf38\" width=\"16\" height=\"16\" \/> <\/span>purifiant \u0219i detoxifiant, cur\u0103\u021b\u0103 pielea<\/div>\n<div dir=\"auto\"><span class=\"pq6dq46d tbxw36s4 knj5qynh kvgmc6g5 ditlmg2l oygrvhab nvdbi5me sf5mxxl7 gl3lb2sf hhz5lgdu\"><img loading=\"lazy\" decoding=\"async\" src=\"https:\/\/static.xx.fbcdn.net\/images\/emoji.php\/v9\/tf0\/1\/16\/1f338.png\" alt=\"\ud83c\udf38\" width=\"16\" height=\"16\" \/> <\/span>absorbant, absoarbe impurit\u0103\u021bile, secre\u021biile \u0219i excesul de sebum<\/div>\n<div dir=\"auto\"><span class=\"pq6dq46d tbxw36s4 knj5qynh kvgmc6g5 ditlmg2l oygrvhab nvdbi5me sf5mxxl7 gl3lb2sf hhz5lgdu\"><img loading=\"lazy\" decoding=\"async\" src=\"https:\/\/static.xx.fbcdn.net\/images\/emoji.php\/v9\/tf0\/1\/16\/1f338.png\" alt=\"\ud83c\udf38\" width=\"16\" height=\"16\" \/> <\/span>remineralizant, furnizeaz\u0103 pielii s\u0103ruri minerale \u0219i oligoelemente<\/div>\n<div dir=\"auto\"><span class=\"pq6dq46d tbxw36s4 knj5qynh kvgmc6g5 ditlmg2l oygrvhab nvdbi5me sf5mxxl7 gl3lb2sf hhz5lgdu\"><img loading=\"lazy\" decoding=\"async\" src=\"https:\/\/static.xx.fbcdn.net\/images\/emoji.php\/v9\/tf0\/1\/16\/1f338.png\" alt=\"\ud83c\udf38\" width=\"16\" height=\"16\" \/> <\/span>revitalizant, \u00eembun\u0103t\u0103\u021be\u0219te condi\u021bia \u0219i aspectul pielii<br \/>\n<span class=\"pq6dq46d tbxw36s4 knj5qynh kvgmc6g5 ditlmg2l oygrvhab nvdbi5me sf5mxxl7 gl3lb2sf hhz5lgdu\"><img loading=\"lazy\" decoding=\"async\" src=\"https:\/\/static.xx.fbcdn.net\/images\/emoji.php\/v9\/tf0\/1\/16\/1f338.png\" alt=\"\ud83c\udf38\" width=\"16\" height=\"16\" \/> <\/span>confer\u0103 pielii un aspect placut<\/div>\n<\/div>\n<div dir=\"auto\">\n<p><strong>Parfumul s\u0103u este dat de extractul natural de c\u0103p\u0219uni \u0219i vanilie \ud83d\ude42<\/strong><\/p>\n<\/div>\n<div class=\"o9v6fnle cxmmr5t8 oygrvhab hcukyx3x c1et5uql ii04i59q\">\n<div dir=\"auto\">\n<p><strong>Mod de folosire:<\/strong>Umezi\u021bi blocul cu ap\u0103 curat\u0103 \u0219i freca\u021bi u\u0219or pe pielea umed\u0103 pentru a forma o spum\u0103 fin\u0103 \u0219i cremoas\u0103. Masa\u021bi u\u0219or spuma \u00een piele, a\u0219tepta\u021bi 2-3 minute \u0219i cl\u0103ti\u021bi bine cu ap\u0103 curat\u0103.<\/p>\n<p>\u00centre dou\u0103 folosin\u021be p\u0103stra\u021bi la un loc uscat, a\u0219a se poate utiliza \u00eentr-un timp \u00eendelungat.\n P\u0103stra\u021bi-l intr-o savonier\u0103, sau \u00een recipientul special.<\/p>\n<\/div>\n<div dir=\"auto\">\n<p>Recomandat: pentru pielea uscat\u0103, sensibil\u0103 sau normal\u0103<\/p>\n<p><strong>Cantitate<\/strong>: 42-50 gr\n\n\nNU con\u021bine:\n\nparabeni, EDTA, coloran\u0163i, PEG sau al\u0163i deriva\u0163i din petrol,\nderiva\u021bi de silicon,\nconservan\u0163i,\n\nSodium Laureth\/Lauryl Sulfate.\nAmbalajul este compostabil.<\/p>\n<\/div>\n<\/div>","protected":false},"excerpt":{"rendered":"<p>Un demachiant fin pentru fa\u021b\u0103 cu argil\u0103 ro\u0219ie, care nu con\u021bine s\u0103pun \u0219i nu usuc\u0103 pielea, formeaz\u0103 o spum\u0103 cremoas\u0103 datorit\u0103 uleiului de cocos \u0219i las\u0103 pielea delicat\u0103, \u00eengrijit\u0103, hr\u0103nit\u0103, curat\u0103 \u0219i catifelat\u0103.<\/p>","protected":false},"featured_media":429,"comment_status":"open","ping_status":"closed","template":"","meta":[],"product_brand":[],"product_cat":[45,41],"product_tag":[],"class_list":{"0":"post-355","1":"product","2":"type-product","3":"status-publish","4":"has-post-thumbnail","6":"product_cat-osszes","7":"product_cat-arcapolas","9":"first","10":"outofstock","11":"shipping-taxable","12":"purchasable","13":"product-type-simple"},"yoast_head":"<!-- This site is optimized with the Yoast SEO plugin v27.4 - https:\/\/yoast.com\/product\/yoast-seo-wordpress\/ -->\n<title>Nat\u00far arctisztit\u00f3 t\u00f6mb v\u00f6r\u00f6s agyaggal - Binaturalproducts<\/title>\n<meta name=\"description\" content=\"Egy finom arcb\u0151r tiszt\u00edt\u00f3 v\u00f6r\u00f6s agyaggal, amely nem tartalmaz szappant \u00e9s nem sz\u00e1r\u00edtja a b\u0151rt, a b\u0151r finom, \u00e1polt, t\u00e1pl\u00e1lt, tiszta \u00e9s b\u00e1rsonyos lesz t\u0151le.\" \/>\n<meta name=\"robots\" content=\"index, follow, max-snippet:-1, max-image-preview:large, max-video-preview:-1\" \/>\n<link rel=\"canonical\" href=\"https:\/\/binaturalproducts.com\/ro\/produs\/demachiant-solid-pentru-fata-cu-argila\/\" \/>\n<meta property=\"og:locale\" content=\"ro_RO\" \/>\n<meta property=\"og:type\" content=\"article\" \/>\n<meta property=\"og:title\" content=\"Nat\u00far arctisztit\u00f3 t\u00f6mb v\u00f6r\u00f6s agyaggal - Binaturalproducts\" \/>\n<meta property=\"og:description\" content=\"Egy finom arcb\u0151r tiszt\u00edt\u00f3 v\u00f6r\u00f6s agyaggal, amely nem tartalmaz szappant \u00e9s nem sz\u00e1r\u00edtja a b\u0151rt, a b\u0151r finom, \u00e1polt, t\u00e1pl\u00e1lt, tiszta \u00e9s b\u00e1rsonyos lesz t\u0151le.\" \/>\n<meta property=\"og:url\" content=\"https:\/\/binaturalproducts.com\/ro\/produs\/demachiant-solid-pentru-fata-cu-argila\/\" \/>\n<meta property=\"og:site_name\" content=\"Binaturalproducts\" \/>\n<meta property=\"article:modified_time\" content=\"2025-12-23T19:02:21+00:00\" \/>\n<meta property=\"og:image\" content=\"https:\/\/binaturalproducts.com\/wp-content\/uploads\/2021\/08\/243130150_374105121082181_7693277025965480119_n-1.jpg\" \/>\n\t<meta property=\"og:image:width\" content=\"1440\" \/>\n\t<meta property=\"og:image:height\" content=\"1398\" \/>\n\t<meta property=\"og:image:type\" content=\"image\/jpeg\" \/>\n<meta name=\"twitter:card\" content=\"summary_large_image\" \/>\n<meta name=\"twitter:label1\" content=\"Timp estimat pentru citire\" \/>\n\t<meta name=\"twitter:data1\" content=\"3 minute\" \/>\n<script type=\"application\/ld+json\" class=\"yoast-schema-graph\">{\"@context\":\"https:\\\/\\\/schema.org\",\"@graph\":[{\"@type\":\"WebPage\",\"@id\":\"https:\\\/\\\/binaturalproducts.com\\\/termek\\\/natur-arctisztito-tomb-voros-agyaggal\\\/\",\"url\":\"https:\\\/\\\/binaturalproducts.com\\\/termek\\\/natur-arctisztito-tomb-voros-agyaggal\\\/\",\"name\":\"Nat\u00far arctisztit\u00f3 t\u00f6mb v\u00f6r\u00f6s agyaggal - Binaturalproducts\",\"isPartOf\":{\"@id\":\"https:\\\/\\\/binaturalproducts.com\\\/#website\"},\"primaryImageOfPage\":{\"@id\":\"https:\\\/\\\/binaturalproducts.com\\\/termek\\\/natur-arctisztito-tomb-voros-agyaggal\\\/#primaryimage\"},\"image\":{\"@id\":\"https:\\\/\\\/binaturalproducts.com\\\/termek\\\/natur-arctisztito-tomb-voros-agyaggal\\\/#primaryimage\"},\"thumbnailUrl\":\"https:\\\/\\\/binaturalproducts.com\\\/wp-content\\\/uploads\\\/2021\\\/08\\\/243130150_374105121082181_7693277025965480119_n-1.jpg\",\"datePublished\":\"2021-08-20T18:29:43+00:00\",\"dateModified\":\"2025-12-23T19:02:21+00:00\",\"description\":\"Egy finom arcb\u0151r tiszt\u00edt\u00f3 v\u00f6r\u00f6s agyaggal, amely nem tartalmaz szappant \u00e9s nem sz\u00e1r\u00edtja a b\u0151rt, a b\u0151r finom, \u00e1polt, t\u00e1pl\u00e1lt, tiszta \u00e9s b\u00e1rsonyos lesz t\u0151le.\",\"breadcrumb\":{\"@id\":\"https:\\\/\\\/binaturalproducts.com\\\/termek\\\/natur-arctisztito-tomb-voros-agyaggal\\\/#breadcrumb\"},\"inLanguage\":\"ro-RO\",\"potentialAction\":[{\"@type\":\"ReadAction\",\"target\":[\"https:\\\/\\\/binaturalproducts.com\\\/termek\\\/natur-arctisztito-tomb-voros-agyaggal\\\/\"]}]},{\"@type\":\"ImageObject\",\"inLanguage\":\"ro-RO\",\"@id\":\"https:\\\/\\\/binaturalproducts.com\\\/termek\\\/natur-arctisztito-tomb-voros-agyaggal\\\/#primaryimage\",\"url\":\"https:\\\/\\\/binaturalproducts.com\\\/wp-content\\\/uploads\\\/2021\\\/08\\\/243130150_374105121082181_7693277025965480119_n-1.jpg\",\"contentUrl\":\"https:\\\/\\\/binaturalproducts.com\\\/wp-content\\\/uploads\\\/2021\\\/08\\\/243130150_374105121082181_7693277025965480119_n-1.jpg\",\"width\":1440,\"height\":1398,\"caption\":\"Binatural Products - Nat\u00far arctisztit\u00f3 t\u00f6mb v\u00f6r\u00f6s agyaggal\"},{\"@type\":\"BreadcrumbList\",\"@id\":\"https:\\\/\\\/binaturalproducts.com\\\/termek\\\/natur-arctisztito-tomb-voros-agyaggal\\\/#breadcrumb\",\"itemListElement\":[{\"@type\":\"ListItem\",\"position\":1,\"name\":\"Kezd\u0151lap\",\"item\":\"https:\\\/\\\/binaturalproducts.com\\\/\"},{\"@type\":\"ListItem\",\"position\":2,\"name\":\"\u00dczlet\",\"item\":\"https:\\\/\\\/binaturalproducts.com\\\/uzlet\\\/\"},{\"@type\":\"ListItem\",\"position\":3,\"name\":\"Nat\u00far arctisztit\u00f3 t\u00f6mb v\u00f6r\u00f6s agyaggal\"}]},{\"@type\":\"WebSite\",\"@id\":\"https:\\\/\\\/binaturalproducts.com\\\/#website\",\"url\":\"https:\\\/\\\/binaturalproducts.com\\\/\",\"name\":\"Binaturalproducts\",\"description\":\"Nat\u00far term\u00e9kek Erd\u00e9ly sz\u00edv\u00e9b\u0151l\",\"potentialAction\":[{\"@type\":\"SearchAction\",\"target\":{\"@type\":\"EntryPoint\",\"urlTemplate\":\"https:\\\/\\\/binaturalproducts.com\\\/?s={search_term_string}\"},\"query-input\":{\"@type\":\"PropertyValueSpecification\",\"valueRequired\":true,\"valueName\":\"search_term_string\"}}],\"inLanguage\":\"ro-RO\"}]}<\/script>\n<!-- \/ Yoast SEO plugin. -->","yoast_head_json":{"title":"Demachiant solid pentru fa\u021b\u0103 cu argil\u0103 - Binaturalproducts","description":"Un demachiant fin pentru fa\u021b\u0103 cu argil\u0103 ro\u0219ie, care nu con\u021bine s\u0103pun \u0219i nu usuc\u0103 pielea, formeaz\u0103 o spum\u0103 cremoas\u0103 datorit\u0103 uleiului de cocos \u0219i las\u0103 pielea delicat\u0103, \u00eengrijit\u0103, hr\u0103nit\u0103, curat\u0103 \u0219i catifelat\u0103.","robots":{"index":"index","follow":"follow","max-snippet":"max-snippet:-1","max-image-preview":"max-image-preview:large","max-video-preview":"max-video-preview:-1"},"canonical":"https:\/\/binaturalproducts.com\/ro\/produs\/demachiant-solid-pentru-fata-cu-argila\/","og_locale":"ro_RO","og_type":"article","og_title":"Nat\u00far arctisztit\u00f3 t\u00f6mb v\u00f6r\u00f6s agyaggal - Binaturalproducts","og_description":"Egy finom arcb\u0151r tiszt\u00edt\u00f3 v\u00f6r\u00f6s agyaggal, amely nem tartalmaz szappant \u00e9s nem sz\u00e1r\u00edtja a b\u0151rt, a b\u0151r finom, \u00e1polt, t\u00e1pl\u00e1lt, tiszta \u00e9s b\u00e1rsonyos lesz t\u0151le.","og_url":"https:\/\/binaturalproducts.com\/ro\/produs\/demachiant-solid-pentru-fata-cu-argila\/","og_site_name":"Binaturalproducts","article_modified_time":"2025-12-23T19:02:21+00:00","og_image":[{"width":1440,"height":1398,"url":"https:\/\/binaturalproducts.com\/wp-content\/uploads\/2021\/08\/243130150_374105121082181_7693277025965480119_n-1.jpg","type":"image\/jpeg"}],"twitter_card":"summary_large_image","twitter_misc":{"Timp estimat pentru citire":"3 minute"},"schema":{"@context":"https:\/\/schema.org","@graph":[{"@type":"WebPage","@id":"https:\/\/binaturalproducts.com\/termek\/natur-arctisztito-tomb-voros-agyaggal\/","url":"https:\/\/binaturalproducts.com\/termek\/natur-arctisztito-tomb-voros-agyaggal\/","name":"Demachiant solid pentru fa\u021b\u0103 cu argil\u0103 - Binaturalproducts","isPartOf":{"@id":"https:\/\/binaturalproducts.com\/#website"},"primaryImageOfPage":{"@id":"https:\/\/binaturalproducts.com\/termek\/natur-arctisztito-tomb-voros-agyaggal\/#primaryimage"},"image":{"@id":"https:\/\/binaturalproducts.com\/termek\/natur-arctisztito-tomb-voros-agyaggal\/#primaryimage"},"thumbnailUrl":"https:\/\/binaturalproducts.com\/wp-content\/uploads\/2021\/08\/243130150_374105121082181_7693277025965480119_n-1.jpg","datePublished":"2021-08-20T18:29:43+00:00","dateModified":"2025-12-23T19:02:21+00:00","description":"Un demachiant fin pentru fa\u021b\u0103 cu argil\u0103 ro\u0219ie, care nu con\u021bine s\u0103pun \u0219i nu usuc\u0103 pielea, formeaz\u0103 o spum\u0103 cremoas\u0103 datorit\u0103 uleiului de cocos \u0219i las\u0103 pielea delicat\u0103, \u00eengrijit\u0103, hr\u0103nit\u0103, curat\u0103 \u0219i catifelat\u0103.","breadcrumb":{"@id":"https:\/\/binaturalproducts.com\/termek\/natur-arctisztito-tomb-voros-agyaggal\/#breadcrumb"},"inLanguage":"ro-RO","potentialAction":[{"@type":"ReadAction","target":["https:\/\/binaturalproducts.com\/termek\/natur-arctisztito-tomb-voros-agyaggal\/"]}]},{"@type":"ImageObject","inLanguage":"ro-RO","@id":"https:\/\/binaturalproducts.com\/termek\/natur-arctisztito-tomb-voros-agyaggal\/#primaryimage","url":"https:\/\/binaturalproducts.com\/wp-content\/uploads\/2021\/08\/243130150_374105121082181_7693277025965480119_n-1.jpg","contentUrl":"https:\/\/binaturalproducts.com\/wp-content\/uploads\/2021\/08\/243130150_374105121082181_7693277025965480119_n-1.jpg","width":1440,"height":1398,"caption":"Binatural Products - Nat\u00far arctisztit\u00f3 t\u00f6mb v\u00f6r\u00f6s agyaggal"},{"@type":"BreadcrumbList","@id":"https:\/\/binaturalproducts.com\/termek\/natur-arctisztito-tomb-voros-agyaggal\/#breadcrumb","itemListElement":[{"@type":"ListItem","position":1,"name":"Kezd\u0151lap","item":"https:\/\/binaturalproducts.com\/"},{"@type":"ListItem","position":2,"name":"\u00dczlet","item":"https:\/\/binaturalproducts.com\/uzlet\/"},{"@type":"ListItem","position":3,"name":"Nat\u00far arctisztit\u00f3 t\u00f6mb v\u00f6r\u00f6s agyaggal"}]},{"@type":"WebSite","@id":"https:\/\/binaturalproducts.com\/#website","url":"https:\/\/binaturalproducts.com\/","name":"Binaturalproducts","description":"PRODUSE NATURALE DIN INIMA TRANSILVANIEI","potentialAction":[{"@type":"SearchAction","target":{"@type":"EntryPoint","urlTemplate":"https:\/\/binaturalproducts.com\/?s={search_term_string}"},"query-input":{"@type":"PropertyValueSpecification","valueRequired":true,"valueName":"search_term_string"}}],"inLanguage":"ro-RO"}]}},"_links":{"self":[{"href":"https:\/\/binaturalproducts.com\/ro\/wp-json\/wp\/v2\/product\/355","targetHints":{"allow":["GET"]}}],"collection":[{"href":"https:\/\/binaturalproducts.com\/ro\/wp-json\/wp\/v2\/product"}],"about":[{"href":"https:\/\/binaturalproducts.com\/ro\/wp-json\/wp\/v2\/types\/product"}],"replies":[{"embeddable":true,"href":"https:\/\/binaturalproducts.com\/ro\/wp-json\/wp\/v2\/comments?post=355"}],"wp:featuredmedia":[{"embeddable":true,"href":"https:\/\/binaturalproducts.com\/ro\/wp-json\/wp\/v2\/media\/429"}],"wp:attachment":[{"href":"https:\/\/binaturalproducts.com\/ro\/wp-json\/wp\/v2\/media?parent=355"}],"wp:term":[{"taxonomy":"product_brand","embeddable":true,"href":"https:\/\/binaturalproducts.com\/ro\/wp-json\/wp\/v2\/product_brand?post=355"},{"taxonomy":"product_cat","embeddable":true,"href":"https:\/\/binaturalproducts.com\/ro\/wp-json\/wp\/v2\/product_cat?post=355"},{"taxonomy":"product_tag","embeddable":true,"href":"https:\/\/binaturalproducts.com\/ro\/wp-json\/wp\/v2\/product_tag?post=355"}],"curies":[{"name":"wp","href":"https:\/\/api.w.org\/{rel}","templated":true}]}}