{"id":351,"date":"2021-08-20T13:57:10","date_gmt":"2021-08-20T11:57:10","guid":{"rendered":"https:\/\/binaturalproducts.com\/?post_type=product&#038;p=351"},"modified":"2025-12-02T20:29:24","modified_gmt":"2025-12-02T18:29:24","slug":"demachiant-natural-cu-carbune-activ","status":"publish","type":"product","link":"https:\/\/binaturalproducts.com\/ro\/produs\/demachiant-natural-cu-carbune-activ\/","title":{"rendered":"Demachiant natural cu c\u0103rbune activ"},"content":{"rendered":"<p><strong>Demachiant natural\u0103 de cur\u0103\u021bare fa\u021b\u0103, cu c\u0103rbune activ medicale, cu uleiuri de levand\u0103-citrice-arbore de ceai<span class=\"pq6dq46d tbxw36s4 knj5qynh kvgmc6g5 ditlmg2l oygrvhab nvdbi5me sf5mxxl7 gl3lb2sf hhz5lgdu\"><img loading=\"lazy\" decoding=\"async\" src=\"https:\/\/static.xx.fbcdn.net\/images\/emoji.php\/v9\/t1e\/1\/16\/1f33f.png\" alt=\"\ud83c\udf3f\" width=\"16\" height=\"16\" \/><\/span><span class=\"pq6dq46d tbxw36s4 knj5qynh kvgmc6g5 ditlmg2l oygrvhab nvdbi5me sf5mxxl7 gl3lb2sf hhz5lgdu\"><img loading=\"lazy\" decoding=\"async\" src=\"https:\/\/static.xx.fbcdn.net\/images\/emoji.php\/v9\/tb9\/1\/16\/1f34b.png\" alt=\"\ud83c\udf4b\" width=\"16\" height=\"16\" \/><\/span><\/strong><\/p>\n<p>Produsul este o lo\u021biune de cur\u0103\u021bare fa\u021b\u0103 bl\u00e2nd\u0103 care elimin\u0103 excesul de gr\u0103simi \u0219i impurit\u0103\u021bile tenului. <strong>.<\/strong>.<em> .<\/em> <em>.<\/em>.<\/p>\n<p><strong>Nu con\u021bine s\u0103pun \u0219i nu usuc\u0103 tenul, obrazul nostru va fi curat \u0219i catifelat.<\/strong><\/p>\n<p><em>Detoxific\u0103, stimuleaz\u0103 circula\u021bia s\u00e2ngelui, completeaz\u0103 mineralele lips\u0103 datorit\u0103 componentei de sare de Praid care con\u021bine 84 de minerale: untul de Shea regenereaz\u0103 tenul, are efect antiinflamator.<\/em>.<em>.<\/em> <em>.<\/em> .<\/p>\n<p><img loading=\"lazy\" decoding=\"async\" class=\"alignnone size-medium wp-image-354\" src=\"https:\/\/binaturalproducts.com\/wp-content\/uploads\/2021\/08\/Nevtelen-terv-3-1-300x213.jpg\" alt=\"\" width=\"300\" height=\"213\" srcset=\"https:\/\/binaturalproducts.com\/wp-content\/uploads\/2021\/08\/Nevtelen-terv-3-1-300x213.jpg 300w, https:\/\/binaturalproducts.com\/wp-content\/uploads\/2021\/08\/Nevtelen-terv-3-1-1024x726.jpg 1024w, https:\/\/binaturalproducts.com\/wp-content\/uploads\/2021\/08\/Nevtelen-terv-3-1-768x545.jpg 768w, https:\/\/binaturalproducts.com\/wp-content\/uploads\/2021\/08\/Nevtelen-terv-3-1-1536x1090.jpg 1536w, https:\/\/binaturalproducts.com\/wp-content\/uploads\/2021\/08\/Nevtelen-terv-3-1-600x426.jpg 600w, https:\/\/binaturalproducts.com\/wp-content\/uploads\/2021\/08\/Nevtelen-terv-3-1.jpg 1748w\" sizes=\"auto, (max-width: 300px) 100vw, 300px\" \/><\/p>\n<p>&nbsp;<\/p>\n<p><strong>Lo\u021biunea de cur\u0103\u021bare fa\u021b\u0103 cu c\u0103rbune activ negru, \u00eempreun\u0103 cu uleiurile de levand\u0103-citrice-arbore de ceai, este o arm\u0103 secret\u0103 \u00eempotriva unui ten gras, predispus la acnee \u0219i cu porii \u00eenfunda\u021bi.<\/strong><\/p>\n<p><strong>Ingrediente principale:<\/strong> c\u0103rbune activ medicale, unt de shea, sare din Praid, uleiuri esen\u021biale: arbore de ceai, lavand\u0103 \u0219i lime.<\/p>\n<p><strong>C\u0103rbune activ medical:<br \/>\n<\/strong><br \/>\n<span class=\"pq6dq46d tbxw36s4 knj5qynh kvgmc6g5 ditlmg2l oygrvhab nvdbi5me sf5mxxl7 gl3lb2sf hhz5lgdu\"><img loading=\"lazy\" decoding=\"async\" src=\"https:\/\/static.xx.fbcdn.net\/images\/emoji.php\/v9\/t8d\/1\/16\/2611.png\" alt=\"\u2611\ufe0f\" width=\"16\" height=\"16\" \/> <\/span>are o capacitate puternic\u0103 de absorb\u021bie,<br \/>\n<span class=\"pq6dq46d tbxw36s4 knj5qynh kvgmc6g5 ditlmg2l oygrvhab nvdbi5me sf5mxxl7 gl3lb2sf hhz5lgdu\"><img loading=\"lazy\" decoding=\"async\" src=\"https:\/\/static.xx.fbcdn.net\/images\/emoji.php\/v9\/t8d\/1\/16\/2611.png\" alt=\"\u2611\ufe0f\" width=\"16\" height=\"16\" \/> <\/span>cur\u0103\u021b\u0103 tenul de tot feluri de impurit\u0103\u021bi,<br \/>\n<span class=\"pq6dq46d tbxw36s4 knj5qynh kvgmc6g5 ditlmg2l oygrvhab nvdbi5me sf5mxxl7 gl3lb2sf hhz5lgdu\"><img loading=\"lazy\" decoding=\"async\" src=\"https:\/\/static.xx.fbcdn.net\/images\/emoji.php\/v9\/t8d\/1\/16\/2611.png\" alt=\"\u2611\ufe0f\" width=\"16\" height=\"16\" \/> <\/span>scade excesul de gr\u0103simi a pielii \u0219i favorizeaz\u0103 eliberarea porilor,<br \/>\n<span class=\"pq6dq46d tbxw36s4 knj5qynh kvgmc6g5 ditlmg2l oygrvhab nvdbi5me sf5mxxl7 gl3lb2sf hhz5lgdu\"><img loading=\"lazy\" decoding=\"async\" src=\"https:\/\/static.xx.fbcdn.net\/images\/emoji.php\/v9\/t8d\/1\/16\/2611.png\" alt=\"\u2611\ufe0f\" width=\"16\" height=\"16\" \/> <\/span>are efect benefic asupra tenului problematic \u0219i predispus la acnee,<br \/>\n<span class=\"pq6dq46d tbxw36s4 knj5qynh kvgmc6g5 ditlmg2l oygrvhab nvdbi5me sf5mxxl7 gl3lb2sf hhz5lgdu\"><img loading=\"lazy\" decoding=\"async\" src=\"https:\/\/static.xx.fbcdn.net\/images\/emoji.php\/v9\/t8d\/1\/16\/2611.png\" alt=\"\u2611\ufe0f\" width=\"16\" height=\"16\" \/> <\/span>ajut\u0103 \u00een cazul infec\u021biilor bacteriene,<br \/>\n<span class=\"pq6dq46d tbxw36s4 knj5qynh kvgmc6g5 ditlmg2l oygrvhab nvdbi5me sf5mxxl7 gl3lb2sf hhz5lgdu\"><img loading=\"lazy\" decoding=\"async\" src=\"https:\/\/static.xx.fbcdn.net\/images\/emoji.php\/v9\/t8d\/1\/16\/2611.png\" alt=\"\u2611\ufe0f\" width=\"16\" height=\"16\" \/> <\/span>totodat\u0103 are efecte benefice asupra pielii expuse contaminan\u021bilor de mediu \u0219i substan\u021belor chimice toxice,<br \/>\n<span class=\"pq6dq46d tbxw36s4 knj5qynh kvgmc6g5 ditlmg2l oygrvhab nvdbi5me sf5mxxl7 gl3lb2sf hhz5lgdu\"><img loading=\"lazy\" decoding=\"async\" src=\"https:\/\/static.xx.fbcdn.net\/images\/emoji.php\/v9\/t8d\/1\/16\/2611.png\" alt=\"\u2611\ufe0f\" width=\"16\" height=\"16\" \/> <\/span>este potrivit pentru cur\u0103\u021barea tenului pentru fum\u0103tori.<\/p>\n<p><strong>Mod de folosire:<\/strong> Aplica\u021bi produsul direct pe pielea ud\u0103, l\u0103sa\u021bi 2-3 minute, \u0219i apoi cl\u0103ti\u021bi.<\/p>\n<p>\u00centre dou\u0103 folosin\u021be p\u0103stra\u021bi la un loc uscat, a\u0219a se poate utiliza \u00eentr-un timp \u00eendelungat.\n P\u0103stra\u021bi-l intr-o savonier\u0103, sau \u00een recipientul special.<\/p>\n<p>Recomandat\u0103 pentru: ten gras, mixt sau normal<\/p>\n<p><strong>Cantitate<\/strong>: 42-50 gr\n\n\nNU con\u021bine:\n\nparabeni, EDTA, coloran\u0163i, PEG sau al\u0163i deriva\u0163i din petrol,\nderiva\u021bi de silicon,\nconservan\u0163i,\n\nSodium Laureth\/Lauryl Sulfate.\nAmbalajul este compostabil.<\/p>\n<p>&nbsp;<\/p>","protected":false},"excerpt":{"rendered":"<p>Sp\u0103lare natural\u0103 de fa\u021b\u0103 cu carbune activat medical, arbore de ceai, lavand\u0103 \u0219i uleiuri de citrice. \u00cendep\u0103rteaz\u0103 excesul de sebum \u0219i impurit\u0103\u021bile din piele.<\/p>","protected":false},"featured_media":352,"comment_status":"open","ping_status":"closed","template":"","meta":[],"product_brand":[],"product_cat":[45,41],"product_tag":[],"class_list":{"0":"post-351","1":"product","2":"type-product","3":"status-publish","4":"has-post-thumbnail","6":"product_cat-osszes","7":"product_cat-arcapolas","9":"first","10":"instock","11":"shipping-taxable","12":"purchasable","13":"product-type-simple"},"yoast_head":"<!-- This site is optimized with the Yoast SEO plugin v27.4 - https:\/\/yoast.com\/product\/yoast-seo-wordpress\/ -->\n<title>Nat\u00far arclemos\u00f3 orvosi akt\u00edv sz\u00e9nnel - Binaturalproducts<\/title>\n<meta name=\"description\" content=\"Nat\u00far arclemos\u00f3 orvosi akt\u00edv sz\u00e9nnel, teafa, levendula \u00e9s citrus olajjal. Elt\u00e1vol\u00edtja az arcb\u0151rr\u0151l a f\u00f6l\u00f6sleges faggy\u00fat \u00e9s a szennyez\u0151d\u00e9seket.\" \/>\n<meta name=\"robots\" content=\"index, follow, max-snippet:-1, max-image-preview:large, max-video-preview:-1\" \/>\n<link rel=\"canonical\" href=\"https:\/\/binaturalproducts.com\/ro\/produs\/demachiant-natural-cu-carbune-activ\/\" \/>\n<meta property=\"og:locale\" content=\"ro_RO\" \/>\n<meta property=\"og:type\" content=\"article\" \/>\n<meta property=\"og:title\" content=\"Nat\u00far arclemos\u00f3 orvosi akt\u00edv sz\u00e9nnel - Binaturalproducts\" \/>\n<meta property=\"og:description\" content=\"Nat\u00far arclemos\u00f3 orvosi akt\u00edv sz\u00e9nnel, teafa, levendula \u00e9s citrus olajjal. Elt\u00e1vol\u00edtja az arcb\u0151rr\u0151l a f\u00f6l\u00f6sleges faggy\u00fat \u00e9s a szennyez\u0151d\u00e9seket.\" \/>\n<meta property=\"og:url\" content=\"https:\/\/binaturalproducts.com\/ro\/produs\/demachiant-natural-cu-carbune-activ\/\" \/>\n<meta property=\"og:site_name\" content=\"Binaturalproducts\" \/>\n<meta property=\"article:modified_time\" content=\"2025-12-02T18:29:24+00:00\" \/>\n<meta property=\"og:image\" content=\"https:\/\/binaturalproducts.com\/wp-content\/uploads\/2021\/08\/arclem-1.jpg\" \/>\n\t<meta property=\"og:image:width\" content=\"1440\" \/>\n\t<meta property=\"og:image:height\" content=\"1223\" \/>\n\t<meta property=\"og:image:type\" content=\"image\/jpeg\" \/>\n<meta name=\"twitter:card\" content=\"summary_large_image\" \/>\n<meta name=\"twitter:label1\" content=\"Timp estimat pentru citire\" \/>\n\t<meta name=\"twitter:data1\" content=\"4 minute\" \/>\n<script type=\"application\/ld+json\" class=\"yoast-schema-graph\">{\"@context\":\"https:\\\/\\\/schema.org\",\"@graph\":[{\"@type\":\"WebPage\",\"@id\":\"https:\\\/\\\/binaturalproducts.com\\\/termek\\\/natur-arclemoso-orvosi-aktiv-szennel\\\/\",\"url\":\"https:\\\/\\\/binaturalproducts.com\\\/termek\\\/natur-arclemoso-orvosi-aktiv-szennel\\\/\",\"name\":\"Nat\u00far arclemos\u00f3 orvosi akt\u00edv sz\u00e9nnel - Binaturalproducts\",\"isPartOf\":{\"@id\":\"https:\\\/\\\/binaturalproducts.com\\\/#website\"},\"primaryImageOfPage\":{\"@id\":\"https:\\\/\\\/binaturalproducts.com\\\/termek\\\/natur-arclemoso-orvosi-aktiv-szennel\\\/#primaryimage\"},\"image\":{\"@id\":\"https:\\\/\\\/binaturalproducts.com\\\/termek\\\/natur-arclemoso-orvosi-aktiv-szennel\\\/#primaryimage\"},\"thumbnailUrl\":\"https:\\\/\\\/binaturalproducts.com\\\/wp-content\\\/uploads\\\/2021\\\/08\\\/arclem-1.jpg\",\"datePublished\":\"2021-08-20T11:57:10+00:00\",\"dateModified\":\"2025-12-02T18:29:24+00:00\",\"description\":\"Nat\u00far arclemos\u00f3 orvosi akt\u00edv sz\u00e9nnel, teafa, levendula \u00e9s citrus olajjal. Elt\u00e1vol\u00edtja az arcb\u0151rr\u0151l a f\u00f6l\u00f6sleges faggy\u00fat \u00e9s a szennyez\u0151d\u00e9seket.\",\"breadcrumb\":{\"@id\":\"https:\\\/\\\/binaturalproducts.com\\\/termek\\\/natur-arclemoso-orvosi-aktiv-szennel\\\/#breadcrumb\"},\"inLanguage\":\"ro-RO\",\"potentialAction\":[{\"@type\":\"ReadAction\",\"target\":[\"https:\\\/\\\/binaturalproducts.com\\\/termek\\\/natur-arclemoso-orvosi-aktiv-szennel\\\/\"]}]},{\"@type\":\"ImageObject\",\"inLanguage\":\"ro-RO\",\"@id\":\"https:\\\/\\\/binaturalproducts.com\\\/termek\\\/natur-arclemoso-orvosi-aktiv-szennel\\\/#primaryimage\",\"url\":\"https:\\\/\\\/binaturalproducts.com\\\/wp-content\\\/uploads\\\/2021\\\/08\\\/arclem-1.jpg\",\"contentUrl\":\"https:\\\/\\\/binaturalproducts.com\\\/wp-content\\\/uploads\\\/2021\\\/08\\\/arclem-1.jpg\",\"width\":1440,\"height\":1223,\"caption\":\"Binatural Products - Nat\u00far arclemos\u00f3 orvosi akt\u00edv sz\u00e9nnel\"},{\"@type\":\"BreadcrumbList\",\"@id\":\"https:\\\/\\\/binaturalproducts.com\\\/termek\\\/natur-arclemoso-orvosi-aktiv-szennel\\\/#breadcrumb\",\"itemListElement\":[{\"@type\":\"ListItem\",\"position\":1,\"name\":\"Kezd\u0151lap\",\"item\":\"https:\\\/\\\/binaturalproducts.com\\\/\"},{\"@type\":\"ListItem\",\"position\":2,\"name\":\"\u00dczlet\",\"item\":\"https:\\\/\\\/binaturalproducts.com\\\/uzlet\\\/\"},{\"@type\":\"ListItem\",\"position\":3,\"name\":\"Nat\u00far arclemos\u00f3 orvosi akt\u00edv sz\u00e9nnel\"}]},{\"@type\":\"WebSite\",\"@id\":\"https:\\\/\\\/binaturalproducts.com\\\/#website\",\"url\":\"https:\\\/\\\/binaturalproducts.com\\\/\",\"name\":\"Binaturalproducts\",\"description\":\"Nat\u00far term\u00e9kek Erd\u00e9ly sz\u00edv\u00e9b\u0151l\",\"potentialAction\":[{\"@type\":\"SearchAction\",\"target\":{\"@type\":\"EntryPoint\",\"urlTemplate\":\"https:\\\/\\\/binaturalproducts.com\\\/?s={search_term_string}\"},\"query-input\":{\"@type\":\"PropertyValueSpecification\",\"valueRequired\":true,\"valueName\":\"search_term_string\"}}],\"inLanguage\":\"ro-RO\"}]}<\/script>\n<!-- \/ Yoast SEO plugin. -->","yoast_head_json":{"title":"Demachiant natural cu c\u0103rbune activ - Binaturalproducts","description":"Sp\u0103lare natural\u0103 de fa\u021b\u0103 cu carbune activat medical, arbore de ceai, lavand\u0103 \u0219i uleiuri de citrice. \u00cendep\u0103rteaz\u0103 excesul de sebum \u0219i impurit\u0103\u021bile din piele.","robots":{"index":"index","follow":"follow","max-snippet":"max-snippet:-1","max-image-preview":"max-image-preview:large","max-video-preview":"max-video-preview:-1"},"canonical":"https:\/\/binaturalproducts.com\/ro\/produs\/demachiant-natural-cu-carbune-activ\/","og_locale":"ro_RO","og_type":"article","og_title":"Nat\u00far arclemos\u00f3 orvosi akt\u00edv sz\u00e9nnel - Binaturalproducts","og_description":"Nat\u00far arclemos\u00f3 orvosi akt\u00edv sz\u00e9nnel, teafa, levendula \u00e9s citrus olajjal. Elt\u00e1vol\u00edtja az arcb\u0151rr\u0151l a f\u00f6l\u00f6sleges faggy\u00fat \u00e9s a szennyez\u0151d\u00e9seket.","og_url":"https:\/\/binaturalproducts.com\/ro\/produs\/demachiant-natural-cu-carbune-activ\/","og_site_name":"Binaturalproducts","article_modified_time":"2025-12-02T18:29:24+00:00","og_image":[{"width":1440,"height":1223,"url":"https:\/\/binaturalproducts.com\/wp-content\/uploads\/2021\/08\/arclem-1.jpg","type":"image\/jpeg"}],"twitter_card":"summary_large_image","twitter_misc":{"Timp estimat pentru citire":"4 minute"},"schema":{"@context":"https:\/\/schema.org","@graph":[{"@type":"WebPage","@id":"https:\/\/binaturalproducts.com\/termek\/natur-arclemoso-orvosi-aktiv-szennel\/","url":"https:\/\/binaturalproducts.com\/termek\/natur-arclemoso-orvosi-aktiv-szennel\/","name":"Demachiant natural cu c\u0103rbune activ - Binaturalproducts","isPartOf":{"@id":"https:\/\/binaturalproducts.com\/#website"},"primaryImageOfPage":{"@id":"https:\/\/binaturalproducts.com\/termek\/natur-arclemoso-orvosi-aktiv-szennel\/#primaryimage"},"image":{"@id":"https:\/\/binaturalproducts.com\/termek\/natur-arclemoso-orvosi-aktiv-szennel\/#primaryimage"},"thumbnailUrl":"https:\/\/binaturalproducts.com\/wp-content\/uploads\/2021\/08\/arclem-1.jpg","datePublished":"2021-08-20T11:57:10+00:00","dateModified":"2025-12-02T18:29:24+00:00","description":"Sp\u0103lare natural\u0103 de fa\u021b\u0103 cu carbune activat medical, arbore de ceai, lavand\u0103 \u0219i uleiuri de citrice. \u00cendep\u0103rteaz\u0103 excesul de sebum \u0219i impurit\u0103\u021bile din piele.","breadcrumb":{"@id":"https:\/\/binaturalproducts.com\/termek\/natur-arclemoso-orvosi-aktiv-szennel\/#breadcrumb"},"inLanguage":"ro-RO","potentialAction":[{"@type":"ReadAction","target":["https:\/\/binaturalproducts.com\/termek\/natur-arclemoso-orvosi-aktiv-szennel\/"]}]},{"@type":"ImageObject","inLanguage":"ro-RO","@id":"https:\/\/binaturalproducts.com\/termek\/natur-arclemoso-orvosi-aktiv-szennel\/#primaryimage","url":"https:\/\/binaturalproducts.com\/wp-content\/uploads\/2021\/08\/arclem-1.jpg","contentUrl":"https:\/\/binaturalproducts.com\/wp-content\/uploads\/2021\/08\/arclem-1.jpg","width":1440,"height":1223,"caption":"Binatural Products - Nat\u00far arclemos\u00f3 orvosi akt\u00edv sz\u00e9nnel"},{"@type":"BreadcrumbList","@id":"https:\/\/binaturalproducts.com\/termek\/natur-arclemoso-orvosi-aktiv-szennel\/#breadcrumb","itemListElement":[{"@type":"ListItem","position":1,"name":"Kezd\u0151lap","item":"https:\/\/binaturalproducts.com\/"},{"@type":"ListItem","position":2,"name":"\u00dczlet","item":"https:\/\/binaturalproducts.com\/uzlet\/"},{"@type":"ListItem","position":3,"name":"Nat\u00far arclemos\u00f3 orvosi akt\u00edv sz\u00e9nnel"}]},{"@type":"WebSite","@id":"https:\/\/binaturalproducts.com\/#website","url":"https:\/\/binaturalproducts.com\/","name":"Binaturalproducts","description":"PRODUSE NATURALE DIN INIMA TRANSILVANIEI","potentialAction":[{"@type":"SearchAction","target":{"@type":"EntryPoint","urlTemplate":"https:\/\/binaturalproducts.com\/?s={search_term_string}"},"query-input":{"@type":"PropertyValueSpecification","valueRequired":true,"valueName":"search_term_string"}}],"inLanguage":"ro-RO"}]}},"_links":{"self":[{"href":"https:\/\/binaturalproducts.com\/ro\/wp-json\/wp\/v2\/product\/351","targetHints":{"allow":["GET"]}}],"collection":[{"href":"https:\/\/binaturalproducts.com\/ro\/wp-json\/wp\/v2\/product"}],"about":[{"href":"https:\/\/binaturalproducts.com\/ro\/wp-json\/wp\/v2\/types\/product"}],"replies":[{"embeddable":true,"href":"https:\/\/binaturalproducts.com\/ro\/wp-json\/wp\/v2\/comments?post=351"}],"wp:featuredmedia":[{"embeddable":true,"href":"https:\/\/binaturalproducts.com\/ro\/wp-json\/wp\/v2\/media\/352"}],"wp:attachment":[{"href":"https:\/\/binaturalproducts.com\/ro\/wp-json\/wp\/v2\/media?parent=351"}],"wp:term":[{"taxonomy":"product_brand","embeddable":true,"href":"https:\/\/binaturalproducts.com\/ro\/wp-json\/wp\/v2\/product_brand?post=351"},{"taxonomy":"product_cat","embeddable":true,"href":"https:\/\/binaturalproducts.com\/ro\/wp-json\/wp\/v2\/product_cat?post=351"},{"taxonomy":"product_tag","embeddable":true,"href":"https:\/\/binaturalproducts.com\/ro\/wp-json\/wp\/v2\/product_tag?post=351"}],"curies":[{"name":"wp","href":"https:\/\/api.w.org\/{rel}","templated":true}]}}