{"id":3429,"date":"2023-06-08T18:09:26","date_gmt":"2023-06-08T16:09:26","guid":{"rendered":"https:\/\/binaturalproducts.com\/?post_type=product&#038;p=3429"},"modified":"2026-01-30T08:32:01","modified_gmt":"2026-01-30T06:32:01","slug":"gel-de-fata-hidratanta-cu-extract-de-macese-spf-25","status":"publish","type":"product","link":"https:\/\/binaturalproducts.com\/ro\/produs\/gel-de-fata-hidratanta-cu-extract-de-macese-spf-25\/","title":{"rendered":"Gel de fa\u021b\u0103 hidratant\u0103 cu extract de m\u0103ce\u0219e SPF 25"},"content":{"rendered":"<div class=\"flex-1 overflow-hidden\">\n<div class=\"react-scroll-to-bottom--css-fnvde-79elbk h-full dark:bg-gray-800\">\n<div class=\"react-scroll-to-bottom--css-fnvde-1n7m0yu\">\n<div class=\"flex flex-col text-sm dark:bg-gray-800\">\n<div class=\"group w-full text-gray-800 dark:text-gray-100 border-b border-black\/10 dark:border-gray-900\/50 bg-gray-50 dark:bg-[#444654]\">\n<div class=\"flex p-4 gap-4 text-base md:gap-6 md:max-w-2xl lg:max-w-[38rem] xl:max-w-3xl md:py-6 lg:px-0 m-auto\">\n<div class=\"relative flex w-[calc(100%-50px)] flex-col gap-1 md:gap-3 lg:w-[calc(100%-115px)]\">\n<div class=\"flex flex-grow flex-col gap-3\">\n<div class=\"flex flex-col items-start gap-4 whitespace-pre-wrap break-words\">\n<div class=\"markdown prose w-full break-words dark:prose-invert light\">\n<p>A term\u00e9szetes f\u00e9nyv\u00e9d\u0151 g\u00e9l-kr\u00e9m\u00fcnk csipkebogy\u00f3 kivonattal \u00e9s SPF 25-\u00f6s v\u00e9delemmel rendelkezik, nem csak hat\u00e9konyan v\u00e9di b\u0151r\u00e9t a nap k\u00e1ros hat\u00e1saival szemben, de tov\u00e1bbi sz\u00e1mos j\u00f3t\u00e9kony \u00f6sszetev\u0151je r\u00e9v\u00e9n seg\u00edt fenntartani a term\u00e9szetes napv\u00e9delem\u00e9t \u00e9s el\u0151seg\u00edti a b\u0151r eg\u00e9szs\u00e9ges ragyog\u00e1s\u00e1t.<\/p>\n<p>Egyed\u00fcl\u00e1ll\u00f3 tulajdons\u00e1ga, hogy sz\u00e9les spektrum\u00fa v\u00e9delmet biztos\u00edt az UV-A \u00e9s UV-B sug\u00e1rz\u00e1sok ellen \u00e1sv\u00e1nyi f\u00e9nyv\u00e9d\u0151vel. Ez biztos\u00edtja, hogy b\u0151re megfelel\u0151 v\u00e9delmet \u00e9lvezzen a napf\u00e9ny k\u00e1ros hat\u00e1saival szemben.<\/p>\n<p>Fontos megjegyezni, hogy a f\u00e9nyv\u00e9d\u0151 g\u00e9l\u00fcnk minden b\u0151rt\u00edpushoz t\u00f6k\u00e9letesen illeszkedik, bele\u00e9rtve az extra \u00e9rz\u00e9keny b\u0151rt \u00e9s a rosace\u00e1ra hajlamos b\u0151rt is. Illatanyagmentes formul\u00e1ja pedig k\u00fcl\u00f6n\u00f6sen ide\u00e1lis azoknak, akik \u00e9rz\u00e9kenyek az illatanyagokra.<\/p>\n<p>Haszn\u00e1lata rendk\u00edv\u00fcl egyszer\u0171: a reggeli rutin r\u00e9szek\u00e9nt alkalmazza az arctiszt\u00edt\u00e1s ut\u00e1n. Egy kis mennyis\u00e9get oszlasson el egyenletesen az arc b\u0151r\u00e9n, majd napk\u00f6zben ism\u00e9telje meg a felvitelt, ha sz\u00fcks\u00e9ges.<\/p>\n<p>\u00d6sszetev\u0151k: k\u00f6r\u00f6mvir\u00e1g olaj, rizs olaj, feketeribizli olaj, csipkebogy\u00f3 kivonat, Q10koenzim, f\u00e9nyv\u00e9d\u0151-amely megfelel az UV-A \u00e9s UV-B sug\u00e1rz\u00e1sokra vonatkoz\u00f3 eur\u00f3pai ir\u00e1nyvonalaknak, r\u00f3zsaviz, buzavir\u00e1gviz, niacinamid, k\u00f3kusztejpor, magn\u00e9zium sztear\u00e1t, n\u00f6v\u00e9nyi emulzifik\u00e1l\u00f3.<\/p>\n<p>A csipkebogy\u00f3 kivonat: k\u00fcl\u00f6nleges tulajdons\u00e1gokkal rendelkezik, amelyek hozz\u00e1j\u00e1rulnak a term\u00e9szetes napv\u00e9delemhez. Gazdag C-vitaminban, antioxid\u00e1nsokban \u00e9s flavonoidokban, amelyek seg\u00edtenek megv\u00e9deni a b\u0151rt az UV-sug\u00e1rz\u00e1s okozta k\u00e1rosod\u00e1sokt\u00f3l. Ezenk\u00edv\u00fcl a csipkebogy\u00f3 kivonat er\u0151s\u00edti a b\u0151r term\u00e9szetes v\u00e9d\u0151r\u00e9teg\u00e9t \u00e9s seg\u00edt meg\u0151rizni annak nedvess\u00e9gtartalm\u00e1t. Ez\u00e1ltal a b\u0151r eg\u00e9szs\u00e9gesebb \u00e9s fiatalosabb megjelen\u00e9st nyer.<\/p>\n<p>A k\u00f6r\u00f6mvir\u00e1g olaj nyugtat\u00f3 \u00e9s gyullad\u00e1scs\u00f6kkent\u0151 hat\u00e1ssal rendelkezik, seg\u00edt enyh\u00edteni a b\u0151rp\u00edrt \u00e9s megnyugtatni az irrit\u00e1lt b\u0151rt.<\/p>\n<p>A rizs olaj m\u00e9lyen hidrat\u00e1lja \u00e9s t\u00e1pl\u00e1lja a b\u0151rt, el\u0151seg\u00edtve annak rugalmass\u00e1g\u00e1t \u00e9s simas\u00e1g\u00e1t.<\/p>\n<p>A feketeribizli olaj gazdag antioxid\u00e1nsokban \u00e9s omega-3 zs\u00edrsavakban, amelyek seg\u00edtik a b\u0151r regener\u00e1l\u00f3d\u00e1s\u00e1t \u00e9s v\u00e9delm\u00e9t.<\/p>\n<p>A Q10-koenzim serkenti a kollag\u00e9n termel\u00e9s\u00e9t, \u00edgy feszesebb\u00e9 teszi a b\u0151rt \u00e9s cs\u00f6kkenti a r\u00e1ncok megjelen\u00e9s\u00e9t.<\/p>\n<p>Ezenk\u00edv\u00fcl a kr\u00e9m\u00fcnkben tal\u00e1lhat\u00f3 r\u00f3zsav\u00edz \u00e9s buzavir\u00e1gv\u00edz nyugtat\u00f3 \u00e9s hidrat\u00e1l\u00f3 hat\u00e1ssal b\u00edr, seg\u00edtve a b\u0151r egyenletesebb \u00e9s eg\u00e9szs\u00e9gesebb megjelen\u00e9s\u00e9t.<\/p>\n<p>A niacinamid seg\u00edt cs\u00f6kkenteni a barna foltokat \u00e9s a b\u0151rp\u00edrt, mik\u00f6zben jav\u00edtja a b\u0151r text\u00far\u00e1j\u00e1t \u00e9s feszess\u00e9g\u00e9t.<\/p>\n<p>A k\u00f3kusztejpor hidrat\u00e1lja \u00e9s t\u00e1pl\u00e1lja a b\u0151rt, mik\u00f6zben enyh\u00edti a sz\u00e1razs\u00e1got \u00e9s irrit\u00e1ci\u00f3t.<\/p>\n<p>A magn\u00e9zium sztear\u00e1t pedig seg\u00edt a kr\u00e9m k\u00f6nny\u0171 felvitel\u00e9ben \u00e9s a text\u00fara stabiliz\u00e1l\u00e1s\u00e1ban.<\/p>\n<p>&nbsp;<\/p>\n<p>Fedezze fel a term\u00e9szetes f\u00e9nyv\u00e9d\u0151 kr\u00e9m\u00fcnk minden el\u0151ny\u00e9t, amely \u00e1ltal hat\u00e9konyan v\u00e9di b\u0151r\u00e9t a nap k\u00e1ros hat\u00e1saival szemben. Tapasztalja meg a l\u00e1that\u00f3an egyenletesebb b\u0151rsz\u00ednt, a kevesebb r\u00e1ncot \u00e9s a fiatalosan eg\u00e9szs\u00e9ges ragyog\u00e1st az arcb\u0151r\u00e9n.<\/p>\n<\/div>\n<\/div>\n<\/div>\n<p>&nbsp;<\/p>\n<\/div>\n<\/div>\n<\/div>\n<\/div>\n<\/div>\n<\/div>\n<\/div>\n<p>INCI: Glycine Soja Oil, Calendula Officinalis Flower Extract, Tocopherol, Oryza Sativa Bran Oil, Ribes Nigrum Seed Oil,Rosa Canina Fruit Extract, Rosmarinus Officinalis Leaf Extract, Squalane, Tocopheryl Acetate, Ubiquinone, Titanium Dioxide, Aqua, Polyglyceryl-2 Caprate, Sucrose Stearate, Simmondsia Chinensis Seed Oil, Stearic Acid, Alumina, Glyceryl Caprylate, Squalane, Rosa Damascena Flower Water,Centaurea Cyanus Flower Water,Niacinamide,Cocos Nucifera Fruit Extract, Maltodextrin, Sodium Caseinate,Magnesium Stearate.Benzyl Alcohol.<\/p>\n<p>e 30 ml<\/p>\n","protected":false},"excerpt":{"rendered":"<p>V\u0103 prezent\u0103m crema noastr\u0103 de protec\u021bie solar\u0103 natural\u0103, care con\u021bine extract de m\u0103cese \u0219i ofer\u0103 protec\u021bie SPF 25<\/p>","protected":false},"featured_media":3452,"comment_status":"open","ping_status":"closed","template":"","meta":[],"product_brand":[],"product_cat":[45,41,15],"product_tag":[],"class_list":{"0":"post-3429","1":"product","2":"type-product","3":"status-publish","4":"has-post-thumbnail","6":"product_cat-osszes","7":"product_cat-arcapolas","8":"product_cat-egyeb","10":"first","11":"instock","12":"shipping-taxable","13":"purchasable","14":"product-type-simple"},"yoast_head":"<!-- This site is optimized with the Yoast SEO plugin v27.4 - https:\/\/yoast.com\/product\/yoast-seo-wordpress\/ -->\n<title>F\u00e9nyv\u00e9d\u0151 arcg\u00e9l -SPF25- Csipkebogy\u00f3 kivonattal - Binaturalproducts<\/title>\n<meta name=\"robots\" content=\"index, follow, max-snippet:-1, max-image-preview:large, max-video-preview:-1\" \/>\n<link rel=\"canonical\" href=\"https:\/\/binaturalproducts.com\/ro\/produs\/gel-de-fata-hidratanta-cu-extract-de-macese-spf-25\/\" \/>\n<meta property=\"og:locale\" content=\"ro_RO\" \/>\n<meta property=\"og:type\" content=\"article\" \/>\n<meta property=\"og:title\" content=\"F\u00e9nyv\u00e9d\u0151 arcg\u00e9l -SPF25- Csipkebogy\u00f3 kivonattal - Binaturalproducts\" \/>\n<meta property=\"og:description\" content=\"A term\u00e9szetes f\u00e9nyv\u00e9d\u0151 g\u00e9l-kr\u00e9m\u00fcnk csipkebogy\u00f3 kivonattal \u00e9s SPF 25-\u00f6s v\u00e9delemmel rendelkezik.\" \/>\n<meta property=\"og:url\" content=\"https:\/\/binaturalproducts.com\/ro\/produs\/gel-de-fata-hidratanta-cu-extract-de-macese-spf-25\/\" \/>\n<meta property=\"og:site_name\" content=\"Binaturalproducts\" \/>\n<meta property=\"article:modified_time\" content=\"2026-01-30T06:32:01+00:00\" \/>\n<meta property=\"og:image\" content=\"https:\/\/binaturalproducts.com\/wp-content\/uploads\/2023\/06\/IMG_20230614_230307.jpg\" \/>\n\t<meta property=\"og:image:width\" content=\"1543\" \/>\n\t<meta property=\"og:image:height\" content=\"1920\" \/>\n\t<meta property=\"og:image:type\" content=\"image\/jpeg\" \/>\n<meta name=\"twitter:card\" content=\"summary_large_image\" \/>\n<meta name=\"twitter:label1\" content=\"Timp estimat pentru citire\" \/>\n\t<meta name=\"twitter:data1\" content=\"3 minute\" \/>\n<script type=\"application\/ld+json\" class=\"yoast-schema-graph\">{\"@context\":\"https:\\\/\\\/schema.org\",\"@graph\":[{\"@type\":\"WebPage\",\"@id\":\"https:\\\/\\\/binaturalproducts.com\\\/termek\\\/fenyvedo-arcgel-spf25-csipkebogyo-kivonattal\\\/\",\"url\":\"https:\\\/\\\/binaturalproducts.com\\\/termek\\\/fenyvedo-arcgel-spf25-csipkebogyo-kivonattal\\\/\",\"name\":\"F\u00e9nyv\u00e9d\u0151 arcg\u00e9l -SPF25- Csipkebogy\u00f3 kivonattal - Binaturalproducts\",\"isPartOf\":{\"@id\":\"https:\\\/\\\/binaturalproducts.com\\\/#website\"},\"primaryImageOfPage\":{\"@id\":\"https:\\\/\\\/binaturalproducts.com\\\/termek\\\/fenyvedo-arcgel-spf25-csipkebogyo-kivonattal\\\/#primaryimage\"},\"image\":{\"@id\":\"https:\\\/\\\/binaturalproducts.com\\\/termek\\\/fenyvedo-arcgel-spf25-csipkebogyo-kivonattal\\\/#primaryimage\"},\"thumbnailUrl\":\"https:\\\/\\\/binaturalproducts.com\\\/wp-content\\\/uploads\\\/2023\\\/06\\\/IMG_20230614_230307.jpg\",\"datePublished\":\"2023-06-08T16:09:26+00:00\",\"dateModified\":\"2026-01-30T06:32:01+00:00\",\"breadcrumb\":{\"@id\":\"https:\\\/\\\/binaturalproducts.com\\\/termek\\\/fenyvedo-arcgel-spf25-csipkebogyo-kivonattal\\\/#breadcrumb\"},\"inLanguage\":\"ro-RO\",\"potentialAction\":[{\"@type\":\"ReadAction\",\"target\":[\"https:\\\/\\\/binaturalproducts.com\\\/termek\\\/fenyvedo-arcgel-spf25-csipkebogyo-kivonattal\\\/\"]}]},{\"@type\":\"ImageObject\",\"inLanguage\":\"ro-RO\",\"@id\":\"https:\\\/\\\/binaturalproducts.com\\\/termek\\\/fenyvedo-arcgel-spf25-csipkebogyo-kivonattal\\\/#primaryimage\",\"url\":\"https:\\\/\\\/binaturalproducts.com\\\/wp-content\\\/uploads\\\/2023\\\/06\\\/IMG_20230614_230307.jpg\",\"contentUrl\":\"https:\\\/\\\/binaturalproducts.com\\\/wp-content\\\/uploads\\\/2023\\\/06\\\/IMG_20230614_230307.jpg\",\"width\":1543,\"height\":1920},{\"@type\":\"BreadcrumbList\",\"@id\":\"https:\\\/\\\/binaturalproducts.com\\\/termek\\\/fenyvedo-arcgel-spf25-csipkebogyo-kivonattal\\\/#breadcrumb\",\"itemListElement\":[{\"@type\":\"ListItem\",\"position\":1,\"name\":\"Kezd\u0151lap\",\"item\":\"https:\\\/\\\/binaturalproducts.com\\\/\"},{\"@type\":\"ListItem\",\"position\":2,\"name\":\"\u00dczlet\",\"item\":\"https:\\\/\\\/binaturalproducts.com\\\/uzlet\\\/\"},{\"@type\":\"ListItem\",\"position\":3,\"name\":\"F\u00e9nyv\u00e9d\u0151 arcg\u00e9l -SPF25- Csipkebogy\u00f3 kivonattal\"}]},{\"@type\":\"WebSite\",\"@id\":\"https:\\\/\\\/binaturalproducts.com\\\/#website\",\"url\":\"https:\\\/\\\/binaturalproducts.com\\\/\",\"name\":\"Binaturalproducts\",\"description\":\"Nat\u00far term\u00e9kek Erd\u00e9ly sz\u00edv\u00e9b\u0151l\",\"potentialAction\":[{\"@type\":\"SearchAction\",\"target\":{\"@type\":\"EntryPoint\",\"urlTemplate\":\"https:\\\/\\\/binaturalproducts.com\\\/?s={search_term_string}\"},\"query-input\":{\"@type\":\"PropertyValueSpecification\",\"valueRequired\":true,\"valueName\":\"search_term_string\"}}],\"inLanguage\":\"ro-RO\"}]}<\/script>\n<!-- \/ Yoast SEO plugin. -->","yoast_head_json":{"title":"F\u00e9nyv\u00e9d\u0151 arcg\u00e9l -SPF25- Csipkebogy\u00f3 kivonattal - Binaturalproducts","robots":{"index":"index","follow":"follow","max-snippet":"max-snippet:-1","max-image-preview":"max-image-preview:large","max-video-preview":"max-video-preview:-1"},"canonical":"https:\/\/binaturalproducts.com\/ro\/produs\/gel-de-fata-hidratanta-cu-extract-de-macese-spf-25\/","og_locale":"ro_RO","og_type":"article","og_title":"F\u00e9nyv\u00e9d\u0151 arcg\u00e9l -SPF25- Csipkebogy\u00f3 kivonattal - Binaturalproducts","og_description":"A term\u00e9szetes f\u00e9nyv\u00e9d\u0151 g\u00e9l-kr\u00e9m\u00fcnk csipkebogy\u00f3 kivonattal \u00e9s SPF 25-\u00f6s v\u00e9delemmel rendelkezik.","og_url":"https:\/\/binaturalproducts.com\/ro\/produs\/gel-de-fata-hidratanta-cu-extract-de-macese-spf-25\/","og_site_name":"Binaturalproducts","article_modified_time":"2026-01-30T06:32:01+00:00","og_image":[{"width":1543,"height":1920,"url":"https:\/\/binaturalproducts.com\/wp-content\/uploads\/2023\/06\/IMG_20230614_230307.jpg","type":"image\/jpeg"}],"twitter_card":"summary_large_image","twitter_misc":{"Timp estimat pentru citire":"3 minute"},"schema":{"@context":"https:\/\/schema.org","@graph":[{"@type":"WebPage","@id":"https:\/\/binaturalproducts.com\/termek\/fenyvedo-arcgel-spf25-csipkebogyo-kivonattal\/","url":"https:\/\/binaturalproducts.com\/termek\/fenyvedo-arcgel-spf25-csipkebogyo-kivonattal\/","name":"F\u00e9nyv\u00e9d\u0151 arcg\u00e9l -SPF25- Csipkebogy\u00f3 kivonattal - Binaturalproducts","isPartOf":{"@id":"https:\/\/binaturalproducts.com\/#website"},"primaryImageOfPage":{"@id":"https:\/\/binaturalproducts.com\/termek\/fenyvedo-arcgel-spf25-csipkebogyo-kivonattal\/#primaryimage"},"image":{"@id":"https:\/\/binaturalproducts.com\/termek\/fenyvedo-arcgel-spf25-csipkebogyo-kivonattal\/#primaryimage"},"thumbnailUrl":"https:\/\/binaturalproducts.com\/wp-content\/uploads\/2023\/06\/IMG_20230614_230307.jpg","datePublished":"2023-06-08T16:09:26+00:00","dateModified":"2026-01-30T06:32:01+00:00","breadcrumb":{"@id":"https:\/\/binaturalproducts.com\/termek\/fenyvedo-arcgel-spf25-csipkebogyo-kivonattal\/#breadcrumb"},"inLanguage":"ro-RO","potentialAction":[{"@type":"ReadAction","target":["https:\/\/binaturalproducts.com\/termek\/fenyvedo-arcgel-spf25-csipkebogyo-kivonattal\/"]}]},{"@type":"ImageObject","inLanguage":"ro-RO","@id":"https:\/\/binaturalproducts.com\/termek\/fenyvedo-arcgel-spf25-csipkebogyo-kivonattal\/#primaryimage","url":"https:\/\/binaturalproducts.com\/wp-content\/uploads\/2023\/06\/IMG_20230614_230307.jpg","contentUrl":"https:\/\/binaturalproducts.com\/wp-content\/uploads\/2023\/06\/IMG_20230614_230307.jpg","width":1543,"height":1920},{"@type":"BreadcrumbList","@id":"https:\/\/binaturalproducts.com\/termek\/fenyvedo-arcgel-spf25-csipkebogyo-kivonattal\/#breadcrumb","itemListElement":[{"@type":"ListItem","position":1,"name":"Kezd\u0151lap","item":"https:\/\/binaturalproducts.com\/"},{"@type":"ListItem","position":2,"name":"\u00dczlet","item":"https:\/\/binaturalproducts.com\/uzlet\/"},{"@type":"ListItem","position":3,"name":"F\u00e9nyv\u00e9d\u0151 arcg\u00e9l -SPF25- Csipkebogy\u00f3 kivonattal"}]},{"@type":"WebSite","@id":"https:\/\/binaturalproducts.com\/#website","url":"https:\/\/binaturalproducts.com\/","name":"Binaturalproducts","description":"PRODUSE NATURALE DIN INIMA TRANSILVANIEI","potentialAction":[{"@type":"SearchAction","target":{"@type":"EntryPoint","urlTemplate":"https:\/\/binaturalproducts.com\/?s={search_term_string}"},"query-input":{"@type":"PropertyValueSpecification","valueRequired":true,"valueName":"search_term_string"}}],"inLanguage":"ro-RO"}]}},"_links":{"self":[{"href":"https:\/\/binaturalproducts.com\/ro\/wp-json\/wp\/v2\/product\/3429","targetHints":{"allow":["GET"]}}],"collection":[{"href":"https:\/\/binaturalproducts.com\/ro\/wp-json\/wp\/v2\/product"}],"about":[{"href":"https:\/\/binaturalproducts.com\/ro\/wp-json\/wp\/v2\/types\/product"}],"replies":[{"embeddable":true,"href":"https:\/\/binaturalproducts.com\/ro\/wp-json\/wp\/v2\/comments?post=3429"}],"wp:featuredmedia":[{"embeddable":true,"href":"https:\/\/binaturalproducts.com\/ro\/wp-json\/wp\/v2\/media\/3452"}],"wp:attachment":[{"href":"https:\/\/binaturalproducts.com\/ro\/wp-json\/wp\/v2\/media?parent=3429"}],"wp:term":[{"taxonomy":"product_brand","embeddable":true,"href":"https:\/\/binaturalproducts.com\/ro\/wp-json\/wp\/v2\/product_brand?post=3429"},{"taxonomy":"product_cat","embeddable":true,"href":"https:\/\/binaturalproducts.com\/ro\/wp-json\/wp\/v2\/product_cat?post=3429"},{"taxonomy":"product_tag","embeddable":true,"href":"https:\/\/binaturalproducts.com\/ro\/wp-json\/wp\/v2\/product_tag?post=3429"}],"curies":[{"name":"wp","href":"https:\/\/api.w.org\/{rel}","templated":true}]}}