{"id":3423,"date":"2023-06-07T23:51:48","date_gmt":"2023-06-07T21:51:48","guid":{"rendered":"https:\/\/binaturalproducts.com\/?post_type=product&#038;p=3423"},"modified":"2026-04-21T17:44:28","modified_gmt":"2026-04-21T15:44:28","slug":"sminklemoso-balzsam-barackmag-olajjal","status":"publish","type":"product","link":"https:\/\/binaturalproducts.com\/ro\/produs\/sminklemoso-balzsam-barackmag-olajjal\/","title":{"rendered":"Balsam demachiant cu ulei de s\u00e2mburi de caise"},"content":{"rendered":"<p>Descoper\u0103 noul nostru \u0219i inovativ balsam demachiant, recomandat \u00een mod special pentru orice tip de piele!<\/p>\n<p>Acest produs ofer\u0103 o solu\u021bie comod\u0103 \u0219i eficient\u0103 pentru \u00eendep\u0103rtarea machiajului, \u00een timp ce \u00eengrije\u0219te hidratarea pielii tale.<\/p>\n<p><strong>Mod de folosire<\/strong> Utilizarea sa este extrem de simpl\u0103: aplic\u0103 o cantitate mic\u0103 pe zona pe care vrei s\u0103 o cure\u021bi, folosind o dischet\u0103 demachiant\u0103 umed\u0103 sau un tampon de bumbac, apoi maseaz\u0103 u\u0219or pielea.La final, cl\u0103te\u0219te cu ap\u0103 c\u0103ldu\u021b\u0103 \u0219i bucur\u0103-te de o senza\u021bie de cur\u0103\u021benie \u0219i prospe\u021bime.<\/p>\n<p>Ingredientele cheie ale formulei noastre unice lucreaz\u0103 \u00een armonie perfect\u0103 pentru a oferi cele mai bune rezultate pentru pielea ta.<\/p>\n<p>S\u0103 le examin\u0103m mai detaliat \u0219i s\u0103 vedem ce beneficii aduc:<\/p>\n<ol>\n<li><strong>Ulei de s\u00e2mburi de cais\u0103:<\/strong>Acest ingredient este bogat \u00een vitamina E \u0219i acizi gra\u0219i esen\u021biali, care ajut\u0103 la men\u021binerea hidrat\u0103rii \u0219i elasticit\u0103\u021bii pielii. De asemenea, are propriet\u0103\u021bi calmante \u0219i antiinflamatorii, ajut\u00e2nd astfel la reducerea ro\u0219e\u021bii \u0219i a irita\u021biei pielii.<\/li>\n<li><strong>Ulei de g\u0103lbenele:<\/strong> Uleiul de g\u0103lbenele are propriet\u0103\u021bi antiinflamatorii, antimicrobiene \u0219i de vindecare a r\u0103nilor. Acest ingredient natural ajut\u0103 la reducerea irita\u021biei pielii, promoveaz\u0103 vindecarea r\u0103nilor \u0219i contribuie la men\u021binerea echilibrului natural al pielii.<\/li>\n<li><strong>Vitamina E:<\/strong> Vitamina E are propriet\u0103\u021bi antioxidante puternice, care ajut\u0103 la protejarea pielii \u00eempotriva radicalilor liberi nocivi. Astfel, contribuie la regenerarea pielii \u0219i contribuie la men\u021binerea unui aspect t\u00e2n\u0103r al pielii. De asemenea, are efect hidratant, ajut\u00e2nd la men\u021binerea catifel\u0103\u021bii \u0219i a suple\u021bei pielii.<\/li>\n<li><strong>Emulgator vegetal<\/strong> - ingredient multifunc\u021bional auto-emulsionant: Acest ingredient special este chimic similar cu compozi\u021bia lipidic\u0103 a pielii, ceea ce \u00eel face s\u0103 se lege excelent de piele. Creeaz\u0103 structuri cristaline lichide care imit\u0103 stratul de cornee, permi\u021b\u00e2nd ingredientelor solubile \u00een ap\u0103 s\u0103 p\u0103trund\u0103 eficient \u00een epiderm\u0103. De asemenea, hidrateaz\u0103 \u00een profunzime pielea, revitaliz\u00e2nd-o \u0219i transform\u00e2nd-o \u00eentr-o piele catifelat\u0103.<\/li>\n<\/ol>\n<p>.<\/p>\n<p>&nbsp;<\/p>\n<p>e 30 ml<\/p>\n<p>&nbsp;<\/p>","protected":false},"excerpt":{"rendered":"<p>Descoper\u0103 noul nostru \u0219i inovativ balsam demachiant, recomandat \u00een mod special pentru orice tip de piele!<\/p>\n<p>Acest produs ofer\u0103 o solu\u021bie comod\u0103 \u0219i eficient\u0103 pentru \u00eendep\u0103rtarea machiajului, \u00een timp ce \u00eengrije\u0219te hidratarea pielii tale.<\/p>\n<p>&nbsp;<\/p>","protected":false},"featured_media":3424,"comment_status":"open","ping_status":"closed","template":"","meta":[],"product_brand":[],"product_cat":[27,41],"product_tag":[],"class_list":{"0":"post-3423","1":"product","2":"type-product","3":"status-publish","4":"has-post-thumbnail","6":"product_cat-higienia","7":"product_cat-arcapolas","9":"first","10":"instock","11":"sale","12":"shipping-taxable","13":"purchasable","14":"product-type-simple"},"yoast_head":"<!-- This site is optimized with the Yoast SEO plugin v27.4 - https:\/\/yoast.com\/product\/yoast-seo-wordpress\/ -->\n<title>Sminklemos\u00f3 balzsam barackmag olajjal - Binaturalproducts<\/title>\n<meta name=\"robots\" content=\"index, follow, max-snippet:-1, max-image-preview:large, max-video-preview:-1\" \/>\n<link rel=\"canonical\" href=\"https:\/\/binaturalproducts.com\/ro\/produs\/sminklemoso-balzsam-barackmag-olajjal\/\" \/>\n<meta property=\"og:locale\" content=\"ro_RO\" \/>\n<meta property=\"og:type\" content=\"article\" \/>\n<meta property=\"og:title\" content=\"Sminklemos\u00f3 balzsam barackmag olajjal - Binaturalproducts\" \/>\n<meta property=\"og:description\" content=\"Fedezd fel az \u00faj \u00e9s innovat\u00edv sminklemos\u00f3 balzsamunkat, amely\u00a0 b\u00e1rmilyen t\u00edpus\u00fa b\u0151rre aj\u00e1nlott!  Ez a term\u00e9k k\u00e9nyelmes \u00e9s hat\u00e9kony megold\u00e1st k\u00edn\u00e1l a smink elt\u00e1vol\u00edt\u00e1s\u00e1ra, mik\u00f6zben gondoskodik a b\u0151r\u00f6d hidrat\u00e1l\u00e1s\u00e1r\u00f3l is.  &nbsp;\" \/>\n<meta property=\"og:url\" content=\"https:\/\/binaturalproducts.com\/ro\/produs\/sminklemoso-balzsam-barackmag-olajjal\/\" \/>\n<meta property=\"og:site_name\" content=\"Binaturalproducts\" \/>\n<meta property=\"article:modified_time\" content=\"2026-04-21T15:44:28+00:00\" \/>\n<meta property=\"og:image\" content=\"https:\/\/binaturalproducts.com\/wp-content\/uploads\/2023\/06\/IMG_20230607_234842-scaled.jpg\" \/>\n\t<meta property=\"og:image:width\" content=\"2560\" \/>\n\t<meta property=\"og:image:height\" content=\"2236\" \/>\n\t<meta property=\"og:image:type\" content=\"image\/jpeg\" \/>\n<meta name=\"twitter:card\" content=\"summary_large_image\" \/>\n<meta name=\"twitter:label1\" content=\"Timp estimat pentru citire\" \/>\n\t<meta name=\"twitter:data1\" content=\"2 minute\" \/>\n<script type=\"application\/ld+json\" class=\"yoast-schema-graph\">{\"@context\":\"https:\\\/\\\/schema.org\",\"@graph\":[{\"@type\":\"WebPage\",\"@id\":\"https:\\\/\\\/binaturalproducts.com\\\/termek\\\/sminklemoso-balzsam-barackmag-olajjal\\\/\",\"url\":\"https:\\\/\\\/binaturalproducts.com\\\/termek\\\/sminklemoso-balzsam-barackmag-olajjal\\\/\",\"name\":\"Sminklemos\u00f3 balzsam barackmag olajjal - Binaturalproducts\",\"isPartOf\":{\"@id\":\"https:\\\/\\\/binaturalproducts.com\\\/#website\"},\"primaryImageOfPage\":{\"@id\":\"https:\\\/\\\/binaturalproducts.com\\\/termek\\\/sminklemoso-balzsam-barackmag-olajjal\\\/#primaryimage\"},\"image\":{\"@id\":\"https:\\\/\\\/binaturalproducts.com\\\/termek\\\/sminklemoso-balzsam-barackmag-olajjal\\\/#primaryimage\"},\"thumbnailUrl\":\"https:\\\/\\\/binaturalproducts.com\\\/wp-content\\\/uploads\\\/2023\\\/06\\\/IMG_20230607_234842-scaled.jpg\",\"datePublished\":\"2023-06-07T21:51:48+00:00\",\"dateModified\":\"2026-04-21T15:44:28+00:00\",\"breadcrumb\":{\"@id\":\"https:\\\/\\\/binaturalproducts.com\\\/termek\\\/sminklemoso-balzsam-barackmag-olajjal\\\/#breadcrumb\"},\"inLanguage\":\"ro-RO\",\"potentialAction\":[{\"@type\":\"ReadAction\",\"target\":[\"https:\\\/\\\/binaturalproducts.com\\\/termek\\\/sminklemoso-balzsam-barackmag-olajjal\\\/\"]}]},{\"@type\":\"ImageObject\",\"inLanguage\":\"ro-RO\",\"@id\":\"https:\\\/\\\/binaturalproducts.com\\\/termek\\\/sminklemoso-balzsam-barackmag-olajjal\\\/#primaryimage\",\"url\":\"https:\\\/\\\/binaturalproducts.com\\\/wp-content\\\/uploads\\\/2023\\\/06\\\/IMG_20230607_234842-scaled.jpg\",\"contentUrl\":\"https:\\\/\\\/binaturalproducts.com\\\/wp-content\\\/uploads\\\/2023\\\/06\\\/IMG_20230607_234842-scaled.jpg\",\"width\":2560,\"height\":2236},{\"@type\":\"BreadcrumbList\",\"@id\":\"https:\\\/\\\/binaturalproducts.com\\\/termek\\\/sminklemoso-balzsam-barackmag-olajjal\\\/#breadcrumb\",\"itemListElement\":[{\"@type\":\"ListItem\",\"position\":1,\"name\":\"Kezd\u0151lap\",\"item\":\"https:\\\/\\\/binaturalproducts.com\\\/\"},{\"@type\":\"ListItem\",\"position\":2,\"name\":\"\u00dczlet\",\"item\":\"https:\\\/\\\/binaturalproducts.com\\\/uzlet\\\/\"},{\"@type\":\"ListItem\",\"position\":3,\"name\":\"Sminklemos\u00f3 balzsam barackmag olajjal\"}]},{\"@type\":\"WebSite\",\"@id\":\"https:\\\/\\\/binaturalproducts.com\\\/#website\",\"url\":\"https:\\\/\\\/binaturalproducts.com\\\/\",\"name\":\"Binaturalproducts\",\"description\":\"Nat\u00far term\u00e9kek Erd\u00e9ly sz\u00edv\u00e9b\u0151l\",\"potentialAction\":[{\"@type\":\"SearchAction\",\"target\":{\"@type\":\"EntryPoint\",\"urlTemplate\":\"https:\\\/\\\/binaturalproducts.com\\\/?s={search_term_string}\"},\"query-input\":{\"@type\":\"PropertyValueSpecification\",\"valueRequired\":true,\"valueName\":\"search_term_string\"}}],\"inLanguage\":\"ro-RO\"}]}<\/script>\n<!-- \/ Yoast SEO plugin. -->","yoast_head_json":{"title":"Sminklemos\u00f3 balzsam barackmag olajjal - Binaturalproducts","robots":{"index":"index","follow":"follow","max-snippet":"max-snippet:-1","max-image-preview":"max-image-preview:large","max-video-preview":"max-video-preview:-1"},"canonical":"https:\/\/binaturalproducts.com\/ro\/produs\/sminklemoso-balzsam-barackmag-olajjal\/","og_locale":"ro_RO","og_type":"article","og_title":"Sminklemos\u00f3 balzsam barackmag olajjal - Binaturalproducts","og_description":"Fedezd fel az \u00faj \u00e9s innovat\u00edv sminklemos\u00f3 balzsamunkat, amely\u00a0 b\u00e1rmilyen t\u00edpus\u00fa b\u0151rre aj\u00e1nlott!  Ez a term\u00e9k k\u00e9nyelmes \u00e9s hat\u00e9kony megold\u00e1st k\u00edn\u00e1l a smink elt\u00e1vol\u00edt\u00e1s\u00e1ra, mik\u00f6zben gondoskodik a b\u0151r\u00f6d hidrat\u00e1l\u00e1s\u00e1r\u00f3l is.  &nbsp;","og_url":"https:\/\/binaturalproducts.com\/ro\/produs\/sminklemoso-balzsam-barackmag-olajjal\/","og_site_name":"Binaturalproducts","article_modified_time":"2026-04-21T15:44:28+00:00","og_image":[{"width":2560,"height":2236,"url":"https:\/\/binaturalproducts.com\/wp-content\/uploads\/2023\/06\/IMG_20230607_234842-scaled.jpg","type":"image\/jpeg"}],"twitter_card":"summary_large_image","twitter_misc":{"Timp estimat pentru citire":"2 minute"},"schema":{"@context":"https:\/\/schema.org","@graph":[{"@type":"WebPage","@id":"https:\/\/binaturalproducts.com\/termek\/sminklemoso-balzsam-barackmag-olajjal\/","url":"https:\/\/binaturalproducts.com\/termek\/sminklemoso-balzsam-barackmag-olajjal\/","name":"Sminklemos\u00f3 balzsam barackmag olajjal - Binaturalproducts","isPartOf":{"@id":"https:\/\/binaturalproducts.com\/#website"},"primaryImageOfPage":{"@id":"https:\/\/binaturalproducts.com\/termek\/sminklemoso-balzsam-barackmag-olajjal\/#primaryimage"},"image":{"@id":"https:\/\/binaturalproducts.com\/termek\/sminklemoso-balzsam-barackmag-olajjal\/#primaryimage"},"thumbnailUrl":"https:\/\/binaturalproducts.com\/wp-content\/uploads\/2023\/06\/IMG_20230607_234842-scaled.jpg","datePublished":"2023-06-07T21:51:48+00:00","dateModified":"2026-04-21T15:44:28+00:00","breadcrumb":{"@id":"https:\/\/binaturalproducts.com\/termek\/sminklemoso-balzsam-barackmag-olajjal\/#breadcrumb"},"inLanguage":"ro-RO","potentialAction":[{"@type":"ReadAction","target":["https:\/\/binaturalproducts.com\/termek\/sminklemoso-balzsam-barackmag-olajjal\/"]}]},{"@type":"ImageObject","inLanguage":"ro-RO","@id":"https:\/\/binaturalproducts.com\/termek\/sminklemoso-balzsam-barackmag-olajjal\/#primaryimage","url":"https:\/\/binaturalproducts.com\/wp-content\/uploads\/2023\/06\/IMG_20230607_234842-scaled.jpg","contentUrl":"https:\/\/binaturalproducts.com\/wp-content\/uploads\/2023\/06\/IMG_20230607_234842-scaled.jpg","width":2560,"height":2236},{"@type":"BreadcrumbList","@id":"https:\/\/binaturalproducts.com\/termek\/sminklemoso-balzsam-barackmag-olajjal\/#breadcrumb","itemListElement":[{"@type":"ListItem","position":1,"name":"Kezd\u0151lap","item":"https:\/\/binaturalproducts.com\/"},{"@type":"ListItem","position":2,"name":"\u00dczlet","item":"https:\/\/binaturalproducts.com\/uzlet\/"},{"@type":"ListItem","position":3,"name":"Sminklemos\u00f3 balzsam barackmag olajjal"}]},{"@type":"WebSite","@id":"https:\/\/binaturalproducts.com\/#website","url":"https:\/\/binaturalproducts.com\/","name":"Binaturalproducts","description":"PRODUSE NATURALE DIN INIMA TRANSILVANIEI","potentialAction":[{"@type":"SearchAction","target":{"@type":"EntryPoint","urlTemplate":"https:\/\/binaturalproducts.com\/?s={search_term_string}"},"query-input":{"@type":"PropertyValueSpecification","valueRequired":true,"valueName":"search_term_string"}}],"inLanguage":"ro-RO"}]}},"_links":{"self":[{"href":"https:\/\/binaturalproducts.com\/ro\/wp-json\/wp\/v2\/product\/3423","targetHints":{"allow":["GET"]}}],"collection":[{"href":"https:\/\/binaturalproducts.com\/ro\/wp-json\/wp\/v2\/product"}],"about":[{"href":"https:\/\/binaturalproducts.com\/ro\/wp-json\/wp\/v2\/types\/product"}],"replies":[{"embeddable":true,"href":"https:\/\/binaturalproducts.com\/ro\/wp-json\/wp\/v2\/comments?post=3423"}],"wp:featuredmedia":[{"embeddable":true,"href":"https:\/\/binaturalproducts.com\/ro\/wp-json\/wp\/v2\/media\/3424"}],"wp:attachment":[{"href":"https:\/\/binaturalproducts.com\/ro\/wp-json\/wp\/v2\/media?parent=3423"}],"wp:term":[{"taxonomy":"product_brand","embeddable":true,"href":"https:\/\/binaturalproducts.com\/ro\/wp-json\/wp\/v2\/product_brand?post=3423"},{"taxonomy":"product_cat","embeddable":true,"href":"https:\/\/binaturalproducts.com\/ro\/wp-json\/wp\/v2\/product_cat?post=3423"},{"taxonomy":"product_tag","embeddable":true,"href":"https:\/\/binaturalproducts.com\/ro\/wp-json\/wp\/v2\/product_tag?post=3423"}],"curies":[{"name":"wp","href":"https:\/\/api.w.org\/{rel}","templated":true}]}}